{"id":54989,"date":"2026-04-15T09:58:24","date_gmt":"2026-04-15T07:58:24","guid":{"rendered":"https:\/\/ironsky.pl\/sklep\/produkt\/plan-ochrony-dji-care-refresh-spark-plan-roczny\/"},"modified":"2026-04-15T10:41:04","modified_gmt":"2026-04-15T08:41:04","slug":"plan-ochrony-dji-care-refresh-spark-plan-roczny","status":"publish","type":"product","link":"https:\/\/ironsky.pl\/sklep\/produkt\/plan-ochrony-dji-care-refresh-spark-plan-roczny\/","title":{"rendered":"Plan ochrony DJI Care Refresh Spark (plan roczny)"},"content":{"rendered":"<h3>DJI Care Refresh Spark<\/h3>\n<p>DJI Care Referesh to kompleksowe 12 miesi\u0119czne ubezpieczenie oferowane przez DJI na swoje nowe produkty, dzi\u0119ki kt\u00f3remu nie musisz si\u0119 martwi\u0107 o bezpiecze\u0144stwo swojego drona podczas lotu. W przypadku kolizji za niewielk\u0105 op\u0142at\u0105 (229 PLN za pierwsz\u0105 wymian\u0119 i 319 PLN za drug\u0105 wymian\u0119) czeka na ciebie nowe urz\u0105dzenie lub w stanie nie nosz\u0105cym \u015blad\u00f3w u\u017cytkowania.<\/p>\n<p><img decoding=\"async\" src=\"https:\/\/b2b.innpro.pl\/data\/include\/cms\/.jpg\" alt=\"\"><\/p>\n<div style=\"text-align: center;\" class=\"iai_bottom\"><span style=\"font-size: 12pt; color: #333333;\"><span style=\"font-size: 12pt; color: #333333;\"><\/p>\n<p><img decoding=\"async\" style=\"display: block; margin-left: auto; margin-right: auto;\" src=\"\/data\/include\/cms\/2Szymon\/Akcesoria\/dji-referesh-care\/5e4bfaed-77fe-4d61-b517-22c44fee29bf.jpg\" border=\"0\" width=\"800\" height=\"620\" \/><br \/><\/span><\/span><\/div>\n<h3>Lataj nad wod\u0105 bez obaw<\/h3>\n<p>Zawsze marzy\u0142e\u015b o zrobieniu pi\u0119knych zdj\u0119\u0107 lec\u0105c nad jeziorem, morzem lub oceanem, ale ba\u0142e\u015b si\u0119 o swoje urz\u0105dzenie? DJI Care Refresh pokrywa r\u00f3wnie\u017c uszkodzenia spowodowane zalaniem lub wpadni\u0119ciem do wody twojego Sparka, zatem lataj bez obaw.<\/p>\n<p><img decoding=\"async\" src=\"https:\/\/b2b.innpro.pl\/data\/include\/cms\/.jpg\" alt=\"\"><\/p>\n<div class=\"iai_bottom\"><span style=\"font-size: 14pt;\"><strong><span style=\"color: #333333;\"><img decoding=\"async\" style=\"display: block; margin-left: auto; margin-right: auto;\" src=\"\/data\/include\/cms\/2Szymon\/Akcesoria\/dji-referesh-care\/8bbb318a-df0a-4f24-bd51-ac03f346dd2d.jpg\" border=\"0\" width=\"800\" height=\"493\" \/><\/p>\n<p><\/span><\/strong><\/span><\/div>\n<h3>Czuj si\u0119 jak VIP<\/h3>\n<p>U\u017cytkownicy z ochron\u0105 DJI Care Refresh s\u0105 traktowani priorytetowo, dzi\u0119ki czemu czas oczekiwania na wymian\u0119 drona zostaje zredukowany do minimum. Co wi\u0119cej, u\u017cytkownicy posiadaj\u0105 przywileje VIP tak\u017ce podczas kontaktu z pomoc\u0105 techniczn\u0105 DJI, wi\u0119c wystarczy jeden telefon, aby szybko uzyska\u0107 odpowied\u017a na dowolne pytanie.<\/p>\n<p><img decoding=\"async\" src=\"https:\/\/b2b.innpro.pl\/data\/include\/cms\/.jpg\" alt=\"\"><\/p>\n<div class=\"iai_bottom\"><span style=\"font-size: 14pt;\"><strong><span style=\"color: #333333;\"><img decoding=\"async\" style=\"display: block; margin-left: auto; margin-right: auto;\" src=\"\/data\/include\/cms\/2Szymon\/Akcesoria\/dji-referesh-care\/eae28f8a-23bf-49e7-b406-269880be4679.jpg\" border=\"0\" width=\"800\" height=\"590\" \/><\/span><\/strong><\/span><\/div>\n<h3>Czuj si\u0119 jak VIP<\/h3>\n<p>U\u017cytkownicy z ochron\u0105 DJI Care Refresh s\u0105 traktowani priorytetowo, dzi\u0119ki czemu czas oczekiwania na wymian\u0119 drona zostaje zredukowany do minimum. Co wi\u0119cej, u\u017cytkownicy posiadaj\u0105 przywileje VIP tak\u017ce podczas kontaktu z pomoc\u0105 techniczn\u0105 DJI, wi\u0119c wystarczy jeden telefon, aby szybko uzyska\u0107 odpowied\u017a na dowolne pytanie.<\/p>\n<p><img decoding=\"async\" src=\"https:\/\/b2b.innpro.pl\/data\/include\/cms\/.jpg\" alt=\"\"><\/p>\n<p><img decoding=\"async\" style=\"display: block; margin-left: auto; margin-right: auto;\" src=\"\/data\/include\/cms\/2Szymon\/Akcesoria\/dji-referesh-care\/61276XpTcYL._SL1000_.jpg\" border=\"0\" width=\"800\" height=\"679\" \/><\/p>\n<p><\/span><\/span><\/span><\/p>\n<hr \/>\n<\/div>\n<div style=\"text-align: center;\" class=\"iai_bottom\">\n<\/div>\n<div style=\"text-align: center;\" class=\"iai_bottom\"><span style=\"font-size: 14pt;\"><strong>Gdy zdarzy si\u0119 wypadek<br \/><\/strong><\/span><\/div>\n<div style=\"text-align: justify;\" class=\"iai_bottom\"><span style=\"font-size: 12pt;\"><span style=\"font-size: 12pt;\"><span style=\"color: #333333;\">1. U\u017cytkownik zg\u0142asza usterk\u0119 i wysy\u0142a Sparka do niemieckiego serwisu DJI z adnotacj\u0105, \u017ce posiada DJI Care Refresh.<br \/>2. U\u017cytkownik dostaje wycen\u0119 naprawy i na tej podstawie decyduje czy chce dokona\u0107 naprawy\/wymiany odp\u0142atnie b\u0105d\u017a przez DJI Care Refresh.<br \/>3. Po wybraniu opcji DJI Care Refresh, u\u017cytkownik uiszcza op\u0142at\u0119 w wysoko\u015bci\u00a0229 PLN za pierwsz\u0105 wymian\u0119 lub\u00a0319 PLN za drug\u0105 wymian\u0119 i dostaje nowy produkt b\u0105d\u017a nowe cz\u0119\u015bci zamienne tzn. gimbala, kamer\u0119, \u015bmig\u0142a.<br \/>4. Wymieniony produkt zostaje priorytetowo dostarczony do u\u017cytkownika z darmow\u0105 wysy\u0142k\u0105.<\/p>\n<p><img decoding=\"async\" style=\"display: block; margin-left: auto; margin-right: auto;\" src=\"\/data\/include\/cms\/2Szymon\/Akcesoria\/dji-referesh-care\/0982e16a-b27f-4462-903d-82b54f4e7c7d.jpg\" border=\"0\" width=\"800\" height=\"225\" \/><br \/><\/span><\/span><\/span><\/p>\n<hr \/>\n<p><span style=\"font-size: 12pt;\"><span style=\"color: #333333;\"><\/span><\/span><\/div>\n<div style=\"text-align: center;\" class=\"iai_bottom\"><span style=\"font-size: 12pt;\"><span style=\"color: #333333;\"><strong><br \/><span style=\"font-size: 14pt;\">Zastrze\u017cenia<\/span><\/p>\n<p><\/strong><\/span><\/span><\/div>\n<div style=\"text-align: justify;\" class=\"iai_bottom\"><span style=\"color: #333333; background-color: #ffffff;\"><span style=\"font-size: 12pt;\">DJI Care Refresh nie obejmuje:<\/span><\/span><\/div>\n<div style=\"text-align: justify;\" class=\"iai_bottom\"><span style=\"color: #333333; background-color: #ffffff;\"><span style=\"font-size: 12pt;\">1) Zgubionego b\u0105d\u017a cz\u0119\u015bciowo zgubionego drona, gimbala lub akcesori\u00f3w.<br \/>2) Kradzie\u017cy lub porzucenia produktu.<br \/>3) Uszkodze\u0144 spowodowanych lotem w niew\u0142a\u015bciwych warunkach atmosferycznych.<br \/>4) Nadajnika, akcesori\u00f3w dodatkowych.<br \/>5) Rozmy\u015blnej utraty drona.<br \/>6) Uszkodze\u0144 obudowy, kt\u00f3re nie wp\u0142ywaj\u0105 na dzia\u0142anie produktu.<br \/>7) Bezpo\u015brednich lub niebezpo\u015brednich uszkodze\u0144 spowodowanych dzia\u0142aniem si\u0142 wy\u017cszych.<br \/>8) Usterek powsta\u0142ych poza okresem wa\u017cno\u015bci DJI Care Refresh.<br \/>9) Dodatkowych op\u0142at zwi\u0105zanych z ulepszaniem modelu, poprawianiem jego osi\u0105g\u00f3w.<br \/>10) Usterek wynikaj\u0105cych z przeprowadzania modyfikacji, kt\u00f3re nie s\u0105 zgodne z zaleceniami znajduj\u0105cymi si\u0119 w podr\u0119czniku u\u017cytkownika b\u0105d\u017a z u\u017cywania niekompatybilnych akumulator\u00f3w i \u0142adowarki.<br \/>11) Usterek wynikaj\u0105cych z korzystania z nieautoryzowanych akcesori\u00f3w, akumulator\u00f3w b\u0105d\u017a oprogramowania.<br \/><\/span><\/span><\/div>\n<div style=\"text-align: justify;\" class=\"iai_bottom\"><span style=\"color: #333333; background-color: #ffffff;\"><span style=\"font-size: 12pt;\"> <\/span><\/span><\/div>\n","protected":false},"excerpt":{"rendered":"<p>DJI Care Refresh Spark DJI Care Referesh to kompleksowe 12 miesi\u0119czne ubezpieczenie oferowane przez DJI na swoje nowe produkty, dzi\u0119ki<\/p>\n","protected":false},"featured_media":54990,"comment_status":"closed","ping_status":"open","template":"","meta":{"_acf_changed":false},"product_brand":[],"product_cat":[6166,1088],"product_tag":[],"class_list":{"0":"post-54989","1":"product","2":"type-product","3":"status-publish","4":"has-post-thumbnail","6":"product_cat-dji-care-refresh","7":"product_cat-drony","8":"pa_producent-dji","10":"first","11":"outofstock","12":"taxable","13":"shipping-taxable","14":"purchasable","15":"product-type-simple"},"acf":[],"yoast_head":"<!-- This site is optimized with the Yoast SEO plugin v27.2 - https:\/\/yoast.com\/product\/yoast-seo-wordpress\/ -->\n<title>Plan ochrony DJI Care Refresh Spark (plan roczny) - IRONSKY.PL Sklep z Dronami<\/title>\n<meta name=\"description\" content=\"Plan ochrony DJI Care Refresh Spark (plan roczny) - \u2705 sklep z dronami i fachowym doradztwem. \u2705 Tutaj kupisz produkty DJI, Yuneec, Parrot, Syma i wiele innych, a tak\u017ce kursy i licencje na operatora drona.\" \/>\n<meta name=\"robots\" content=\"index, follow, max-snippet:-1, max-image-preview:large, max-video-preview:-1\" \/>\n<link rel=\"canonical\" href=\"https:\/\/ironsky.pl\/sklep\/produkt\/plan-ochrony-dji-care-refresh-spark-plan-roczny\/\" \/>\n<meta property=\"og:locale\" content=\"pl_PL\" \/>\n<meta property=\"og:type\" content=\"article\" \/>\n<meta property=\"og:title\" content=\"Plan ochrony DJI Care Refresh Spark (plan roczny) - IRONSKY.PL Sklep z Dronami\" \/>\n<meta property=\"og:description\" content=\"Plan ochrony DJI Care Refresh Spark (plan roczny) - \u2705 sklep z dronami i fachowym doradztwem. \u2705 Tutaj kupisz produkty DJI, Yuneec, Parrot, Syma i wiele innych, a tak\u017ce kursy i licencje na operatora drona.\" \/>\n<meta property=\"og:url\" content=\"https:\/\/ironsky.pl\/sklep\/produkt\/plan-ochrony-dji-care-refresh-spark-plan-roczny\/\" \/>\n<meta property=\"og:site_name\" content=\"IRONSKY.PL Sklep z Dronami\" \/>\n<meta property=\"article:modified_time\" content=\"2026-04-15T08:41:04+00:00\" \/>\n<meta property=\"og:image\" content=\"https:\/\/ironsky.pl\/sklep\/wp-content\/uploads\/2026\/04\/11106_1.jpg\" \/>\n\t<meta property=\"og:image:width\" content=\"720\" \/>\n\t<meta property=\"og:image:height\" content=\"480\" \/>\n\t<meta property=\"og:image:type\" content=\"image\/jpeg\" \/>\n<meta name=\"twitter:card\" content=\"summary_large_image\" \/>\n<meta name=\"twitter:label1\" content=\"Szacowany czas czytania\" \/>\n\t<meta name=\"twitter:data1\" content=\"2 minuty\" \/>\n<script type=\"application\/ld+json\" class=\"yoast-schema-graph\">{\"@context\":\"https:\/\/schema.org\",\"@graph\":[{\"@type\":\"WebPage\",\"@id\":\"https:\/\/ironsky.pl\/sklep\/produkt\/plan-ochrony-dji-care-refresh-spark-plan-roczny\/\",\"url\":\"https:\/\/ironsky.pl\/sklep\/produkt\/plan-ochrony-dji-care-refresh-spark-plan-roczny\/\",\"name\":\"Plan ochrony DJI Care Refresh Spark (plan roczny) - IRONSKY.PL Sklep z Dronami\",\"isPartOf\":{\"@id\":\"https:\/\/ironsky.pl\/sklep\/#website\"},\"primaryImageOfPage\":{\"@id\":\"https:\/\/ironsky.pl\/sklep\/produkt\/plan-ochrony-dji-care-refresh-spark-plan-roczny\/#primaryimage\"},\"image\":{\"@id\":\"https:\/\/ironsky.pl\/sklep\/produkt\/plan-ochrony-dji-care-refresh-spark-plan-roczny\/#primaryimage\"},\"thumbnailUrl\":\"https:\/\/ironsky.pl\/sklep\/wp-content\/uploads\/2026\/04\/11106_1.jpg\",\"datePublished\":\"2026-04-15T07:58:24+00:00\",\"dateModified\":\"2026-04-15T08:41:04+00:00\",\"description\":\"Plan ochrony DJI Care Refresh Spark (plan roczny) - \u2705 sklep z dronami i fachowym doradztwem. \u2705 Tutaj kupisz produkty DJI, Yuneec, Parrot, Syma i wiele innych, a tak\u017ce kursy i licencje na operatora drona.\",\"breadcrumb\":{\"@id\":\"https:\/\/ironsky.pl\/sklep\/produkt\/plan-ochrony-dji-care-refresh-spark-plan-roczny\/#breadcrumb\"},\"inLanguage\":\"pl-PL\",\"potentialAction\":[{\"@type\":\"ReadAction\",\"target\":[\"https:\/\/ironsky.pl\/sklep\/produkt\/plan-ochrony-dji-care-refresh-spark-plan-roczny\/\"]}]},{\"@type\":\"ImageObject\",\"inLanguage\":\"pl-PL\",\"@id\":\"https:\/\/ironsky.pl\/sklep\/produkt\/plan-ochrony-dji-care-refresh-spark-plan-roczny\/#primaryimage\",\"url\":\"https:\/\/ironsky.pl\/sklep\/wp-content\/uploads\/2026\/04\/11106_1.jpg\",\"contentUrl\":\"https:\/\/ironsky.pl\/sklep\/wp-content\/uploads\/2026\/04\/11106_1.jpg\",\"width\":720,\"height\":480},{\"@type\":\"BreadcrumbList\",\"@id\":\"https:\/\/ironsky.pl\/sklep\/produkt\/plan-ochrony-dji-care-refresh-spark-plan-roczny\/#breadcrumb\",\"itemListElement\":[{\"@type\":\"ListItem\",\"position\":1,\"name\":\"Strona g\u0142\u00f3wna\",\"item\":\"https:\/\/ironsky.pl\/sklep\/\"},{\"@type\":\"ListItem\",\"position\":2,\"name\":\"Wszystkie produkty\",\"item\":\"https:\/\/ironsky.pl\/sklep\/produkty\/\"},{\"@type\":\"ListItem\",\"position\":3,\"name\":\"Plan ochrony DJI Care Refresh Spark (plan roczny)\"}]},{\"@type\":\"WebSite\",\"@id\":\"https:\/\/ironsky.pl\/sklep\/#website\",\"url\":\"https:\/\/ironsky.pl\/sklep\/\",\"name\":\"IRONSKY.PL Sklep z Dronami\",\"description\":\"IRONSKY.PL Sklep z Dronami\",\"potentialAction\":[{\"@type\":\"SearchAction\",\"target\":{\"@type\":\"EntryPoint\",\"urlTemplate\":\"https:\/\/ironsky.pl\/sklep\/?s={search_term_string}\"},\"query-input\":{\"@type\":\"PropertyValueSpecification\",\"valueRequired\":true,\"valueName\":\"search_term_string\"}}],\"inLanguage\":\"pl-PL\"}]}<\/script>\n<!-- \/ Yoast SEO plugin. -->","yoast_head_json":{"title":"Plan ochrony DJI Care Refresh Spark (plan roczny) - IRONSKY.PL Sklep z Dronami","description":"Plan ochrony DJI Care Refresh Spark (plan roczny) - \u2705 sklep z dronami i fachowym doradztwem. \u2705 Tutaj kupisz produkty DJI, Yuneec, Parrot, Syma i wiele innych, a tak\u017ce kursy i licencje na operatora drona.","robots":{"index":"index","follow":"follow","max-snippet":"max-snippet:-1","max-image-preview":"max-image-preview:large","max-video-preview":"max-video-preview:-1"},"canonical":"https:\/\/ironsky.pl\/sklep\/produkt\/plan-ochrony-dji-care-refresh-spark-plan-roczny\/","og_locale":"pl_PL","og_type":"article","og_title":"Plan ochrony DJI Care Refresh Spark (plan roczny) - IRONSKY.PL Sklep z Dronami","og_description":"Plan ochrony DJI Care Refresh Spark (plan roczny) - \u2705 sklep z dronami i fachowym doradztwem. \u2705 Tutaj kupisz produkty DJI, Yuneec, Parrot, Syma i wiele innych, a tak\u017ce kursy i licencje na operatora drona.","og_url":"https:\/\/ironsky.pl\/sklep\/produkt\/plan-ochrony-dji-care-refresh-spark-plan-roczny\/","og_site_name":"IRONSKY.PL Sklep z Dronami","article_modified_time":"2026-04-15T08:41:04+00:00","og_image":[{"width":720,"height":480,"url":"https:\/\/ironsky.pl\/sklep\/wp-content\/uploads\/2026\/04\/11106_1.jpg","type":"image\/jpeg"}],"twitter_card":"summary_large_image","twitter_misc":{"Szacowany czas czytania":"2 minuty"},"schema":{"@context":"https:\/\/schema.org","@graph":[{"@type":"WebPage","@id":"https:\/\/ironsky.pl\/sklep\/produkt\/plan-ochrony-dji-care-refresh-spark-plan-roczny\/","url":"https:\/\/ironsky.pl\/sklep\/produkt\/plan-ochrony-dji-care-refresh-spark-plan-roczny\/","name":"Plan ochrony DJI Care Refresh Spark (plan roczny) - IRONSKY.PL Sklep z Dronami","isPartOf":{"@id":"https:\/\/ironsky.pl\/sklep\/#website"},"primaryImageOfPage":{"@id":"https:\/\/ironsky.pl\/sklep\/produkt\/plan-ochrony-dji-care-refresh-spark-plan-roczny\/#primaryimage"},"image":{"@id":"https:\/\/ironsky.pl\/sklep\/produkt\/plan-ochrony-dji-care-refresh-spark-plan-roczny\/#primaryimage"},"thumbnailUrl":"https:\/\/ironsky.pl\/sklep\/wp-content\/uploads\/2026\/04\/11106_1.jpg","datePublished":"2026-04-15T07:58:24+00:00","dateModified":"2026-04-15T08:41:04+00:00","description":"Plan ochrony DJI Care Refresh Spark (plan roczny) - \u2705 sklep z dronami i fachowym doradztwem. \u2705 Tutaj kupisz produkty DJI, Yuneec, Parrot, Syma i wiele innych, a tak\u017ce kursy i licencje na operatora drona.","breadcrumb":{"@id":"https:\/\/ironsky.pl\/sklep\/produkt\/plan-ochrony-dji-care-refresh-spark-plan-roczny\/#breadcrumb"},"inLanguage":"pl-PL","potentialAction":[{"@type":"ReadAction","target":["https:\/\/ironsky.pl\/sklep\/produkt\/plan-ochrony-dji-care-refresh-spark-plan-roczny\/"]}]},{"@type":"ImageObject","inLanguage":"pl-PL","@id":"https:\/\/ironsky.pl\/sklep\/produkt\/plan-ochrony-dji-care-refresh-spark-plan-roczny\/#primaryimage","url":"https:\/\/ironsky.pl\/sklep\/wp-content\/uploads\/2026\/04\/11106_1.jpg","contentUrl":"https:\/\/ironsky.pl\/sklep\/wp-content\/uploads\/2026\/04\/11106_1.jpg","width":720,"height":480},{"@type":"BreadcrumbList","@id":"https:\/\/ironsky.pl\/sklep\/produkt\/plan-ochrony-dji-care-refresh-spark-plan-roczny\/#breadcrumb","itemListElement":[{"@type":"ListItem","position":1,"name":"Strona g\u0142\u00f3wna","item":"https:\/\/ironsky.pl\/sklep\/"},{"@type":"ListItem","position":2,"name":"Wszystkie produkty","item":"https:\/\/ironsky.pl\/sklep\/produkty\/"},{"@type":"ListItem","position":3,"name":"Plan ochrony DJI Care Refresh Spark (plan roczny)"}]},{"@type":"WebSite","@id":"https:\/\/ironsky.pl\/sklep\/#website","url":"https:\/\/ironsky.pl\/sklep\/","name":"IRONSKY.PL Sklep z Dronami","description":"IRONSKY.PL Sklep z Dronami","potentialAction":[{"@type":"SearchAction","target":{"@type":"EntryPoint","urlTemplate":"https:\/\/ironsky.pl\/sklep\/?s={search_term_string}"},"query-input":{"@type":"PropertyValueSpecification","valueRequired":true,"valueName":"search_term_string"}}],"inLanguage":"pl-PL"}]}},"_links":{"self":[{"href":"https:\/\/ironsky.pl\/sklep\/wp-json\/wp\/v2\/product\/54989","targetHints":{"allow":["GET"]}}],"collection":[{"href":"https:\/\/ironsky.pl\/sklep\/wp-json\/wp\/v2\/product"}],"about":[{"href":"https:\/\/ironsky.pl\/sklep\/wp-json\/wp\/v2\/types\/product"}],"replies":[{"embeddable":true,"href":"https:\/\/ironsky.pl\/sklep\/wp-json\/wp\/v2\/comments?post=54989"}],"wp:featuredmedia":[{"embeddable":true,"href":"https:\/\/ironsky.pl\/sklep\/wp-json\/wp\/v2\/media\/54990"}],"wp:attachment":[{"href":"https:\/\/ironsky.pl\/sklep\/wp-json\/wp\/v2\/media?parent=54989"}],"wp:term":[{"taxonomy":"product_brand","embeddable":true,"href":"https:\/\/ironsky.pl\/sklep\/wp-json\/wp\/v2\/product_brand?post=54989"},{"taxonomy":"product_cat","embeddable":true,"href":"https:\/\/ironsky.pl\/sklep\/wp-json\/wp\/v2\/product_cat?post=54989"},{"taxonomy":"product_tag","embeddable":true,"href":"https:\/\/ironsky.pl\/sklep\/wp-json\/wp\/v2\/product_tag?post=54989"}],"curies":[{"name":"wp","href":"https:\/\/api.w.org\/{rel}","templated":true}]}}