{"id":54987,"date":"2026-04-15T09:58:24","date_gmt":"2026-04-15T07:58:24","guid":{"rendered":"https:\/\/ironsky.pl\/sklep\/produkt\/ladowarka-skyrc-mc3000-aa-aaa-2\/"},"modified":"2026-04-15T10:41:03","modified_gmt":"2026-04-15T08:41:03","slug":"ladowarka-skyrc-mc3000-aa-aaa-2","status":"publish","type":"product","link":"https:\/\/ironsky.pl\/sklep\/produkt\/ladowarka-skyrc-mc3000-aa-aaa-2\/","title":{"rendered":"\u0141adowarka SKYRC MC3000 AA\/AAA"},"content":{"rendered":"<h3>\u0141adowarka SkyRC MC3000 AA \/ AAA<\/h3>\n<p>\u0141adowarka MC3000 powsta\u0142a z potrzeby stworzenia przez SkyRC wszechstronnej, precyzyjnej i mocnej \u0142adowarki dopasowanej do jednocelowych, cylindrycznych akumulator\u00f3w. Dzi\u0119ki temu produktowi nie u\u015bwiadczysz ju\u017c problem\u00f3w z koszykami, okablowaniem, zaciskami i innymi rozwi\u0105zaniami DIY.<\/p>\n<p><img decoding=\"async\" src=\"https:\/\/b2b.innpro.pl\/data\/include\/cms\/.jpg\" alt=\"\"><\/p>\n<div class=\"iai_top\"><img decoding=\"async\" style=\"display: block; margin-left: auto; margin-right: auto;\" src=\"\/data\/include\/cms\/2Szymon\/SkyRC\/MC3000\/0720jpg-720x480.jpg\" border=\"0\" width=\"720\" height=\"480\" \/><\/div>\n<h3>Wyj\u0105tkowa \u0142adowarka<\/h3>\n<p>MC3000 zosta\u0142a zaprojektowana z potrzeby stworzenia wszechstronnej, precyzyjnej i pot\u0119\u017cnej \u0142adowarki SkyRC dostosowanej do jednocelowych, cylindrycznych akumulator\u00f3w. Dzi\u0119ki tej \u0142adowarce nie u\u015bwiadczysz ju\u017c problem\u00f3w z koszykami, uchwytami, k\u0142opotliwym okablowaniem, zaciskami i podobnymi rozwi\u0105zaniami DIY. MC3000 jest dostosowona do szerokiej gamy rozmiar\u00f3w (ponad 42) i typ\u00f3w (ponad 7) akumulator\u00f3w, kt\u00f3re \u0142aduj\u0105 z nat\u0119\u017ceniem 3 A i roz\u0142adowuje z nat\u0119\u017ceniem 2 A.<\/p>\n<div class=\"iai_bottom\"><span style=\"font-size: 12pt; color: #333333;\"><span style=\"font-size: 12pt; color: #333333;\"><br \/><\/span><\/span><strong><span style=\"font-size: 14pt; color: #333333;\"><img decoding=\"async\" style=\"display: block; margin-left: auto; margin-right: auto;\" src=\"\/data\/include\/cms\/2Szymon\/SkyRC\/MC3000\/0720jpg-720x480.jpg\" border=\"0\" width=\"720\" height=\"480\" \/><br \/><\/span><\/strong><\/div>\n<p><img decoding=\"async\" src=\"https:\/\/b2b.innpro.pl\/data\/include\/cms\/.jpg\" alt=\"\"><\/p>\n<p><img decoding=\"async\" style=\"display: block; margin-left: auto; margin-right: auto;\" src=\"\/data\/include\/cms\/2Szymon\/SkyRC\/MC3000\/kompatybilnosc.jpg\" border=\"0\" width=\"788\" height=\"609\" \/><\/p>\n<h3>Funkcjonalno\u015b\u0107 i bezpiecze\u0144stwo<\/h3>\n<p>\u0141adowarka posiada 6 tryb\u00f3w pracy &#8211; \u0142adowanie, roz\u0142adowywanie, od\u015bwie\u017cenie, formowanie (tylko dla NiMH, NiCd, Eneloop), cykl \u0142adowania-roz\u0142adowawania i przechowywania (tylko dla Lixx). Gumowe stopki i pochylenie pod k\u0105tem 10\u00b0 pozwala na lepszy wgl\u0105d w \u0142adowanie i zwi\u0119ksza efektywno\u015b\u0107 ch\u0142odzenia u spodu \u0142adowarki. Bezpiecze\u0144stwo \u0142adowarki zapewnia wiele rodzaj\u00f3w limit\u00f3w -czasowe, napi\u0119cia, pojemno\u015bci itd.<\/p>\n<p><img decoding=\"async\" src=\"https:\/\/b2b.innpro.pl\/data\/include\/cms\/.jpg\" alt=\"\"><\/p>\n<div style=\"text-align: left;\" class=\"iai_bottom\"><img decoding=\"async\" style=\"display: block; margin-left: auto; margin-right: auto;\" src=\"\/data\/include\/cms\/2Szymon\/SkyRC\/MC3000\/bezpieczenstwo.jpg\" border=\"0\" alt=\"\" width=\"868\" height=\"270\" \/><\/div>\n<h3>Efektywne ch\u0142odzenie<\/h3>\n<p>Wbudowane dwa aluminiowe wentylatory skutecznie pozbywaj\u0105 si\u0119 ciep\u0142a generowanego przez \u0142adowark\u0119. Ch\u0142odzenie zapewnia efektywn\u0105 wymian\u0119 powietrza, nawet przy niskiej pr\u0119dko\u015bci pracy.<\/p>\n<p><img decoding=\"async\" src=\"https:\/\/b2b.innpro.pl\/data\/include\/cms\/.jpg\" alt=\"\"><\/p>\n<div class=\"iai_bottom\"><span style=\"font-size: 12pt; color: #333333;\"><span style=\"font-size: 12pt;\"><img decoding=\"async\" style=\"display: block; margin-left: auto; margin-right: auto;\" src=\"\/data\/include\/cms\/2Szymon\/SkyRC\/MC3000\/chlodzenie.jpg\" border=\"0\" width=\"555\" height=\"460\" \/><br \/><\/span><\/span><\/div>\n<h3>Czytelny wy\u015bwietlacz<\/h3>\n<p>Ekran o rozdzielczo\u015bci 128&#215;64 pikseli pokazuje 5 r\u00f3\u017cnych zak\u0142adek pracy. 8 Przycisk\u00f3w gwarantuje prostot\u0119 programowania i obs\u0142ugi urz\u0105dzenia. 4 przyciski z numerami reprezentuj\u0105 analogiczny slot akumulatora. Pozosta\u0142e przyciski s\u0142u\u017c\u0105 do obs\u0142ugi \u0142adowarki. Urz\u0105dzenie pozwala na zapisanie nawet 30 profili \u0142adowania, kt\u00f3re mog\u0105 by\u0107 wywo\u0142ane i u\u017cyte do bie\u017c\u0105cego \u0142adowania w dowolnej chwili, za pomoc\u0105 kilku klikni\u0119\u0107.<\/p>\n<div class=\"iai_bottom\"><span style=\"font-size: 12pt; color: #333333;\"><span style=\"font-size: 12pt;\"><img decoding=\"async\" style=\"display: block; margin-left: auto; margin-right: auto;\" src=\"\/data\/include\/cms\/2Szymon\/SkyRC\/MC3000\/innefunkcje.jpg\" border=\"0\" width=\"878\" height=\"435\" \/><\/span><\/span><\/div>\n<h3>W zestawie:<\/h3>\n<ul>\n<li>\u0141adowarka<\/li>\n<li>Zasilacz<\/li>\n<\/ul>\n<div class=\"table-wrapper\">\n<table>\n<tbody>\n<tr>\n<th>Producent<\/th>\n<td>SkyRC<\/td>\n<\/tr>\n<tr>\n<th>Model<\/th>\n<td>SK-100083-02<\/td>\n<\/tr>\n<tr>\n<th>Pr\u0105d \u0142adowania<\/th>\n<td>0,05 A &#8211; 3 A<\/td>\n<\/tr>\n<tr>\n<th>Delta Peak<\/th>\n<td>1-20 mV<\/td>\n<\/tr>\n<tr>\n<th>Pr\u0105d roz\u0142adowania<\/th>\n<td>0,05 &#8211; 2 A<\/td>\n<\/tr>\n<tr>\n<th>Pojemno\u015b\u0107 akumulatora<\/th>\n<td>500 &#8211; 50000 mAh<\/td>\n<\/tr>\n<tr>\n<th>Ilo\u015b\u0107 cykl<\/th>\n<td> 1 &#8211; 12<\/td>\n<\/tr>\n<tr>\n<th>Ko\u0144cowy pr\u0105d \u0142adowania<\/th>\n<td>100 mAh<\/td>\n<\/tr>\n<tr>\n<th>Temperatura pracy<\/th>\n<td>0\u00b0-40\u00b0C<\/td>\n<\/tr>\n<tr>\n<th>Pr\u0105d zasilania<\/th>\n<td>12 V \/ 2,5 A<\/td>\n<\/tr>\n<tr>\n<th>Pr\u0105d USB<\/th>\n<td>5 V \/ 2.1 A<\/td>\n<\/tr>\n<tr>\n<th>Waga<\/th>\n<td>600 g<\/td>\n<\/tr>\n<tr>\n<th>Wymiary<\/th>\n<td>200 x 124 x 69 mm<\/td>\n<\/tr>\n<\/tbody>\n<\/table>\n<\/div>\n","protected":false},"excerpt":{"rendered":"<p>\u0141adowarka SkyRC MC3000 AA \/ AAA \u0141adowarka MC3000 powsta\u0142a z potrzeby stworzenia przez SkyRC wszechstronnej, precyzyjnej i mocnej \u0142adowarki dopasowanej<\/p>\n","protected":false},"featured_media":54988,"comment_status":"closed","ping_status":"open","template":"","meta":{"_acf_changed":false},"product_brand":[],"product_cat":[1173,1174,1169],"product_tag":[],"class_list":{"0":"post-54987","1":"product","2":"type-product","3":"status-publish","4":"has-post-thumbnail","6":"product_cat-ladowanie","7":"product_cat-ladowarki","8":"product_cat-modele-rc","9":"pa_okres-gwarancji-5754","10":"pa_producent-skyrc","12":"first","13":"outofstock","14":"taxable","15":"shipping-taxable","16":"purchasable","17":"product-type-simple"},"acf":[],"yoast_head":"<!-- This site is optimized with the Yoast SEO plugin v27.2 - https:\/\/yoast.com\/product\/yoast-seo-wordpress\/ -->\n<title>\u0141adowarka SKYRC MC3000 AA\/AAA - IRONSKY.PL Sklep z Dronami<\/title>\n<meta name=\"description\" content=\"\u0141adowarka SKYRC MC3000 AA\/AAA - \u2705 sklep z dronami i fachowym doradztwem. \u2705 Tutaj kupisz produkty DJI, Yuneec, Parrot, Syma i wiele innych, a tak\u017ce kursy i licencje na operatora drona.\" \/>\n<meta name=\"robots\" content=\"index, follow, max-snippet:-1, max-image-preview:large, max-video-preview:-1\" \/>\n<link rel=\"canonical\" href=\"https:\/\/ironsky.pl\/sklep\/produkt\/ladowarka-skyrc-mc3000-aa-aaa-2\/\" \/>\n<meta property=\"og:locale\" content=\"pl_PL\" \/>\n<meta property=\"og:type\" content=\"article\" \/>\n<meta property=\"og:title\" content=\"\u0141adowarka SKYRC MC3000 AA\/AAA - IRONSKY.PL Sklep z Dronami\" \/>\n<meta property=\"og:description\" content=\"\u0141adowarka SKYRC MC3000 AA\/AAA - \u2705 sklep z dronami i fachowym doradztwem. \u2705 Tutaj kupisz produkty DJI, Yuneec, Parrot, Syma i wiele innych, a tak\u017ce kursy i licencje na operatora drona.\" \/>\n<meta property=\"og:url\" content=\"https:\/\/ironsky.pl\/sklep\/produkt\/ladowarka-skyrc-mc3000-aa-aaa-2\/\" \/>\n<meta property=\"og:site_name\" content=\"IRONSKY.PL Sklep z Dronami\" \/>\n<meta property=\"article:modified_time\" content=\"2026-04-15T08:41:03+00:00\" \/>\n<meta property=\"og:image\" content=\"https:\/\/ironsky.pl\/sklep\/wp-content\/uploads\/2026\/04\/10098_1.jpg\" \/>\n\t<meta property=\"og:image:width\" content=\"615\" \/>\n\t<meta property=\"og:image:height\" content=\"448\" \/>\n\t<meta property=\"og:image:type\" content=\"image\/jpeg\" \/>\n<meta name=\"twitter:card\" content=\"summary_large_image\" \/>\n<meta name=\"twitter:label1\" content=\"Szacowany czas czytania\" \/>\n\t<meta name=\"twitter:data1\" content=\"2 minuty\" \/>\n<script type=\"application\/ld+json\" class=\"yoast-schema-graph\">{\"@context\":\"https:\/\/schema.org\",\"@graph\":[{\"@type\":\"WebPage\",\"@id\":\"https:\/\/ironsky.pl\/sklep\/produkt\/ladowarka-skyrc-mc3000-aa-aaa-2\/\",\"url\":\"https:\/\/ironsky.pl\/sklep\/produkt\/ladowarka-skyrc-mc3000-aa-aaa-2\/\",\"name\":\"\u0141adowarka SKYRC MC3000 AA\/AAA - IRONSKY.PL Sklep z Dronami\",\"isPartOf\":{\"@id\":\"https:\/\/ironsky.pl\/sklep\/#website\"},\"primaryImageOfPage\":{\"@id\":\"https:\/\/ironsky.pl\/sklep\/produkt\/ladowarka-skyrc-mc3000-aa-aaa-2\/#primaryimage\"},\"image\":{\"@id\":\"https:\/\/ironsky.pl\/sklep\/produkt\/ladowarka-skyrc-mc3000-aa-aaa-2\/#primaryimage\"},\"thumbnailUrl\":\"https:\/\/ironsky.pl\/sklep\/wp-content\/uploads\/2026\/04\/10098_1.jpg\",\"datePublished\":\"2026-04-15T07:58:24+00:00\",\"dateModified\":\"2026-04-15T08:41:03+00:00\",\"description\":\"\u0141adowarka SKYRC MC3000 AA\/AAA - \u2705 sklep z dronami i fachowym doradztwem. \u2705 Tutaj kupisz produkty DJI, Yuneec, Parrot, Syma i wiele innych, a tak\u017ce kursy i licencje na operatora drona.\",\"breadcrumb\":{\"@id\":\"https:\/\/ironsky.pl\/sklep\/produkt\/ladowarka-skyrc-mc3000-aa-aaa-2\/#breadcrumb\"},\"inLanguage\":\"pl-PL\",\"potentialAction\":[{\"@type\":\"ReadAction\",\"target\":[\"https:\/\/ironsky.pl\/sklep\/produkt\/ladowarka-skyrc-mc3000-aa-aaa-2\/\"]}]},{\"@type\":\"ImageObject\",\"inLanguage\":\"pl-PL\",\"@id\":\"https:\/\/ironsky.pl\/sklep\/produkt\/ladowarka-skyrc-mc3000-aa-aaa-2\/#primaryimage\",\"url\":\"https:\/\/ironsky.pl\/sklep\/wp-content\/uploads\/2026\/04\/10098_1.jpg\",\"contentUrl\":\"https:\/\/ironsky.pl\/sklep\/wp-content\/uploads\/2026\/04\/10098_1.jpg\",\"width\":615,\"height\":448},{\"@type\":\"BreadcrumbList\",\"@id\":\"https:\/\/ironsky.pl\/sklep\/produkt\/ladowarka-skyrc-mc3000-aa-aaa-2\/#breadcrumb\",\"itemListElement\":[{\"@type\":\"ListItem\",\"position\":1,\"name\":\"Strona g\u0142\u00f3wna\",\"item\":\"https:\/\/ironsky.pl\/sklep\/\"},{\"@type\":\"ListItem\",\"position\":2,\"name\":\"Wszystkie produkty\",\"item\":\"https:\/\/ironsky.pl\/sklep\/produkty\/\"},{\"@type\":\"ListItem\",\"position\":3,\"name\":\"\u0141adowarka SKYRC MC3000 AA\/AAA\"}]},{\"@type\":\"WebSite\",\"@id\":\"https:\/\/ironsky.pl\/sklep\/#website\",\"url\":\"https:\/\/ironsky.pl\/sklep\/\",\"name\":\"IRONSKY.PL Sklep z Dronami\",\"description\":\"IRONSKY.PL Sklep z Dronami\",\"potentialAction\":[{\"@type\":\"SearchAction\",\"target\":{\"@type\":\"EntryPoint\",\"urlTemplate\":\"https:\/\/ironsky.pl\/sklep\/?s={search_term_string}\"},\"query-input\":{\"@type\":\"PropertyValueSpecification\",\"valueRequired\":true,\"valueName\":\"search_term_string\"}}],\"inLanguage\":\"pl-PL\"}]}<\/script>\n<!-- \/ Yoast SEO plugin. -->","yoast_head_json":{"title":"\u0141adowarka SKYRC MC3000 AA\/AAA - IRONSKY.PL Sklep z Dronami","description":"\u0141adowarka SKYRC MC3000 AA\/AAA - \u2705 sklep z dronami i fachowym doradztwem. \u2705 Tutaj kupisz produkty DJI, Yuneec, Parrot, Syma i wiele innych, a tak\u017ce kursy i licencje na operatora drona.","robots":{"index":"index","follow":"follow","max-snippet":"max-snippet:-1","max-image-preview":"max-image-preview:large","max-video-preview":"max-video-preview:-1"},"canonical":"https:\/\/ironsky.pl\/sklep\/produkt\/ladowarka-skyrc-mc3000-aa-aaa-2\/","og_locale":"pl_PL","og_type":"article","og_title":"\u0141adowarka SKYRC MC3000 AA\/AAA - IRONSKY.PL Sklep z Dronami","og_description":"\u0141adowarka SKYRC MC3000 AA\/AAA - \u2705 sklep z dronami i fachowym doradztwem. \u2705 Tutaj kupisz produkty DJI, Yuneec, Parrot, Syma i wiele innych, a tak\u017ce kursy i licencje na operatora drona.","og_url":"https:\/\/ironsky.pl\/sklep\/produkt\/ladowarka-skyrc-mc3000-aa-aaa-2\/","og_site_name":"IRONSKY.PL Sklep z Dronami","article_modified_time":"2026-04-15T08:41:03+00:00","og_image":[{"width":615,"height":448,"url":"https:\/\/ironsky.pl\/sklep\/wp-content\/uploads\/2026\/04\/10098_1.jpg","type":"image\/jpeg"}],"twitter_card":"summary_large_image","twitter_misc":{"Szacowany czas czytania":"2 minuty"},"schema":{"@context":"https:\/\/schema.org","@graph":[{"@type":"WebPage","@id":"https:\/\/ironsky.pl\/sklep\/produkt\/ladowarka-skyrc-mc3000-aa-aaa-2\/","url":"https:\/\/ironsky.pl\/sklep\/produkt\/ladowarka-skyrc-mc3000-aa-aaa-2\/","name":"\u0141adowarka SKYRC MC3000 AA\/AAA - IRONSKY.PL Sklep z Dronami","isPartOf":{"@id":"https:\/\/ironsky.pl\/sklep\/#website"},"primaryImageOfPage":{"@id":"https:\/\/ironsky.pl\/sklep\/produkt\/ladowarka-skyrc-mc3000-aa-aaa-2\/#primaryimage"},"image":{"@id":"https:\/\/ironsky.pl\/sklep\/produkt\/ladowarka-skyrc-mc3000-aa-aaa-2\/#primaryimage"},"thumbnailUrl":"https:\/\/ironsky.pl\/sklep\/wp-content\/uploads\/2026\/04\/10098_1.jpg","datePublished":"2026-04-15T07:58:24+00:00","dateModified":"2026-04-15T08:41:03+00:00","description":"\u0141adowarka SKYRC MC3000 AA\/AAA - \u2705 sklep z dronami i fachowym doradztwem. \u2705 Tutaj kupisz produkty DJI, Yuneec, Parrot, Syma i wiele innych, a tak\u017ce kursy i licencje na operatora drona.","breadcrumb":{"@id":"https:\/\/ironsky.pl\/sklep\/produkt\/ladowarka-skyrc-mc3000-aa-aaa-2\/#breadcrumb"},"inLanguage":"pl-PL","potentialAction":[{"@type":"ReadAction","target":["https:\/\/ironsky.pl\/sklep\/produkt\/ladowarka-skyrc-mc3000-aa-aaa-2\/"]}]},{"@type":"ImageObject","inLanguage":"pl-PL","@id":"https:\/\/ironsky.pl\/sklep\/produkt\/ladowarka-skyrc-mc3000-aa-aaa-2\/#primaryimage","url":"https:\/\/ironsky.pl\/sklep\/wp-content\/uploads\/2026\/04\/10098_1.jpg","contentUrl":"https:\/\/ironsky.pl\/sklep\/wp-content\/uploads\/2026\/04\/10098_1.jpg","width":615,"height":448},{"@type":"BreadcrumbList","@id":"https:\/\/ironsky.pl\/sklep\/produkt\/ladowarka-skyrc-mc3000-aa-aaa-2\/#breadcrumb","itemListElement":[{"@type":"ListItem","position":1,"name":"Strona g\u0142\u00f3wna","item":"https:\/\/ironsky.pl\/sklep\/"},{"@type":"ListItem","position":2,"name":"Wszystkie produkty","item":"https:\/\/ironsky.pl\/sklep\/produkty\/"},{"@type":"ListItem","position":3,"name":"\u0141adowarka SKYRC MC3000 AA\/AAA"}]},{"@type":"WebSite","@id":"https:\/\/ironsky.pl\/sklep\/#website","url":"https:\/\/ironsky.pl\/sklep\/","name":"IRONSKY.PL Sklep z Dronami","description":"IRONSKY.PL Sklep z Dronami","potentialAction":[{"@type":"SearchAction","target":{"@type":"EntryPoint","urlTemplate":"https:\/\/ironsky.pl\/sklep\/?s={search_term_string}"},"query-input":{"@type":"PropertyValueSpecification","valueRequired":true,"valueName":"search_term_string"}}],"inLanguage":"pl-PL"}]}},"_links":{"self":[{"href":"https:\/\/ironsky.pl\/sklep\/wp-json\/wp\/v2\/product\/54987","targetHints":{"allow":["GET"]}}],"collection":[{"href":"https:\/\/ironsky.pl\/sklep\/wp-json\/wp\/v2\/product"}],"about":[{"href":"https:\/\/ironsky.pl\/sklep\/wp-json\/wp\/v2\/types\/product"}],"replies":[{"embeddable":true,"href":"https:\/\/ironsky.pl\/sklep\/wp-json\/wp\/v2\/comments?post=54987"}],"wp:featuredmedia":[{"embeddable":true,"href":"https:\/\/ironsky.pl\/sklep\/wp-json\/wp\/v2\/media\/54988"}],"wp:attachment":[{"href":"https:\/\/ironsky.pl\/sklep\/wp-json\/wp\/v2\/media?parent=54987"}],"wp:term":[{"taxonomy":"product_brand","embeddable":true,"href":"https:\/\/ironsky.pl\/sklep\/wp-json\/wp\/v2\/product_brand?post=54987"},{"taxonomy":"product_cat","embeddable":true,"href":"https:\/\/ironsky.pl\/sklep\/wp-json\/wp\/v2\/product_cat?post=54987"},{"taxonomy":"product_tag","embeddable":true,"href":"https:\/\/ironsky.pl\/sklep\/wp-json\/wp\/v2\/product_tag?post=54987"}],"curies":[{"name":"wp","href":"https:\/\/api.w.org\/{rel}","templated":true}]}}