{"id":54985,"date":"2026-04-15T09:58:24","date_gmt":"2026-04-15T07:58:24","guid":{"rendered":"https:\/\/ironsky.pl\/sklep\/produkt\/ladowarka-skyrc-e450-2-4s-lipo-life-lihv-6-8s-nimh\/"},"modified":"2026-04-15T10:41:02","modified_gmt":"2026-04-15T08:41:02","slug":"ladowarka-skyrc-e450-2-4s-lipo-life-lihv-6-8s-nimh","status":"publish","type":"product","link":"https:\/\/ironsky.pl\/sklep\/produkt\/ladowarka-skyrc-e450-2-4s-lipo-life-lihv-6-8s-nimh\/","title":{"rendered":"\u0141adowarka SKYRC e450 2-4S LiPo\/LiFe\/LiHV, 6-8S NiMH"},"content":{"rendered":"<h3>\u0141adowarka SkyRC e450 2-4S \/ 6-8S LiPo \/ LiFe \/ LiHV \/ NiMH<\/h3>\n<p>SkyRC E450 to uniwersalna \u0142adowarka dedykowana do pakiet\u00f3w LiPO\/LiFe\/LiHV 2-4 S oraz NiMH 6-8S. Jest wyj\u0105tkowo \u0142atwa w u\u017cytkowaniu, a do tego bardzo szybko na\u0142aduje akumulatory o ma\u0142ej pojemno\u015bci. Stan \u0142adowarki sygnalizowany jest za pomoc\u0105 4 diod LED. Dodatkowo \u0142adowarka automatycznie wykrywa na\u0142adowanie akumulator\u00f3w i ko\u0144czy \u0142adowanie. \u0141adowarka posiada w zestawie kabel zasilaj\u0105cy do pod\u0142\u0105czenia zasilania sieciowego 230 V.<\/p>\n<p>\n  <img decoding=\"async\" src=\"https:\/\/assets.innpro.pl\/14261\/17861\/pol_pl_Ladowarka-SkyRC-e450-2-4S-6-8S-LiPo-LiFe-LiHV-NiMH-10095_1.jpg\" border=\"0\" alt=\"\">\n<\/p>\n<h3>W zestawie<\/h3>\n<ul>\n<li>\u0141adowarka E450<\/li>\n<li>Kabel zasilaj\u0105cy<\/li>\n<li>Przew\u00f3d XT60 zako\u0144czony banankami<\/li>\n<\/ul>\n<div class=\"table-wrapper\">\n<p>&nbsp;<\/p>\n<h3><\/h3>\n<table>\n<tbody>\n<tr>\n<th>Producent <\/th>\n<td>SkyRC<\/td>\n<\/tr>\n<tr>\n<th>Model <\/th>\n<td>SK-100122-02<\/td>\n<\/tr>\n<tr>\n<th>Zasilanie <\/th>\n<td>AC 100-240V <\/td>\n<\/tr>\n<tr>\n<th>Typ baterii <\/th>\n<td>LiPo\/Li-Fe\/LiHV\/NiMH<\/td>\n<\/tr>\n<tr>\n<th>Ilo\u015b\u0107 \u0142adowanych celi <\/th>\n<td>2-4 \/ 6-8 dla NiMH <\/td>\n<\/tr>\n<tr>\n<th>Pr\u0105d \u0142adowania <\/th>\n<td>4 A Max \u00b1 10%<\/td>\n<\/tr>\n<tr>\n<th>Ko\u0144cowe napi\u0119cie na cel\u0119<\/th>\n<td>LiPo 4.2V \u00b1 0.02V; LiFe 3.6V \u00b1 0.02V; LiHV 4,35V \u00b1 0.02V; NiMH -\u0394V <\/td>\n<\/tr>\n<tr>\n<th>Zasilanie obwodu <\/th>\n<td>50W \u00b1 10%<\/td>\n<\/tr>\n<tr>\n<th>Wymiary <\/th>\n<td>110,7 x 69,4 x 40,5 mm <\/td>\n<\/tr>\n<tr>\n<th>Waga<\/th>\n<td>220 g<\/td>\n<\/tr>\n<\/tbody>\n<\/table>\n<\/div>\n","protected":false},"excerpt":{"rendered":"<p>\u0141adowarka SkyRC e450 2-4S \/ 6-8S LiPo \/ LiFe \/ LiHV \/ NiMH SkyRC E450 to uniwersalna \u0142adowarka dedykowana do<\/p>\n","protected":false},"featured_media":54986,"comment_status":"closed","ping_status":"open","template":"","meta":{"_acf_changed":false},"product_brand":[],"product_cat":[1173,1174,1169],"product_tag":[],"class_list":{"0":"post-54985","1":"product","2":"type-product","3":"status-publish","4":"has-post-thumbnail","6":"product_cat-ladowanie","7":"product_cat-ladowarki","8":"product_cat-modele-rc","9":"pa_okres-gwarancji-5754","10":"pa_producent-skyrc","12":"first","13":"outofstock","14":"taxable","15":"shipping-taxable","16":"purchasable","17":"product-type-simple"},"acf":[],"yoast_head":"<!-- This site is optimized with the Yoast SEO plugin v27.2 - https:\/\/yoast.com\/product\/yoast-seo-wordpress\/ -->\n<title>\u0141adowarka SKYRC e450 2-4S LiPo\/LiFe\/LiHV, 6-8S NiMH - IRONSKY.PL Sklep z Dronami<\/title>\n<meta name=\"description\" content=\"\u0141adowarka SKYRC e450 2-4S LiPo\/LiFe\/LiHV, 6-8S NiMH - \u2705 sklep z dronami i fachowym doradztwem. \u2705 Tutaj kupisz produkty DJI, Yuneec, Parrot, Syma i wiele innych, a tak\u017ce kursy i licencje na operatora drona.\" \/>\n<meta name=\"robots\" content=\"index, follow, max-snippet:-1, max-image-preview:large, max-video-preview:-1\" \/>\n<link rel=\"canonical\" href=\"https:\/\/ironsky.pl\/sklep\/produkt\/ladowarka-skyrc-e450-2-4s-lipo-life-lihv-6-8s-nimh\/\" \/>\n<meta property=\"og:locale\" content=\"pl_PL\" \/>\n<meta property=\"og:type\" content=\"article\" \/>\n<meta property=\"og:title\" content=\"\u0141adowarka SKYRC e450 2-4S LiPo\/LiFe\/LiHV, 6-8S NiMH - IRONSKY.PL Sklep z Dronami\" \/>\n<meta property=\"og:description\" content=\"\u0141adowarka SKYRC e450 2-4S LiPo\/LiFe\/LiHV, 6-8S NiMH - \u2705 sklep z dronami i fachowym doradztwem. \u2705 Tutaj kupisz produkty DJI, Yuneec, Parrot, Syma i wiele innych, a tak\u017ce kursy i licencje na operatora drona.\" \/>\n<meta property=\"og:url\" content=\"https:\/\/ironsky.pl\/sklep\/produkt\/ladowarka-skyrc-e450-2-4s-lipo-life-lihv-6-8s-nimh\/\" \/>\n<meta property=\"og:site_name\" content=\"IRONSKY.PL Sklep z Dronami\" \/>\n<meta property=\"article:modified_time\" content=\"2026-04-15T08:41:02+00:00\" \/>\n<meta property=\"og:image\" content=\"https:\/\/ironsky.pl\/sklep\/wp-content\/uploads\/2026\/04\/10095_1.jpg\" \/>\n\t<meta property=\"og:image:width\" content=\"684\" \/>\n\t<meta property=\"og:image:height\" content=\"600\" \/>\n\t<meta property=\"og:image:type\" content=\"image\/jpeg\" \/>\n<meta name=\"twitter:card\" content=\"summary_large_image\" \/>\n<meta name=\"twitter:label1\" content=\"Szacowany czas czytania\" \/>\n\t<meta name=\"twitter:data1\" content=\"1 minuta\" \/>\n<script type=\"application\/ld+json\" class=\"yoast-schema-graph\">{\"@context\":\"https:\/\/schema.org\",\"@graph\":[{\"@type\":\"WebPage\",\"@id\":\"https:\/\/ironsky.pl\/sklep\/produkt\/ladowarka-skyrc-e450-2-4s-lipo-life-lihv-6-8s-nimh\/\",\"url\":\"https:\/\/ironsky.pl\/sklep\/produkt\/ladowarka-skyrc-e450-2-4s-lipo-life-lihv-6-8s-nimh\/\",\"name\":\"\u0141adowarka SKYRC e450 2-4S LiPo\/LiFe\/LiHV, 6-8S NiMH - IRONSKY.PL Sklep z Dronami\",\"isPartOf\":{\"@id\":\"https:\/\/ironsky.pl\/sklep\/#website\"},\"primaryImageOfPage\":{\"@id\":\"https:\/\/ironsky.pl\/sklep\/produkt\/ladowarka-skyrc-e450-2-4s-lipo-life-lihv-6-8s-nimh\/#primaryimage\"},\"image\":{\"@id\":\"https:\/\/ironsky.pl\/sklep\/produkt\/ladowarka-skyrc-e450-2-4s-lipo-life-lihv-6-8s-nimh\/#primaryimage\"},\"thumbnailUrl\":\"https:\/\/ironsky.pl\/sklep\/wp-content\/uploads\/2026\/04\/10095_1.jpg\",\"datePublished\":\"2026-04-15T07:58:24+00:00\",\"dateModified\":\"2026-04-15T08:41:02+00:00\",\"description\":\"\u0141adowarka SKYRC e450 2-4S LiPo\/LiFe\/LiHV, 6-8S NiMH - \u2705 sklep z dronami i fachowym doradztwem. \u2705 Tutaj kupisz produkty DJI, Yuneec, Parrot, Syma i wiele innych, a tak\u017ce kursy i licencje na operatora drona.\",\"breadcrumb\":{\"@id\":\"https:\/\/ironsky.pl\/sklep\/produkt\/ladowarka-skyrc-e450-2-4s-lipo-life-lihv-6-8s-nimh\/#breadcrumb\"},\"inLanguage\":\"pl-PL\",\"potentialAction\":[{\"@type\":\"ReadAction\",\"target\":[\"https:\/\/ironsky.pl\/sklep\/produkt\/ladowarka-skyrc-e450-2-4s-lipo-life-lihv-6-8s-nimh\/\"]}]},{\"@type\":\"ImageObject\",\"inLanguage\":\"pl-PL\",\"@id\":\"https:\/\/ironsky.pl\/sklep\/produkt\/ladowarka-skyrc-e450-2-4s-lipo-life-lihv-6-8s-nimh\/#primaryimage\",\"url\":\"https:\/\/ironsky.pl\/sklep\/wp-content\/uploads\/2026\/04\/10095_1.jpg\",\"contentUrl\":\"https:\/\/ironsky.pl\/sklep\/wp-content\/uploads\/2026\/04\/10095_1.jpg\",\"width\":684,\"height\":600},{\"@type\":\"BreadcrumbList\",\"@id\":\"https:\/\/ironsky.pl\/sklep\/produkt\/ladowarka-skyrc-e450-2-4s-lipo-life-lihv-6-8s-nimh\/#breadcrumb\",\"itemListElement\":[{\"@type\":\"ListItem\",\"position\":1,\"name\":\"Strona g\u0142\u00f3wna\",\"item\":\"https:\/\/ironsky.pl\/sklep\/\"},{\"@type\":\"ListItem\",\"position\":2,\"name\":\"Wszystkie produkty\",\"item\":\"https:\/\/ironsky.pl\/sklep\/produkty\/\"},{\"@type\":\"ListItem\",\"position\":3,\"name\":\"\u0141adowarka SKYRC e450 2-4S LiPo\/LiFe\/LiHV, 6-8S NiMH\"}]},{\"@type\":\"WebSite\",\"@id\":\"https:\/\/ironsky.pl\/sklep\/#website\",\"url\":\"https:\/\/ironsky.pl\/sklep\/\",\"name\":\"IRONSKY.PL Sklep z Dronami\",\"description\":\"IRONSKY.PL Sklep z Dronami\",\"potentialAction\":[{\"@type\":\"SearchAction\",\"target\":{\"@type\":\"EntryPoint\",\"urlTemplate\":\"https:\/\/ironsky.pl\/sklep\/?s={search_term_string}\"},\"query-input\":{\"@type\":\"PropertyValueSpecification\",\"valueRequired\":true,\"valueName\":\"search_term_string\"}}],\"inLanguage\":\"pl-PL\"}]}<\/script>\n<!-- \/ Yoast SEO plugin. -->","yoast_head_json":{"title":"\u0141adowarka SKYRC e450 2-4S LiPo\/LiFe\/LiHV, 6-8S NiMH - IRONSKY.PL Sklep z Dronami","description":"\u0141adowarka SKYRC e450 2-4S LiPo\/LiFe\/LiHV, 6-8S NiMH - \u2705 sklep z dronami i fachowym doradztwem. \u2705 Tutaj kupisz produkty DJI, Yuneec, Parrot, Syma i wiele innych, a tak\u017ce kursy i licencje na operatora drona.","robots":{"index":"index","follow":"follow","max-snippet":"max-snippet:-1","max-image-preview":"max-image-preview:large","max-video-preview":"max-video-preview:-1"},"canonical":"https:\/\/ironsky.pl\/sklep\/produkt\/ladowarka-skyrc-e450-2-4s-lipo-life-lihv-6-8s-nimh\/","og_locale":"pl_PL","og_type":"article","og_title":"\u0141adowarka SKYRC e450 2-4S LiPo\/LiFe\/LiHV, 6-8S NiMH - IRONSKY.PL Sklep z Dronami","og_description":"\u0141adowarka SKYRC e450 2-4S LiPo\/LiFe\/LiHV, 6-8S NiMH - \u2705 sklep z dronami i fachowym doradztwem. \u2705 Tutaj kupisz produkty DJI, Yuneec, Parrot, Syma i wiele innych, a tak\u017ce kursy i licencje na operatora drona.","og_url":"https:\/\/ironsky.pl\/sklep\/produkt\/ladowarka-skyrc-e450-2-4s-lipo-life-lihv-6-8s-nimh\/","og_site_name":"IRONSKY.PL Sklep z Dronami","article_modified_time":"2026-04-15T08:41:02+00:00","og_image":[{"width":684,"height":600,"url":"https:\/\/ironsky.pl\/sklep\/wp-content\/uploads\/2026\/04\/10095_1.jpg","type":"image\/jpeg"}],"twitter_card":"summary_large_image","twitter_misc":{"Szacowany czas czytania":"1 minuta"},"schema":{"@context":"https:\/\/schema.org","@graph":[{"@type":"WebPage","@id":"https:\/\/ironsky.pl\/sklep\/produkt\/ladowarka-skyrc-e450-2-4s-lipo-life-lihv-6-8s-nimh\/","url":"https:\/\/ironsky.pl\/sklep\/produkt\/ladowarka-skyrc-e450-2-4s-lipo-life-lihv-6-8s-nimh\/","name":"\u0141adowarka SKYRC e450 2-4S LiPo\/LiFe\/LiHV, 6-8S NiMH - IRONSKY.PL Sklep z Dronami","isPartOf":{"@id":"https:\/\/ironsky.pl\/sklep\/#website"},"primaryImageOfPage":{"@id":"https:\/\/ironsky.pl\/sklep\/produkt\/ladowarka-skyrc-e450-2-4s-lipo-life-lihv-6-8s-nimh\/#primaryimage"},"image":{"@id":"https:\/\/ironsky.pl\/sklep\/produkt\/ladowarka-skyrc-e450-2-4s-lipo-life-lihv-6-8s-nimh\/#primaryimage"},"thumbnailUrl":"https:\/\/ironsky.pl\/sklep\/wp-content\/uploads\/2026\/04\/10095_1.jpg","datePublished":"2026-04-15T07:58:24+00:00","dateModified":"2026-04-15T08:41:02+00:00","description":"\u0141adowarka SKYRC e450 2-4S LiPo\/LiFe\/LiHV, 6-8S NiMH - \u2705 sklep z dronami i fachowym doradztwem. \u2705 Tutaj kupisz produkty DJI, Yuneec, Parrot, Syma i wiele innych, a tak\u017ce kursy i licencje na operatora drona.","breadcrumb":{"@id":"https:\/\/ironsky.pl\/sklep\/produkt\/ladowarka-skyrc-e450-2-4s-lipo-life-lihv-6-8s-nimh\/#breadcrumb"},"inLanguage":"pl-PL","potentialAction":[{"@type":"ReadAction","target":["https:\/\/ironsky.pl\/sklep\/produkt\/ladowarka-skyrc-e450-2-4s-lipo-life-lihv-6-8s-nimh\/"]}]},{"@type":"ImageObject","inLanguage":"pl-PL","@id":"https:\/\/ironsky.pl\/sklep\/produkt\/ladowarka-skyrc-e450-2-4s-lipo-life-lihv-6-8s-nimh\/#primaryimage","url":"https:\/\/ironsky.pl\/sklep\/wp-content\/uploads\/2026\/04\/10095_1.jpg","contentUrl":"https:\/\/ironsky.pl\/sklep\/wp-content\/uploads\/2026\/04\/10095_1.jpg","width":684,"height":600},{"@type":"BreadcrumbList","@id":"https:\/\/ironsky.pl\/sklep\/produkt\/ladowarka-skyrc-e450-2-4s-lipo-life-lihv-6-8s-nimh\/#breadcrumb","itemListElement":[{"@type":"ListItem","position":1,"name":"Strona g\u0142\u00f3wna","item":"https:\/\/ironsky.pl\/sklep\/"},{"@type":"ListItem","position":2,"name":"Wszystkie produkty","item":"https:\/\/ironsky.pl\/sklep\/produkty\/"},{"@type":"ListItem","position":3,"name":"\u0141adowarka SKYRC e450 2-4S LiPo\/LiFe\/LiHV, 6-8S NiMH"}]},{"@type":"WebSite","@id":"https:\/\/ironsky.pl\/sklep\/#website","url":"https:\/\/ironsky.pl\/sklep\/","name":"IRONSKY.PL Sklep z Dronami","description":"IRONSKY.PL Sklep z Dronami","potentialAction":[{"@type":"SearchAction","target":{"@type":"EntryPoint","urlTemplate":"https:\/\/ironsky.pl\/sklep\/?s={search_term_string}"},"query-input":{"@type":"PropertyValueSpecification","valueRequired":true,"valueName":"search_term_string"}}],"inLanguage":"pl-PL"}]}},"_links":{"self":[{"href":"https:\/\/ironsky.pl\/sklep\/wp-json\/wp\/v2\/product\/54985","targetHints":{"allow":["GET"]}}],"collection":[{"href":"https:\/\/ironsky.pl\/sklep\/wp-json\/wp\/v2\/product"}],"about":[{"href":"https:\/\/ironsky.pl\/sklep\/wp-json\/wp\/v2\/types\/product"}],"replies":[{"embeddable":true,"href":"https:\/\/ironsky.pl\/sklep\/wp-json\/wp\/v2\/comments?post=54985"}],"wp:featuredmedia":[{"embeddable":true,"href":"https:\/\/ironsky.pl\/sklep\/wp-json\/wp\/v2\/media\/54986"}],"wp:attachment":[{"href":"https:\/\/ironsky.pl\/sklep\/wp-json\/wp\/v2\/media?parent=54985"}],"wp:term":[{"taxonomy":"product_brand","embeddable":true,"href":"https:\/\/ironsky.pl\/sklep\/wp-json\/wp\/v2\/product_brand?post=54985"},{"taxonomy":"product_cat","embeddable":true,"href":"https:\/\/ironsky.pl\/sklep\/wp-json\/wp\/v2\/product_cat?post=54985"},{"taxonomy":"product_tag","embeddable":true,"href":"https:\/\/ironsky.pl\/sklep\/wp-json\/wp\/v2\/product_tag?post=54985"}],"curies":[{"name":"wp","href":"https:\/\/api.w.org\/{rel}","templated":true}]}}