{"id":54983,"date":"2026-04-15T09:58:24","date_gmt":"2026-04-15T07:58:24","guid":{"rendered":"https:\/\/ironsky.pl\/sklep\/produkt\/zyroskop-skyrc-gc301-do-samochodow-rc\/"},"modified":"2026-04-15T09:58:30","modified_gmt":"2026-04-15T07:58:30","slug":"zyroskop-skyrc-gc301-do-samochodow-rc","status":"publish","type":"product","link":"https:\/\/ironsky.pl\/sklep\/produkt\/zyroskop-skyrc-gc301-do-samochodow-rc\/","title":{"rendered":"\u017byroskop SKYRC GC301 do samochod\u00f3w RC"},"content":{"rendered":"<h3>\u017byroskop Do Modeli RC Samochod\u00f3w SkyRC Gyro GC301<\/h3>\n<p>SkyRC GC301-Gyro dedykowany jest dla samochod\u00f3w RC. Urz\u0105dzenie wykorzystuje czujnik \u017cyroskopowy oraz specjalny algorytm aby dostosowa\u0107 po\u0142o\u017cenie k\u00f3\u0142, aby zapewni\u0107 jeszcze lepsz\u0105 stabilno\u015b\u0107 oraz w\u0142a\u015bciwo\u015bci jezdne. Dzi\u0119ki GC301 model jest jeszcze bardziej zwrotny oraz \u0142atwiejszy w kontroli. Jest te\u017c wyj\u0105tkowo lekki oraz niewielki, dzi\u0119ki czemu mo\u017cna go zastosowa\u0107 w modelach ka\u017cdej skali bez obawy, \u017ce oka\u017ce si\u0119 za ci\u0119\u017cki lub znacznie podniesie wag\u0119 modelu.<\/p>\n<p><img decoding=\"async\" src=\"https:\/\/b2b.innpro.pl\/data\/include\/cms\/.jpg\" alt=\"\"><\/p>\n<div style=\"text-align: center;\" class=\"iai_bottom\"><span style=\"font-size: 12pt; color: #333333;\"><span style=\"font-size: 12pt; color: #333333;\"><br \/><img decoding=\"async\" style=\"display: block; margin-left: auto; margin-right: auto;\" src=\"\/data\/include\/cms\/1_DOMINIK\/987897998784747.jpg\" border=\"0\" width=\"800\" height=\"452\" \/><br \/><\/span><\/span><\/p>\n<hr \/>\n<p><strong><span style=\"font-size: 14pt; color: #333333;\"><br \/><\/span><\/strong><\/div>\n<h3>Najwa\u017cniejsze funkcje<\/h3>\n<p>Regulacja uk\u0142adu sterowniczego dla jeszcze lepszej kontroli. Dzi\u0119ki temu rozwi\u0105zaniu pokonywanie zakr\u0119t\u00f3w jest mo\u017cliwe przy jeszcze wi\u0119kszych pr\u0119dko\u015bciach, a sam model podczas jazdy jest jeszcze bardziej stabilny. Zdalna regulacja pozwalna na dostosowanie mocy poprzez 3-kana\u0142owy transmiter lub poprzez trymer umieszczony na urz\u0105dzeniu.<\/p>\n<div style=\"text-align: center;\" class=\"iai_bottom\"><\/p>\n<hr \/>\n<p><span style=\"font-size: 14pt;\"><strong><span style=\"color: #333333;\">Opis element\u00f3w GC301<br \/><\/span><\/strong><br \/><img decoding=\"async\" style=\"display: block; margin-left: auto; margin-right: auto;\" src=\"\/data\/include\/cms\/1_DOMINIK\/8585811111.jpg\" border=\"0\" width=\"800\" height=\"533\" \/><\/span><\/div>\n<div class=\"table-wrapper\">\n<table>\n<tbody>\n<tr>\n<th>Producent<\/th>\n<td>SkyRC<\/td>\n<\/tr>\n<tr>\n<th>Model<\/th>\n<td>SK-600142-01<\/td>\n<\/tr>\n<tr>\n<th>Napi\u0119cie pracy<\/th>\n<td>4 &#8211; 8.4 V<\/td>\n<\/tr>\n<tr>\n<th>Pob\u00f3r pr\u0105du<\/th>\n<td>25 mA<\/td>\n<\/tr>\n<tr>\n<th>Zakres temperatury pracy<\/th>\n<td>od -10\u00baC do +45\u00baC<\/td>\n<\/tr>\n<tr>\n<th>Waga<\/th>\n<td>3.6 g<\/td>\n<\/tr>\n<\/tbody>\n<\/table>\n<\/div>\n","protected":false},"excerpt":{"rendered":"<p>\u017byroskop Do Modeli RC Samochod\u00f3w SkyRC Gyro GC301 SkyRC GC301-Gyro dedykowany jest dla samochod\u00f3w RC. Urz\u0105dzenie wykorzystuje czujnik \u017cyroskopowy oraz<\/p>\n","protected":false},"featured_media":54984,"comment_status":"closed","ping_status":"open","template":"","meta":{"_acf_changed":false},"product_brand":[],"product_cat":[1169,1184],"product_tag":[],"class_list":{"0":"post-54983","1":"product","2":"type-product","3":"status-publish","4":"has-post-thumbnail","6":"product_cat-modele-rc","7":"product_cat-narzedzia-i-mierniki","8":"pa_okres-gwarancji-5754","9":"pa_producent-skyrc","11":"first","12":"outofstock","13":"taxable","14":"shipping-taxable","15":"purchasable","16":"product-type-simple"},"acf":[],"yoast_head":"<!-- This site is optimized with the Yoast SEO plugin v27.2 - https:\/\/yoast.com\/product\/yoast-seo-wordpress\/ -->\n<title>\u017byroskop SKYRC GC301 do samochod\u00f3w RC - IRONSKY.PL Sklep z Dronami<\/title>\n<meta name=\"description\" content=\"\u017byroskop SKYRC GC301 do samochod\u00f3w RC - \u2705 sklep z dronami i fachowym doradztwem. \u2705 Tutaj kupisz produkty DJI, Yuneec, Parrot, Syma i wiele innych, a tak\u017ce kursy i licencje na operatora drona.\" \/>\n<meta name=\"robots\" content=\"index, follow, max-snippet:-1, max-image-preview:large, max-video-preview:-1\" \/>\n<link rel=\"canonical\" href=\"https:\/\/ironsky.pl\/sklep\/produkt\/zyroskop-skyrc-gc301-do-samochodow-rc\/\" \/>\n<meta property=\"og:locale\" content=\"pl_PL\" \/>\n<meta property=\"og:type\" content=\"article\" \/>\n<meta property=\"og:title\" content=\"\u017byroskop SKYRC GC301 do samochod\u00f3w RC - IRONSKY.PL Sklep z Dronami\" \/>\n<meta property=\"og:description\" content=\"\u017byroskop SKYRC GC301 do samochod\u00f3w RC - \u2705 sklep z dronami i fachowym doradztwem. \u2705 Tutaj kupisz produkty DJI, Yuneec, Parrot, Syma i wiele innych, a tak\u017ce kursy i licencje na operatora drona.\" \/>\n<meta property=\"og:url\" content=\"https:\/\/ironsky.pl\/sklep\/produkt\/zyroskop-skyrc-gc301-do-samochodow-rc\/\" \/>\n<meta property=\"og:site_name\" content=\"IRONSKY.PL Sklep z Dronami\" \/>\n<meta property=\"article:modified_time\" content=\"2026-04-15T07:58:30+00:00\" \/>\n<meta property=\"og:image\" content=\"https:\/\/ironsky.pl\/sklep\/wp-content\/uploads\/2026\/04\/7074_2.jpg\" \/>\n\t<meta property=\"og:image:width\" content=\"720\" \/>\n\t<meta property=\"og:image:height\" content=\"480\" \/>\n\t<meta property=\"og:image:type\" content=\"image\/jpeg\" \/>\n<meta name=\"twitter:card\" content=\"summary_large_image\" \/>\n<meta name=\"twitter:label1\" content=\"Szacowany czas czytania\" \/>\n\t<meta name=\"twitter:data1\" content=\"1 minuta\" \/>\n<script type=\"application\/ld+json\" class=\"yoast-schema-graph\">{\"@context\":\"https:\/\/schema.org\",\"@graph\":[{\"@type\":\"WebPage\",\"@id\":\"https:\/\/ironsky.pl\/sklep\/produkt\/zyroskop-skyrc-gc301-do-samochodow-rc\/\",\"url\":\"https:\/\/ironsky.pl\/sklep\/produkt\/zyroskop-skyrc-gc301-do-samochodow-rc\/\",\"name\":\"\u017byroskop SKYRC GC301 do samochod\u00f3w RC - IRONSKY.PL Sklep z Dronami\",\"isPartOf\":{\"@id\":\"https:\/\/ironsky.pl\/sklep\/#website\"},\"primaryImageOfPage\":{\"@id\":\"https:\/\/ironsky.pl\/sklep\/produkt\/zyroskop-skyrc-gc301-do-samochodow-rc\/#primaryimage\"},\"image\":{\"@id\":\"https:\/\/ironsky.pl\/sklep\/produkt\/zyroskop-skyrc-gc301-do-samochodow-rc\/#primaryimage\"},\"thumbnailUrl\":\"https:\/\/ironsky.pl\/sklep\/wp-content\/uploads\/2026\/04\/7074_2.jpg\",\"datePublished\":\"2026-04-15T07:58:24+00:00\",\"dateModified\":\"2026-04-15T07:58:30+00:00\",\"description\":\"\u017byroskop SKYRC GC301 do samochod\u00f3w RC - \u2705 sklep z dronami i fachowym doradztwem. \u2705 Tutaj kupisz produkty DJI, Yuneec, Parrot, Syma i wiele innych, a tak\u017ce kursy i licencje na operatora drona.\",\"breadcrumb\":{\"@id\":\"https:\/\/ironsky.pl\/sklep\/produkt\/zyroskop-skyrc-gc301-do-samochodow-rc\/#breadcrumb\"},\"inLanguage\":\"pl-PL\",\"potentialAction\":[{\"@type\":\"ReadAction\",\"target\":[\"https:\/\/ironsky.pl\/sklep\/produkt\/zyroskop-skyrc-gc301-do-samochodow-rc\/\"]}]},{\"@type\":\"ImageObject\",\"inLanguage\":\"pl-PL\",\"@id\":\"https:\/\/ironsky.pl\/sklep\/produkt\/zyroskop-skyrc-gc301-do-samochodow-rc\/#primaryimage\",\"url\":\"https:\/\/ironsky.pl\/sklep\/wp-content\/uploads\/2026\/04\/7074_2.jpg\",\"contentUrl\":\"https:\/\/ironsky.pl\/sklep\/wp-content\/uploads\/2026\/04\/7074_2.jpg\",\"width\":720,\"height\":480},{\"@type\":\"BreadcrumbList\",\"@id\":\"https:\/\/ironsky.pl\/sklep\/produkt\/zyroskop-skyrc-gc301-do-samochodow-rc\/#breadcrumb\",\"itemListElement\":[{\"@type\":\"ListItem\",\"position\":1,\"name\":\"Strona g\u0142\u00f3wna\",\"item\":\"https:\/\/ironsky.pl\/sklep\/\"},{\"@type\":\"ListItem\",\"position\":2,\"name\":\"Wszystkie produkty\",\"item\":\"https:\/\/ironsky.pl\/sklep\/produkty\/\"},{\"@type\":\"ListItem\",\"position\":3,\"name\":\"\u017byroskop SKYRC GC301 do samochod\u00f3w RC\"}]},{\"@type\":\"WebSite\",\"@id\":\"https:\/\/ironsky.pl\/sklep\/#website\",\"url\":\"https:\/\/ironsky.pl\/sklep\/\",\"name\":\"IRONSKY.PL Sklep z Dronami\",\"description\":\"IRONSKY.PL Sklep z Dronami\",\"potentialAction\":[{\"@type\":\"SearchAction\",\"target\":{\"@type\":\"EntryPoint\",\"urlTemplate\":\"https:\/\/ironsky.pl\/sklep\/?s={search_term_string}\"},\"query-input\":{\"@type\":\"PropertyValueSpecification\",\"valueRequired\":true,\"valueName\":\"search_term_string\"}}],\"inLanguage\":\"pl-PL\"}]}<\/script>\n<!-- \/ Yoast SEO plugin. -->","yoast_head_json":{"title":"\u017byroskop SKYRC GC301 do samochod\u00f3w RC - IRONSKY.PL Sklep z Dronami","description":"\u017byroskop SKYRC GC301 do samochod\u00f3w RC - \u2705 sklep z dronami i fachowym doradztwem. \u2705 Tutaj kupisz produkty DJI, Yuneec, Parrot, Syma i wiele innych, a tak\u017ce kursy i licencje na operatora drona.","robots":{"index":"index","follow":"follow","max-snippet":"max-snippet:-1","max-image-preview":"max-image-preview:large","max-video-preview":"max-video-preview:-1"},"canonical":"https:\/\/ironsky.pl\/sklep\/produkt\/zyroskop-skyrc-gc301-do-samochodow-rc\/","og_locale":"pl_PL","og_type":"article","og_title":"\u017byroskop SKYRC GC301 do samochod\u00f3w RC - IRONSKY.PL Sklep z Dronami","og_description":"\u017byroskop SKYRC GC301 do samochod\u00f3w RC - \u2705 sklep z dronami i fachowym doradztwem. \u2705 Tutaj kupisz produkty DJI, Yuneec, Parrot, Syma i wiele innych, a tak\u017ce kursy i licencje na operatora drona.","og_url":"https:\/\/ironsky.pl\/sklep\/produkt\/zyroskop-skyrc-gc301-do-samochodow-rc\/","og_site_name":"IRONSKY.PL Sklep z Dronami","article_modified_time":"2026-04-15T07:58:30+00:00","og_image":[{"width":720,"height":480,"url":"https:\/\/ironsky.pl\/sklep\/wp-content\/uploads\/2026\/04\/7074_2.jpg","type":"image\/jpeg"}],"twitter_card":"summary_large_image","twitter_misc":{"Szacowany czas czytania":"1 minuta"},"schema":{"@context":"https:\/\/schema.org","@graph":[{"@type":"WebPage","@id":"https:\/\/ironsky.pl\/sklep\/produkt\/zyroskop-skyrc-gc301-do-samochodow-rc\/","url":"https:\/\/ironsky.pl\/sklep\/produkt\/zyroskop-skyrc-gc301-do-samochodow-rc\/","name":"\u017byroskop SKYRC GC301 do samochod\u00f3w RC - IRONSKY.PL Sklep z Dronami","isPartOf":{"@id":"https:\/\/ironsky.pl\/sklep\/#website"},"primaryImageOfPage":{"@id":"https:\/\/ironsky.pl\/sklep\/produkt\/zyroskop-skyrc-gc301-do-samochodow-rc\/#primaryimage"},"image":{"@id":"https:\/\/ironsky.pl\/sklep\/produkt\/zyroskop-skyrc-gc301-do-samochodow-rc\/#primaryimage"},"thumbnailUrl":"https:\/\/ironsky.pl\/sklep\/wp-content\/uploads\/2026\/04\/7074_2.jpg","datePublished":"2026-04-15T07:58:24+00:00","dateModified":"2026-04-15T07:58:30+00:00","description":"\u017byroskop SKYRC GC301 do samochod\u00f3w RC - \u2705 sklep z dronami i fachowym doradztwem. \u2705 Tutaj kupisz produkty DJI, Yuneec, Parrot, Syma i wiele innych, a tak\u017ce kursy i licencje na operatora drona.","breadcrumb":{"@id":"https:\/\/ironsky.pl\/sklep\/produkt\/zyroskop-skyrc-gc301-do-samochodow-rc\/#breadcrumb"},"inLanguage":"pl-PL","potentialAction":[{"@type":"ReadAction","target":["https:\/\/ironsky.pl\/sklep\/produkt\/zyroskop-skyrc-gc301-do-samochodow-rc\/"]}]},{"@type":"ImageObject","inLanguage":"pl-PL","@id":"https:\/\/ironsky.pl\/sklep\/produkt\/zyroskop-skyrc-gc301-do-samochodow-rc\/#primaryimage","url":"https:\/\/ironsky.pl\/sklep\/wp-content\/uploads\/2026\/04\/7074_2.jpg","contentUrl":"https:\/\/ironsky.pl\/sklep\/wp-content\/uploads\/2026\/04\/7074_2.jpg","width":720,"height":480},{"@type":"BreadcrumbList","@id":"https:\/\/ironsky.pl\/sklep\/produkt\/zyroskop-skyrc-gc301-do-samochodow-rc\/#breadcrumb","itemListElement":[{"@type":"ListItem","position":1,"name":"Strona g\u0142\u00f3wna","item":"https:\/\/ironsky.pl\/sklep\/"},{"@type":"ListItem","position":2,"name":"Wszystkie produkty","item":"https:\/\/ironsky.pl\/sklep\/produkty\/"},{"@type":"ListItem","position":3,"name":"\u017byroskop SKYRC GC301 do samochod\u00f3w RC"}]},{"@type":"WebSite","@id":"https:\/\/ironsky.pl\/sklep\/#website","url":"https:\/\/ironsky.pl\/sklep\/","name":"IRONSKY.PL Sklep z Dronami","description":"IRONSKY.PL Sklep z Dronami","potentialAction":[{"@type":"SearchAction","target":{"@type":"EntryPoint","urlTemplate":"https:\/\/ironsky.pl\/sklep\/?s={search_term_string}"},"query-input":{"@type":"PropertyValueSpecification","valueRequired":true,"valueName":"search_term_string"}}],"inLanguage":"pl-PL"}]}},"_links":{"self":[{"href":"https:\/\/ironsky.pl\/sklep\/wp-json\/wp\/v2\/product\/54983","targetHints":{"allow":["GET"]}}],"collection":[{"href":"https:\/\/ironsky.pl\/sklep\/wp-json\/wp\/v2\/product"}],"about":[{"href":"https:\/\/ironsky.pl\/sklep\/wp-json\/wp\/v2\/types\/product"}],"replies":[{"embeddable":true,"href":"https:\/\/ironsky.pl\/sklep\/wp-json\/wp\/v2\/comments?post=54983"}],"wp:featuredmedia":[{"embeddable":true,"href":"https:\/\/ironsky.pl\/sklep\/wp-json\/wp\/v2\/media\/54984"}],"wp:attachment":[{"href":"https:\/\/ironsky.pl\/sklep\/wp-json\/wp\/v2\/media?parent=54983"}],"wp:term":[{"taxonomy":"product_brand","embeddable":true,"href":"https:\/\/ironsky.pl\/sklep\/wp-json\/wp\/v2\/product_brand?post=54983"},{"taxonomy":"product_cat","embeddable":true,"href":"https:\/\/ironsky.pl\/sklep\/wp-json\/wp\/v2\/product_cat?post=54983"},{"taxonomy":"product_tag","embeddable":true,"href":"https:\/\/ironsky.pl\/sklep\/wp-json\/wp\/v2\/product_tag?post=54983"}],"curies":[{"name":"wp","href":"https:\/\/api.w.org\/{rel}","templated":true}]}}