{"id":54976,"date":"2026-04-15T09:58:24","date_gmt":"2026-04-15T07:58:24","guid":{"rendered":"https:\/\/ironsky.pl\/sklep\/produkt\/ladowarka-skyrc-imax-b6-mini-60w-6a\/"},"modified":"2026-04-15T10:41:00","modified_gmt":"2026-04-15T08:41:00","slug":"ladowarka-skyrc-imax-b6-mini-60w-6a","status":"publish","type":"product","link":"https:\/\/ironsky.pl\/sklep\/produkt\/ladowarka-skyrc-imax-b6-mini-60w-6a\/","title":{"rendered":"\u0141adowarka SKYRC iMax B6 Mini 60W 6A"},"content":{"rendered":"<h3>\u0141adowarka SkyRC iMax B6 Mini<\/h3>\n<p>\u0141adowarka SkyRC B6 mini to mniejsza wersja znanej \u0142adowarki iMax B6. W por\u00f3wnaniu do B6 posiada nowe cechy i funkcje i wi\u0119ksz\u0105 moc pomimo mniejszych rozmiar\u00f3w. W por\u00f3wnaniu z modelem B6, wersja Mini ma moc wi\u0119ksz\u0105 o 20%. U\u017cytkownicy mog\u0105 pod\u0142\u0105czy\u0107 \u0142adowark\u0119 do komputera i zdalnie ni\u0105 sterowa\u0107 za pomoc\u0105 specjalnego oprogramowania. \u0141adowarka posiada tak\u017ce miernik rezystancji i miernik akumulator\u00f3w litowych. SkyRC B6 Mini to wysoka wydajno\u015b\u0107, mikroprocesorowa kontrola \u0142adowania \/ roz\u0142adowywania wszystkich typ\u00f3w baterii, posiada wbudowany konektor do 6 celi. Maksymalny pr\u0105d \u0142adowania to 6 A a maksymalna moc to 60 W. Uwaga: \u0141adowarka B6 Mini obs\u0142uguje teraz akumulatory LiHV.<\/p>\n<p>\n<img decoding=\"async\" src=\"https:\/\/assets.innpro.pl\/12778\/15507\/SKYRC_B6MINI_1.jpg\" border=\"0\" alt=\"\" \/>\n<\/p>\n<h3>Kompaktowa i nowoczesna<\/h3>\n<p>\u0141adowarka B6 Mini jest wyj\u0105tkowo ma\u0142a i nowoczesna. Posiada dwuliniowy, wyra\u017any wy\u015bwietlacz LCD na kt\u00f3rym z \u0142atwo\u015bci\u0105 ustawisz odpowiednie parametry \u0142adowania. \u0141adowarka posiada tak\u017ce port USB do pod\u0142\u0105czenia z komputerem PC. Z kolei aktywne ch\u0142odzenie zapewnia stabiln\u0105 i bezpieczn\u0105 prac\u0119.<\/p>\n<p>\n<img decoding=\"async\" src=\"https:\/\/assets.innpro.pl\/12778\/15507\/SKYRC_B6MINI_2.jpg\" border=\"0\" alt=\"\" \/>\n<\/p>\n<h3>Kontrola z komputera PC<\/h3>\n<p>U\u017cytkownik ma mo\u017cliwo\u015b\u0107 monitorowania napi\u0119cia w pakietach, poszczeg\u00f3lnych celach i wiele innych funkcji do kt\u00f3rych mam podgl\u0105d graficzny dzi\u0119ki rekomendowanej aplikacji od SkyRC.<\/p>\n<p>\n<img decoding=\"async\" src=\"https:\/\/assets.innpro.pl\/12778\/15507\/SKYRC_B6MINI_3.jpg\" border=\"0\" alt=\"\" \/>\n<\/p>\n<h3>W zestawie<\/h3>\n<ul class=\"list-disc pl-5\">\n<li>\u0141adowarka B6 Mini<\/li>\n<li>Przew\u00f3d zasilania z krokodylkami<\/li>\n<li>Przew\u00f3d zasilania typu T z: banankami, krokodylkami, wtyczk\u0105 Futaba, wtyczk\u0105 JST, wtyczk\u0105 XT60<\/li>\n<\/ul>\n<div class=\"table-wrapper\">\n<p>\u00a0<\/p>\n<h3><\/h3>\n<table>\n<tbody>\n<tr>\n<th>Producent <\/th>\n<td>SkyRC<\/td>\n<\/tr>\n<tr>\n<th>Model <\/th>\n<td>SK-100084<\/td>\n<\/tr>\n<tr>\n<th>Waga <\/th>\n<td>233 g<\/td>\n<\/tr>\n<tr>\n<th>Wej\u015bciowe napi\u0119cie <\/th>\n<td>11-18 V<\/td>\n<\/tr>\n<tr>\n<th>Max. \u0141adowanie <\/th>\n<td>60 W<\/td>\n<\/tr>\n<tr>\n<th>Max. Roz\u0142adowanie <\/th>\n<td>5 W<\/td>\n<\/tr>\n<tr>\n<th>Zakres pr\u0105du \u0142adowania <\/th>\n<td>0.1-6 A<\/td>\n<\/tr>\n<tr>\n<th>Zakres pradu roz\u0142adowania <\/th>\n<td>0.1-2 A<\/td>\n<\/tr>\n<tr>\n<th>Napi\u0119cie baterii <\/th>\n<td>PB 2-20 V<\/td>\n<\/tr>\n<tr>\n<th>Pulsacyjny pr\u0105d \u0142adowania <\/th>\n<td>50-300 mA &amp; OFF<\/td>\n<\/tr>\n<tr>\n<th>LiPo\/LiFe\/Lilon\/LiHV ilo\u015b\u0107 \u0142adowanych celi <\/th>\n<td>1-6S<\/td>\n<\/tr>\n<tr>\n<th>NiMH\/NiCd ilo\u015b\u0107 \u0142adowanych celi <\/th>\n<td>1-15S<\/td>\n<\/tr>\n<\/tbody>\n<\/table>\n<\/div>\n","protected":false},"excerpt":{"rendered":"<p>\u0141adowarka SkyRC iMax B6 Mini \u0141adowarka SkyRC B6 mini to mniejsza wersja znanej \u0142adowarki iMax B6. W por\u00f3wnaniu do B6<\/p>\n","protected":false},"featured_media":54977,"comment_status":"closed","ping_status":"open","template":"","meta":{"_acf_changed":false},"product_brand":[],"product_cat":[1173,1174,1169],"product_tag":[],"class_list":{"0":"post-54976","1":"product","2":"type-product","3":"status-publish","4":"has-post-thumbnail","6":"product_cat-ladowanie","7":"product_cat-ladowarki","8":"product_cat-modele-rc","9":"pa_okres-gwarancji-5754","10":"pa_producent-skyrc","12":"first","13":"outofstock","14":"taxable","15":"shipping-taxable","16":"purchasable","17":"product-type-simple"},"acf":[],"yoast_head":"<!-- This site is optimized with the Yoast SEO plugin v27.2 - https:\/\/yoast.com\/product\/yoast-seo-wordpress\/ -->\n<title>\u0141adowarka SKYRC iMax B6 Mini 60W 6A - IRONSKY.PL Sklep z Dronami<\/title>\n<meta name=\"description\" content=\"\u0141adowarka SKYRC iMax B6 Mini 60W 6A - \u2705 sklep z dronami i fachowym doradztwem. \u2705 Tutaj kupisz produkty DJI, Yuneec, Parrot, Syma i wiele innych, a tak\u017ce kursy i licencje na operatora drona.\" \/>\n<meta name=\"robots\" content=\"index, follow, max-snippet:-1, max-image-preview:large, max-video-preview:-1\" \/>\n<link rel=\"canonical\" href=\"https:\/\/ironsky.pl\/sklep\/produkt\/ladowarka-skyrc-imax-b6-mini-60w-6a\/\" \/>\n<meta property=\"og:locale\" content=\"pl_PL\" \/>\n<meta property=\"og:type\" content=\"article\" \/>\n<meta property=\"og:title\" content=\"\u0141adowarka SKYRC iMax B6 Mini 60W 6A - IRONSKY.PL Sklep z Dronami\" \/>\n<meta property=\"og:description\" content=\"\u0141adowarka SKYRC iMax B6 Mini 60W 6A - \u2705 sklep z dronami i fachowym doradztwem. \u2705 Tutaj kupisz produkty DJI, Yuneec, Parrot, Syma i wiele innych, a tak\u017ce kursy i licencje na operatora drona.\" \/>\n<meta property=\"og:url\" content=\"https:\/\/ironsky.pl\/sklep\/produkt\/ladowarka-skyrc-imax-b6-mini-60w-6a\/\" \/>\n<meta property=\"og:site_name\" content=\"IRONSKY.PL Sklep z Dronami\" \/>\n<meta property=\"article:modified_time\" content=\"2026-04-15T08:41:00+00:00\" \/>\n<meta property=\"og:image\" content=\"https:\/\/ironsky.pl\/sklep\/wp-content\/uploads\/2026\/04\/4146_1.jpg\" \/>\n\t<meta property=\"og:image:width\" content=\"720\" \/>\n\t<meta property=\"og:image:height\" content=\"480\" \/>\n\t<meta property=\"og:image:type\" content=\"image\/jpeg\" \/>\n<meta name=\"twitter:card\" content=\"summary_large_image\" \/>\n<meta name=\"twitter:label1\" content=\"Szacowany czas czytania\" \/>\n\t<meta name=\"twitter:data1\" content=\"1 minuta\" \/>\n<script type=\"application\/ld+json\" class=\"yoast-schema-graph\">{\"@context\":\"https:\/\/schema.org\",\"@graph\":[{\"@type\":\"WebPage\",\"@id\":\"https:\/\/ironsky.pl\/sklep\/produkt\/ladowarka-skyrc-imax-b6-mini-60w-6a\/\",\"url\":\"https:\/\/ironsky.pl\/sklep\/produkt\/ladowarka-skyrc-imax-b6-mini-60w-6a\/\",\"name\":\"\u0141adowarka SKYRC iMax B6 Mini 60W 6A - IRONSKY.PL Sklep z Dronami\",\"isPartOf\":{\"@id\":\"https:\/\/ironsky.pl\/sklep\/#website\"},\"primaryImageOfPage\":{\"@id\":\"https:\/\/ironsky.pl\/sklep\/produkt\/ladowarka-skyrc-imax-b6-mini-60w-6a\/#primaryimage\"},\"image\":{\"@id\":\"https:\/\/ironsky.pl\/sklep\/produkt\/ladowarka-skyrc-imax-b6-mini-60w-6a\/#primaryimage\"},\"thumbnailUrl\":\"https:\/\/ironsky.pl\/sklep\/wp-content\/uploads\/2026\/04\/4146_1.jpg\",\"datePublished\":\"2026-04-15T07:58:24+00:00\",\"dateModified\":\"2026-04-15T08:41:00+00:00\",\"description\":\"\u0141adowarka SKYRC iMax B6 Mini 60W 6A - \u2705 sklep z dronami i fachowym doradztwem. \u2705 Tutaj kupisz produkty DJI, Yuneec, Parrot, Syma i wiele innych, a tak\u017ce kursy i licencje na operatora drona.\",\"breadcrumb\":{\"@id\":\"https:\/\/ironsky.pl\/sklep\/produkt\/ladowarka-skyrc-imax-b6-mini-60w-6a\/#breadcrumb\"},\"inLanguage\":\"pl-PL\",\"potentialAction\":[{\"@type\":\"ReadAction\",\"target\":[\"https:\/\/ironsky.pl\/sklep\/produkt\/ladowarka-skyrc-imax-b6-mini-60w-6a\/\"]}]},{\"@type\":\"ImageObject\",\"inLanguage\":\"pl-PL\",\"@id\":\"https:\/\/ironsky.pl\/sklep\/produkt\/ladowarka-skyrc-imax-b6-mini-60w-6a\/#primaryimage\",\"url\":\"https:\/\/ironsky.pl\/sklep\/wp-content\/uploads\/2026\/04\/4146_1.jpg\",\"contentUrl\":\"https:\/\/ironsky.pl\/sklep\/wp-content\/uploads\/2026\/04\/4146_1.jpg\",\"width\":720,\"height\":480},{\"@type\":\"BreadcrumbList\",\"@id\":\"https:\/\/ironsky.pl\/sklep\/produkt\/ladowarka-skyrc-imax-b6-mini-60w-6a\/#breadcrumb\",\"itemListElement\":[{\"@type\":\"ListItem\",\"position\":1,\"name\":\"Strona g\u0142\u00f3wna\",\"item\":\"https:\/\/ironsky.pl\/sklep\/\"},{\"@type\":\"ListItem\",\"position\":2,\"name\":\"Wszystkie produkty\",\"item\":\"https:\/\/ironsky.pl\/sklep\/produkty\/\"},{\"@type\":\"ListItem\",\"position\":3,\"name\":\"\u0141adowarka SKYRC iMax B6 Mini 60W 6A\"}]},{\"@type\":\"WebSite\",\"@id\":\"https:\/\/ironsky.pl\/sklep\/#website\",\"url\":\"https:\/\/ironsky.pl\/sklep\/\",\"name\":\"IRONSKY.PL Sklep z Dronami\",\"description\":\"IRONSKY.PL Sklep z Dronami\",\"potentialAction\":[{\"@type\":\"SearchAction\",\"target\":{\"@type\":\"EntryPoint\",\"urlTemplate\":\"https:\/\/ironsky.pl\/sklep\/?s={search_term_string}\"},\"query-input\":{\"@type\":\"PropertyValueSpecification\",\"valueRequired\":true,\"valueName\":\"search_term_string\"}}],\"inLanguage\":\"pl-PL\"}]}<\/script>\n<!-- \/ Yoast SEO plugin. -->","yoast_head_json":{"title":"\u0141adowarka SKYRC iMax B6 Mini 60W 6A - IRONSKY.PL Sklep z Dronami","description":"\u0141adowarka SKYRC iMax B6 Mini 60W 6A - \u2705 sklep z dronami i fachowym doradztwem. \u2705 Tutaj kupisz produkty DJI, Yuneec, Parrot, Syma i wiele innych, a tak\u017ce kursy i licencje na operatora drona.","robots":{"index":"index","follow":"follow","max-snippet":"max-snippet:-1","max-image-preview":"max-image-preview:large","max-video-preview":"max-video-preview:-1"},"canonical":"https:\/\/ironsky.pl\/sklep\/produkt\/ladowarka-skyrc-imax-b6-mini-60w-6a\/","og_locale":"pl_PL","og_type":"article","og_title":"\u0141adowarka SKYRC iMax B6 Mini 60W 6A - IRONSKY.PL Sklep z Dronami","og_description":"\u0141adowarka SKYRC iMax B6 Mini 60W 6A - \u2705 sklep z dronami i fachowym doradztwem. \u2705 Tutaj kupisz produkty DJI, Yuneec, Parrot, Syma i wiele innych, a tak\u017ce kursy i licencje na operatora drona.","og_url":"https:\/\/ironsky.pl\/sklep\/produkt\/ladowarka-skyrc-imax-b6-mini-60w-6a\/","og_site_name":"IRONSKY.PL Sklep z Dronami","article_modified_time":"2026-04-15T08:41:00+00:00","og_image":[{"width":720,"height":480,"url":"https:\/\/ironsky.pl\/sklep\/wp-content\/uploads\/2026\/04\/4146_1.jpg","type":"image\/jpeg"}],"twitter_card":"summary_large_image","twitter_misc":{"Szacowany czas czytania":"1 minuta"},"schema":{"@context":"https:\/\/schema.org","@graph":[{"@type":"WebPage","@id":"https:\/\/ironsky.pl\/sklep\/produkt\/ladowarka-skyrc-imax-b6-mini-60w-6a\/","url":"https:\/\/ironsky.pl\/sklep\/produkt\/ladowarka-skyrc-imax-b6-mini-60w-6a\/","name":"\u0141adowarka SKYRC iMax B6 Mini 60W 6A - IRONSKY.PL Sklep z Dronami","isPartOf":{"@id":"https:\/\/ironsky.pl\/sklep\/#website"},"primaryImageOfPage":{"@id":"https:\/\/ironsky.pl\/sklep\/produkt\/ladowarka-skyrc-imax-b6-mini-60w-6a\/#primaryimage"},"image":{"@id":"https:\/\/ironsky.pl\/sklep\/produkt\/ladowarka-skyrc-imax-b6-mini-60w-6a\/#primaryimage"},"thumbnailUrl":"https:\/\/ironsky.pl\/sklep\/wp-content\/uploads\/2026\/04\/4146_1.jpg","datePublished":"2026-04-15T07:58:24+00:00","dateModified":"2026-04-15T08:41:00+00:00","description":"\u0141adowarka SKYRC iMax B6 Mini 60W 6A - \u2705 sklep z dronami i fachowym doradztwem. \u2705 Tutaj kupisz produkty DJI, Yuneec, Parrot, Syma i wiele innych, a tak\u017ce kursy i licencje na operatora drona.","breadcrumb":{"@id":"https:\/\/ironsky.pl\/sklep\/produkt\/ladowarka-skyrc-imax-b6-mini-60w-6a\/#breadcrumb"},"inLanguage":"pl-PL","potentialAction":[{"@type":"ReadAction","target":["https:\/\/ironsky.pl\/sklep\/produkt\/ladowarka-skyrc-imax-b6-mini-60w-6a\/"]}]},{"@type":"ImageObject","inLanguage":"pl-PL","@id":"https:\/\/ironsky.pl\/sklep\/produkt\/ladowarka-skyrc-imax-b6-mini-60w-6a\/#primaryimage","url":"https:\/\/ironsky.pl\/sklep\/wp-content\/uploads\/2026\/04\/4146_1.jpg","contentUrl":"https:\/\/ironsky.pl\/sklep\/wp-content\/uploads\/2026\/04\/4146_1.jpg","width":720,"height":480},{"@type":"BreadcrumbList","@id":"https:\/\/ironsky.pl\/sklep\/produkt\/ladowarka-skyrc-imax-b6-mini-60w-6a\/#breadcrumb","itemListElement":[{"@type":"ListItem","position":1,"name":"Strona g\u0142\u00f3wna","item":"https:\/\/ironsky.pl\/sklep\/"},{"@type":"ListItem","position":2,"name":"Wszystkie produkty","item":"https:\/\/ironsky.pl\/sklep\/produkty\/"},{"@type":"ListItem","position":3,"name":"\u0141adowarka SKYRC iMax B6 Mini 60W 6A"}]},{"@type":"WebSite","@id":"https:\/\/ironsky.pl\/sklep\/#website","url":"https:\/\/ironsky.pl\/sklep\/","name":"IRONSKY.PL Sklep z Dronami","description":"IRONSKY.PL Sklep z Dronami","potentialAction":[{"@type":"SearchAction","target":{"@type":"EntryPoint","urlTemplate":"https:\/\/ironsky.pl\/sklep\/?s={search_term_string}"},"query-input":{"@type":"PropertyValueSpecification","valueRequired":true,"valueName":"search_term_string"}}],"inLanguage":"pl-PL"}]}},"_links":{"self":[{"href":"https:\/\/ironsky.pl\/sklep\/wp-json\/wp\/v2\/product\/54976","targetHints":{"allow":["GET"]}}],"collection":[{"href":"https:\/\/ironsky.pl\/sklep\/wp-json\/wp\/v2\/product"}],"about":[{"href":"https:\/\/ironsky.pl\/sklep\/wp-json\/wp\/v2\/types\/product"}],"replies":[{"embeddable":true,"href":"https:\/\/ironsky.pl\/sklep\/wp-json\/wp\/v2\/comments?post=54976"}],"wp:featuredmedia":[{"embeddable":true,"href":"https:\/\/ironsky.pl\/sklep\/wp-json\/wp\/v2\/media\/54977"}],"wp:attachment":[{"href":"https:\/\/ironsky.pl\/sklep\/wp-json\/wp\/v2\/media?parent=54976"}],"wp:term":[{"taxonomy":"product_brand","embeddable":true,"href":"https:\/\/ironsky.pl\/sklep\/wp-json\/wp\/v2\/product_brand?post=54976"},{"taxonomy":"product_cat","embeddable":true,"href":"https:\/\/ironsky.pl\/sklep\/wp-json\/wp\/v2\/product_cat?post=54976"},{"taxonomy":"product_tag","embeddable":true,"href":"https:\/\/ironsky.pl\/sklep\/wp-json\/wp\/v2\/product_tag?post=54976"}],"curies":[{"name":"wp","href":"https:\/\/api.w.org\/{rel}","templated":true}]}}