{"id":54974,"date":"2026-04-15T09:58:24","date_gmt":"2026-04-15T07:58:24","guid":{"rendered":"https:\/\/ironsky.pl\/sklep\/produkt\/ladowarka-skyrc-imax-b6ac-v2-2\/"},"modified":"2026-04-15T09:58:24","modified_gmt":"2026-04-15T07:58:24","slug":"ladowarka-skyrc-imax-b6ac-v2-2","status":"publish","type":"product","link":"https:\/\/ironsky.pl\/sklep\/produkt\/ladowarka-skyrc-imax-b6ac-v2-2\/","title":{"rendered":"\u0141adowarka SKYRC iMax B6AC V2"},"content":{"rendered":"<h3>\u0141adowarka SkyRC iMax B6AC V2<\/h3>\n<p>SkyRC B6AC V2 to ulepszona wersja wszystkim znanej \u0142adowarki iMax B6AC V1. W por\u00f3wnaniu do wersji B6AC V1 jest bardziej stabilna i dok\u0142adna, a tak\u017ce posiada kilka nowych funkcji. U\u017cytkownicy samodzielnie mog\u0105 ustawi\u0107 napi\u0119cie \u0142adowarki, a tak\u017ce kontrolowa\u0107 j\u0105 za pomoc\u0105 PC. \u0141adowarka posiada czujnik ograniczenia pr\u0105dowego, wbudowany miernik rezystancji i miernik baterii litowo jonowej, limit temperatury i czasu \u0142adowania kt\u00f3ry sprawia \u017ce \u0142adowarka jest du\u017co bardziej bezpieczna ni\u017c V1. SkyRC B6AC + V2 to wysokiej klasy mikroprocesorowa \u0142adowarka \/ roz\u0142adowarka kt\u00f3ra nadaje si\u0119 do wszystkich rodzaj\u00f3w baterii (LiPo,LiFE,Lilon). Maksymalny pr\u0105d \u0142adowania to 6A, a maksymalna moc to 50A.<\/p>\n<p><img decoding=\"async\" src=\"https:\/\/b2b.innpro.pl\/data\/include\/cms\/1_DOMINIK\/SkyRC\/SkyRC_B6AC_1.jpg\" alt=\"1_DOMINIK\/SkyRC\/SkyRC_B6AC_1\"><\/p>\n<h3>R\u00f3\u017cne tryby pracy i kontrola z komputera PC<\/h3>\n<p>U\u017cytkownik ma mo\u017cliwo\u015b\u0107 monitorowania napi\u0119cia w pakietach, poszczeg\u00f3lnych celach i wiele innych funkcji do kt\u00f3rych mam podgl\u0105d graficzny dzi\u0119ki rekomendowanej aplikacji od SkyRC.<\/p>\n<p><img decoding=\"async\" src=\"https:\/\/b2b.innpro.pl\/data\/include\/cms\/1_DOMINIK\/SkyRC\/SkyRC_B6AC_3.jpg\" alt=\"1_DOMINIK\/SkyRC\/SkyRC_B6AC_3\"><\/p>\n<h3>W zestawie:<\/h3>\n<ul>\n<li>\u0141adowarka<\/li>\n<li>Kabel zasilaj\u0105cy            <\/li>\n<li>Przew\u00f3d z ko\u0144c\u00f3wk\u0105 typu T zako\u0144czony: wtykiem bananowym, banankami, krokodylami, wtykiem futaba, wtykiem JST, wtykiem XT60<\/li>\n<\/ul>\n<div class=\"table-wrapper\">\n<table>\n<tbody>\n<tr>\n<th>Producent<\/th>\n<td>SkyRC<\/td>\n<\/tr>\n<tr>\n<th>Model<\/th>\n<td>SK-100008-11<\/td>\n<\/tr>\n<tr>\n<th>Waga<\/th>\n<td>632 g<\/td>\n<\/tr>\n<tr>\n<th>Wej\u015bciowe napi\u0119cie<\/th>\n<td>AC100-240 V \/DC 11-18 V<\/td>\n<\/tr>\n<tr>\n<th>Max. \u0141adowanie<\/th>\n<td>50 W<\/td>\n<\/tr>\n<tr>\n<th>Max. Roz\u0142adowanie<\/th>\n<td>5 W<\/td>\n<\/tr>\n<tr>\n<th>Zakres pr\u0105du \u0142adowania<\/th>\n<td>0.1-6 A<\/td>\n<\/tr>\n<tr>\n<th>Zakres pradu roz\u0142adowania<\/th>\n<td>0.1-2 A<\/td>\n<\/tr>\n<tr>\n<th>Napi\u0119cie baterii PB <\/th>\n<td>2-20 V<\/td>\n<\/tr>\n<tr>\n<th>LiPo\/LiFe\/Lilon\/LiHV ilo\u015b\u0107 \u0142adowanych celi <\/th>\n<td>1-6 S<\/td>\n<\/tr>\n<tr>\n<th>NiMH\/NiCd ilo\u015b\u0107 \u0142adowanych celi <\/th>\n<td>1-15 S<\/td>\n<\/tr>\n<\/tbody>\n<\/table>\n<\/div>\n","protected":false},"excerpt":{"rendered":"<p>\u0141adowarka SkyRC iMax B6AC V2 SkyRC B6AC V2 to ulepszona wersja wszystkim znanej \u0142adowarki iMax B6AC V1. W por\u00f3wnaniu do<\/p>\n","protected":false},"featured_media":54975,"comment_status":"closed","ping_status":"open","template":"","meta":{"_acf_changed":false},"product_brand":[],"product_cat":[1173,1174,1169],"product_tag":[],"class_list":{"0":"post-54974","1":"product","2":"type-product","3":"status-publish","4":"has-post-thumbnail","6":"product_cat-ladowanie","7":"product_cat-ladowarki","8":"product_cat-modele-rc","9":"pa_okres-gwarancji-5754","10":"pa_producent-skyrc","12":"first","13":"outofstock","14":"taxable","15":"shipping-taxable","16":"purchasable","17":"product-type-simple"},"acf":[],"yoast_head":"<!-- This site is optimized with the Yoast SEO plugin v27.2 - https:\/\/yoast.com\/product\/yoast-seo-wordpress\/ -->\n<title>\u0141adowarka SKYRC iMax B6AC V2 - IRONSKY.PL Sklep z Dronami<\/title>\n<meta name=\"description\" content=\"\u0141adowarka SKYRC iMax B6AC V2 - \u2705 sklep z dronami i fachowym doradztwem. \u2705 Tutaj kupisz produkty DJI, Yuneec, Parrot, Syma i wiele innych, a tak\u017ce kursy i licencje na operatora drona.\" \/>\n<meta name=\"robots\" content=\"index, follow, max-snippet:-1, max-image-preview:large, max-video-preview:-1\" \/>\n<link rel=\"canonical\" href=\"https:\/\/ironsky.pl\/sklep\/produkt\/ladowarka-skyrc-imax-b6ac-v2-2\/\" \/>\n<meta property=\"og:locale\" content=\"pl_PL\" \/>\n<meta property=\"og:type\" content=\"article\" \/>\n<meta property=\"og:title\" content=\"\u0141adowarka SKYRC iMax B6AC V2 - IRONSKY.PL Sklep z Dronami\" \/>\n<meta property=\"og:description\" content=\"\u0141adowarka SKYRC iMax B6AC V2 - \u2705 sklep z dronami i fachowym doradztwem. \u2705 Tutaj kupisz produkty DJI, Yuneec, Parrot, Syma i wiele innych, a tak\u017ce kursy i licencje na operatora drona.\" \/>\n<meta property=\"og:url\" content=\"https:\/\/ironsky.pl\/sklep\/produkt\/ladowarka-skyrc-imax-b6ac-v2-2\/\" \/>\n<meta property=\"og:site_name\" content=\"IRONSKY.PL Sklep z Dronami\" \/>\n<meta property=\"og:image\" content=\"https:\/\/ironsky.pl\/sklep\/wp-content\/uploads\/2026\/04\/4145_1.jpg\" \/>\n\t<meta property=\"og:image:width\" content=\"500\" \/>\n\t<meta property=\"og:image:height\" content=\"406\" \/>\n\t<meta property=\"og:image:type\" content=\"image\/jpeg\" \/>\n<meta name=\"twitter:card\" content=\"summary_large_image\" \/>\n<meta name=\"twitter:label1\" content=\"Szacowany czas czytania\" \/>\n\t<meta name=\"twitter:data1\" content=\"1 minuta\" \/>\n<script type=\"application\/ld+json\" class=\"yoast-schema-graph\">{\"@context\":\"https:\/\/schema.org\",\"@graph\":[{\"@type\":\"WebPage\",\"@id\":\"https:\/\/ironsky.pl\/sklep\/produkt\/ladowarka-skyrc-imax-b6ac-v2-2\/\",\"url\":\"https:\/\/ironsky.pl\/sklep\/produkt\/ladowarka-skyrc-imax-b6ac-v2-2\/\",\"name\":\"\u0141adowarka SKYRC iMax B6AC V2 - IRONSKY.PL Sklep z Dronami\",\"isPartOf\":{\"@id\":\"https:\/\/ironsky.pl\/sklep\/#website\"},\"primaryImageOfPage\":{\"@id\":\"https:\/\/ironsky.pl\/sklep\/produkt\/ladowarka-skyrc-imax-b6ac-v2-2\/#primaryimage\"},\"image\":{\"@id\":\"https:\/\/ironsky.pl\/sklep\/produkt\/ladowarka-skyrc-imax-b6ac-v2-2\/#primaryimage\"},\"thumbnailUrl\":\"https:\/\/ironsky.pl\/sklep\/wp-content\/uploads\/2026\/04\/4145_1.jpg\",\"datePublished\":\"2026-04-15T07:58:24+00:00\",\"description\":\"\u0141adowarka SKYRC iMax B6AC V2 - \u2705 sklep z dronami i fachowym doradztwem. \u2705 Tutaj kupisz produkty DJI, Yuneec, Parrot, Syma i wiele innych, a tak\u017ce kursy i licencje na operatora drona.\",\"breadcrumb\":{\"@id\":\"https:\/\/ironsky.pl\/sklep\/produkt\/ladowarka-skyrc-imax-b6ac-v2-2\/#breadcrumb\"},\"inLanguage\":\"pl-PL\",\"potentialAction\":[{\"@type\":\"ReadAction\",\"target\":[\"https:\/\/ironsky.pl\/sklep\/produkt\/ladowarka-skyrc-imax-b6ac-v2-2\/\"]}]},{\"@type\":\"ImageObject\",\"inLanguage\":\"pl-PL\",\"@id\":\"https:\/\/ironsky.pl\/sklep\/produkt\/ladowarka-skyrc-imax-b6ac-v2-2\/#primaryimage\",\"url\":\"https:\/\/ironsky.pl\/sklep\/wp-content\/uploads\/2026\/04\/4145_1.jpg\",\"contentUrl\":\"https:\/\/ironsky.pl\/sklep\/wp-content\/uploads\/2026\/04\/4145_1.jpg\",\"width\":500,\"height\":406},{\"@type\":\"BreadcrumbList\",\"@id\":\"https:\/\/ironsky.pl\/sklep\/produkt\/ladowarka-skyrc-imax-b6ac-v2-2\/#breadcrumb\",\"itemListElement\":[{\"@type\":\"ListItem\",\"position\":1,\"name\":\"Strona g\u0142\u00f3wna\",\"item\":\"https:\/\/ironsky.pl\/sklep\/\"},{\"@type\":\"ListItem\",\"position\":2,\"name\":\"Wszystkie produkty\",\"item\":\"https:\/\/ironsky.pl\/sklep\/produkty\/\"},{\"@type\":\"ListItem\",\"position\":3,\"name\":\"\u0141adowarka SKYRC iMax B6AC V2\"}]},{\"@type\":\"WebSite\",\"@id\":\"https:\/\/ironsky.pl\/sklep\/#website\",\"url\":\"https:\/\/ironsky.pl\/sklep\/\",\"name\":\"IRONSKY.PL Sklep z Dronami\",\"description\":\"IRONSKY.PL Sklep z Dronami\",\"potentialAction\":[{\"@type\":\"SearchAction\",\"target\":{\"@type\":\"EntryPoint\",\"urlTemplate\":\"https:\/\/ironsky.pl\/sklep\/?s={search_term_string}\"},\"query-input\":{\"@type\":\"PropertyValueSpecification\",\"valueRequired\":true,\"valueName\":\"search_term_string\"}}],\"inLanguage\":\"pl-PL\"}]}<\/script>\n<!-- \/ Yoast SEO plugin. -->","yoast_head_json":{"title":"\u0141adowarka SKYRC iMax B6AC V2 - IRONSKY.PL Sklep z Dronami","description":"\u0141adowarka SKYRC iMax B6AC V2 - \u2705 sklep z dronami i fachowym doradztwem. \u2705 Tutaj kupisz produkty DJI, Yuneec, Parrot, Syma i wiele innych, a tak\u017ce kursy i licencje na operatora drona.","robots":{"index":"index","follow":"follow","max-snippet":"max-snippet:-1","max-image-preview":"max-image-preview:large","max-video-preview":"max-video-preview:-1"},"canonical":"https:\/\/ironsky.pl\/sklep\/produkt\/ladowarka-skyrc-imax-b6ac-v2-2\/","og_locale":"pl_PL","og_type":"article","og_title":"\u0141adowarka SKYRC iMax B6AC V2 - IRONSKY.PL Sklep z Dronami","og_description":"\u0141adowarka SKYRC iMax B6AC V2 - \u2705 sklep z dronami i fachowym doradztwem. \u2705 Tutaj kupisz produkty DJI, Yuneec, Parrot, Syma i wiele innych, a tak\u017ce kursy i licencje na operatora drona.","og_url":"https:\/\/ironsky.pl\/sklep\/produkt\/ladowarka-skyrc-imax-b6ac-v2-2\/","og_site_name":"IRONSKY.PL Sklep z Dronami","og_image":[{"width":500,"height":406,"url":"https:\/\/ironsky.pl\/sklep\/wp-content\/uploads\/2026\/04\/4145_1.jpg","type":"image\/jpeg"}],"twitter_card":"summary_large_image","twitter_misc":{"Szacowany czas czytania":"1 minuta"},"schema":{"@context":"https:\/\/schema.org","@graph":[{"@type":"WebPage","@id":"https:\/\/ironsky.pl\/sklep\/produkt\/ladowarka-skyrc-imax-b6ac-v2-2\/","url":"https:\/\/ironsky.pl\/sklep\/produkt\/ladowarka-skyrc-imax-b6ac-v2-2\/","name":"\u0141adowarka SKYRC iMax B6AC V2 - IRONSKY.PL Sklep z Dronami","isPartOf":{"@id":"https:\/\/ironsky.pl\/sklep\/#website"},"primaryImageOfPage":{"@id":"https:\/\/ironsky.pl\/sklep\/produkt\/ladowarka-skyrc-imax-b6ac-v2-2\/#primaryimage"},"image":{"@id":"https:\/\/ironsky.pl\/sklep\/produkt\/ladowarka-skyrc-imax-b6ac-v2-2\/#primaryimage"},"thumbnailUrl":"https:\/\/ironsky.pl\/sklep\/wp-content\/uploads\/2026\/04\/4145_1.jpg","datePublished":"2026-04-15T07:58:24+00:00","description":"\u0141adowarka SKYRC iMax B6AC V2 - \u2705 sklep z dronami i fachowym doradztwem. \u2705 Tutaj kupisz produkty DJI, Yuneec, Parrot, Syma i wiele innych, a tak\u017ce kursy i licencje na operatora drona.","breadcrumb":{"@id":"https:\/\/ironsky.pl\/sklep\/produkt\/ladowarka-skyrc-imax-b6ac-v2-2\/#breadcrumb"},"inLanguage":"pl-PL","potentialAction":[{"@type":"ReadAction","target":["https:\/\/ironsky.pl\/sklep\/produkt\/ladowarka-skyrc-imax-b6ac-v2-2\/"]}]},{"@type":"ImageObject","inLanguage":"pl-PL","@id":"https:\/\/ironsky.pl\/sklep\/produkt\/ladowarka-skyrc-imax-b6ac-v2-2\/#primaryimage","url":"https:\/\/ironsky.pl\/sklep\/wp-content\/uploads\/2026\/04\/4145_1.jpg","contentUrl":"https:\/\/ironsky.pl\/sklep\/wp-content\/uploads\/2026\/04\/4145_1.jpg","width":500,"height":406},{"@type":"BreadcrumbList","@id":"https:\/\/ironsky.pl\/sklep\/produkt\/ladowarka-skyrc-imax-b6ac-v2-2\/#breadcrumb","itemListElement":[{"@type":"ListItem","position":1,"name":"Strona g\u0142\u00f3wna","item":"https:\/\/ironsky.pl\/sklep\/"},{"@type":"ListItem","position":2,"name":"Wszystkie produkty","item":"https:\/\/ironsky.pl\/sklep\/produkty\/"},{"@type":"ListItem","position":3,"name":"\u0141adowarka SKYRC iMax B6AC V2"}]},{"@type":"WebSite","@id":"https:\/\/ironsky.pl\/sklep\/#website","url":"https:\/\/ironsky.pl\/sklep\/","name":"IRONSKY.PL Sklep z Dronami","description":"IRONSKY.PL Sklep z Dronami","potentialAction":[{"@type":"SearchAction","target":{"@type":"EntryPoint","urlTemplate":"https:\/\/ironsky.pl\/sklep\/?s={search_term_string}"},"query-input":{"@type":"PropertyValueSpecification","valueRequired":true,"valueName":"search_term_string"}}],"inLanguage":"pl-PL"}]}},"_links":{"self":[{"href":"https:\/\/ironsky.pl\/sklep\/wp-json\/wp\/v2\/product\/54974","targetHints":{"allow":["GET"]}}],"collection":[{"href":"https:\/\/ironsky.pl\/sklep\/wp-json\/wp\/v2\/product"}],"about":[{"href":"https:\/\/ironsky.pl\/sklep\/wp-json\/wp\/v2\/types\/product"}],"replies":[{"embeddable":true,"href":"https:\/\/ironsky.pl\/sklep\/wp-json\/wp\/v2\/comments?post=54974"}],"wp:featuredmedia":[{"embeddable":true,"href":"https:\/\/ironsky.pl\/sklep\/wp-json\/wp\/v2\/media\/54975"}],"wp:attachment":[{"href":"https:\/\/ironsky.pl\/sklep\/wp-json\/wp\/v2\/media?parent=54974"}],"wp:term":[{"taxonomy":"product_brand","embeddable":true,"href":"https:\/\/ironsky.pl\/sklep\/wp-json\/wp\/v2\/product_brand?post=54974"},{"taxonomy":"product_cat","embeddable":true,"href":"https:\/\/ironsky.pl\/sklep\/wp-json\/wp\/v2\/product_cat?post=54974"},{"taxonomy":"product_tag","embeddable":true,"href":"https:\/\/ironsky.pl\/sklep\/wp-json\/wp\/v2\/product_tag?post=54974"}],"curies":[{"name":"wp","href":"https:\/\/api.w.org\/{rel}","templated":true}]}}