{"id":52353,"date":"2026-02-10T14:43:06","date_gmt":"2026-02-10T13:43:06","guid":{"rendered":"https:\/\/ironsky.pl\/drony-sklep\/produkt\/plecak-tomtoc-navigator-t66-liteway-16-40l-szary\/"},"modified":"2026-05-15T17:14:34","modified_gmt":"2026-05-15T15:14:34","slug":"plecak-tomtoc-navigator-t66-liteway-16-40l-szary","status":"publish","type":"product","link":"https:\/\/ironsky.pl\/sklep\/produkt\/plecak-tomtoc-navigator-t66-liteway-16-40l-szary\/","title":{"rendered":"Plecak TOMTOC Navigator-T66 Liteway 16&#8243; 40L (szary)"},"content":{"rendered":"<h3>Podr\u00f3\u017cny plecak Tomtoc Navigator-T66 Liteway, 16&#8243;\/40L (szary)<\/h3>\n<p>Tomtoc Navigator-T66 Liteway to podr\u00f3\u017cny plecak o pojemno\u015bci 40 l, zaprojektowany z my\u015bl\u0105 o 3\u20135-dniowych wyjazdach i podr\u00f3\u017cach lotniczych. Jego konstrukcja odpowiada wielko\u015bci walizki kabinowej 20\u201d. Produkt zosta\u0142 wykonany z lekkiej tkaniny Ripstop 400D oraz wzmocnionego, odpornego na przetarcia poliestru 1680D, co zapewnia dobr\u0105 r\u00f3wnowag\u0119 mi\u0119dzy nisk\u0105 wag\u0105 a trwa\u0142o\u015bci\u0105. Mo\u017cliwo\u015b\u0107 kompresji pozwala zmniejszy\u0107 obj\u0119to\u015b\u0107 plecaka, gdy nie jest w pe\u0142ni zapakowany, dzi\u0119ki czemu zachowuje smuk\u0142y kszta\u0142t przy l\u017cejszym \u0142adunku.<\/p>\n<p>\n<img decoding=\"async\" src=\"https:\/\/assets.innpro.pl\/19632\/26176\/Podrozny-plecak-Tomtoc-Navigator-T66-Liteway-lifestyle-1.jpg\" border=\"0\" alt=\"Para os\u00f3b z plecakami Tomtoc Navigator T66 w czarnym i szarym kolorze\" \/>\n<\/p>\n<h3>Przemy\u015blana organizacja przestrzeni<\/h3>\n<p>Pojemno\u015b\u0107 40 l zosta\u0142a zoptymalizowana pod k\u0105tem kr\u00f3tkich podr\u00f3\u017cy, oferuj\u0105c miejsce por\u00f3wnywalne do kabinowej walizki 20\u201d. G\u0142\u00f3wna komora pomie\u015bci ubrania i wi\u0119ksze elementy wyposa\u017cenia, a przednia kiesze\u0144 nada si\u0119 do przechowywania dokument\u00f3w, notes\u00f3w i codziennych akcesori\u00f3w. Z kolei na g\u00f3rze umieszczono kiesze\u0144 szybkiego dost\u0119pu, idealn\u0105 na paszport, bilety, okulary przeciws\u0142oneczne czy s\u0142uchawki, co pozwala si\u0119gn\u0105\u0107 po najpotrzebniejsze rzeczy bez otwierania ca\u0142ego baga\u017cu.<\/p>\n<p>\n<img decoding=\"async\" src=\"https:\/\/assets.innpro.pl\/19632\/26176\/Podrozny-plecak-Tomtoc-Navigator-T66-Liteway-lifestyle-7.jpg\" border=\"0\" alt=\"Otwarta komora g\u0142\u00f3wna plecaka Tomtoc Navigator T66 z laptopem i organizerami\" \/>\n<\/p>\n<h3>Idealny do samolotu<\/h3>\n<p>Plecak bez problemu mie\u015bci si\u0119 w schowkach w samolotach, eliminuj\u0105c konieczno\u015b\u0107 nadawania dodatkowego baga\u017cu. Ponadto przemy\u015blana konstrukcja umo\u017cliwia otwarcie plecaka na p\u0142asko pod k\u0105tem 180\u00b0, co u\u0142atwia i przyspiesza kontrol\u0119 bezpiecze\u0144stwa na lotnisku,a jednocze\u015bnie zapewnia wygodny dost\u0119p do potrzebnych rzeczy.<\/p>\n<p>\n<img decoding=\"async\" src=\"https:\/\/assets.innpro.pl\/19632\/26176\/Podrozny-plecak-Tomtoc-Navigator-T66-Liteway-lifestyle-9.jpg\" border=\"0\" alt=\"R\u0119ce trzymaj\u0105ce plecak Tomtoc Navigator T66 w schowku baga\u017cowym samolotu\" \/>\n<\/p>\n<h3>Elastyczno\u015b\u0107 i wygoda noszenia<\/h3>\n<p>Navigator-T66 Liteway dopasowuje si\u0119 do aktualnych potrzeb u\u017cytkownika. System kompresji pozwala zmniejszy\u0107 obj\u0119to\u015b\u0107 plecaka, gdy jest zapakowany tylko cz\u0119\u015bciowo, co poprawia stabilno\u015b\u0107 i komfort noszenia. Dwie boczne kieszenie umo\u017cliwiaj\u0105 wygodne przenoszenie butelki z wod\u0105 lub parasola, a pas piersiowy i pas do mocowania na r\u0105czce walizki u\u0142atwia przemieszczanie si\u0119 po lotniskach i dworcach.<\/p>\n<p>\n<img decoding=\"async\" src=\"https:\/\/assets.innpro.pl\/19632\/26176\/Podrozny-plecak-Tomtoc-Navigator-T66-Liteway-lifestyle-5.jpg\" border=\"0\" alt=\"Osoba wyjmuj\u0105ca bidon z bocznej kieszeni szarego plecaka\" \/>\n<\/p>\n<h3>Dopracowany w ka\u017cdym szczeg\u00f3le<\/h3>\n<p>Zastosowanie tkaniny Ripstop 400D zapewnia lekko\u015b\u0107 i odporno\u015b\u0107 na rozdarcia, natomiast elementy z poliestru 1680D chroni\u0105 newralgiczne strefy przed przetarciami. Zamki YKK\u00ae s\u0105 przystosowane do zabezpieczenia k\u0142\u00f3dk\u0105 (brak w zestawie), co zwi\u0119ksza bezpiecze\u0144stwo zawarto\u015bci podczas podr\u00f3\u017cy i w zat\u0142oczonych miejscach.<\/p>\n<p>\n<img decoding=\"async\" src=\"https:\/\/assets.innpro.pl\/19632\/26176\/Podrozny-plecak-Tomtoc-Navigator-T66-Liteway-lifestyle-3.jpg\" border=\"0\" alt=\"D\u0142onie wyjmuj\u0105ce powerbank z kieszeni szarego plecaka\" \/>\n<\/p>\n<div class=\"table-wrapper\">\n<p>\u00a0<\/p>\n<h3><\/h3>\n<table>\n<tbody>\n<tr>\n<th>Producent<\/th>\n<td>Tomtoc<\/td>\n<\/tr>\n<tr>\n<th>Model<\/th>\n<td>Navigator-T66 Liteway<\/td>\n<\/tr>\n<tr>\n<th>Typ<\/th>\n<td>Plecak podr\u00f3\u017cny<\/td>\n<\/tr>\n<tr>\n<th>Pojemno\u015b\u0107<\/th>\n<td>40 l<\/td>\n<\/tr>\n<tr>\n<th>Materia\u0142<\/th>\n<td>400D Ripstop Polyester, 1680D polyester<\/td>\n<\/tr>\n<tr>\n<th>Otwarcie 180\u00b0<\/th>\n<td>Tak<\/td>\n<\/tr>\n<tr>\n<th>Zamki b\u0142yskawiczne<\/th>\n<td>YKK\u00ae, mo\u017cliwo\u015b\u0107 u\u017cycia k\u0142\u00f3dki<\/td>\n<\/tr>\n<tr>\n<th>Kolor<\/th>\n<td>Szary<\/td>\n<\/tr>\n<tr>\n<th>Waga<\/th>\n<td>Ok. 1070 g<\/td>\n<\/tr>\n<tr>\n<th>Wymiary<\/th>\n<td>Ok. 52 x 33 x 23 cm<\/td>\n<\/tr>\n<\/tbody>\n<\/table>\n<\/div>\n","protected":false},"excerpt":{"rendered":"<p>Podr\u00f3\u017cny plecak Tomtoc Navigator-T66 Liteway, 16&#8243;\/40L (szary) Tomtoc Navigator-T66 Liteway to podr\u00f3\u017cny plecak o pojemno\u015bci 40 l, zaprojektowany z my\u015bl\u0105<\/p>\n","protected":false},"featured_media":52354,"comment_status":"closed","ping_status":"open","template":"","meta":{"_acf_changed":false},"product_brand":[],"product_cat":[6156],"product_tag":[],"class_list":{"0":"post-52353","1":"product","2":"type-product","3":"status-publish","4":"has-post-thumbnail","6":"product_cat-inne-produkty","7":"pa_okres-gwarancji-5757","8":"pa_producent-tomtoc","10":"first","11":"outofstock","12":"taxable","13":"shipping-taxable","14":"purchasable","15":"product-type-simple"},"acf":[],"yoast_head":"<!-- This site is optimized with the Yoast SEO plugin v27.2 - https:\/\/yoast.com\/product\/yoast-seo-wordpress\/ -->\n<title>Plecak TOMTOC Navigator-T66 Liteway 16&quot; 40L (szary) - IRONSKY.PL Sklep z Dronami<\/title>\n<meta name=\"description\" content=\"Plecak TOMTOC Navigator-T66 Liteway 16&quot; 40L (szary) - \u2705 sklep z dronami i fachowym doradztwem. \u2705 Tutaj kupisz produkty DJI, Yuneec, Parrot, Syma i wiele innych, a tak\u017ce kursy i licencje na operatora drona.\" \/>\n<meta name=\"robots\" content=\"index, follow, max-snippet:-1, max-image-preview:large, max-video-preview:-1\" \/>\n<link rel=\"canonical\" href=\"https:\/\/ironsky.pl\/sklep\/produkt\/plecak-tomtoc-navigator-t66-liteway-16-40l-szary\/\" \/>\n<meta property=\"og:locale\" content=\"pl_PL\" \/>\n<meta property=\"og:type\" content=\"article\" \/>\n<meta property=\"og:title\" content=\"Plecak TOMTOC Navigator-T66 Liteway 16&quot; 40L (szary) - IRONSKY.PL Sklep z Dronami\" \/>\n<meta property=\"og:description\" content=\"Plecak TOMTOC Navigator-T66 Liteway 16&quot; 40L (szary) - \u2705 sklep z dronami i fachowym doradztwem. \u2705 Tutaj kupisz produkty DJI, Yuneec, Parrot, Syma i wiele innych, a tak\u017ce kursy i licencje na operatora drona.\" \/>\n<meta property=\"og:url\" content=\"https:\/\/ironsky.pl\/sklep\/produkt\/plecak-tomtoc-navigator-t66-liteway-16-40l-szary\/\" \/>\n<meta property=\"og:site_name\" content=\"IRONSKY.PL Sklep z Dronami\" \/>\n<meta property=\"article:modified_time\" content=\"2026-05-15T15:14:34+00:00\" \/>\n<meta property=\"og:image\" content=\"https:\/\/ironsky.pl\/sklep\/wp-content\/uploads\/2026\/02\/57666_1.jpg\" \/>\n\t<meta property=\"og:image:width\" content=\"800\" \/>\n\t<meta property=\"og:image:height\" content=\"800\" \/>\n\t<meta property=\"og:image:type\" content=\"image\/jpeg\" \/>\n<meta name=\"twitter:card\" content=\"summary_large_image\" \/>\n<meta name=\"twitter:label1\" content=\"Szacowany czas czytania\" \/>\n\t<meta name=\"twitter:data1\" content=\"2 minuty\" \/>\n<script type=\"application\/ld+json\" class=\"yoast-schema-graph\">{\"@context\":\"https:\/\/schema.org\",\"@graph\":[{\"@type\":\"WebPage\",\"@id\":\"https:\/\/ironsky.pl\/sklep\/produkt\/plecak-tomtoc-navigator-t66-liteway-16-40l-szary\/\",\"url\":\"https:\/\/ironsky.pl\/sklep\/produkt\/plecak-tomtoc-navigator-t66-liteway-16-40l-szary\/\",\"name\":\"Plecak TOMTOC Navigator-T66 Liteway 16\\\" 40L (szary) - IRONSKY.PL Sklep z Dronami\",\"isPartOf\":{\"@id\":\"https:\/\/ironsky.pl\/sklep\/#website\"},\"primaryImageOfPage\":{\"@id\":\"https:\/\/ironsky.pl\/sklep\/produkt\/plecak-tomtoc-navigator-t66-liteway-16-40l-szary\/#primaryimage\"},\"image\":{\"@id\":\"https:\/\/ironsky.pl\/sklep\/produkt\/plecak-tomtoc-navigator-t66-liteway-16-40l-szary\/#primaryimage\"},\"thumbnailUrl\":\"https:\/\/ironsky.pl\/sklep\/wp-content\/uploads\/2026\/02\/57666_1.jpg\",\"datePublished\":\"2026-02-10T13:43:06+00:00\",\"dateModified\":\"2026-05-15T15:14:34+00:00\",\"description\":\"Plecak TOMTOC Navigator-T66 Liteway 16\\\" 40L (szary) - \u2705 sklep z dronami i fachowym doradztwem. \u2705 Tutaj kupisz produkty DJI, Yuneec, Parrot, Syma i wiele innych, a tak\u017ce kursy i licencje na operatora drona.\",\"breadcrumb\":{\"@id\":\"https:\/\/ironsky.pl\/sklep\/produkt\/plecak-tomtoc-navigator-t66-liteway-16-40l-szary\/#breadcrumb\"},\"inLanguage\":\"pl-PL\",\"potentialAction\":[{\"@type\":\"ReadAction\",\"target\":[\"https:\/\/ironsky.pl\/sklep\/produkt\/plecak-tomtoc-navigator-t66-liteway-16-40l-szary\/\"]}]},{\"@type\":\"ImageObject\",\"inLanguage\":\"pl-PL\",\"@id\":\"https:\/\/ironsky.pl\/sklep\/produkt\/plecak-tomtoc-navigator-t66-liteway-16-40l-szary\/#primaryimage\",\"url\":\"https:\/\/ironsky.pl\/sklep\/wp-content\/uploads\/2026\/02\/57666_1.jpg\",\"contentUrl\":\"https:\/\/ironsky.pl\/sklep\/wp-content\/uploads\/2026\/02\/57666_1.jpg\",\"width\":800,\"height\":800},{\"@type\":\"BreadcrumbList\",\"@id\":\"https:\/\/ironsky.pl\/sklep\/produkt\/plecak-tomtoc-navigator-t66-liteway-16-40l-szary\/#breadcrumb\",\"itemListElement\":[{\"@type\":\"ListItem\",\"position\":1,\"name\":\"Strona g\u0142\u00f3wna\",\"item\":\"https:\/\/ironsky.pl\/sklep\/\"},{\"@type\":\"ListItem\",\"position\":2,\"name\":\"Wszystkie produkty\",\"item\":\"https:\/\/ironsky.pl\/sklep\/produkty\/\"},{\"@type\":\"ListItem\",\"position\":3,\"name\":\"Plecak TOMTOC Navigator-T66 Liteway 16&#8243; 40L (szary)\"}]},{\"@type\":\"WebSite\",\"@id\":\"https:\/\/ironsky.pl\/sklep\/#website\",\"url\":\"https:\/\/ironsky.pl\/sklep\/\",\"name\":\"IRONSKY.PL Sklep z Dronami\",\"description\":\"IRONSKY.PL Sklep z Dronami\",\"potentialAction\":[{\"@type\":\"SearchAction\",\"target\":{\"@type\":\"EntryPoint\",\"urlTemplate\":\"https:\/\/ironsky.pl\/sklep\/?s={search_term_string}\"},\"query-input\":{\"@type\":\"PropertyValueSpecification\",\"valueRequired\":true,\"valueName\":\"search_term_string\"}}],\"inLanguage\":\"pl-PL\"}]}<\/script>\n<!-- \/ Yoast SEO plugin. -->","yoast_head_json":{"title":"Plecak TOMTOC Navigator-T66 Liteway 16\" 40L (szary) - IRONSKY.PL Sklep z Dronami","description":"Plecak TOMTOC Navigator-T66 Liteway 16\" 40L (szary) - \u2705 sklep z dronami i fachowym doradztwem. \u2705 Tutaj kupisz produkty DJI, Yuneec, Parrot, Syma i wiele innych, a tak\u017ce kursy i licencje na operatora drona.","robots":{"index":"index","follow":"follow","max-snippet":"max-snippet:-1","max-image-preview":"max-image-preview:large","max-video-preview":"max-video-preview:-1"},"canonical":"https:\/\/ironsky.pl\/sklep\/produkt\/plecak-tomtoc-navigator-t66-liteway-16-40l-szary\/","og_locale":"pl_PL","og_type":"article","og_title":"Plecak TOMTOC Navigator-T66 Liteway 16\" 40L (szary) - IRONSKY.PL Sklep z Dronami","og_description":"Plecak TOMTOC Navigator-T66 Liteway 16\" 40L (szary) - \u2705 sklep z dronami i fachowym doradztwem. \u2705 Tutaj kupisz produkty DJI, Yuneec, Parrot, Syma i wiele innych, a tak\u017ce kursy i licencje na operatora drona.","og_url":"https:\/\/ironsky.pl\/sklep\/produkt\/plecak-tomtoc-navigator-t66-liteway-16-40l-szary\/","og_site_name":"IRONSKY.PL Sklep z Dronami","article_modified_time":"2026-05-15T15:14:34+00:00","og_image":[{"width":800,"height":800,"url":"https:\/\/ironsky.pl\/sklep\/wp-content\/uploads\/2026\/02\/57666_1.jpg","type":"image\/jpeg"}],"twitter_card":"summary_large_image","twitter_misc":{"Szacowany czas czytania":"2 minuty"},"schema":{"@context":"https:\/\/schema.org","@graph":[{"@type":"WebPage","@id":"https:\/\/ironsky.pl\/sklep\/produkt\/plecak-tomtoc-navigator-t66-liteway-16-40l-szary\/","url":"https:\/\/ironsky.pl\/sklep\/produkt\/plecak-tomtoc-navigator-t66-liteway-16-40l-szary\/","name":"Plecak TOMTOC Navigator-T66 Liteway 16\" 40L (szary) - IRONSKY.PL Sklep z Dronami","isPartOf":{"@id":"https:\/\/ironsky.pl\/sklep\/#website"},"primaryImageOfPage":{"@id":"https:\/\/ironsky.pl\/sklep\/produkt\/plecak-tomtoc-navigator-t66-liteway-16-40l-szary\/#primaryimage"},"image":{"@id":"https:\/\/ironsky.pl\/sklep\/produkt\/plecak-tomtoc-navigator-t66-liteway-16-40l-szary\/#primaryimage"},"thumbnailUrl":"https:\/\/ironsky.pl\/sklep\/wp-content\/uploads\/2026\/02\/57666_1.jpg","datePublished":"2026-02-10T13:43:06+00:00","dateModified":"2026-05-15T15:14:34+00:00","description":"Plecak TOMTOC Navigator-T66 Liteway 16\" 40L (szary) - \u2705 sklep z dronami i fachowym doradztwem. \u2705 Tutaj kupisz produkty DJI, Yuneec, Parrot, Syma i wiele innych, a tak\u017ce kursy i licencje na operatora drona.","breadcrumb":{"@id":"https:\/\/ironsky.pl\/sklep\/produkt\/plecak-tomtoc-navigator-t66-liteway-16-40l-szary\/#breadcrumb"},"inLanguage":"pl-PL","potentialAction":[{"@type":"ReadAction","target":["https:\/\/ironsky.pl\/sklep\/produkt\/plecak-tomtoc-navigator-t66-liteway-16-40l-szary\/"]}]},{"@type":"ImageObject","inLanguage":"pl-PL","@id":"https:\/\/ironsky.pl\/sklep\/produkt\/plecak-tomtoc-navigator-t66-liteway-16-40l-szary\/#primaryimage","url":"https:\/\/ironsky.pl\/sklep\/wp-content\/uploads\/2026\/02\/57666_1.jpg","contentUrl":"https:\/\/ironsky.pl\/sklep\/wp-content\/uploads\/2026\/02\/57666_1.jpg","width":800,"height":800},{"@type":"BreadcrumbList","@id":"https:\/\/ironsky.pl\/sklep\/produkt\/plecak-tomtoc-navigator-t66-liteway-16-40l-szary\/#breadcrumb","itemListElement":[{"@type":"ListItem","position":1,"name":"Strona g\u0142\u00f3wna","item":"https:\/\/ironsky.pl\/sklep\/"},{"@type":"ListItem","position":2,"name":"Wszystkie produkty","item":"https:\/\/ironsky.pl\/sklep\/produkty\/"},{"@type":"ListItem","position":3,"name":"Plecak TOMTOC Navigator-T66 Liteway 16&#8243; 40L (szary)"}]},{"@type":"WebSite","@id":"https:\/\/ironsky.pl\/sklep\/#website","url":"https:\/\/ironsky.pl\/sklep\/","name":"IRONSKY.PL Sklep z Dronami","description":"IRONSKY.PL Sklep z Dronami","potentialAction":[{"@type":"SearchAction","target":{"@type":"EntryPoint","urlTemplate":"https:\/\/ironsky.pl\/sklep\/?s={search_term_string}"},"query-input":{"@type":"PropertyValueSpecification","valueRequired":true,"valueName":"search_term_string"}}],"inLanguage":"pl-PL"}]}},"_links":{"self":[{"href":"https:\/\/ironsky.pl\/sklep\/wp-json\/wp\/v2\/product\/52353","targetHints":{"allow":["GET"]}}],"collection":[{"href":"https:\/\/ironsky.pl\/sklep\/wp-json\/wp\/v2\/product"}],"about":[{"href":"https:\/\/ironsky.pl\/sklep\/wp-json\/wp\/v2\/types\/product"}],"replies":[{"embeddable":true,"href":"https:\/\/ironsky.pl\/sklep\/wp-json\/wp\/v2\/comments?post=52353"}],"wp:featuredmedia":[{"embeddable":true,"href":"https:\/\/ironsky.pl\/sklep\/wp-json\/wp\/v2\/media\/52354"}],"wp:attachment":[{"href":"https:\/\/ironsky.pl\/sklep\/wp-json\/wp\/v2\/media?parent=52353"}],"wp:term":[{"taxonomy":"product_brand","embeddable":true,"href":"https:\/\/ironsky.pl\/sklep\/wp-json\/wp\/v2\/product_brand?post=52353"},{"taxonomy":"product_cat","embeddable":true,"href":"https:\/\/ironsky.pl\/sklep\/wp-json\/wp\/v2\/product_cat?post=52353"},{"taxonomy":"product_tag","embeddable":true,"href":"https:\/\/ironsky.pl\/sklep\/wp-json\/wp\/v2\/product_tag?post=52353"}],"curies":[{"name":"wp","href":"https:\/\/api.w.org\/{rel}","templated":true}]}}