{"id":52244,"date":"2026-02-10T14:41:55","date_gmt":"2026-02-10T13:41:55","guid":{"rendered":"https:\/\/ironsky.pl\/drony-sklep\/produkt\/skaner-3d-creality-cr-scan-raptor-pro\/"},"modified":"2026-04-16T11:24:08","modified_gmt":"2026-04-16T09:24:08","slug":"skaner-3d-creality-cr-scan-raptor-pro","status":"publish","type":"product","link":"https:\/\/ironsky.pl\/sklep\/produkt\/skaner-3d-creality-cr-scan-raptor-pro\/","title":{"rendered":"Skaner 3D Creality CR-Scan Raptor Pro"},"content":{"rendered":"<h3>Skaner 3D Creality CR-Scan Raptor Pro<\/h3>\n<p>Skaner 3D CR-Scan Raptor Pro to zaawansowane narz\u0119dzie pomiarowe stworzone z my\u015bl\u0105 o profesjonalnych zastosowaniach in\u017cynieryjnych, motoryzacyjnych, przemys\u0142owych i projektowych. \u0141\u0105czy w sobie trzy technologie skanowania \u2013 niebieskie linie laserowe, strukturalne \u015bwiat\u0142o podczerwone (NIR) oraz pe\u0142nokolorow\u0105 rejestracj\u0119 RGB \u2013 oferuj\u0105c niezwyk\u0142\u0105 dok\u0142adno\u015b\u0107, wysok\u0105 pr\u0119dko\u015b\u0107 pracy i ogromn\u0105 elastyczno\u015b\u0107 zastosowa\u0144. To rozwi\u0105zanie zaprojektowane przez Creality dla u\u017cytkownik\u00f3w, kt\u00f3rzy oczekuj\u0105 niezawodnego odczytywania danych 3D bez zb\u0119dnych ogranicze\u0144.<\/p>\n<p>\n<img decoding=\"async\" src=\"https:\/\/assets.innpro.pl\/19431\/25889\/Skaner-3D-Creality-CR-Scan-Raptor-Pro-lifestyle-16.jpg\" border=\"0\" alt=\"Dwa skanery 3D Creality \u2013 jeden bez uchwytu, drugi zamocowany na r\u0119koje\u015bci.\" \/>\n<\/p>\n<h3>Podw\u00f3jny system niebieskiego lasera<\/h3>\n<p>CR-Scan Raptor Pro wyposa\u017cono w dwa tryby skanowania \u015bwiat\u0142em niebieskim, pomi\u0119dzy kt\u00f3rymi mo\u017cna p\u0142ynnie prze\u0142\u0105cza\u0107 si\u0119 w trakcie pracy. 22 krzy\u017cowe linie laserowe zapewniaj\u0105 szerokie pokrycie obszaru i pozwalaj\u0105 szybko skanowa\u0107 obiekty \u015brednie i du\u017ce, ograniczaj\u0105c liczb\u0119 przej\u015b\u0107 oraz zb\u0119dnych powt\u00f3rze\u0144. Z kolei 7 r\u00f3wnoleg\u0142ych linii laserowych, z kt\u00f3rych ka\u017cda ma grubo\u015b\u0107 zaledwie 0,1 mm, przeznaczone s\u0105 do skanowania fragment\u00f3w wymagaj\u0105cych maksymalnej szczeg\u00f3\u0142owo\u015bci \u2013 idealnych do uchwycenia ostrych kraw\u0119dzi i drobnych detali.\u00a0<\/p>\n<p>\n<img decoding=\"async\" src=\"https:\/\/assets.innpro.pl\/19431\/25889\/Skaner-3D-Creality-CR-Scan-Raptor-Pro-lifestyle-9.jpg\" border=\"0\" alt=\"Zbli\u017cenie na front skanera 3D Creality z intensywnym niebieskim \u015bwiat\u0142em.\" \/>\n<\/p>\n<h3>Wszechstronno\u015b\u0107 i komfort skanowania dzi\u0119ki NIR<\/h3>\n<p>Technologia strukturalnego \u015bwiat\u0142a podczerwonego (NIR) umo\u017cliwia skanowanie z pr\u0119dko\u015bci\u0105 do 30 klatek na sekund\u0119 i doskonale sprawdza si\u0119 przy obiektach o zr\u00f3\u017cnicowanej geometrii. Po\u0142\u0105czenie \u015bwiat\u0142a NIR z niebieskimi liniami laserowymi pozwala skanowa\u0107 elementy o rozmiarach od 5 \u00d7 5 \u00d7 5 mm do 4000 \u00d7 4000 \u00d7 4000 mm, obejmuj\u0105c zar\u00f3wno drobne komponenty techniczne, jak i du\u017ce elementy przemys\u0142owe, formy, cz\u0119\u015bci samochodowe, a nawet ca\u0142e sylwetki ludzkie.<\/p>\n<p>\n<img decoding=\"async\" src=\"https:\/\/assets.innpro.pl\/19431\/25889\/Skaner-3D-Creality-CR-Scan-Raptor-Pro-lifestyle-5.jpg\" border=\"0\" alt=\"M\u0119\u017cczyzna skanuje felg\u0119 samochodow\u0105 skanerem 3D z niebieskimi liniami pomiarowymi.\" \/>\n<\/p>\n<h3>Dok\u0142adno\u015b\u0107 wolumetryczna na profesjonalnym poziomie<\/h3>\n<p>CR-Scan Raptor Pro oferuje dok\u0142adno\u015b\u0107 wolumetryczn\u0105 0,02 mm + 0,08 mm\/m, co czyni go narz\u0119dziem odpowiednim do zada\u0144 wymagaj\u0105cych wysokiej precyzji pomiarowej. Zastosowany algorytm kompensacji temperatury dba o stabilno\u015b\u0107 pracy i powtarzalno\u015b\u0107 wynik\u00f3w, nawet podczas d\u0142ugich sesji skanowania. Dzi\u0119ki wydajno\u015bci si\u0119gaj\u0105cej 660 000 punkt\u00f3w na sekund\u0119 oraz cz\u0119stotliwo\u015bci skanowania do 60 klatek na sekund\u0119, praca ze skanerem jest p\u0142ynna, szybka i niezwykle efektywna, nawet przy du\u017cych obiektach.<\/p>\n<p>\n<img decoding=\"async\" src=\"https:\/\/assets.innpro.pl\/19431\/25889\/Skaner-3D-Creality-CR-Scan-Raptor-Pro-lifestyle-11.jpg\" border=\"0\" alt=\"M\u0119\u017cczyzna skanuje figur\u0119 i twarz innego m\u0119\u017cczyzny skanerem 3D Creality.\" \/>\n<\/p>\n<h3>Skanowanie bez marker\u00f3w i bez spray\u00f3w<\/h3>\n<p>Dzi\u0119ki technologii obrazowania 3D z dopasowaniem plamek, skaner umo\u017cliwia skanowanie bez u\u017cycia marker\u00f3w w przypadku obiekt\u00f3w bogatych w cechy geometryczne. Co wi\u0119cej, urz\u0105dzenie wyr\u00f3\u017cnia si\u0119 bardzo wysok\u0105 adaptacj\u0105 materia\u0142ow\u0105 \u2013 pozwala skanowa\u0107 czarne i metaliczne powierzchnie bez konieczno\u015bci stosowania spray\u00f3w matuj\u0105cych, co znacz\u0105co skraca czas przygotowania obiektu i upraszcza ca\u0142y proces.<\/p>\n<p>\n<img decoding=\"async\" src=\"https:\/\/assets.innpro.pl\/19431\/25889\/Skaner-3D-Creality-CR-Scan-Raptor-Pro-lifestyle-3.jpg\" border=\"0\" alt=\"M\u0119\u017cczyzna skanuj\u0105cy wn\u0119trze samochodu skanerem 3D Creality przy kierownicy.\" \/>\n<\/p>\n<h3>Szybkie i dok\u0142adne skanowanie ludzi<\/h3>\n<p>Specjalny tryb Face &amp; Body wykorzystuje dedykowany algorytm mapowania twarzy, kt\u00f3ry precyzyjnie odwzorowuje detale i u\u0142atwia skanowanie w\u0142os\u00f3w. Pe\u0142ny skan ludzkiego cia\u0142a mo\u017ce zosta\u0107 wykonany nawet w oko\u0142o 2 minuty, co czyni Raptor Pro doskona\u0142ym narz\u0119dziem do zastosowa\u0144 medycznych, ergonomicznych, odzie\u017cowych czy projektowych.<\/p>\n<p>\n<img decoding=\"async\" src=\"https:\/\/assets.innpro.pl\/19431\/25889\/Skaner-3D-Creality-CR-Scan-Raptor-Pro-lifestyle-10.jpg\" border=\"0\" alt=\"Modele 3D monety, postaci i samochodu wygenerowane skanerem 3D.\" \/>\n<\/p>\n<h3>Stabilno\u015b\u0107 i odporno\u015b\u0107 w ka\u017cdych warunkach<\/h3>\n<p>Technologia One-Shot 3D imaging zapewnia naturaln\u0105 stabilizacj\u0119 obrazu i ogranicza ryzyko utraty \u015bledzenia podczas skanowania r\u0119cznego. Funkcja szybkiego cofania pozycji dodatkowo poprawia p\u0142ynno\u015b\u0107 pracy. Niebieski laser charakteryzuje si\u0119 wysok\u0105 odporno\u015bci\u0105 na \u015bwiat\u0142o otoczenia, umo\u017cliwiaj\u0105c skanowanie na zewn\u0105trz \u2013 do 50 000 luks\u00f3w w trybie 7 linii oraz do 100 000 luks\u00f3w w trybie 22 linii krzy\u017cowych. Pier\u015bcieniowy wska\u017anik \u015bwietlny, fizyczne przyciski steruj\u0105ce oraz antypo\u015blizgowa obudowa sprawiaj\u0105, \u017ce obs\u0142uga skanera jest szybka i intuicyjna. Dodatkowo odpinana smycz zwi\u0119ksza bezpiecze\u0144stwo pracy podczas skanowania r\u0119cznego i mobilnych zastosowa\u0144.<\/p>\n<p>\n<img decoding=\"async\" src=\"https:\/\/assets.innpro.pl\/19431\/25889\/Skaner-3D-Creality-CR-Scan-Raptor-Pro-lifestyle-4.jpg\" border=\"0\" alt=\"U\u017cytkownik skanuje wn\u0119trze baga\u017cnika samochodu skanerem 3D z niebieskim laserem\" \/>\n<\/p>\n<h3>Zaawansowana optyka i kamera 3D<\/h3>\n<p>Sercem systemu obrazowania jest kamera 3D o rozdzielczo\u015bci 2,3 MP, wyposa\u017cona w niskozniekszta\u0142ceniowy obiektyw (&lt;5\u2030), 20-milimetrow\u0105 g\u0142\u0119bi\u0119 ostro\u015bci oraz 9-elementow\u0105 konstrukcj\u0119 szklan\u0105. Metalowy tubus i uchwyt obiektywu gwarantuj\u0105 stabilno\u015b\u0107 mechaniczn\u0105 i d\u0142ug\u0105 \u017cywotno\u015b\u0107, a ca\u0142o\u015b\u0107 przek\u0142ada si\u0119 na wyj\u0105tkow\u0105 jako\u015b\u0107 danych geometrycznych. Wbudowana kamera RGB umo\u017cliwia 24-bitowe skanowanie w pe\u0142nym kolorze we wszystkich trybach pracy. Niebieskie \u015bwiat\u0142o pe\u0142ni funkcj\u0119 do\u015bwietlenia podczas skanowania laserowego, natomiast \u015bwiat\u0142o bia\u0142e zwi\u0119ksza jasno\u015b\u0107 i czytelno\u015b\u0107 tekstur kolorystycznych, zapewniaj\u0105c realistyczne odwzorowanie powierzchni.<\/p>\n<p>\n<img decoding=\"async\" src=\"https:\/\/assets.innpro.pl\/19431\/25889\/Skaner-3D-Creality-CR-Scan-Raptor-Pro-lifestyle-1.jpg\" border=\"0\" alt=\"Skaner 3D Creality z niebieskim pod\u015bwietleniem na tle samochodu.\" \/>\n<\/p>\n<h3>Profesjonalne oprogramowanie CrealityScan<\/h3>\n<p>Oprogramowanie CrealityScan zosta\u0142o zaprojektowane z my\u015bl\u0105 o maksymalnej wygodzie u\u017cytkowania. Oferuje przejrzyste samouczki dla pocz\u0105tkuj\u0105cych, jednoklikowe przetwarzanie modeli, zaawansowane narz\u0119dzia edycji oraz wydajne zarz\u0105dzanie chmur\u0105 punkt\u00f3w i danymi siatki. Dane ze skanera mo\u017cna bezpo\u015brednio importowa\u0107 do wiod\u0105cych program\u00f3w inspekcyjnych i projektowych, takich jak Geomagic Control X, Geomagic Design X czy Verisurf Inspect. Integracja jednym klikni\u0119ciem znacz\u0105co usprawnia prac\u0119 w kontroli jako\u015bci, in\u017cynierii odwrotnej, projektowaniu CAD oraz przygotowaniu modeli do dalszej obr\u00f3bki lub druku 3D.<\/p>\n<p>\n<img decoding=\"async\" src=\"https:\/\/assets.innpro.pl\/19431\/25889\/Skaner-3D-Creality-CR-Scan-Raptor-Pro-lifestyle-15.jpg\" border=\"0\" alt=\"R\u0119ka trzymaj\u0105ca skaner 3D Creality z niebieskimi diodami na tle \u015bwietlnej po\u015bwiaty.\" \/>\n<\/p>\n<h3>W zestawie<\/h3>\n<ul class=\"list-disc pl-5\">\n<li>skaner <\/li>\n<li>kabel USB 3.0 do przesy\u0142u danych (Typ-C\/Typ-A)<\/li>\n<li>zasilacz <\/li>\n<li>adapter<\/li>\n<li>szklana p\u0142yta kalibracyjna o wysokiej precyzji<\/li>\n<li>markery odblaskowe (D6mm, D3mm)<\/li>\n<li>smycz<\/li>\n<li>adapter USB-C<\/li>\n<li>\u015bciereczka do czyszczenia<\/li>\n<li>walizka wodoodporna<\/li>\n<li>instrukcja obs\u0142ugi<\/li>\n<\/ul>\n<div class=\"table-wrapper\">\n<p>\u00a0<\/p>\n<h3>Og\u00f3lne<\/h3>\n<table>\n<tbody>\n<tr>\n<th>Producent<\/th>\n<td>Creality<\/td>\n<\/tr>\n<tr>\n<th>Model<\/th>\n<td>Raptor Pro<\/td>\n<\/tr>\n<tr>\n<th>Kompatybilne systemy operacyjne <\/th>\n<td>Windows 10\/11 (64-bitowy): i7-Gen10 i nowsze, karta graficzna Nvidia (8 GB pami\u0119ci wideo i wi\u0119cej), 32 GB pami\u0119ci i wi\u0119cej; Minimalne wymagania: i7-Gen7, karta graficzna Nvidia (6 GB pami\u0119ci wideo), 16 GB pami\u0119ci; macOS: 11.7.7 i nowsze, procesory Apple z serii M1\/M2\/M3; Pami\u0119\u0107 RAM: 16 GB i wi\u0119cej<\/td>\n<\/tr>\n<tr>\n<th>Skanowanie bezprzewodowe<\/th>\n<td>Obs\u0142ugiwane w po\u0142\u0105czeniu z bezprzewodowymi akcesoriami do skanowania<\/td>\n<\/tr>\n<tr>\n<th>Waga<\/th>\n<td>405 g<\/td>\n<\/tr>\n<tr>\n<th>Wymiary<\/th>\n<td>215mmx50mmx74mm<\/td>\n<\/tr>\n<tr>\n<th>Port<\/th>\n<td>Type-C\/USB3.0<\/td>\n<\/tr>\n<tr>\n<th>Zasilanie<\/th>\n<td>12V 2A<\/td>\n<\/tr>\n<tr>\n<th>Format<\/th>\n<td>OBJ\/STL\/PLY\/ASC<\/td>\n<\/tr>\n<tr>\n<th>IMU<\/th>\n<td>Wspierane<\/td>\n<\/tr>\n<\/tbody>\n<\/table>\n<p>\u00a0<\/p>\n<h3>Tryb 7 r\u00f3wnoleg\u0142ych niebieskich linii laserowych<\/h3>\n<table>\n<tbody>\n<tr>\n<th>Dok\u0142adno\u015b\u0107<\/th>\n<td>do 0.02mm<\/td>\n<\/tr>\n<tr>\n<th>Dok\u0142adno\u015b\u0107 obj\u0119to\u015bciowa<\/th>\n<td>0.02mm+0.08mm\/m<\/td>\n<\/tr>\n<tr>\n<th>Szybko\u015b\u0107 skanowania<\/th>\n<td>420 000 pomiar\u00f3w na sekund\u0119<\/td>\n<\/tr>\n<tr>\n<th>Rozdzielczo\u015b\u0107 3D<\/th>\n<td>0.05-2mm<\/td>\n<\/tr>\n<tr>\n<th>Szybko\u015b\u0107 skanowania, do<\/th>\n<td>Do 60 klatek na sekund\u0119<\/td>\n<\/tr>\n<tr>\n<th>Min. obj\u0119to\u015b\u0107 skanowania<\/th>\n<td>5mm \u00d7 5mm \u00d7 5mm<\/td>\n<\/tr>\n<tr>\n<th>Zakres pojedynczego przechwytywania<\/th>\n<td>270mmx170mm przy 300mm<\/td>\n<\/tr>\n<tr>\n<th>Odleg\u0142o\u015b\u0107 robocza<\/th>\n<td>160mm-400mm<\/td>\n<\/tr>\n<tr>\n<th>Mapowanie kolor\u00f3w<\/th>\n<td>Wspierane<\/td>\n<\/tr>\n<tr>\n<th>Tryb wyr\u00f3wnania<\/th>\n<td>Marker<\/td>\n<\/tr>\n<tr>\n<th>Rozdzielczo\u015b\u0107 kamery do obrazowania 3D<\/th>\n<td>1920 \u00d7 1200<\/td>\n<\/tr>\n<tr>\n<th>Kolorowe \u015bwiat\u0142o uzupe\u0142niaj\u0105ce<\/th>\n<td>12 bia\u0142ych diod LED<\/td>\n<\/tr>\n<tr>\n<th>Skanowanie na zewn\u0105trz<\/th>\n<td>\u226450 000 luks\u00f3w<\/td>\n<\/tr>\n<\/tbody>\n<\/table>\n<p>\u00a0<\/p>\n<h3>Tryb 22 krzy\u017cuj\u0105cych si\u0119 niebieskich linii laserowych<\/h3>\n<table>\n<tbody>\n<tr>\n<th>Dok\u0142adno\u015b\u0107<\/th>\n<td>do 0.02mm<\/td>\n<\/tr>\n<tr>\n<th>Dok\u0142adno\u015b\u0107 obj\u0119to\u015bciowa<\/th>\n<td>0.02mm+0.08mm\/m<\/td>\n<\/tr>\n<tr>\n<th>Szybko\u015b\u0107 skanowania<\/th>\n<td>660,000 pomiar\u00f3w na sekund\u0119<\/td>\n<\/tr>\n<tr>\n<th>Rozdzielczo\u015b\u0107 3D<\/th>\n<td>0.05-2mm<\/td>\n<\/tr>\n<tr>\n<th>Szybko\u015b\u0107 skanowania, do<\/th>\n<td>Do 60 klatek na sekund\u0119<\/td>\n<\/tr>\n<tr>\n<th>Min. obj\u0119to\u015b\u0107 skanowania<\/th>\n<td>5mm \u00d7 5mm \u00d7 5mm<\/td>\n<\/tr>\n<tr>\n<th>Zakres pojedynczego przechwytywania<\/th>\n<td>270mm x 170mm przy 300mm, 341mm x 232mm przy 400mm, 397mm x 290mm przy 500mm<\/td>\n<\/tr>\n<tr>\n<th>Odleg\u0142o\u015b\u0107 robocza<\/th>\n<td>200-550mm<\/td>\n<\/tr>\n<tr>\n<th>Mapowanie kolor\u00f3w<\/th>\n<td>Wspierane<\/td>\n<\/tr>\n<tr>\n<th>Tryb wyr\u00f3wnania<\/th>\n<td>Marker<\/td>\n<\/tr>\n<tr>\n<th>Rozdzielczo\u015b\u0107 kamery do obrazowania 3D<\/th>\n<td>1920 \u00d7 1200<\/td>\n<\/tr>\n<tr>\n<th>Kolorowe \u015bwiat\u0142o uzupe\u0142niaj\u0105ce<\/th>\n<td>12 bia\u0142ych diod LED<\/td>\n<\/tr>\n<tr>\n<th>Skanowanie na zewn\u0105trz<\/th>\n<td>\u2264100 000 luks\u00f3w<\/td>\n<\/tr>\n<\/tbody>\n<\/table>\n<p>\u00a0<\/p>\n<h3>Tryb NIR (podczerwone \u015bwiat\u0142o strukturalne)<\/h3>\n<table>\n<tbody>\n<tr>\n<th>Dok\u0142adno\u015b\u0107<\/th>\n<td>Do 0,075 mm<\/td>\n<\/tr>\n<tr>\n<th>Dok\u0142adno\u015b\u0107 obj\u0119to\u015bciowa<\/th>\n<td>0.075mm+0.1mm\/m<\/td>\n<\/tr>\n<tr>\n<th>Szybko\u015b\u0107 skanowania<\/th>\n<td>3,580,000 pomiar\u00f3w na sekund\u0119<\/td>\n<\/tr>\n<tr>\n<th>Rozdzielczo\u015b\u0107 3D<\/th>\n<td>0.1-2mm<\/td>\n<\/tr>\n<tr>\n<th>Szybko\u015b\u0107 skanowania, do<\/th>\n<td>Do 30 klatek na sekund\u0119<\/td>\n<\/tr>\n<tr>\n<th>Min. obj\u0119to\u015b\u0107 skanowania<\/th>\n<td>150 \u00d7 150 \u00d7 150mm<\/td>\n<\/tr>\n<tr>\n<th>Zakres pojedynczego przechwytywania<\/th>\n<td>630mm \u00d7 550mm przy 1000mm<\/td>\n<\/tr>\n<tr>\n<th>Odleg\u0142o\u015b\u0107 robocza<\/th>\n<td>170-1000mm<\/td>\n<\/tr>\n<tr>\n<th>Mapowanie kolor\u00f3w<\/th>\n<td>Wspierane<\/td>\n<\/tr>\n<tr>\n<th>Tryb wyr\u00f3wnania<\/th>\n<td>Znacznik \/ geometria \/ tekstura<\/td>\n<\/tr>\n<tr>\n<th>Rozdzielczo\u015b\u0107 kamery do obrazowania 3D<\/th>\n<td>1920 \u00d7 1200<\/td>\n<\/tr>\n<tr>\n<th>Kolorowe \u015bwiat\u0142o uzupe\u0142niaj\u0105ce<\/th>\n<td>12 bia\u0142ych diod LED<\/td>\n<\/tr>\n<tr>\n<th>Skanowanie na zewn\u0105trz<\/th>\n<td>\u226430 000 luks\u00f3w<\/td>\n<\/tr>\n<\/tbody>\n<\/table>\n<\/div>\n","protected":false},"excerpt":{"rendered":"<p>Skaner 3D Creality CR-Scan Raptor Pro Skaner 3D CR-Scan Raptor Pro to zaawansowane narz\u0119dzie pomiarowe stworzone z my\u015bl\u0105 o profesjonalnych<\/p>\n","protected":false},"featured_media":52245,"comment_status":"closed","ping_status":"open","template":"","meta":{"_acf_changed":false},"product_brand":[],"product_cat":[6156],"product_tag":[],"class_list":{"0":"post-52244","1":"product","2":"type-product","3":"status-publish","4":"has-post-thumbnail","6":"product_cat-inne-produkty","7":"pa_okres-gwarancji-5754","8":"pa_producent-creality","10":"first","11":"instock","12":"taxable","13":"shipping-taxable","14":"purchasable","15":"product-type-simple"},"acf":[],"yoast_head":"<!-- This site is optimized with the Yoast SEO plugin v27.2 - https:\/\/yoast.com\/product\/yoast-seo-wordpress\/ -->\n<title>Skaner 3D Creality CR-Scan Raptor Pro - IRONSKY.PL Sklep z Dronami<\/title>\n<meta name=\"description\" content=\"Skaner 3D Creality CR-Scan Raptor Pro - \u2705 sklep z dronami i fachowym doradztwem. \u2705 Tutaj kupisz produkty DJI, Yuneec, Parrot, Syma i wiele innych, a tak\u017ce kursy i licencje na operatora drona.\" \/>\n<meta name=\"robots\" content=\"index, follow, max-snippet:-1, max-image-preview:large, max-video-preview:-1\" \/>\n<link rel=\"canonical\" href=\"https:\/\/ironsky.pl\/sklep\/produkt\/skaner-3d-creality-cr-scan-raptor-pro\/\" \/>\n<meta property=\"og:locale\" content=\"pl_PL\" \/>\n<meta property=\"og:type\" content=\"article\" \/>\n<meta property=\"og:title\" content=\"Skaner 3D Creality CR-Scan Raptor Pro - IRONSKY.PL Sklep z Dronami\" \/>\n<meta property=\"og:description\" content=\"Skaner 3D Creality CR-Scan Raptor Pro - \u2705 sklep z dronami i fachowym doradztwem. \u2705 Tutaj kupisz produkty DJI, Yuneec, Parrot, Syma i wiele innych, a tak\u017ce kursy i licencje na operatora drona.\" \/>\n<meta property=\"og:url\" content=\"https:\/\/ironsky.pl\/sklep\/produkt\/skaner-3d-creality-cr-scan-raptor-pro\/\" \/>\n<meta property=\"og:site_name\" content=\"IRONSKY.PL Sklep z Dronami\" \/>\n<meta property=\"article:modified_time\" content=\"2026-04-16T09:24:08+00:00\" \/>\n<meta property=\"og:image\" content=\"https:\/\/ironsky.pl\/sklep\/wp-content\/uploads\/2026\/02\/57182_4.jpg\" \/>\n\t<meta property=\"og:image:width\" content=\"800\" \/>\n\t<meta property=\"og:image:height\" content=\"800\" \/>\n\t<meta property=\"og:image:type\" content=\"image\/jpeg\" \/>\n<meta name=\"twitter:card\" content=\"summary_large_image\" \/>\n<meta name=\"twitter:label1\" content=\"Szacowany czas czytania\" \/>\n\t<meta name=\"twitter:data1\" content=\"5 minut\" \/>\n<script type=\"application\/ld+json\" class=\"yoast-schema-graph\">{\"@context\":\"https:\/\/schema.org\",\"@graph\":[{\"@type\":\"WebPage\",\"@id\":\"https:\/\/ironsky.pl\/sklep\/produkt\/skaner-3d-creality-cr-scan-raptor-pro\/\",\"url\":\"https:\/\/ironsky.pl\/sklep\/produkt\/skaner-3d-creality-cr-scan-raptor-pro\/\",\"name\":\"Skaner 3D Creality CR-Scan Raptor Pro - IRONSKY.PL Sklep z Dronami\",\"isPartOf\":{\"@id\":\"https:\/\/ironsky.pl\/sklep\/#website\"},\"primaryImageOfPage\":{\"@id\":\"https:\/\/ironsky.pl\/sklep\/produkt\/skaner-3d-creality-cr-scan-raptor-pro\/#primaryimage\"},\"image\":{\"@id\":\"https:\/\/ironsky.pl\/sklep\/produkt\/skaner-3d-creality-cr-scan-raptor-pro\/#primaryimage\"},\"thumbnailUrl\":\"https:\/\/ironsky.pl\/sklep\/wp-content\/uploads\/2026\/02\/57182_4.jpg\",\"datePublished\":\"2026-02-10T13:41:55+00:00\",\"dateModified\":\"2026-04-16T09:24:08+00:00\",\"description\":\"Skaner 3D Creality CR-Scan Raptor Pro - \u2705 sklep z dronami i fachowym doradztwem. \u2705 Tutaj kupisz produkty DJI, Yuneec, Parrot, Syma i wiele innych, a tak\u017ce kursy i licencje na operatora drona.\",\"breadcrumb\":{\"@id\":\"https:\/\/ironsky.pl\/sklep\/produkt\/skaner-3d-creality-cr-scan-raptor-pro\/#breadcrumb\"},\"inLanguage\":\"pl-PL\",\"potentialAction\":[{\"@type\":\"ReadAction\",\"target\":[\"https:\/\/ironsky.pl\/sklep\/produkt\/skaner-3d-creality-cr-scan-raptor-pro\/\"]}]},{\"@type\":\"ImageObject\",\"inLanguage\":\"pl-PL\",\"@id\":\"https:\/\/ironsky.pl\/sklep\/produkt\/skaner-3d-creality-cr-scan-raptor-pro\/#primaryimage\",\"url\":\"https:\/\/ironsky.pl\/sklep\/wp-content\/uploads\/2026\/02\/57182_4.jpg\",\"contentUrl\":\"https:\/\/ironsky.pl\/sklep\/wp-content\/uploads\/2026\/02\/57182_4.jpg\",\"width\":800,\"height\":800},{\"@type\":\"BreadcrumbList\",\"@id\":\"https:\/\/ironsky.pl\/sklep\/produkt\/skaner-3d-creality-cr-scan-raptor-pro\/#breadcrumb\",\"itemListElement\":[{\"@type\":\"ListItem\",\"position\":1,\"name\":\"Strona g\u0142\u00f3wna\",\"item\":\"https:\/\/ironsky.pl\/sklep\/\"},{\"@type\":\"ListItem\",\"position\":2,\"name\":\"Wszystkie produkty\",\"item\":\"https:\/\/ironsky.pl\/sklep\/produkty\/\"},{\"@type\":\"ListItem\",\"position\":3,\"name\":\"Skaner 3D Creality CR-Scan Raptor Pro\"}]},{\"@type\":\"WebSite\",\"@id\":\"https:\/\/ironsky.pl\/sklep\/#website\",\"url\":\"https:\/\/ironsky.pl\/sklep\/\",\"name\":\"IRONSKY.PL Sklep z Dronami\",\"description\":\"IRONSKY.PL Sklep z Dronami\",\"potentialAction\":[{\"@type\":\"SearchAction\",\"target\":{\"@type\":\"EntryPoint\",\"urlTemplate\":\"https:\/\/ironsky.pl\/sklep\/?s={search_term_string}\"},\"query-input\":{\"@type\":\"PropertyValueSpecification\",\"valueRequired\":true,\"valueName\":\"search_term_string\"}}],\"inLanguage\":\"pl-PL\"}]}<\/script>\n<!-- \/ Yoast SEO plugin. -->","yoast_head_json":{"title":"Skaner 3D Creality CR-Scan Raptor Pro - IRONSKY.PL Sklep z Dronami","description":"Skaner 3D Creality CR-Scan Raptor Pro - \u2705 sklep z dronami i fachowym doradztwem. \u2705 Tutaj kupisz produkty DJI, Yuneec, Parrot, Syma i wiele innych, a tak\u017ce kursy i licencje na operatora drona.","robots":{"index":"index","follow":"follow","max-snippet":"max-snippet:-1","max-image-preview":"max-image-preview:large","max-video-preview":"max-video-preview:-1"},"canonical":"https:\/\/ironsky.pl\/sklep\/produkt\/skaner-3d-creality-cr-scan-raptor-pro\/","og_locale":"pl_PL","og_type":"article","og_title":"Skaner 3D Creality CR-Scan Raptor Pro - IRONSKY.PL Sklep z Dronami","og_description":"Skaner 3D Creality CR-Scan Raptor Pro - \u2705 sklep z dronami i fachowym doradztwem. \u2705 Tutaj kupisz produkty DJI, Yuneec, Parrot, Syma i wiele innych, a tak\u017ce kursy i licencje na operatora drona.","og_url":"https:\/\/ironsky.pl\/sklep\/produkt\/skaner-3d-creality-cr-scan-raptor-pro\/","og_site_name":"IRONSKY.PL Sklep z Dronami","article_modified_time":"2026-04-16T09:24:08+00:00","og_image":[{"width":800,"height":800,"url":"https:\/\/ironsky.pl\/sklep\/wp-content\/uploads\/2026\/02\/57182_4.jpg","type":"image\/jpeg"}],"twitter_card":"summary_large_image","twitter_misc":{"Szacowany czas czytania":"5 minut"},"schema":{"@context":"https:\/\/schema.org","@graph":[{"@type":"WebPage","@id":"https:\/\/ironsky.pl\/sklep\/produkt\/skaner-3d-creality-cr-scan-raptor-pro\/","url":"https:\/\/ironsky.pl\/sklep\/produkt\/skaner-3d-creality-cr-scan-raptor-pro\/","name":"Skaner 3D Creality CR-Scan Raptor Pro - IRONSKY.PL Sklep z Dronami","isPartOf":{"@id":"https:\/\/ironsky.pl\/sklep\/#website"},"primaryImageOfPage":{"@id":"https:\/\/ironsky.pl\/sklep\/produkt\/skaner-3d-creality-cr-scan-raptor-pro\/#primaryimage"},"image":{"@id":"https:\/\/ironsky.pl\/sklep\/produkt\/skaner-3d-creality-cr-scan-raptor-pro\/#primaryimage"},"thumbnailUrl":"https:\/\/ironsky.pl\/sklep\/wp-content\/uploads\/2026\/02\/57182_4.jpg","datePublished":"2026-02-10T13:41:55+00:00","dateModified":"2026-04-16T09:24:08+00:00","description":"Skaner 3D Creality CR-Scan Raptor Pro - \u2705 sklep z dronami i fachowym doradztwem. \u2705 Tutaj kupisz produkty DJI, Yuneec, Parrot, Syma i wiele innych, a tak\u017ce kursy i licencje na operatora drona.","breadcrumb":{"@id":"https:\/\/ironsky.pl\/sklep\/produkt\/skaner-3d-creality-cr-scan-raptor-pro\/#breadcrumb"},"inLanguage":"pl-PL","potentialAction":[{"@type":"ReadAction","target":["https:\/\/ironsky.pl\/sklep\/produkt\/skaner-3d-creality-cr-scan-raptor-pro\/"]}]},{"@type":"ImageObject","inLanguage":"pl-PL","@id":"https:\/\/ironsky.pl\/sklep\/produkt\/skaner-3d-creality-cr-scan-raptor-pro\/#primaryimage","url":"https:\/\/ironsky.pl\/sklep\/wp-content\/uploads\/2026\/02\/57182_4.jpg","contentUrl":"https:\/\/ironsky.pl\/sklep\/wp-content\/uploads\/2026\/02\/57182_4.jpg","width":800,"height":800},{"@type":"BreadcrumbList","@id":"https:\/\/ironsky.pl\/sklep\/produkt\/skaner-3d-creality-cr-scan-raptor-pro\/#breadcrumb","itemListElement":[{"@type":"ListItem","position":1,"name":"Strona g\u0142\u00f3wna","item":"https:\/\/ironsky.pl\/sklep\/"},{"@type":"ListItem","position":2,"name":"Wszystkie produkty","item":"https:\/\/ironsky.pl\/sklep\/produkty\/"},{"@type":"ListItem","position":3,"name":"Skaner 3D Creality CR-Scan Raptor Pro"}]},{"@type":"WebSite","@id":"https:\/\/ironsky.pl\/sklep\/#website","url":"https:\/\/ironsky.pl\/sklep\/","name":"IRONSKY.PL Sklep z Dronami","description":"IRONSKY.PL Sklep z Dronami","potentialAction":[{"@type":"SearchAction","target":{"@type":"EntryPoint","urlTemplate":"https:\/\/ironsky.pl\/sklep\/?s={search_term_string}"},"query-input":{"@type":"PropertyValueSpecification","valueRequired":true,"valueName":"search_term_string"}}],"inLanguage":"pl-PL"}]}},"_links":{"self":[{"href":"https:\/\/ironsky.pl\/sklep\/wp-json\/wp\/v2\/product\/52244","targetHints":{"allow":["GET"]}}],"collection":[{"href":"https:\/\/ironsky.pl\/sklep\/wp-json\/wp\/v2\/product"}],"about":[{"href":"https:\/\/ironsky.pl\/sklep\/wp-json\/wp\/v2\/types\/product"}],"replies":[{"embeddable":true,"href":"https:\/\/ironsky.pl\/sklep\/wp-json\/wp\/v2\/comments?post=52244"}],"wp:featuredmedia":[{"embeddable":true,"href":"https:\/\/ironsky.pl\/sklep\/wp-json\/wp\/v2\/media\/52245"}],"wp:attachment":[{"href":"https:\/\/ironsky.pl\/sklep\/wp-json\/wp\/v2\/media?parent=52244"}],"wp:term":[{"taxonomy":"product_brand","embeddable":true,"href":"https:\/\/ironsky.pl\/sklep\/wp-json\/wp\/v2\/product_brand?post=52244"},{"taxonomy":"product_cat","embeddable":true,"href":"https:\/\/ironsky.pl\/sklep\/wp-json\/wp\/v2\/product_cat?post=52244"},{"taxonomy":"product_tag","embeddable":true,"href":"https:\/\/ironsky.pl\/sklep\/wp-json\/wp\/v2\/product_tag?post=52244"}],"curies":[{"name":"wp","href":"https:\/\/api.w.org\/{rel}","templated":true}]}}