{"id":51370,"date":"2026-02-10T14:33:29","date_gmt":"2026-02-10T13:33:29","guid":{"rendered":"https:\/\/ironsky.pl\/drony-sklep\/produkt\/drukarka-3d-creality-k2-pro-combo\/"},"modified":"2026-05-07T18:19:00","modified_gmt":"2026-05-07T16:19:00","slug":"drukarka-3d-creality-k2-pro-combo","status":"publish","type":"product","link":"https:\/\/ironsky.pl\/sklep\/produkt\/drukarka-3d-creality-k2-pro-combo\/","title":{"rendered":"Drukarka 3D CREALITY K2 Pro Combo"},"content":{"rendered":"<h3>Drukarka 3D Creality K2 Pro Combo<\/h3>\n<p>Creality K2 Pro to drukarka 3D klasy premium stworzona dla najbardziej wymagaj\u0105cych u\u017cytkownik\u00f3w \u2013 pasjonat\u00f3w, in\u017cynier\u00f3w czy tw\u00f3rc\u00f3w, kt\u00f3rzy oczekuj\u0105 doskona\u0142ej jako\u015bci, niezawodno\u015bci i elastyczno\u015bci. \u0141\u0105czy wysok\u0105 pr\u0119dko\u015b\u0107 druku (do 600 mm\/s), aktywnie grzan\u0105 komor\u0119, inteligentne systemy AI oraz mo\u017cliwo\u015b\u0107 pracy z kilkoma kolorami filamentu jednocze\u015bnie (po instalacji modu\u0142u CFS). Dodatkowo oferuje automatyczne poziomowanie oraz du\u017c\u0105 przestrze\u0144 robocz\u0105 \u2013 a\u017c 300 \u00d7 300 \u00d7 300 mm. Wszystko to tworzy kompletne, profesjonalne narz\u0119dzie do druku 3D. W sk\u0142ad zestawu wchodzi nie tylko drukarka 3D, ale te\u017c jeden modu\u0142 CFS.<\/p>\n<p>\n<img decoding=\"async\" src=\"https:\/\/assets.innpro.pl\/18362\/24408\/3.jpg\" border=\"0\" alt=\"M\u0119\u017cczyzna trzymaj\u0105cy obiektyw aparatu przy biurku z drukark\u0105 3D i tablic\u0105 ze zdj\u0119ciami\" \/>\n<\/p>\n<h3>Druk w wielu kolorach i materia\u0142ach<\/h3>\n<p>Nowy modu\u0142 CFS (Creality Filament System) umo\u017cliwia drukowanie z kilku filament\u00f3w jednocze\u015bnie. Z jedn\u0105 jednostk\u0105 drukarka obs\u0142uguje cztery kolory, a po pod\u0142\u0105czeniu czterech \u2013 a\u017c do 16 barw lub tworzyw. Urz\u0105dzenie zapewnia automatyczne rozpoznawanie filamentu, precyzyjne zarz\u0105dzanie, autopodawanie, ochron\u0119 przed wilgoci\u0105, a tak\u017ce wy\u015bwietlanie temperatury i wilgotno\u015bci w czasie rzeczywistym. Dzi\u0119ki temu K2 Pro pozwala tworzy\u0107 z\u0142o\u017cone, kolorowe modele bez przerw i strat materia\u0142u. Uwaga: w zestawie znajdziesz jeden modu\u0142 CFS. Aby korzysta\u0107 z wi\u0119kszej liczby kolor\u00f3w i materia\u0142\u00f3w, nale\u017cy dokupi\u0107 dodatkowe jednostki.<\/p>\n<p>\n<img decoding=\"async\" src=\"https:\/\/assets.innpro.pl\/18362\/24408\/8.jpg\" border=\"0\" alt=\"D\u0142o\u0144 obs\u0142uguj\u0105ca ekran dotykowy drukarki 3D Creality z widocznym systemem podawania filament\u00f3w\" \/>\n<\/p>\n<h3>Wysoka pr\u0119dko\u015b\u0107 i precyzja druku<\/h3>\n<p>K2 Pro osi\u0105ga pr\u0119dko\u015b\u0107 do 600 mm\/s i przyspieszenie do 20 000 mm\/s\u00b2, co zauwa\u017calnie skraca czas pracy przy zachowaniu najwy\u017cszej jako\u015bci odwzorowania. Za p\u0142ynno\u015b\u0107 i precyzj\u0119 ruchu odpowiadaj\u0105 silniki typu step-servo na osiach X\/Y oraz w ekstruderze, sterowane przez system FOC. Dzi\u0119ki temu drukarka pracuje niezwykle cicho i stabilnie, a jako\u015b\u0107 powierzchni modeli pozostaje znakomita \u2013 nawet przy wysokich pr\u0119dko\u015bciach.<\/p>\n<p>\n<img decoding=\"async\" src=\"https:\/\/assets.innpro.pl\/18362\/24408\/10.jpg\" border=\"0\" alt=\"Zbli\u017cenie mechanizmu ekstrudera drukarki 3D z zielonymi elementami na ciemnym tle\" \/>\n<\/p>\n<h3>Profesjonalny system ekstruzji<\/h3>\n<p>Nowy, bezpo\u015bredni ekstruder z czujnikami pozycjonowania filamentu zapewnia dok\u0142adny przep\u0142yw i kontrol\u0119 podawania materia\u0142u. Zastosowano w nim hartowane stalowe przek\u0142adnie zdolne do pracy z filamentami wzmacnianymi w\u0142\u00f3knem w\u0119glowym. Hotend o przep\u0142ywie 40 mm\u00b3\/s umo\u017cliwia drukowanie z szerokiej gamy materia\u0142\u00f3w, a modu\u0142owa konstrukcja i magnetyczna os\u0142ona u\u0142atwiaj\u0105 szybki demonta\u017c i konserwacj\u0119 g\u0142owicy.<\/p>\n<p>\n<img decoding=\"async\" src=\"https:\/\/assets.innpro.pl\/18362\/24408\/11.jpg\" border=\"0\" alt=\"Drukarka 3D z zielonym modelem na platformie drukuj\u0105cej obok czarnych pokr\u0119te\u0142\" \/>\n<\/p>\n<h3>Stabilna konstrukcja i precyzyjna mechanika<\/h3>\n<p>Rama drukarki wykonana jest z wytrzyma\u0142ego stopu aluminium klasy lotniczej, co gwarantuje sztywno\u015b\u0107 i odporno\u015b\u0107 na drgania. Stalowa prowadnica osi X cechuje si\u0119 wysok\u0105 precyzj\u0105 i trwa\u0142o\u015bci\u0105, a system dw\u00f3ch osi Z wsparty czterema pr\u0119tami liniowymi zapewnia doskona\u0142\u0105 stabilno\u015b\u0107 ruchu sto\u0142u roboczego bez przesuni\u0119\u0107 warstw. Efekt? Wyj\u0105tkowo g\u0142adkie i sp\u00f3jne powierzchnie wydruk\u00f3w!<\/p>\n<p>\n<img decoding=\"async\" src=\"https:\/\/assets.innpro.pl\/18362\/24408\/5.jpg\" border=\"0\" alt=\"Srebrno-czarna drukarka 3D Creality z przezroczystymi \u015bcianami na ciemnym tle\" \/>\n<\/p>\n<h3>Aktywne grzanie komory roboczej<\/h3>\n<p>K2 Pro utrzymuje stabiln\u0105 temperatur\u0119 w komorze (do 60\u00b0C), co pozwala bez problemu drukowa\u0107 z wymagaj\u0105cych filament\u00f3w, takich jak ABS, ASA, PPA czy PPS. Grzanie komory eliminuje ryzyko odkszta\u0142ce\u0144, a niewielki wentylator pomocniczy poprawia przyleganie warstw, co jest niezwykle wa\u017cne przy tworzeniu element\u00f3w technicznych i u\u017cytkowych, takich jak uchwyty na telefon czy cup holdery.<\/p>\n<p>\n<img decoding=\"async\" src=\"https:\/\/assets.innpro.pl\/18362\/24408\/9.jpg\" border=\"0\" alt=\"Drukarka 3D Creality podczas druku bia\u0142ej rze\u017aby z o\u015bwietlon\u0105 komor\u0105 robocz\u0105\" \/>\n<\/p>\n<h3>Inteligentne systemy AI i automatyzacja<\/h3>\n<p>Model K2 Pro zosta\u0142 wyposa\u017cony w dwie kamery AI, kt\u00f3re monitoruj\u0105 proces druku. Kamera umieszczona na dyszy reguluje przep\u0142yw materia\u0142u w czasie rzeczywistym i wykrywa potencjalne zatory. Z kolei kamera zamontowana w komorze kontroluje ca\u0142y proces druku, rozpoznaje b\u0142\u0119dy (na przyk\u0142ad efekt spaghetti), sprawdza p\u0142yt\u0119 grzewcz\u0105 i umo\u017cliwia tworzenie film\u00f3w poklatkowych z wydruk\u00f3w. Wbudowane systemy automatyzacji obejmuj\u0105 r\u00f3wnie\u017c inteligentne poziomowanie sto\u0142u. Wszystko to u\u0142atwia drukowanie skomplikowanych modeli i pomaga unikn\u0105\u0107 najcz\u0119stszych problem\u00f3w!<\/p>\n<p>\n<img decoding=\"async\" src=\"https:\/\/assets.innpro.pl\/18362\/24408\/2.jpg\" border=\"0\" alt=\"M\u0119\u017cczyzna analizuj\u0105cy dokumenty przy biurku obok du\u017cej drukarki 3D w ciemnym pomieszczeniu\" \/>\n<\/p>\n<h3>Rozbudowany ekosystem oprogramowania<\/h3>\n<p>Oprogramowanie Creality OS zapewnia pe\u0142n\u0105 kontrol\u0119 nad funkcjami K2 Pro, tryb eksperta i opcj\u0119 zarz\u0105dzania wieloma filamentami. Z kolei ca\u0142kowicie przebudowany program Creality Print oferuje ponad 40 gotowych preset\u00f3w dopasowanych do r\u00f3\u017cnych materia\u0142\u00f3w, tryb pracy z kilkoma kolorami 3MF i sterowanie r\u00f3\u017cnymi drukarkami w sieci LAN. Do Twojej dyspozycji jest te\u017c platforma Creality Cloud na komputerze lub smartfonie, kt\u00f3ra daje dost\u0119p do bogatej biblioteki modeli 3D, drukowania w chmurze i spo\u0142eczno\u015bci online.<\/p>\n<p>\n<img decoding=\"async\" src=\"https:\/\/assets.innpro.pl\/18362\/24408\/7.jpg\" border=\"0\" alt=\"Drukarka 3D z niebieskim modelem otoczona filamentami, narz\u0119dziami i zielonymi prezentami\" \/>\n<\/p>\n<h3>Komfort i bezpiecze\u0144stwo u\u017cytkowania<\/h3>\n<p>Drukarka wyposa\u017cona jest w oczyszczacz powietrza usuwaj\u0105cy lotne zwi\u0105zki organiczne (VOC) i ma wbudowany czytnik RFID do rozpoznawania filament\u00f3w. Ponadto obs\u0142uguje \u0142\u0105czno\u015b\u0107 Wi-Fi i Ethernet, co zapewnia szybki transfer danych. Na uwag\u0119 zas\u0142uguje tak\u017ce pami\u0119\u0107 wewn\u0119trzna 32 GB, kt\u00f3ra pozwala na wygodne zarz\u0105dzanie du\u017cymi projektami.<\/p>\n<p>\n<img decoding=\"async\" src=\"https:\/\/assets.innpro.pl\/18362\/24408\/1.jpg\" border=\"0\" alt=\"Trzy drukarki 3D z kolorowymi systemami filament\u00f3w ustawione w rz\u0119dzie na ciemnym tle\" \/>\n<\/p>\n<h3>Du\u017cy obszar roboczy i prosta obs\u0142uga<\/h3>\n<p>Pole robocze o wymiarach 300 \u00d7 300 \u00d7 300 mm pozwala drukowa\u0107 wi\u0119ksze elementy lub wiele mniejszych modeli jednocze\u015bnie. Co wi\u0119cej, drukarka jest gotowa do pracy niemal od razu po rozpakowaniu i instalacji ekranu dotykowego. Wystarczy skorzysta\u0107 z kr\u00f3tkiego przewodnika i automatycznej kalibracji, aby szybko przej\u015b\u0107 do tworzenia r\u00f3\u017cnorodnych projekt\u00f3w!<\/p>\n<p>\n<img decoding=\"async\" src=\"https:\/\/assets.innpro.pl\/18362\/24408\/6.jpg\" border=\"0\" alt=\"G\u00f3rna cz\u0119\u015b\u0107 drukarki 3D Creality z wy\u015bwietlaczem i zielonym polem w komorze\" \/>\n<\/p>\n<h3>W zestawie<\/h3>\n<ul class=\"list-disc pl-5\">\n<li>Drukarka 3D Creality K2 Pro<\/li>\n<li>Modu\u0142 CFS<\/li>\n<\/ul>\n<div class=\"table-wrapper\">\n<p>\u00a0<\/p>\n<h3><\/h3>\n<table>\n<tbody>\n<tr>\n<th>Producent<\/th>\n<td>Creality<\/td>\n<\/tr>\n<tr>\n<th>Nazwa<\/th>\n<td>K2 Pro Combo<\/td>\n<\/tr>\n<tr>\n<th>Model<\/th>\n<td>1202080047<\/td>\n<\/tr>\n<tr>\n<th>Pole robocze<\/th>\n<td>300 \u00d7 300 \u00d7 300 mm<\/td>\n<\/tr>\n<tr>\n<th>Wymiary urz\u0105dzenia<\/th>\n<td>445 \u00d7 477 \u00d7 573 mm<\/td>\n<\/tr>\n<tr>\n<th>Waga<\/th>\n<td>23,7 kg<\/td>\n<\/tr>\n<tr>\n<th>Maksymalna pr\u0119dko\u015b\u0107 druku<\/th>\n<td>600 mm\/s<\/td>\n<\/tr>\n<tr>\n<th>Maksymalne przyspieszenie<\/th>\n<td>20 000 mm\/s\u00b2<\/td>\n<\/tr>\n<tr>\n<th>Maksymalna temperatura dyszy<\/th>\n<td>300\u00b0C<\/td>\n<\/tr>\n<tr>\n<th>Maksymalna temperatura sto\u0142u<\/th>\n<td>110\u00b0C<\/td>\n<\/tr>\n<tr>\n<th>Maksymalna temperatura komory<\/th>\n<td>60\u00b0C<\/td>\n<\/tr>\n<tr>\n<th>Rodzaj silnik\u00f3w<\/th>\n<td>Step-servo (osie X\/Y i ekstruder)<\/td>\n<\/tr>\n<tr>\n<th>Napinanie pas\u00f3w<\/th>\n<td>R\u0119czne<\/td>\n<\/tr>\n<tr>\n<th>Wentylator pomocniczy<\/th>\n<td>1<\/td>\n<\/tr>\n<tr>\n<th>Filtr powietrza<\/th>\n<td>1<\/td>\n<\/tr>\n<tr>\n<th>Automatyczne poziomowanie<\/th>\n<td>Tak<\/td>\n<\/tr>\n<tr>\n<th>Kalibracja przep\u0142ywu<\/th>\n<td>Tak, przez kamer\u0119 AI na dyszy<\/td>\n<\/tr>\n<tr>\n<th>Kamera komory<\/th>\n<td>1x 720p\/30FPS<\/td>\n<\/tr>\n<tr>\n<th>Czytnik RFID<\/th>\n<td>Tak<\/td>\n<\/tr>\n<tr>\n<th>Alarmy d\u017awi\u0119kowe<\/th>\n<td>Tak<\/td>\n<\/tr>\n<tr>\n<th>Ekran dotykowy<\/th>\n<td>4 cale<\/td>\n<\/tr>\n<tr>\n<th>\u0141\u0105czno\u015b\u0107<\/th>\n<td>Wi-Fi (2.4G) \/ Ethernet (RJ45) \/ USB \/ port Creality 485<\/td>\n<\/tr>\n<tr>\n<th>Pami\u0119\u0107 wewn\u0119trzna<\/th>\n<td>32 GB EMMC<\/td>\n<\/tr>\n<tr>\n<th>Moc znamionowa hotendu<\/th>\n<td>70 W<\/td>\n<\/tr>\n<tr>\n<th>Oprogramowanie<\/th>\n<td>Creality OS \/ Creality Print \/ Creality Cloud<\/td>\n<\/tr>\n<\/tbody>\n<\/table>\n<\/div>\n","protected":false},"excerpt":{"rendered":"<p>Drukarka 3D Creality K2 Pro Combo Creality K2 Pro to drukarka 3D klasy premium stworzona dla najbardziej wymagaj\u0105cych u\u017cytkownik\u00f3w \u2013<\/p>\n","protected":false},"featured_media":51371,"comment_status":"closed","ping_status":"open","template":"","meta":{"_acf_changed":false},"product_brand":[],"product_cat":[6156],"product_tag":[],"class_list":{"0":"post-51370","1":"product","2":"type-product","3":"status-publish","4":"has-post-thumbnail","6":"product_cat-inne-produkty","7":"pa_okres-gwarancji-5754","8":"pa_producent-creality","10":"first","11":"instock","12":"taxable","13":"shipping-taxable","14":"purchasable","15":"product-type-simple"},"acf":[],"yoast_head":"<!-- This site is optimized with the Yoast SEO plugin v27.2 - https:\/\/yoast.com\/product\/yoast-seo-wordpress\/ -->\n<title>Drukarka 3D CREALITY K2 Pro Combo - IRONSKY.PL Sklep z Dronami<\/title>\n<meta name=\"description\" content=\"Drukarka 3D CREALITY K2 Pro Combo - \u2705 sklep z dronami i fachowym doradztwem. \u2705 Tutaj kupisz produkty DJI, Yuneec, Parrot, Syma i wiele innych, a tak\u017ce kursy i licencje na operatora drona.\" \/>\n<meta name=\"robots\" content=\"index, follow, max-snippet:-1, max-image-preview:large, max-video-preview:-1\" \/>\n<link rel=\"canonical\" href=\"https:\/\/ironsky.pl\/sklep\/produkt\/drukarka-3d-creality-k2-pro-combo\/\" \/>\n<meta property=\"og:locale\" content=\"pl_PL\" \/>\n<meta property=\"og:type\" content=\"article\" \/>\n<meta property=\"og:title\" content=\"Drukarka 3D CREALITY K2 Pro Combo - IRONSKY.PL Sklep z Dronami\" \/>\n<meta property=\"og:description\" content=\"Drukarka 3D CREALITY K2 Pro Combo - \u2705 sklep z dronami i fachowym doradztwem. \u2705 Tutaj kupisz produkty DJI, Yuneec, Parrot, Syma i wiele innych, a tak\u017ce kursy i licencje na operatora drona.\" \/>\n<meta property=\"og:url\" content=\"https:\/\/ironsky.pl\/sklep\/produkt\/drukarka-3d-creality-k2-pro-combo\/\" \/>\n<meta property=\"og:site_name\" content=\"IRONSKY.PL Sklep z Dronami\" \/>\n<meta property=\"article:modified_time\" content=\"2026-05-07T16:19:00+00:00\" \/>\n<meta property=\"og:image\" content=\"https:\/\/ironsky.pl\/sklep\/wp-content\/uploads\/2026\/02\/55370_4.jpg\" \/>\n\t<meta property=\"og:image:width\" content=\"800\" \/>\n\t<meta property=\"og:image:height\" content=\"800\" \/>\n\t<meta property=\"og:image:type\" content=\"image\/jpeg\" \/>\n<meta name=\"twitter:card\" content=\"summary_large_image\" \/>\n<meta name=\"twitter:label1\" content=\"Szacowany czas czytania\" \/>\n\t<meta name=\"twitter:data1\" content=\"4 minuty\" \/>\n<script type=\"application\/ld+json\" class=\"yoast-schema-graph\">{\"@context\":\"https:\/\/schema.org\",\"@graph\":[{\"@type\":\"WebPage\",\"@id\":\"https:\/\/ironsky.pl\/sklep\/produkt\/drukarka-3d-creality-k2-pro-combo\/\",\"url\":\"https:\/\/ironsky.pl\/sklep\/produkt\/drukarka-3d-creality-k2-pro-combo\/\",\"name\":\"Drukarka 3D CREALITY K2 Pro Combo - IRONSKY.PL Sklep z Dronami\",\"isPartOf\":{\"@id\":\"https:\/\/ironsky.pl\/sklep\/#website\"},\"primaryImageOfPage\":{\"@id\":\"https:\/\/ironsky.pl\/sklep\/produkt\/drukarka-3d-creality-k2-pro-combo\/#primaryimage\"},\"image\":{\"@id\":\"https:\/\/ironsky.pl\/sklep\/produkt\/drukarka-3d-creality-k2-pro-combo\/#primaryimage\"},\"thumbnailUrl\":\"https:\/\/ironsky.pl\/sklep\/wp-content\/uploads\/2026\/02\/55370_4.jpg\",\"datePublished\":\"2026-02-10T13:33:29+00:00\",\"dateModified\":\"2026-05-07T16:19:00+00:00\",\"description\":\"Drukarka 3D CREALITY K2 Pro Combo - \u2705 sklep z dronami i fachowym doradztwem. \u2705 Tutaj kupisz produkty DJI, Yuneec, Parrot, Syma i wiele innych, a tak\u017ce kursy i licencje na operatora drona.\",\"breadcrumb\":{\"@id\":\"https:\/\/ironsky.pl\/sklep\/produkt\/drukarka-3d-creality-k2-pro-combo\/#breadcrumb\"},\"inLanguage\":\"pl-PL\",\"potentialAction\":[{\"@type\":\"ReadAction\",\"target\":[\"https:\/\/ironsky.pl\/sklep\/produkt\/drukarka-3d-creality-k2-pro-combo\/\"]}]},{\"@type\":\"ImageObject\",\"inLanguage\":\"pl-PL\",\"@id\":\"https:\/\/ironsky.pl\/sklep\/produkt\/drukarka-3d-creality-k2-pro-combo\/#primaryimage\",\"url\":\"https:\/\/ironsky.pl\/sklep\/wp-content\/uploads\/2026\/02\/55370_4.jpg\",\"contentUrl\":\"https:\/\/ironsky.pl\/sklep\/wp-content\/uploads\/2026\/02\/55370_4.jpg\",\"width\":800,\"height\":800},{\"@type\":\"BreadcrumbList\",\"@id\":\"https:\/\/ironsky.pl\/sklep\/produkt\/drukarka-3d-creality-k2-pro-combo\/#breadcrumb\",\"itemListElement\":[{\"@type\":\"ListItem\",\"position\":1,\"name\":\"Strona g\u0142\u00f3wna\",\"item\":\"https:\/\/ironsky.pl\/sklep\/\"},{\"@type\":\"ListItem\",\"position\":2,\"name\":\"Wszystkie produkty\",\"item\":\"https:\/\/ironsky.pl\/sklep\/produkty\/\"},{\"@type\":\"ListItem\",\"position\":3,\"name\":\"Drukarka 3D CREALITY K2 Pro Combo\"}]},{\"@type\":\"WebSite\",\"@id\":\"https:\/\/ironsky.pl\/sklep\/#website\",\"url\":\"https:\/\/ironsky.pl\/sklep\/\",\"name\":\"IRONSKY.PL Sklep z Dronami\",\"description\":\"IRONSKY.PL Sklep z Dronami\",\"potentialAction\":[{\"@type\":\"SearchAction\",\"target\":{\"@type\":\"EntryPoint\",\"urlTemplate\":\"https:\/\/ironsky.pl\/sklep\/?s={search_term_string}\"},\"query-input\":{\"@type\":\"PropertyValueSpecification\",\"valueRequired\":true,\"valueName\":\"search_term_string\"}}],\"inLanguage\":\"pl-PL\"}]}<\/script>\n<!-- \/ Yoast SEO plugin. -->","yoast_head_json":{"title":"Drukarka 3D CREALITY K2 Pro Combo - IRONSKY.PL Sklep z Dronami","description":"Drukarka 3D CREALITY K2 Pro Combo - \u2705 sklep z dronami i fachowym doradztwem. \u2705 Tutaj kupisz produkty DJI, Yuneec, Parrot, Syma i wiele innych, a tak\u017ce kursy i licencje na operatora drona.","robots":{"index":"index","follow":"follow","max-snippet":"max-snippet:-1","max-image-preview":"max-image-preview:large","max-video-preview":"max-video-preview:-1"},"canonical":"https:\/\/ironsky.pl\/sklep\/produkt\/drukarka-3d-creality-k2-pro-combo\/","og_locale":"pl_PL","og_type":"article","og_title":"Drukarka 3D CREALITY K2 Pro Combo - IRONSKY.PL Sklep z Dronami","og_description":"Drukarka 3D CREALITY K2 Pro Combo - \u2705 sklep z dronami i fachowym doradztwem. \u2705 Tutaj kupisz produkty DJI, Yuneec, Parrot, Syma i wiele innych, a tak\u017ce kursy i licencje na operatora drona.","og_url":"https:\/\/ironsky.pl\/sklep\/produkt\/drukarka-3d-creality-k2-pro-combo\/","og_site_name":"IRONSKY.PL Sklep z Dronami","article_modified_time":"2026-05-07T16:19:00+00:00","og_image":[{"width":800,"height":800,"url":"https:\/\/ironsky.pl\/sklep\/wp-content\/uploads\/2026\/02\/55370_4.jpg","type":"image\/jpeg"}],"twitter_card":"summary_large_image","twitter_misc":{"Szacowany czas czytania":"4 minuty"},"schema":{"@context":"https:\/\/schema.org","@graph":[{"@type":"WebPage","@id":"https:\/\/ironsky.pl\/sklep\/produkt\/drukarka-3d-creality-k2-pro-combo\/","url":"https:\/\/ironsky.pl\/sklep\/produkt\/drukarka-3d-creality-k2-pro-combo\/","name":"Drukarka 3D CREALITY K2 Pro Combo - IRONSKY.PL Sklep z Dronami","isPartOf":{"@id":"https:\/\/ironsky.pl\/sklep\/#website"},"primaryImageOfPage":{"@id":"https:\/\/ironsky.pl\/sklep\/produkt\/drukarka-3d-creality-k2-pro-combo\/#primaryimage"},"image":{"@id":"https:\/\/ironsky.pl\/sklep\/produkt\/drukarka-3d-creality-k2-pro-combo\/#primaryimage"},"thumbnailUrl":"https:\/\/ironsky.pl\/sklep\/wp-content\/uploads\/2026\/02\/55370_4.jpg","datePublished":"2026-02-10T13:33:29+00:00","dateModified":"2026-05-07T16:19:00+00:00","description":"Drukarka 3D CREALITY K2 Pro Combo - \u2705 sklep z dronami i fachowym doradztwem. \u2705 Tutaj kupisz produkty DJI, Yuneec, Parrot, Syma i wiele innych, a tak\u017ce kursy i licencje na operatora drona.","breadcrumb":{"@id":"https:\/\/ironsky.pl\/sklep\/produkt\/drukarka-3d-creality-k2-pro-combo\/#breadcrumb"},"inLanguage":"pl-PL","potentialAction":[{"@type":"ReadAction","target":["https:\/\/ironsky.pl\/sklep\/produkt\/drukarka-3d-creality-k2-pro-combo\/"]}]},{"@type":"ImageObject","inLanguage":"pl-PL","@id":"https:\/\/ironsky.pl\/sklep\/produkt\/drukarka-3d-creality-k2-pro-combo\/#primaryimage","url":"https:\/\/ironsky.pl\/sklep\/wp-content\/uploads\/2026\/02\/55370_4.jpg","contentUrl":"https:\/\/ironsky.pl\/sklep\/wp-content\/uploads\/2026\/02\/55370_4.jpg","width":800,"height":800},{"@type":"BreadcrumbList","@id":"https:\/\/ironsky.pl\/sklep\/produkt\/drukarka-3d-creality-k2-pro-combo\/#breadcrumb","itemListElement":[{"@type":"ListItem","position":1,"name":"Strona g\u0142\u00f3wna","item":"https:\/\/ironsky.pl\/sklep\/"},{"@type":"ListItem","position":2,"name":"Wszystkie produkty","item":"https:\/\/ironsky.pl\/sklep\/produkty\/"},{"@type":"ListItem","position":3,"name":"Drukarka 3D CREALITY K2 Pro Combo"}]},{"@type":"WebSite","@id":"https:\/\/ironsky.pl\/sklep\/#website","url":"https:\/\/ironsky.pl\/sklep\/","name":"IRONSKY.PL Sklep z Dronami","description":"IRONSKY.PL Sklep z Dronami","potentialAction":[{"@type":"SearchAction","target":{"@type":"EntryPoint","urlTemplate":"https:\/\/ironsky.pl\/sklep\/?s={search_term_string}"},"query-input":{"@type":"PropertyValueSpecification","valueRequired":true,"valueName":"search_term_string"}}],"inLanguage":"pl-PL"}]}},"_links":{"self":[{"href":"https:\/\/ironsky.pl\/sklep\/wp-json\/wp\/v2\/product\/51370","targetHints":{"allow":["GET"]}}],"collection":[{"href":"https:\/\/ironsky.pl\/sklep\/wp-json\/wp\/v2\/product"}],"about":[{"href":"https:\/\/ironsky.pl\/sklep\/wp-json\/wp\/v2\/types\/product"}],"replies":[{"embeddable":true,"href":"https:\/\/ironsky.pl\/sklep\/wp-json\/wp\/v2\/comments?post=51370"}],"wp:featuredmedia":[{"embeddable":true,"href":"https:\/\/ironsky.pl\/sklep\/wp-json\/wp\/v2\/media\/51371"}],"wp:attachment":[{"href":"https:\/\/ironsky.pl\/sklep\/wp-json\/wp\/v2\/media?parent=51370"}],"wp:term":[{"taxonomy":"product_brand","embeddable":true,"href":"https:\/\/ironsky.pl\/sklep\/wp-json\/wp\/v2\/product_brand?post=51370"},{"taxonomy":"product_cat","embeddable":true,"href":"https:\/\/ironsky.pl\/sklep\/wp-json\/wp\/v2\/product_cat?post=51370"},{"taxonomy":"product_tag","embeddable":true,"href":"https:\/\/ironsky.pl\/sklep\/wp-json\/wp\/v2\/product_tag?post=51370"}],"curies":[{"name":"wp","href":"https:\/\/api.w.org\/{rel}","templated":true}]}}