{"id":51078,"date":"2026-02-10T14:29:48","date_gmt":"2026-02-10T13:29:48","guid":{"rendered":"https:\/\/ironsky.pl\/drony-sklep\/produkt\/etui-silikonowe-telesin-do-osmo-action-5\/"},"modified":"2026-05-03T20:13:00","modified_gmt":"2026-05-03T18:13:00","slug":"etui-silikonowe-telesin-do-osmo-action-5","status":"publish","type":"product","link":"https:\/\/ironsky.pl\/sklep\/produkt\/etui-silikonowe-telesin-do-osmo-action-5\/","title":{"rendered":"Etui silikonowe TELESIN do Osmo Action 5"},"content":{"rendered":"<h3>Etui silikonowe Telesin do DJI Osmo Action 5<\/h3>\n<p>Zadbaj o bezpiecze\u0144stwo swojej kamery DJI Osmo Action 5 Pro, 4 lub 3 dzi\u0119ki specjalnie zaprojektowanemu etui silikonowemu Telesin. Wykonane z rozci\u0105gliwego silikonu, idealnie dopasowuje si\u0119 do kszta\u0142tu urz\u0105dzenia \u2013 precyzyjny odlew w skali 1:1 gwarantuje bezszczelinowe przyleganie, chroni\u0105c sprz\u0119t bez kompromis\u00f3w. Etui skutecznie zabezpiecza kamer\u0119 przed zarysowaniami, uderzeniami i innymi uszkodzeniami mechanicznymi, zapewniaj\u0105c jej d\u0142ug\u0105 \u017cywotno\u015b\u0107 nawet podczas intensywnego u\u017cytkowania.<\/p>\n<p>\n<img decoding=\"async\" src=\"https:\/\/assets.innpro.pl\/16767\/21840\/3.jpg\" border=\"0\" alt=\"\" \/>\n<\/p>\n<h3>Przemy\u015blane rozwi\u0105zania w ka\u017cdym detalu<\/h3>\n<p>Telesin oferuje a\u017c siedem funkcjonalnych cech, kt\u00f3re czyni\u0105 to etui wyj\u0105tkowym wyborem \u2013 dok\u0142adne dopasowanie, kompleksow\u0105 ochron\u0119 przed \u015bcieraniem i wstrz\u0105sami, os\u0142on\u0119 obiektywu odporn\u0105 na upadki i zarysowania, elastyczny silikon odporny na odkszta\u0142cenia, antypo\u015blizgow\u0105 powierzchni\u0119, bezpieczn\u0105 smycz oraz mo\u017cliwo\u015b\u0107 wygodnego przechowywania. Do zestawu do\u0142\u0105czono smycz zabezpieczaj\u0105c\u0105 oraz zewn\u0119trzny uchwyt na nadgarstek lub torb\u0119, kt\u00f3ry pozwala mie\u0107 kamer\u0119 zawsze pod r\u0119k\u0105 i zapobiega jej przypadkowemu zgubieniu.<\/p>\n<p>\n<img decoding=\"async\" src=\"https:\/\/assets.innpro.pl\/16767\/21840\/2.jpg\" border=\"0\" alt=\"\" \/>\n<\/p>\n<h3>W zestawie<\/h3>\n<ul class=\"list-disc pl-5\">\n<li>etui\u00a0<\/li>\n<li>smycz na nadgarstek<\/li>\n<\/ul>\n<div class=\"table-wrapper\">\n<p>\u00a0<\/p>\n<h3><\/h3>\n<table>\n<tbody>\n<tr>\n<th>Producent<\/th>\n<td>Telesin<\/td>\n<\/tr>\n<tr>\n<th>Model<\/th>\n<td>S6-PTC-011-TDJ<\/td>\n<\/tr>\n<tr>\n<th>Materia\u0142<\/th>\n<td>Silikon<\/td>\n<\/tr>\n<tr>\n<th>Waga<\/th>\n<td>39 g<\/td>\n<\/tr>\n<tr>\n<th>Wymiary<\/th>\n<td>75 x 35 x 49 mm<\/td>\n<\/tr>\n<tr>\n<th>Kompatybilne modele<\/th>\n<td>DJI Action 5 Pro \/ 4 \/ 3<\/td>\n<\/tr>\n<\/tbody>\n<\/table>\n<\/div>\n","protected":false},"excerpt":{"rendered":"<p>Etui silikonowe Telesin do DJI Osmo Action 5 Zadbaj o bezpiecze\u0144stwo swojej kamery DJI Osmo Action 5 Pro, 4 lub<\/p>\n","protected":false},"featured_media":51079,"comment_status":"closed","ping_status":"open","template":"","meta":{"_acf_changed":false},"product_brand":[],"product_cat":[6156],"product_tag":[],"class_list":{"0":"post-51078","1":"product","2":"type-product","3":"status-publish","4":"has-post-thumbnail","6":"product_cat-inne-produkty","7":"pa_okres-gwarancji-5754","8":"pa_producent-telesin","10":"first","11":"instock","12":"taxable","13":"shipping-taxable","14":"purchasable","15":"product-type-simple"},"acf":[],"yoast_head":"<!-- This site is optimized with the Yoast SEO plugin v27.2 - https:\/\/yoast.com\/product\/yoast-seo-wordpress\/ -->\n<title>Etui silikonowe TELESIN do Osmo Action 5 - IRONSKY.PL Sklep z Dronami<\/title>\n<meta name=\"description\" content=\"Etui silikonowe TELESIN do Osmo Action 5 - \u2705 sklep z dronami i fachowym doradztwem. \u2705 Tutaj kupisz produkty DJI, Yuneec, Parrot, Syma i wiele innych, a tak\u017ce kursy i licencje na operatora drona.\" \/>\n<meta name=\"robots\" content=\"index, follow, max-snippet:-1, max-image-preview:large, max-video-preview:-1\" \/>\n<link rel=\"canonical\" href=\"https:\/\/ironsky.pl\/sklep\/produkt\/etui-silikonowe-telesin-do-osmo-action-5\/\" \/>\n<meta property=\"og:locale\" content=\"pl_PL\" \/>\n<meta property=\"og:type\" content=\"article\" \/>\n<meta property=\"og:title\" content=\"Etui silikonowe TELESIN do Osmo Action 5 - IRONSKY.PL Sklep z Dronami\" \/>\n<meta property=\"og:description\" content=\"Etui silikonowe TELESIN do Osmo Action 5 - \u2705 sklep z dronami i fachowym doradztwem. \u2705 Tutaj kupisz produkty DJI, Yuneec, Parrot, Syma i wiele innych, a tak\u017ce kursy i licencje na operatora drona.\" \/>\n<meta property=\"og:url\" content=\"https:\/\/ironsky.pl\/sklep\/produkt\/etui-silikonowe-telesin-do-osmo-action-5\/\" \/>\n<meta property=\"og:site_name\" content=\"IRONSKY.PL Sklep z Dronami\" \/>\n<meta property=\"article:modified_time\" content=\"2026-05-03T18:13:00+00:00\" \/>\n<meta property=\"og:image\" content=\"https:\/\/ironsky.pl\/sklep\/wp-content\/uploads\/2026\/02\/53570_1.jpg\" \/>\n\t<meta property=\"og:image:width\" content=\"800\" \/>\n\t<meta property=\"og:image:height\" content=\"800\" \/>\n\t<meta property=\"og:image:type\" content=\"image\/jpeg\" \/>\n<meta name=\"twitter:card\" content=\"summary_large_image\" \/>\n<meta name=\"twitter:label1\" content=\"Szacowany czas czytania\" \/>\n\t<meta name=\"twitter:data1\" content=\"1 minuta\" \/>\n<script type=\"application\/ld+json\" class=\"yoast-schema-graph\">{\"@context\":\"https:\/\/schema.org\",\"@graph\":[{\"@type\":\"WebPage\",\"@id\":\"https:\/\/ironsky.pl\/sklep\/produkt\/etui-silikonowe-telesin-do-osmo-action-5\/\",\"url\":\"https:\/\/ironsky.pl\/sklep\/produkt\/etui-silikonowe-telesin-do-osmo-action-5\/\",\"name\":\"Etui silikonowe TELESIN do Osmo Action 5 - IRONSKY.PL Sklep z Dronami\",\"isPartOf\":{\"@id\":\"https:\/\/ironsky.pl\/sklep\/#website\"},\"primaryImageOfPage\":{\"@id\":\"https:\/\/ironsky.pl\/sklep\/produkt\/etui-silikonowe-telesin-do-osmo-action-5\/#primaryimage\"},\"image\":{\"@id\":\"https:\/\/ironsky.pl\/sklep\/produkt\/etui-silikonowe-telesin-do-osmo-action-5\/#primaryimage\"},\"thumbnailUrl\":\"https:\/\/ironsky.pl\/sklep\/wp-content\/uploads\/2026\/02\/53570_1.jpg\",\"datePublished\":\"2026-02-10T13:29:48+00:00\",\"dateModified\":\"2026-05-03T18:13:00+00:00\",\"description\":\"Etui silikonowe TELESIN do Osmo Action 5 - \u2705 sklep z dronami i fachowym doradztwem. \u2705 Tutaj kupisz produkty DJI, Yuneec, Parrot, Syma i wiele innych, a tak\u017ce kursy i licencje na operatora drona.\",\"breadcrumb\":{\"@id\":\"https:\/\/ironsky.pl\/sklep\/produkt\/etui-silikonowe-telesin-do-osmo-action-5\/#breadcrumb\"},\"inLanguage\":\"pl-PL\",\"potentialAction\":[{\"@type\":\"ReadAction\",\"target\":[\"https:\/\/ironsky.pl\/sklep\/produkt\/etui-silikonowe-telesin-do-osmo-action-5\/\"]}]},{\"@type\":\"ImageObject\",\"inLanguage\":\"pl-PL\",\"@id\":\"https:\/\/ironsky.pl\/sklep\/produkt\/etui-silikonowe-telesin-do-osmo-action-5\/#primaryimage\",\"url\":\"https:\/\/ironsky.pl\/sklep\/wp-content\/uploads\/2026\/02\/53570_1.jpg\",\"contentUrl\":\"https:\/\/ironsky.pl\/sklep\/wp-content\/uploads\/2026\/02\/53570_1.jpg\",\"width\":800,\"height\":800},{\"@type\":\"BreadcrumbList\",\"@id\":\"https:\/\/ironsky.pl\/sklep\/produkt\/etui-silikonowe-telesin-do-osmo-action-5\/#breadcrumb\",\"itemListElement\":[{\"@type\":\"ListItem\",\"position\":1,\"name\":\"Strona g\u0142\u00f3wna\",\"item\":\"https:\/\/ironsky.pl\/sklep\/\"},{\"@type\":\"ListItem\",\"position\":2,\"name\":\"Wszystkie produkty\",\"item\":\"https:\/\/ironsky.pl\/sklep\/produkty\/\"},{\"@type\":\"ListItem\",\"position\":3,\"name\":\"Etui silikonowe TELESIN do Osmo Action 5\"}]},{\"@type\":\"WebSite\",\"@id\":\"https:\/\/ironsky.pl\/sklep\/#website\",\"url\":\"https:\/\/ironsky.pl\/sklep\/\",\"name\":\"IRONSKY.PL Sklep z Dronami\",\"description\":\"IRONSKY.PL Sklep z Dronami\",\"potentialAction\":[{\"@type\":\"SearchAction\",\"target\":{\"@type\":\"EntryPoint\",\"urlTemplate\":\"https:\/\/ironsky.pl\/sklep\/?s={search_term_string}\"},\"query-input\":{\"@type\":\"PropertyValueSpecification\",\"valueRequired\":true,\"valueName\":\"search_term_string\"}}],\"inLanguage\":\"pl-PL\"}]}<\/script>\n<!-- \/ Yoast SEO plugin. -->","yoast_head_json":{"title":"Etui silikonowe TELESIN do Osmo Action 5 - IRONSKY.PL Sklep z Dronami","description":"Etui silikonowe TELESIN do Osmo Action 5 - \u2705 sklep z dronami i fachowym doradztwem. \u2705 Tutaj kupisz produkty DJI, Yuneec, Parrot, Syma i wiele innych, a tak\u017ce kursy i licencje na operatora drona.","robots":{"index":"index","follow":"follow","max-snippet":"max-snippet:-1","max-image-preview":"max-image-preview:large","max-video-preview":"max-video-preview:-1"},"canonical":"https:\/\/ironsky.pl\/sklep\/produkt\/etui-silikonowe-telesin-do-osmo-action-5\/","og_locale":"pl_PL","og_type":"article","og_title":"Etui silikonowe TELESIN do Osmo Action 5 - IRONSKY.PL Sklep z Dronami","og_description":"Etui silikonowe TELESIN do Osmo Action 5 - \u2705 sklep z dronami i fachowym doradztwem. \u2705 Tutaj kupisz produkty DJI, Yuneec, Parrot, Syma i wiele innych, a tak\u017ce kursy i licencje na operatora drona.","og_url":"https:\/\/ironsky.pl\/sklep\/produkt\/etui-silikonowe-telesin-do-osmo-action-5\/","og_site_name":"IRONSKY.PL Sklep z Dronami","article_modified_time":"2026-05-03T18:13:00+00:00","og_image":[{"width":800,"height":800,"url":"https:\/\/ironsky.pl\/sklep\/wp-content\/uploads\/2026\/02\/53570_1.jpg","type":"image\/jpeg"}],"twitter_card":"summary_large_image","twitter_misc":{"Szacowany czas czytania":"1 minuta"},"schema":{"@context":"https:\/\/schema.org","@graph":[{"@type":"WebPage","@id":"https:\/\/ironsky.pl\/sklep\/produkt\/etui-silikonowe-telesin-do-osmo-action-5\/","url":"https:\/\/ironsky.pl\/sklep\/produkt\/etui-silikonowe-telesin-do-osmo-action-5\/","name":"Etui silikonowe TELESIN do Osmo Action 5 - IRONSKY.PL Sklep z Dronami","isPartOf":{"@id":"https:\/\/ironsky.pl\/sklep\/#website"},"primaryImageOfPage":{"@id":"https:\/\/ironsky.pl\/sklep\/produkt\/etui-silikonowe-telesin-do-osmo-action-5\/#primaryimage"},"image":{"@id":"https:\/\/ironsky.pl\/sklep\/produkt\/etui-silikonowe-telesin-do-osmo-action-5\/#primaryimage"},"thumbnailUrl":"https:\/\/ironsky.pl\/sklep\/wp-content\/uploads\/2026\/02\/53570_1.jpg","datePublished":"2026-02-10T13:29:48+00:00","dateModified":"2026-05-03T18:13:00+00:00","description":"Etui silikonowe TELESIN do Osmo Action 5 - \u2705 sklep z dronami i fachowym doradztwem. \u2705 Tutaj kupisz produkty DJI, Yuneec, Parrot, Syma i wiele innych, a tak\u017ce kursy i licencje na operatora drona.","breadcrumb":{"@id":"https:\/\/ironsky.pl\/sklep\/produkt\/etui-silikonowe-telesin-do-osmo-action-5\/#breadcrumb"},"inLanguage":"pl-PL","potentialAction":[{"@type":"ReadAction","target":["https:\/\/ironsky.pl\/sklep\/produkt\/etui-silikonowe-telesin-do-osmo-action-5\/"]}]},{"@type":"ImageObject","inLanguage":"pl-PL","@id":"https:\/\/ironsky.pl\/sklep\/produkt\/etui-silikonowe-telesin-do-osmo-action-5\/#primaryimage","url":"https:\/\/ironsky.pl\/sklep\/wp-content\/uploads\/2026\/02\/53570_1.jpg","contentUrl":"https:\/\/ironsky.pl\/sklep\/wp-content\/uploads\/2026\/02\/53570_1.jpg","width":800,"height":800},{"@type":"BreadcrumbList","@id":"https:\/\/ironsky.pl\/sklep\/produkt\/etui-silikonowe-telesin-do-osmo-action-5\/#breadcrumb","itemListElement":[{"@type":"ListItem","position":1,"name":"Strona g\u0142\u00f3wna","item":"https:\/\/ironsky.pl\/sklep\/"},{"@type":"ListItem","position":2,"name":"Wszystkie produkty","item":"https:\/\/ironsky.pl\/sklep\/produkty\/"},{"@type":"ListItem","position":3,"name":"Etui silikonowe TELESIN do Osmo Action 5"}]},{"@type":"WebSite","@id":"https:\/\/ironsky.pl\/sklep\/#website","url":"https:\/\/ironsky.pl\/sklep\/","name":"IRONSKY.PL Sklep z Dronami","description":"IRONSKY.PL Sklep z Dronami","potentialAction":[{"@type":"SearchAction","target":{"@type":"EntryPoint","urlTemplate":"https:\/\/ironsky.pl\/sklep\/?s={search_term_string}"},"query-input":{"@type":"PropertyValueSpecification","valueRequired":true,"valueName":"search_term_string"}}],"inLanguage":"pl-PL"}]}},"_links":{"self":[{"href":"https:\/\/ironsky.pl\/sklep\/wp-json\/wp\/v2\/product\/51078","targetHints":{"allow":["GET"]}}],"collection":[{"href":"https:\/\/ironsky.pl\/sklep\/wp-json\/wp\/v2\/product"}],"about":[{"href":"https:\/\/ironsky.pl\/sklep\/wp-json\/wp\/v2\/types\/product"}],"replies":[{"embeddable":true,"href":"https:\/\/ironsky.pl\/sklep\/wp-json\/wp\/v2\/comments?post=51078"}],"wp:featuredmedia":[{"embeddable":true,"href":"https:\/\/ironsky.pl\/sklep\/wp-json\/wp\/v2\/media\/51079"}],"wp:attachment":[{"href":"https:\/\/ironsky.pl\/sklep\/wp-json\/wp\/v2\/media?parent=51078"}],"wp:term":[{"taxonomy":"product_brand","embeddable":true,"href":"https:\/\/ironsky.pl\/sklep\/wp-json\/wp\/v2\/product_brand?post=51078"},{"taxonomy":"product_cat","embeddable":true,"href":"https:\/\/ironsky.pl\/sklep\/wp-json\/wp\/v2\/product_cat?post=51078"},{"taxonomy":"product_tag","embeddable":true,"href":"https:\/\/ironsky.pl\/sklep\/wp-json\/wp\/v2\/product_tag?post=51078"}],"curies":[{"name":"wp","href":"https:\/\/api.w.org\/{rel}","templated":true}]}}