{"id":51068,"date":"2026-02-10T14:29:41","date_gmt":"2026-02-10T13:29:41","guid":{"rendered":"https:\/\/ironsky.pl\/drony-sklep\/produkt\/akumulator-telesin-do-gopro-hero-13\/"},"modified":"2026-05-07T13:14:17","modified_gmt":"2026-05-07T11:14:17","slug":"akumulator-telesin-do-gopro-hero-13","status":"publish","type":"product","link":"https:\/\/ironsky.pl\/sklep\/produkt\/akumulator-telesin-do-gopro-hero-13\/","title":{"rendered":"Akumulator TELESIN do GoPro Hero 13"},"content":{"rendered":"<h3>Akumulator Telesin do GoPro Hero 13<\/h3>\n<p>Poznaj wysokowydajny akumulator Telesin stworzony z my\u015bl\u0105 o u\u017cytkownikach kamery GoPro Hero 13. Dzi\u0119ki pe\u0142nej kompatybilno\u015bci z oryginalnymi \u0142adowarkami i kamer\u0105 akumulator dzia\u0142a bez \u017cadnych komunikat\u00f3w czy zak\u0142\u00f3ce\u0144. Co wi\u0119cej, jego zdolno\u015b\u0107 do bezproblemowego uruchamiania kamery nawet przy temperaturze -20\u00b0C lub 40\u00b0C sprawia, \u017ce jest doskona\u0142ym wyborem dla wszystkich, kt\u00f3rzy filmuj\u0105 w trudnych warunkach pogodowych \u2013 od \u015bnie\u017cnych stok\u00f3w po upalne pustynie.<\/p>\n<p>\n<img decoding=\"async\" src=\"https:\/\/assets.innpro.pl\/16671\/21704\/1.jpg\" border=\"0\" alt=\"\" \/>\n<\/p>\n<h3>D\u0142u\u017csza praca, pe\u0142na niezawodno\u015b\u0107<\/h3>\n<p>Akumulator Telesin oferuje wydajno\u015b\u0107 por\u00f3wnywaln\u0105 z oryginalnym akumulatorem GoPro Hero 13, zapewniaj\u0105c jednocze\u015bnie nawet o 15% d\u0142u\u017cszy czas pracy ni\u017c inne modele. Na jednym \u0142adowaniu mo\u017cesz nagrywa\u0107 do 72 minut w 4K\/120 fps, 85 minut w 4K\/60 fps lub a\u017c 136 minut w 1080p\/30 fps. To idealne rozwi\u0105zanie dla vloger\u00f3w, sportowc\u00f3w i wszystkich tw\u00f3rc\u00f3w, kt\u00f3rym zale\u017cy na d\u0142u\u017cszym czasie pracy bez przerw.<\/p>\n<p>\n<img decoding=\"async\" src=\"https:\/\/assets.innpro.pl\/16671\/21704\/3.jpg\" border=\"0\" alt=\"\" \/>\n<\/p>\n<h3>Gotowy na zimno i ciep\u0142o \u2013 zawsze w akcji<\/h3>\n<p>Akumulator dzia\u0142a stabilnie nawet przy -20\u00b0C, co czyni go niezast\u0105pionym podczas zimowych wypraw czy g\u00f3rskich zjazd\u00f3w. W testach w temperaturze -15\u00b0C zagwarantowa\u0142 nieprzerwane nagrywanie przez 1,25 godziny. Dzi\u0119ki zastosowaniu zaawansowanych ogniw litowych sprawdza si\u0119 tak\u017ce w wysokich temperaturach (a\u017c do 40\u00b0C), gwarantuj\u0105c stabilne zasilanie w ka\u017cdych warunkach.<\/p>\n<p>\n<img decoding=\"async\" src=\"https:\/\/assets.innpro.pl\/16671\/21704\/4.jpg\" border=\"0\" alt=\"\" \/>\n<\/p>\n<h3>Jako\u015b\u0107 i bezpiecze\u0144stwo potwierdzone normami<\/h3>\n<p>Urz\u0105dzenie wykorzystuje oryginalne standardy produkcyjne i rygorystyczn\u0105 kontrol\u0119 jako\u015bci. Ka\u017cdy akumulator przechodzi co najmniej 200 test\u00f3w uruchomieniowych, co gwarantuje brak wyskakuj\u0105cych komunikat\u00f3w oraz mo\u017cliwo\u015b\u0107 sprawdzania poziomu na\u0142adowania w czasie rzeczywistym. Ogniwa s\u0105 zgodne z norm\u0105 GB31241-2022 i oferuj\u0105 pojemno\u015b\u0107 1900 mAh, umo\u017cliwiaj\u0105c wykonanie oko\u0142o 280 zdj\u0119\u0107 lub a\u017c 4,5 godziny nagra\u0144.<\/p>\n<p>\n<img decoding=\"async\" src=\"https:\/\/assets.innpro.pl\/16671\/21704\/5.jpg\" border=\"0\" alt=\"\" \/>\n<\/p>\n<h3>Maksymalne bezpiecze\u0144stwo dzi\u0119ki wielowarstwowej ochronie<\/h3>\n<p>Akumulator zosta\u0142 wyposa\u017cony w potr\u00f3jny system zabezpiecze\u0144 \u2013 materia\u0142 ognioodporny klasy V, warstw\u0119 antywybuchow\u0105 oraz pow\u0142ok\u0119 ochronn\u0105 z PC. Obudowa urz\u0105dzenia wykonana z trwa\u0142ego tworzywa sztucznego jest odporna na uderzenia i \u015bcieranie, a konstrukcja 1:1 gwarantuje idealne dopasowanie do kamery. Systemy zabezpieczaj\u0105ce obejmuj\u0105 <a href=\"http:\/\/m.in\">m.in<\/a>. ochron\u0119 przed przegrzaniem, prze\u0142adowaniem, zwarciem, przepi\u0119ciem, roz\u0142adowaniem, a tak\u017ce ochron\u0119 pola elektromagnetycznego.<\/p>\n<p>\n<img decoding=\"async\" src=\"https:\/\/assets.innpro.pl\/16671\/21704\/2.jpg\" border=\"0\" alt=\"\" \/>\n<\/p>\n<div class=\"table-wrapper\">\n<p>\u00a0<\/p>\n<h3><\/h3>\n<table>\n<tbody>\n<tr>\n<th>Producent<\/th>\n<td>Telesin<\/td>\n<\/tr>\n<tr>\n<th>Model<\/th>\n<td>S0-BTR-04-TGP<\/td>\n<\/tr>\n<tr>\n<th>Rodzaj akumulatora<\/th>\n<td>Litowo-jonowy<\/td>\n<\/tr>\n<tr>\n<th>Pojemno\u015b\u0107 znamieniowa<\/th>\n<td>1950 mAh, 7.4 Wh<\/td>\n<\/tr>\n<tr>\n<th>Wymiary<\/th>\n<td>40.61 x 33.46 x 13.13 mm<\/td>\n<\/tr>\n<tr>\n<th>Napi\u0119cie ograniczaj\u0105ce \u0142adowanie<\/th>\n<td>4.48V<\/td>\n<\/tr>\n<tr>\n<th>Waga<\/th>\n<td>34.9 g<\/td>\n<\/tr>\n<tr>\n<th>Kompatybilne modele<\/th>\n<td>GoPro Hero 13<\/td>\n<\/tr>\n<\/tbody>\n<\/table>\n<\/div>\n","protected":false},"excerpt":{"rendered":"<p>Akumulator Telesin do GoPro Hero 13 Poznaj wysokowydajny akumulator Telesin stworzony z my\u015bl\u0105 o u\u017cytkownikach kamery GoPro Hero 13. Dzi\u0119ki<\/p>\n","protected":false},"featured_media":51069,"comment_status":"closed","ping_status":"open","template":"","meta":{"_acf_changed":false},"product_brand":[],"product_cat":[1130,1137,1128],"product_tag":[],"class_list":{"0":"post-51068","1":"product","2":"type-product","3":"status-publish","4":"has-post-thumbnail","6":"product_cat-akcesoria-foto","7":"product_cat-do-kamer-sportowych","8":"product_cat-foto-wideo","9":"pa_okres-gwarancji-5754","10":"pa_producent-telesin","12":"first","13":"instock","14":"taxable","15":"shipping-taxable","16":"purchasable","17":"product-type-simple"},"acf":[],"yoast_head":"<!-- This site is optimized with the Yoast SEO plugin v27.2 - https:\/\/yoast.com\/product\/yoast-seo-wordpress\/ -->\n<title>Akumulator TELESIN do GoPro Hero 13 - IRONSKY.PL Sklep z Dronami<\/title>\n<meta name=\"description\" content=\"Akumulator TELESIN do GoPro Hero 13 - \u2705 sklep z dronami i fachowym doradztwem. \u2705 Tutaj kupisz produkty DJI, Yuneec, Parrot, Syma i wiele innych, a tak\u017ce kursy i licencje na operatora drona.\" \/>\n<meta name=\"robots\" content=\"index, follow, max-snippet:-1, max-image-preview:large, max-video-preview:-1\" \/>\n<link rel=\"canonical\" href=\"https:\/\/ironsky.pl\/sklep\/produkt\/akumulator-telesin-do-gopro-hero-13\/\" \/>\n<meta property=\"og:locale\" content=\"pl_PL\" \/>\n<meta property=\"og:type\" content=\"article\" \/>\n<meta property=\"og:title\" content=\"Akumulator TELESIN do GoPro Hero 13 - IRONSKY.PL Sklep z Dronami\" \/>\n<meta property=\"og:description\" content=\"Akumulator TELESIN do GoPro Hero 13 - \u2705 sklep z dronami i fachowym doradztwem. \u2705 Tutaj kupisz produkty DJI, Yuneec, Parrot, Syma i wiele innych, a tak\u017ce kursy i licencje na operatora drona.\" \/>\n<meta property=\"og:url\" content=\"https:\/\/ironsky.pl\/sklep\/produkt\/akumulator-telesin-do-gopro-hero-13\/\" \/>\n<meta property=\"og:site_name\" content=\"IRONSKY.PL Sklep z Dronami\" \/>\n<meta property=\"article:modified_time\" content=\"2026-05-07T11:14:17+00:00\" \/>\n<meta property=\"og:image\" content=\"https:\/\/ironsky.pl\/sklep\/wp-content\/uploads\/2026\/02\/53564_1.jpg\" \/>\n\t<meta property=\"og:image:width\" content=\"800\" \/>\n\t<meta property=\"og:image:height\" content=\"800\" \/>\n\t<meta property=\"og:image:type\" content=\"image\/jpeg\" \/>\n<meta name=\"twitter:card\" content=\"summary_large_image\" \/>\n<meta name=\"twitter:label1\" content=\"Szacowany czas czytania\" \/>\n\t<meta name=\"twitter:data1\" content=\"2 minuty\" \/>\n<script type=\"application\/ld+json\" class=\"yoast-schema-graph\">{\"@context\":\"https:\/\/schema.org\",\"@graph\":[{\"@type\":\"WebPage\",\"@id\":\"https:\/\/ironsky.pl\/sklep\/produkt\/akumulator-telesin-do-gopro-hero-13\/\",\"url\":\"https:\/\/ironsky.pl\/sklep\/produkt\/akumulator-telesin-do-gopro-hero-13\/\",\"name\":\"Akumulator TELESIN do GoPro Hero 13 - IRONSKY.PL Sklep z Dronami\",\"isPartOf\":{\"@id\":\"https:\/\/ironsky.pl\/sklep\/#website\"},\"primaryImageOfPage\":{\"@id\":\"https:\/\/ironsky.pl\/sklep\/produkt\/akumulator-telesin-do-gopro-hero-13\/#primaryimage\"},\"image\":{\"@id\":\"https:\/\/ironsky.pl\/sklep\/produkt\/akumulator-telesin-do-gopro-hero-13\/#primaryimage\"},\"thumbnailUrl\":\"https:\/\/ironsky.pl\/sklep\/wp-content\/uploads\/2026\/02\/53564_1.jpg\",\"datePublished\":\"2026-02-10T13:29:41+00:00\",\"dateModified\":\"2026-05-07T11:14:17+00:00\",\"description\":\"Akumulator TELESIN do GoPro Hero 13 - \u2705 sklep z dronami i fachowym doradztwem. \u2705 Tutaj kupisz produkty DJI, Yuneec, Parrot, Syma i wiele innych, a tak\u017ce kursy i licencje na operatora drona.\",\"breadcrumb\":{\"@id\":\"https:\/\/ironsky.pl\/sklep\/produkt\/akumulator-telesin-do-gopro-hero-13\/#breadcrumb\"},\"inLanguage\":\"pl-PL\",\"potentialAction\":[{\"@type\":\"ReadAction\",\"target\":[\"https:\/\/ironsky.pl\/sklep\/produkt\/akumulator-telesin-do-gopro-hero-13\/\"]}]},{\"@type\":\"ImageObject\",\"inLanguage\":\"pl-PL\",\"@id\":\"https:\/\/ironsky.pl\/sklep\/produkt\/akumulator-telesin-do-gopro-hero-13\/#primaryimage\",\"url\":\"https:\/\/ironsky.pl\/sklep\/wp-content\/uploads\/2026\/02\/53564_1.jpg\",\"contentUrl\":\"https:\/\/ironsky.pl\/sklep\/wp-content\/uploads\/2026\/02\/53564_1.jpg\",\"width\":800,\"height\":800},{\"@type\":\"BreadcrumbList\",\"@id\":\"https:\/\/ironsky.pl\/sklep\/produkt\/akumulator-telesin-do-gopro-hero-13\/#breadcrumb\",\"itemListElement\":[{\"@type\":\"ListItem\",\"position\":1,\"name\":\"Strona g\u0142\u00f3wna\",\"item\":\"https:\/\/ironsky.pl\/sklep\/\"},{\"@type\":\"ListItem\",\"position\":2,\"name\":\"Wszystkie produkty\",\"item\":\"https:\/\/ironsky.pl\/sklep\/produkty\/\"},{\"@type\":\"ListItem\",\"position\":3,\"name\":\"Akumulator TELESIN do GoPro Hero 13\"}]},{\"@type\":\"WebSite\",\"@id\":\"https:\/\/ironsky.pl\/sklep\/#website\",\"url\":\"https:\/\/ironsky.pl\/sklep\/\",\"name\":\"IRONSKY.PL Sklep z Dronami\",\"description\":\"IRONSKY.PL Sklep z Dronami\",\"potentialAction\":[{\"@type\":\"SearchAction\",\"target\":{\"@type\":\"EntryPoint\",\"urlTemplate\":\"https:\/\/ironsky.pl\/sklep\/?s={search_term_string}\"},\"query-input\":{\"@type\":\"PropertyValueSpecification\",\"valueRequired\":true,\"valueName\":\"search_term_string\"}}],\"inLanguage\":\"pl-PL\"}]}<\/script>\n<!-- \/ Yoast SEO plugin. -->","yoast_head_json":{"title":"Akumulator TELESIN do GoPro Hero 13 - IRONSKY.PL Sklep z Dronami","description":"Akumulator TELESIN do GoPro Hero 13 - \u2705 sklep z dronami i fachowym doradztwem. \u2705 Tutaj kupisz produkty DJI, Yuneec, Parrot, Syma i wiele innych, a tak\u017ce kursy i licencje na operatora drona.","robots":{"index":"index","follow":"follow","max-snippet":"max-snippet:-1","max-image-preview":"max-image-preview:large","max-video-preview":"max-video-preview:-1"},"canonical":"https:\/\/ironsky.pl\/sklep\/produkt\/akumulator-telesin-do-gopro-hero-13\/","og_locale":"pl_PL","og_type":"article","og_title":"Akumulator TELESIN do GoPro Hero 13 - IRONSKY.PL Sklep z Dronami","og_description":"Akumulator TELESIN do GoPro Hero 13 - \u2705 sklep z dronami i fachowym doradztwem. \u2705 Tutaj kupisz produkty DJI, Yuneec, Parrot, Syma i wiele innych, a tak\u017ce kursy i licencje na operatora drona.","og_url":"https:\/\/ironsky.pl\/sklep\/produkt\/akumulator-telesin-do-gopro-hero-13\/","og_site_name":"IRONSKY.PL Sklep z Dronami","article_modified_time":"2026-05-07T11:14:17+00:00","og_image":[{"width":800,"height":800,"url":"https:\/\/ironsky.pl\/sklep\/wp-content\/uploads\/2026\/02\/53564_1.jpg","type":"image\/jpeg"}],"twitter_card":"summary_large_image","twitter_misc":{"Szacowany czas czytania":"2 minuty"},"schema":{"@context":"https:\/\/schema.org","@graph":[{"@type":"WebPage","@id":"https:\/\/ironsky.pl\/sklep\/produkt\/akumulator-telesin-do-gopro-hero-13\/","url":"https:\/\/ironsky.pl\/sklep\/produkt\/akumulator-telesin-do-gopro-hero-13\/","name":"Akumulator TELESIN do GoPro Hero 13 - IRONSKY.PL Sklep z Dronami","isPartOf":{"@id":"https:\/\/ironsky.pl\/sklep\/#website"},"primaryImageOfPage":{"@id":"https:\/\/ironsky.pl\/sklep\/produkt\/akumulator-telesin-do-gopro-hero-13\/#primaryimage"},"image":{"@id":"https:\/\/ironsky.pl\/sklep\/produkt\/akumulator-telesin-do-gopro-hero-13\/#primaryimage"},"thumbnailUrl":"https:\/\/ironsky.pl\/sklep\/wp-content\/uploads\/2026\/02\/53564_1.jpg","datePublished":"2026-02-10T13:29:41+00:00","dateModified":"2026-05-07T11:14:17+00:00","description":"Akumulator TELESIN do GoPro Hero 13 - \u2705 sklep z dronami i fachowym doradztwem. \u2705 Tutaj kupisz produkty DJI, Yuneec, Parrot, Syma i wiele innych, a tak\u017ce kursy i licencje na operatora drona.","breadcrumb":{"@id":"https:\/\/ironsky.pl\/sklep\/produkt\/akumulator-telesin-do-gopro-hero-13\/#breadcrumb"},"inLanguage":"pl-PL","potentialAction":[{"@type":"ReadAction","target":["https:\/\/ironsky.pl\/sklep\/produkt\/akumulator-telesin-do-gopro-hero-13\/"]}]},{"@type":"ImageObject","inLanguage":"pl-PL","@id":"https:\/\/ironsky.pl\/sklep\/produkt\/akumulator-telesin-do-gopro-hero-13\/#primaryimage","url":"https:\/\/ironsky.pl\/sklep\/wp-content\/uploads\/2026\/02\/53564_1.jpg","contentUrl":"https:\/\/ironsky.pl\/sklep\/wp-content\/uploads\/2026\/02\/53564_1.jpg","width":800,"height":800},{"@type":"BreadcrumbList","@id":"https:\/\/ironsky.pl\/sklep\/produkt\/akumulator-telesin-do-gopro-hero-13\/#breadcrumb","itemListElement":[{"@type":"ListItem","position":1,"name":"Strona g\u0142\u00f3wna","item":"https:\/\/ironsky.pl\/sklep\/"},{"@type":"ListItem","position":2,"name":"Wszystkie produkty","item":"https:\/\/ironsky.pl\/sklep\/produkty\/"},{"@type":"ListItem","position":3,"name":"Akumulator TELESIN do GoPro Hero 13"}]},{"@type":"WebSite","@id":"https:\/\/ironsky.pl\/sklep\/#website","url":"https:\/\/ironsky.pl\/sklep\/","name":"IRONSKY.PL Sklep z Dronami","description":"IRONSKY.PL Sklep z Dronami","potentialAction":[{"@type":"SearchAction","target":{"@type":"EntryPoint","urlTemplate":"https:\/\/ironsky.pl\/sklep\/?s={search_term_string}"},"query-input":{"@type":"PropertyValueSpecification","valueRequired":true,"valueName":"search_term_string"}}],"inLanguage":"pl-PL"}]}},"_links":{"self":[{"href":"https:\/\/ironsky.pl\/sklep\/wp-json\/wp\/v2\/product\/51068","targetHints":{"allow":["GET"]}}],"collection":[{"href":"https:\/\/ironsky.pl\/sklep\/wp-json\/wp\/v2\/product"}],"about":[{"href":"https:\/\/ironsky.pl\/sklep\/wp-json\/wp\/v2\/types\/product"}],"replies":[{"embeddable":true,"href":"https:\/\/ironsky.pl\/sklep\/wp-json\/wp\/v2\/comments?post=51068"}],"wp:featuredmedia":[{"embeddable":true,"href":"https:\/\/ironsky.pl\/sklep\/wp-json\/wp\/v2\/media\/51069"}],"wp:attachment":[{"href":"https:\/\/ironsky.pl\/sklep\/wp-json\/wp\/v2\/media?parent=51068"}],"wp:term":[{"taxonomy":"product_brand","embeddable":true,"href":"https:\/\/ironsky.pl\/sklep\/wp-json\/wp\/v2\/product_brand?post=51068"},{"taxonomy":"product_cat","embeddable":true,"href":"https:\/\/ironsky.pl\/sklep\/wp-json\/wp\/v2\/product_cat?post=51068"},{"taxonomy":"product_tag","embeddable":true,"href":"https:\/\/ironsky.pl\/sklep\/wp-json\/wp\/v2\/product_tag?post=51068"}],"curies":[{"name":"wp","href":"https:\/\/api.w.org\/{rel}","templated":true}]}}