{"id":50831,"date":"2026-02-10T14:23:50","date_gmt":"2026-02-10T13:23:50","guid":{"rendered":"https:\/\/ironsky.pl\/drony-sklep\/produkt\/adapter-dysku-ugreen-sata-usb-3-0-2-5-3-5-czarny\/"},"modified":"2026-05-04T15:48:07","modified_gmt":"2026-05-04T13:48:07","slug":"adapter-dysku-ugreen-sata-usb-3-0-2-5-3-5-czarny","status":"publish","type":"product","link":"https:\/\/ironsky.pl\/sklep\/produkt\/adapter-dysku-ugreen-sata-usb-3-0-2-5-3-5-czarny\/","title":{"rendered":"Adapter dysku UGREEN SATA-USB 3.0 2.5\/3.5&#8243; (czarny)"},"content":{"rendered":"<style><!--\ntable { border-collapse: collapse; width: 100%; } th, td { padding: 8px; text-align: left; border-bottom: 1px solid #ddd; } tr:hover{background-color:#f5f5f5}\n--><\/style>\n<div class=\"iai_top\">\n<div style=\"text-align: center;\" class=\"iai_top\"><span style=\"font-size: 14pt;\"><\/span><\/div>\n<div style=\"text-align: center;\" class=\"iai_top\"><span style=\"font-size: 14pt;\"><strong>Adapter USB 3.0 do SATA III z zasilaniem DC5,5<\/strong><\/span><\/div>\n<div style=\"text-align: center;\" class=\"iai_top\"><span style=\"font-size: 14pt;\"><\/span><\/div>\n<div style=\"text-align: center;\" class=\"iai_top\"><span style=\"font-size: 14pt;\"><strong><img decoding=\"async\" src=\"\/data\/include\/cms\/121_Agnieksza\/UGREEN\/Zdj-produktowe-1\/CM257\/_01.jpg\" border=\"0\" alt=\"\" width=\"800\" height=\"1000\" \/><\/strong><\/span><\/div>\n<div style=\"text-align: center;\" class=\"iai_top\"><span style=\"font-size: 14pt;\"><\/span><\/div>\n<div style=\"text-align: center;\" class=\"iai_top\"><span style=\"font-size: 14pt;\"><\/span><\/div>\n<div style=\"text-align: center;\" class=\"iai_top\"><span style=\"font-size: 14pt;\"><strong>Szybki transfer danych, nawet do 5Gb\/s\u00a0<\/p>\n<p><\/strong><\/span><\/div>\n<div style=\"text-align: center;\" class=\"iai_top\"><span style=\"font-size: 14pt;\"><\/span><\/div>\n<div style=\"text-align: justify;\" class=\"iai_top\"><span style=\"font-size: 12pt;\">Protok\u00f3\u0142 UASP zapewnia o 70% szybsz\u0105 pr\u0119dko\u015b\u0107 odczytu i 40% szybsz\u0105 pr\u0119dko\u015b\u0107 zapisu ni\u017c w tradycjnym USB 3.0.<br \/><\/span><\/div>\n<div style=\"text-align: justify;\" class=\"iai_top\"><span style=\"font-size: 12pt;\"><\/span><\/div>\n<div class=\"iai_top\"><span style=\"font-size: 12pt;\"><img decoding=\"async\" style=\"display: block; margin-left: auto; margin-right: auto;\" src=\"\/data\/include\/cms\/121_Agnieksza\/UGREEN\/Zdj-produktowe-1\/CM257\/_04.jpg\" border=\"0\" alt=\"\" width=\"900\" height=\"800\" \/><\/span><\/div>\n<\/div>\n<div class=\"iai_top\">\n<hr \/>\n<p><\/p>\n<div style=\"text-align: center;\" class=\"iai_top\"><span style=\"font-size: 14pt;\"><\/span><\/div>\n<div style=\"text-align: center;\" class=\"iai_top\"><span style=\"font-size: 14pt;\"><strong>Szerokie mo\u017cliwo\u015bci zastosowania<\/p>\n<p><\/strong><\/span><\/div>\n<div style=\"text-align: center;\" class=\"iai_top\"><span style=\"font-size: 14pt;\"><\/span><\/div>\n<div class=\"iai_top\"><span style=\"font-size: 12pt;\">Adapter kompatybilny jest z szerok\u0105 gam\u0105 laptop\u00f3w, PC, tablet\u00f3w, smartfon\u00f3w, telewizor\u00f3w, router\u00f3w czy konsol. <br \/>Port SATA umo\u017cliwia pod\u0142\u0105czenie dysk\u00f3w HDD, SSD i nap\u0119d\u00f3w optycznych. Wspiera dyski HDD\/SSD o du\u017cych pojemno\u015bciach &#8211; nawet do 12TB. Dyski 3,5&#8243; HDD wymagaj\u0105 u\u017cycia zasilacza 12V\/2A.<\/span><\/div>\n<div class=\"iai_top\"><span style=\"font-size: 12pt;\"><img decoding=\"async\" style=\"display: block; margin-left: auto; margin-right: auto;\" src=\"\/data\/include\/cms\/121_Agnieksza\/UGREEN\/Zdj-produktowe-1\/CM257\/_07.jpg\" border=\"0\" alt=\"\" width=\"900\" height=\"800\" \/><\/span><\/div>\n<div style=\"text-align: justify;\" class=\"iai_top\">\n<hr \/>\n<p><span style=\"font-size: 12pt;\"><\/span><\/div>\n<div style=\"text-align: justify;\" class=\"iai_top\"><span style=\"font-size: 12pt;\"><\/span><\/div>\n<div style=\"text-align: center;\" class=\"iai_top\"><strong><span style=\"font-size: 14pt;\">Plug&amp;Play<\/span><\/strong><\/div>\n<div style=\"text-align: center;\" class=\"iai_top\"><span style=\"font-size: 14pt;\"><\/span><\/div>\n<div style=\"text-align: justify;\" class=\"iai_top\"><span style=\"font-size: 12pt;\">Adapter jest gotowy do u\u017cytku tu\u017c po wyci\u0105gni\u0119ciu z opakowania, nie wymaga instalowania sterownik\u00f3w.<\/span><\/div>\n<div style=\"text-align: justify;\" class=\"iai_top\"><span style=\"font-size: 12pt;\"><\/span><\/div>\n<\/div>\n<div class=\"iai_top\"><img decoding=\"async\" style=\"display: block; margin-left: auto; margin-right: auto;\" src=\"\/data\/include\/cms\/121_Agnieksza\/UGREEN\/Zdj-produktowe-1\/CM257\/_05.jpg\" border=\"0\" alt=\"\" width=\"900\" height=\"800\" \/><\/div>\n<div style=\"text-align: justify;\" class=\"iai_top\">\n<hr \/>\n<\/div>\n<div style=\"text-align: justify;\" class=\"iai_top\"><\/div>\n<div style=\"text-align: center;\" class=\"iai_top\"><\/div>\n<div style=\"text-align: center;\" class=\"iai_top\"><strong><span style=\"font-size: 14pt;\">Zaawansowana technologia<\/span><\/strong><\/div>\n<div style=\"text-align: center;\" class=\"iai_top\"><\/div>\n<div style=\"text-align: justify;\" class=\"iai_top\"><\/div>\n<div style=\"text-align: justify;\" class=\"iai_top\"><span style=\"font-size: 12pt;\">Szereg zastosowanych zabezpiecze\u0144 sprawia, \u017ce adapter jest bezpieczny zar\u00f3wno dla komputera jak i podpi\u0119tego urz\u0105dzenia. Inteligentny chip zapewnia bezpieczn\u0105 i stabiln\u0105 prac\u0119.\u00a0<\/span><span style=\"font-size: 12pt;\">Dioda LED informuje o stanie pracy urz\u0105dzenia (ci\u0105g\u0142e \u015bwiat\u0142o &#8211; urz\u0105dzenie pod\u0142\u0105czone; zapis i odczyt &#8211; miganie diody LED). Tryb &#8222;Auto Sleep&#8221;, kt\u00f3ry w\u0142\u0105cza si\u0119 po 3 min. bez aktywno\u015bci, oszcz\u0119dza energi\u0119 i wydlu\u017ca czas u\u017cytkowania urz\u0105dzenia.<\/span><\/div>\n<div style=\"text-align: center;\" class=\"iai_top\"><\/div>\n<div style=\"text-align: center;\" class=\"iai_top\"><img decoding=\"async\" src=\"\/data\/include\/cms\/121_Agnieksza\/UGREEN\/Zdj-produktowe-1\/CM257\/_10.jpg\" border=\"0\" alt=\"\" width=\"900\" height=\"800\" \/><\/div>\n<div style=\"text-align: left;\" class=\"iai_bottom\"><span style=\"font-size: 12pt;\"><span style=\"color: #333333;\"><span style=\"font-size: 14pt; color: #999999;\"><strong>Specyfikacja<br \/><\/strong><\/span><\/span><\/span><\/p>\n<hr \/>\n<p><span style=\"font-size: 12pt;\"><span style=\"color: #333333;\"><span style=\"font-size: 14pt; color: #999999;\"><\/span><\/span><\/span><\/div>\n<div style=\"text-align: center;\" class=\"iai_bottom\">\n<h3 class=\"section-title\">\u00a0<\/h3>\n<table class=\"table-specs\">\n<tbody>\n<tr>\n<th style=\"width: 400px;\"><span style=\"font-size: 10pt;\">Producent<\/span><\/th>\n<td style=\"width: 400px;\"><span style=\"font-size: 10pt;\">UGREEN<\/span><\/td>\n<\/tr>\n<tr>\n<th style=\"width: 400px;\"><span style=\"font-size: 10pt;\">Model<\/span><\/th>\n<td style=\"width: 400px;\"><span style=\"font-size: 10pt;\"><span data-sheets-value=\"{&quot;1&quot;:2,&quot;2&quot;:&quot;CM257&quot;}\" data-sheets-userformat=\"{&quot;2&quot;:765,&quot;3&quot;:{&quot;1&quot;:0},&quot;5&quot;:{&quot;1&quot;:[{&quot;1&quot;:2,&quot;2&quot;:0,&quot;5&quot;:{&quot;1&quot;:2,&quot;2&quot;:0}},{&quot;1&quot;:0,&quot;2&quot;:0,&quot;3&quot;:3},{&quot;1&quot;:1,&quot;2&quot;:0,&quot;4&quot;:1}]},&quot;6&quot;:{&quot;1&quot;:[{&quot;1&quot;:2,&quot;2&quot;:0,&quot;5&quot;:{&quot;1&quot;:2,&quot;2&quot;:0}},{&quot;1&quot;:0,&quot;2&quot;:0,&quot;3&quot;:3},{&quot;1&quot;:1,&quot;2&quot;:0,&quot;4&quot;:1}]},&quot;7&quot;:{&quot;1&quot;:[{&quot;1&quot;:2,&quot;2&quot;:0,&quot;5&quot;:{&quot;1&quot;:2,&quot;2&quot;:0}},{&quot;1&quot;:0,&quot;2&quot;:0,&quot;3&quot;:3},{&quot;1&quot;:1,&quot;2&quot;:0,&quot;4&quot;:1}]},&quot;8&quot;:{&quot;1&quot;:[{&quot;1&quot;:2,&quot;2&quot;:0,&quot;5&quot;:{&quot;1&quot;:2,&quot;2&quot;:0}},{&quot;1&quot;:0,&quot;2&quot;:0,&quot;3&quot;:3},{&quot;1&quot;:1,&quot;2&quot;:0,&quot;4&quot;:1}]},&quot;9&quot;:1,&quot;10&quot;:1,&quot;12&quot;:0}\">CM257<\/span><\/span><\/td>\n<\/tr>\n<tr>\n<th style=\"width: 400px;\"><span style=\"font-size: 10pt;\">Kod produktu<\/span><\/th>\n<td style=\"width: 400px;\"><span style=\"font-size: 10pt;\"><span data-sheets-value=\"{&quot;1&quot;:3,&quot;3&quot;:60561}\" data-sheets-userformat=\"{&quot;2&quot;:765,&quot;3&quot;:{&quot;1&quot;:0},&quot;5&quot;:{&quot;1&quot;:[{&quot;1&quot;:2,&quot;2&quot;:0,&quot;5&quot;:{&quot;1&quot;:2,&quot;2&quot;:0}},{&quot;1&quot;:0,&quot;2&quot;:0,&quot;3&quot;:3},{&quot;1&quot;:1,&quot;2&quot;:0,&quot;4&quot;:1}]},&quot;6&quot;:{&quot;1&quot;:[{&quot;1&quot;:2,&quot;2&quot;:0,&quot;5&quot;:{&quot;1&quot;:2,&quot;2&quot;:0}},{&quot;1&quot;:0,&quot;2&quot;:0,&quot;3&quot;:3},{&quot;1&quot;:1,&quot;2&quot;:0,&quot;4&quot;:1}]},&quot;7&quot;:{&quot;1&quot;:[{&quot;1&quot;:2,&quot;2&quot;:0,&quot;5&quot;:{&quot;1&quot;:2,&quot;2&quot;:0}},{&quot;1&quot;:0,&quot;2&quot;:0,&quot;3&quot;:3},{&quot;1&quot;:1,&quot;2&quot;:0,&quot;4&quot;:1}]},&quot;8&quot;:{&quot;1&quot;:[{&quot;1&quot;:2,&quot;2&quot;:0,&quot;5&quot;:{&quot;1&quot;:2,&quot;2&quot;:0}},{&quot;1&quot;:0,&quot;2&quot;:0,&quot;3&quot;:3},{&quot;1&quot;:1,&quot;2&quot;:0,&quot;4&quot;:1}]},&quot;9&quot;:1,&quot;10&quot;:1,&quot;12&quot;:0}\">60561<\/span><\/span><\/td>\n<\/tr>\n<tr style=\"background-color: #f7f7f7;\">\n<th><span style=\"font-size: 10pt;\">Wtyczka<\/span><\/th>\n<td><span style=\"font-size: 10pt;\">USB<\/span><\/td>\n<\/tr>\n<tr style=\"background-color: #ffffff;\">\n<th><span style=\"font-size: 10pt;\">Materia\u0142<\/span><\/th>\n<td><span style=\"font-size: 10pt;\">ABS<\/span><\/td>\n<\/tr>\n<tr style=\"background-color: #ffffff;\">\n<th><span style=\"font-size: 10pt;\"><span>Kolor<\/span><\/span><\/th>\n<td><span style=\"font-size: 10pt;\"><span>Czarny<\/span><\/span><\/td>\n<\/tr>\n<\/tbody>\n<\/table>\n<\/div>\n","protected":false},"excerpt":{"rendered":"<p>Adapter USB 3.0 do SATA III z zasilaniem DC5,5 Szybki transfer danych, nawet do 5Gb\/s\u00a0 Protok\u00f3\u0142 UASP zapewnia o 70%<\/p>\n","protected":false},"featured_media":50832,"comment_status":"closed","ping_status":"open","template":"","meta":{"_acf_changed":false},"product_brand":[],"product_cat":[6156],"product_tag":[],"class_list":{"0":"post-50831","1":"product","2":"type-product","3":"status-publish","4":"has-post-thumbnail","6":"product_cat-inne-produkty","7":"pa_okres-gwarancji-5757","8":"pa_producent-ugreen","10":"first","11":"instock","12":"taxable","13":"shipping-taxable","14":"purchasable","15":"product-type-simple"},"acf":[],"yoast_head":"<!-- This site is optimized with the Yoast SEO plugin v27.2 - https:\/\/yoast.com\/product\/yoast-seo-wordpress\/ -->\n<title>Adapter dysku UGREEN SATA-USB 3.0 2.5\/3.5&quot; (czarny) - IRONSKY.PL Sklep z Dronami<\/title>\n<meta name=\"description\" content=\"Adapter dysku UGREEN SATA-USB 3.0 2.5\/3.5&quot; (czarny) - \u2705 sklep z dronami i fachowym doradztwem. \u2705 Tutaj kupisz produkty DJI, Yuneec, Parrot, Syma i wiele innych, a tak\u017ce kursy i licencje na operatora drona.\" \/>\n<meta name=\"robots\" content=\"index, follow, max-snippet:-1, max-image-preview:large, max-video-preview:-1\" \/>\n<link rel=\"canonical\" href=\"https:\/\/ironsky.pl\/sklep\/produkt\/adapter-dysku-ugreen-sata-usb-3-0-2-5-3-5-czarny\/\" \/>\n<meta property=\"og:locale\" content=\"pl_PL\" \/>\n<meta property=\"og:type\" content=\"article\" \/>\n<meta property=\"og:title\" content=\"Adapter dysku UGREEN SATA-USB 3.0 2.5\/3.5&quot; (czarny) - IRONSKY.PL Sklep z Dronami\" \/>\n<meta property=\"og:description\" content=\"Adapter dysku UGREEN SATA-USB 3.0 2.5\/3.5&quot; (czarny) - \u2705 sklep z dronami i fachowym doradztwem. \u2705 Tutaj kupisz produkty DJI, Yuneec, Parrot, Syma i wiele innych, a tak\u017ce kursy i licencje na operatora drona.\" \/>\n<meta property=\"og:url\" content=\"https:\/\/ironsky.pl\/sklep\/produkt\/adapter-dysku-ugreen-sata-usb-3-0-2-5-3-5-czarny\/\" \/>\n<meta property=\"og:site_name\" content=\"IRONSKY.PL Sklep z Dronami\" \/>\n<meta property=\"article:modified_time\" content=\"2026-05-04T13:48:07+00:00\" \/>\n<meta property=\"og:image\" content=\"https:\/\/ironsky.pl\/sklep\/wp-content\/uploads\/2026\/02\/18174_1.jpg\" \/>\n\t<meta property=\"og:image:width\" content=\"800\" \/>\n\t<meta property=\"og:image:height\" content=\"800\" \/>\n\t<meta property=\"og:image:type\" content=\"image\/jpeg\" \/>\n<meta name=\"twitter:card\" content=\"summary_large_image\" \/>\n<meta name=\"twitter:label1\" content=\"Szacowany czas czytania\" \/>\n\t<meta name=\"twitter:data1\" content=\"1 minuta\" \/>\n<script type=\"application\/ld+json\" class=\"yoast-schema-graph\">{\"@context\":\"https:\/\/schema.org\",\"@graph\":[{\"@type\":\"WebPage\",\"@id\":\"https:\/\/ironsky.pl\/sklep\/produkt\/adapter-dysku-ugreen-sata-usb-3-0-2-5-3-5-czarny\/\",\"url\":\"https:\/\/ironsky.pl\/sklep\/produkt\/adapter-dysku-ugreen-sata-usb-3-0-2-5-3-5-czarny\/\",\"name\":\"Adapter dysku UGREEN SATA-USB 3.0 2.5\/3.5\\\" (czarny) - IRONSKY.PL Sklep z Dronami\",\"isPartOf\":{\"@id\":\"https:\/\/ironsky.pl\/sklep\/#website\"},\"primaryImageOfPage\":{\"@id\":\"https:\/\/ironsky.pl\/sklep\/produkt\/adapter-dysku-ugreen-sata-usb-3-0-2-5-3-5-czarny\/#primaryimage\"},\"image\":{\"@id\":\"https:\/\/ironsky.pl\/sklep\/produkt\/adapter-dysku-ugreen-sata-usb-3-0-2-5-3-5-czarny\/#primaryimage\"},\"thumbnailUrl\":\"https:\/\/ironsky.pl\/sklep\/wp-content\/uploads\/2026\/02\/18174_1.jpg\",\"datePublished\":\"2026-02-10T13:23:50+00:00\",\"dateModified\":\"2026-05-04T13:48:07+00:00\",\"description\":\"Adapter dysku UGREEN SATA-USB 3.0 2.5\/3.5\\\" (czarny) - \u2705 sklep z dronami i fachowym doradztwem. \u2705 Tutaj kupisz produkty DJI, Yuneec, Parrot, Syma i wiele innych, a tak\u017ce kursy i licencje na operatora drona.\",\"breadcrumb\":{\"@id\":\"https:\/\/ironsky.pl\/sklep\/produkt\/adapter-dysku-ugreen-sata-usb-3-0-2-5-3-5-czarny\/#breadcrumb\"},\"inLanguage\":\"pl-PL\",\"potentialAction\":[{\"@type\":\"ReadAction\",\"target\":[\"https:\/\/ironsky.pl\/sklep\/produkt\/adapter-dysku-ugreen-sata-usb-3-0-2-5-3-5-czarny\/\"]}]},{\"@type\":\"ImageObject\",\"inLanguage\":\"pl-PL\",\"@id\":\"https:\/\/ironsky.pl\/sklep\/produkt\/adapter-dysku-ugreen-sata-usb-3-0-2-5-3-5-czarny\/#primaryimage\",\"url\":\"https:\/\/ironsky.pl\/sklep\/wp-content\/uploads\/2026\/02\/18174_1.jpg\",\"contentUrl\":\"https:\/\/ironsky.pl\/sklep\/wp-content\/uploads\/2026\/02\/18174_1.jpg\",\"width\":800,\"height\":800},{\"@type\":\"BreadcrumbList\",\"@id\":\"https:\/\/ironsky.pl\/sklep\/produkt\/adapter-dysku-ugreen-sata-usb-3-0-2-5-3-5-czarny\/#breadcrumb\",\"itemListElement\":[{\"@type\":\"ListItem\",\"position\":1,\"name\":\"Strona g\u0142\u00f3wna\",\"item\":\"https:\/\/ironsky.pl\/sklep\/\"},{\"@type\":\"ListItem\",\"position\":2,\"name\":\"Wszystkie produkty\",\"item\":\"https:\/\/ironsky.pl\/sklep\/produkty\/\"},{\"@type\":\"ListItem\",\"position\":3,\"name\":\"Adapter dysku UGREEN SATA-USB 3.0 2.5\/3.5&#8243; (czarny)\"}]},{\"@type\":\"WebSite\",\"@id\":\"https:\/\/ironsky.pl\/sklep\/#website\",\"url\":\"https:\/\/ironsky.pl\/sklep\/\",\"name\":\"IRONSKY.PL Sklep z Dronami\",\"description\":\"IRONSKY.PL Sklep z Dronami\",\"potentialAction\":[{\"@type\":\"SearchAction\",\"target\":{\"@type\":\"EntryPoint\",\"urlTemplate\":\"https:\/\/ironsky.pl\/sklep\/?s={search_term_string}\"},\"query-input\":{\"@type\":\"PropertyValueSpecification\",\"valueRequired\":true,\"valueName\":\"search_term_string\"}}],\"inLanguage\":\"pl-PL\"}]}<\/script>\n<!-- \/ Yoast SEO plugin. -->","yoast_head_json":{"title":"Adapter dysku UGREEN SATA-USB 3.0 2.5\/3.5\" (czarny) - IRONSKY.PL Sklep z Dronami","description":"Adapter dysku UGREEN SATA-USB 3.0 2.5\/3.5\" (czarny) - \u2705 sklep z dronami i fachowym doradztwem. \u2705 Tutaj kupisz produkty DJI, Yuneec, Parrot, Syma i wiele innych, a tak\u017ce kursy i licencje na operatora drona.","robots":{"index":"index","follow":"follow","max-snippet":"max-snippet:-1","max-image-preview":"max-image-preview:large","max-video-preview":"max-video-preview:-1"},"canonical":"https:\/\/ironsky.pl\/sklep\/produkt\/adapter-dysku-ugreen-sata-usb-3-0-2-5-3-5-czarny\/","og_locale":"pl_PL","og_type":"article","og_title":"Adapter dysku UGREEN SATA-USB 3.0 2.5\/3.5\" (czarny) - IRONSKY.PL Sklep z Dronami","og_description":"Adapter dysku UGREEN SATA-USB 3.0 2.5\/3.5\" (czarny) - \u2705 sklep z dronami i fachowym doradztwem. \u2705 Tutaj kupisz produkty DJI, Yuneec, Parrot, Syma i wiele innych, a tak\u017ce kursy i licencje na operatora drona.","og_url":"https:\/\/ironsky.pl\/sklep\/produkt\/adapter-dysku-ugreen-sata-usb-3-0-2-5-3-5-czarny\/","og_site_name":"IRONSKY.PL Sklep z Dronami","article_modified_time":"2026-05-04T13:48:07+00:00","og_image":[{"width":800,"height":800,"url":"https:\/\/ironsky.pl\/sklep\/wp-content\/uploads\/2026\/02\/18174_1.jpg","type":"image\/jpeg"}],"twitter_card":"summary_large_image","twitter_misc":{"Szacowany czas czytania":"1 minuta"},"schema":{"@context":"https:\/\/schema.org","@graph":[{"@type":"WebPage","@id":"https:\/\/ironsky.pl\/sklep\/produkt\/adapter-dysku-ugreen-sata-usb-3-0-2-5-3-5-czarny\/","url":"https:\/\/ironsky.pl\/sklep\/produkt\/adapter-dysku-ugreen-sata-usb-3-0-2-5-3-5-czarny\/","name":"Adapter dysku UGREEN SATA-USB 3.0 2.5\/3.5\" (czarny) - IRONSKY.PL Sklep z Dronami","isPartOf":{"@id":"https:\/\/ironsky.pl\/sklep\/#website"},"primaryImageOfPage":{"@id":"https:\/\/ironsky.pl\/sklep\/produkt\/adapter-dysku-ugreen-sata-usb-3-0-2-5-3-5-czarny\/#primaryimage"},"image":{"@id":"https:\/\/ironsky.pl\/sklep\/produkt\/adapter-dysku-ugreen-sata-usb-3-0-2-5-3-5-czarny\/#primaryimage"},"thumbnailUrl":"https:\/\/ironsky.pl\/sklep\/wp-content\/uploads\/2026\/02\/18174_1.jpg","datePublished":"2026-02-10T13:23:50+00:00","dateModified":"2026-05-04T13:48:07+00:00","description":"Adapter dysku UGREEN SATA-USB 3.0 2.5\/3.5\" (czarny) - \u2705 sklep z dronami i fachowym doradztwem. \u2705 Tutaj kupisz produkty DJI, Yuneec, Parrot, Syma i wiele innych, a tak\u017ce kursy i licencje na operatora drona.","breadcrumb":{"@id":"https:\/\/ironsky.pl\/sklep\/produkt\/adapter-dysku-ugreen-sata-usb-3-0-2-5-3-5-czarny\/#breadcrumb"},"inLanguage":"pl-PL","potentialAction":[{"@type":"ReadAction","target":["https:\/\/ironsky.pl\/sklep\/produkt\/adapter-dysku-ugreen-sata-usb-3-0-2-5-3-5-czarny\/"]}]},{"@type":"ImageObject","inLanguage":"pl-PL","@id":"https:\/\/ironsky.pl\/sklep\/produkt\/adapter-dysku-ugreen-sata-usb-3-0-2-5-3-5-czarny\/#primaryimage","url":"https:\/\/ironsky.pl\/sklep\/wp-content\/uploads\/2026\/02\/18174_1.jpg","contentUrl":"https:\/\/ironsky.pl\/sklep\/wp-content\/uploads\/2026\/02\/18174_1.jpg","width":800,"height":800},{"@type":"BreadcrumbList","@id":"https:\/\/ironsky.pl\/sklep\/produkt\/adapter-dysku-ugreen-sata-usb-3-0-2-5-3-5-czarny\/#breadcrumb","itemListElement":[{"@type":"ListItem","position":1,"name":"Strona g\u0142\u00f3wna","item":"https:\/\/ironsky.pl\/sklep\/"},{"@type":"ListItem","position":2,"name":"Wszystkie produkty","item":"https:\/\/ironsky.pl\/sklep\/produkty\/"},{"@type":"ListItem","position":3,"name":"Adapter dysku UGREEN SATA-USB 3.0 2.5\/3.5&#8243; (czarny)"}]},{"@type":"WebSite","@id":"https:\/\/ironsky.pl\/sklep\/#website","url":"https:\/\/ironsky.pl\/sklep\/","name":"IRONSKY.PL Sklep z Dronami","description":"IRONSKY.PL Sklep z Dronami","potentialAction":[{"@type":"SearchAction","target":{"@type":"EntryPoint","urlTemplate":"https:\/\/ironsky.pl\/sklep\/?s={search_term_string}"},"query-input":{"@type":"PropertyValueSpecification","valueRequired":true,"valueName":"search_term_string"}}],"inLanguage":"pl-PL"}]}},"_links":{"self":[{"href":"https:\/\/ironsky.pl\/sklep\/wp-json\/wp\/v2\/product\/50831","targetHints":{"allow":["GET"]}}],"collection":[{"href":"https:\/\/ironsky.pl\/sklep\/wp-json\/wp\/v2\/product"}],"about":[{"href":"https:\/\/ironsky.pl\/sklep\/wp-json\/wp\/v2\/types\/product"}],"replies":[{"embeddable":true,"href":"https:\/\/ironsky.pl\/sklep\/wp-json\/wp\/v2\/comments?post=50831"}],"wp:featuredmedia":[{"embeddable":true,"href":"https:\/\/ironsky.pl\/sklep\/wp-json\/wp\/v2\/media\/50832"}],"wp:attachment":[{"href":"https:\/\/ironsky.pl\/sklep\/wp-json\/wp\/v2\/media?parent=50831"}],"wp:term":[{"taxonomy":"product_brand","embeddable":true,"href":"https:\/\/ironsky.pl\/sklep\/wp-json\/wp\/v2\/product_brand?post=50831"},{"taxonomy":"product_cat","embeddable":true,"href":"https:\/\/ironsky.pl\/sklep\/wp-json\/wp\/v2\/product_cat?post=50831"},{"taxonomy":"product_tag","embeddable":true,"href":"https:\/\/ironsky.pl\/sklep\/wp-json\/wp\/v2\/product_tag?post=50831"}],"curies":[{"name":"wp","href":"https:\/\/api.w.org\/{rel}","templated":true}]}}