{"id":50780,"date":"2026-02-06T10:01:26","date_gmt":"2026-02-06T09:01:26","guid":{"rendered":"https:\/\/ironsky.pl\/drony-sklep\/?post_type=product&#038;p=50780"},"modified":"2026-02-11T10:00:20","modified_gmt":"2026-02-11T09:00:20","slug":"aco-streamer","status":"publish","type":"product","link":"https:\/\/ironsky.pl\/sklep\/produkt\/aco-streamer\/","title":{"rendered":"ACO Streamer 4K LTEA &#8211; Walizka do szyfrowanego streamingu obrazu z drona"},"content":{"rendered":"<p><strong>ACOStreamer<\/strong><br \/>\n<strong>STREAMING Z DRONA BEZ\u00a0OP\u00d3\u0179NIE\u0143<br \/>\n<\/strong><\/p>\n<p>&nbsp;<\/p>\n<div class=\"grid-container\">\n<div class=\"grid-cell\"><strong>Mobilny streaming bez op\u00f3\u017anie\u0144<br \/>\n<\/strong><br \/>\nACO Streamer 4K LTEA umo\u017cliwia niezawodn\u0105, szyfrowan\u0105 transmisj\u0119 obrazu z dowolnej lokalizacji. Zaprojektowany z my\u015bl\u0105 o operacjach realizowanych z u\u017cyciem dron\u00f3w, ACO Streamer u\u0142atwia wymian\u0119 informacji pomi\u0119dzy jednostkami realizuj\u0105cymi dzia\u0142ania terenowe a koordynatorami operacji w punkcie dowodzenia.Przemy\u015blana konstrukcja i zaawansowane oprogramowanie umo\u017cliwiaj\u0105 podgl\u0105d obrazu z kamery drona w czasie rzeczywistym. Czas pracy na wbudowanej baterii pozwala wykona\u0107 ok. 8 misji standardowym BSP.<\/div>\n<div><\/div>\n<div class=\"grid-cell\"><strong>Kluczowe cechy systemu:<\/strong><br \/>\n\u2022 Zaprojektowany do dzia\u0142a\u0144 w terenie<br \/>\n\u2022 Op\u00f3\u017anienie transmisji wideo poni\u017cej 1 sekundy<br \/>\n\u2022 Wbudowane modemy LTEA<br \/>\n\u2022 Szyfrowanie AES-256<br \/>\n\u2022 Opatentowana technologia agregacji \u0142\u0105cz<br \/>\n\u2022 Port WAN Gigabit Ethernet<br \/>\n\u2022 VPN punkt-punkt<br \/>\n\u2022 Odporna obudowa IP67 PeliCase<br \/>\n\u2022 Z\u0142\u0105cza SMA dla zewn\u0119trznych anten LTEA<img decoding=\"async\" class=\"wp-image-50787 size-full aligncenter\" src=\"https:\/\/ironsky.pl\/drony-sklep\/wp-content\/uploads\/2026\/02\/1.1.png\" alt=\"\" width=\"663\" height=\"1005\" srcset=\"https:\/\/ironsky.pl\/sklep\/wp-content\/uploads\/2026\/02\/1.1.png 663w, https:\/\/ironsky.pl\/sklep\/wp-content\/uploads\/2026\/02\/1.1-198x300.png 198w, https:\/\/ironsky.pl\/sklep\/wp-content\/uploads\/2026\/02\/1.1-600x910.png 600w, https:\/\/ironsky.pl\/sklep\/wp-content\/uploads\/2026\/02\/1.1-150x227.png 150w, https:\/\/ironsky.pl\/sklep\/wp-content\/uploads\/2026\/02\/1.1-64x97.png 64w\" sizes=\"(max-width: 663px) 100vw, 663px\" \/><\/div>\n<\/div>\n<div class=\"grid-container\">\n<div class=\"grid-cell\"><strong>CECHY SYSTEMU<br \/>\n<\/strong><br \/>\n<strong>Praca w czasie rzeczywistym<\/strong><br \/>\nUrz\u0105dzenia ACO Streamer pozwalaj\u0105 na transmisj\u0119 strumienia wideo z dowolnego \u017ar\u00f3d\u0142a wideo na zdalny serwer wideo. Obraz jest wy\u015bwietlany na urz\u0105dzeniu u\u017cytkownika z op\u00f3\u017anieniem poni\u017cej p\u00f3\u0142 sekundy (w typowych warunkach sieci GSM).<strong>Kompatybilno\u015b\u0107 z wieloma systemami<\/strong><br \/>\nSystem ACO Streamer obs\u0142u\u017cy dowolne urz\u0105dzenie posiadaj\u0105ce wyj\u015bciowy port wideo. Pozwala to strumieniowa\u0107 obraz z wielu modeli dron\u00f3w posiadaj\u0105cych wyj\u015bcie wideo na kontrolerze, jak r\u00f3wnie\u017c innych urz\u0105dze\u0144 np. notebook\u00f3w, kamer.<strong>Bezpiecze\u0144stwo i niezawodno\u015b\u0107 transmisji<\/strong><br \/>\nZabezpieczenie danych jest jednym z najwa\u017cniejszych zada\u0144 realizowanych przez ACO Streamer posiadaj\u0105cy wbudowany procesor szyfruj\u0105cy strumieniowany obraz. Pakiety danych zabezpieczane s\u0105 kilkoma kluczami szyfruj\u0105cymi i wysy\u0142ane r\u00f3\u017cnymi trasami, przez co podgl\u0105d transmisji przez osoby trzecie jest niemo\u017cliwy.Dwa wbudowane modemy LTEA mog\u0105 by\u0107 wspierane zewn\u0119trznymi systemami transmisji. Dodatkowe \u0142\u0105cza zwi\u0119kszaj\u0105 przepustowo\u015b\u0107 po\u0142\u0105czenia i stabilno\u015b\u0107 transmisji nawet w najtrudniejszych lokalizacjach.<strong>Zdalny dost\u0119p dla obserwator\u00f3w<\/strong><br \/>\nSystem umo\u017cliwia podgl\u0105d obrazu przez zdalnych obserwator\u00f3w z odpowiednimi uprawnieniami. Zdefiniowane na koncentratorze VPN listy i regu\u0142y firewall dopuszczaj\u0105 transmisj\u0119 na serwer video w odleg\u0142ej lokalizacji.<\/div>\n<\/div>\n<p>&nbsp;<\/p>\n<p><img decoding=\"async\" class=\"aligncenter wp-image-50790 size-large\" src=\"https:\/\/ironsky.pl\/drony-sklep\/wp-content\/uploads\/2026\/02\/3333-1-1024x689.png\" alt=\"\" width=\"1024\" height=\"689\" srcset=\"https:\/\/ironsky.pl\/sklep\/wp-content\/uploads\/2026\/02\/3333-1-1024x689.png 1024w, https:\/\/ironsky.pl\/sklep\/wp-content\/uploads\/2026\/02\/3333-1-300x202.png 300w, https:\/\/ironsky.pl\/sklep\/wp-content\/uploads\/2026\/02\/3333-1-768x517.png 768w, https:\/\/ironsky.pl\/sklep\/wp-content\/uploads\/2026\/02\/3333-1-600x404.png 600w, https:\/\/ironsky.pl\/sklep\/wp-content\/uploads\/2026\/02\/3333-1-150x101.png 150w, https:\/\/ironsky.pl\/sklep\/wp-content\/uploads\/2026\/02\/3333-1-64x43.png 64w, https:\/\/ironsky.pl\/sklep\/wp-content\/uploads\/2026\/02\/3333-1.png 1232w\" sizes=\"(max-width: 1024px) 100vw, 1024px\" \/><\/p>\n<p>&nbsp;<\/p>\n<p>&nbsp;<\/p>\n<p>&nbsp;<\/p>\n<div class=\"grid-container\">\n<div class=\"grid-cell\"><strong>Stworzony do pracy w terenie<\/strong><br \/>\nACO Streamer zosta\u0142 zaprojektowany z my\u015bl\u0105 o pracy w trudnych warunkach<br \/>\nw dowolnej lokalizacji.<br \/>\nBezprzewodowa \u0142\u0105czno\u015b\u0107 LTE-Advanced, wbudowana bateria oraz odporna obudowa zapewniaj\u0105 mobilno\u015b\u0107 i niezawodn\u0105 prac\u0119 nawet w ruchu.<br \/>\n<strong><br \/>\nZdalne wsparcie u\u017cytkownika<\/strong><br \/>\nU\u017cytkownik ACO Streamer mo\u017ce liczy\u0107 na zdalne wsparcie ekspert\u00f3w podczas<br \/>\nkorzystania z systemu. Oprogramowanie systemu umo\u017cliwia zdalny dost\u0119p do urz\u0105dzenia z centrali pozwalaj\u0105c na przeprowadzenie zdalnej konfiguracji.<br \/>\n<strong><br \/>\nAplikacja ACO Stream Viewer<\/strong><br \/>\nTransmitowany obraz wy\u015bwietlany jest w dedykowanej aplikacji web ACO Stream<br \/>\nViewer. Uprawnione osoby, po zalogowaniu si\u0119 do serwera, mog\u0105 wybra\u0107 aktywne strumienie wideo i ogl\u0105da\u0107 je w jednym z kilku uk\u0142ad\u00f3w okien (2&#215;2, 4&#215;4, 7&#215;1 etc.). Aplikacja umo\u017cliwia jednoczesny podgl\u0105d 16 strumieni pochodz\u0105cych z r\u00f3\u017cnych \u017ar\u00f3de\u0142 (drony, kamery, komputery, etc.).<br \/>\n<strong><br \/>\n\u0141\u0105czno\u015b\u0107 bezprzewodowa<\/strong><br \/>\nRozwi\u0105zanie wykorzystuje wbudowany router z opatentowan\u0105 technologi\u0105\u00a0agregacji \u0142\u0105cz WAN sumuj\u0105c\u0105 pasmo kilku sieci GSM \u2013 zapewnia to szybkie i\u00a0stabilne po\u0142\u0105czenie z serwerem wideo. W trudnych warunkach przepustowo\u015b\u0107\u00a0po\u0142\u0105czenia mo\u017cna zwi\u0119kszy\u0107 pod\u0142\u0105czaj\u0105c zewn\u0119trzny router LTEA\/5G, dostarczany\u00a0przez<br \/>\nACO Solutions.<\/div>\n<div class=\"grid-cell\"><\/div>\n<\/div>\n<p><img decoding=\"async\" class=\"wp-image-50788 size-large aligncenter\" src=\"https:\/\/ironsky.pl\/drony-sklep\/wp-content\/uploads\/2026\/02\/2-793x1024.png\" alt=\"\" width=\"793\" height=\"1024\" srcset=\"https:\/\/ironsky.pl\/sklep\/wp-content\/uploads\/2026\/02\/2-793x1024.png 793w, https:\/\/ironsky.pl\/sklep\/wp-content\/uploads\/2026\/02\/2-232x300.png 232w, https:\/\/ironsky.pl\/sklep\/wp-content\/uploads\/2026\/02\/2-768x991.png 768w, https:\/\/ironsky.pl\/sklep\/wp-content\/uploads\/2026\/02\/2-600x775.png 600w, https:\/\/ironsky.pl\/sklep\/wp-content\/uploads\/2026\/02\/2-150x194.png 150w, https:\/\/ironsky.pl\/sklep\/wp-content\/uploads\/2026\/02\/2-64x83.png 64w, https:\/\/ironsky.pl\/sklep\/wp-content\/uploads\/2026\/02\/2.png 1069w\" sizes=\"(max-width: 793px) 100vw, 793px\" \/><\/p>\n<p>&nbsp;<\/p>\n<p><strong>Zestaw zawiera:<\/strong><\/p>\n<ul>\n<li>Wbudowany streamer video przyjmuj\u0105cy sygna\u0142 o rozdzielczo\u015bci HD, FHD, 4K, przesy\u0142aj\u0105cy na wyj\u015bciu po \u0142\u0105czu IP sygna\u0142 o rozdzielczo\u015bci Full HD.<\/li>\n<li>Zasilanie autonomiczne \u2013 bateria o pojemno\u015bci 50.000 mAh, 90W, pozwalaj\u0105cy na prac\u0119 ca\u0142ego systemu przez ponad 2 godz. bez \u0142adowania. System mo\u017ce pracowa\u0107 r\u00f3wnie\u017c podczas \u0142adowania baterii.<\/li>\n<li>Odbiornik GPS z systemem przesy\u0142ania po\u0142o\u017cenia do centralnego systemu zdalnego zarz\u0105dzania oraz do dowolnego innego systemu mapowego pozwala na prezentacj\u0119 na mapie miejsca prowadzenia akcji BSP.<\/li>\n<li>System prezentacji obrazu \u2013 ACO Stream. Oprogramowanie stworzone do prezentacji strumieni video z nawet 16 \u017ar\u00f3de\u0142 jednocze\u015bnie. Obraz jest dost\u0119pny dla ka\u017cdego uprawnionego u\u017cytkownika poprzez dowolne urz\u0105dzenie posiadaj\u0105ce przegl\u0105dark\u0119 Internetow\u0105<\/li>\n<\/ul>\n<p>&nbsp;<\/p>\n<p><img decoding=\"async\" class=\"wp-image-50791 size-large aligncenter\" src=\"https:\/\/ironsky.pl\/drony-sklep\/wp-content\/uploads\/2026\/02\/4-791x1024.png\" alt=\"\" width=\"791\" height=\"1024\" srcset=\"https:\/\/ironsky.pl\/sklep\/wp-content\/uploads\/2026\/02\/4-791x1024.png 791w, https:\/\/ironsky.pl\/sklep\/wp-content\/uploads\/2026\/02\/4-232x300.png 232w, https:\/\/ironsky.pl\/sklep\/wp-content\/uploads\/2026\/02\/4-768x994.png 768w, https:\/\/ironsky.pl\/sklep\/wp-content\/uploads\/2026\/02\/4-600x777.png 600w, https:\/\/ironsky.pl\/sklep\/wp-content\/uploads\/2026\/02\/4-150x194.png 150w, https:\/\/ironsky.pl\/sklep\/wp-content\/uploads\/2026\/02\/4-64x83.png 64w, https:\/\/ironsky.pl\/sklep\/wp-content\/uploads\/2026\/02\/4.png 1154w\" sizes=\"(max-width: 791px) 100vw, 791px\" \/><\/p>\n<p>&nbsp;<\/p>\n<table id=\"custom-styled-table\">\n<tbody>\n<tr>\n<td>\u00a0<strong>SPECYFIKACJA<\/strong><\/td>\n<td><\/td>\n<\/tr>\n<tr>\n<td>\u00a0<strong>WIDEO<\/strong><\/td>\n<td><\/td>\n<\/tr>\n<tr>\n<td>\u00a0Wej\u015bcie wideo<\/td>\n<td>Port HDMI<br \/>\nBezprzewodowy transmiter HDMI<\/td>\n<\/tr>\n<tr>\n<td>\u00a0Obs\u0142ugiwane rozdzielczo\u015bci<\/td>\n<td>od 480p 25 kl\/s do 1080p 30 kl\/s<\/td>\n<\/tr>\n<tr>\n<td>\u00a0<strong>SYSTEM<\/strong><\/td>\n<td><\/td>\n<\/tr>\n<tr>\n<td>\u00a0Zarz\u0105dzanie<\/td>\n<td>Ekran dotykowy<br \/>\nAplikacja web<\/td>\n<\/tr>\n<tr>\n<td>\u00a0Zarz\u0105dzanie zdalne<\/td>\n<td>Aplikacja web<\/td>\n<\/tr>\n<tr>\n<td>\u00a0Wy\u015bwietlacz<\/td>\n<td>1920&#215;1080, 5,5\u201d pojemno\u015bciowy<\/td>\n<\/tr>\n<tr>\n<td>\u00a0Ustawienia wideo &#8211; wyj\u015bcie<\/td>\n<td>Bit rate<br \/>\nRozdzielczo\u015b\u0107 strumienia wideo<br \/>\nDefiniowanie do 3 serwer\u00f3w zdalnych<br \/>\nStrumieniowanie na serwer zdalny i lokalny<br \/>\nOznaczenie strumienia wideo<\/td>\n<\/tr>\n<tr>\n<td>\u00a0Op\u00f3\u017anienia w transmisji<\/td>\n<td>Poni\u017cej 0,5 sekundy*<\/p>\n<p>*Op\u00f3\u017anienie zale\u017cy od rozdzielczo\u015bci strumienia, jako\u015bci sygna\u0142u GSM oraz wydajno\u015bci urz\u0105dzenia<br \/>\nwy\u015bwietlaj\u0105cego obraz<\/td>\n<\/tr>\n<tr>\n<td>\u00a0Informacje o statusie pracy<\/td>\n<td>Po\u0142\u0105czenie Wi-Fi<br \/>\nSSID<br \/>\nMoc sygna\u0142u<br \/>\nIP urz\u0105dzenia i IP serwera<br \/>\nStatus sygna\u0142u wej\u015bciowego HDMI<\/td>\n<\/tr>\n<tr>\n<td>Funkcje dodatkowe<\/td>\n<td>Speed test do serwera zdalnego<br \/>\nPunkt Dost\u0119powy Wi-Fi AX<br \/>\nWsparcie RemoteSIM<br \/>\nGPS<\/td>\n<\/tr>\n<tr>\n<td>J\u0119zyk obs\u0142ugi<\/td>\n<td>polski i angielski<\/td>\n<\/tr>\n<tr>\n<td><strong>WAN<\/strong><\/td>\n<td><\/td>\n<\/tr>\n<tr>\n<td>Interfejsy WAN<\/td>\n<td>1x WAN GE<br \/>\n2x Modem LTEA kat. 12<br \/>\n1x Wi-Fi WAN Dual-Band<\/td>\n<\/tr>\n<tr>\n<td><strong>WYDAJNO\u015a\u0106<\/strong><\/td>\n<td><\/td>\n<\/tr>\n<tr>\n<td>Router<\/td>\n<td>1 Gbps<\/td>\n<\/tr>\n<tr>\n<td>VPN<\/td>\n<td>400 Mbps<\/td>\n<\/tr>\n<tr>\n<td><strong>MODEMY LTEA<\/strong><\/td>\n<td><\/td>\n<\/tr>\n<tr>\n<td>Modemy<\/td>\n<td>2x Modem LTEA kat. 12<\/td>\n<\/tr>\n<tr>\n<td>SIM<\/td>\n<td>2x Podw\u00f3jne gniazdo SIM<br \/>\nz automatycznym prze\u0142\u0105czaniem<\/td>\n<\/tr>\n<tr>\n<td>Pasma LTEA<\/td>\n<td>B1, B2, B3, B4, B5, B7, B8, B9, B12, B13, B14, B17,<br \/>\nB18, B19, B20, B21, B25, B26, B28 , B29, B30,<br \/>\nB32, B38, B39, B40, B41, B66<\/td>\n<\/tr>\n<tr>\n<td>Pasma 3G<\/td>\n<td>B1, B2, B3, B4, B5, B8, B9, B19<\/td>\n<\/tr>\n<tr>\n<td><strong>INNE<\/strong><\/td>\n<td><\/td>\n<\/tr>\n<tr>\n<td>Waga<\/td>\n<td>6 kg<\/td>\n<\/tr>\n<tr>\n<td>Zawarto\u015b\u0107 opakowania<\/td>\n<td>1x ACO Streamer PRO<br \/>\n1x Zasilacz<br \/>\n1x Transmiter HDMI<br \/>\n4x Antena LTEA 3dBi<\/td>\n<\/tr>\n<tr>\n<td>Zasilanie<\/td>\n<td>Wbudowana bateria, czas pracy do 4 godzin<br \/>\nZasilacz zewn\u0119trzny 19VDC<\/td>\n<\/tr>\n<tr>\n<td>Z\u0142\u0105cza<\/td>\n<td>1x HDMI<br \/>\n1x LAN\/WAN GE<br \/>\n1x Zasilanie 19VDC<br \/>\n4x SMA GSM<br \/>\n4x SIM Slot<\/td>\n<\/tr>\n<\/tbody>\n<\/table>\n","protected":false},"excerpt":{"rendered":"<h2 data-path-to-node=\"2\">ACO Streamer 4K LTEA &#8211; Profesjonalny Streaming z Drona w Czasie Rzeczywistym<\/h2>\n<p data-path-to-node=\"3\"><b data-path-to-node=\"3\" data-index-in-node=\"0\">ACO Streamer 4K LTEA<\/b> to pancerny transmiter wideo zaprojektowany do zada\u0144 specjalnych. Umo\u017cliwia bezpieczny streaming obrazu z drona do punktu dowodzenia z <b data-path-to-node=\"3\" data-index-in-node=\"156\">op\u00f3\u017anieniem poni\u017cej 0,5 sekundy<\/b>. Dzi\u0119ki agregacji \u0142\u0105cz LTEA i szyfrowaniu <b data-path-to-node=\"3\" data-index-in-node=\"230\">AES-256<\/b>, gwarantuje stabilno\u015b\u0107 i pe\u0142n\u0105 poufno\u015b\u0107 danych w ka\u017cdych warunkach.<\/p>\n<div id=\"simple-translate\" class=\"simple-translate-system-theme\">\n<div>\n<div class=\"simple-translate-button isShow\" style=\"height: 22px;width: 22px;top: 47px;left: 10px\"><\/div>\n<div class=\"simple-translate-panel \" style=\"width: 300px;height: 200px;top: 0px;left: 0px;font-size: 13px\">\n<div class=\"simple-translate-result-wrapper\" style=\"overflow: hidden\">\n<div class=\"simple-translate-move\"><\/div>\n<div class=\"simple-translate-result-contents\">\n<p class=\"simple-translate-candidate\" dir=\"auto\">\n<\/div>\n<\/div>\n<\/div>\n<\/div>\n<\/div>\n","protected":false},"featured_media":50783,"comment_status":"open","ping_status":"closed","template":"","meta":{"_acf_changed":false},"product_brand":[],"product_cat":[5930],"product_tag":[],"class_list":{"0":"post-50780","1":"product","2":"type-product","3":"status-publish","4":"has-post-thumbnail","6":"product_cat-adaptery-przejsciowki-konwertery","8":"first","9":"outofstock","10":"taxable","11":"shipping-taxable","12":"product-type-simple"},"acf":[],"yoast_head":"<!-- This site is optimized with the Yoast SEO plugin v27.2 - https:\/\/yoast.com\/product\/yoast-seo-wordpress\/ -->\n<title>ACO Streamer 4K LTEA - Walizka do szyfrowanego streamingu obrazu z drona - IRONSKY.PL Sklep z Dronami<\/title>\n<meta name=\"description\" content=\"ACO Streamer 4K LTEA - Walizka do szyfrowanego streamingu obrazu z drona - \u2705 sklep z dronami i fachowym doradztwem. \u2705 Tutaj kupisz produkty DJI, Yuneec, Parrot, Syma i wiele innych, a tak\u017ce kursy i licencje na operatora drona.\" \/>\n<meta name=\"robots\" content=\"index, follow, max-snippet:-1, max-image-preview:large, max-video-preview:-1\" \/>\n<link rel=\"canonical\" href=\"https:\/\/ironsky.pl\/sklep\/produkt\/aco-streamer\/\" \/>\n<meta property=\"og:locale\" content=\"pl_PL\" \/>\n<meta property=\"og:type\" content=\"article\" \/>\n<meta property=\"og:title\" content=\"ACO Streamer 4K LTEA - Walizka do szyfrowanego streamingu obrazu z drona - IRONSKY.PL Sklep z Dronami\" \/>\n<meta property=\"og:description\" content=\"ACO Streamer 4K LTEA - Walizka do szyfrowanego streamingu obrazu z drona - \u2705 sklep z dronami i fachowym doradztwem. \u2705 Tutaj kupisz produkty DJI, Yuneec, Parrot, Syma i wiele innych, a tak\u017ce kursy i licencje na operatora drona.\" \/>\n<meta property=\"og:url\" content=\"https:\/\/ironsky.pl\/sklep\/produkt\/aco-streamer\/\" \/>\n<meta property=\"og:site_name\" content=\"IRONSKY.PL Sklep z Dronami\" \/>\n<meta property=\"article:modified_time\" content=\"2026-02-11T09:00:20+00:00\" \/>\n<meta property=\"og:image\" content=\"https:\/\/ironsky.pl\/sklep\/wp-content\/uploads\/2026\/02\/pol_pm_ACO-Streamer-13382_1.png\" \/>\n\t<meta property=\"og:image:width\" content=\"331\" \/>\n\t<meta property=\"og:image:height\" content=\"374\" \/>\n\t<meta property=\"og:image:type\" content=\"image\/png\" \/>\n<meta name=\"twitter:card\" content=\"summary_large_image\" \/>\n<meta name=\"twitter:label1\" content=\"Szacowany czas czytania\" \/>\n\t<meta name=\"twitter:data1\" content=\"6 minut\" \/>\n<script type=\"application\/ld+json\" class=\"yoast-schema-graph\">{\"@context\":\"https:\/\/schema.org\",\"@graph\":[{\"@type\":\"WebPage\",\"@id\":\"https:\/\/ironsky.pl\/sklep\/produkt\/aco-streamer\/\",\"url\":\"https:\/\/ironsky.pl\/sklep\/produkt\/aco-streamer\/\",\"name\":\"ACO Streamer 4K LTEA - Walizka do szyfrowanego streamingu obrazu z drona - IRONSKY.PL Sklep z Dronami\",\"isPartOf\":{\"@id\":\"https:\/\/ironsky.pl\/sklep\/#website\"},\"primaryImageOfPage\":{\"@id\":\"https:\/\/ironsky.pl\/sklep\/produkt\/aco-streamer\/#primaryimage\"},\"image\":{\"@id\":\"https:\/\/ironsky.pl\/sklep\/produkt\/aco-streamer\/#primaryimage\"},\"thumbnailUrl\":\"https:\/\/ironsky.pl\/sklep\/wp-content\/uploads\/2026\/02\/pol_pm_ACO-Streamer-13382_1.png\",\"datePublished\":\"2026-02-06T09:01:26+00:00\",\"dateModified\":\"2026-02-11T09:00:20+00:00\",\"description\":\"ACO Streamer 4K LTEA - Walizka do szyfrowanego streamingu obrazu z drona - \u2705 sklep z dronami i fachowym doradztwem. \u2705 Tutaj kupisz produkty DJI, Yuneec, Parrot, Syma i wiele innych, a tak\u017ce kursy i licencje na operatora drona.\",\"breadcrumb\":{\"@id\":\"https:\/\/ironsky.pl\/sklep\/produkt\/aco-streamer\/#breadcrumb\"},\"inLanguage\":\"pl-PL\",\"potentialAction\":[{\"@type\":\"ReadAction\",\"target\":[\"https:\/\/ironsky.pl\/sklep\/produkt\/aco-streamer\/\"]}]},{\"@type\":\"ImageObject\",\"inLanguage\":\"pl-PL\",\"@id\":\"https:\/\/ironsky.pl\/sklep\/produkt\/aco-streamer\/#primaryimage\",\"url\":\"https:\/\/ironsky.pl\/sklep\/wp-content\/uploads\/2026\/02\/pol_pm_ACO-Streamer-13382_1.png\",\"contentUrl\":\"https:\/\/ironsky.pl\/sklep\/wp-content\/uploads\/2026\/02\/pol_pm_ACO-Streamer-13382_1.png\",\"width\":331,\"height\":374},{\"@type\":\"BreadcrumbList\",\"@id\":\"https:\/\/ironsky.pl\/sklep\/produkt\/aco-streamer\/#breadcrumb\",\"itemListElement\":[{\"@type\":\"ListItem\",\"position\":1,\"name\":\"Strona g\u0142\u00f3wna\",\"item\":\"https:\/\/ironsky.pl\/sklep\/\"},{\"@type\":\"ListItem\",\"position\":2,\"name\":\"Wszystkie produkty\",\"item\":\"https:\/\/ironsky.pl\/sklep\/produkty\/\"},{\"@type\":\"ListItem\",\"position\":3,\"name\":\"ACO Streamer 4K LTEA &#8211; Walizka do szyfrowanego streamingu obrazu z drona\"}]},{\"@type\":\"WebSite\",\"@id\":\"https:\/\/ironsky.pl\/sklep\/#website\",\"url\":\"https:\/\/ironsky.pl\/sklep\/\",\"name\":\"IRONSKY.PL Sklep z Dronami\",\"description\":\"IRONSKY.PL Sklep z Dronami\",\"potentialAction\":[{\"@type\":\"SearchAction\",\"target\":{\"@type\":\"EntryPoint\",\"urlTemplate\":\"https:\/\/ironsky.pl\/sklep\/?s={search_term_string}\"},\"query-input\":{\"@type\":\"PropertyValueSpecification\",\"valueRequired\":true,\"valueName\":\"search_term_string\"}}],\"inLanguage\":\"pl-PL\"}]}<\/script>\n<!-- \/ Yoast SEO plugin. -->","yoast_head_json":{"title":"ACO Streamer 4K LTEA - Walizka do szyfrowanego streamingu obrazu z drona - IRONSKY.PL Sklep z Dronami","description":"ACO Streamer 4K LTEA - Walizka do szyfrowanego streamingu obrazu z drona - \u2705 sklep z dronami i fachowym doradztwem. \u2705 Tutaj kupisz produkty DJI, Yuneec, Parrot, Syma i wiele innych, a tak\u017ce kursy i licencje na operatora drona.","robots":{"index":"index","follow":"follow","max-snippet":"max-snippet:-1","max-image-preview":"max-image-preview:large","max-video-preview":"max-video-preview:-1"},"canonical":"https:\/\/ironsky.pl\/sklep\/produkt\/aco-streamer\/","og_locale":"pl_PL","og_type":"article","og_title":"ACO Streamer 4K LTEA - Walizka do szyfrowanego streamingu obrazu z drona - IRONSKY.PL Sklep z Dronami","og_description":"ACO Streamer 4K LTEA - Walizka do szyfrowanego streamingu obrazu z drona - \u2705 sklep z dronami i fachowym doradztwem. \u2705 Tutaj kupisz produkty DJI, Yuneec, Parrot, Syma i wiele innych, a tak\u017ce kursy i licencje na operatora drona.","og_url":"https:\/\/ironsky.pl\/sklep\/produkt\/aco-streamer\/","og_site_name":"IRONSKY.PL Sklep z Dronami","article_modified_time":"2026-02-11T09:00:20+00:00","og_image":[{"width":331,"height":374,"url":"https:\/\/ironsky.pl\/sklep\/wp-content\/uploads\/2026\/02\/pol_pm_ACO-Streamer-13382_1.png","type":"image\/png"}],"twitter_card":"summary_large_image","twitter_misc":{"Szacowany czas czytania":"6 minut"},"schema":{"@context":"https:\/\/schema.org","@graph":[{"@type":"WebPage","@id":"https:\/\/ironsky.pl\/sklep\/produkt\/aco-streamer\/","url":"https:\/\/ironsky.pl\/sklep\/produkt\/aco-streamer\/","name":"ACO Streamer 4K LTEA - Walizka do szyfrowanego streamingu obrazu z drona - IRONSKY.PL Sklep z Dronami","isPartOf":{"@id":"https:\/\/ironsky.pl\/sklep\/#website"},"primaryImageOfPage":{"@id":"https:\/\/ironsky.pl\/sklep\/produkt\/aco-streamer\/#primaryimage"},"image":{"@id":"https:\/\/ironsky.pl\/sklep\/produkt\/aco-streamer\/#primaryimage"},"thumbnailUrl":"https:\/\/ironsky.pl\/sklep\/wp-content\/uploads\/2026\/02\/pol_pm_ACO-Streamer-13382_1.png","datePublished":"2026-02-06T09:01:26+00:00","dateModified":"2026-02-11T09:00:20+00:00","description":"ACO Streamer 4K LTEA - Walizka do szyfrowanego streamingu obrazu z drona - \u2705 sklep z dronami i fachowym doradztwem. \u2705 Tutaj kupisz produkty DJI, Yuneec, Parrot, Syma i wiele innych, a tak\u017ce kursy i licencje na operatora drona.","breadcrumb":{"@id":"https:\/\/ironsky.pl\/sklep\/produkt\/aco-streamer\/#breadcrumb"},"inLanguage":"pl-PL","potentialAction":[{"@type":"ReadAction","target":["https:\/\/ironsky.pl\/sklep\/produkt\/aco-streamer\/"]}]},{"@type":"ImageObject","inLanguage":"pl-PL","@id":"https:\/\/ironsky.pl\/sklep\/produkt\/aco-streamer\/#primaryimage","url":"https:\/\/ironsky.pl\/sklep\/wp-content\/uploads\/2026\/02\/pol_pm_ACO-Streamer-13382_1.png","contentUrl":"https:\/\/ironsky.pl\/sklep\/wp-content\/uploads\/2026\/02\/pol_pm_ACO-Streamer-13382_1.png","width":331,"height":374},{"@type":"BreadcrumbList","@id":"https:\/\/ironsky.pl\/sklep\/produkt\/aco-streamer\/#breadcrumb","itemListElement":[{"@type":"ListItem","position":1,"name":"Strona g\u0142\u00f3wna","item":"https:\/\/ironsky.pl\/sklep\/"},{"@type":"ListItem","position":2,"name":"Wszystkie produkty","item":"https:\/\/ironsky.pl\/sklep\/produkty\/"},{"@type":"ListItem","position":3,"name":"ACO Streamer 4K LTEA &#8211; Walizka do szyfrowanego streamingu obrazu z drona"}]},{"@type":"WebSite","@id":"https:\/\/ironsky.pl\/sklep\/#website","url":"https:\/\/ironsky.pl\/sklep\/","name":"IRONSKY.PL Sklep z Dronami","description":"IRONSKY.PL Sklep z Dronami","potentialAction":[{"@type":"SearchAction","target":{"@type":"EntryPoint","urlTemplate":"https:\/\/ironsky.pl\/sklep\/?s={search_term_string}"},"query-input":{"@type":"PropertyValueSpecification","valueRequired":true,"valueName":"search_term_string"}}],"inLanguage":"pl-PL"}]}},"_links":{"self":[{"href":"https:\/\/ironsky.pl\/sklep\/wp-json\/wp\/v2\/product\/50780","targetHints":{"allow":["GET"]}}],"collection":[{"href":"https:\/\/ironsky.pl\/sklep\/wp-json\/wp\/v2\/product"}],"about":[{"href":"https:\/\/ironsky.pl\/sklep\/wp-json\/wp\/v2\/types\/product"}],"replies":[{"embeddable":true,"href":"https:\/\/ironsky.pl\/sklep\/wp-json\/wp\/v2\/comments?post=50780"}],"wp:featuredmedia":[{"embeddable":true,"href":"https:\/\/ironsky.pl\/sklep\/wp-json\/wp\/v2\/media\/50783"}],"wp:attachment":[{"href":"https:\/\/ironsky.pl\/sklep\/wp-json\/wp\/v2\/media?parent=50780"}],"wp:term":[{"taxonomy":"product_brand","embeddable":true,"href":"https:\/\/ironsky.pl\/sklep\/wp-json\/wp\/v2\/product_brand?post=50780"},{"taxonomy":"product_cat","embeddable":true,"href":"https:\/\/ironsky.pl\/sklep\/wp-json\/wp\/v2\/product_cat?post=50780"},{"taxonomy":"product_tag","embeddable":true,"href":"https:\/\/ironsky.pl\/sklep\/wp-json\/wp\/v2\/product_tag?post=50780"}],"curies":[{"name":"wp","href":"https:\/\/api.w.org\/{rel}","templated":true}]}}