{"id":50763,"date":"2026-02-04T13:08:21","date_gmt":"2026-02-04T12:08:21","guid":{"rendered":"https:\/\/ironsky.pl\/drony-sklep\/?post_type=product&#038;p=50763"},"modified":"2026-03-05T17:15:38","modified_gmt":"2026-03-05T16:15:38","slug":"dron-podwodny-rov-chasing-m2-pro-200m","status":"publish","type":"product","link":"https:\/\/ironsky.pl\/sklep\/produkt\/dron-podwodny-rov-chasing-m2-pro-200m\/","title":{"rendered":"Dron podwodny ROV &#8211; Chasing M2 Pro 200m"},"content":{"rendered":"<h1 data-path-to-node=\"2\">Dron podwodny ROV &#8211; Chasing M2 Pro 200m \u2013 przemys\u0142owa wydajno\u015b\u0107 i precyzja<\/h1>\n<p data-path-to-node=\"3\"><b data-path-to-node=\"3\" data-index-in-node=\"0\">Dron podwodny ROV &#8211; Chasing M2 Pro 200m<\/b> to lekki i wytrzyma\u0142y robot sterowany zdalnie. Zosta\u0142 on stworzony do trudnych zada\u0144 przemys\u0142owych. Urz\u0105dzenie posiada zaawansowany system o\u015bmiu silnik\u00f3w wektorowych. Rozwi\u0105zanie to umo\u017cliwia swobodny ruch we wszystkich kierunkach (OMNI). <b data-path-to-node=\"3\" data-index-in-node=\"279\">Nale\u017cy zacz\u0105\u0107 od tego, \u017ce<\/b> silniki w modelu M2 Pro s\u0105 o 50% mocniejsze ni\u017c w starszych wersjach. Dzi\u0119ki temu maksymalna pr\u0119dko\u015b\u0107 wynosi cztery w\u0119z\u0142y. <b data-path-to-node=\"3\" data-index-in-node=\"428\">Co wi\u0119cej<\/b>, konstrukcja pozwala na zanurzenie do 150 metr\u00f3w. Maksymalny zasi\u0119g poziomy wynosi nawet 400 metr\u00f3w przy u\u017cyciu opcjonalnego kabla.<\/p>\n<h2 data-path-to-node=\"4\">Wyj\u0105tkowa kompatybilno\u015b\u0107 i akcesoria profesjonalne<\/h2>\n<p data-path-to-node=\"5\"><b data-path-to-node=\"5\" data-index-in-node=\"0\">Kolejnym istotnym atutem drona<\/b> jest mo\u017cliwo\u015b\u0107 \u0142atwej rozbudowy o specjalistyczny osprz\u0119t. Model ten wsp\u00f3\u0142pracuje z chwytakiem Grabber Claw oraz o\u015bwietleniem Floodlight. Obs\u0142uguje on tak\u017ce precyzyjne mierniki laserowe. <b data-path-to-node=\"5\" data-index-in-node=\"218\">Ponadto<\/b>, system mo\u017cna wyposa\u017cy\u0107 w stacj\u0119 dokowania lub pozycjonowanie podwodne USBL. Mo\u017cliwe jest tak\u017ce u\u017cycie akumulatora 700 Wh oraz sonaru wielowi\u0105zkowego. <b data-path-to-node=\"5\" data-index-in-node=\"377\">Warto doda\u0107, \u017ce<\/b> platforma obs\u0142uguje dodatkowe kamery pomocnicze. Dzi\u0119ki temu dron dopasuje si\u0119 do ka\u017cdego z\u0142o\u017conego zadania.<\/p>\n<h2 data-path-to-node=\"6\">Szeroki wachlarz zastosowa\u0144 profesjonalnych<\/h2>\n<p data-path-to-node=\"7\"><b data-path-to-node=\"7\" data-index-in-node=\"0\">Bior\u0105c pod uwag\u0119 parametry techniczne<\/b>, dron ten jest niezast\u0105piony w wielu sektorach gospodarki. <b data-path-to-node=\"7\" data-index-in-node=\"97\">Przede wszystkim<\/b>, ze wzgl\u0119du na swoj\u0105 mobilno\u015b\u0107, doskonale sprawdza si\u0119 w:<\/p>\n<ul data-path-to-node=\"8\">\n<li>\n<p data-path-to-node=\"8,0,0\"><b data-path-to-node=\"8,0,0\" data-index-in-node=\"0\">Inspekcjach przemys\u0142owych:<\/b> Pozwala na badanie ruroci\u0105g\u00f3w oraz fundament\u00f3w morskich farm wiatrowych.<\/p>\n<\/li>\n<li>\n<p data-path-to-node=\"8,1,0\"><b data-path-to-node=\"8,1,0\" data-index-in-node=\"0\">Ratownictwie:<\/b> S\u0142u\u017cby mundurowe mog\u0105 szybko przeszukiwa\u0107 dno bez ryzyka dla nurk\u00f3w.<\/p>\n<\/li>\n<li>\n<p data-path-to-node=\"8,2,0\"><b data-path-to-node=\"8,2,0\" data-index-in-node=\"0\">Akwakulturze:<\/b> Urz\u0105dzenie monitoruje klatki hodowlane bez p\u0142oszenia ryb.<\/p>\n<\/li>\n<li>\n<p data-path-to-node=\"8,3,0\"><b data-path-to-node=\"8,3,0\" data-index-in-node=\"0\">Konserwacji statk\u00f3w:<\/b> To idealne narz\u0119dzie do przegl\u0105d\u00f3w kad\u0142ub\u00f3w i \u015brub nap\u0119dowych.<\/p>\n<\/li>\n<li>\n<p data-path-to-node=\"8,4,0\"><b data-path-to-node=\"8,4,0\" data-index-in-node=\"0\">Badaniach naukowych:<\/b> Dron u\u0142atwia dokumentacj\u0119 stanowisk archeologicznych i raf koralowych.<\/p>\n<\/li>\n<\/ul>\n<h2 data-path-to-node=\"9\">Rejestracja obrazu i parametry konstrukcyjne<\/h2>\n<p data-path-to-node=\"10\"><b data-path-to-node=\"10\" data-index-in-node=\"0\">W kwestii mo\u017cliwo\u015bci optycznych<\/b>, dron posiada profesjonaln\u0105 kamer\u0119 4K. Aparat o rozdzielczo\u015bci 12 megapikseli wspiera stabilizacja EIS. Za dobr\u0105 widoczno\u015b\u0107 odpowiadaj\u0105 lampy LED o mocy 4000 lumen\u00f3w. <b data-path-to-node=\"10\" data-index-in-node=\"199\">Z punktu widzenia logistyki<\/b>, kluczow\u0105 cech\u0105 s\u0105 wyjmowane akumulatory. Urz\u0105dzenie obs\u0142uguje tak\u017ce wymienne karty microSD. <b data-path-to-node=\"10\" data-index-in-node=\"320\">Nale\u017cy r\u00f3wnie\u017c podkre\u015bli\u0107, \u017ce<\/b> obudowa ze stopu aluminium wa\u017cy mniej ni\u017c 6 kg. Dzi\u0119ki niskiej wadze z obs\u0142ug\u0105 poradzi sobie jedna osoba. <b data-path-to-node=\"10\" data-index-in-node=\"456\">W praktyce oznacza to<\/b>, \u017ce przygotowanie drona do pracy zajmuje tylko 3 minuty.<\/p>\n<h2 data-path-to-node=\"11\">Specyfikacja techniczna<\/h2>\n<p data-path-to-node=\"12\"><b data-path-to-node=\"12\" data-index-in-node=\"0\">Podsumowuj\u0105c parametry techniczne, model ten charakteryzuje si\u0119 nast\u0119puj\u0105cymi cechami:<\/b><\/p>\n<ul data-path-to-node=\"13\">\n<li>\n<p data-path-to-node=\"13,0,0\"><b data-path-to-node=\"13,0,0\" data-index-in-node=\"0\">Zasi\u0119g pracy:<\/b> Do\u0142\u0105czony w zestawie kabel ma d\u0142ugo\u015b\u0107 200 m.<\/p>\n<\/li>\n<li>\n<p data-path-to-node=\"13,1,0\"><b data-path-to-node=\"13,1,0\" data-index-in-node=\"0\">Jako\u015b\u0107 obrazu:<\/b> Nagrywanie wideo w wysokiej rozdzielczo\u015bci 4K.<\/p>\n<\/li>\n<li>\n<p data-path-to-node=\"13,2,0\"><b data-path-to-node=\"13,2,0\" data-index-in-node=\"0\">Zasilanie:<\/b> Wymienny akumulator u\u0142atwia ci\u0105g\u0142\u0105 prac\u0119.<\/p>\n<\/li>\n<li>\n<p data-path-to-node=\"13,3,0\"><b data-path-to-node=\"13,3,0\" data-index-in-node=\"0\">Wszechstronno\u015b\u0107:<\/b> Mo\u017cliwo\u015b\u0107 monta\u017cu wielu r\u00f3\u017cnych przystawek.<\/p>\n<\/li>\n<li>\n<p data-path-to-node=\"13,4,0\"><b data-path-to-node=\"13,4,0\" data-index-in-node=\"0\">Mobilno\u015b\u0107:<\/b> Masa w\u0142asna wynosi poni\u017cej 6 kg.<\/p>\n<\/li>\n<\/ul>\n<h2 data-path-to-node=\"14\">Zawarto\u015b\u0107 zestawu<\/h2>\n<p data-path-to-node=\"15\"><b data-path-to-node=\"15\" data-index-in-node=\"0\">Decyduj\u0105c si\u0119 na zakup, w opakowaniu znajdziesz:<\/b><\/p>\n<ul data-path-to-node=\"16\">\n<li>\n<p data-path-to-node=\"16,0,0\">1x Dron podwodny Chasing M2 Pro<\/p>\n<\/li>\n<li>\n<p data-path-to-node=\"16,1,0\">1x Kabel sygna\u0142owy (tether) 200 m<\/p>\n<\/li>\n<li>\n<p data-path-to-node=\"16,2,0\">1x Pilot steruj\u0105cy (kontroler)<\/p>\n<\/li>\n<li>\n<p data-path-to-node=\"16,3,0\">1x Dedykowana \u0142adowarka<\/p>\n<\/li>\n<li>\n<p data-path-to-node=\"16,4,0\">1x Instrukcja obs\u0142ugi<\/p>\n<\/li>\n<\/ul>\n","protected":false},"excerpt":{"rendered":"<p><b data-path-to-node=\"0\" data-index-in-node=\"0\">Dron podwodny ROV &#8211; Chasing M2 Pro 200m<\/b> to lekki, przemys\u0142owy robot o masie poni\u017cej 6 kg. <b data-path-to-node=\"0\" data-index-in-node=\"90\">Nale\u017cy podkre\u015bli\u0107, \u017ce<\/b> dzi\u0119ki o\u015bmiu silnikom wektorowym zapewnia on pe\u0142n\u0105 swobod\u0119 ruchu OMNI oraz jako\u015b\u0107 obrazu 4K. <b data-path-to-node=\"0\" data-index-in-node=\"205\">W praktyce oznacza to<\/b>, \u017ce jest on gotowy do inspekcji na g\u0142\u0119boko\u015bci 150 metr\u00f3w w zaledwie 3 minuty. <b data-path-to-node=\"0\" data-index-in-node=\"305\">W rezultacie<\/b>, modu\u0142owa budowa pozwala na b\u0142yskawiczn\u0105 rozbudow\u0119 o specjalistyczne chwytaki i sonary.<\/p>\n","protected":false},"featured_media":50764,"comment_status":"open","ping_status":"closed","template":"","meta":{"_acf_changed":false},"product_brand":[],"product_cat":[6156],"product_tag":[],"class_list":{"0":"post-50763","1":"product","2":"type-product","3":"status-publish","4":"has-post-thumbnail","6":"product_cat-inne-produkty","8":"first","9":"outofstock","10":"taxable","11":"shipping-taxable","12":"purchasable","13":"product-type-simple"},"acf":[],"yoast_head":"<!-- This site is optimized with the Yoast SEO plugin v27.2 - https:\/\/yoast.com\/product\/yoast-seo-wordpress\/ -->\n<title>Dron podwodny ROV - Chasing M2 Pro 200m - IRONSKY.PL Sklep z Dronami<\/title>\n<meta name=\"description\" content=\"Dron podwodny ROV - Chasing M2 Pro 200m - \u2705 sklep z dronami i fachowym doradztwem. \u2705 Tutaj kupisz produkty DJI, Yuneec, Parrot, Syma i wiele innych, a tak\u017ce kursy i licencje na operatora drona.\" \/>\n<meta name=\"robots\" content=\"index, follow, max-snippet:-1, max-image-preview:large, max-video-preview:-1\" \/>\n<link rel=\"canonical\" href=\"https:\/\/ironsky.pl\/sklep\/produkt\/dron-podwodny-rov-chasing-m2-pro-200m\/\" \/>\n<meta property=\"og:locale\" content=\"pl_PL\" \/>\n<meta property=\"og:type\" content=\"article\" \/>\n<meta property=\"og:title\" content=\"Dron podwodny ROV - Chasing M2 Pro 200m - IRONSKY.PL Sklep z Dronami\" \/>\n<meta property=\"og:description\" content=\"Dron podwodny ROV - Chasing M2 Pro 200m - \u2705 sklep z dronami i fachowym doradztwem. \u2705 Tutaj kupisz produkty DJI, Yuneec, Parrot, Syma i wiele innych, a tak\u017ce kursy i licencje na operatora drona.\" \/>\n<meta property=\"og:url\" content=\"https:\/\/ironsky.pl\/sklep\/produkt\/dron-podwodny-rov-chasing-m2-pro-200m\/\" \/>\n<meta property=\"og:site_name\" content=\"IRONSKY.PL Sklep z Dronami\" \/>\n<meta property=\"article:modified_time\" content=\"2026-03-05T16:15:38+00:00\" \/>\n<meta property=\"og:image\" content=\"https:\/\/ironsky.pl\/sklep\/wp-content\/uploads\/2026\/02\/800q-01_115586.png\" \/>\n\t<meta property=\"og:image:width\" content=\"800\" \/>\n\t<meta property=\"og:image:height\" content=\"570\" \/>\n\t<meta property=\"og:image:type\" content=\"image\/png\" \/>\n<meta name=\"twitter:card\" content=\"summary_large_image\" \/>\n<meta name=\"twitter:label1\" content=\"Szacowany czas czytania\" \/>\n\t<meta name=\"twitter:data1\" content=\"3 minuty\" \/>\n<script type=\"application\/ld+json\" class=\"yoast-schema-graph\">{\"@context\":\"https:\/\/schema.org\",\"@graph\":[{\"@type\":\"WebPage\",\"@id\":\"https:\/\/ironsky.pl\/sklep\/produkt\/dron-podwodny-rov-chasing-m2-pro-200m\/\",\"url\":\"https:\/\/ironsky.pl\/sklep\/produkt\/dron-podwodny-rov-chasing-m2-pro-200m\/\",\"name\":\"Dron podwodny ROV - Chasing M2 Pro 200m - IRONSKY.PL Sklep z Dronami\",\"isPartOf\":{\"@id\":\"https:\/\/ironsky.pl\/sklep\/#website\"},\"primaryImageOfPage\":{\"@id\":\"https:\/\/ironsky.pl\/sklep\/produkt\/dron-podwodny-rov-chasing-m2-pro-200m\/#primaryimage\"},\"image\":{\"@id\":\"https:\/\/ironsky.pl\/sklep\/produkt\/dron-podwodny-rov-chasing-m2-pro-200m\/#primaryimage\"},\"thumbnailUrl\":\"https:\/\/ironsky.pl\/sklep\/wp-content\/uploads\/2026\/02\/800q-01_115586.png\",\"datePublished\":\"2026-02-04T12:08:21+00:00\",\"dateModified\":\"2026-03-05T16:15:38+00:00\",\"description\":\"Dron podwodny ROV - Chasing M2 Pro 200m - \u2705 sklep z dronami i fachowym doradztwem. \u2705 Tutaj kupisz produkty DJI, Yuneec, Parrot, Syma i wiele innych, a tak\u017ce kursy i licencje na operatora drona.\",\"breadcrumb\":{\"@id\":\"https:\/\/ironsky.pl\/sklep\/produkt\/dron-podwodny-rov-chasing-m2-pro-200m\/#breadcrumb\"},\"inLanguage\":\"pl-PL\",\"potentialAction\":[{\"@type\":\"ReadAction\",\"target\":[\"https:\/\/ironsky.pl\/sklep\/produkt\/dron-podwodny-rov-chasing-m2-pro-200m\/\"]}]},{\"@type\":\"ImageObject\",\"inLanguage\":\"pl-PL\",\"@id\":\"https:\/\/ironsky.pl\/sklep\/produkt\/dron-podwodny-rov-chasing-m2-pro-200m\/#primaryimage\",\"url\":\"https:\/\/ironsky.pl\/sklep\/wp-content\/uploads\/2026\/02\/800q-01_115586.png\",\"contentUrl\":\"https:\/\/ironsky.pl\/sklep\/wp-content\/uploads\/2026\/02\/800q-01_115586.png\",\"width\":800,\"height\":570},{\"@type\":\"BreadcrumbList\",\"@id\":\"https:\/\/ironsky.pl\/sklep\/produkt\/dron-podwodny-rov-chasing-m2-pro-200m\/#breadcrumb\",\"itemListElement\":[{\"@type\":\"ListItem\",\"position\":1,\"name\":\"Strona g\u0142\u00f3wna\",\"item\":\"https:\/\/ironsky.pl\/sklep\/\"},{\"@type\":\"ListItem\",\"position\":2,\"name\":\"Wszystkie produkty\",\"item\":\"https:\/\/ironsky.pl\/sklep\/sklep\/\"},{\"@type\":\"ListItem\",\"position\":3,\"name\":\"Dron podwodny ROV &#8211; Chasing M2 Pro 200m\"}]},{\"@type\":\"WebSite\",\"@id\":\"https:\/\/ironsky.pl\/sklep\/#website\",\"url\":\"https:\/\/ironsky.pl\/sklep\/\",\"name\":\"IRONSKY.PL Sklep z Dronami\",\"description\":\"IRONSKY.PL Sklep z Dronami\",\"potentialAction\":[{\"@type\":\"SearchAction\",\"target\":{\"@type\":\"EntryPoint\",\"urlTemplate\":\"https:\/\/ironsky.pl\/sklep\/?s={search_term_string}\"},\"query-input\":{\"@type\":\"PropertyValueSpecification\",\"valueRequired\":true,\"valueName\":\"search_term_string\"}}],\"inLanguage\":\"pl-PL\"}]}<\/script>\n<!-- \/ Yoast SEO plugin. -->","yoast_head_json":{"title":"Dron podwodny ROV - Chasing M2 Pro 200m - IRONSKY.PL Sklep z Dronami","description":"Dron podwodny ROV - Chasing M2 Pro 200m - \u2705 sklep z dronami i fachowym doradztwem. \u2705 Tutaj kupisz produkty DJI, Yuneec, Parrot, Syma i wiele innych, a tak\u017ce kursy i licencje na operatora drona.","robots":{"index":"index","follow":"follow","max-snippet":"max-snippet:-1","max-image-preview":"max-image-preview:large","max-video-preview":"max-video-preview:-1"},"canonical":"https:\/\/ironsky.pl\/sklep\/produkt\/dron-podwodny-rov-chasing-m2-pro-200m\/","og_locale":"pl_PL","og_type":"article","og_title":"Dron podwodny ROV - Chasing M2 Pro 200m - IRONSKY.PL Sklep z Dronami","og_description":"Dron podwodny ROV - Chasing M2 Pro 200m - \u2705 sklep z dronami i fachowym doradztwem. \u2705 Tutaj kupisz produkty DJI, Yuneec, Parrot, Syma i wiele innych, a tak\u017ce kursy i licencje na operatora drona.","og_url":"https:\/\/ironsky.pl\/sklep\/produkt\/dron-podwodny-rov-chasing-m2-pro-200m\/","og_site_name":"IRONSKY.PL Sklep z Dronami","article_modified_time":"2026-03-05T16:15:38+00:00","og_image":[{"width":800,"height":570,"url":"https:\/\/ironsky.pl\/sklep\/wp-content\/uploads\/2026\/02\/800q-01_115586.png","type":"image\/png"}],"twitter_card":"summary_large_image","twitter_misc":{"Szacowany czas czytania":"3 minuty"},"schema":{"@context":"https:\/\/schema.org","@graph":[{"@type":"WebPage","@id":"https:\/\/ironsky.pl\/sklep\/produkt\/dron-podwodny-rov-chasing-m2-pro-200m\/","url":"https:\/\/ironsky.pl\/sklep\/produkt\/dron-podwodny-rov-chasing-m2-pro-200m\/","name":"Dron podwodny ROV - Chasing M2 Pro 200m - IRONSKY.PL Sklep z Dronami","isPartOf":{"@id":"https:\/\/ironsky.pl\/sklep\/#website"},"primaryImageOfPage":{"@id":"https:\/\/ironsky.pl\/sklep\/produkt\/dron-podwodny-rov-chasing-m2-pro-200m\/#primaryimage"},"image":{"@id":"https:\/\/ironsky.pl\/sklep\/produkt\/dron-podwodny-rov-chasing-m2-pro-200m\/#primaryimage"},"thumbnailUrl":"https:\/\/ironsky.pl\/sklep\/wp-content\/uploads\/2026\/02\/800q-01_115586.png","datePublished":"2026-02-04T12:08:21+00:00","dateModified":"2026-03-05T16:15:38+00:00","description":"Dron podwodny ROV - Chasing M2 Pro 200m - \u2705 sklep z dronami i fachowym doradztwem. \u2705 Tutaj kupisz produkty DJI, Yuneec, Parrot, Syma i wiele innych, a tak\u017ce kursy i licencje na operatora drona.","breadcrumb":{"@id":"https:\/\/ironsky.pl\/sklep\/produkt\/dron-podwodny-rov-chasing-m2-pro-200m\/#breadcrumb"},"inLanguage":"pl-PL","potentialAction":[{"@type":"ReadAction","target":["https:\/\/ironsky.pl\/sklep\/produkt\/dron-podwodny-rov-chasing-m2-pro-200m\/"]}]},{"@type":"ImageObject","inLanguage":"pl-PL","@id":"https:\/\/ironsky.pl\/sklep\/produkt\/dron-podwodny-rov-chasing-m2-pro-200m\/#primaryimage","url":"https:\/\/ironsky.pl\/sklep\/wp-content\/uploads\/2026\/02\/800q-01_115586.png","contentUrl":"https:\/\/ironsky.pl\/sklep\/wp-content\/uploads\/2026\/02\/800q-01_115586.png","width":800,"height":570},{"@type":"BreadcrumbList","@id":"https:\/\/ironsky.pl\/sklep\/produkt\/dron-podwodny-rov-chasing-m2-pro-200m\/#breadcrumb","itemListElement":[{"@type":"ListItem","position":1,"name":"Strona g\u0142\u00f3wna","item":"https:\/\/ironsky.pl\/sklep\/"},{"@type":"ListItem","position":2,"name":"Wszystkie produkty","item":"https:\/\/ironsky.pl\/sklep\/sklep\/"},{"@type":"ListItem","position":3,"name":"Dron podwodny ROV &#8211; Chasing M2 Pro 200m"}]},{"@type":"WebSite","@id":"https:\/\/ironsky.pl\/sklep\/#website","url":"https:\/\/ironsky.pl\/sklep\/","name":"IRONSKY.PL Sklep z Dronami","description":"IRONSKY.PL Sklep z Dronami","potentialAction":[{"@type":"SearchAction","target":{"@type":"EntryPoint","urlTemplate":"https:\/\/ironsky.pl\/sklep\/?s={search_term_string}"},"query-input":{"@type":"PropertyValueSpecification","valueRequired":true,"valueName":"search_term_string"}}],"inLanguage":"pl-PL"}]}},"_links":{"self":[{"href":"https:\/\/ironsky.pl\/sklep\/wp-json\/wp\/v2\/product\/50763","targetHints":{"allow":["GET"]}}],"collection":[{"href":"https:\/\/ironsky.pl\/sklep\/wp-json\/wp\/v2\/product"}],"about":[{"href":"https:\/\/ironsky.pl\/sklep\/wp-json\/wp\/v2\/types\/product"}],"replies":[{"embeddable":true,"href":"https:\/\/ironsky.pl\/sklep\/wp-json\/wp\/v2\/comments?post=50763"}],"wp:featuredmedia":[{"embeddable":true,"href":"https:\/\/ironsky.pl\/sklep\/wp-json\/wp\/v2\/media\/50764"}],"wp:attachment":[{"href":"https:\/\/ironsky.pl\/sklep\/wp-json\/wp\/v2\/media?parent=50763"}],"wp:term":[{"taxonomy":"product_brand","embeddable":true,"href":"https:\/\/ironsky.pl\/sklep\/wp-json\/wp\/v2\/product_brand?post=50763"},{"taxonomy":"product_cat","embeddable":true,"href":"https:\/\/ironsky.pl\/sklep\/wp-json\/wp\/v2\/product_cat?post=50763"},{"taxonomy":"product_tag","embeddable":true,"href":"https:\/\/ironsky.pl\/sklep\/wp-json\/wp\/v2\/product_tag?post=50763"}],"curies":[{"name":"wp","href":"https:\/\/api.w.org\/{rel}","templated":true}]}}