{"id":50611,"date":"2025-12-23T11:44:23","date_gmt":"2025-12-23T10:44:23","guid":{"rendered":"https:\/\/ironsky.pl\/drony-sklep\/?post_type=product&#038;p=50611"},"modified":"2025-12-29T16:08:14","modified_gmt":"2025-12-29T15:08:14","slug":"audyt-dronowy-warsztaty-dla-firm","status":"publish","type":"product","link":"https:\/\/ironsky.pl\/sklep\/produkt\/audyt-dronowy-warsztaty-dla-firm\/","title":{"rendered":"Doradztwo, Audyt &#038; Konsulting Dronowy dla Firm zgodny z Certyfikatem ISO 9001:2015"},"content":{"rendered":"<h2><span style=\"color: #ff0000;\"><strong>Wprowadzone zmiany w prawie lotniczym i zasadach lot\u00f3w powoduj\u0105, \u017ce czujesz zagubiony? <\/strong><\/span><\/h2>\n<p>Nie jeste\u015b sam, ten problem dotyka coraz wi\u0119kszej liczby firm, w tym te\u017c tych du\u017cych, w kt\u00f3rej za ilo\u015bci\u0105 dron\u00f3w i pilot\u00f3w nie idzie aktualna wiedza.<\/p>\n<p>&nbsp;<\/p>\n<h2><strong>Dla kogo?<\/strong><\/h2>\n<p><strong>Nasze wsparcie konsultingowe, audyty i doradztwo kierujemy w szczeg\u00f3lno\u015bci do firm i instytucji publicznych. <\/strong>Przeprowadzamy je po to, by zapewni\u0107 zgodno\u015b\u0107 z przepisami prawnymi ULC i EASA, unikn\u0105\u0107 kar finansowych oraz zoptymalizowa\u0107 operacje UAV pod k\u0105tem efektywno\u015bci i bezpiecze\u0144stwa. Konsulting Dronowy to Nasza odpowied\u017a na rosn\u0105ce potrzeby rynku. Cz\u0119sto w firmach brakuje zoptymalizowanych proces\u00f3w dotycz\u0105cych dron\u00f3w, osoby odpowiedzialnej za flot\u0119, aktualizacj\u0119 wiedzy i dostosowanie do aktualnych wymaga\u0144.<\/p>\n<p>My jako IRONSKY dzia\u0142amy w bran\u017cy BSP nieprzerwanie od 2014 roku i doskonale wiemy ile zmieni\u0142o si\u0119 w regulacjach prawnych i zasadach lot\u00f3w dronami na przestrzeni ostatnich lat. Wprowadzane zmiany cz\u0119sto s\u0105 pomijane przez operator\u00f3w i pilot\u00f3w w firmach, bo utrwalana jest zasada, \u017ce jako\u015b to b\u0119dzie. Do czasu, bo od lutego 2025 wprowadzono szereg mandat\u00f3w i kar za nieprawid\u0142owe u\u017cywanie bezza\u0142ogowych statk\u00f3w powietrznych.<\/p>\n<p>&nbsp;<\/p>\n<h2><strong>Po co mi konsulting i wsparcie dronowe?<\/strong><\/h2>\n<p>Masz drona w firmie? Zarz\u0105dzasz zespo\u0142em pilot\u00f3w \/ flot\u0105 dron\u00f3w w firmie? Czytasz po kilka razy internetowe wpisy, blogi i nie wiesz ju\u017c co jest aktualne?<\/p>\n<p>Zastanawiasz si\u0119:<\/p>\n<ul>\n<li>Kto i za co odpowiada w kwestii dron\u00f3w w firmie wykorzystuj\u0105cej drony?<\/li>\n<li>Co zmieni\u0142o si\u0119 w dronach od 2026r i o co ten ca\u0142y ha\u0142as?<\/li>\n<li>Jak lata\u0107 legalne loty poza zasi\u0119giem wzroku BVLOS?<\/li>\n<li>W jaki spos\u00f3b zautomatyzowa\u0107 loty drona w firmie?<\/li>\n<li>Jak\u0105 dokumenty musz\u0119 mie\u0107 w firmie i dla pracownik\u00f3w, \u017ceby legalnie \u015bwiadczy\u0107 us\u0142ugi dronami?<\/li>\n<li>Za co s\u0105 kary administracyjne i mandaty za u\u017cywanie drona?<\/li>\n<li>Jak lata\u0107 dronem bez scenariuszy NSTS?<\/li>\n<li>Jak lata\u0107 \u201estarym dronem\u201d bez nadanej klasy? Czy da si\u0119 nim lata\u0107 zgodnie z prawem i wytycznymi EASA?<\/li>\n<li>Czym s\u0105 PDRA, SORA, INOP i kiedy musisz je przygotowa\u0107?<\/li>\n<li>Jak wdro\u017cy\u0107 drona w firmie zgodnie z obecnymi regulacjami?<\/li>\n<li>Czy dobrze rozumiesz r\u00f3\u017cnice kompetencji mi\u0119dzy operatorem i pilotem drona?<\/li>\n<li>Jak lata\u0107 du\u017cym, ci\u0119\u017ckim dronem bez nadanej klasy?<\/li>\n<li>Jakie op\u0142aty, za strefy geograficzne, kogo to dotyczy?<\/li>\n<li>Kto i od kiedy potrzebuje ubezpieczenia OC?<\/li>\n<li>Czyje uprawnienia zosta\u0142y rozszerzone i co to oznacza dla mnie jako pilota i operatora drona?<\/li>\n<li>Jak zarz\u0105dza\u0107 flot\u0105 wielu dron\u00f3w w instytucji i przekazywa\u0107?<\/li>\n<li>Jaki dron b\u0119dzie najlepszy dla twojej specyfiki zada\u0144 i bran\u017cy?<\/li>\n<li>Po co te ca\u0142e klasy dron\u00f3w?<\/li>\n<li>Jaki kurs na drona jest dla mnie najlepszy?<\/li>\n<li>Czy i kiedy musz\u0119 robi\u0107 p\u0142atne szkolenia i egzamin?<\/li>\n<li>Jak zg\u0142osi\u0107 lot w mojej trudnej lokalizacji?<\/li>\n<\/ul>\n<p><strong>\u00a0<\/strong><\/p>\n<p><strong><span style=\"color: #ff0000;\">Je\u015bli zadajesz sobie przynajmniej jedno z powy\u017cszych pyta\u0144, to ta us\u0142uga jest dla Ciebie.<\/span> <\/strong><\/p>\n<p>Pami\u0119taj, \u017ce to tylko wybrane pytania, kt\u00f3re codziennie l\u0105duj\u0105 w naszych skrzynkach mailowych. Je\u015bli masz inny problem dronowy \u2013 daj zna\u0107, pomo\u017cemy, bo posiadamy ISO 9001:2015 w zakresie: doradztwo, audyt, konsulting, wdro\u017cenia, szkolenia i sprzeda\u017c rozwi\u0105za\u0144 bezza\u0142ogowych dla firm i instytucji.<\/p>\n<p><strong>\u00a0<\/strong><\/p>\n<h2><strong>Co obejmuje us\u0142uga?<\/strong><\/h2>\n<p>Przeprowadzenie profesjonalnego procesu konsultingowego to ustrukturyzowany proces, kt\u00f3ry ma na celu nie tylko znalezienie b\u0142\u0119d\u00f3w, ale przede wszystkim wskazania rozwi\u0105za\u0144. Poni\u017cej dzia\u0142ania, kt\u00f3re podejmujemy wg kolejno\u015bci:<\/p>\n<ol>\n<li><strong>Sprawdzamy <\/strong>jak obecnie firma radzi sobie z dronami, w szczeg\u00f3lno\u015bci jak wygl\u0105da sytuacja z przestrzeganiem przepis\u00f3w prawa lotniczego dotycz\u0105cych BSP, jakie s\u0105 obecnie dokumenty, jak wygl\u0105da INOP itp.<\/li>\n<li><strong>Analizujemy<\/strong>, jak i przez kogo obecnie wykorzystywane s\u0105 drony w firmie, kto zarz\u0105dza dronami?<\/li>\n<li><strong>Identyfikujemy<\/strong> potencjalne zagro\u017cenia i rekomendujemy, jak je zminimalizowa\u0107<\/li>\n<li><strong>Oceniamy<\/strong> kwalifikacje pilot\u00f3w i doradzamy w zakresie potrzebnych szkole\u0144<\/li>\n<li><strong>Weryfikujemy<\/strong> i porz\u0105dkujemy procedury, instrukcje oraz rejestracje pilot\u00f3w i sprz\u0119tu<\/li>\n<li><strong>Przedstawiamy<\/strong> kluczowe wnioski zarz\u0105dowi i zalecenia do wdro\u017cenia<\/li>\n<\/ol>\n<p>&nbsp;<\/p>\n<h2><strong>Jak wygl\u0105da\u0142a przyk\u0142adowa realizacja?<\/strong><\/h2>\n<p>Jako przyk\u0142adowy \u201ecase study\u201d podamy jeden ze zrealizowanych audyt\u00f3w poprzedzonych analiz\u0105 potrzeb i konsultingiem dla Specjalnej Strefy Ekonomicznej Parku Naukowo &#8211; Technologicznego jednego z Wojew\u00f3dzkich miast.<\/p>\n<p><strong>Problem klienta:<\/strong><\/p>\n<p>Firma boryka\u0142a si\u0119 z niepewno\u015bci\u0105 co do stanu technicznego floty po intensywnym sezonie oraz brakiem pewno\u015bci, czy ich BSP i operacje s\u0105 zgodne z nowymi przepisami lotniczymi (EASA\/ULC). Istnia\u0142o wysokie ryzyko przestoj\u00f3w oraz kar administracyjnych.<\/p>\n<p><strong>Co zrobili\u015bmy (Zakres prac):<\/strong><\/p>\n<ul>\n<li>Audyt techniczny: Przeprowadzili\u015bmy pe\u0142n\u0105 diagnostyk\u0119 uk\u0142ad\u00f3w zasilania, nap\u0119dowego oraz system\u00f3w wizyjnych.<\/li>\n<li>Weryfikacja prawna: Sprawdzili\u015bmy uprawnienia pilot\u00f3w oraz zgodno\u015b\u0107 starszych modeli dron\u00f3w z obecnymi wymogami rejestracyjnymi.<\/li>\n<li>Testy operacyjne: Wykonali\u015bmy testy w locie w celu sprawdzenia stabilno\u015bci \u0142\u0105czno\u015bci i jako\u015bci obrazowania.<\/li>\n<\/ul>\n<p><strong>Co wymienili\u015bmy i naprawili\u015bmy:<\/strong><\/p>\n<ul>\n<li>Wydali\u015bmy szerok\u0105 list\u0119 wytycznych, kt\u00f3re mia\u0142y by\u0107 wdro\u017cone w trybie pilnym w celu aktualizacji dokumentacji lotniczej do obecnych standard\u00f3w<\/li>\n<li>Zidentyfikowali\u015bmy i wymienili\u015bmy zu\u017cyte ogniwa akumulator\u00f3w oraz \u015bmig\u0142a z mikrouszkodzeniami strukturalnymi.<\/li>\n<li>Zaktualizowali\u015bmy oprogramowanie uk\u0142adowe i skalibrowali\u015bmy systemy stabilizacji (gimbale).<\/li>\n<li>Dostosowali\u015bmy polisy OC do realnego zakresu wykonywanych operacji.<\/li>\n<\/ul>\n<p><strong>Efekt ko\u0144cowy:<\/strong><\/p>\n<p>Klient otrzyma\u0142 kompletny Raport Techniczny i Not\u0119 Prawn\u0105. Wyeliminowali\u015bmy ryzyko nag\u0142ych awarii, zoptymalizowali\u015bmy koszty serwisowe (wymiana tylko niezb\u0119dnych cz\u0119\u015bci) i w pe\u0142ni zalegalizowali\u015bmy operacje lotnicze firmy aktualizuj\u0105c wszystkie dokumenty.<\/p>\n<p>&nbsp;<\/p>\n<h2><strong>Jakie s\u0105 najcz\u0119stsze problemy?<\/strong><\/h2>\n<p>Ka\u017cdy konsulting, audyt, czy doradztwo jest inne, bo ka\u017cdy klient jest na innym etapie wdro\u017cenia dron\u00f3w w firmie, na innym poziomie wiedzy, problematyczno\u015bci i specyfiki bran\u017cy, ale te\u017c cz\u0119sto ma zupe\u0142nie inne potrzeby i problemy. Poni\u017cej lista wybranych problem\u00f3w, z kt\u00f3rymi spotkali\u015bmy si\u0119 w ramach naszych us\u0142ug doradczych:<\/p>\n<ul>\n<li>Brak wiedzy na temat wytycznych dotycz\u0105cych lot\u00f3w dla s\u0142u\u017cb i instytucji publicznych, organ\u00f3w administracji rz\u0105dowej<\/li>\n<li>Nieprawid\u0142owe korzystanie z uprawnie\u0144 STS, w szczeg\u00f3lno\u015bci b\u0142\u0119dne interpretacje w kwestii lot\u00f3w BVLOS, roli obserwatora, braku RID<\/li>\n<li>Brak \u015bwiadomo\u015bci i odpowiedzialno\u015bci dronowej za dzia\u0142ania dronem w firmie<\/li>\n<li>Niestosowanie si\u0119 lub nieprawid\u0142owe stosowanie si\u0119 do KON, okre\u015blenia przestrzeni operacji i bufora ryzyka naziemnego<\/li>\n<li>Brak dedykowanego managera floty i szkole\u0144 wewn\u0119trznych personelu dronowego<\/li>\n<li>Brak rejestracji operatora w KSID\/drony.gov.pl z widocznym numerem eID na dronach &gt;250g<\/li>\n<li>Nieprawid\u0142owe dobieranie kategorii lotu (OPEN\/SPECIFIC) i podkategorii A1-A3 podczas zg\u0142osze\u0144<\/li>\n<li>Brak aktualnych certyfikat\u00f3w pilot\u00f3w (A1\/A3, STS-01\/02) lub wyga\u015bni\u0119te egzaminy ULC<\/li>\n<li>Niew\u0142a\u015bciwa interpretacja stref geograficznych (CTR, D, geofencing w DroneMap)<\/li>\n<li>Pomijanie zg\u0142osze\u0144 lot\u00f3w w DroneTower z wyprzedzeniem dla stref kontrolowanych<\/li>\n<li>Brak obowi\u0105zkowego ubezpieczenia OC na drony<\/li>\n<li>Nieoznaczone klasy dron\u00f3w C0-C6, brak Remote ID lub FTS w operacjach SPECIFIC.<\/li>\n<li>Brak oceny ryzyka SORA\/PDRA dla lot\u00f3w BVLOS<\/li>\n<li>Loty nad zgromadzeniami os\u00f3b<\/li>\n<li>Niepe\u0142na checklista przedstartowa (pogoda, przeszkody, bateria, NOTAM)<\/li>\n<li>Archiwizacja lot\u00f3w bez geodanych lub ca\u0142kowity brak dokumentacji lot\u00f3w<\/li>\n<li>Brak wiedzy w sprawie raportowania incydent\u00f3w do ULC\/PA\u017bP<\/li>\n<li>Latanie w strefach zakazanych (lotniska, granice) bez zezwole\u0144 PA\u017bP<\/li>\n<li>Niewystarczaj\u0105ce przegl\u0105dy techniczne i konserwacja sprz\u0119tu UAV<\/li>\n<li>Brak planu lotu, zw\u0142aszcza w warunkach pogodowych (wiatr, GNSS zak\u0142\u00f3cenia)<\/li>\n<li>Nieuprawnione loty FPV lub w scenariuszach STS<\/li>\n<li>Pomijanie obowi\u0105zk\u00f3w dla operatora w regulacjach krajowych<\/li>\n<li>Niezgodno\u015b\u0107 z limitami wysoko\u015bci (120m), pr\u0119dko\u015bci i ha\u0142asu EASA<\/li>\n<li>Brak dokumentacji operacyjnej (manuale, procedury awaryjne)<\/li>\n<li><strong>\u2026 i na koniec najcz\u0119stszy problem<\/strong>, czyli ignorowanie licznych zmian prawnych (koniec NSTS, klasy C5\/C6, ubezpieczenia, mandaty, wymagane wyposa\u017cenie drona, nowe zwolnienia Prezesa ULC, dostosowanie dron\u00f3w do nowych wytycznych)<\/li>\n<\/ul>\n<p>&nbsp;<\/p>\n<h2><strong>Dlaczego warto?<\/strong><\/h2>\n<p>Dzi\u0119ki naszemu do\u015bwiadczeniu i us\u0142ugom doradczym mo\u017cemy pom\u00f3c Twojej firmie prawid\u0142owo wdro\u017cy\u0107 drony i to dobrze, bo:<\/p>\n<ul>\n<li><strong>Posiadamy ISO 9001:2015<\/strong> w zakresie: doradztwo, audyt, konsulting, wdro\u017cenia, szkolenia i sprzeda\u017c rozwi\u0105za\u0144 bezza\u0142ogowych dla firm i instytucji.<\/li>\n<li>Wdro\u017cyli\u015bmy drony od A do Z praktycznie w ka\u017cdym sektorze gospodarki pomagaj\u0105c klientom z dronami automatycznymi, ratowniczymi, termowizyjnymi, inspekcyjnymi, pomiarowymi, transportowymi, rolniczymi, myj\u0105cymi, na uwi\u0119zi.<\/li>\n<li>Od 2014r. prowadzimy <strong>Og\u00f3lnopolski O\u015brodek Szkole\u0144 i Egzaminowania Pilot\u00f3w Dron\u00f3w<\/strong> certyfikowany przez Urz\u0105d Lotnictwa Cywilnego.<\/li>\n<li>Jako cz\u0142onek <strong>Polskiej Izby Bezza\u0142ogowych Statk\u00f3w Powietrznych<\/strong> mamy realny g\u0142os i wp\u0142yw na kszta\u0142towanie bran\u017cy dron\u00f3w w kraju.<\/li>\n<li>Posiadamy status <strong>Autoryzowanego Dealera Dron\u00f3w DJI ENTERPRISE<\/strong>, kt\u00f3ry jest po\u015bwiadczeniem najwy\u017cszego poziomu kompleksowej obs\u0142ugi, wsparcia technicznego oraz specjalistycznej wiedzy naszego zespo\u0142u in\u017cynier\u00f3w sprzeda\u017cy.<\/li>\n<li>W\u015br\u00f3d naszych klient\u00f3w znajduj\u0105 si\u0119 <strong>najwi\u0119ksze polskie i mi\u0119dzynarodowe korporacje<\/strong>, takie jak Unilever, Tauron, Ergo Hestia, Lidl oraz Enea. Nasze kompleksowe rozwi\u0105zania dronowe wspieraj\u0105 r\u00f3wnie\u017c kluczowe instytucje publiczne, w tym Ministerstwa, Policj\u0119, Stra\u017c Graniczn\u0105, Pa\u0144stwow\u0105 Stra\u017c Po\u017carn\u0105, TOPR oraz S\u0142u\u017cby Specjalne.<\/li>\n<\/ul>\n<p>&nbsp;<\/p>\n","protected":false},"excerpt":{"rendered":"<p style=\"font-weight: 400;\"><strong>Dlaczego Twoja firma potrzebuje audytu dronowego?<\/strong><\/p>\n<p style=\"font-weight: 400;\">U\u017cytkowanie dron\u00f3w w firmie wi\u0105\u017ce si\u0119 z ryzykiem. Niesprawny technicznie sprz\u0119t, niekompetentny pilot drona lub brak aktualnej dokumentacji to nie tylko ryzyko, ale tak\u017ce powa\u017cne konsekwencje prawne i finansowe. Nasza us\u0142uga pozwala zminimalizowa\u0107 te ryzyka, daj\u0105c pe\u0142ny obraz stanu posiadanych zasob\u00f3w.<\/p>\n","protected":false},"featured_media":50615,"comment_status":"open","ping_status":"closed","template":"","meta":{"_acf_changed":false},"product_brand":[],"product_cat":[5564,5566],"product_tag":[6074,5911,5921,5901,5923,5919,5903,5920,5902],"class_list":{"0":"post-50611","1":"product","2":"type-product","3":"status-publish","4":"has-post-thumbnail","6":"product_cat-kursy","7":"product_cat-specjalistyczne","8":"product_tag-audyt-dronowy","9":"product_tag-dron-w-pracy","10":"product_tag-kurs-dla-firm-drony","11":"product_tag-kurs-dron","12":"product_tag-kurs-dron-cena","13":"product_tag-legalne-latanie-dronem","14":"product_tag-licencja-pilota-drona","15":"product_tag-pilot-drona-uprawnienia","16":"product_tag-szkolenie-na-drona","18":"first","19":"instock","20":"taxable","21":"shipping-taxable","22":"purchasable","23":"product-type-simple"},"acf":[],"yoast_head":"<!-- This site is optimized with the Yoast SEO plugin v27.2 - https:\/\/yoast.com\/product\/yoast-seo-wordpress\/ -->\n<title>Doradztwo, Audyt &amp; Konsulting Dronowy dla Firm zgodny z Certyfikatem ISO 9001:2015 - IRONSKY.PL Sklep z Dronami<\/title>\n<meta name=\"description\" content=\"Doradztwo, Audyt &amp; Konsulting Dronowy dla Firm zgodny z Certyfikatem ISO 9001:2015 - \u2705 sklep z dronami i fachowym doradztwem. \u2705 Tutaj kupisz produkty DJI, Yuneec, Parrot, Syma i wiele innych, a tak\u017ce kursy i licencje na operatora drona.\" \/>\n<meta name=\"robots\" content=\"index, follow, max-snippet:-1, max-image-preview:large, max-video-preview:-1\" \/>\n<link rel=\"canonical\" href=\"https:\/\/ironsky.pl\/sklep\/produkt\/audyt-dronowy-warsztaty-dla-firm\/\" \/>\n<meta property=\"og:locale\" content=\"pl_PL\" \/>\n<meta property=\"og:type\" content=\"article\" \/>\n<meta property=\"og:title\" content=\"Doradztwo, Audyt &amp; Konsulting Dronowy dla Firm zgodny z Certyfikatem ISO 9001:2015 - IRONSKY.PL Sklep z Dronami\" \/>\n<meta property=\"og:description\" content=\"Doradztwo, Audyt &amp; Konsulting Dronowy dla Firm zgodny z Certyfikatem ISO 9001:2015 - \u2705 sklep z dronami i fachowym doradztwem. \u2705 Tutaj kupisz produkty DJI, Yuneec, Parrot, Syma i wiele innych, a tak\u017ce kursy i licencje na operatora drona.\" \/>\n<meta property=\"og:url\" content=\"https:\/\/ironsky.pl\/sklep\/produkt\/audyt-dronowy-warsztaty-dla-firm\/\" \/>\n<meta property=\"og:site_name\" content=\"IRONSKY.PL Sklep z Dronami\" \/>\n<meta property=\"article:modified_time\" content=\"2025-12-29T15:08:14+00:00\" \/>\n<meta property=\"og:image\" content=\"https:\/\/ironsky.pl\/sklep\/wp-content\/uploads\/2025\/12\/Audyt-dronowy.png\" \/>\n\t<meta property=\"og:image:width\" content=\"1880\" \/>\n\t<meta property=\"og:image:height\" content=\"1576\" \/>\n\t<meta property=\"og:image:type\" content=\"image\/png\" \/>\n<meta name=\"twitter:card\" content=\"summary_large_image\" \/>\n<meta name=\"twitter:label1\" content=\"Szacowany czas czytania\" \/>\n\t<meta name=\"twitter:data1\" content=\"8 minut\" \/>\n<script type=\"application\/ld+json\" class=\"yoast-schema-graph\">{\"@context\":\"https:\/\/schema.org\",\"@graph\":[{\"@type\":\"WebPage\",\"@id\":\"https:\/\/ironsky.pl\/sklep\/produkt\/audyt-dronowy-warsztaty-dla-firm\/\",\"url\":\"https:\/\/ironsky.pl\/sklep\/produkt\/audyt-dronowy-warsztaty-dla-firm\/\",\"name\":\"Doradztwo, Audyt & Konsulting Dronowy dla Firm zgodny z Certyfikatem ISO 9001:2015 - IRONSKY.PL Sklep z Dronami\",\"isPartOf\":{\"@id\":\"https:\/\/ironsky.pl\/sklep\/#website\"},\"primaryImageOfPage\":{\"@id\":\"https:\/\/ironsky.pl\/sklep\/produkt\/audyt-dronowy-warsztaty-dla-firm\/#primaryimage\"},\"image\":{\"@id\":\"https:\/\/ironsky.pl\/sklep\/produkt\/audyt-dronowy-warsztaty-dla-firm\/#primaryimage\"},\"thumbnailUrl\":\"https:\/\/ironsky.pl\/sklep\/wp-content\/uploads\/2025\/12\/Audyt-dronowy.png\",\"datePublished\":\"2025-12-23T10:44:23+00:00\",\"dateModified\":\"2025-12-29T15:08:14+00:00\",\"description\":\"Doradztwo, Audyt & Konsulting Dronowy dla Firm zgodny z Certyfikatem ISO 9001:2015 - \u2705 sklep z dronami i fachowym doradztwem. \u2705 Tutaj kupisz produkty DJI, Yuneec, Parrot, Syma i wiele innych, a tak\u017ce kursy i licencje na operatora drona.\",\"breadcrumb\":{\"@id\":\"https:\/\/ironsky.pl\/sklep\/produkt\/audyt-dronowy-warsztaty-dla-firm\/#breadcrumb\"},\"inLanguage\":\"pl-PL\",\"potentialAction\":[{\"@type\":\"ReadAction\",\"target\":[\"https:\/\/ironsky.pl\/sklep\/produkt\/audyt-dronowy-warsztaty-dla-firm\/\"]}]},{\"@type\":\"ImageObject\",\"inLanguage\":\"pl-PL\",\"@id\":\"https:\/\/ironsky.pl\/sklep\/produkt\/audyt-dronowy-warsztaty-dla-firm\/#primaryimage\",\"url\":\"https:\/\/ironsky.pl\/sklep\/wp-content\/uploads\/2025\/12\/Audyt-dronowy.png\",\"contentUrl\":\"https:\/\/ironsky.pl\/sklep\/wp-content\/uploads\/2025\/12\/Audyt-dronowy.png\",\"width\":1880,\"height\":1576},{\"@type\":\"BreadcrumbList\",\"@id\":\"https:\/\/ironsky.pl\/sklep\/produkt\/audyt-dronowy-warsztaty-dla-firm\/#breadcrumb\",\"itemListElement\":[{\"@type\":\"ListItem\",\"position\":1,\"name\":\"Strona g\u0142\u00f3wna\",\"item\":\"https:\/\/ironsky.pl\/sklep\/\"},{\"@type\":\"ListItem\",\"position\":2,\"name\":\"Wszystkie produkty\",\"item\":\"https:\/\/ironsky.pl\/sklep\/sklep\/\"},{\"@type\":\"ListItem\",\"position\":3,\"name\":\"Doradztwo, Audyt &#038; Konsulting Dronowy dla Firm zgodny z Certyfikatem ISO 9001:2015\"}]},{\"@type\":\"WebSite\",\"@id\":\"https:\/\/ironsky.pl\/sklep\/#website\",\"url\":\"https:\/\/ironsky.pl\/sklep\/\",\"name\":\"IRONSKY.PL Sklep z Dronami\",\"description\":\"IRONSKY.PL Sklep z Dronami\",\"potentialAction\":[{\"@type\":\"SearchAction\",\"target\":{\"@type\":\"EntryPoint\",\"urlTemplate\":\"https:\/\/ironsky.pl\/sklep\/?s={search_term_string}\"},\"query-input\":{\"@type\":\"PropertyValueSpecification\",\"valueRequired\":true,\"valueName\":\"search_term_string\"}}],\"inLanguage\":\"pl-PL\"}]}<\/script>\n<!-- \/ Yoast SEO plugin. -->","yoast_head_json":{"title":"Doradztwo, Audyt & Konsulting Dronowy dla Firm zgodny z Certyfikatem ISO 9001:2015 - IRONSKY.PL Sklep z Dronami","description":"Doradztwo, Audyt & Konsulting Dronowy dla Firm zgodny z Certyfikatem ISO 9001:2015 - \u2705 sklep z dronami i fachowym doradztwem. \u2705 Tutaj kupisz produkty DJI, Yuneec, Parrot, Syma i wiele innych, a tak\u017ce kursy i licencje na operatora drona.","robots":{"index":"index","follow":"follow","max-snippet":"max-snippet:-1","max-image-preview":"max-image-preview:large","max-video-preview":"max-video-preview:-1"},"canonical":"https:\/\/ironsky.pl\/sklep\/produkt\/audyt-dronowy-warsztaty-dla-firm\/","og_locale":"pl_PL","og_type":"article","og_title":"Doradztwo, Audyt & Konsulting Dronowy dla Firm zgodny z Certyfikatem ISO 9001:2015 - IRONSKY.PL Sklep z Dronami","og_description":"Doradztwo, Audyt & Konsulting Dronowy dla Firm zgodny z Certyfikatem ISO 9001:2015 - \u2705 sklep z dronami i fachowym doradztwem. \u2705 Tutaj kupisz produkty DJI, Yuneec, Parrot, Syma i wiele innych, a tak\u017ce kursy i licencje na operatora drona.","og_url":"https:\/\/ironsky.pl\/sklep\/produkt\/audyt-dronowy-warsztaty-dla-firm\/","og_site_name":"IRONSKY.PL Sklep z Dronami","article_modified_time":"2025-12-29T15:08:14+00:00","og_image":[{"width":1880,"height":1576,"url":"https:\/\/ironsky.pl\/sklep\/wp-content\/uploads\/2025\/12\/Audyt-dronowy.png","type":"image\/png"}],"twitter_card":"summary_large_image","twitter_misc":{"Szacowany czas czytania":"8 minut"},"schema":{"@context":"https:\/\/schema.org","@graph":[{"@type":"WebPage","@id":"https:\/\/ironsky.pl\/sklep\/produkt\/audyt-dronowy-warsztaty-dla-firm\/","url":"https:\/\/ironsky.pl\/sklep\/produkt\/audyt-dronowy-warsztaty-dla-firm\/","name":"Doradztwo, Audyt & Konsulting Dronowy dla Firm zgodny z Certyfikatem ISO 9001:2015 - IRONSKY.PL Sklep z Dronami","isPartOf":{"@id":"https:\/\/ironsky.pl\/sklep\/#website"},"primaryImageOfPage":{"@id":"https:\/\/ironsky.pl\/sklep\/produkt\/audyt-dronowy-warsztaty-dla-firm\/#primaryimage"},"image":{"@id":"https:\/\/ironsky.pl\/sklep\/produkt\/audyt-dronowy-warsztaty-dla-firm\/#primaryimage"},"thumbnailUrl":"https:\/\/ironsky.pl\/sklep\/wp-content\/uploads\/2025\/12\/Audyt-dronowy.png","datePublished":"2025-12-23T10:44:23+00:00","dateModified":"2025-12-29T15:08:14+00:00","description":"Doradztwo, Audyt & Konsulting Dronowy dla Firm zgodny z Certyfikatem ISO 9001:2015 - \u2705 sklep z dronami i fachowym doradztwem. \u2705 Tutaj kupisz produkty DJI, Yuneec, Parrot, Syma i wiele innych, a tak\u017ce kursy i licencje na operatora drona.","breadcrumb":{"@id":"https:\/\/ironsky.pl\/sklep\/produkt\/audyt-dronowy-warsztaty-dla-firm\/#breadcrumb"},"inLanguage":"pl-PL","potentialAction":[{"@type":"ReadAction","target":["https:\/\/ironsky.pl\/sklep\/produkt\/audyt-dronowy-warsztaty-dla-firm\/"]}]},{"@type":"ImageObject","inLanguage":"pl-PL","@id":"https:\/\/ironsky.pl\/sklep\/produkt\/audyt-dronowy-warsztaty-dla-firm\/#primaryimage","url":"https:\/\/ironsky.pl\/sklep\/wp-content\/uploads\/2025\/12\/Audyt-dronowy.png","contentUrl":"https:\/\/ironsky.pl\/sklep\/wp-content\/uploads\/2025\/12\/Audyt-dronowy.png","width":1880,"height":1576},{"@type":"BreadcrumbList","@id":"https:\/\/ironsky.pl\/sklep\/produkt\/audyt-dronowy-warsztaty-dla-firm\/#breadcrumb","itemListElement":[{"@type":"ListItem","position":1,"name":"Strona g\u0142\u00f3wna","item":"https:\/\/ironsky.pl\/sklep\/"},{"@type":"ListItem","position":2,"name":"Wszystkie produkty","item":"https:\/\/ironsky.pl\/sklep\/sklep\/"},{"@type":"ListItem","position":3,"name":"Doradztwo, Audyt &#038; Konsulting Dronowy dla Firm zgodny z Certyfikatem ISO 9001:2015"}]},{"@type":"WebSite","@id":"https:\/\/ironsky.pl\/sklep\/#website","url":"https:\/\/ironsky.pl\/sklep\/","name":"IRONSKY.PL Sklep z Dronami","description":"IRONSKY.PL Sklep z Dronami","potentialAction":[{"@type":"SearchAction","target":{"@type":"EntryPoint","urlTemplate":"https:\/\/ironsky.pl\/sklep\/?s={search_term_string}"},"query-input":{"@type":"PropertyValueSpecification","valueRequired":true,"valueName":"search_term_string"}}],"inLanguage":"pl-PL"}]}},"_links":{"self":[{"href":"https:\/\/ironsky.pl\/sklep\/wp-json\/wp\/v2\/product\/50611","targetHints":{"allow":["GET"]}}],"collection":[{"href":"https:\/\/ironsky.pl\/sklep\/wp-json\/wp\/v2\/product"}],"about":[{"href":"https:\/\/ironsky.pl\/sklep\/wp-json\/wp\/v2\/types\/product"}],"replies":[{"embeddable":true,"href":"https:\/\/ironsky.pl\/sklep\/wp-json\/wp\/v2\/comments?post=50611"}],"wp:featuredmedia":[{"embeddable":true,"href":"https:\/\/ironsky.pl\/sklep\/wp-json\/wp\/v2\/media\/50615"}],"wp:attachment":[{"href":"https:\/\/ironsky.pl\/sklep\/wp-json\/wp\/v2\/media?parent=50611"}],"wp:term":[{"taxonomy":"product_brand","embeddable":true,"href":"https:\/\/ironsky.pl\/sklep\/wp-json\/wp\/v2\/product_brand?post=50611"},{"taxonomy":"product_cat","embeddable":true,"href":"https:\/\/ironsky.pl\/sklep\/wp-json\/wp\/v2\/product_cat?post=50611"},{"taxonomy":"product_tag","embeddable":true,"href":"https:\/\/ironsky.pl\/sklep\/wp-json\/wp\/v2\/product_tag?post=50611"}],"curies":[{"name":"wp","href":"https:\/\/api.w.org\/{rel}","templated":true}]}}