{"id":50590,"date":"2025-12-19T11:56:20","date_gmt":"2025-12-19T10:56:20","guid":{"rendered":"https:\/\/ironsky.pl\/drony-sklep\/?post_type=product&#038;p=50590"},"modified":"2025-12-19T11:59:02","modified_gmt":"2025-12-19T10:59:02","slug":"system-fts-kronos-m4d-dla-dji-matrice-4d-ze-spadochronem-dronavia-c5-sts-01","status":"publish","type":"product","link":"https:\/\/ironsky.pl\/sklep\/produkt\/system-fts-kronos-m4d-dla-dji-matrice-4d-ze-spadochronem-dronavia-c5-sts-01\/","title":{"rendered":"System FTS Kronos M4D dla DJI Matrice 4D ze spadochronem Dronavia (C5, STS-01)"},"content":{"rendered":"<p style=\"text-align: center\"><strong>System jest zgodny z MOC2512 oraz MOC2511.<\/strong><\/p>\n<h2 data-path-to-node=\"3\">Pe\u0142na automatyzacja<\/h2>\n<p data-path-to-node=\"4\">Spadochronowy system odzyskiwania (PRS) Kronos M4D jest kompatybilny z DJI Dock 3 u\u017cywanym w zautomatyzowanych misjach z udzia\u0142em drona DJI Matrice 4D. System PRS zosta\u0142 zaprojektowany w<\/p>\n<p data-path-to-node=\"4\">spos\u00f3b umo\u017cliwiaj\u0105cy pe\u0142n\u0105 autonomi\u0119 po instalacji. Zapewnia bezpo\u015bredni\u0105 \u0142\u0105czno\u015b\u0107 z dronem, po\u0142\u0105czenie SDK oraz automatyczn\u0105 aktywacj\u0119 dzi\u0119ki detekcji proces\u00f3w l\u0105dowania i startu.<\/p>\n<h3 data-path-to-node=\"5\">Kronos M4D: Spadochron, kt\u00f3ry my\u015bli szybciej od nas<\/h3>\n<p data-path-to-node=\"6\">Wyobra\u017amy sobie sytuacj\u0119 krytyczn\u0105: dron traci zasilanie nad terenem zabudowanym. W tradycyjnym scenariuszu to przepis na katastrof\u0119. Dzi\u0119ki systemowi Kronos M4D scenariusz si\u0119 zmienia.<\/p>\n<p data-path-to-node=\"7\">To urz\u0105dzenie to znacznie wi\u0119cej ni\u017c \u201eszmatka w pude\u0142ku\u201d. To inteligentny system, kt\u00f3ry:<\/p>\n<ul data-path-to-node=\"8\">\n<li>\n<p data-path-to-node=\"8,0,0\"><b data-path-to-node=\"8,0,0\" data-index-in-node=\"0\">Dzia\u0142a w mgnieniu oka:<\/b> Dzi\u0119ki opatentowanemu mechanizmowi na spr\u0119\u017cone CO2 (60 bar\u00f3w!), spadochron wystrzeliwuje w czasie kr\u00f3tszym ni\u017c <b data-path-to-node=\"8,0,0\" data-index-in-node=\"134\">0,27 sekundy<\/b>. To szybciej ni\u017c mrugni\u0119cie okiem.<\/p>\n<\/li>\n<li>\n<p data-path-to-node=\"8,1,0\"><b data-path-to-node=\"8,1,0\" data-index-in-node=\"0\">Jest bezobs\u0142ugowy:<\/b> Po monta\u017cu system \u201erozmawia\u201d z dronem przez interfejs SDK. Sam wie, kiedy startujesz, a kiedy l\u0105dujesz.<\/p>\n<\/li>\n<li>\n<p data-path-to-node=\"8,2,0\"><b data-path-to-node=\"8,2,0\" data-index-in-node=\"0\">Oferuje ekspresowy serwis:<\/b> Zapomnij o \u017cmudnym sk\u0142adaniu czaszy po u\u017cyciu. Dzi\u0119ki technologii <b data-path-to-node=\"8,2,0\" data-index-in-node=\"93\">POD<\/b>, po prostu wykr\u0119casz zu\u017cyty modu\u0142 i wkr\u0119casz nowy. Dron jest gotowy do pracy w kilka minut, a nie dni.<\/p>\n<\/li>\n<\/ul>\n<h3 data-path-to-node=\"9\">Co to oznacza w praktyce?<\/h3>\n<p data-path-to-node=\"10\">Zastosowanie Kronos M4D to nie tylko technologia, to \u201eprzepustka\u201d do trudnych misji. System drastycznie redukuje energi\u0119 uderzenia, co pozwala uzyska\u0107 certyfikacj\u0119 w klasach <b data-path-to-node=\"10\" data-index-in-node=\"174\">C5 i C6<\/b>. Dla firm oznacza to zielone \u015bwiat\u0142o dla operacji w europejskich scenariuszach standardowych (STS-01 i STS-02) \u2013 czyli tam, gdzie ryzyko jest najwi\u0119ksze, a zyski z automatyzacji najwy\u017csze.<\/p>\n<h3 data-path-to-node=\"14\">Technologia w s\u0142u\u017cbie precyzji<\/h3>\n<p data-path-to-node=\"15\">Drony Matrice 4D i 4TD, kt\u00f3re wsp\u00f3\u0142pracuj\u0105 z t\u0105 stacj\u0105, to podniebne laboratoria. Wyposa\u017cone w LiDAR, radar milimetrowy i pot\u0119\u017cne kamery 48 MP, widz\u0105 przeszkody cienkie jak kabel (12 mm) nawet przy du\u017cej pr\u0119dko\u015bci. Ale nawet najlepsza elektronika mo\u017ce zawie\u015b\u0107 \u2013 i tu pojawia si\u0119 Kronos. Dzia\u0142a on na niezale\u017cnych algorytmach, stanowi\u0105c \u201eostatni\u0105 lini\u0119 obrony\u201d.<\/p>\n<h3 data-path-to-node=\"16\">Podsumowanie: Bezpiecze\u0144stwo, kt\u00f3re si\u0119 op\u0142aca<\/h3>\n<p data-path-to-node=\"17\">Inwestycja w system taki jak Kronos M4D to nie tylko kwestia przepis\u00f3w. To ochrona drogiego sprz\u0119tu\u00a0 i, co wa\u017cniejsze, budowanie zaufania do technologii autonomicznych. Dzi\u0119ki zasilaniu z akumulator\u00f3w drona i zintegrowanej \u201eczarnej skrzynce\u201d, operator ma pe\u0142n\u0105 kontrol\u0119 i twarde dane dla ubezpieczyciela.<\/p>\n<p><iframe title=\"Make your flights &amp; safety more autonomous: Kronos M4D Sytems (for DJI Dock 3 &amp; Matrice 4D)\" width=\"500\" height=\"281\" src=\"https:\/\/www.youtube.com\/embed\/fYTaRJSVjM4?feature=oembed\" frameborder=\"0\" allow=\"accelerometer; autoplay; clipboard-write; encrypted-media; gyroscope; picture-in-picture; web-share\" referrerpolicy=\"strict-origin-when-cross-origin\" allowfullscreen><\/iframe><\/p>\n","protected":false},"excerpt":{"rendered":"<p>System jest zgodny z MOC2512 oraz MOC2511. Pe\u0142na automatyzacja Spadochronowy system odzyskiwania (PRS) Kronos M4D jest kompatybilny z DJI Dock<\/p>\n","protected":false},"featured_media":50591,"comment_status":"open","ping_status":"closed","template":"","meta":{"_acf_changed":false},"product_brand":[],"product_cat":[5930],"product_tag":[],"class_list":{"0":"post-50590","1":"product","2":"type-product","3":"status-publish","4":"has-post-thumbnail","6":"product_cat-adaptery-przejsciowki-konwertery","8":"first","9":"outofstock","10":"taxable","11":"shipping-taxable","12":"purchasable","13":"product-type-simple"},"acf":[],"yoast_head":"<!-- This site is optimized with the Yoast SEO plugin v27.2 - https:\/\/yoast.com\/product\/yoast-seo-wordpress\/ -->\n<title>System FTS Kronos M4D dla DJI Matrice 4D ze spadochronem Dronavia (C5, STS-01) - IRONSKY.PL Sklep z Dronami<\/title>\n<meta name=\"description\" content=\"Kronos M4D - Zabezpiecz DJI Matrice 4D w stacji Dock 3. System Kronos M4D z certyfikatem EASA MOC 2512 zapewnia maksymalne bezpiecze\u0144stwo\" \/>\n<meta name=\"robots\" content=\"index, follow, max-snippet:-1, max-image-preview:large, max-video-preview:-1\" \/>\n<link rel=\"canonical\" href=\"https:\/\/ironsky.pl\/sklep\/produkt\/system-fts-kronos-m4d-dla-dji-matrice-4d-ze-spadochronem-dronavia-c5-sts-01\/\" \/>\n<meta property=\"og:locale\" content=\"pl_PL\" \/>\n<meta property=\"og:type\" content=\"article\" \/>\n<meta property=\"og:title\" content=\"System FTS Kronos M4D dla DJI Matrice 4D ze spadochronem Dronavia (C5, STS-01) - IRONSKY.PL Sklep z Dronami\" \/>\n<meta property=\"og:description\" content=\"Kronos M4D - Zabezpiecz DJI Matrice 4D w stacji Dock 3. System Kronos M4D z certyfikatem EASA MOC 2512 zapewnia maksymalne bezpiecze\u0144stwo\" \/>\n<meta property=\"og:url\" content=\"https:\/\/ironsky.pl\/sklep\/produkt\/system-fts-kronos-m4d-dla-dji-matrice-4d-ze-spadochronem-dronavia-c5-sts-01\/\" \/>\n<meta property=\"og:site_name\" content=\"IRONSKY.PL Sklep z Dronami\" \/>\n<meta property=\"article:modified_time\" content=\"2025-12-19T10:59:02+00:00\" \/>\n<meta property=\"og:image\" content=\"https:\/\/ironsky.pl\/sklep\/wp-content\/uploads\/2025\/12\/Zrzut-ekranu-2025-12-19-112039.png\" \/>\n\t<meta property=\"og:image:width\" content=\"428\" \/>\n\t<meta property=\"og:image:height\" content=\"430\" \/>\n\t<meta property=\"og:image:type\" content=\"image\/png\" \/>\n<meta name=\"twitter:card\" content=\"summary_large_image\" \/>\n<meta name=\"twitter:label1\" content=\"Szacowany czas czytania\" \/>\n\t<meta name=\"twitter:data1\" content=\"3 minuty\" \/>\n<script type=\"application\/ld+json\" class=\"yoast-schema-graph\">{\"@context\":\"https:\/\/schema.org\",\"@graph\":[{\"@type\":\"WebPage\",\"@id\":\"https:\/\/ironsky.pl\/sklep\/produkt\/system-fts-kronos-m4d-dla-dji-matrice-4d-ze-spadochronem-dronavia-c5-sts-01\/\",\"url\":\"https:\/\/ironsky.pl\/sklep\/produkt\/system-fts-kronos-m4d-dla-dji-matrice-4d-ze-spadochronem-dronavia-c5-sts-01\/\",\"name\":\"System FTS Kronos M4D dla DJI Matrice 4D ze spadochronem Dronavia (C5, STS-01) - IRONSKY.PL Sklep z Dronami\",\"isPartOf\":{\"@id\":\"https:\/\/ironsky.pl\/sklep\/#website\"},\"primaryImageOfPage\":{\"@id\":\"https:\/\/ironsky.pl\/sklep\/produkt\/system-fts-kronos-m4d-dla-dji-matrice-4d-ze-spadochronem-dronavia-c5-sts-01\/#primaryimage\"},\"image\":{\"@id\":\"https:\/\/ironsky.pl\/sklep\/produkt\/system-fts-kronos-m4d-dla-dji-matrice-4d-ze-spadochronem-dronavia-c5-sts-01\/#primaryimage\"},\"thumbnailUrl\":\"https:\/\/ironsky.pl\/sklep\/wp-content\/uploads\/2025\/12\/Zrzut-ekranu-2025-12-19-112039.png\",\"datePublished\":\"2025-12-19T10:56:20+00:00\",\"dateModified\":\"2025-12-19T10:59:02+00:00\",\"description\":\"Kronos M4D - Zabezpiecz DJI Matrice 4D w stacji Dock 3. System Kronos M4D z certyfikatem EASA MOC 2512 zapewnia maksymalne bezpiecze\u0144stwo\",\"breadcrumb\":{\"@id\":\"https:\/\/ironsky.pl\/sklep\/produkt\/system-fts-kronos-m4d-dla-dji-matrice-4d-ze-spadochronem-dronavia-c5-sts-01\/#breadcrumb\"},\"inLanguage\":\"pl-PL\",\"potentialAction\":[{\"@type\":\"ReadAction\",\"target\":[\"https:\/\/ironsky.pl\/sklep\/produkt\/system-fts-kronos-m4d-dla-dji-matrice-4d-ze-spadochronem-dronavia-c5-sts-01\/\"]}]},{\"@type\":\"ImageObject\",\"inLanguage\":\"pl-PL\",\"@id\":\"https:\/\/ironsky.pl\/sklep\/produkt\/system-fts-kronos-m4d-dla-dji-matrice-4d-ze-spadochronem-dronavia-c5-sts-01\/#primaryimage\",\"url\":\"https:\/\/ironsky.pl\/sklep\/wp-content\/uploads\/2025\/12\/Zrzut-ekranu-2025-12-19-112039.png\",\"contentUrl\":\"https:\/\/ironsky.pl\/sklep\/wp-content\/uploads\/2025\/12\/Zrzut-ekranu-2025-12-19-112039.png\",\"width\":428,\"height\":430},{\"@type\":\"BreadcrumbList\",\"@id\":\"https:\/\/ironsky.pl\/sklep\/produkt\/system-fts-kronos-m4d-dla-dji-matrice-4d-ze-spadochronem-dronavia-c5-sts-01\/#breadcrumb\",\"itemListElement\":[{\"@type\":\"ListItem\",\"position\":1,\"name\":\"Strona g\u0142\u00f3wna\",\"item\":\"https:\/\/ironsky.pl\/sklep\/\"},{\"@type\":\"ListItem\",\"position\":2,\"name\":\"Wszystkie produkty\",\"item\":\"https:\/\/ironsky.pl\/sklep\/produkty\/\"},{\"@type\":\"ListItem\",\"position\":3,\"name\":\"System FTS Kronos M4D dla DJI Matrice 4D ze spadochronem Dronavia (C5, STS-01)\"}]},{\"@type\":\"WebSite\",\"@id\":\"https:\/\/ironsky.pl\/sklep\/#website\",\"url\":\"https:\/\/ironsky.pl\/sklep\/\",\"name\":\"IRONSKY.PL Sklep z Dronami\",\"description\":\"IRONSKY.PL Sklep z Dronami\",\"potentialAction\":[{\"@type\":\"SearchAction\",\"target\":{\"@type\":\"EntryPoint\",\"urlTemplate\":\"https:\/\/ironsky.pl\/sklep\/?s={search_term_string}\"},\"query-input\":{\"@type\":\"PropertyValueSpecification\",\"valueRequired\":true,\"valueName\":\"search_term_string\"}}],\"inLanguage\":\"pl-PL\"}]}<\/script>\n<!-- \/ Yoast SEO plugin. -->","yoast_head_json":{"title":"System FTS Kronos M4D dla DJI Matrice 4D ze spadochronem Dronavia (C5, STS-01) - IRONSKY.PL Sklep z Dronami","description":"Kronos M4D - Zabezpiecz DJI Matrice 4D w stacji Dock 3. System Kronos M4D z certyfikatem EASA MOC 2512 zapewnia maksymalne bezpiecze\u0144stwo","robots":{"index":"index","follow":"follow","max-snippet":"max-snippet:-1","max-image-preview":"max-image-preview:large","max-video-preview":"max-video-preview:-1"},"canonical":"https:\/\/ironsky.pl\/sklep\/produkt\/system-fts-kronos-m4d-dla-dji-matrice-4d-ze-spadochronem-dronavia-c5-sts-01\/","og_locale":"pl_PL","og_type":"article","og_title":"System FTS Kronos M4D dla DJI Matrice 4D ze spadochronem Dronavia (C5, STS-01) - IRONSKY.PL Sklep z Dronami","og_description":"Kronos M4D - Zabezpiecz DJI Matrice 4D w stacji Dock 3. System Kronos M4D z certyfikatem EASA MOC 2512 zapewnia maksymalne bezpiecze\u0144stwo","og_url":"https:\/\/ironsky.pl\/sklep\/produkt\/system-fts-kronos-m4d-dla-dji-matrice-4d-ze-spadochronem-dronavia-c5-sts-01\/","og_site_name":"IRONSKY.PL Sklep z Dronami","article_modified_time":"2025-12-19T10:59:02+00:00","og_image":[{"width":428,"height":430,"url":"https:\/\/ironsky.pl\/sklep\/wp-content\/uploads\/2025\/12\/Zrzut-ekranu-2025-12-19-112039.png","type":"image\/png"}],"twitter_card":"summary_large_image","twitter_misc":{"Szacowany czas czytania":"3 minuty"},"schema":{"@context":"https:\/\/schema.org","@graph":[{"@type":"WebPage","@id":"https:\/\/ironsky.pl\/sklep\/produkt\/system-fts-kronos-m4d-dla-dji-matrice-4d-ze-spadochronem-dronavia-c5-sts-01\/","url":"https:\/\/ironsky.pl\/sklep\/produkt\/system-fts-kronos-m4d-dla-dji-matrice-4d-ze-spadochronem-dronavia-c5-sts-01\/","name":"System FTS Kronos M4D dla DJI Matrice 4D ze spadochronem Dronavia (C5, STS-01) - IRONSKY.PL Sklep z Dronami","isPartOf":{"@id":"https:\/\/ironsky.pl\/sklep\/#website"},"primaryImageOfPage":{"@id":"https:\/\/ironsky.pl\/sklep\/produkt\/system-fts-kronos-m4d-dla-dji-matrice-4d-ze-spadochronem-dronavia-c5-sts-01\/#primaryimage"},"image":{"@id":"https:\/\/ironsky.pl\/sklep\/produkt\/system-fts-kronos-m4d-dla-dji-matrice-4d-ze-spadochronem-dronavia-c5-sts-01\/#primaryimage"},"thumbnailUrl":"https:\/\/ironsky.pl\/sklep\/wp-content\/uploads\/2025\/12\/Zrzut-ekranu-2025-12-19-112039.png","datePublished":"2025-12-19T10:56:20+00:00","dateModified":"2025-12-19T10:59:02+00:00","description":"Kronos M4D - Zabezpiecz DJI Matrice 4D w stacji Dock 3. System Kronos M4D z certyfikatem EASA MOC 2512 zapewnia maksymalne bezpiecze\u0144stwo","breadcrumb":{"@id":"https:\/\/ironsky.pl\/sklep\/produkt\/system-fts-kronos-m4d-dla-dji-matrice-4d-ze-spadochronem-dronavia-c5-sts-01\/#breadcrumb"},"inLanguage":"pl-PL","potentialAction":[{"@type":"ReadAction","target":["https:\/\/ironsky.pl\/sklep\/produkt\/system-fts-kronos-m4d-dla-dji-matrice-4d-ze-spadochronem-dronavia-c5-sts-01\/"]}]},{"@type":"ImageObject","inLanguage":"pl-PL","@id":"https:\/\/ironsky.pl\/sklep\/produkt\/system-fts-kronos-m4d-dla-dji-matrice-4d-ze-spadochronem-dronavia-c5-sts-01\/#primaryimage","url":"https:\/\/ironsky.pl\/sklep\/wp-content\/uploads\/2025\/12\/Zrzut-ekranu-2025-12-19-112039.png","contentUrl":"https:\/\/ironsky.pl\/sklep\/wp-content\/uploads\/2025\/12\/Zrzut-ekranu-2025-12-19-112039.png","width":428,"height":430},{"@type":"BreadcrumbList","@id":"https:\/\/ironsky.pl\/sklep\/produkt\/system-fts-kronos-m4d-dla-dji-matrice-4d-ze-spadochronem-dronavia-c5-sts-01\/#breadcrumb","itemListElement":[{"@type":"ListItem","position":1,"name":"Strona g\u0142\u00f3wna","item":"https:\/\/ironsky.pl\/sklep\/"},{"@type":"ListItem","position":2,"name":"Wszystkie produkty","item":"https:\/\/ironsky.pl\/sklep\/produkty\/"},{"@type":"ListItem","position":3,"name":"System FTS Kronos M4D dla DJI Matrice 4D ze spadochronem Dronavia (C5, STS-01)"}]},{"@type":"WebSite","@id":"https:\/\/ironsky.pl\/sklep\/#website","url":"https:\/\/ironsky.pl\/sklep\/","name":"IRONSKY.PL Sklep z Dronami","description":"IRONSKY.PL Sklep z Dronami","potentialAction":[{"@type":"SearchAction","target":{"@type":"EntryPoint","urlTemplate":"https:\/\/ironsky.pl\/sklep\/?s={search_term_string}"},"query-input":{"@type":"PropertyValueSpecification","valueRequired":true,"valueName":"search_term_string"}}],"inLanguage":"pl-PL"}]}},"_links":{"self":[{"href":"https:\/\/ironsky.pl\/sklep\/wp-json\/wp\/v2\/product\/50590","targetHints":{"allow":["GET"]}}],"collection":[{"href":"https:\/\/ironsky.pl\/sklep\/wp-json\/wp\/v2\/product"}],"about":[{"href":"https:\/\/ironsky.pl\/sklep\/wp-json\/wp\/v2\/types\/product"}],"replies":[{"embeddable":true,"href":"https:\/\/ironsky.pl\/sklep\/wp-json\/wp\/v2\/comments?post=50590"}],"wp:featuredmedia":[{"embeddable":true,"href":"https:\/\/ironsky.pl\/sklep\/wp-json\/wp\/v2\/media\/50591"}],"wp:attachment":[{"href":"https:\/\/ironsky.pl\/sklep\/wp-json\/wp\/v2\/media?parent=50590"}],"wp:term":[{"taxonomy":"product_brand","embeddable":true,"href":"https:\/\/ironsky.pl\/sklep\/wp-json\/wp\/v2\/product_brand?post=50590"},{"taxonomy":"product_cat","embeddable":true,"href":"https:\/\/ironsky.pl\/sklep\/wp-json\/wp\/v2\/product_cat?post=50590"},{"taxonomy":"product_tag","embeddable":true,"href":"https:\/\/ironsky.pl\/sklep\/wp-json\/wp\/v2\/product_tag?post=50590"}],"curies":[{"name":"wp","href":"https:\/\/api.w.org\/{rel}","templated":true}]}}