{"id":50533,"date":"2025-11-29T12:54:19","date_gmt":"2025-11-29T11:54:19","guid":{"rendered":"https:\/\/ironsky.pl\/drony-sklep\/?post_type=product&#038;p=50533"},"modified":"2026-03-05T15:43:17","modified_gmt":"2026-03-05T14:43:17","slug":"system-fts-do-dji-matrice-30-flyingeye","status":"publish","type":"product","link":"https:\/\/ironsky.pl\/sklep\/produkt\/system-fts-do-dji-matrice-30-flyingeye\/","title":{"rendered":"System FTS do DJI Matrice 30 FlyingEye (KLASA C5)"},"content":{"rendered":"<h2>System Spadochronowy i FTS Flying Eye: Konwersja DJI Matrice 30 do Klasy C5<\/h2>\n<p>&nbsp;<\/p>\n<p data-path-to-node=\"3\">Podw\u00f3jny system spadochronowy i automatyczny wy\u0142\u0105cznik zapewni\u0105 Twojemu dronowi z serii <b>Matrice 30 konwersj\u0119 do klasy C5<\/b>. Produkt sk\u0142ada si\u0119 z <b>niezale\u017cnego systemu odcinaj\u0105cego zasilanie (FTS)<\/b>, <b>dw\u00f3ch spadochron\u00f3w pirotechnicznych<\/b> oraz urz\u0105dzenia zdalnego sterowania z kolorowym ekranem LCD. System FTS produkowany jest przez <b>Flying Eye<\/b>, pioniera rynku spadochronowych system\u00f3w odzyskiwania oraz urz\u0105dze\u0144 do bezpiecznego przerywania lotu.<\/p>\n<h3>Kluczowe Cechy FTS od Flying Eye<\/h3>\n<p>&nbsp;<\/p>\n<ul data-path-to-node=\"5\">\n<li>\n<p data-path-to-node=\"5,0,0\"><b>Ma\u0142e wymiary i nieznaczna waga:<\/b> FTS ma niewielkie wymiary i nie przeci\u0105\u017ca drona. Nadal mo\u017cesz wykorzysta\u0107 porty na akcesoria oraz port OSDK w Matrice 30, aby podpi\u0105\u0107 np. czujnik gazu czy o\u015bwietlenie LED. Tak\u017ce porty USB, HDMI i micro-SD w kontrolerze RC Plus pozostaj\u0105 dost\u0119pne.<\/p>\n<\/li>\n<li>\n<p data-path-to-node=\"5,1,0\"><b>\u0141atwe zarz\u0105dzanie energi\u0105:<\/b> System <b>nie wymaga dodatkowego \u017ar\u00f3d\u0142a zasilania<\/b>. Energia pobierana jest bezpo\u015brednio z akumulator\u00f3w drona (TB30 dla serii Matrice 30). Dodatkowym atutem jest funkcja <b>back-up<\/b>, zapewniaj\u0105ca zasilanie przez dodatkow\u0105 minut\u0119 nawet w przypadku awarii g\u0142\u00f3wnego akumulatora.<\/p>\n<\/li>\n<li>\n<p data-path-to-node=\"5,2,0\"><b>B\u0142yskawiczny start:<\/b> Produkt jest gotowy do lotu w kilka sekund po wyj\u0119ciu z walizki. Pierwsza instalacja zajmuje zaledwie kilka minut i <b>nie narusza warunk\u00f3w gwarancji od DJI<\/b>.<\/p>\n<\/li>\n<\/ul>\n","protected":false},"excerpt":{"rendered":"<p>System Spadochronowy i FTS Flying Eye: Konwersja DJI Matrice 30 do Klasy C5 &nbsp; Podw\u00f3jny system spadochronowy i automatyczny wy\u0142\u0105cznik<\/p>\n","protected":false},"featured_media":50534,"comment_status":"open","ping_status":"closed","template":"","meta":{"_acf_changed":false},"product_brand":[],"product_cat":[1093],"product_tag":[],"class_list":{"0":"post-50533","1":"product","2":"type-product","3":"status-publish","4":"has-post-thumbnail","6":"product_cat-urzadzenia-i-akcesoria","8":"first","9":"outofstock","10":"taxable","11":"shipping-taxable","12":"purchasable","13":"product-type-simple"},"acf":[],"yoast_head":"<!-- This site is optimized with the Yoast SEO plugin v27.2 - https:\/\/yoast.com\/product\/yoast-seo-wordpress\/ -->\n<title>System FTS do DJI Matrice 30 FlyingEye (KLASA C5) - IRONSKY.PL Sklep z Dronami<\/title>\n<meta name=\"description\" content=\"System FTS do DJI Matrice 30 FlyingEye (KLASA C5) Konwertuj DJI Matrice 30 do klasy C5! Podw\u00f3jny system spadochronowy i FTS Flying Eye zapewniaj\u0105 bezpiecze\u0144stwo, \u0142atw\u0105 instalacj\u0119 i nie blokuj\u0105 port\u00f3w OSDK.\" \/>\n<meta name=\"robots\" content=\"index, follow, max-snippet:-1, max-image-preview:large, max-video-preview:-1\" \/>\n<link rel=\"canonical\" href=\"https:\/\/ironsky.pl\/sklep\/produkt\/system-fts-do-dji-matrice-30-flyingeye\/\" \/>\n<meta property=\"og:locale\" content=\"pl_PL\" \/>\n<meta property=\"og:type\" content=\"article\" \/>\n<meta property=\"og:title\" content=\"System FTS do DJI Matrice 30 FlyingEye (KLASA C5) - IRONSKY.PL Sklep z Dronami\" \/>\n<meta property=\"og:description\" content=\"System FTS do DJI Matrice 30 FlyingEye (KLASA C5) Konwertuj DJI Matrice 30 do klasy C5! Podw\u00f3jny system spadochronowy i FTS Flying Eye zapewniaj\u0105 bezpiecze\u0144stwo, \u0142atw\u0105 instalacj\u0119 i nie blokuj\u0105 port\u00f3w OSDK.\" \/>\n<meta property=\"og:url\" content=\"https:\/\/ironsky.pl\/sklep\/produkt\/system-fts-do-dji-matrice-30-flyingeye\/\" \/>\n<meta property=\"og:site_name\" content=\"IRONSKY.PL Sklep z Dronami\" \/>\n<meta property=\"article:modified_time\" content=\"2026-03-05T14:43:17+00:00\" \/>\n<meta property=\"og:image\" content=\"https:\/\/ironsky.pl\/sklep\/wp-content\/uploads\/2025\/11\/1-ca5571e3.jpg\" \/>\n\t<meta property=\"og:image:width\" content=\"300\" \/>\n\t<meta property=\"og:image:height\" content=\"300\" \/>\n\t<meta property=\"og:image:type\" content=\"image\/jpeg\" \/>\n<meta name=\"twitter:card\" content=\"summary_large_image\" \/>\n<meta name=\"twitter:label1\" content=\"Szacowany czas czytania\" \/>\n\t<meta name=\"twitter:data1\" content=\"2 minuty\" \/>\n<script type=\"application\/ld+json\" class=\"yoast-schema-graph\">{\"@context\":\"https:\/\/schema.org\",\"@graph\":[{\"@type\":\"WebPage\",\"@id\":\"https:\/\/ironsky.pl\/sklep\/produkt\/system-fts-do-dji-matrice-30-flyingeye\/\",\"url\":\"https:\/\/ironsky.pl\/sklep\/produkt\/system-fts-do-dji-matrice-30-flyingeye\/\",\"name\":\"System FTS do DJI Matrice 30 FlyingEye (KLASA C5) - IRONSKY.PL Sklep z Dronami\",\"isPartOf\":{\"@id\":\"https:\/\/ironsky.pl\/sklep\/#website\"},\"primaryImageOfPage\":{\"@id\":\"https:\/\/ironsky.pl\/sklep\/produkt\/system-fts-do-dji-matrice-30-flyingeye\/#primaryimage\"},\"image\":{\"@id\":\"https:\/\/ironsky.pl\/sklep\/produkt\/system-fts-do-dji-matrice-30-flyingeye\/#primaryimage\"},\"thumbnailUrl\":\"https:\/\/ironsky.pl\/sklep\/wp-content\/uploads\/2025\/11\/1-ca5571e3.jpg\",\"datePublished\":\"2025-11-29T11:54:19+00:00\",\"dateModified\":\"2026-03-05T14:43:17+00:00\",\"description\":\"System FTS do DJI Matrice 30 FlyingEye (KLASA C5) Konwertuj DJI Matrice 30 do klasy C5! Podw\u00f3jny system spadochronowy i FTS Flying Eye zapewniaj\u0105 bezpiecze\u0144stwo, \u0142atw\u0105 instalacj\u0119 i nie blokuj\u0105 port\u00f3w OSDK.\",\"breadcrumb\":{\"@id\":\"https:\/\/ironsky.pl\/sklep\/produkt\/system-fts-do-dji-matrice-30-flyingeye\/#breadcrumb\"},\"inLanguage\":\"pl-PL\",\"potentialAction\":[{\"@type\":\"ReadAction\",\"target\":[\"https:\/\/ironsky.pl\/sklep\/produkt\/system-fts-do-dji-matrice-30-flyingeye\/\"]}]},{\"@type\":\"ImageObject\",\"inLanguage\":\"pl-PL\",\"@id\":\"https:\/\/ironsky.pl\/sklep\/produkt\/system-fts-do-dji-matrice-30-flyingeye\/#primaryimage\",\"url\":\"https:\/\/ironsky.pl\/sklep\/wp-content\/uploads\/2025\/11\/1-ca5571e3.jpg\",\"contentUrl\":\"https:\/\/ironsky.pl\/sklep\/wp-content\/uploads\/2025\/11\/1-ca5571e3.jpg\",\"width\":300,\"height\":300},{\"@type\":\"BreadcrumbList\",\"@id\":\"https:\/\/ironsky.pl\/sklep\/produkt\/system-fts-do-dji-matrice-30-flyingeye\/#breadcrumb\",\"itemListElement\":[{\"@type\":\"ListItem\",\"position\":1,\"name\":\"Strona g\u0142\u00f3wna\",\"item\":\"https:\/\/ironsky.pl\/sklep\/\"},{\"@type\":\"ListItem\",\"position\":2,\"name\":\"Wszystkie produkty\",\"item\":\"https:\/\/ironsky.pl\/sklep\/produkty\/\"},{\"@type\":\"ListItem\",\"position\":3,\"name\":\"System FTS do DJI Matrice 30 FlyingEye (KLASA C5)\"}]},{\"@type\":\"WebSite\",\"@id\":\"https:\/\/ironsky.pl\/sklep\/#website\",\"url\":\"https:\/\/ironsky.pl\/sklep\/\",\"name\":\"IRONSKY.PL Sklep z Dronami\",\"description\":\"IRONSKY.PL Sklep z Dronami\",\"potentialAction\":[{\"@type\":\"SearchAction\",\"target\":{\"@type\":\"EntryPoint\",\"urlTemplate\":\"https:\/\/ironsky.pl\/sklep\/?s={search_term_string}\"},\"query-input\":{\"@type\":\"PropertyValueSpecification\",\"valueRequired\":true,\"valueName\":\"search_term_string\"}}],\"inLanguage\":\"pl-PL\"}]}<\/script>\n<!-- \/ Yoast SEO plugin. -->","yoast_head_json":{"title":"System FTS do DJI Matrice 30 FlyingEye (KLASA C5) - IRONSKY.PL Sklep z Dronami","description":"System FTS do DJI Matrice 30 FlyingEye (KLASA C5) Konwertuj DJI Matrice 30 do klasy C5! Podw\u00f3jny system spadochronowy i FTS Flying Eye zapewniaj\u0105 bezpiecze\u0144stwo, \u0142atw\u0105 instalacj\u0119 i nie blokuj\u0105 port\u00f3w OSDK.","robots":{"index":"index","follow":"follow","max-snippet":"max-snippet:-1","max-image-preview":"max-image-preview:large","max-video-preview":"max-video-preview:-1"},"canonical":"https:\/\/ironsky.pl\/sklep\/produkt\/system-fts-do-dji-matrice-30-flyingeye\/","og_locale":"pl_PL","og_type":"article","og_title":"System FTS do DJI Matrice 30 FlyingEye (KLASA C5) - IRONSKY.PL Sklep z Dronami","og_description":"System FTS do DJI Matrice 30 FlyingEye (KLASA C5) Konwertuj DJI Matrice 30 do klasy C5! Podw\u00f3jny system spadochronowy i FTS Flying Eye zapewniaj\u0105 bezpiecze\u0144stwo, \u0142atw\u0105 instalacj\u0119 i nie blokuj\u0105 port\u00f3w OSDK.","og_url":"https:\/\/ironsky.pl\/sklep\/produkt\/system-fts-do-dji-matrice-30-flyingeye\/","og_site_name":"IRONSKY.PL Sklep z Dronami","article_modified_time":"2026-03-05T14:43:17+00:00","og_image":[{"width":300,"height":300,"url":"https:\/\/ironsky.pl\/sklep\/wp-content\/uploads\/2025\/11\/1-ca5571e3.jpg","type":"image\/jpeg"}],"twitter_card":"summary_large_image","twitter_misc":{"Szacowany czas czytania":"2 minuty"},"schema":{"@context":"https:\/\/schema.org","@graph":[{"@type":"WebPage","@id":"https:\/\/ironsky.pl\/sklep\/produkt\/system-fts-do-dji-matrice-30-flyingeye\/","url":"https:\/\/ironsky.pl\/sklep\/produkt\/system-fts-do-dji-matrice-30-flyingeye\/","name":"System FTS do DJI Matrice 30 FlyingEye (KLASA C5) - IRONSKY.PL Sklep z Dronami","isPartOf":{"@id":"https:\/\/ironsky.pl\/sklep\/#website"},"primaryImageOfPage":{"@id":"https:\/\/ironsky.pl\/sklep\/produkt\/system-fts-do-dji-matrice-30-flyingeye\/#primaryimage"},"image":{"@id":"https:\/\/ironsky.pl\/sklep\/produkt\/system-fts-do-dji-matrice-30-flyingeye\/#primaryimage"},"thumbnailUrl":"https:\/\/ironsky.pl\/sklep\/wp-content\/uploads\/2025\/11\/1-ca5571e3.jpg","datePublished":"2025-11-29T11:54:19+00:00","dateModified":"2026-03-05T14:43:17+00:00","description":"System FTS do DJI Matrice 30 FlyingEye (KLASA C5) Konwertuj DJI Matrice 30 do klasy C5! Podw\u00f3jny system spadochronowy i FTS Flying Eye zapewniaj\u0105 bezpiecze\u0144stwo, \u0142atw\u0105 instalacj\u0119 i nie blokuj\u0105 port\u00f3w OSDK.","breadcrumb":{"@id":"https:\/\/ironsky.pl\/sklep\/produkt\/system-fts-do-dji-matrice-30-flyingeye\/#breadcrumb"},"inLanguage":"pl-PL","potentialAction":[{"@type":"ReadAction","target":["https:\/\/ironsky.pl\/sklep\/produkt\/system-fts-do-dji-matrice-30-flyingeye\/"]}]},{"@type":"ImageObject","inLanguage":"pl-PL","@id":"https:\/\/ironsky.pl\/sklep\/produkt\/system-fts-do-dji-matrice-30-flyingeye\/#primaryimage","url":"https:\/\/ironsky.pl\/sklep\/wp-content\/uploads\/2025\/11\/1-ca5571e3.jpg","contentUrl":"https:\/\/ironsky.pl\/sklep\/wp-content\/uploads\/2025\/11\/1-ca5571e3.jpg","width":300,"height":300},{"@type":"BreadcrumbList","@id":"https:\/\/ironsky.pl\/sklep\/produkt\/system-fts-do-dji-matrice-30-flyingeye\/#breadcrumb","itemListElement":[{"@type":"ListItem","position":1,"name":"Strona g\u0142\u00f3wna","item":"https:\/\/ironsky.pl\/sklep\/"},{"@type":"ListItem","position":2,"name":"Wszystkie produkty","item":"https:\/\/ironsky.pl\/sklep\/produkty\/"},{"@type":"ListItem","position":3,"name":"System FTS do DJI Matrice 30 FlyingEye (KLASA C5)"}]},{"@type":"WebSite","@id":"https:\/\/ironsky.pl\/sklep\/#website","url":"https:\/\/ironsky.pl\/sklep\/","name":"IRONSKY.PL Sklep z Dronami","description":"IRONSKY.PL Sklep z Dronami","potentialAction":[{"@type":"SearchAction","target":{"@type":"EntryPoint","urlTemplate":"https:\/\/ironsky.pl\/sklep\/?s={search_term_string}"},"query-input":{"@type":"PropertyValueSpecification","valueRequired":true,"valueName":"search_term_string"}}],"inLanguage":"pl-PL"}]}},"_links":{"self":[{"href":"https:\/\/ironsky.pl\/sklep\/wp-json\/wp\/v2\/product\/50533","targetHints":{"allow":["GET"]}}],"collection":[{"href":"https:\/\/ironsky.pl\/sklep\/wp-json\/wp\/v2\/product"}],"about":[{"href":"https:\/\/ironsky.pl\/sklep\/wp-json\/wp\/v2\/types\/product"}],"replies":[{"embeddable":true,"href":"https:\/\/ironsky.pl\/sklep\/wp-json\/wp\/v2\/comments?post=50533"}],"wp:featuredmedia":[{"embeddable":true,"href":"https:\/\/ironsky.pl\/sklep\/wp-json\/wp\/v2\/media\/50534"}],"wp:attachment":[{"href":"https:\/\/ironsky.pl\/sklep\/wp-json\/wp\/v2\/media?parent=50533"}],"wp:term":[{"taxonomy":"product_brand","embeddable":true,"href":"https:\/\/ironsky.pl\/sklep\/wp-json\/wp\/v2\/product_brand?post=50533"},{"taxonomy":"product_cat","embeddable":true,"href":"https:\/\/ironsky.pl\/sklep\/wp-json\/wp\/v2\/product_cat?post=50533"},{"taxonomy":"product_tag","embeddable":true,"href":"https:\/\/ironsky.pl\/sklep\/wp-json\/wp\/v2\/product_tag?post=50533"}],"curies":[{"name":"wp","href":"https:\/\/api.w.org\/{rel}","templated":true}]}}