{"id":50527,"date":"2025-11-29T12:30:53","date_gmt":"2025-11-29T11:30:53","guid":{"rendered":"https:\/\/ironsky.pl\/drony-sklep\/?post_type=product&#038;p=50527"},"modified":"2026-03-05T15:43:16","modified_gmt":"2026-03-05T14:43:16","slug":"system-fts-kronos-fc-dla-dji-flycart-30-dronavia","status":"publish","type":"product","link":"https:\/\/ironsky.pl\/sklep\/produkt\/system-fts-kronos-fc-dla-dji-flycart-30-dronavia\/","title":{"rendered":"System FTS Kronos FC dla DJI FlyCart 30 Dronavia"},"content":{"rendered":"<h2>System FTS Kronos: Integracja Plug&amp;Play i Zgodno\u015b\u0107 z EASA dla DJI FlyCart 30<\/h2>\n<p data-path-to-node=\"2\">\n<p data-path-to-node=\"3\">System jest zgodny z normami EASA <b>MOC2512<\/b> oraz <b>MOC2511<\/b>. Nowy <b>FTS Kronos<\/b> to system <b>plug&amp;play<\/b> zaprojektowany by umo\u017cliwi\u0107 pilotom pe\u0142ne skupienie na wykonywanych zadaniach. System mo\u017ce zosta\u0107 <b>zintegrowany z dronem w mniej ni\u017c 5 minut<\/b>. Zgodno\u015b\u0107 z <b>MOC2511<\/b> zapewnia najwy\u017csze \u015brodki bezpiecze\u0144stwa oraz skuteczne zarz\u0105dzanie ryzykiem podczas misji dronowych.<\/p>\n<p data-path-to-node=\"4\">\n<h3>Kluczowe Cechy Systemu FTS Kronos<\/h3>\n<p>&nbsp;<\/p>\n<ul data-path-to-node=\"5\">\n<li>\n<p data-path-to-node=\"5,0,0\">Nielimitowana autonomia<\/p>\n<\/li>\n<li>\n<p data-path-to-node=\"5,1,0\">Waga ograniczona do minimum<\/p>\n<\/li>\n<li>\n<p data-path-to-node=\"5,2,0\">Dost\u0119pny system r\u0119cznego wyzwalania<\/p>\n<\/li>\n<li>\n<p data-path-to-node=\"5,3,0\">Testy produktu przeprowadzane zgodnie z wymogami EASA<\/p>\n<\/li>\n<\/ul>\n<p data-path-to-node=\"6\">\n<h3>Modu\u0142 Plug&amp;Play i Szybka Instalacja<\/h3>\n<p>&nbsp;<\/p>\n<p data-path-to-node=\"7\">Systemy FTS Dronavia zosta\u0142y zaprojektowane tak, aby maksymalnie u\u0142atwi\u0107 proces integracji. Czas instalacji FTS wynosi ok. <b>5 do 10 minut<\/b> przy pierwszej instalacji i zaledwie kilka sekund przy kolejnych. Design <b>plug&amp;play<\/b> to szybka gotowo\u015b\u0107 systemu do startu.<\/p>\n<p data-path-to-node=\"8\">\n<h3>Zgodno\u015b\u0107 z EASA MOC2511<\/h3>\n<p>&nbsp;<\/p>\n<p data-path-to-node=\"9\">Dronavia jest pierwszym producentem system\u00f3w zgodnych z dokumentem <b>MoC Light-UAS.25<\/b> opublikowanym przez EASA. To kluczowy zbi\u00f3r wytycznych dla rozwoju SORA, czyli metodologii analizy ryzyka operacji dronowych. Korzystaj\u0105c z system\u00f3w FTS otrzymujesz najlepsze \u015brodki bezpiecze\u0144stwa i zarz\u0105dzania ryzykiem, kt\u00f3re s\u0105 zgodne z unijnymi standardami.<\/p>\n<p data-path-to-node=\"10\">\n<h3>Du\u017cy Zasi\u0119g i Bezpieczna Transmisja (Klick)<\/h3>\n<p>&nbsp;<\/p>\n<p data-path-to-node=\"11\">D\u0142ugozasi\u0119gowy system komunikacji mi\u0119dzy zdalnym wyzwalaczem <b>Klick<\/b> a systemem przerwania lotu (FTS) opiera si\u0119 na zaawansowanej technologii i modulacji LoRa. Systemy posiadaj\u0105 zasi\u0119g do <b>1,5 km<\/b> w optymalnych warunkach, a opcja d\u0142ugozasi\u0119gowa potrafi wyd\u0142u\u017cy\u0107 ten zakres do <b>ponad 10 kilometr\u00f3w<\/b> (wyzwalacz z opcj\u0105 Klick Ultra). Protok\u00f3\u0142 komunikacyjny opiera si\u0119 na cz\u0119stotliwo\u015bciach <b>869 MHz<\/b> i oferuje <b>128-bitowe szyfrowanie<\/b> zapewniaj\u0105ce bezpiecze\u0144stwo danych.<\/p>\n<p data-path-to-node=\"12\">\n<h3>Automatyczna Aktywacja<\/h3>\n<p>&nbsp;<\/p>\n<p data-path-to-node=\"13\">System FTS aktywuje si\u0119 automatycznie, gdy uruchamiasz swojego drona <b>DJI FlyCart 30<\/b>. Wystarczy, \u017ce w\u0142\u0105czysz zdalny wyzwalacz <b>Klick<\/b> i tw\u00f3j system jest w pe\u0142ni funkcjonalny.<\/p>\n<p data-path-to-node=\"14\">\n<h3>W Pe\u0142ni Niezale\u017cny System<\/h3>\n<p>&nbsp;<\/p>\n<p data-path-to-node=\"15\">System FTS jest niezale\u017cny od drona. Je\u017celi dron utraci zasi\u0119g, wyzwalacz <b>Klick<\/b> zachowuje po\u0142\u0105czenie. Silnik drona nie mo\u017ce zosta\u0107 zdalnie wy\u0142\u0105czony jedynie wtedy, gdy zerwane zostanie po\u0142\u0105czenie mi\u0119dzy wyzwalaczem <b>Klick<\/b> a systemem FTS zainstalowanym na dronie.<\/p>\n","protected":false},"excerpt":{"rendered":"<p>System FTS Kronos: Integracja Plug&amp;Play i Zgodno\u015b\u0107 z EASA dla DJI FlyCart 30 System jest zgodny z normami EASA MOC2512<\/p>\n","protected":false},"featured_media":50528,"comment_status":"open","ping_status":"closed","template":"","meta":{"_acf_changed":false},"product_brand":[],"product_cat":[5660,1093],"product_tag":[],"class_list":{"0":"post-50527","1":"product","2":"type-product","3":"status-publish","4":"has-post-thumbnail","6":"product_cat-flycart-30","7":"product_cat-urzadzenia-i-akcesoria","9":"first","10":"outofstock","11":"taxable","12":"shipping-taxable","13":"purchasable","14":"product-type-simple"},"acf":[],"yoast_head":"<!-- This site is optimized with the Yoast SEO plugin v27.2 - https:\/\/yoast.com\/product\/yoast-seo-wordpress\/ -->\n<title>System FTS Kronos FC dla DJI FlyCart 30 Dronavia - IRONSKY.PL Sklep z Dronami<\/title>\n<meta name=\"description\" content=\"System FTS Kronos FC dla DJI FlyCart 30 Dronavia - System FTS Kronos DJI FlyCart 30, umo\u017cliwia loty zgodnie z STS-01, poprzez ulepszenie drona do klasy C5, kup ju\u017c teraz i lataj bezpiecznie\" \/>\n<meta name=\"robots\" content=\"index, follow, max-snippet:-1, max-image-preview:large, max-video-preview:-1\" \/>\n<link rel=\"canonical\" href=\"https:\/\/ironsky.pl\/sklep\/produkt\/system-fts-kronos-fc-dla-dji-flycart-30-dronavia\/\" \/>\n<meta property=\"og:locale\" content=\"pl_PL\" \/>\n<meta property=\"og:type\" content=\"article\" \/>\n<meta property=\"og:title\" content=\"System FTS Kronos FC dla DJI FlyCart 30 Dronavia - IRONSKY.PL Sklep z Dronami\" \/>\n<meta property=\"og:description\" content=\"System FTS Kronos FC dla DJI FlyCart 30 Dronavia - System FTS Kronos DJI FlyCart 30, umo\u017cliwia loty zgodnie z STS-01, poprzez ulepszenie drona do klasy C5, kup ju\u017c teraz i lataj bezpiecznie\" \/>\n<meta property=\"og:url\" content=\"https:\/\/ironsky.pl\/sklep\/produkt\/system-fts-kronos-fc-dla-dji-flycart-30-dronavia\/\" \/>\n<meta property=\"og:site_name\" content=\"IRONSKY.PL Sklep z Dronami\" \/>\n<meta property=\"article:modified_time\" content=\"2026-03-05T14:43:16+00:00\" \/>\n<meta property=\"og:image\" content=\"https:\/\/ironsky.pl\/sklep\/wp-content\/uploads\/2025\/11\/sss.png\" \/>\n\t<meta property=\"og:image:width\" content=\"505\" \/>\n\t<meta property=\"og:image:height\" content=\"378\" \/>\n\t<meta property=\"og:image:type\" content=\"image\/png\" \/>\n<meta name=\"twitter:card\" content=\"summary_large_image\" \/>\n<meta name=\"twitter:label1\" content=\"Szacowany czas czytania\" \/>\n\t<meta name=\"twitter:data1\" content=\"3 minuty\" \/>\n<script type=\"application\/ld+json\" class=\"yoast-schema-graph\">{\"@context\":\"https:\/\/schema.org\",\"@graph\":[{\"@type\":\"WebPage\",\"@id\":\"https:\/\/ironsky.pl\/sklep\/produkt\/system-fts-kronos-fc-dla-dji-flycart-30-dronavia\/\",\"url\":\"https:\/\/ironsky.pl\/sklep\/produkt\/system-fts-kronos-fc-dla-dji-flycart-30-dronavia\/\",\"name\":\"System FTS Kronos FC dla DJI FlyCart 30 Dronavia - IRONSKY.PL Sklep z Dronami\",\"isPartOf\":{\"@id\":\"https:\/\/ironsky.pl\/sklep\/#website\"},\"primaryImageOfPage\":{\"@id\":\"https:\/\/ironsky.pl\/sklep\/produkt\/system-fts-kronos-fc-dla-dji-flycart-30-dronavia\/#primaryimage\"},\"image\":{\"@id\":\"https:\/\/ironsky.pl\/sklep\/produkt\/system-fts-kronos-fc-dla-dji-flycart-30-dronavia\/#primaryimage\"},\"thumbnailUrl\":\"https:\/\/ironsky.pl\/sklep\/wp-content\/uploads\/2025\/11\/sss.png\",\"datePublished\":\"2025-11-29T11:30:53+00:00\",\"dateModified\":\"2026-03-05T14:43:16+00:00\",\"description\":\"System FTS Kronos FC dla DJI FlyCart 30 Dronavia - System FTS Kronos DJI FlyCart 30, umo\u017cliwia loty zgodnie z STS-01, poprzez ulepszenie drona do klasy C5, kup ju\u017c teraz i lataj bezpiecznie\",\"breadcrumb\":{\"@id\":\"https:\/\/ironsky.pl\/sklep\/produkt\/system-fts-kronos-fc-dla-dji-flycart-30-dronavia\/#breadcrumb\"},\"inLanguage\":\"pl-PL\",\"potentialAction\":[{\"@type\":\"ReadAction\",\"target\":[\"https:\/\/ironsky.pl\/sklep\/produkt\/system-fts-kronos-fc-dla-dji-flycart-30-dronavia\/\"]}]},{\"@type\":\"ImageObject\",\"inLanguage\":\"pl-PL\",\"@id\":\"https:\/\/ironsky.pl\/sklep\/produkt\/system-fts-kronos-fc-dla-dji-flycart-30-dronavia\/#primaryimage\",\"url\":\"https:\/\/ironsky.pl\/sklep\/wp-content\/uploads\/2025\/11\/sss.png\",\"contentUrl\":\"https:\/\/ironsky.pl\/sklep\/wp-content\/uploads\/2025\/11\/sss.png\",\"width\":505,\"height\":378},{\"@type\":\"BreadcrumbList\",\"@id\":\"https:\/\/ironsky.pl\/sklep\/produkt\/system-fts-kronos-fc-dla-dji-flycart-30-dronavia\/#breadcrumb\",\"itemListElement\":[{\"@type\":\"ListItem\",\"position\":1,\"name\":\"Strona g\u0142\u00f3wna\",\"item\":\"https:\/\/ironsky.pl\/sklep\/\"},{\"@type\":\"ListItem\",\"position\":2,\"name\":\"Wszystkie produkty\",\"item\":\"https:\/\/ironsky.pl\/sklep\/sklep\/\"},{\"@type\":\"ListItem\",\"position\":3,\"name\":\"System FTS Kronos FC dla DJI FlyCart 30 Dronavia\"}]},{\"@type\":\"WebSite\",\"@id\":\"https:\/\/ironsky.pl\/sklep\/#website\",\"url\":\"https:\/\/ironsky.pl\/sklep\/\",\"name\":\"IRONSKY.PL Sklep z Dronami\",\"description\":\"IRONSKY.PL Sklep z Dronami\",\"potentialAction\":[{\"@type\":\"SearchAction\",\"target\":{\"@type\":\"EntryPoint\",\"urlTemplate\":\"https:\/\/ironsky.pl\/sklep\/?s={search_term_string}\"},\"query-input\":{\"@type\":\"PropertyValueSpecification\",\"valueRequired\":true,\"valueName\":\"search_term_string\"}}],\"inLanguage\":\"pl-PL\"}]}<\/script>\n<!-- \/ Yoast SEO plugin. -->","yoast_head_json":{"title":"System FTS Kronos FC dla DJI FlyCart 30 Dronavia - IRONSKY.PL Sklep z Dronami","description":"System FTS Kronos FC dla DJI FlyCart 30 Dronavia - System FTS Kronos DJI FlyCart 30, umo\u017cliwia loty zgodnie z STS-01, poprzez ulepszenie drona do klasy C5, kup ju\u017c teraz i lataj bezpiecznie","robots":{"index":"index","follow":"follow","max-snippet":"max-snippet:-1","max-image-preview":"max-image-preview:large","max-video-preview":"max-video-preview:-1"},"canonical":"https:\/\/ironsky.pl\/sklep\/produkt\/system-fts-kronos-fc-dla-dji-flycart-30-dronavia\/","og_locale":"pl_PL","og_type":"article","og_title":"System FTS Kronos FC dla DJI FlyCart 30 Dronavia - IRONSKY.PL Sklep z Dronami","og_description":"System FTS Kronos FC dla DJI FlyCart 30 Dronavia - System FTS Kronos DJI FlyCart 30, umo\u017cliwia loty zgodnie z STS-01, poprzez ulepszenie drona do klasy C5, kup ju\u017c teraz i lataj bezpiecznie","og_url":"https:\/\/ironsky.pl\/sklep\/produkt\/system-fts-kronos-fc-dla-dji-flycart-30-dronavia\/","og_site_name":"IRONSKY.PL Sklep z Dronami","article_modified_time":"2026-03-05T14:43:16+00:00","og_image":[{"width":505,"height":378,"url":"https:\/\/ironsky.pl\/sklep\/wp-content\/uploads\/2025\/11\/sss.png","type":"image\/png"}],"twitter_card":"summary_large_image","twitter_misc":{"Szacowany czas czytania":"3 minuty"},"schema":{"@context":"https:\/\/schema.org","@graph":[{"@type":"WebPage","@id":"https:\/\/ironsky.pl\/sklep\/produkt\/system-fts-kronos-fc-dla-dji-flycart-30-dronavia\/","url":"https:\/\/ironsky.pl\/sklep\/produkt\/system-fts-kronos-fc-dla-dji-flycart-30-dronavia\/","name":"System FTS Kronos FC dla DJI FlyCart 30 Dronavia - IRONSKY.PL Sklep z Dronami","isPartOf":{"@id":"https:\/\/ironsky.pl\/sklep\/#website"},"primaryImageOfPage":{"@id":"https:\/\/ironsky.pl\/sklep\/produkt\/system-fts-kronos-fc-dla-dji-flycart-30-dronavia\/#primaryimage"},"image":{"@id":"https:\/\/ironsky.pl\/sklep\/produkt\/system-fts-kronos-fc-dla-dji-flycart-30-dronavia\/#primaryimage"},"thumbnailUrl":"https:\/\/ironsky.pl\/sklep\/wp-content\/uploads\/2025\/11\/sss.png","datePublished":"2025-11-29T11:30:53+00:00","dateModified":"2026-03-05T14:43:16+00:00","description":"System FTS Kronos FC dla DJI FlyCart 30 Dronavia - System FTS Kronos DJI FlyCart 30, umo\u017cliwia loty zgodnie z STS-01, poprzez ulepszenie drona do klasy C5, kup ju\u017c teraz i lataj bezpiecznie","breadcrumb":{"@id":"https:\/\/ironsky.pl\/sklep\/produkt\/system-fts-kronos-fc-dla-dji-flycart-30-dronavia\/#breadcrumb"},"inLanguage":"pl-PL","potentialAction":[{"@type":"ReadAction","target":["https:\/\/ironsky.pl\/sklep\/produkt\/system-fts-kronos-fc-dla-dji-flycart-30-dronavia\/"]}]},{"@type":"ImageObject","inLanguage":"pl-PL","@id":"https:\/\/ironsky.pl\/sklep\/produkt\/system-fts-kronos-fc-dla-dji-flycart-30-dronavia\/#primaryimage","url":"https:\/\/ironsky.pl\/sklep\/wp-content\/uploads\/2025\/11\/sss.png","contentUrl":"https:\/\/ironsky.pl\/sklep\/wp-content\/uploads\/2025\/11\/sss.png","width":505,"height":378},{"@type":"BreadcrumbList","@id":"https:\/\/ironsky.pl\/sklep\/produkt\/system-fts-kronos-fc-dla-dji-flycart-30-dronavia\/#breadcrumb","itemListElement":[{"@type":"ListItem","position":1,"name":"Strona g\u0142\u00f3wna","item":"https:\/\/ironsky.pl\/sklep\/"},{"@type":"ListItem","position":2,"name":"Wszystkie produkty","item":"https:\/\/ironsky.pl\/sklep\/sklep\/"},{"@type":"ListItem","position":3,"name":"System FTS Kronos FC dla DJI FlyCart 30 Dronavia"}]},{"@type":"WebSite","@id":"https:\/\/ironsky.pl\/sklep\/#website","url":"https:\/\/ironsky.pl\/sklep\/","name":"IRONSKY.PL Sklep z Dronami","description":"IRONSKY.PL Sklep z Dronami","potentialAction":[{"@type":"SearchAction","target":{"@type":"EntryPoint","urlTemplate":"https:\/\/ironsky.pl\/sklep\/?s={search_term_string}"},"query-input":{"@type":"PropertyValueSpecification","valueRequired":true,"valueName":"search_term_string"}}],"inLanguage":"pl-PL"}]}},"_links":{"self":[{"href":"https:\/\/ironsky.pl\/sklep\/wp-json\/wp\/v2\/product\/50527","targetHints":{"allow":["GET"]}}],"collection":[{"href":"https:\/\/ironsky.pl\/sklep\/wp-json\/wp\/v2\/product"}],"about":[{"href":"https:\/\/ironsky.pl\/sklep\/wp-json\/wp\/v2\/types\/product"}],"replies":[{"embeddable":true,"href":"https:\/\/ironsky.pl\/sklep\/wp-json\/wp\/v2\/comments?post=50527"}],"wp:featuredmedia":[{"embeddable":true,"href":"https:\/\/ironsky.pl\/sklep\/wp-json\/wp\/v2\/media\/50528"}],"wp:attachment":[{"href":"https:\/\/ironsky.pl\/sklep\/wp-json\/wp\/v2\/media?parent=50527"}],"wp:term":[{"taxonomy":"product_brand","embeddable":true,"href":"https:\/\/ironsky.pl\/sklep\/wp-json\/wp\/v2\/product_brand?post=50527"},{"taxonomy":"product_cat","embeddable":true,"href":"https:\/\/ironsky.pl\/sklep\/wp-json\/wp\/v2\/product_cat?post=50527"},{"taxonomy":"product_tag","embeddable":true,"href":"https:\/\/ironsky.pl\/sklep\/wp-json\/wp\/v2\/product_tag?post=50527"}],"curies":[{"name":"wp","href":"https:\/\/api.w.org\/{rel}","templated":true}]}}