{"id":50525,"date":"2025-11-29T12:24:59","date_gmt":"2025-11-29T11:24:59","guid":{"rendered":"https:\/\/ironsky.pl\/drony-sklep\/?post_type=product&#038;p=50525"},"modified":"2026-04-07T14:47:07","modified_gmt":"2026-04-07T12:47:07","slug":"system-fts-kronos-m4d-dla-dji-matrice-4d-ze-spadochronem-dronavia","status":"publish","type":"product","link":"https:\/\/ironsky.pl\/sklep\/produkt\/system-fts-kronos-m4d-dla-dji-matrice-4d-ze-spadochronem-dronavia\/","title":{"rendered":"System FTS Kronos M4D dla DJI Matrice 4D ze spadochronem Dronavia (KLASA C5)"},"content":{"rendered":"<h2>System Spadochronowy Kronos M4D: Pe\u0142na Autonomia i Integracja z DJI Dock 3<\/h2>\n<p data-path-to-node=\"3\">System jest zgodny z normami EASA <b>MOC2512<\/b> oraz <b>MOC2511<\/b>. Spadochronowy system odzyskiwania (PRS) <b>Kronos M4D<\/b> jest <b>kompatybilny z DJI Dock 3<\/b> u\u017cywanym w zautomatyzowanych misjach z udzia\u0142em drona DJI Matrice 4D. System PRS zosta\u0142 zaprojektowany w spos\u00f3b umo\u017cliwiaj\u0105cy <b>pe\u0142n\u0105 autonomi\u0119 po instalacji<\/b>. Zapewnia bezpo\u015bredni\u0105 \u0142\u0105czno\u015b\u0107 z dronem, po\u0142\u0105czenie SDK oraz automatyczn\u0105 aktywacj\u0119 dzi\u0119ki detekcji proces\u00f3w l\u0105dowania i startu.<\/p>\n<h3>Kluczowe Cechy Systemu Kronos M4D<\/h3>\n<p>&nbsp;<\/p>\n<ul data-path-to-node=\"5\">\n<li>\n<p data-path-to-node=\"5,0,0\">Nielimitowana autonomia<\/p>\n<\/li>\n<li>\n<p data-path-to-node=\"5,1,0\">Szybka instalacja<\/p>\n<\/li>\n<li>\n<p data-path-to-node=\"5,2,0\">Automatyczna aktywacja z modu\u0142em SDK<\/p>\n<\/li>\n<li>\n<p data-path-to-node=\"5,3,0\">Po\u0142\u0105czenie z DJI Flight Hub 2<\/p>\n<\/li>\n<\/ul>\n<h3>Nowy Poziom Bezpiecze\u0144stwa z DJI FlightHub 2<\/h3>\n<p>&nbsp;<\/p>\n<p data-path-to-node=\"7\">Zintegrowany z systemem PRS\/FTS <b>modu\u0142 SDK<\/b> zapewnia powi\u0105zanie akcesori\u00f3w zwi\u0119kszaj\u0105cych bezpiecze\u0144stwo z oprogramowaniem <b>FlightHub 2<\/b>. Poprzez to po\u0142\u0105czenie zyskujesz dodatkowe funkcje, takie jak <b>automatyczna aktywacja system\u00f3w we wskazanej strefie<\/b> z u\u017cyciem technologii <b>geofencing<\/b>.<\/p>\n<h3>Usu\u0144, Wymie\u0144 i Le\u0107 Dalej \u2013 Technologia POD<\/h3>\n<p>&nbsp;<\/p>\n<p data-path-to-node=\"9\">Nowa technologia <b>POD<\/b> zosta\u0142a zintegrowana ze spadochronowym systemem odzyskiwania (PRS) Dronavia. Po aktywacji spadochronu, pilot usuwa zu\u017cyty POD i instaluje nowy w tym samym miejscu. Uproszczona procedura ponownego uzbrajania systemu PRS sprawia, \u017ce nawet po awaryjnym l\u0105dowaniu <b>dron mo\u017ce wystartowa\u0107 ponownie w zaledwie kilka minut<\/b>, nie zak\u0142\u00f3caj\u0105c przebiegu operacji.<\/p>\n","protected":false},"excerpt":{"rendered":"<p>System Spadochronowy Kronos M4D: Pe\u0142na Autonomia i Integracja z DJI Dock 3 System jest zgodny z normami EASA MOC2512 oraz<\/p>\n","protected":false},"featured_media":50526,"comment_status":"open","ping_status":"closed","template":"","meta":{"_acf_changed":false},"product_brand":[],"product_cat":[1093],"product_tag":[],"class_list":{"0":"post-50525","1":"product","2":"type-product","3":"status-publish","4":"has-post-thumbnail","6":"product_cat-urzadzenia-i-akcesoria","8":"first","9":"outofstock","10":"taxable","11":"shipping-taxable","12":"purchasable","13":"product-type-simple"},"acf":[],"yoast_head":"<!-- This site is optimized with the Yoast SEO plugin v27.2 - https:\/\/yoast.com\/product\/yoast-seo-wordpress\/ -->\n<title>System FTS Kronos M4D dla DJI Matrice 4D ze spadochronem Dronavia (KLASA C5) - IRONSKY.PL Sklep z Dronami<\/title>\n<meta name=\"description\" content=\"System FTS Kronos M4D dla DJI Matrice 4D ze spadochronem Dronavia (KLASA C5) - system spadochronowy Kronos M4D, ulepsza drona do klasy C5 i pozwala na loty w STS-01.\" \/>\n<meta name=\"robots\" content=\"index, follow, max-snippet:-1, max-image-preview:large, max-video-preview:-1\" \/>\n<link rel=\"canonical\" href=\"https:\/\/ironsky.pl\/sklep\/produkt\/system-fts-kronos-m4d-dla-dji-matrice-4d-ze-spadochronem-dronavia\/\" \/>\n<meta property=\"og:locale\" content=\"pl_PL\" \/>\n<meta property=\"og:type\" content=\"article\" \/>\n<meta property=\"og:title\" content=\"System FTS Kronos M4D dla DJI Matrice 4D ze spadochronem Dronavia (KLASA C5) - IRONSKY.PL Sklep z Dronami\" \/>\n<meta property=\"og:description\" content=\"System FTS Kronos M4D dla DJI Matrice 4D ze spadochronem Dronavia (KLASA C5) - system spadochronowy Kronos M4D, ulepsza drona do klasy C5 i pozwala na loty w STS-01.\" \/>\n<meta property=\"og:url\" content=\"https:\/\/ironsky.pl\/sklep\/produkt\/system-fts-kronos-m4d-dla-dji-matrice-4d-ze-spadochronem-dronavia\/\" \/>\n<meta property=\"og:site_name\" content=\"IRONSKY.PL Sklep z Dronami\" \/>\n<meta property=\"article:modified_time\" content=\"2026-04-07T12:47:07+00:00\" \/>\n<meta property=\"og:image\" content=\"https:\/\/ironsky.pl\/sklep\/wp-content\/uploads\/2025\/11\/Zrzut-ekranu-2025-11-29-122257.png\" \/>\n\t<meta property=\"og:image:width\" content=\"472\" \/>\n\t<meta property=\"og:image:height\" content=\"321\" \/>\n\t<meta property=\"og:image:type\" content=\"image\/png\" \/>\n<meta name=\"twitter:card\" content=\"summary_large_image\" \/>\n<meta name=\"twitter:label1\" content=\"Szacowany czas czytania\" \/>\n\t<meta name=\"twitter:data1\" content=\"2 minuty\" \/>\n<script type=\"application\/ld+json\" class=\"yoast-schema-graph\">{\"@context\":\"https:\/\/schema.org\",\"@graph\":[{\"@type\":\"WebPage\",\"@id\":\"https:\/\/ironsky.pl\/sklep\/produkt\/system-fts-kronos-m4d-dla-dji-matrice-4d-ze-spadochronem-dronavia\/\",\"url\":\"https:\/\/ironsky.pl\/sklep\/produkt\/system-fts-kronos-m4d-dla-dji-matrice-4d-ze-spadochronem-dronavia\/\",\"name\":\"System FTS Kronos M4D dla DJI Matrice 4D ze spadochronem Dronavia (KLASA C5) - IRONSKY.PL Sklep z Dronami\",\"isPartOf\":{\"@id\":\"https:\/\/ironsky.pl\/sklep\/#website\"},\"primaryImageOfPage\":{\"@id\":\"https:\/\/ironsky.pl\/sklep\/produkt\/system-fts-kronos-m4d-dla-dji-matrice-4d-ze-spadochronem-dronavia\/#primaryimage\"},\"image\":{\"@id\":\"https:\/\/ironsky.pl\/sklep\/produkt\/system-fts-kronos-m4d-dla-dji-matrice-4d-ze-spadochronem-dronavia\/#primaryimage\"},\"thumbnailUrl\":\"https:\/\/ironsky.pl\/sklep\/wp-content\/uploads\/2025\/11\/Zrzut-ekranu-2025-11-29-122257.png\",\"datePublished\":\"2025-11-29T11:24:59+00:00\",\"dateModified\":\"2026-04-07T12:47:07+00:00\",\"description\":\"System FTS Kronos M4D dla DJI Matrice 4D ze spadochronem Dronavia (KLASA C5) - system spadochronowy Kronos M4D, ulepsza drona do klasy C5 i pozwala na loty w STS-01.\",\"breadcrumb\":{\"@id\":\"https:\/\/ironsky.pl\/sklep\/produkt\/system-fts-kronos-m4d-dla-dji-matrice-4d-ze-spadochronem-dronavia\/#breadcrumb\"},\"inLanguage\":\"pl-PL\",\"potentialAction\":[{\"@type\":\"ReadAction\",\"target\":[\"https:\/\/ironsky.pl\/sklep\/produkt\/system-fts-kronos-m4d-dla-dji-matrice-4d-ze-spadochronem-dronavia\/\"]}]},{\"@type\":\"ImageObject\",\"inLanguage\":\"pl-PL\",\"@id\":\"https:\/\/ironsky.pl\/sklep\/produkt\/system-fts-kronos-m4d-dla-dji-matrice-4d-ze-spadochronem-dronavia\/#primaryimage\",\"url\":\"https:\/\/ironsky.pl\/sklep\/wp-content\/uploads\/2025\/11\/Zrzut-ekranu-2025-11-29-122257.png\",\"contentUrl\":\"https:\/\/ironsky.pl\/sklep\/wp-content\/uploads\/2025\/11\/Zrzut-ekranu-2025-11-29-122257.png\",\"width\":472,\"height\":321},{\"@type\":\"BreadcrumbList\",\"@id\":\"https:\/\/ironsky.pl\/sklep\/produkt\/system-fts-kronos-m4d-dla-dji-matrice-4d-ze-spadochronem-dronavia\/#breadcrumb\",\"itemListElement\":[{\"@type\":\"ListItem\",\"position\":1,\"name\":\"Strona g\u0142\u00f3wna\",\"item\":\"https:\/\/ironsky.pl\/sklep\/\"},{\"@type\":\"ListItem\",\"position\":2,\"name\":\"Wszystkie produkty\",\"item\":\"https:\/\/ironsky.pl\/sklep\/produkty\/\"},{\"@type\":\"ListItem\",\"position\":3,\"name\":\"System FTS Kronos M4D dla DJI Matrice 4D ze spadochronem Dronavia (KLASA C5)\"}]},{\"@type\":\"WebSite\",\"@id\":\"https:\/\/ironsky.pl\/sklep\/#website\",\"url\":\"https:\/\/ironsky.pl\/sklep\/\",\"name\":\"IRONSKY.PL Sklep z Dronami\",\"description\":\"IRONSKY.PL Sklep z Dronami\",\"potentialAction\":[{\"@type\":\"SearchAction\",\"target\":{\"@type\":\"EntryPoint\",\"urlTemplate\":\"https:\/\/ironsky.pl\/sklep\/?s={search_term_string}\"},\"query-input\":{\"@type\":\"PropertyValueSpecification\",\"valueRequired\":true,\"valueName\":\"search_term_string\"}}],\"inLanguage\":\"pl-PL\"}]}<\/script>\n<!-- \/ Yoast SEO plugin. -->","yoast_head_json":{"title":"System FTS Kronos M4D dla DJI Matrice 4D ze spadochronem Dronavia (KLASA C5) - IRONSKY.PL Sklep z Dronami","description":"System FTS Kronos M4D dla DJI Matrice 4D ze spadochronem Dronavia (KLASA C5) - system spadochronowy Kronos M4D, ulepsza drona do klasy C5 i pozwala na loty w STS-01.","robots":{"index":"index","follow":"follow","max-snippet":"max-snippet:-1","max-image-preview":"max-image-preview:large","max-video-preview":"max-video-preview:-1"},"canonical":"https:\/\/ironsky.pl\/sklep\/produkt\/system-fts-kronos-m4d-dla-dji-matrice-4d-ze-spadochronem-dronavia\/","og_locale":"pl_PL","og_type":"article","og_title":"System FTS Kronos M4D dla DJI Matrice 4D ze spadochronem Dronavia (KLASA C5) - IRONSKY.PL Sklep z Dronami","og_description":"System FTS Kronos M4D dla DJI Matrice 4D ze spadochronem Dronavia (KLASA C5) - system spadochronowy Kronos M4D, ulepsza drona do klasy C5 i pozwala na loty w STS-01.","og_url":"https:\/\/ironsky.pl\/sklep\/produkt\/system-fts-kronos-m4d-dla-dji-matrice-4d-ze-spadochronem-dronavia\/","og_site_name":"IRONSKY.PL Sklep z Dronami","article_modified_time":"2026-04-07T12:47:07+00:00","og_image":[{"width":472,"height":321,"url":"https:\/\/ironsky.pl\/sklep\/wp-content\/uploads\/2025\/11\/Zrzut-ekranu-2025-11-29-122257.png","type":"image\/png"}],"twitter_card":"summary_large_image","twitter_misc":{"Szacowany czas czytania":"2 minuty"},"schema":{"@context":"https:\/\/schema.org","@graph":[{"@type":"WebPage","@id":"https:\/\/ironsky.pl\/sklep\/produkt\/system-fts-kronos-m4d-dla-dji-matrice-4d-ze-spadochronem-dronavia\/","url":"https:\/\/ironsky.pl\/sklep\/produkt\/system-fts-kronos-m4d-dla-dji-matrice-4d-ze-spadochronem-dronavia\/","name":"System FTS Kronos M4D dla DJI Matrice 4D ze spadochronem Dronavia (KLASA C5) - IRONSKY.PL Sklep z Dronami","isPartOf":{"@id":"https:\/\/ironsky.pl\/sklep\/#website"},"primaryImageOfPage":{"@id":"https:\/\/ironsky.pl\/sklep\/produkt\/system-fts-kronos-m4d-dla-dji-matrice-4d-ze-spadochronem-dronavia\/#primaryimage"},"image":{"@id":"https:\/\/ironsky.pl\/sklep\/produkt\/system-fts-kronos-m4d-dla-dji-matrice-4d-ze-spadochronem-dronavia\/#primaryimage"},"thumbnailUrl":"https:\/\/ironsky.pl\/sklep\/wp-content\/uploads\/2025\/11\/Zrzut-ekranu-2025-11-29-122257.png","datePublished":"2025-11-29T11:24:59+00:00","dateModified":"2026-04-07T12:47:07+00:00","description":"System FTS Kronos M4D dla DJI Matrice 4D ze spadochronem Dronavia (KLASA C5) - system spadochronowy Kronos M4D, ulepsza drona do klasy C5 i pozwala na loty w STS-01.","breadcrumb":{"@id":"https:\/\/ironsky.pl\/sklep\/produkt\/system-fts-kronos-m4d-dla-dji-matrice-4d-ze-spadochronem-dronavia\/#breadcrumb"},"inLanguage":"pl-PL","potentialAction":[{"@type":"ReadAction","target":["https:\/\/ironsky.pl\/sklep\/produkt\/system-fts-kronos-m4d-dla-dji-matrice-4d-ze-spadochronem-dronavia\/"]}]},{"@type":"ImageObject","inLanguage":"pl-PL","@id":"https:\/\/ironsky.pl\/sklep\/produkt\/system-fts-kronos-m4d-dla-dji-matrice-4d-ze-spadochronem-dronavia\/#primaryimage","url":"https:\/\/ironsky.pl\/sklep\/wp-content\/uploads\/2025\/11\/Zrzut-ekranu-2025-11-29-122257.png","contentUrl":"https:\/\/ironsky.pl\/sklep\/wp-content\/uploads\/2025\/11\/Zrzut-ekranu-2025-11-29-122257.png","width":472,"height":321},{"@type":"BreadcrumbList","@id":"https:\/\/ironsky.pl\/sklep\/produkt\/system-fts-kronos-m4d-dla-dji-matrice-4d-ze-spadochronem-dronavia\/#breadcrumb","itemListElement":[{"@type":"ListItem","position":1,"name":"Strona g\u0142\u00f3wna","item":"https:\/\/ironsky.pl\/sklep\/"},{"@type":"ListItem","position":2,"name":"Wszystkie produkty","item":"https:\/\/ironsky.pl\/sklep\/produkty\/"},{"@type":"ListItem","position":3,"name":"System FTS Kronos M4D dla DJI Matrice 4D ze spadochronem Dronavia (KLASA C5)"}]},{"@type":"WebSite","@id":"https:\/\/ironsky.pl\/sklep\/#website","url":"https:\/\/ironsky.pl\/sklep\/","name":"IRONSKY.PL Sklep z Dronami","description":"IRONSKY.PL Sklep z Dronami","potentialAction":[{"@type":"SearchAction","target":{"@type":"EntryPoint","urlTemplate":"https:\/\/ironsky.pl\/sklep\/?s={search_term_string}"},"query-input":{"@type":"PropertyValueSpecification","valueRequired":true,"valueName":"search_term_string"}}],"inLanguage":"pl-PL"}]}},"_links":{"self":[{"href":"https:\/\/ironsky.pl\/sklep\/wp-json\/wp\/v2\/product\/50525","targetHints":{"allow":["GET"]}}],"collection":[{"href":"https:\/\/ironsky.pl\/sklep\/wp-json\/wp\/v2\/product"}],"about":[{"href":"https:\/\/ironsky.pl\/sklep\/wp-json\/wp\/v2\/types\/product"}],"replies":[{"embeddable":true,"href":"https:\/\/ironsky.pl\/sklep\/wp-json\/wp\/v2\/comments?post=50525"}],"wp:featuredmedia":[{"embeddable":true,"href":"https:\/\/ironsky.pl\/sklep\/wp-json\/wp\/v2\/media\/50526"}],"wp:attachment":[{"href":"https:\/\/ironsky.pl\/sklep\/wp-json\/wp\/v2\/media?parent=50525"}],"wp:term":[{"taxonomy":"product_brand","embeddable":true,"href":"https:\/\/ironsky.pl\/sklep\/wp-json\/wp\/v2\/product_brand?post=50525"},{"taxonomy":"product_cat","embeddable":true,"href":"https:\/\/ironsky.pl\/sklep\/wp-json\/wp\/v2\/product_cat?post=50525"},{"taxonomy":"product_tag","embeddable":true,"href":"https:\/\/ironsky.pl\/sklep\/wp-json\/wp\/v2\/product_tag?post=50525"}],"curies":[{"name":"wp","href":"https:\/\/api.w.org\/{rel}","templated":true}]}}