{"id":50521,"date":"2025-11-29T12:16:11","date_gmt":"2025-11-29T11:16:11","guid":{"rendered":"https:\/\/ironsky.pl\/drony-sklep\/?post_type=product&#038;p=50521"},"modified":"2026-03-05T15:43:15","modified_gmt":"2026-03-05T14:43:15","slug":"system-fts-kronos-mvc4-dla-dji-mavic-4-ze-spadochronem-dronavia","status":"publish","type":"product","link":"https:\/\/ironsky.pl\/sklep\/produkt\/system-fts-kronos-mvc4-dla-dji-mavic-4-ze-spadochronem-dronavia\/","title":{"rendered":"System FTS Kronos MVC4 dla DJI Mavic 4 ze spadochronem Dronavia (KLASA C5)"},"content":{"rendered":"<h2>System Spadochronowy Kronos MVC4: Bezpiecze\u0144stwo i Konwersja Klasy Drona DJI Mavic 4<\/h2>\n<p data-path-to-node=\"4\">Zainwestuj w najwy\u017cszy poziom bezpiecze\u0144stwa dla Twojego drona. System spadochronowy Kronos MVC4 to awangarda technologii odzyskiwania, w pe\u0142ni zgodna z normami bezpiecze\u0144stwa lotniczego EASA MOC2512 oraz MOC2511. Przygotuj si\u0119 na szybki lot z systemem, kt\u00f3ry instaluje si\u0119 i deinstaluje w <b>mniej ni\u017c dwie minuty<\/b>.<\/p>\n<h3>Kluczowe Cechy Systemu Kronos MVC4<\/h3>\n<p>&nbsp;<\/p>\n<ul data-path-to-node=\"6\">\n<li>\n<p data-path-to-node=\"6,0,0\">Autonomiczna aktywacja systemu<\/p>\n<\/li>\n<li>\n<p data-path-to-node=\"6,1,0\">Szybka instalacja<\/p>\n<\/li>\n<li>\n<p data-path-to-node=\"6,2,0\">Inteligentne, autonomiczne rozwi\u0105zania<\/p>\n<\/li>\n<li>\n<p data-path-to-node=\"6,3,0\">Mo\u017cliwo\u015b\u0107 podniesienia klasy DJI Mavic 4 z C2 do C5 (EASA)<\/p>\n<\/li>\n<\/ul>\n<h3>Autonomiczna Aktywacja: Przewaga Czasowa<\/h3>\n<p>&nbsp;<\/p>\n<p data-path-to-node=\"8\">Aby maksymalnie skr\u00f3ci\u0107 czas aktywacji i zwi\u0119kszy\u0107 szans\u0119 unikni\u0119cia awarii, system spadochronowy Kronos MVC4 wyposa\u017cono w autonomiczn\u0105 technologi\u0119 wyzwalaj\u0105c\u0105. Modu\u0142 ten uruchamia spadochron w <b>mniej ni\u017c 0,27 sekundy<\/b>, co jest znacz\u0105co szybsze ni\u017c \u015brednie 3 sekundy reakcji pilota. Skup si\u0119 w pe\u0142ni na misji dronowej, a system zadba o bezpiecze\u0144stwo.<\/p>\n<h4>Bezpieczna Aktywacja<\/h4>\n<p>&nbsp;<\/p>\n<p data-path-to-node=\"10\">System <b>Kronos MVC4<\/b> jest automatycznie blokowany na wysoko\u015bci <b>20 metr\u00f3w i ni\u017cszej<\/b>. Zapobiega to przypadkowemu uruchomieniu podczas startu i l\u0105dowania, gwarantuj\u0105c optymalne bezpiecze\u0144stwo i efektywno\u015b\u0107 operacyjn\u0105.<\/p>\n<h3>Kontrolowane L\u0105dowanie i Para\u00b2<\/h3>\n<p>&nbsp;<\/p>\n<p data-path-to-node=\"12\">Mi\u0119kkie i kontrolowane l\u0105dowanie to zas\u0142uga nowych os\u0142on <b>PARA\u00b2<\/b>. Ta innowacyjna, ultralekka konstrukcja jest efektem 3 lat bada\u0144, zapewniaj\u0105c wyj\u0105tkow\u0105 efektywno\u015b\u0107 i stabilno\u015b\u0107 podczas opadania.<\/p>\n<h4>Czarna Skrzynka do Analizy Lot\u00f3w<\/h4>\n<p>&nbsp;<\/p>\n<p data-path-to-node=\"14\"><b>Kronos MVC4<\/b> jest wyposa\u017cony w system log\u00f3w z oznaczeniami czasowymi, rejestruj\u0105cy wszystkie akcje wyzwalacza. Ten zapis mo\u017ce by\u0107 wykorzystany do szczeg\u00f3\u0142owej diagnostyki i analizy po zdarzeniu.<\/p>\n<h3>Konwersja DJI Mavic 4 do Klasy C5 EASA<\/h3>\n<p>&nbsp;<\/p>\n<p data-path-to-node=\"16\">Dla operator\u00f3w d\u0105\u017c\u0105cych do operowania w klasie C5 (EASA), <b>Kronos MVC4<\/b> oferuje konwersj\u0119 drona DJI Mavic 4 z C2 na C5. Proces ten wymaga instalacji odpowiednich komponent\u00f3w (zestawu konwersyjnego PRS i FTS) w specjalistycznym warsztacie. Po konwersji, <b>DJI Mavic 4<\/b> staje si\u0119 <b>Kronos AD Mavic 4<\/b>. Powr\u00f3t do klasy C2 polega na usuni\u0119ciu zestawu konwersyjnego.<\/p>\n<h4>Du\u017cy Zasi\u0119g z Systemem KLICK<\/h4>\n<p>&nbsp;<\/p>\n<p data-path-to-node=\"18\">Zdalny wyzwalacz <b>Klick<\/b> komunikuje si\u0119 z systemem FTS\/PRS za pomoc\u0105 zaawansowanej technologii i modulacji LoRa. System ten zapewnia zasi\u0119g do <b>1,5 km<\/b> w optymalnych warunkach, z mo\u017cliwo\u015bci\u0105 wyd\u0142u\u017cenia go do <b>ponad 5 kilometr\u00f3w<\/b> dzi\u0119ki opcji Klick Ultra.<\/p>\n<h3>Szybki Reset dzi\u0119ki Systemowi POD<\/h3>\n<p>&nbsp;<\/p>\n<p data-path-to-node=\"20\">Resetowanie systemu spadochronowego Kronos MVC4 jest wyj\u0105tkowo szybkie, dzi\u0119ki <b>systemowi POD<\/b>. Wystarczy wymieni\u0107 u\u017cyty modu\u0142 POD na nowy i wykona\u0107 proste czynno\u015bci konserwacyjne, szczeg\u00f3\u0142owo opisane w instrukcji.<\/p>\n<h3>Zgodno\u015b\u0107 z EASA MOC2512 (M2)<\/h3>\n<p>&nbsp;<\/p>\n<p data-path-to-node=\"22\"><b>Kronos MVC4<\/b> jest zgodny z EASA MOC2512 (M2), co jest kluczowe dla redukcji si\u0142y uderzenia drona w ziemi\u0119. Zgodno\u015b\u0107 ta jest niezb\u0119dna do uzyskania wysokiej warto\u015bci korekty w ocenie GRC (Ground Risk Class), wspieraj\u0105c bezpieczne operacje w ramach procedury SORA.<\/p>\n","protected":false},"excerpt":{"rendered":"<p>System Spadochronowy Kronos MVC4: Bezpiecze\u0144stwo i Konwersja Klasy Drona DJI Mavic 4 Zainwestuj w najwy\u017cszy poziom bezpiecze\u0144stwa dla Twojego drona.<\/p>\n","protected":false},"featured_media":50522,"comment_status":"open","ping_status":"closed","template":"","meta":{"_acf_changed":false},"product_brand":[],"product_cat":[5930],"product_tag":[],"class_list":{"0":"post-50521","1":"product","2":"type-product","3":"status-publish","4":"has-post-thumbnail","6":"product_cat-adaptery-przejsciowki-konwertery","8":"first","9":"outofstock","10":"taxable","11":"shipping-taxable","12":"purchasable","13":"product-type-simple"},"acf":[],"yoast_head":"<!-- This site is optimized with the Yoast SEO plugin v27.2 - https:\/\/yoast.com\/product\/yoast-seo-wordpress\/ -->\n<title>System FTS Kronos MVC4 dla DJI Mavic 4 ze spadochronem Dronavia (KLASA C5) - IRONSKY.PL Sklep z Dronami<\/title>\n<meta name=\"description\" content=\"System FTS Kronos MVC4 dla DJI Mavic 4 ze spadochronem Dronavia (KLASA C5) - zakup system Kronos MVC4 i ulepsz swojego drona do klasy C5, co pozwoli na loty w STS-01\" \/>\n<meta name=\"robots\" content=\"index, follow, max-snippet:-1, max-image-preview:large, max-video-preview:-1\" \/>\n<link rel=\"canonical\" href=\"https:\/\/ironsky.pl\/sklep\/produkt\/system-fts-kronos-mvc4-dla-dji-mavic-4-ze-spadochronem-dronavia\/\" \/>\n<meta property=\"og:locale\" content=\"pl_PL\" \/>\n<meta property=\"og:type\" content=\"article\" \/>\n<meta property=\"og:title\" content=\"System FTS Kronos MVC4 dla DJI Mavic 4 ze spadochronem Dronavia (KLASA C5) - IRONSKY.PL Sklep z Dronami\" \/>\n<meta property=\"og:description\" content=\"System FTS Kronos MVC4 dla DJI Mavic 4 ze spadochronem Dronavia (KLASA C5) - zakup system Kronos MVC4 i ulepsz swojego drona do klasy C5, co pozwoli na loty w STS-01\" \/>\n<meta property=\"og:url\" content=\"https:\/\/ironsky.pl\/sklep\/produkt\/system-fts-kronos-mvc4-dla-dji-mavic-4-ze-spadochronem-dronavia\/\" \/>\n<meta property=\"og:site_name\" content=\"IRONSKY.PL Sklep z Dronami\" \/>\n<meta property=\"article:modified_time\" content=\"2026-03-05T14:43:15+00:00\" \/>\n<meta property=\"og:image\" content=\"https:\/\/ironsky.pl\/sklep\/wp-content\/uploads\/2025\/11\/kit-certification-c5-easa-kronos-mvc4-pour-dji-mavic-4-pro-dronavia.jpg\" \/>\n\t<meta property=\"og:image:width\" content=\"800\" \/>\n\t<meta property=\"og:image:height\" content=\"800\" \/>\n\t<meta property=\"og:image:type\" content=\"image\/jpeg\" \/>\n<meta name=\"twitter:card\" content=\"summary_large_image\" \/>\n<meta name=\"twitter:label1\" content=\"Szacowany czas czytania\" \/>\n\t<meta name=\"twitter:data1\" content=\"3 minuty\" \/>\n<script type=\"application\/ld+json\" class=\"yoast-schema-graph\">{\"@context\":\"https:\/\/schema.org\",\"@graph\":[{\"@type\":\"WebPage\",\"@id\":\"https:\/\/ironsky.pl\/sklep\/produkt\/system-fts-kronos-mvc4-dla-dji-mavic-4-ze-spadochronem-dronavia\/\",\"url\":\"https:\/\/ironsky.pl\/sklep\/produkt\/system-fts-kronos-mvc4-dla-dji-mavic-4-ze-spadochronem-dronavia\/\",\"name\":\"System FTS Kronos MVC4 dla DJI Mavic 4 ze spadochronem Dronavia (KLASA C5) - IRONSKY.PL Sklep z Dronami\",\"isPartOf\":{\"@id\":\"https:\/\/ironsky.pl\/sklep\/#website\"},\"primaryImageOfPage\":{\"@id\":\"https:\/\/ironsky.pl\/sklep\/produkt\/system-fts-kronos-mvc4-dla-dji-mavic-4-ze-spadochronem-dronavia\/#primaryimage\"},\"image\":{\"@id\":\"https:\/\/ironsky.pl\/sklep\/produkt\/system-fts-kronos-mvc4-dla-dji-mavic-4-ze-spadochronem-dronavia\/#primaryimage\"},\"thumbnailUrl\":\"https:\/\/ironsky.pl\/sklep\/wp-content\/uploads\/2025\/11\/kit-certification-c5-easa-kronos-mvc4-pour-dji-mavic-4-pro-dronavia.jpg\",\"datePublished\":\"2025-11-29T11:16:11+00:00\",\"dateModified\":\"2026-03-05T14:43:15+00:00\",\"description\":\"System FTS Kronos MVC4 dla DJI Mavic 4 ze spadochronem Dronavia (KLASA C5) - zakup system Kronos MVC4 i ulepsz swojego drona do klasy C5, co pozwoli na loty w STS-01\",\"breadcrumb\":{\"@id\":\"https:\/\/ironsky.pl\/sklep\/produkt\/system-fts-kronos-mvc4-dla-dji-mavic-4-ze-spadochronem-dronavia\/#breadcrumb\"},\"inLanguage\":\"pl-PL\",\"potentialAction\":[{\"@type\":\"ReadAction\",\"target\":[\"https:\/\/ironsky.pl\/sklep\/produkt\/system-fts-kronos-mvc4-dla-dji-mavic-4-ze-spadochronem-dronavia\/\"]}]},{\"@type\":\"ImageObject\",\"inLanguage\":\"pl-PL\",\"@id\":\"https:\/\/ironsky.pl\/sklep\/produkt\/system-fts-kronos-mvc4-dla-dji-mavic-4-ze-spadochronem-dronavia\/#primaryimage\",\"url\":\"https:\/\/ironsky.pl\/sklep\/wp-content\/uploads\/2025\/11\/kit-certification-c5-easa-kronos-mvc4-pour-dji-mavic-4-pro-dronavia.jpg\",\"contentUrl\":\"https:\/\/ironsky.pl\/sklep\/wp-content\/uploads\/2025\/11\/kit-certification-c5-easa-kronos-mvc4-pour-dji-mavic-4-pro-dronavia.jpg\",\"width\":800,\"height\":800},{\"@type\":\"BreadcrumbList\",\"@id\":\"https:\/\/ironsky.pl\/sklep\/produkt\/system-fts-kronos-mvc4-dla-dji-mavic-4-ze-spadochronem-dronavia\/#breadcrumb\",\"itemListElement\":[{\"@type\":\"ListItem\",\"position\":1,\"name\":\"Strona g\u0142\u00f3wna\",\"item\":\"https:\/\/ironsky.pl\/sklep\/\"},{\"@type\":\"ListItem\",\"position\":2,\"name\":\"Wszystkie produkty\",\"item\":\"https:\/\/ironsky.pl\/sklep\/produkty\/\"},{\"@type\":\"ListItem\",\"position\":3,\"name\":\"System FTS Kronos MVC4 dla DJI Mavic 4 ze spadochronem Dronavia (KLASA C5)\"}]},{\"@type\":\"WebSite\",\"@id\":\"https:\/\/ironsky.pl\/sklep\/#website\",\"url\":\"https:\/\/ironsky.pl\/sklep\/\",\"name\":\"IRONSKY.PL Sklep z Dronami\",\"description\":\"IRONSKY.PL Sklep z Dronami\",\"potentialAction\":[{\"@type\":\"SearchAction\",\"target\":{\"@type\":\"EntryPoint\",\"urlTemplate\":\"https:\/\/ironsky.pl\/sklep\/?s={search_term_string}\"},\"query-input\":{\"@type\":\"PropertyValueSpecification\",\"valueRequired\":true,\"valueName\":\"search_term_string\"}}],\"inLanguage\":\"pl-PL\"}]}<\/script>\n<!-- \/ Yoast SEO plugin. -->","yoast_head_json":{"title":"System FTS Kronos MVC4 dla DJI Mavic 4 ze spadochronem Dronavia (KLASA C5) - IRONSKY.PL Sklep z Dronami","description":"System FTS Kronos MVC4 dla DJI Mavic 4 ze spadochronem Dronavia (KLASA C5) - zakup system Kronos MVC4 i ulepsz swojego drona do klasy C5, co pozwoli na loty w STS-01","robots":{"index":"index","follow":"follow","max-snippet":"max-snippet:-1","max-image-preview":"max-image-preview:large","max-video-preview":"max-video-preview:-1"},"canonical":"https:\/\/ironsky.pl\/sklep\/produkt\/system-fts-kronos-mvc4-dla-dji-mavic-4-ze-spadochronem-dronavia\/","og_locale":"pl_PL","og_type":"article","og_title":"System FTS Kronos MVC4 dla DJI Mavic 4 ze spadochronem Dronavia (KLASA C5) - IRONSKY.PL Sklep z Dronami","og_description":"System FTS Kronos MVC4 dla DJI Mavic 4 ze spadochronem Dronavia (KLASA C5) - zakup system Kronos MVC4 i ulepsz swojego drona do klasy C5, co pozwoli na loty w STS-01","og_url":"https:\/\/ironsky.pl\/sklep\/produkt\/system-fts-kronos-mvc4-dla-dji-mavic-4-ze-spadochronem-dronavia\/","og_site_name":"IRONSKY.PL Sklep z Dronami","article_modified_time":"2026-03-05T14:43:15+00:00","og_image":[{"width":800,"height":800,"url":"https:\/\/ironsky.pl\/sklep\/wp-content\/uploads\/2025\/11\/kit-certification-c5-easa-kronos-mvc4-pour-dji-mavic-4-pro-dronavia.jpg","type":"image\/jpeg"}],"twitter_card":"summary_large_image","twitter_misc":{"Szacowany czas czytania":"3 minuty"},"schema":{"@context":"https:\/\/schema.org","@graph":[{"@type":"WebPage","@id":"https:\/\/ironsky.pl\/sklep\/produkt\/system-fts-kronos-mvc4-dla-dji-mavic-4-ze-spadochronem-dronavia\/","url":"https:\/\/ironsky.pl\/sklep\/produkt\/system-fts-kronos-mvc4-dla-dji-mavic-4-ze-spadochronem-dronavia\/","name":"System FTS Kronos MVC4 dla DJI Mavic 4 ze spadochronem Dronavia (KLASA C5) - IRONSKY.PL Sklep z Dronami","isPartOf":{"@id":"https:\/\/ironsky.pl\/sklep\/#website"},"primaryImageOfPage":{"@id":"https:\/\/ironsky.pl\/sklep\/produkt\/system-fts-kronos-mvc4-dla-dji-mavic-4-ze-spadochronem-dronavia\/#primaryimage"},"image":{"@id":"https:\/\/ironsky.pl\/sklep\/produkt\/system-fts-kronos-mvc4-dla-dji-mavic-4-ze-spadochronem-dronavia\/#primaryimage"},"thumbnailUrl":"https:\/\/ironsky.pl\/sklep\/wp-content\/uploads\/2025\/11\/kit-certification-c5-easa-kronos-mvc4-pour-dji-mavic-4-pro-dronavia.jpg","datePublished":"2025-11-29T11:16:11+00:00","dateModified":"2026-03-05T14:43:15+00:00","description":"System FTS Kronos MVC4 dla DJI Mavic 4 ze spadochronem Dronavia (KLASA C5) - zakup system Kronos MVC4 i ulepsz swojego drona do klasy C5, co pozwoli na loty w STS-01","breadcrumb":{"@id":"https:\/\/ironsky.pl\/sklep\/produkt\/system-fts-kronos-mvc4-dla-dji-mavic-4-ze-spadochronem-dronavia\/#breadcrumb"},"inLanguage":"pl-PL","potentialAction":[{"@type":"ReadAction","target":["https:\/\/ironsky.pl\/sklep\/produkt\/system-fts-kronos-mvc4-dla-dji-mavic-4-ze-spadochronem-dronavia\/"]}]},{"@type":"ImageObject","inLanguage":"pl-PL","@id":"https:\/\/ironsky.pl\/sklep\/produkt\/system-fts-kronos-mvc4-dla-dji-mavic-4-ze-spadochronem-dronavia\/#primaryimage","url":"https:\/\/ironsky.pl\/sklep\/wp-content\/uploads\/2025\/11\/kit-certification-c5-easa-kronos-mvc4-pour-dji-mavic-4-pro-dronavia.jpg","contentUrl":"https:\/\/ironsky.pl\/sklep\/wp-content\/uploads\/2025\/11\/kit-certification-c5-easa-kronos-mvc4-pour-dji-mavic-4-pro-dronavia.jpg","width":800,"height":800},{"@type":"BreadcrumbList","@id":"https:\/\/ironsky.pl\/sklep\/produkt\/system-fts-kronos-mvc4-dla-dji-mavic-4-ze-spadochronem-dronavia\/#breadcrumb","itemListElement":[{"@type":"ListItem","position":1,"name":"Strona g\u0142\u00f3wna","item":"https:\/\/ironsky.pl\/sklep\/"},{"@type":"ListItem","position":2,"name":"Wszystkie produkty","item":"https:\/\/ironsky.pl\/sklep\/produkty\/"},{"@type":"ListItem","position":3,"name":"System FTS Kronos MVC4 dla DJI Mavic 4 ze spadochronem Dronavia (KLASA C5)"}]},{"@type":"WebSite","@id":"https:\/\/ironsky.pl\/sklep\/#website","url":"https:\/\/ironsky.pl\/sklep\/","name":"IRONSKY.PL Sklep z Dronami","description":"IRONSKY.PL Sklep z Dronami","potentialAction":[{"@type":"SearchAction","target":{"@type":"EntryPoint","urlTemplate":"https:\/\/ironsky.pl\/sklep\/?s={search_term_string}"},"query-input":{"@type":"PropertyValueSpecification","valueRequired":true,"valueName":"search_term_string"}}],"inLanguage":"pl-PL"}]}},"_links":{"self":[{"href":"https:\/\/ironsky.pl\/sklep\/wp-json\/wp\/v2\/product\/50521","targetHints":{"allow":["GET"]}}],"collection":[{"href":"https:\/\/ironsky.pl\/sklep\/wp-json\/wp\/v2\/product"}],"about":[{"href":"https:\/\/ironsky.pl\/sklep\/wp-json\/wp\/v2\/types\/product"}],"replies":[{"embeddable":true,"href":"https:\/\/ironsky.pl\/sklep\/wp-json\/wp\/v2\/comments?post=50521"}],"wp:featuredmedia":[{"embeddable":true,"href":"https:\/\/ironsky.pl\/sklep\/wp-json\/wp\/v2\/media\/50522"}],"wp:attachment":[{"href":"https:\/\/ironsky.pl\/sklep\/wp-json\/wp\/v2\/media?parent=50521"}],"wp:term":[{"taxonomy":"product_brand","embeddable":true,"href":"https:\/\/ironsky.pl\/sklep\/wp-json\/wp\/v2\/product_brand?post=50521"},{"taxonomy":"product_cat","embeddable":true,"href":"https:\/\/ironsky.pl\/sklep\/wp-json\/wp\/v2\/product_cat?post=50521"},{"taxonomy":"product_tag","embeddable":true,"href":"https:\/\/ironsky.pl\/sklep\/wp-json\/wp\/v2\/product_tag?post=50521"}],"curies":[{"name":"wp","href":"https:\/\/api.w.org\/{rel}","templated":true}]}}