{"id":50495,"date":"2025-11-22T11:51:41","date_gmt":"2025-11-22T10:51:41","guid":{"rendered":"https:\/\/ironsky.pl\/drony-sklep\/?post_type=product&#038;p=50495"},"modified":"2026-03-05T15:43:15","modified_gmt":"2026-03-05T14:43:15","slug":"objectif-ares-zestaw-do-mycia-wysokim-cisnieniem","status":"publish","type":"product","link":"https:\/\/ironsky.pl\/sklep\/produkt\/objectif-ares-zestaw-do-mycia-wysokim-cisnieniem\/","title":{"rendered":"Objectif Ares \u2013 Zestaw do mycia wysokim ci\u015bnieniem"},"content":{"rendered":"<p><strong>Zestaw umo\u017cliwiaj\u0105cy sp\u0142ukiwanie zanieczyszcze\u0144 z du\u017c\u0105 moc\u0105, zimn\u0105\u00a0 i ciep\u0142\u0105 wod\u0105. W sk\u0142ad zestawu wchodzi lanca do oprysk\u00f3w pod wysokim ci\u015bnieniem oraz 25-metrowy w\u0105\u017c przystosowany do wysokiego ci\u015bnienia wraz z sze\u015bcioma r\u00f3\u017cnymi dyszami, w tym jedn\u0105 obrotow\u0105.<\/strong><\/p>\n","protected":false},"excerpt":{"rendered":"<p>Zestaw umo\u017cliwiaj\u0105cy sp\u0142ukiwanie zanieczyszcze\u0144 z du\u017c\u0105 moc\u0105, zimn\u0105\u00a0 i ciep\u0142\u0105 wod\u0105. W sk\u0142ad zestawu wchodzi lanca do oprysk\u00f3w pod wysokim<\/p>\n","protected":false},"featured_media":50496,"comment_status":"open","ping_status":"closed","template":"","meta":{"_acf_changed":false},"product_brand":[],"product_cat":[6063,1093],"product_tag":[],"class_list":{"0":"post-50495","1":"product","2":"type-product","3":"status-publish","4":"has-post-thumbnail","6":"product_cat-myjace","7":"product_cat-urzadzenia-i-akcesoria","9":"first","10":"outofstock","11":"taxable","12":"shipping-taxable","13":"purchasable","14":"product-type-simple"},"acf":[],"yoast_head":"<!-- This site is optimized with the Yoast SEO plugin v27.2 - https:\/\/yoast.com\/product\/yoast-seo-wordpress\/ -->\n<title>Objectif Ares \u2013 Zestaw do mycia wysokim ci\u015bnieniem - IRONSKY.PL Sklep z Dronami<\/title>\n<meta name=\"description\" content=\"Objectif Ares \u2013 Zestaw do mycia wysokim ci\u015bnieniem - ju\u017c teraz zacznij pozbywa\u0107 si\u0119 zanieczyszcze\u0144 z du\u017c\u0105 moc\u0105, lanca przystosowana do oprysk\u00f3w pod wysokim ci\u015bnieniem, pomo\u017ce usun\u0105\u0107 ci zanieczyszczenia przy u\u017cyciu, ciep\u0142ej i zimnej wody.\" \/>\n<meta name=\"robots\" content=\"index, follow, max-snippet:-1, max-image-preview:large, max-video-preview:-1\" \/>\n<link rel=\"canonical\" href=\"https:\/\/ironsky.pl\/sklep\/produkt\/objectif-ares-zestaw-do-mycia-wysokim-cisnieniem\/\" \/>\n<meta property=\"og:locale\" content=\"pl_PL\" \/>\n<meta property=\"og:type\" content=\"article\" \/>\n<meta property=\"og:title\" content=\"Objectif Ares \u2013 Zestaw do mycia wysokim ci\u015bnieniem - IRONSKY.PL Sklep z Dronami\" \/>\n<meta property=\"og:description\" content=\"Objectif Ares \u2013 Zestaw do mycia wysokim ci\u015bnieniem - ju\u017c teraz zacznij pozbywa\u0107 si\u0119 zanieczyszcze\u0144 z du\u017c\u0105 moc\u0105, lanca przystosowana do oprysk\u00f3w pod wysokim ci\u015bnieniem, pomo\u017ce usun\u0105\u0107 ci zanieczyszczenia przy u\u017cyciu, ciep\u0142ej i zimnej wody.\" \/>\n<meta property=\"og:url\" content=\"https:\/\/ironsky.pl\/sklep\/produkt\/objectif-ares-zestaw-do-mycia-wysokim-cisnieniem\/\" \/>\n<meta property=\"og:site_name\" content=\"IRONSKY.PL Sklep z Dronami\" \/>\n<meta property=\"article:modified_time\" content=\"2026-03-05T14:43:15+00:00\" \/>\n<meta property=\"og:image\" content=\"https:\/\/ironsky.pl\/sklep\/wp-content\/uploads\/2025\/11\/Zrzut-ekranu-2025-11-22-114948.png\" \/>\n\t<meta property=\"og:image:width\" content=\"436\" \/>\n\t<meta property=\"og:image:height\" content=\"438\" \/>\n\t<meta property=\"og:image:type\" content=\"image\/png\" \/>\n<meta name=\"twitter:card\" content=\"summary_large_image\" \/>\n<meta name=\"twitter:label1\" content=\"Szacowany czas czytania\" \/>\n\t<meta name=\"twitter:data1\" content=\"1 minuta\" \/>\n<script type=\"application\/ld+json\" class=\"yoast-schema-graph\">{\"@context\":\"https:\/\/schema.org\",\"@graph\":[{\"@type\":\"WebPage\",\"@id\":\"https:\/\/ironsky.pl\/sklep\/produkt\/objectif-ares-zestaw-do-mycia-wysokim-cisnieniem\/\",\"url\":\"https:\/\/ironsky.pl\/sklep\/produkt\/objectif-ares-zestaw-do-mycia-wysokim-cisnieniem\/\",\"name\":\"Objectif Ares \u2013 Zestaw do mycia wysokim ci\u015bnieniem - IRONSKY.PL Sklep z Dronami\",\"isPartOf\":{\"@id\":\"https:\/\/ironsky.pl\/sklep\/#website\"},\"primaryImageOfPage\":{\"@id\":\"https:\/\/ironsky.pl\/sklep\/produkt\/objectif-ares-zestaw-do-mycia-wysokim-cisnieniem\/#primaryimage\"},\"image\":{\"@id\":\"https:\/\/ironsky.pl\/sklep\/produkt\/objectif-ares-zestaw-do-mycia-wysokim-cisnieniem\/#primaryimage\"},\"thumbnailUrl\":\"https:\/\/ironsky.pl\/sklep\/wp-content\/uploads\/2025\/11\/Zrzut-ekranu-2025-11-22-114948.png\",\"datePublished\":\"2025-11-22T10:51:41+00:00\",\"dateModified\":\"2026-03-05T14:43:15+00:00\",\"description\":\"Objectif Ares \u2013 Zestaw do mycia wysokim ci\u015bnieniem - ju\u017c teraz zacznij pozbywa\u0107 si\u0119 zanieczyszcze\u0144 z du\u017c\u0105 moc\u0105, lanca przystosowana do oprysk\u00f3w pod wysokim ci\u015bnieniem, pomo\u017ce usun\u0105\u0107 ci zanieczyszczenia przy u\u017cyciu, ciep\u0142ej i zimnej wody.\",\"breadcrumb\":{\"@id\":\"https:\/\/ironsky.pl\/sklep\/produkt\/objectif-ares-zestaw-do-mycia-wysokim-cisnieniem\/#breadcrumb\"},\"inLanguage\":\"pl-PL\",\"potentialAction\":[{\"@type\":\"ReadAction\",\"target\":[\"https:\/\/ironsky.pl\/sklep\/produkt\/objectif-ares-zestaw-do-mycia-wysokim-cisnieniem\/\"]}]},{\"@type\":\"ImageObject\",\"inLanguage\":\"pl-PL\",\"@id\":\"https:\/\/ironsky.pl\/sklep\/produkt\/objectif-ares-zestaw-do-mycia-wysokim-cisnieniem\/#primaryimage\",\"url\":\"https:\/\/ironsky.pl\/sklep\/wp-content\/uploads\/2025\/11\/Zrzut-ekranu-2025-11-22-114948.png\",\"contentUrl\":\"https:\/\/ironsky.pl\/sklep\/wp-content\/uploads\/2025\/11\/Zrzut-ekranu-2025-11-22-114948.png\",\"width\":436,\"height\":438},{\"@type\":\"BreadcrumbList\",\"@id\":\"https:\/\/ironsky.pl\/sklep\/produkt\/objectif-ares-zestaw-do-mycia-wysokim-cisnieniem\/#breadcrumb\",\"itemListElement\":[{\"@type\":\"ListItem\",\"position\":1,\"name\":\"Strona g\u0142\u00f3wna\",\"item\":\"https:\/\/ironsky.pl\/sklep\/\"},{\"@type\":\"ListItem\",\"position\":2,\"name\":\"Wszystkie produkty\",\"item\":\"https:\/\/ironsky.pl\/sklep\/sklep\/\"},{\"@type\":\"ListItem\",\"position\":3,\"name\":\"Objectif Ares \u2013 Zestaw do mycia wysokim ci\u015bnieniem\"}]},{\"@type\":\"WebSite\",\"@id\":\"https:\/\/ironsky.pl\/sklep\/#website\",\"url\":\"https:\/\/ironsky.pl\/sklep\/\",\"name\":\"IRONSKY.PL Sklep z Dronami\",\"description\":\"IRONSKY.PL Sklep z Dronami\",\"potentialAction\":[{\"@type\":\"SearchAction\",\"target\":{\"@type\":\"EntryPoint\",\"urlTemplate\":\"https:\/\/ironsky.pl\/sklep\/?s={search_term_string}\"},\"query-input\":{\"@type\":\"PropertyValueSpecification\",\"valueRequired\":true,\"valueName\":\"search_term_string\"}}],\"inLanguage\":\"pl-PL\"}]}<\/script>\n<!-- \/ Yoast SEO plugin. -->","yoast_head_json":{"title":"Objectif Ares \u2013 Zestaw do mycia wysokim ci\u015bnieniem - IRONSKY.PL Sklep z Dronami","description":"Objectif Ares \u2013 Zestaw do mycia wysokim ci\u015bnieniem - ju\u017c teraz zacznij pozbywa\u0107 si\u0119 zanieczyszcze\u0144 z du\u017c\u0105 moc\u0105, lanca przystosowana do oprysk\u00f3w pod wysokim ci\u015bnieniem, pomo\u017ce usun\u0105\u0107 ci zanieczyszczenia przy u\u017cyciu, ciep\u0142ej i zimnej wody.","robots":{"index":"index","follow":"follow","max-snippet":"max-snippet:-1","max-image-preview":"max-image-preview:large","max-video-preview":"max-video-preview:-1"},"canonical":"https:\/\/ironsky.pl\/sklep\/produkt\/objectif-ares-zestaw-do-mycia-wysokim-cisnieniem\/","og_locale":"pl_PL","og_type":"article","og_title":"Objectif Ares \u2013 Zestaw do mycia wysokim ci\u015bnieniem - IRONSKY.PL Sklep z Dronami","og_description":"Objectif Ares \u2013 Zestaw do mycia wysokim ci\u015bnieniem - ju\u017c teraz zacznij pozbywa\u0107 si\u0119 zanieczyszcze\u0144 z du\u017c\u0105 moc\u0105, lanca przystosowana do oprysk\u00f3w pod wysokim ci\u015bnieniem, pomo\u017ce usun\u0105\u0107 ci zanieczyszczenia przy u\u017cyciu, ciep\u0142ej i zimnej wody.","og_url":"https:\/\/ironsky.pl\/sklep\/produkt\/objectif-ares-zestaw-do-mycia-wysokim-cisnieniem\/","og_site_name":"IRONSKY.PL Sklep z Dronami","article_modified_time":"2026-03-05T14:43:15+00:00","og_image":[{"width":436,"height":438,"url":"https:\/\/ironsky.pl\/sklep\/wp-content\/uploads\/2025\/11\/Zrzut-ekranu-2025-11-22-114948.png","type":"image\/png"}],"twitter_card":"summary_large_image","twitter_misc":{"Szacowany czas czytania":"1 minuta"},"schema":{"@context":"https:\/\/schema.org","@graph":[{"@type":"WebPage","@id":"https:\/\/ironsky.pl\/sklep\/produkt\/objectif-ares-zestaw-do-mycia-wysokim-cisnieniem\/","url":"https:\/\/ironsky.pl\/sklep\/produkt\/objectif-ares-zestaw-do-mycia-wysokim-cisnieniem\/","name":"Objectif Ares \u2013 Zestaw do mycia wysokim ci\u015bnieniem - IRONSKY.PL Sklep z Dronami","isPartOf":{"@id":"https:\/\/ironsky.pl\/sklep\/#website"},"primaryImageOfPage":{"@id":"https:\/\/ironsky.pl\/sklep\/produkt\/objectif-ares-zestaw-do-mycia-wysokim-cisnieniem\/#primaryimage"},"image":{"@id":"https:\/\/ironsky.pl\/sklep\/produkt\/objectif-ares-zestaw-do-mycia-wysokim-cisnieniem\/#primaryimage"},"thumbnailUrl":"https:\/\/ironsky.pl\/sklep\/wp-content\/uploads\/2025\/11\/Zrzut-ekranu-2025-11-22-114948.png","datePublished":"2025-11-22T10:51:41+00:00","dateModified":"2026-03-05T14:43:15+00:00","description":"Objectif Ares \u2013 Zestaw do mycia wysokim ci\u015bnieniem - ju\u017c teraz zacznij pozbywa\u0107 si\u0119 zanieczyszcze\u0144 z du\u017c\u0105 moc\u0105, lanca przystosowana do oprysk\u00f3w pod wysokim ci\u015bnieniem, pomo\u017ce usun\u0105\u0107 ci zanieczyszczenia przy u\u017cyciu, ciep\u0142ej i zimnej wody.","breadcrumb":{"@id":"https:\/\/ironsky.pl\/sklep\/produkt\/objectif-ares-zestaw-do-mycia-wysokim-cisnieniem\/#breadcrumb"},"inLanguage":"pl-PL","potentialAction":[{"@type":"ReadAction","target":["https:\/\/ironsky.pl\/sklep\/produkt\/objectif-ares-zestaw-do-mycia-wysokim-cisnieniem\/"]}]},{"@type":"ImageObject","inLanguage":"pl-PL","@id":"https:\/\/ironsky.pl\/sklep\/produkt\/objectif-ares-zestaw-do-mycia-wysokim-cisnieniem\/#primaryimage","url":"https:\/\/ironsky.pl\/sklep\/wp-content\/uploads\/2025\/11\/Zrzut-ekranu-2025-11-22-114948.png","contentUrl":"https:\/\/ironsky.pl\/sklep\/wp-content\/uploads\/2025\/11\/Zrzut-ekranu-2025-11-22-114948.png","width":436,"height":438},{"@type":"BreadcrumbList","@id":"https:\/\/ironsky.pl\/sklep\/produkt\/objectif-ares-zestaw-do-mycia-wysokim-cisnieniem\/#breadcrumb","itemListElement":[{"@type":"ListItem","position":1,"name":"Strona g\u0142\u00f3wna","item":"https:\/\/ironsky.pl\/sklep\/"},{"@type":"ListItem","position":2,"name":"Wszystkie produkty","item":"https:\/\/ironsky.pl\/sklep\/sklep\/"},{"@type":"ListItem","position":3,"name":"Objectif Ares \u2013 Zestaw do mycia wysokim ci\u015bnieniem"}]},{"@type":"WebSite","@id":"https:\/\/ironsky.pl\/sklep\/#website","url":"https:\/\/ironsky.pl\/sklep\/","name":"IRONSKY.PL Sklep z Dronami","description":"IRONSKY.PL Sklep z Dronami","potentialAction":[{"@type":"SearchAction","target":{"@type":"EntryPoint","urlTemplate":"https:\/\/ironsky.pl\/sklep\/?s={search_term_string}"},"query-input":{"@type":"PropertyValueSpecification","valueRequired":true,"valueName":"search_term_string"}}],"inLanguage":"pl-PL"}]}},"_links":{"self":[{"href":"https:\/\/ironsky.pl\/sklep\/wp-json\/wp\/v2\/product\/50495","targetHints":{"allow":["GET"]}}],"collection":[{"href":"https:\/\/ironsky.pl\/sklep\/wp-json\/wp\/v2\/product"}],"about":[{"href":"https:\/\/ironsky.pl\/sklep\/wp-json\/wp\/v2\/types\/product"}],"replies":[{"embeddable":true,"href":"https:\/\/ironsky.pl\/sklep\/wp-json\/wp\/v2\/comments?post=50495"}],"wp:featuredmedia":[{"embeddable":true,"href":"https:\/\/ironsky.pl\/sklep\/wp-json\/wp\/v2\/media\/50496"}],"wp:attachment":[{"href":"https:\/\/ironsky.pl\/sklep\/wp-json\/wp\/v2\/media?parent=50495"}],"wp:term":[{"taxonomy":"product_brand","embeddable":true,"href":"https:\/\/ironsky.pl\/sklep\/wp-json\/wp\/v2\/product_brand?post=50495"},{"taxonomy":"product_cat","embeddable":true,"href":"https:\/\/ironsky.pl\/sklep\/wp-json\/wp\/v2\/product_cat?post=50495"},{"taxonomy":"product_tag","embeddable":true,"href":"https:\/\/ironsky.pl\/sklep\/wp-json\/wp\/v2\/product_tag?post=50495"}],"curies":[{"name":"wp","href":"https:\/\/api.w.org\/{rel}","templated":true}]}}