{"id":49950,"date":"2025-10-03T10:03:44","date_gmt":"2025-10-03T08:03:44","guid":{"rendered":"https:\/\/ironsky.pl\/drony-sklep\/produkt\/karta-dzwiekowa-ugreen-cm772-usb-c-do-3-5mm-usb-c-a\/"},"modified":"2026-03-05T16:00:25","modified_gmt":"2026-03-05T15:00:25","slug":"karta-dzwiekowa-ugreen-cm772-usb-c-do-3-5mm-usb-c-a","status":"publish","type":"product","link":"https:\/\/ironsky.pl\/sklep\/produkt\/karta-dzwiekowa-ugreen-cm772-usb-c-do-3-5mm-usb-c-a\/","title":{"rendered":"Karta d\u017awi\u0119kowa Ugreen CM772, USB-C do 3.5mm + USB-C\/A"},"content":{"rendered":"<h3>Karta d\u017awi\u0119kowa Ugreen CM772, USB-C do 3.5mm + USB-C\/A<\/h3>\n<p>UGREEN CM772 to zaawansowany adapter 2 w 1 USB-C (Universal Serial Bus Type-C, uniwersalne z\u0142\u0105cze do przesy\u0142ania danych i zasilania) do 3,5mm i USB-C\/USB-A (Universal Serial Bus Type-A). Umo\u017cliwia jednoczesne s\u0142uchanie muzyki i szybkie \u0142adowanie urz\u0105dzenia \u2013 obs\u0142uguje takie standardy, jak na przyk\u0142ad PD3.0 (Power Delivery, technologia szybkiego \u0142adowania) i QC3.0 (Quick Charge, technologia szybkiego \u0142adowania). Zosta\u0142 te\u017c wyposa\u017cony w profesjonalny chip DAC (Digital-to-Analog Converter, cyfrowo-analogowy przetwornik d\u017awi\u0119ku) i oferuje jako\u015b\u0107 d\u017awi\u0119ku Hi-Fi (High Fidelity, wysoka wierno\u015b\u0107 d\u017awi\u0119ku) 48KHz\/16bit. Wytrzyma\u0142a konstrukcja z kablem w nylonowym oplocie i aluminiow\u0105 obudow\u0105 zapewnia imponuj\u0105c\u0105 trwa\u0142o\u015b\u0107 i odporno\u015b\u0107 na uszkodzenia.<\/p>\n<p>\n<img decoding=\"async\" src=\"https:\/\/assets.innpro.pl\/17765\/23588\/2.jpg\" border=\"0\" alt=\"czarny kabel z wtyczk\u0105 jack 3,5 mm le\u017cy na g\u0142o\u015bniku na jasnym tle\" \/>\n<\/p>\n<h3>S\u0142uchanie i \u0142adowanie w tym samym czasie<\/h3>\n<p>Model CM772 pozwala na jednoczesne pod\u0142\u0105czenie s\u0142uchawek czy g\u0142o\u015bnika przez port 3.5mm AUX oraz \u0142adowanie urz\u0105dzenia z moc\u0105 do 60 W. Nie musisz ju\u017c z niczego rezygnowa\u0107 ani si\u0119ga\u0107 po drugi adapter \u2013 jest to szczeg\u00f3lnie przydatne podczas d\u0142ugich podr\u00f3\u017cy samochodem, sesji gamingowych czy pracy z urz\u0105dzeniami mobilnymi.<\/p>\n<p>\n<img decoding=\"async\" src=\"https:\/\/assets.innpro.pl\/17765\/23588\/3.jpg\" border=\"0\" alt=\"Kobieta w okularach i s\u0142uchawkach uczy si\u0119 przy laptopie w kuchni, robi\u0105c notatki w zeszycie\" \/>\n<\/p>\n<h3>Doskona\u0142a jako\u015b\u0107 d\u017awi\u0119ku<\/h3>\n<p>Wbudowany chip DAC zapewnia precyzyjn\u0105 konwersj\u0119 sygna\u0142\u00f3w cyfrowych na analogowe audio z obs\u0142ug\u0105 rozdzielczo\u015bci do 48KHz\/16bit. Dzi\u0119ki temu zyskujesz krystalicznie czysty, nasycony szczeg\u00f3\u0142ami d\u017awi\u0119k Hi-Res o wysokiej wierno\u015bci. Twoje ulubione piosenki nigdy nie brzmia\u0142y lepiej!<\/p>\n<p>\n<img decoding=\"async\" src=\"https:\/\/assets.innpro.pl\/17765\/23588\/5.jpg\" border=\"0\" alt=\"Czarny g\u0142o\u015bnik pod\u0142\u0105czony kablem do telefonu na drewnianym stoliku obok ksi\u0105\u017cek i ro\u015bliny monstera\" \/>\n<\/p>\n<h3>Szybkie \u0142adowanie<\/h3>\n<p>Adapter zosta\u0142 wyposa\u017cony w dwa z\u0142\u0105cza, kt\u00f3re umo\u017cliwiaj\u0105 pod\u0142\u0105czanie go do r\u00f3\u017cnych \u0142adowarek \u2013 USB-A i USB-C. Oba obs\u0142uguj\u0105 szybkie \u0142adowanie \u2013 pierwsze z nich w standardzie QC 18 W, a drugie PD 60 W. Mo\u017cesz wi\u0119c w mgnieniu oka na\u0142adowa\u0107 sw\u00f3j telefon, tablet lub nawet laptopa!<\/p>\n<p>\n<img decoding=\"async\" src=\"https:\/\/assets.innpro.pl\/17765\/23588\/6.jpg\" border=\"0\" alt=\"Laptop z aplikacj\u0105 muzyczn\u0105 pod\u0142\u0105czony kablami do g\u0142o\u015bnika i \u0142adowarki na bia\u0142ym biurku przy oknie\" \/>\n<\/p>\n<h3>Ulepszona konstrukcja<\/h3>\n<p>Nylonowy oplot chroni przew\u00f3d przed uszkodzeniami, a aluminiowa obudowa zapewnia lepsze odprowadzanie ciep\u0142a. Ponadto wysokiej jako\u015bci z\u0142\u0105cza gwarantuj\u0105 stabiln\u0105 transmisj\u0119 audio o du\u017cej pr\u0119dko\u015bci. Dodatkowo d\u0142ugo\u015b\u0107 kabla wynosi oko\u0142o 101 cm + 2x 49 cm, mo\u017cesz wi\u0119c swobodnie pod\u0142\u0105czy\u0107 adapter nie tylko w domu, ale te\u017c na przyk\u0142ad w samochodzie.<\/p>\n<p>\n<img decoding=\"async\" src=\"https:\/\/assets.innpro.pl\/17765\/23588\/7.jpg\" border=\"0\" alt=\"U\u015bmiechni\u0119ty m\u0119\u017cczyzna w s\u0142uchawkach \u0142aduje telefon w poczekalni lotniska z baga\u017cem i walizk\u0105\" \/>\n<\/p>\n<h3>Szeroka kompatybilno\u015b\u0107<\/h3>\n<p>Karta d\u017awi\u0119kowa wsp\u00f3\u0142pracuje z szerok\u0105 gam\u0105 urz\u0105dze\u0144 wyposa\u017conych w porty USB-C, takich jak smartfony, tablety, laptopy czy konsole Nintendo Switch 2. Jest te\u017c kompatybilny z wieloma \u0142adowarkami, g\u0142o\u015bnikami, s\u0142uchawkami i radiami samochodowymi. Uwaga: produkt nie dzia\u0142a z systemem Windows 7, konsolami XBOX, laptopami Dell XPS15 i tabletami Amazon Fire Max 11.<\/p>\n<p>\n<img decoding=\"async\" src=\"https:\/\/assets.innpro.pl\/17765\/23588\/1.jpg\" border=\"0\" alt=\"Kobieta w okularach przeciws\u0142onecznych prowadzi samoch\u00f3d Audi z telefonem zamocowanym na desce rozdzielczej\" \/>\n<\/p>\n<div class=\"table-wrapper\">\n<p>\u00a0<\/p>\n<h3><\/h3>\n<table>\n<tbody>\n<tr>\n<th>Producent<\/th>\n<td>UGREEN<\/td>\n<\/tr>\n<tr>\n<th>Model<\/th>\n<td>CM772<\/td>\n<\/tr>\n<tr>\n<th>Typ<\/th>\n<td>USB-C do 3,5 mm + USB-C\/USB-A<\/td>\n<\/tr>\n<tr>\n<th>Rozdzielczo\u015b\u0107 audio<\/th>\n<td>48KHz\/16bit<\/td>\n<\/tr>\n<tr>\n<th>\u0141adowanie USB-C<\/th>\n<td>PD 60 W maks.<\/td>\n<\/tr>\n<tr>\n<th>\u0141adowanie USB-A<\/th>\n<td>QC 18 W<\/td>\n<\/tr>\n<tr>\n<th>Standardy szybkiego \u0142adowania<\/th>\n<td>PD3.0, QC3.0<\/td>\n<\/tr>\n<tr>\n<th>D\u0142ugo\u015b\u0107 kabla<\/th>\n<td>Ok. 101 cm + 2x 49 cm<\/td>\n<\/tr>\n<tr>\n<th>Materia\u0142 obudowy<\/th>\n<td>Stop aluminium<\/td>\n<\/tr>\n<\/tbody>\n<\/table>\n<\/div>\n","protected":false},"excerpt":{"rendered":"<p>Karta d\u017awi\u0119kowa Ugreen CM772, USB-C do 3.5mm + USB-C\/A UGREEN CM772 to zaawansowany adapter 2 w 1 USB-C (Universal Serial<\/p>\n","protected":false},"featured_media":49951,"comment_status":"closed","ping_status":"open","template":"","meta":{"_acf_changed":false},"product_brand":[],"product_cat":[5929,5935],"product_tag":[],"class_list":{"0":"post-49950","1":"product","2":"type-product","3":"status-publish","4":"has-post-thumbnail","6":"product_cat-akcesoria-it","7":"product_cat-zewnetrzne-karty-dzwiekowe","8":"pa_okres-gwarancji-5757","9":"pa_producent-ugreen","11":"first","12":"outofstock","13":"taxable","14":"shipping-taxable","15":"purchasable","16":"product-type-simple"},"acf":[],"yoast_head":"<!-- This site is optimized with the Yoast SEO plugin v27.2 - https:\/\/yoast.com\/product\/yoast-seo-wordpress\/ -->\n<title>Karta d\u017awi\u0119kowa Ugreen CM772, USB-C do 3.5mm + USB-C\/A - IRONSKY.PL Sklep z Dronami<\/title>\n<meta name=\"description\" content=\"Karta d\u017awi\u0119kowa Ugreen CM772, USB-C do 3.5mm + USB-C\/A - \u2705 sklep z dronami i fachowym doradztwem. \u2705 Tutaj kupisz produkty DJI, Yuneec, Parrot, Syma i wiele innych, a tak\u017ce kursy i licencje na operatora drona.\" \/>\n<meta name=\"robots\" content=\"index, follow, max-snippet:-1, max-image-preview:large, max-video-preview:-1\" \/>\n<link rel=\"canonical\" href=\"https:\/\/ironsky.pl\/sklep\/produkt\/karta-dzwiekowa-ugreen-cm772-usb-c-do-3-5mm-usb-c-a\/\" \/>\n<meta property=\"og:locale\" content=\"pl_PL\" \/>\n<meta property=\"og:type\" content=\"article\" \/>\n<meta property=\"og:title\" content=\"Karta d\u017awi\u0119kowa Ugreen CM772, USB-C do 3.5mm + USB-C\/A - IRONSKY.PL Sklep z Dronami\" \/>\n<meta property=\"og:description\" content=\"Karta d\u017awi\u0119kowa Ugreen CM772, USB-C do 3.5mm + USB-C\/A - \u2705 sklep z dronami i fachowym doradztwem. \u2705 Tutaj kupisz produkty DJI, Yuneec, Parrot, Syma i wiele innych, a tak\u017ce kursy i licencje na operatora drona.\" \/>\n<meta property=\"og:url\" content=\"https:\/\/ironsky.pl\/sklep\/produkt\/karta-dzwiekowa-ugreen-cm772-usb-c-do-3-5mm-usb-c-a\/\" \/>\n<meta property=\"og:site_name\" content=\"IRONSKY.PL Sklep z Dronami\" \/>\n<meta property=\"article:modified_time\" content=\"2026-03-05T15:00:25+00:00\" \/>\n<meta property=\"og:image\" content=\"https:\/\/ironsky.pl\/sklep\/wp-content\/uploads\/2025\/10\/54537_1.jpg\" \/>\n\t<meta property=\"og:image:width\" content=\"800\" \/>\n\t<meta property=\"og:image:height\" content=\"800\" \/>\n\t<meta property=\"og:image:type\" content=\"image\/jpeg\" \/>\n<meta name=\"twitter:card\" content=\"summary_large_image\" \/>\n<meta name=\"twitter:label1\" content=\"Szacowany czas czytania\" \/>\n\t<meta name=\"twitter:data1\" content=\"2 minuty\" \/>\n<script type=\"application\/ld+json\" class=\"yoast-schema-graph\">{\"@context\":\"https:\/\/schema.org\",\"@graph\":[{\"@type\":\"WebPage\",\"@id\":\"https:\/\/ironsky.pl\/sklep\/produkt\/karta-dzwiekowa-ugreen-cm772-usb-c-do-3-5mm-usb-c-a\/\",\"url\":\"https:\/\/ironsky.pl\/sklep\/produkt\/karta-dzwiekowa-ugreen-cm772-usb-c-do-3-5mm-usb-c-a\/\",\"name\":\"Karta d\u017awi\u0119kowa Ugreen CM772, USB-C do 3.5mm + USB-C\/A - IRONSKY.PL Sklep z Dronami\",\"isPartOf\":{\"@id\":\"https:\/\/ironsky.pl\/sklep\/#website\"},\"primaryImageOfPage\":{\"@id\":\"https:\/\/ironsky.pl\/sklep\/produkt\/karta-dzwiekowa-ugreen-cm772-usb-c-do-3-5mm-usb-c-a\/#primaryimage\"},\"image\":{\"@id\":\"https:\/\/ironsky.pl\/sklep\/produkt\/karta-dzwiekowa-ugreen-cm772-usb-c-do-3-5mm-usb-c-a\/#primaryimage\"},\"thumbnailUrl\":\"https:\/\/ironsky.pl\/sklep\/wp-content\/uploads\/2025\/10\/54537_1.jpg\",\"datePublished\":\"2025-10-03T08:03:44+00:00\",\"dateModified\":\"2026-03-05T15:00:25+00:00\",\"description\":\"Karta d\u017awi\u0119kowa Ugreen CM772, USB-C do 3.5mm + USB-C\/A - \u2705 sklep z dronami i fachowym doradztwem. \u2705 Tutaj kupisz produkty DJI, Yuneec, Parrot, Syma i wiele innych, a tak\u017ce kursy i licencje na operatora drona.\",\"breadcrumb\":{\"@id\":\"https:\/\/ironsky.pl\/sklep\/produkt\/karta-dzwiekowa-ugreen-cm772-usb-c-do-3-5mm-usb-c-a\/#breadcrumb\"},\"inLanguage\":\"pl-PL\",\"potentialAction\":[{\"@type\":\"ReadAction\",\"target\":[\"https:\/\/ironsky.pl\/sklep\/produkt\/karta-dzwiekowa-ugreen-cm772-usb-c-do-3-5mm-usb-c-a\/\"]}]},{\"@type\":\"ImageObject\",\"inLanguage\":\"pl-PL\",\"@id\":\"https:\/\/ironsky.pl\/sklep\/produkt\/karta-dzwiekowa-ugreen-cm772-usb-c-do-3-5mm-usb-c-a\/#primaryimage\",\"url\":\"https:\/\/ironsky.pl\/sklep\/wp-content\/uploads\/2025\/10\/54537_1.jpg\",\"contentUrl\":\"https:\/\/ironsky.pl\/sklep\/wp-content\/uploads\/2025\/10\/54537_1.jpg\",\"width\":800,\"height\":800},{\"@type\":\"BreadcrumbList\",\"@id\":\"https:\/\/ironsky.pl\/sklep\/produkt\/karta-dzwiekowa-ugreen-cm772-usb-c-do-3-5mm-usb-c-a\/#breadcrumb\",\"itemListElement\":[{\"@type\":\"ListItem\",\"position\":1,\"name\":\"Strona g\u0142\u00f3wna\",\"item\":\"https:\/\/ironsky.pl\/sklep\/\"},{\"@type\":\"ListItem\",\"position\":2,\"name\":\"Wszystkie produkty\",\"item\":\"https:\/\/ironsky.pl\/sklep\/produkty\/\"},{\"@type\":\"ListItem\",\"position\":3,\"name\":\"Karta d\u017awi\u0119kowa Ugreen CM772, USB-C do 3.5mm + USB-C\/A\"}]},{\"@type\":\"WebSite\",\"@id\":\"https:\/\/ironsky.pl\/sklep\/#website\",\"url\":\"https:\/\/ironsky.pl\/sklep\/\",\"name\":\"IRONSKY.PL Sklep z Dronami\",\"description\":\"IRONSKY.PL Sklep z Dronami\",\"potentialAction\":[{\"@type\":\"SearchAction\",\"target\":{\"@type\":\"EntryPoint\",\"urlTemplate\":\"https:\/\/ironsky.pl\/sklep\/?s={search_term_string}\"},\"query-input\":{\"@type\":\"PropertyValueSpecification\",\"valueRequired\":true,\"valueName\":\"search_term_string\"}}],\"inLanguage\":\"pl-PL\"}]}<\/script>\n<!-- \/ Yoast SEO plugin. -->","yoast_head_json":{"title":"Karta d\u017awi\u0119kowa Ugreen CM772, USB-C do 3.5mm + USB-C\/A - IRONSKY.PL Sklep z Dronami","description":"Karta d\u017awi\u0119kowa Ugreen CM772, USB-C do 3.5mm + USB-C\/A - \u2705 sklep z dronami i fachowym doradztwem. \u2705 Tutaj kupisz produkty DJI, Yuneec, Parrot, Syma i wiele innych, a tak\u017ce kursy i licencje na operatora drona.","robots":{"index":"index","follow":"follow","max-snippet":"max-snippet:-1","max-image-preview":"max-image-preview:large","max-video-preview":"max-video-preview:-1"},"canonical":"https:\/\/ironsky.pl\/sklep\/produkt\/karta-dzwiekowa-ugreen-cm772-usb-c-do-3-5mm-usb-c-a\/","og_locale":"pl_PL","og_type":"article","og_title":"Karta d\u017awi\u0119kowa Ugreen CM772, USB-C do 3.5mm + USB-C\/A - IRONSKY.PL Sklep z Dronami","og_description":"Karta d\u017awi\u0119kowa Ugreen CM772, USB-C do 3.5mm + USB-C\/A - \u2705 sklep z dronami i fachowym doradztwem. \u2705 Tutaj kupisz produkty DJI, Yuneec, Parrot, Syma i wiele innych, a tak\u017ce kursy i licencje na operatora drona.","og_url":"https:\/\/ironsky.pl\/sklep\/produkt\/karta-dzwiekowa-ugreen-cm772-usb-c-do-3-5mm-usb-c-a\/","og_site_name":"IRONSKY.PL Sklep z Dronami","article_modified_time":"2026-03-05T15:00:25+00:00","og_image":[{"width":800,"height":800,"url":"https:\/\/ironsky.pl\/sklep\/wp-content\/uploads\/2025\/10\/54537_1.jpg","type":"image\/jpeg"}],"twitter_card":"summary_large_image","twitter_misc":{"Szacowany czas czytania":"2 minuty"},"schema":{"@context":"https:\/\/schema.org","@graph":[{"@type":"WebPage","@id":"https:\/\/ironsky.pl\/sklep\/produkt\/karta-dzwiekowa-ugreen-cm772-usb-c-do-3-5mm-usb-c-a\/","url":"https:\/\/ironsky.pl\/sklep\/produkt\/karta-dzwiekowa-ugreen-cm772-usb-c-do-3-5mm-usb-c-a\/","name":"Karta d\u017awi\u0119kowa Ugreen CM772, USB-C do 3.5mm + USB-C\/A - IRONSKY.PL Sklep z Dronami","isPartOf":{"@id":"https:\/\/ironsky.pl\/sklep\/#website"},"primaryImageOfPage":{"@id":"https:\/\/ironsky.pl\/sklep\/produkt\/karta-dzwiekowa-ugreen-cm772-usb-c-do-3-5mm-usb-c-a\/#primaryimage"},"image":{"@id":"https:\/\/ironsky.pl\/sklep\/produkt\/karta-dzwiekowa-ugreen-cm772-usb-c-do-3-5mm-usb-c-a\/#primaryimage"},"thumbnailUrl":"https:\/\/ironsky.pl\/sklep\/wp-content\/uploads\/2025\/10\/54537_1.jpg","datePublished":"2025-10-03T08:03:44+00:00","dateModified":"2026-03-05T15:00:25+00:00","description":"Karta d\u017awi\u0119kowa Ugreen CM772, USB-C do 3.5mm + USB-C\/A - \u2705 sklep z dronami i fachowym doradztwem. \u2705 Tutaj kupisz produkty DJI, Yuneec, Parrot, Syma i wiele innych, a tak\u017ce kursy i licencje na operatora drona.","breadcrumb":{"@id":"https:\/\/ironsky.pl\/sklep\/produkt\/karta-dzwiekowa-ugreen-cm772-usb-c-do-3-5mm-usb-c-a\/#breadcrumb"},"inLanguage":"pl-PL","potentialAction":[{"@type":"ReadAction","target":["https:\/\/ironsky.pl\/sklep\/produkt\/karta-dzwiekowa-ugreen-cm772-usb-c-do-3-5mm-usb-c-a\/"]}]},{"@type":"ImageObject","inLanguage":"pl-PL","@id":"https:\/\/ironsky.pl\/sklep\/produkt\/karta-dzwiekowa-ugreen-cm772-usb-c-do-3-5mm-usb-c-a\/#primaryimage","url":"https:\/\/ironsky.pl\/sklep\/wp-content\/uploads\/2025\/10\/54537_1.jpg","contentUrl":"https:\/\/ironsky.pl\/sklep\/wp-content\/uploads\/2025\/10\/54537_1.jpg","width":800,"height":800},{"@type":"BreadcrumbList","@id":"https:\/\/ironsky.pl\/sklep\/produkt\/karta-dzwiekowa-ugreen-cm772-usb-c-do-3-5mm-usb-c-a\/#breadcrumb","itemListElement":[{"@type":"ListItem","position":1,"name":"Strona g\u0142\u00f3wna","item":"https:\/\/ironsky.pl\/sklep\/"},{"@type":"ListItem","position":2,"name":"Wszystkie produkty","item":"https:\/\/ironsky.pl\/sklep\/produkty\/"},{"@type":"ListItem","position":3,"name":"Karta d\u017awi\u0119kowa Ugreen CM772, USB-C do 3.5mm + USB-C\/A"}]},{"@type":"WebSite","@id":"https:\/\/ironsky.pl\/sklep\/#website","url":"https:\/\/ironsky.pl\/sklep\/","name":"IRONSKY.PL Sklep z Dronami","description":"IRONSKY.PL Sklep z Dronami","potentialAction":[{"@type":"SearchAction","target":{"@type":"EntryPoint","urlTemplate":"https:\/\/ironsky.pl\/sklep\/?s={search_term_string}"},"query-input":{"@type":"PropertyValueSpecification","valueRequired":true,"valueName":"search_term_string"}}],"inLanguage":"pl-PL"}]}},"_links":{"self":[{"href":"https:\/\/ironsky.pl\/sklep\/wp-json\/wp\/v2\/product\/49950","targetHints":{"allow":["GET"]}}],"collection":[{"href":"https:\/\/ironsky.pl\/sklep\/wp-json\/wp\/v2\/product"}],"about":[{"href":"https:\/\/ironsky.pl\/sklep\/wp-json\/wp\/v2\/types\/product"}],"replies":[{"embeddable":true,"href":"https:\/\/ironsky.pl\/sklep\/wp-json\/wp\/v2\/comments?post=49950"}],"wp:featuredmedia":[{"embeddable":true,"href":"https:\/\/ironsky.pl\/sklep\/wp-json\/wp\/v2\/media\/49951"}],"wp:attachment":[{"href":"https:\/\/ironsky.pl\/sklep\/wp-json\/wp\/v2\/media?parent=49950"}],"wp:term":[{"taxonomy":"product_brand","embeddable":true,"href":"https:\/\/ironsky.pl\/sklep\/wp-json\/wp\/v2\/product_brand?post=49950"},{"taxonomy":"product_cat","embeddable":true,"href":"https:\/\/ironsky.pl\/sklep\/wp-json\/wp\/v2\/product_cat?post=49950"},{"taxonomy":"product_tag","embeddable":true,"href":"https:\/\/ironsky.pl\/sklep\/wp-json\/wp\/v2\/product_tag?post=49950"}],"curies":[{"name":"wp","href":"https:\/\/api.w.org\/{rel}","templated":true}]}}