{"id":49905,"date":"2025-10-03T10:03:11","date_gmt":"2025-10-03T08:03:11","guid":{"rendered":"https:\/\/ironsky.pl\/drony-sklep\/produkt\/mocowanie-mikrofonu-do-insta360-x5-invisible-mic-cold-shoe-rode-mic\/"},"modified":"2026-03-10T19:53:18","modified_gmt":"2026-03-10T18:53:18","slug":"mocowanie-mikrofonu-do-insta360-x5-invisible-mic-cold-shoe-rode-mic","status":"publish","type":"product","link":"https:\/\/ironsky.pl\/sklep\/produkt\/mocowanie-mikrofonu-do-insta360-x5-invisible-mic-cold-shoe-rode-mic\/","title":{"rendered":"Mocowanie mikrofonu do Insta360 X5 Invisible Mic Cold Shoe (RODE Mic)"},"content":{"rendered":"<h3>Mocowanie mikrofonu do Insta360 X5 Invisible Mic Cold Shoe (RODE Mic)<\/h3>\n<p>Uchwy\u0107 czysty d\u017awi\u0119k bez zak\u0142\u00f3cania kadru \u2013 mocowanie Insta360 X5 Invisible Mic Cold Shoe umo\u017cliwia zamontowanie mikrofonu R\u00d8DE (Wireless GO\/GO II\/Me\/Pro) w taki spos\u00f3b, aby pozosta\u0142 niewidoczny na uj\u0119ciach 360\u00b0. Akcesorium zosta\u0142o zaprojektowane specjalnie do wsp\u00f3\u0142pracy z kamer\u0105 Insta360 X5 i adapterem mikrofonowym, oferuj\u0105c stabilne, dyskretne mocowanie typu cold shoe. Jest przy tym bardzo lekkie, a zarazem wytrzyma\u0142e.<\/p>\n<p>\n<img decoding=\"async\" src=\"https:\/\/assets.innpro.pl\/17706\/23478\/3.jpg\" border=\"0\" alt=\"kamera 360\u00b0 z przymocowanym mikrofonem na szarym tle\" \/>\n<\/p>\n<h3>W zestawie<\/h3>\n<ul class=\"list-disc pl-5\">\n<li>Mocowanie mikrofonu<\/li>\n<li>Kabel audio 3,5 mm (155 mm \u00b1 10 mm)<\/li>\n<li>Pasek na rzep<\/li>\n<\/ul>\n<div class=\"table-wrapper\">\n<p>\u00a0<\/p>\n<h3><\/h3>\n<table>\n<tbody>\n<tr>\n<th>Producent<\/th>\n<td>Insta360<\/td>\n<\/tr>\n<tr>\n<th>Nazwa<\/th>\n<td>X5 Invisible Mic Cold Shoe (For R\u00d8DE Mics)<\/td>\n<\/tr>\n<tr>\n<th>Model<\/th>\n<td>CINSBAHP<\/td>\n<\/tr>\n<tr>\n<th>Typ mocowania<\/th>\n<td>Cold Shoe<\/td>\n<\/tr>\n<tr>\n<th>Kompatybilno\u015b\u0107<\/th>\n<td>Kamera Insta360 X5<\/td>\n<\/tr>\n<tr>\n<th>Kompatybilne mikrofony<\/th>\n<td>R\u00d8DE Wireless GO\/GO II\/Me\/Pro<\/td>\n<\/tr>\n<\/tbody>\n<\/table>\n<\/div>\n","protected":false},"excerpt":{"rendered":"<p>Mocowanie mikrofonu do Insta360 X5 Invisible Mic Cold Shoe (RODE Mic) Uchwy\u0107 czysty d\u017awi\u0119k bez zak\u0142\u00f3cania kadru \u2013 mocowanie Insta360<\/p>\n","protected":false},"featured_media":49906,"comment_status":"closed","ping_status":"open","template":"","meta":{"_acf_changed":false},"product_brand":[],"product_cat":[1130,1137,1128],"product_tag":[],"class_list":{"0":"post-49905","1":"product","2":"type-product","3":"status-publish","4":"has-post-thumbnail","6":"product_cat-akcesoria-foto","7":"product_cat-do-kamer-sportowych","8":"product_cat-foto-wideo","9":"pa_okres-gwarancji-5754","10":"pa_producent-insta360","12":"first","13":"outofstock","14":"taxable","15":"shipping-taxable","16":"purchasable","17":"product-type-simple"},"acf":[],"yoast_head":"<!-- This site is optimized with the Yoast SEO plugin v27.2 - https:\/\/yoast.com\/product\/yoast-seo-wordpress\/ -->\n<title>Mocowanie mikrofonu do Insta360 X5 Invisible Mic Cold Shoe (RODE Mic) - IRONSKY.PL Sklep z Dronami<\/title>\n<meta name=\"description\" content=\"Mocowanie mikrofonu do Insta360 X5 Invisible Mic Cold Shoe (RODE Mic) - \u2705 sklep z dronami i fachowym doradztwem. \u2705 Tutaj kupisz produkty DJI, Yuneec, Parrot, Syma i wiele innych, a tak\u017ce kursy i licencje na operatora drona.\" \/>\n<meta name=\"robots\" content=\"index, follow, max-snippet:-1, max-image-preview:large, max-video-preview:-1\" \/>\n<link rel=\"canonical\" href=\"https:\/\/ironsky.pl\/sklep\/produkt\/mocowanie-mikrofonu-do-insta360-x5-invisible-mic-cold-shoe-rode-mic\/\" \/>\n<meta property=\"og:locale\" content=\"pl_PL\" \/>\n<meta property=\"og:type\" content=\"article\" \/>\n<meta property=\"og:title\" content=\"Mocowanie mikrofonu do Insta360 X5 Invisible Mic Cold Shoe (RODE Mic) - IRONSKY.PL Sklep z Dronami\" \/>\n<meta property=\"og:description\" content=\"Mocowanie mikrofonu do Insta360 X5 Invisible Mic Cold Shoe (RODE Mic) - \u2705 sklep z dronami i fachowym doradztwem. \u2705 Tutaj kupisz produkty DJI, Yuneec, Parrot, Syma i wiele innych, a tak\u017ce kursy i licencje na operatora drona.\" \/>\n<meta property=\"og:url\" content=\"https:\/\/ironsky.pl\/sklep\/produkt\/mocowanie-mikrofonu-do-insta360-x5-invisible-mic-cold-shoe-rode-mic\/\" \/>\n<meta property=\"og:site_name\" content=\"IRONSKY.PL Sklep z Dronami\" \/>\n<meta property=\"article:modified_time\" content=\"2026-03-10T18:53:18+00:00\" \/>\n<meta property=\"og:image\" content=\"https:\/\/ironsky.pl\/sklep\/wp-content\/uploads\/2025\/10\/54453_1.jpg\" \/>\n\t<meta property=\"og:image:width\" content=\"800\" \/>\n\t<meta property=\"og:image:height\" content=\"800\" \/>\n\t<meta property=\"og:image:type\" content=\"image\/jpeg\" \/>\n<meta name=\"twitter:card\" content=\"summary_large_image\" \/>\n<meta name=\"twitter:label1\" content=\"Szacowany czas czytania\" \/>\n\t<meta name=\"twitter:data1\" content=\"1 minuta\" \/>\n<script type=\"application\/ld+json\" class=\"yoast-schema-graph\">{\"@context\":\"https:\/\/schema.org\",\"@graph\":[{\"@type\":\"WebPage\",\"@id\":\"https:\/\/ironsky.pl\/sklep\/produkt\/mocowanie-mikrofonu-do-insta360-x5-invisible-mic-cold-shoe-rode-mic\/\",\"url\":\"https:\/\/ironsky.pl\/sklep\/produkt\/mocowanie-mikrofonu-do-insta360-x5-invisible-mic-cold-shoe-rode-mic\/\",\"name\":\"Mocowanie mikrofonu do Insta360 X5 Invisible Mic Cold Shoe (RODE Mic) - IRONSKY.PL Sklep z Dronami\",\"isPartOf\":{\"@id\":\"https:\/\/ironsky.pl\/sklep\/#website\"},\"primaryImageOfPage\":{\"@id\":\"https:\/\/ironsky.pl\/sklep\/produkt\/mocowanie-mikrofonu-do-insta360-x5-invisible-mic-cold-shoe-rode-mic\/#primaryimage\"},\"image\":{\"@id\":\"https:\/\/ironsky.pl\/sklep\/produkt\/mocowanie-mikrofonu-do-insta360-x5-invisible-mic-cold-shoe-rode-mic\/#primaryimage\"},\"thumbnailUrl\":\"https:\/\/ironsky.pl\/sklep\/wp-content\/uploads\/2025\/10\/54453_1.jpg\",\"datePublished\":\"2025-10-03T08:03:11+00:00\",\"dateModified\":\"2026-03-10T18:53:18+00:00\",\"description\":\"Mocowanie mikrofonu do Insta360 X5 Invisible Mic Cold Shoe (RODE Mic) - \u2705 sklep z dronami i fachowym doradztwem. \u2705 Tutaj kupisz produkty DJI, Yuneec, Parrot, Syma i wiele innych, a tak\u017ce kursy i licencje na operatora drona.\",\"breadcrumb\":{\"@id\":\"https:\/\/ironsky.pl\/sklep\/produkt\/mocowanie-mikrofonu-do-insta360-x5-invisible-mic-cold-shoe-rode-mic\/#breadcrumb\"},\"inLanguage\":\"pl-PL\",\"potentialAction\":[{\"@type\":\"ReadAction\",\"target\":[\"https:\/\/ironsky.pl\/sklep\/produkt\/mocowanie-mikrofonu-do-insta360-x5-invisible-mic-cold-shoe-rode-mic\/\"]}]},{\"@type\":\"ImageObject\",\"inLanguage\":\"pl-PL\",\"@id\":\"https:\/\/ironsky.pl\/sklep\/produkt\/mocowanie-mikrofonu-do-insta360-x5-invisible-mic-cold-shoe-rode-mic\/#primaryimage\",\"url\":\"https:\/\/ironsky.pl\/sklep\/wp-content\/uploads\/2025\/10\/54453_1.jpg\",\"contentUrl\":\"https:\/\/ironsky.pl\/sklep\/wp-content\/uploads\/2025\/10\/54453_1.jpg\",\"width\":800,\"height\":800},{\"@type\":\"BreadcrumbList\",\"@id\":\"https:\/\/ironsky.pl\/sklep\/produkt\/mocowanie-mikrofonu-do-insta360-x5-invisible-mic-cold-shoe-rode-mic\/#breadcrumb\",\"itemListElement\":[{\"@type\":\"ListItem\",\"position\":1,\"name\":\"Strona g\u0142\u00f3wna\",\"item\":\"https:\/\/ironsky.pl\/sklep\/\"},{\"@type\":\"ListItem\",\"position\":2,\"name\":\"Wszystkie produkty\",\"item\":\"https:\/\/ironsky.pl\/sklep\/produkty\/\"},{\"@type\":\"ListItem\",\"position\":3,\"name\":\"Mocowanie mikrofonu do Insta360 X5 Invisible Mic Cold Shoe (RODE Mic)\"}]},{\"@type\":\"WebSite\",\"@id\":\"https:\/\/ironsky.pl\/sklep\/#website\",\"url\":\"https:\/\/ironsky.pl\/sklep\/\",\"name\":\"IRONSKY.PL Sklep z Dronami\",\"description\":\"IRONSKY.PL Sklep z Dronami\",\"potentialAction\":[{\"@type\":\"SearchAction\",\"target\":{\"@type\":\"EntryPoint\",\"urlTemplate\":\"https:\/\/ironsky.pl\/sklep\/?s={search_term_string}\"},\"query-input\":{\"@type\":\"PropertyValueSpecification\",\"valueRequired\":true,\"valueName\":\"search_term_string\"}}],\"inLanguage\":\"pl-PL\"}]}<\/script>\n<!-- \/ Yoast SEO plugin. -->","yoast_head_json":{"title":"Mocowanie mikrofonu do Insta360 X5 Invisible Mic Cold Shoe (RODE Mic) - IRONSKY.PL Sklep z Dronami","description":"Mocowanie mikrofonu do Insta360 X5 Invisible Mic Cold Shoe (RODE Mic) - \u2705 sklep z dronami i fachowym doradztwem. \u2705 Tutaj kupisz produkty DJI, Yuneec, Parrot, Syma i wiele innych, a tak\u017ce kursy i licencje na operatora drona.","robots":{"index":"index","follow":"follow","max-snippet":"max-snippet:-1","max-image-preview":"max-image-preview:large","max-video-preview":"max-video-preview:-1"},"canonical":"https:\/\/ironsky.pl\/sklep\/produkt\/mocowanie-mikrofonu-do-insta360-x5-invisible-mic-cold-shoe-rode-mic\/","og_locale":"pl_PL","og_type":"article","og_title":"Mocowanie mikrofonu do Insta360 X5 Invisible Mic Cold Shoe (RODE Mic) - IRONSKY.PL Sklep z Dronami","og_description":"Mocowanie mikrofonu do Insta360 X5 Invisible Mic Cold Shoe (RODE Mic) - \u2705 sklep z dronami i fachowym doradztwem. \u2705 Tutaj kupisz produkty DJI, Yuneec, Parrot, Syma i wiele innych, a tak\u017ce kursy i licencje na operatora drona.","og_url":"https:\/\/ironsky.pl\/sklep\/produkt\/mocowanie-mikrofonu-do-insta360-x5-invisible-mic-cold-shoe-rode-mic\/","og_site_name":"IRONSKY.PL Sklep z Dronami","article_modified_time":"2026-03-10T18:53:18+00:00","og_image":[{"width":800,"height":800,"url":"https:\/\/ironsky.pl\/sklep\/wp-content\/uploads\/2025\/10\/54453_1.jpg","type":"image\/jpeg"}],"twitter_card":"summary_large_image","twitter_misc":{"Szacowany czas czytania":"1 minuta"},"schema":{"@context":"https:\/\/schema.org","@graph":[{"@type":"WebPage","@id":"https:\/\/ironsky.pl\/sklep\/produkt\/mocowanie-mikrofonu-do-insta360-x5-invisible-mic-cold-shoe-rode-mic\/","url":"https:\/\/ironsky.pl\/sklep\/produkt\/mocowanie-mikrofonu-do-insta360-x5-invisible-mic-cold-shoe-rode-mic\/","name":"Mocowanie mikrofonu do Insta360 X5 Invisible Mic Cold Shoe (RODE Mic) - IRONSKY.PL Sklep z Dronami","isPartOf":{"@id":"https:\/\/ironsky.pl\/sklep\/#website"},"primaryImageOfPage":{"@id":"https:\/\/ironsky.pl\/sklep\/produkt\/mocowanie-mikrofonu-do-insta360-x5-invisible-mic-cold-shoe-rode-mic\/#primaryimage"},"image":{"@id":"https:\/\/ironsky.pl\/sklep\/produkt\/mocowanie-mikrofonu-do-insta360-x5-invisible-mic-cold-shoe-rode-mic\/#primaryimage"},"thumbnailUrl":"https:\/\/ironsky.pl\/sklep\/wp-content\/uploads\/2025\/10\/54453_1.jpg","datePublished":"2025-10-03T08:03:11+00:00","dateModified":"2026-03-10T18:53:18+00:00","description":"Mocowanie mikrofonu do Insta360 X5 Invisible Mic Cold Shoe (RODE Mic) - \u2705 sklep z dronami i fachowym doradztwem. \u2705 Tutaj kupisz produkty DJI, Yuneec, Parrot, Syma i wiele innych, a tak\u017ce kursy i licencje na operatora drona.","breadcrumb":{"@id":"https:\/\/ironsky.pl\/sklep\/produkt\/mocowanie-mikrofonu-do-insta360-x5-invisible-mic-cold-shoe-rode-mic\/#breadcrumb"},"inLanguage":"pl-PL","potentialAction":[{"@type":"ReadAction","target":["https:\/\/ironsky.pl\/sklep\/produkt\/mocowanie-mikrofonu-do-insta360-x5-invisible-mic-cold-shoe-rode-mic\/"]}]},{"@type":"ImageObject","inLanguage":"pl-PL","@id":"https:\/\/ironsky.pl\/sklep\/produkt\/mocowanie-mikrofonu-do-insta360-x5-invisible-mic-cold-shoe-rode-mic\/#primaryimage","url":"https:\/\/ironsky.pl\/sklep\/wp-content\/uploads\/2025\/10\/54453_1.jpg","contentUrl":"https:\/\/ironsky.pl\/sklep\/wp-content\/uploads\/2025\/10\/54453_1.jpg","width":800,"height":800},{"@type":"BreadcrumbList","@id":"https:\/\/ironsky.pl\/sklep\/produkt\/mocowanie-mikrofonu-do-insta360-x5-invisible-mic-cold-shoe-rode-mic\/#breadcrumb","itemListElement":[{"@type":"ListItem","position":1,"name":"Strona g\u0142\u00f3wna","item":"https:\/\/ironsky.pl\/sklep\/"},{"@type":"ListItem","position":2,"name":"Wszystkie produkty","item":"https:\/\/ironsky.pl\/sklep\/produkty\/"},{"@type":"ListItem","position":3,"name":"Mocowanie mikrofonu do Insta360 X5 Invisible Mic Cold Shoe (RODE Mic)"}]},{"@type":"WebSite","@id":"https:\/\/ironsky.pl\/sklep\/#website","url":"https:\/\/ironsky.pl\/sklep\/","name":"IRONSKY.PL Sklep z Dronami","description":"IRONSKY.PL Sklep z Dronami","potentialAction":[{"@type":"SearchAction","target":{"@type":"EntryPoint","urlTemplate":"https:\/\/ironsky.pl\/sklep\/?s={search_term_string}"},"query-input":{"@type":"PropertyValueSpecification","valueRequired":true,"valueName":"search_term_string"}}],"inLanguage":"pl-PL"}]}},"_links":{"self":[{"href":"https:\/\/ironsky.pl\/sklep\/wp-json\/wp\/v2\/product\/49905","targetHints":{"allow":["GET"]}}],"collection":[{"href":"https:\/\/ironsky.pl\/sklep\/wp-json\/wp\/v2\/product"}],"about":[{"href":"https:\/\/ironsky.pl\/sklep\/wp-json\/wp\/v2\/types\/product"}],"replies":[{"embeddable":true,"href":"https:\/\/ironsky.pl\/sklep\/wp-json\/wp\/v2\/comments?post=49905"}],"wp:featuredmedia":[{"embeddable":true,"href":"https:\/\/ironsky.pl\/sklep\/wp-json\/wp\/v2\/media\/49906"}],"wp:attachment":[{"href":"https:\/\/ironsky.pl\/sklep\/wp-json\/wp\/v2\/media?parent=49905"}],"wp:term":[{"taxonomy":"product_brand","embeddable":true,"href":"https:\/\/ironsky.pl\/sklep\/wp-json\/wp\/v2\/product_brand?post=49905"},{"taxonomy":"product_cat","embeddable":true,"href":"https:\/\/ironsky.pl\/sklep\/wp-json\/wp\/v2\/product_cat?post=49905"},{"taxonomy":"product_tag","embeddable":true,"href":"https:\/\/ironsky.pl\/sklep\/wp-json\/wp\/v2\/product_tag?post=49905"}],"curies":[{"name":"wp","href":"https:\/\/api.w.org\/{rel}","templated":true}]}}