{"id":49441,"date":"2025-10-03T09:59:26","date_gmt":"2025-10-03T07:59:26","guid":{"rendered":"https:\/\/ironsky.pl\/drony-sklep\/produkt\/przezroczyste-oslony-obiektywow-do-dji-osmo-360\/"},"modified":"2026-05-03T10:14:43","modified_gmt":"2026-05-03T08:14:43","slug":"przezroczyste-oslony-obiektywow-do-dji-osmo-360","status":"publish","type":"product","link":"https:\/\/ironsky.pl\/sklep\/produkt\/przezroczyste-oslony-obiektywow-do-dji-osmo-360\/","title":{"rendered":"Przezroczyste os\u0142ony obiektyw\u00f3w do DJI Osmo 360"},"content":{"rendered":"<h3>Przezroczyste os\u0142ony obiektyw\u00f3w do DJI Osmo 360<\/h3>\n<p>Przezroczyste os\u0142ony obiektyw\u00f3w DJI Osmo 360 zosta\u0142y stworzone z my\u015bl\u0105 o u\u017cytkownikach, kt\u00f3rzy chc\u0105 zabezpieczy\u0107 sw\u00f3j sprz\u0119t bez kompromis\u00f3w w jako\u015bci nagra\u0144. Mocno przylegaj\u0105 do kamer, skutecznie chroni\u0105c delikatne soczewki przed zarysowaniami, kurzem czy innymi uszkodzeniami mechanicznymi. Dzi\u0119ki zastosowaniu szk\u0142a z wielowarstwow\u0105 pow\u0142ok\u0105 oraz starannie opracowanej konstrukcji optycznej akcesoria te minimalizuj\u0105 odbicia i straty jako\u015bci obrazu. Nawet w wymagaj\u0105cych warunkach Twoje uj\u0119cia 360\u00b0 pozostan\u0105 wyraziste, kontrastowe i pe\u0142ne kolor\u00f3w \u2013 dok\u0142adnie tak, jak tego oczekujesz.<\/p>\n<p>\n<img decoding=\"async\" src=\"https:\/\/assets.innpro.pl\/17605\/23339\/4.jpg\" border=\"0\" alt=\"przezroczyste os\u0142ony obiektywu do kamery 360\u00b0 i \u015bciereczka do czyszczenia na szarym tle\" \/>\n<\/p>\n<h3>W zestawie<\/h3>\n<ul class=\"list-disc pl-5\">\n<li>Przezroczysta os\u0142ona obiektywu do DJI Osmo 360 x2<\/li>\n<li>\u015aciereczka do czyszczenia obiektywu x1<\/li>\n<\/ul>\n<div class=\"table-wrapper\">\n<p>\u00a0<\/p>\n<h3><\/h3>\n<table>\n<tbody>\n<tr>\n<th>Producent<\/th>\n<td>DJI<\/td>\n<\/tr>\n<tr>\n<th>Kod producenta<\/th>\n<td>CP.OS.00000456.01 <\/td>\n<\/tr>\n<tr>\n<th>Wymiary<\/th>\n<td>ok. 38 \u00d7 18,5 \u00d7 41 mm (D \u00d7 S \u00d7 W)<\/td>\n<\/tr>\n<tr>\n<th>Waga<\/th>\n<td>ok. 4 g (2 sztuki)<\/td>\n<\/tr>\n<\/tbody>\n<\/table>\n<\/div>\n","protected":false},"excerpt":{"rendered":"<p>Przezroczyste os\u0142ony obiektyw\u00f3w do DJI Osmo 360 Przezroczyste os\u0142ony obiektyw\u00f3w DJI Osmo 360 zosta\u0142y stworzone z my\u015bl\u0105 o u\u017cytkownikach, kt\u00f3rzy<\/p>\n","protected":false},"featured_media":49442,"comment_status":"closed","ping_status":"open","template":"","meta":{"_acf_changed":false},"product_brand":[],"product_cat":[1130,1137,1128],"product_tag":[],"class_list":{"0":"post-49441","1":"product","2":"type-product","3":"status-publish","4":"has-post-thumbnail","6":"product_cat-akcesoria-foto","7":"product_cat-do-kamer-sportowych","8":"product_cat-foto-wideo","9":"pa_okres-gwarancji-5757","10":"pa_producent-dji","12":"first","13":"instock","14":"taxable","15":"shipping-taxable","16":"purchasable","17":"product-type-simple"},"acf":[],"yoast_head":"<!-- This site is optimized with the Yoast SEO plugin v27.2 - https:\/\/yoast.com\/product\/yoast-seo-wordpress\/ -->\n<title>Przezroczyste os\u0142ony obiektyw\u00f3w do DJI Osmo 360 - IRONSKY.PL Sklep z Dronami<\/title>\n<meta name=\"description\" content=\"Przezroczyste os\u0142ony obiektyw\u00f3w do DJI Osmo 360 - \u2705 sklep z dronami i fachowym doradztwem. \u2705 Tutaj kupisz produkty DJI, Yuneec, Parrot, Syma i wiele innych, a tak\u017ce kursy i licencje na operatora drona.\" \/>\n<meta name=\"robots\" content=\"index, follow, max-snippet:-1, max-image-preview:large, max-video-preview:-1\" \/>\n<link rel=\"canonical\" href=\"https:\/\/ironsky.pl\/sklep\/produkt\/przezroczyste-oslony-obiektywow-do-dji-osmo-360\/\" \/>\n<meta property=\"og:locale\" content=\"pl_PL\" \/>\n<meta property=\"og:type\" content=\"article\" \/>\n<meta property=\"og:title\" content=\"Przezroczyste os\u0142ony obiektyw\u00f3w do DJI Osmo 360 - IRONSKY.PL Sklep z Dronami\" \/>\n<meta property=\"og:description\" content=\"Przezroczyste os\u0142ony obiektyw\u00f3w do DJI Osmo 360 - \u2705 sklep z dronami i fachowym doradztwem. \u2705 Tutaj kupisz produkty DJI, Yuneec, Parrot, Syma i wiele innych, a tak\u017ce kursy i licencje na operatora drona.\" \/>\n<meta property=\"og:url\" content=\"https:\/\/ironsky.pl\/sklep\/produkt\/przezroczyste-oslony-obiektywow-do-dji-osmo-360\/\" \/>\n<meta property=\"og:site_name\" content=\"IRONSKY.PL Sklep z Dronami\" \/>\n<meta property=\"article:modified_time\" content=\"2026-05-03T08:14:43+00:00\" \/>\n<meta property=\"og:image\" content=\"https:\/\/ironsky.pl\/sklep\/wp-content\/uploads\/2025\/10\/53843_1.jpg\" \/>\n\t<meta property=\"og:image:width\" content=\"800\" \/>\n\t<meta property=\"og:image:height\" content=\"800\" \/>\n\t<meta property=\"og:image:type\" content=\"image\/jpeg\" \/>\n<meta name=\"twitter:card\" content=\"summary_large_image\" \/>\n<meta name=\"twitter:label1\" content=\"Szacowany czas czytania\" \/>\n\t<meta name=\"twitter:data1\" content=\"1 minuta\" \/>\n<script type=\"application\/ld+json\" class=\"yoast-schema-graph\">{\"@context\":\"https:\/\/schema.org\",\"@graph\":[{\"@type\":\"WebPage\",\"@id\":\"https:\/\/ironsky.pl\/sklep\/produkt\/przezroczyste-oslony-obiektywow-do-dji-osmo-360\/\",\"url\":\"https:\/\/ironsky.pl\/sklep\/produkt\/przezroczyste-oslony-obiektywow-do-dji-osmo-360\/\",\"name\":\"Przezroczyste os\u0142ony obiektyw\u00f3w do DJI Osmo 360 - IRONSKY.PL Sklep z Dronami\",\"isPartOf\":{\"@id\":\"https:\/\/ironsky.pl\/sklep\/#website\"},\"primaryImageOfPage\":{\"@id\":\"https:\/\/ironsky.pl\/sklep\/produkt\/przezroczyste-oslony-obiektywow-do-dji-osmo-360\/#primaryimage\"},\"image\":{\"@id\":\"https:\/\/ironsky.pl\/sklep\/produkt\/przezroczyste-oslony-obiektywow-do-dji-osmo-360\/#primaryimage\"},\"thumbnailUrl\":\"https:\/\/ironsky.pl\/sklep\/wp-content\/uploads\/2025\/10\/53843_1.jpg\",\"datePublished\":\"2025-10-03T07:59:26+00:00\",\"dateModified\":\"2026-05-03T08:14:43+00:00\",\"description\":\"Przezroczyste os\u0142ony obiektyw\u00f3w do DJI Osmo 360 - \u2705 sklep z dronami i fachowym doradztwem. \u2705 Tutaj kupisz produkty DJI, Yuneec, Parrot, Syma i wiele innych, a tak\u017ce kursy i licencje na operatora drona.\",\"breadcrumb\":{\"@id\":\"https:\/\/ironsky.pl\/sklep\/produkt\/przezroczyste-oslony-obiektywow-do-dji-osmo-360\/#breadcrumb\"},\"inLanguage\":\"pl-PL\",\"potentialAction\":[{\"@type\":\"ReadAction\",\"target\":[\"https:\/\/ironsky.pl\/sklep\/produkt\/przezroczyste-oslony-obiektywow-do-dji-osmo-360\/\"]}]},{\"@type\":\"ImageObject\",\"inLanguage\":\"pl-PL\",\"@id\":\"https:\/\/ironsky.pl\/sklep\/produkt\/przezroczyste-oslony-obiektywow-do-dji-osmo-360\/#primaryimage\",\"url\":\"https:\/\/ironsky.pl\/sklep\/wp-content\/uploads\/2025\/10\/53843_1.jpg\",\"contentUrl\":\"https:\/\/ironsky.pl\/sklep\/wp-content\/uploads\/2025\/10\/53843_1.jpg\",\"width\":800,\"height\":800},{\"@type\":\"BreadcrumbList\",\"@id\":\"https:\/\/ironsky.pl\/sklep\/produkt\/przezroczyste-oslony-obiektywow-do-dji-osmo-360\/#breadcrumb\",\"itemListElement\":[{\"@type\":\"ListItem\",\"position\":1,\"name\":\"Strona g\u0142\u00f3wna\",\"item\":\"https:\/\/ironsky.pl\/sklep\/\"},{\"@type\":\"ListItem\",\"position\":2,\"name\":\"Wszystkie produkty\",\"item\":\"https:\/\/ironsky.pl\/sklep\/produkty\/\"},{\"@type\":\"ListItem\",\"position\":3,\"name\":\"Przezroczyste os\u0142ony obiektyw\u00f3w do DJI Osmo 360\"}]},{\"@type\":\"WebSite\",\"@id\":\"https:\/\/ironsky.pl\/sklep\/#website\",\"url\":\"https:\/\/ironsky.pl\/sklep\/\",\"name\":\"IRONSKY.PL Sklep z Dronami\",\"description\":\"IRONSKY.PL Sklep z Dronami\",\"potentialAction\":[{\"@type\":\"SearchAction\",\"target\":{\"@type\":\"EntryPoint\",\"urlTemplate\":\"https:\/\/ironsky.pl\/sklep\/?s={search_term_string}\"},\"query-input\":{\"@type\":\"PropertyValueSpecification\",\"valueRequired\":true,\"valueName\":\"search_term_string\"}}],\"inLanguage\":\"pl-PL\"}]}<\/script>\n<!-- \/ Yoast SEO plugin. -->","yoast_head_json":{"title":"Przezroczyste os\u0142ony obiektyw\u00f3w do DJI Osmo 360 - IRONSKY.PL Sklep z Dronami","description":"Przezroczyste os\u0142ony obiektyw\u00f3w do DJI Osmo 360 - \u2705 sklep z dronami i fachowym doradztwem. \u2705 Tutaj kupisz produkty DJI, Yuneec, Parrot, Syma i wiele innych, a tak\u017ce kursy i licencje na operatora drona.","robots":{"index":"index","follow":"follow","max-snippet":"max-snippet:-1","max-image-preview":"max-image-preview:large","max-video-preview":"max-video-preview:-1"},"canonical":"https:\/\/ironsky.pl\/sklep\/produkt\/przezroczyste-oslony-obiektywow-do-dji-osmo-360\/","og_locale":"pl_PL","og_type":"article","og_title":"Przezroczyste os\u0142ony obiektyw\u00f3w do DJI Osmo 360 - IRONSKY.PL Sklep z Dronami","og_description":"Przezroczyste os\u0142ony obiektyw\u00f3w do DJI Osmo 360 - \u2705 sklep z dronami i fachowym doradztwem. \u2705 Tutaj kupisz produkty DJI, Yuneec, Parrot, Syma i wiele innych, a tak\u017ce kursy i licencje na operatora drona.","og_url":"https:\/\/ironsky.pl\/sklep\/produkt\/przezroczyste-oslony-obiektywow-do-dji-osmo-360\/","og_site_name":"IRONSKY.PL Sklep z Dronami","article_modified_time":"2026-05-03T08:14:43+00:00","og_image":[{"width":800,"height":800,"url":"https:\/\/ironsky.pl\/sklep\/wp-content\/uploads\/2025\/10\/53843_1.jpg","type":"image\/jpeg"}],"twitter_card":"summary_large_image","twitter_misc":{"Szacowany czas czytania":"1 minuta"},"schema":{"@context":"https:\/\/schema.org","@graph":[{"@type":"WebPage","@id":"https:\/\/ironsky.pl\/sklep\/produkt\/przezroczyste-oslony-obiektywow-do-dji-osmo-360\/","url":"https:\/\/ironsky.pl\/sklep\/produkt\/przezroczyste-oslony-obiektywow-do-dji-osmo-360\/","name":"Przezroczyste os\u0142ony obiektyw\u00f3w do DJI Osmo 360 - IRONSKY.PL Sklep z Dronami","isPartOf":{"@id":"https:\/\/ironsky.pl\/sklep\/#website"},"primaryImageOfPage":{"@id":"https:\/\/ironsky.pl\/sklep\/produkt\/przezroczyste-oslony-obiektywow-do-dji-osmo-360\/#primaryimage"},"image":{"@id":"https:\/\/ironsky.pl\/sklep\/produkt\/przezroczyste-oslony-obiektywow-do-dji-osmo-360\/#primaryimage"},"thumbnailUrl":"https:\/\/ironsky.pl\/sklep\/wp-content\/uploads\/2025\/10\/53843_1.jpg","datePublished":"2025-10-03T07:59:26+00:00","dateModified":"2026-05-03T08:14:43+00:00","description":"Przezroczyste os\u0142ony obiektyw\u00f3w do DJI Osmo 360 - \u2705 sklep z dronami i fachowym doradztwem. \u2705 Tutaj kupisz produkty DJI, Yuneec, Parrot, Syma i wiele innych, a tak\u017ce kursy i licencje na operatora drona.","breadcrumb":{"@id":"https:\/\/ironsky.pl\/sklep\/produkt\/przezroczyste-oslony-obiektywow-do-dji-osmo-360\/#breadcrumb"},"inLanguage":"pl-PL","potentialAction":[{"@type":"ReadAction","target":["https:\/\/ironsky.pl\/sklep\/produkt\/przezroczyste-oslony-obiektywow-do-dji-osmo-360\/"]}]},{"@type":"ImageObject","inLanguage":"pl-PL","@id":"https:\/\/ironsky.pl\/sklep\/produkt\/przezroczyste-oslony-obiektywow-do-dji-osmo-360\/#primaryimage","url":"https:\/\/ironsky.pl\/sklep\/wp-content\/uploads\/2025\/10\/53843_1.jpg","contentUrl":"https:\/\/ironsky.pl\/sklep\/wp-content\/uploads\/2025\/10\/53843_1.jpg","width":800,"height":800},{"@type":"BreadcrumbList","@id":"https:\/\/ironsky.pl\/sklep\/produkt\/przezroczyste-oslony-obiektywow-do-dji-osmo-360\/#breadcrumb","itemListElement":[{"@type":"ListItem","position":1,"name":"Strona g\u0142\u00f3wna","item":"https:\/\/ironsky.pl\/sklep\/"},{"@type":"ListItem","position":2,"name":"Wszystkie produkty","item":"https:\/\/ironsky.pl\/sklep\/produkty\/"},{"@type":"ListItem","position":3,"name":"Przezroczyste os\u0142ony obiektyw\u00f3w do DJI Osmo 360"}]},{"@type":"WebSite","@id":"https:\/\/ironsky.pl\/sklep\/#website","url":"https:\/\/ironsky.pl\/sklep\/","name":"IRONSKY.PL Sklep z Dronami","description":"IRONSKY.PL Sklep z Dronami","potentialAction":[{"@type":"SearchAction","target":{"@type":"EntryPoint","urlTemplate":"https:\/\/ironsky.pl\/sklep\/?s={search_term_string}"},"query-input":{"@type":"PropertyValueSpecification","valueRequired":true,"valueName":"search_term_string"}}],"inLanguage":"pl-PL"}]}},"_links":{"self":[{"href":"https:\/\/ironsky.pl\/sklep\/wp-json\/wp\/v2\/product\/49441","targetHints":{"allow":["GET"]}}],"collection":[{"href":"https:\/\/ironsky.pl\/sklep\/wp-json\/wp\/v2\/product"}],"about":[{"href":"https:\/\/ironsky.pl\/sklep\/wp-json\/wp\/v2\/types\/product"}],"replies":[{"embeddable":true,"href":"https:\/\/ironsky.pl\/sklep\/wp-json\/wp\/v2\/comments?post=49441"}],"wp:featuredmedia":[{"embeddable":true,"href":"https:\/\/ironsky.pl\/sklep\/wp-json\/wp\/v2\/media\/49442"}],"wp:attachment":[{"href":"https:\/\/ironsky.pl\/sklep\/wp-json\/wp\/v2\/media?parent=49441"}],"wp:term":[{"taxonomy":"product_brand","embeddable":true,"href":"https:\/\/ironsky.pl\/sklep\/wp-json\/wp\/v2\/product_brand?post=49441"},{"taxonomy":"product_cat","embeddable":true,"href":"https:\/\/ironsky.pl\/sklep\/wp-json\/wp\/v2\/product_cat?post=49441"},{"taxonomy":"product_tag","embeddable":true,"href":"https:\/\/ironsky.pl\/sklep\/wp-json\/wp\/v2\/product_tag?post=49441"}],"curies":[{"name":"wp","href":"https:\/\/api.w.org\/{rel}","templated":true}]}}