{"id":48480,"date":"2025-09-08T14:23:38","date_gmt":"2025-09-08T12:23:38","guid":{"rendered":"https:\/\/ironsky.pl\/drony-sklep\/?post_type=product&#038;p=48480"},"modified":"2026-03-05T15:42:03","modified_gmt":"2026-03-05T14:42:03","slug":"dron-dji-matrice-400","status":"publish","type":"product","link":"https:\/\/ironsky.pl\/sklep\/produkt\/dron-dji-matrice-400\/","title":{"rendered":"DJI Matrice 400 dron myj\u0105cy: Zestaw srebrny"},"content":{"rendered":"<h2>DJI Matrice 400 w praktyce!<\/h2>\n<p>Mycie dronem DJI Matrice 400 to <b>rewolucyjna metoda<\/b>, kt\u00f3ra pozwala na szybkie i bezpieczne czyszczenie trudno dost\u0119pnych, wysokich przeszkle\u0144 i elewacji. Dzi\u0119ki specjalnym dyszom i ci\u015bnieniowej wodzie z detergentem, drony zapewniaj\u0105 dok\u0142adno\u015b\u0107 i\u00a0<b>skracaj\u0105 czas pracy<\/b>, eliminuj\u0105c potrzeb\u0119 u\u017cywania podno\u015bnik\u00f3w, czy rusztowa\u0144.<\/p>\n<p><strong>Zestaw srebrny zawiera: <\/strong><br \/>\n&#8211; Zestaw myj\u0105cy<br \/>\n&#8211; Pompa niskoci\u015bnieniowa<br \/>\n&#8211; Szkolenie podstawowe w zakresie monta\u017cu i u\u017cytkowania<\/p>\n<h3><img decoding=\"async\" class=\"alignnone wp-image-48485\" src=\"https:\/\/ironsky.pl\/drony-sklep\/wp-content\/uploads\/2025\/09\/zestaw-z-dronem-myjacym-dji-matrice-400-i-lanca-ciscnieniow-300x171.png\" alt=\"DJI Matrice 400\" width=\"366\" height=\"209\" srcset=\"https:\/\/ironsky.pl\/sklep\/wp-content\/uploads\/2025\/09\/zestaw-z-dronem-myjacym-dji-matrice-400-i-lanca-ciscnieniow-300x171.png 300w, https:\/\/ironsky.pl\/sklep\/wp-content\/uploads\/2025\/09\/zestaw-z-dronem-myjacym-dji-matrice-400-i-lanca-ciscnieniow-1024x582.png 1024w, https:\/\/ironsky.pl\/sklep\/wp-content\/uploads\/2025\/09\/zestaw-z-dronem-myjacym-dji-matrice-400-i-lanca-ciscnieniow-768x437.png 768w, https:\/\/ironsky.pl\/sklep\/wp-content\/uploads\/2025\/09\/zestaw-z-dronem-myjacym-dji-matrice-400-i-lanca-ciscnieniow-1536x873.png 1536w, https:\/\/ironsky.pl\/sklep\/wp-content\/uploads\/2025\/09\/zestaw-z-dronem-myjacym-dji-matrice-400-i-lanca-ciscnieniow-600x341.png 600w, https:\/\/ironsky.pl\/sklep\/wp-content\/uploads\/2025\/09\/zestaw-z-dronem-myjacym-dji-matrice-400-i-lanca-ciscnieniow-150x85.png 150w, https:\/\/ironsky.pl\/sklep\/wp-content\/uploads\/2025\/09\/zestaw-z-dronem-myjacym-dji-matrice-400-i-lanca-ciscnieniow-64x36.png 64w, https:\/\/ironsky.pl\/sklep\/wp-content\/uploads\/2025\/09\/zestaw-z-dronem-myjacym-dji-matrice-400-i-lanca-ciscnieniow.png 2000w\" sizes=\"(max-width: 366px) 100vw, 366px\" \/><\/h3>\n<p>Profesjonalny zestaw do mycia elewacji z wykorzystaniem drona DJI Matrice 400, obejmuj\u0105cy a\u017c <strong>5 lanc<\/strong> (w zale\u017cno\u015bci od pakietu), pomp\u0119 wysokoci\u015bnieniow\u0105 i sterowan\u0105 zdalnie pomp\u0119 niskoci\u015bnieniow\u0105. W zestawie znajduj\u0105 si\u0119 tak\u017ce dwie baterie, inteligentna \u0142adowarka <strong>zapewniaj\u0105ca prac\u0119 ci\u0105g\u0142\u0105<\/strong>, os\u0142ony na \u015bmig\u0142a oraz szkolenie z obs\u0142ugi drona i mycia r\u00f3\u017cnych powierzchni, takich jak elewacje, fasady szklane, panele fotowoltaiczne czy dachy. Urz\u0105dzenie charakteryzuje si\u0119 <strong>odporno\u015bci\u0105 na wod\u0119 i py\u0142<\/strong> (IP55).<\/p>\n<p>&nbsp;<\/p>\n<h3><strong>DJI Matrice 400 wraz z sprz\u0119tem.<\/strong><\/h3>\n<ul>\n<li data-start=\"54\" data-end=\"89\">\n<p data-start=\"56\" data-end=\"89\">Maksymalna waga startowa ~<strong>16 kg<\/strong><\/p>\n<\/li>\n<li data-start=\"90\" data-end=\"132\">\n<p data-start=\"92\" data-end=\"132\">Maksymalny wiatr podczas pracy: <strong>12 m\/s<\/strong><\/p>\n<\/li>\n<li data-start=\"133\" data-end=\"179\">\n<p data-start=\"135\" data-end=\"179\">Maksymalny czas lotu podczas pracy: <strong>50 min<\/strong><\/p>\n<\/li>\n<li data-start=\"180\" data-end=\"232\">\n<p data-start=\"182\" data-end=\"232\">Mo\u017cliwo\u015b\u0107 pracy w temperaturach od <strong>-20\u00b0C do 50\u00b0C<\/strong><\/p>\n<\/li>\n<li data-start=\"233\" data-end=\"266\">\n<p data-start=\"235\" data-end=\"266\">Odporno\u015b\u0107 na wod\u0119 i py\u0142: <strong>IP55<\/strong><\/p>\n<\/li>\n<li data-start=\"267\" data-end=\"323\" data-is-last-node=\"\">\n<p data-start=\"269\" data-end=\"323\" data-is-last-node=\"\">W zestawie: stacja \u0142adowania oraz inteligentne baterie<\/p>\n<\/li>\n<\/ul>\n<p>&nbsp;<\/p>\n<p data-start=\"66\" data-end=\"233\"><strong data-start=\"66\" data-end=\"102\">Zestaw do czyszczenia i p\u0142ukania<\/strong> sk\u0142ada si\u0119 z dw\u00f3ch lanc \u2014 jedna prosta, druga k\u0105towa, u\u0142atwiaj\u0105ca skierowanie strumienia prostopadle do dach\u00f3w lub fotowoltaiki.<\/p>\n<p data-start=\"235\" data-end=\"294\">W zestawie znajduje si\u0119 <strong data-start=\"259\" data-end=\"293\">5 dysz o r\u00f3\u017cnym k\u0105cie natrysku<\/strong>:<\/p>\n<ul data-start=\"295\" data-end=\"709\">\n<li data-start=\"295\" data-end=\"346\">\n<p data-start=\"297\" data-end=\"346\"><strong data-start=\"297\" data-end=\"309\">0 stopni<\/strong> \u2013 skoncentrowany strumie\u0144 o\u0142\u00f3wkowy<\/p>\n<\/li>\n<li data-start=\"347\" data-end=\"399\">\n<p data-start=\"349\" data-end=\"399\"><strong data-start=\"349\" data-end=\"362\">15 stopni<\/strong> \u2013 mocne zabrudzenia, ostry natrysk<\/p>\n<\/li>\n<li data-start=\"400\" data-end=\"473\">\n<p data-start=\"402\" data-end=\"473\"><strong data-start=\"402\" data-end=\"415\">25 stopni<\/strong> \u2013 lekkie zabrudzenia, \u0142agodny natrysk, aplikacja chemii<\/p>\n<\/li>\n<li data-start=\"474\" data-end=\"543\">\n<p data-start=\"476\" data-end=\"543\"><strong data-start=\"476\" data-end=\"489\">40 stopni<\/strong> \u2013 p\u0142ukanie wra\u017cliwych powierzchni, aplikacja chemii<\/p>\n<\/li>\n<li data-start=\"544\" data-end=\"709\">\n<p data-start=\"546\" data-end=\"709\"><strong data-start=\"546\" data-end=\"567\">Dysza do p\u0142ukania<\/strong> \u2013 do u\u017cycia z pomp\u0105 wysokoci\u015bnieniow\u0105 o du\u017cym przep\u0142ywie wody; pozwala szybko przeprowadzi\u0107 proces p\u0142ukania bez ryzyka uszkodzenia elewacji<\/p>\n<\/li>\n<\/ul>\n<p data-start=\"711\" data-end=\"872\" data-is-last-node=\"\" data-is-only-node=\"\">Pe\u0142ny zestaw umo\u017cliwia mycie wielu typ\u00f3w nawierzchni o r\u00f3\u017cnym stopniu zabrudzenia, w tym tak\u017ce <strong data-start=\"806\" data-end=\"833\">powierzchni delikatnych<\/strong>, np. fotowoltaiki czy fasad szklanych.<\/p>\n<p data-start=\"711\" data-end=\"872\" data-is-last-node=\"\" data-is-only-node=\"\">Zobacz te\u017c!<\/p>\n<blockquote class=\"wp-embedded-content\" data-secret=\"9CdaRncrSP\"><p><a href=\"https:\/\/ironsky.pl\/drony-sklep\/produkt\/dron-dji-matrice-400-dji-care-plus-1-rok\/\">Dron DJI Matrice 400 + DJI Care Plus 1 rok<\/a><\/p><\/blockquote>\n<p><iframe class=\"wp-embedded-content\" sandbox=\"allow-scripts\" security=\"restricted\" style=\"position: absolute; visibility: hidden;\" title=\"&#8222;Dron DJI Matrice 400 + DJI Care Plus 1 rok&#8221; &#8212; IRONSKY.PL Sklep z Dronami\" src=\"https:\/\/ironsky.pl\/drony-sklep\/produkt\/dron-dji-matrice-400-dji-care-plus-1-rok\/embed\/#?secret=zYVy9PyWtJ#?secret=9CdaRncrSP\" data-secret=\"9CdaRncrSP\" width=\"500\" height=\"282\" frameborder=\"0\" marginwidth=\"0\" marginheight=\"0\" scrolling=\"no\"><\/iframe><\/p>\n<blockquote class=\"wp-embedded-content\" data-secret=\"tEIHvtXLwN\"><p><a href=\"https:\/\/ironsky.pl\/blog-o-dronach\/\">Blog o dronach<\/a><\/p><\/blockquote>\n<p><iframe class=\"wp-embedded-content\" sandbox=\"allow-scripts\" security=\"restricted\" style=\"position: absolute; visibility: hidden;\" title=\"&#8222;Blog o dronach&#8221; &#8212; IRONSKY.PL\" src=\"https:\/\/ironsky.pl\/blog-o-dronach\/embed\/#?secret=uYN8kG3Wam#?secret=tEIHvtXLwN\" data-secret=\"tEIHvtXLwN\" width=\"500\" height=\"282\" frameborder=\"0\" marginwidth=\"0\" marginheight=\"0\" scrolling=\"no\"><\/iframe><\/p>\n","protected":false},"excerpt":{"rendered":"<p>DJI Matrice 400 w praktyce! Mycie dronem DJI Matrice 400 to rewolucyjna metoda, kt\u00f3ra pozwala na szybkie i bezpieczne czyszczenie<\/p>\n","protected":false},"featured_media":48485,"comment_status":"open","ping_status":"closed","template":"","meta":{"_acf_changed":false},"product_brand":[],"product_cat":[6053,6064],"product_tag":[],"class_list":{"0":"post-48480","1":"product","2":"type-product","3":"status-publish","4":"has-post-thumbnail","6":"product_cat-zestawy","7":"product_cat-z-dronem-myjacym","9":"first","10":"outofstock","11":"taxable","12":"shipping-taxable","13":"purchasable","14":"product-type-simple"},"acf":[],"yoast_head":"<!-- This site is optimized with the Yoast SEO plugin v27.2 - https:\/\/yoast.com\/product\/yoast-seo-wordpress\/ -->\n<title>DJI Matrice 400 dron myj\u0105cy: Zestaw srebrny - IRONSKY.PL Sklep z Dronami<\/title>\n<meta name=\"description\" content=\"Profesjonalny zestaw do mycia elewacji dronem DJI Matrice 400 z lancami, pompami, bateriami, \u0142adowark\u0105, os\u0142onami i szkoleniem. IP55.\" \/>\n<meta name=\"robots\" content=\"index, follow, max-snippet:-1, max-image-preview:large, max-video-preview:-1\" \/>\n<link rel=\"canonical\" href=\"https:\/\/ironsky.pl\/sklep\/produkt\/dron-dji-matrice-400\/\" \/>\n<meta property=\"og:locale\" content=\"pl_PL\" \/>\n<meta property=\"og:type\" content=\"article\" \/>\n<meta property=\"og:title\" content=\"DJI Matrice 400 dron myj\u0105cy: Zestaw srebrny - IRONSKY.PL Sklep z Dronami\" \/>\n<meta property=\"og:description\" content=\"Profesjonalny zestaw do mycia elewacji dronem DJI Matrice 400 z lancami, pompami, bateriami, \u0142adowark\u0105, os\u0142onami i szkoleniem. IP55.\" \/>\n<meta property=\"og:url\" content=\"https:\/\/ironsky.pl\/sklep\/produkt\/dron-dji-matrice-400\/\" \/>\n<meta property=\"og:site_name\" content=\"IRONSKY.PL Sklep z Dronami\" \/>\n<meta property=\"article:modified_time\" content=\"2026-03-05T14:42:03+00:00\" \/>\n<meta property=\"og:image\" content=\"https:\/\/ironsky.pl\/sklep\/wp-content\/uploads\/2025\/09\/zestaw-z-dronem-myjacym-dji-matrice-400-i-lanca-ciscnieniow-1024x582.png\" \/>\n\t<meta property=\"og:image:width\" content=\"1024\" \/>\n\t<meta property=\"og:image:height\" content=\"582\" \/>\n\t<meta property=\"og:image:type\" content=\"image\/png\" \/>\n<meta name=\"twitter:card\" content=\"summary_large_image\" \/>\n<meta name=\"twitter:label1\" content=\"Szacowany czas czytania\" \/>\n\t<meta name=\"twitter:data1\" content=\"3 minuty\" \/>\n<script type=\"application\/ld+json\" class=\"yoast-schema-graph\">{\"@context\":\"https:\/\/schema.org\",\"@graph\":[{\"@type\":\"WebPage\",\"@id\":\"https:\/\/ironsky.pl\/sklep\/produkt\/dron-dji-matrice-400\/\",\"url\":\"https:\/\/ironsky.pl\/sklep\/produkt\/dron-dji-matrice-400\/\",\"name\":\"DJI Matrice 400 dron myj\u0105cy: Zestaw srebrny - IRONSKY.PL Sklep z Dronami\",\"isPartOf\":{\"@id\":\"https:\/\/ironsky.pl\/sklep\/#website\"},\"primaryImageOfPage\":{\"@id\":\"https:\/\/ironsky.pl\/sklep\/produkt\/dron-dji-matrice-400\/#primaryimage\"},\"image\":{\"@id\":\"https:\/\/ironsky.pl\/sklep\/produkt\/dron-dji-matrice-400\/#primaryimage\"},\"thumbnailUrl\":\"https:\/\/ironsky.pl\/sklep\/wp-content\/uploads\/2025\/09\/zestaw-z-dronem-myjacym-dji-matrice-400-i-lanca-ciscnieniow.png\",\"datePublished\":\"2025-09-08T12:23:38+00:00\",\"dateModified\":\"2026-03-05T14:42:03+00:00\",\"description\":\"Profesjonalny zestaw do mycia elewacji dronem DJI Matrice 400 z lancami, pompami, bateriami, \u0142adowark\u0105, os\u0142onami i szkoleniem. IP55.\",\"breadcrumb\":{\"@id\":\"https:\/\/ironsky.pl\/sklep\/produkt\/dron-dji-matrice-400\/#breadcrumb\"},\"inLanguage\":\"pl-PL\",\"potentialAction\":[{\"@type\":\"ReadAction\",\"target\":[\"https:\/\/ironsky.pl\/sklep\/produkt\/dron-dji-matrice-400\/\"]}]},{\"@type\":\"ImageObject\",\"inLanguage\":\"pl-PL\",\"@id\":\"https:\/\/ironsky.pl\/sklep\/produkt\/dron-dji-matrice-400\/#primaryimage\",\"url\":\"https:\/\/ironsky.pl\/sklep\/wp-content\/uploads\/2025\/09\/zestaw-z-dronem-myjacym-dji-matrice-400-i-lanca-ciscnieniow.png\",\"contentUrl\":\"https:\/\/ironsky.pl\/sklep\/wp-content\/uploads\/2025\/09\/zestaw-z-dronem-myjacym-dji-matrice-400-i-lanca-ciscnieniow.png\",\"width\":2000,\"height\":1137,\"caption\":\"DJI Matrice 400\"},{\"@type\":\"BreadcrumbList\",\"@id\":\"https:\/\/ironsky.pl\/sklep\/produkt\/dron-dji-matrice-400\/#breadcrumb\",\"itemListElement\":[{\"@type\":\"ListItem\",\"position\":1,\"name\":\"Strona g\u0142\u00f3wna\",\"item\":\"https:\/\/ironsky.pl\/sklep\/\"},{\"@type\":\"ListItem\",\"position\":2,\"name\":\"Wszystkie produkty\",\"item\":\"https:\/\/ironsky.pl\/sklep\/sklep\/\"},{\"@type\":\"ListItem\",\"position\":3,\"name\":\"DJI Matrice 400 dron myj\u0105cy: Zestaw srebrny\"}]},{\"@type\":\"WebSite\",\"@id\":\"https:\/\/ironsky.pl\/sklep\/#website\",\"url\":\"https:\/\/ironsky.pl\/sklep\/\",\"name\":\"IRONSKY.PL Sklep z Dronami\",\"description\":\"IRONSKY.PL Sklep z Dronami\",\"potentialAction\":[{\"@type\":\"SearchAction\",\"target\":{\"@type\":\"EntryPoint\",\"urlTemplate\":\"https:\/\/ironsky.pl\/sklep\/?s={search_term_string}\"},\"query-input\":{\"@type\":\"PropertyValueSpecification\",\"valueRequired\":true,\"valueName\":\"search_term_string\"}}],\"inLanguage\":\"pl-PL\"}]}<\/script>\n<!-- \/ Yoast SEO plugin. -->","yoast_head_json":{"title":"DJI Matrice 400 dron myj\u0105cy: Zestaw srebrny - IRONSKY.PL Sklep z Dronami","description":"Profesjonalny zestaw do mycia elewacji dronem DJI Matrice 400 z lancami, pompami, bateriami, \u0142adowark\u0105, os\u0142onami i szkoleniem. IP55.","robots":{"index":"index","follow":"follow","max-snippet":"max-snippet:-1","max-image-preview":"max-image-preview:large","max-video-preview":"max-video-preview:-1"},"canonical":"https:\/\/ironsky.pl\/sklep\/produkt\/dron-dji-matrice-400\/","og_locale":"pl_PL","og_type":"article","og_title":"DJI Matrice 400 dron myj\u0105cy: Zestaw srebrny - IRONSKY.PL Sklep z Dronami","og_description":"Profesjonalny zestaw do mycia elewacji dronem DJI Matrice 400 z lancami, pompami, bateriami, \u0142adowark\u0105, os\u0142onami i szkoleniem. IP55.","og_url":"https:\/\/ironsky.pl\/sklep\/produkt\/dron-dji-matrice-400\/","og_site_name":"IRONSKY.PL Sklep z Dronami","article_modified_time":"2026-03-05T14:42:03+00:00","og_image":[{"width":1024,"height":582,"url":"https:\/\/ironsky.pl\/sklep\/wp-content\/uploads\/2025\/09\/zestaw-z-dronem-myjacym-dji-matrice-400-i-lanca-ciscnieniow-1024x582.png","type":"image\/png"}],"twitter_card":"summary_large_image","twitter_misc":{"Szacowany czas czytania":"3 minuty"},"schema":{"@context":"https:\/\/schema.org","@graph":[{"@type":"WebPage","@id":"https:\/\/ironsky.pl\/sklep\/produkt\/dron-dji-matrice-400\/","url":"https:\/\/ironsky.pl\/sklep\/produkt\/dron-dji-matrice-400\/","name":"DJI Matrice 400 dron myj\u0105cy: Zestaw srebrny - IRONSKY.PL Sklep z Dronami","isPartOf":{"@id":"https:\/\/ironsky.pl\/sklep\/#website"},"primaryImageOfPage":{"@id":"https:\/\/ironsky.pl\/sklep\/produkt\/dron-dji-matrice-400\/#primaryimage"},"image":{"@id":"https:\/\/ironsky.pl\/sklep\/produkt\/dron-dji-matrice-400\/#primaryimage"},"thumbnailUrl":"https:\/\/ironsky.pl\/sklep\/wp-content\/uploads\/2025\/09\/zestaw-z-dronem-myjacym-dji-matrice-400-i-lanca-ciscnieniow.png","datePublished":"2025-09-08T12:23:38+00:00","dateModified":"2026-03-05T14:42:03+00:00","description":"Profesjonalny zestaw do mycia elewacji dronem DJI Matrice 400 z lancami, pompami, bateriami, \u0142adowark\u0105, os\u0142onami i szkoleniem. IP55.","breadcrumb":{"@id":"https:\/\/ironsky.pl\/sklep\/produkt\/dron-dji-matrice-400\/#breadcrumb"},"inLanguage":"pl-PL","potentialAction":[{"@type":"ReadAction","target":["https:\/\/ironsky.pl\/sklep\/produkt\/dron-dji-matrice-400\/"]}]},{"@type":"ImageObject","inLanguage":"pl-PL","@id":"https:\/\/ironsky.pl\/sklep\/produkt\/dron-dji-matrice-400\/#primaryimage","url":"https:\/\/ironsky.pl\/sklep\/wp-content\/uploads\/2025\/09\/zestaw-z-dronem-myjacym-dji-matrice-400-i-lanca-ciscnieniow.png","contentUrl":"https:\/\/ironsky.pl\/sklep\/wp-content\/uploads\/2025\/09\/zestaw-z-dronem-myjacym-dji-matrice-400-i-lanca-ciscnieniow.png","width":2000,"height":1137,"caption":"DJI Matrice 400"},{"@type":"BreadcrumbList","@id":"https:\/\/ironsky.pl\/sklep\/produkt\/dron-dji-matrice-400\/#breadcrumb","itemListElement":[{"@type":"ListItem","position":1,"name":"Strona g\u0142\u00f3wna","item":"https:\/\/ironsky.pl\/sklep\/"},{"@type":"ListItem","position":2,"name":"Wszystkie produkty","item":"https:\/\/ironsky.pl\/sklep\/sklep\/"},{"@type":"ListItem","position":3,"name":"DJI Matrice 400 dron myj\u0105cy: Zestaw srebrny"}]},{"@type":"WebSite","@id":"https:\/\/ironsky.pl\/sklep\/#website","url":"https:\/\/ironsky.pl\/sklep\/","name":"IRONSKY.PL Sklep z Dronami","description":"IRONSKY.PL Sklep z Dronami","potentialAction":[{"@type":"SearchAction","target":{"@type":"EntryPoint","urlTemplate":"https:\/\/ironsky.pl\/sklep\/?s={search_term_string}"},"query-input":{"@type":"PropertyValueSpecification","valueRequired":true,"valueName":"search_term_string"}}],"inLanguage":"pl-PL"}]}},"_links":{"self":[{"href":"https:\/\/ironsky.pl\/sklep\/wp-json\/wp\/v2\/product\/48480","targetHints":{"allow":["GET"]}}],"collection":[{"href":"https:\/\/ironsky.pl\/sklep\/wp-json\/wp\/v2\/product"}],"about":[{"href":"https:\/\/ironsky.pl\/sklep\/wp-json\/wp\/v2\/types\/product"}],"replies":[{"embeddable":true,"href":"https:\/\/ironsky.pl\/sklep\/wp-json\/wp\/v2\/comments?post=48480"}],"wp:featuredmedia":[{"embeddable":true,"href":"https:\/\/ironsky.pl\/sklep\/wp-json\/wp\/v2\/media\/48485"}],"wp:attachment":[{"href":"https:\/\/ironsky.pl\/sklep\/wp-json\/wp\/v2\/media?parent=48480"}],"wp:term":[{"taxonomy":"product_brand","embeddable":true,"href":"https:\/\/ironsky.pl\/sklep\/wp-json\/wp\/v2\/product_brand?post=48480"},{"taxonomy":"product_cat","embeddable":true,"href":"https:\/\/ironsky.pl\/sklep\/wp-json\/wp\/v2\/product_cat?post=48480"},{"taxonomy":"product_tag","embeddable":true,"href":"https:\/\/ironsky.pl\/sklep\/wp-json\/wp\/v2\/product_tag?post=48480"}],"curies":[{"name":"wp","href":"https:\/\/api.w.org\/{rel}","templated":true}]}}