{"id":48439,"date":"2025-08-25T11:46:40","date_gmt":"2025-08-25T09:46:40","guid":{"rendered":"https:\/\/ironsky.pl\/drony-sklep\/?post_type=product&#038;p=48439"},"modified":"2026-03-05T15:42:03","modified_gmt":"2026-03-05T14:42:03","slug":"wisson-orion-myjka-cisnieniowa-do-drona","status":"publish","type":"product","link":"https:\/\/ironsky.pl\/sklep\/produkt\/wisson-orion-myjka-cisnieniowa-do-drona\/","title":{"rendered":"System do mycia dronem &#8211; Wisson Orion AP30-P2"},"content":{"rendered":"<h3><strong data-start=\"242\" data-end=\"342\">Orion AP30-P2 to nowoczesny system wysokoci\u015bnieniowego czyszczenia do dron\u00f3w o du\u017cej \u0142adowno\u015bci.<\/strong><\/h3>\n<p>Urz\u0105dzenie zosta\u0142o zaprojektowane z my\u015bl\u0105 o pracy w trudnych warunkach i na du\u017cych wysoko\u015bciach, gdzie tradycyjne metody czyszczenia bywaj\u0105 ryzykowne, kosztowne i czasoch\u0142onne. Dzi\u0119ki wykorzystaniu wysokoci\u015bnieniowego strumienia wody system sprawdza si\u0119 w wielu bran\u017cach \u2013 od energetyki i odnawialnych \u017ar\u00f3de\u0142 energii, przez budownictwo, a\u017c po przemys\u0142. Jego najcz\u0119stsze zastosowania to czyszczenie \u0142opat turbin wiatrowych, paneli fotowoltaicznych, izolator\u00f3w, elewacji budynk\u00f3w, \u015bcian i wie\u017c. AP30-P2 zwi\u0119ksza efektywno\u015b\u0107 pracy, a jednocze\u015bnie pozwala unikn\u0105\u0107 ryzyka uszkodze\u0144 konstrukcji oraz zagro\u017ce\u0144 zwi\u0105zanych z r\u0119cznym wykonywaniem takich zada\u0144.<\/p>\n<p><img decoding=\"async\" src=\"https:\/\/assets.innpro.pl\/13124\/16295\/Wisson%20Orion%20AP30-P2%20wielokierunkowy%20natrysk.jpg\" alt=\"Dron przeprowadzaj\u0105cy czyszczenie za pomoc\u0105 systemu Orion AP30-P2.\" \/><\/p>\n<p>&nbsp;<\/p>\n<h3 class=\"text-black text-20 text-sm-24 text-lg-28\"><strong data-start=\"997\" data-end=\"1093\">Zaawansowany modu\u0142 natryskowy zapewnia pe\u0142n\u0105 kontrol\u0119 nad kierunkiem i zasi\u0119giem strumienia.<\/strong><\/h3>\n<p class=\"text-black text-20 text-sm-24 text-lg-28\">Dysza umo\u017cliwia regulacj\u0119 w zakresie od -60\u00b0 do +35\u00b0 w pionie oraz \u00b145\u00b0 w poziomie, co daje operatorowi mo\u017cliwo\u015b\u0107 precyzyjnego dopasowania oprysku do czyszczonej powierzchni. Zasi\u0119g do 6 metr\u00f3w sprawia, \u017ce system jest skuteczny nawet w przypadku trudno dost\u0119pnych miejsc, a mo\u017cliwo\u015b\u0107 pracy w zawisie pozwala na jeszcze wi\u0119ksz\u0105 elastyczno\u015b\u0107 podczas realizacji zada\u0144. Du\u017c\u0105 zalet\u0105 jest tak\u017ce pojemny zbiornik 30 l, kt\u00f3ry pozwala na d\u0142ug\u0105 i nieprzerwan\u0105 prac\u0119 bez konieczno\u015bci cz\u0119stego uzupe\u0142niania p\u0142ynu. Intuicyjny system nape\u0142niania skraca czas przygotowania do kolejnych zada\u0144 i zwi\u0119ksza komfort obs\u0142ugi.<\/p>\n<p><img decoding=\"async\" src=\"https:\/\/assets.innpro.pl\/13124\/16295\/Wisson%20Orion%20AP30-P2%20automatyzacja.jpg\" alt=\"Dron czyszcz\u0105cy wysok\u0105 konstrukcj\u0119 za pomoc\u0105 systemu AP30-P2.\" \/><\/p>\n<div class=\"longdesc__section_content col-md p-md-0 d-flex flex-column gap-12 justify-content-center text-center text-md-start px-md-32\">\n<h3 style=\"text-align: left;\" data-start=\"1702\" data-end=\"2347\"><strong data-start=\"1702\" data-end=\"1786\">Orion AP30-P2 \u0142\u0105czy funkcjonalno\u015b\u0107 z wygod\u0105 u\u017cytkowania i bezpiecze\u0144stwem pracy.<\/strong><\/h3>\n<p style=\"text-align: left;\" data-start=\"1702\" data-end=\"2347\">Modu\u0142 natryskowy mo\u017cna z\u0142o\u017cy\u0107 do d\u0142ugo\u015bci 1 metra, co u\u0142atwia transport oraz przechowywanie ca\u0142ego zestawu. System zosta\u0142 w pe\u0142ni zintegrowany z kontrol\u0105 lotu drona, dzi\u0119ki czemu jedna osoba mo\u017ce obs\u0142ugiwa\u0107 zar\u00f3wno maszyn\u0119, jak i urz\u0105dzenie czyszcz\u0105ce. Takie rozwi\u0105zanie zmniejsza koszty operacyjne, poprawia efektywno\u015b\u0107 i eliminuje potrzeb\u0119 anga\u017cowania dodatkowego personelu. Orion AP30-P2 to narz\u0119dzie niezawodne i wydajne, kt\u00f3re pozwala firmom podnosi\u0107 standardy konserwacji infrastruktury i realizowa\u0107 zadania szybciej, bezpieczniej i z wi\u0119ksz\u0105 precyzj\u0105.<\/p>\n<div class=\"text-black text-16\">\n<p><img decoding=\"async\" src=\"https:\/\/assets.innpro.pl\/13124\/16295\/Wisson%20Orion%20AP30-P2%20zbiornik.jpg\" alt=\"Dron z zamontowanym systemem czyszczenia Wisson Orion AP30-P2 na czarnym tle.\" \/><\/p>\n<\/div>\n<\/div>\n<p>&nbsp;<\/p>\n<div class=\"longdesc__section_content col-md p-md-0 d-flex flex-column gap-12 justify-content-center text-center text-md-start px-md-32\">\n<p>&nbsp;<\/p>\n<\/div>\n","protected":false},"excerpt":{"rendered":"<div class=\"wd-single-short-desc wd-wpb wd-rs-63a31f9e9c3cc vc_custom_1671634853162 text-left\">\n<div class=\"woocommerce-product-details__short-description\">\n<p>Masz pytania?<\/p>\n<p>Dzwo\u0144\u00a0<strong>503 503 517<\/strong>\u00a0i pisz na\u00a0<strong>sklep@ironsky.pl<\/strong><\/p>\n<\/div>\n<\/div>\n<div class=\"vc_row wpb_row vc_inner vc_row-fluid\"><\/div>\n","protected":false},"featured_media":48437,"comment_status":"open","ping_status":"closed","template":"","meta":{"_acf_changed":false},"product_brand":[],"product_cat":[6063,1093],"product_tag":[],"class_list":{"0":"post-48439","1":"product","2":"type-product","3":"status-publish","4":"has-post-thumbnail","6":"product_cat-myjace","7":"product_cat-urzadzenia-i-akcesoria","9":"first","10":"outofstock","11":"taxable","12":"shipping-taxable","13":"purchasable","14":"product-type-simple"},"acf":[],"yoast_head":"<!-- This site is optimized with the Yoast SEO plugin v27.2 - https:\/\/yoast.com\/product\/yoast-seo-wordpress\/ -->\n<title>System do mycia dronem - Wisson Orion AP30-P2 - IRONSKY.PL Sklep z Dronami<\/title>\n<meta name=\"description\" content=\"System do mycia dronem - Wisson Orion AP30-P2 - system czyszczenia dron\u00f3w. Zasi\u0119g 6 m, zbiornik 30 l i regulacja dyszy dla skutecznej i bezpiecznej pracy na wysoko\u015bciach.\" \/>\n<meta name=\"robots\" content=\"index, follow, max-snippet:-1, max-image-preview:large, max-video-preview:-1\" \/>\n<link rel=\"canonical\" href=\"https:\/\/ironsky.pl\/sklep\/produkt\/wisson-orion-myjka-cisnieniowa-do-drona\/\" \/>\n<meta property=\"og:locale\" content=\"pl_PL\" \/>\n<meta property=\"og:type\" content=\"article\" \/>\n<meta property=\"og:title\" content=\"System do mycia dronem - Wisson Orion AP30-P2 - IRONSKY.PL Sklep z Dronami\" \/>\n<meta property=\"og:description\" content=\"System do mycia dronem - Wisson Orion AP30-P2 - system czyszczenia dron\u00f3w. Zasi\u0119g 6 m, zbiornik 30 l i regulacja dyszy dla skutecznej i bezpiecznej pracy na wysoko\u015bciach.\" \/>\n<meta property=\"og:url\" content=\"https:\/\/ironsky.pl\/sklep\/produkt\/wisson-orion-myjka-cisnieniowa-do-drona\/\" \/>\n<meta property=\"og:site_name\" content=\"IRONSKY.PL Sklep z Dronami\" \/>\n<meta property=\"article:modified_time\" content=\"2026-03-05T14:42:03+00:00\" \/>\n<meta property=\"og:image\" content=\"https:\/\/ironsky.pl\/sklep\/wp-content\/uploads\/2025\/08\/pol_pl_Wisson-Orion-AP30-P2-47759_1.jpg\" \/>\n\t<meta property=\"og:image:width\" content=\"800\" \/>\n\t<meta property=\"og:image:height\" content=\"800\" \/>\n\t<meta property=\"og:image:type\" content=\"image\/jpeg\" \/>\n<meta name=\"twitter:card\" content=\"summary_large_image\" \/>\n<meta name=\"twitter:label1\" content=\"Szacowany czas czytania\" \/>\n\t<meta name=\"twitter:data1\" content=\"3 minuty\" \/>\n<script type=\"application\/ld+json\" class=\"yoast-schema-graph\">{\"@context\":\"https:\/\/schema.org\",\"@graph\":[{\"@type\":\"WebPage\",\"@id\":\"https:\/\/ironsky.pl\/sklep\/produkt\/wisson-orion-myjka-cisnieniowa-do-drona\/\",\"url\":\"https:\/\/ironsky.pl\/sklep\/produkt\/wisson-orion-myjka-cisnieniowa-do-drona\/\",\"name\":\"System do mycia dronem - Wisson Orion AP30-P2 - IRONSKY.PL Sklep z Dronami\",\"isPartOf\":{\"@id\":\"https:\/\/ironsky.pl\/sklep\/#website\"},\"primaryImageOfPage\":{\"@id\":\"https:\/\/ironsky.pl\/sklep\/produkt\/wisson-orion-myjka-cisnieniowa-do-drona\/#primaryimage\"},\"image\":{\"@id\":\"https:\/\/ironsky.pl\/sklep\/produkt\/wisson-orion-myjka-cisnieniowa-do-drona\/#primaryimage\"},\"thumbnailUrl\":\"https:\/\/ironsky.pl\/sklep\/wp-content\/uploads\/2025\/08\/pol_pl_Wisson-Orion-AP30-P2-47759_1.jpg\",\"datePublished\":\"2025-08-25T09:46:40+00:00\",\"dateModified\":\"2026-03-05T14:42:03+00:00\",\"description\":\"System do mycia dronem - Wisson Orion AP30-P2 - system czyszczenia dron\u00f3w. Zasi\u0119g 6 m, zbiornik 30 l i regulacja dyszy dla skutecznej i bezpiecznej pracy na wysoko\u015bciach.\",\"breadcrumb\":{\"@id\":\"https:\/\/ironsky.pl\/sklep\/produkt\/wisson-orion-myjka-cisnieniowa-do-drona\/#breadcrumb\"},\"inLanguage\":\"pl-PL\",\"potentialAction\":[{\"@type\":\"ReadAction\",\"target\":[\"https:\/\/ironsky.pl\/sklep\/produkt\/wisson-orion-myjka-cisnieniowa-do-drona\/\"]}]},{\"@type\":\"ImageObject\",\"inLanguage\":\"pl-PL\",\"@id\":\"https:\/\/ironsky.pl\/sklep\/produkt\/wisson-orion-myjka-cisnieniowa-do-drona\/#primaryimage\",\"url\":\"https:\/\/ironsky.pl\/sklep\/wp-content\/uploads\/2025\/08\/pol_pl_Wisson-Orion-AP30-P2-47759_1.jpg\",\"contentUrl\":\"https:\/\/ironsky.pl\/sklep\/wp-content\/uploads\/2025\/08\/pol_pl_Wisson-Orion-AP30-P2-47759_1.jpg\",\"width\":800,\"height\":800},{\"@type\":\"BreadcrumbList\",\"@id\":\"https:\/\/ironsky.pl\/sklep\/produkt\/wisson-orion-myjka-cisnieniowa-do-drona\/#breadcrumb\",\"itemListElement\":[{\"@type\":\"ListItem\",\"position\":1,\"name\":\"Strona g\u0142\u00f3wna\",\"item\":\"https:\/\/ironsky.pl\/sklep\/\"},{\"@type\":\"ListItem\",\"position\":2,\"name\":\"Wszystkie produkty\",\"item\":\"https:\/\/ironsky.pl\/sklep\/sklep\/\"},{\"@type\":\"ListItem\",\"position\":3,\"name\":\"System do mycia dronem &#8211; Wisson Orion AP30-P2\"}]},{\"@type\":\"WebSite\",\"@id\":\"https:\/\/ironsky.pl\/sklep\/#website\",\"url\":\"https:\/\/ironsky.pl\/sklep\/\",\"name\":\"IRONSKY.PL Sklep z Dronami\",\"description\":\"IRONSKY.PL Sklep z Dronami\",\"potentialAction\":[{\"@type\":\"SearchAction\",\"target\":{\"@type\":\"EntryPoint\",\"urlTemplate\":\"https:\/\/ironsky.pl\/sklep\/?s={search_term_string}\"},\"query-input\":{\"@type\":\"PropertyValueSpecification\",\"valueRequired\":true,\"valueName\":\"search_term_string\"}}],\"inLanguage\":\"pl-PL\"}]}<\/script>\n<!-- \/ Yoast SEO plugin. -->","yoast_head_json":{"title":"System do mycia dronem - Wisson Orion AP30-P2 - IRONSKY.PL Sklep z Dronami","description":"System do mycia dronem - Wisson Orion AP30-P2 - system czyszczenia dron\u00f3w. Zasi\u0119g 6 m, zbiornik 30 l i regulacja dyszy dla skutecznej i bezpiecznej pracy na wysoko\u015bciach.","robots":{"index":"index","follow":"follow","max-snippet":"max-snippet:-1","max-image-preview":"max-image-preview:large","max-video-preview":"max-video-preview:-1"},"canonical":"https:\/\/ironsky.pl\/sklep\/produkt\/wisson-orion-myjka-cisnieniowa-do-drona\/","og_locale":"pl_PL","og_type":"article","og_title":"System do mycia dronem - Wisson Orion AP30-P2 - IRONSKY.PL Sklep z Dronami","og_description":"System do mycia dronem - Wisson Orion AP30-P2 - system czyszczenia dron\u00f3w. Zasi\u0119g 6 m, zbiornik 30 l i regulacja dyszy dla skutecznej i bezpiecznej pracy na wysoko\u015bciach.","og_url":"https:\/\/ironsky.pl\/sklep\/produkt\/wisson-orion-myjka-cisnieniowa-do-drona\/","og_site_name":"IRONSKY.PL Sklep z Dronami","article_modified_time":"2026-03-05T14:42:03+00:00","og_image":[{"width":800,"height":800,"url":"https:\/\/ironsky.pl\/sklep\/wp-content\/uploads\/2025\/08\/pol_pl_Wisson-Orion-AP30-P2-47759_1.jpg","type":"image\/jpeg"}],"twitter_card":"summary_large_image","twitter_misc":{"Szacowany czas czytania":"3 minuty"},"schema":{"@context":"https:\/\/schema.org","@graph":[{"@type":"WebPage","@id":"https:\/\/ironsky.pl\/sklep\/produkt\/wisson-orion-myjka-cisnieniowa-do-drona\/","url":"https:\/\/ironsky.pl\/sklep\/produkt\/wisson-orion-myjka-cisnieniowa-do-drona\/","name":"System do mycia dronem - Wisson Orion AP30-P2 - IRONSKY.PL Sklep z Dronami","isPartOf":{"@id":"https:\/\/ironsky.pl\/sklep\/#website"},"primaryImageOfPage":{"@id":"https:\/\/ironsky.pl\/sklep\/produkt\/wisson-orion-myjka-cisnieniowa-do-drona\/#primaryimage"},"image":{"@id":"https:\/\/ironsky.pl\/sklep\/produkt\/wisson-orion-myjka-cisnieniowa-do-drona\/#primaryimage"},"thumbnailUrl":"https:\/\/ironsky.pl\/sklep\/wp-content\/uploads\/2025\/08\/pol_pl_Wisson-Orion-AP30-P2-47759_1.jpg","datePublished":"2025-08-25T09:46:40+00:00","dateModified":"2026-03-05T14:42:03+00:00","description":"System do mycia dronem - Wisson Orion AP30-P2 - system czyszczenia dron\u00f3w. Zasi\u0119g 6 m, zbiornik 30 l i regulacja dyszy dla skutecznej i bezpiecznej pracy na wysoko\u015bciach.","breadcrumb":{"@id":"https:\/\/ironsky.pl\/sklep\/produkt\/wisson-orion-myjka-cisnieniowa-do-drona\/#breadcrumb"},"inLanguage":"pl-PL","potentialAction":[{"@type":"ReadAction","target":["https:\/\/ironsky.pl\/sklep\/produkt\/wisson-orion-myjka-cisnieniowa-do-drona\/"]}]},{"@type":"ImageObject","inLanguage":"pl-PL","@id":"https:\/\/ironsky.pl\/sklep\/produkt\/wisson-orion-myjka-cisnieniowa-do-drona\/#primaryimage","url":"https:\/\/ironsky.pl\/sklep\/wp-content\/uploads\/2025\/08\/pol_pl_Wisson-Orion-AP30-P2-47759_1.jpg","contentUrl":"https:\/\/ironsky.pl\/sklep\/wp-content\/uploads\/2025\/08\/pol_pl_Wisson-Orion-AP30-P2-47759_1.jpg","width":800,"height":800},{"@type":"BreadcrumbList","@id":"https:\/\/ironsky.pl\/sklep\/produkt\/wisson-orion-myjka-cisnieniowa-do-drona\/#breadcrumb","itemListElement":[{"@type":"ListItem","position":1,"name":"Strona g\u0142\u00f3wna","item":"https:\/\/ironsky.pl\/sklep\/"},{"@type":"ListItem","position":2,"name":"Wszystkie produkty","item":"https:\/\/ironsky.pl\/sklep\/sklep\/"},{"@type":"ListItem","position":3,"name":"System do mycia dronem &#8211; Wisson Orion AP30-P2"}]},{"@type":"WebSite","@id":"https:\/\/ironsky.pl\/sklep\/#website","url":"https:\/\/ironsky.pl\/sklep\/","name":"IRONSKY.PL Sklep z Dronami","description":"IRONSKY.PL Sklep z Dronami","potentialAction":[{"@type":"SearchAction","target":{"@type":"EntryPoint","urlTemplate":"https:\/\/ironsky.pl\/sklep\/?s={search_term_string}"},"query-input":{"@type":"PropertyValueSpecification","valueRequired":true,"valueName":"search_term_string"}}],"inLanguage":"pl-PL"}]}},"_links":{"self":[{"href":"https:\/\/ironsky.pl\/sklep\/wp-json\/wp\/v2\/product\/48439","targetHints":{"allow":["GET"]}}],"collection":[{"href":"https:\/\/ironsky.pl\/sklep\/wp-json\/wp\/v2\/product"}],"about":[{"href":"https:\/\/ironsky.pl\/sklep\/wp-json\/wp\/v2\/types\/product"}],"replies":[{"embeddable":true,"href":"https:\/\/ironsky.pl\/sklep\/wp-json\/wp\/v2\/comments?post=48439"}],"wp:featuredmedia":[{"embeddable":true,"href":"https:\/\/ironsky.pl\/sklep\/wp-json\/wp\/v2\/media\/48437"}],"wp:attachment":[{"href":"https:\/\/ironsky.pl\/sklep\/wp-json\/wp\/v2\/media?parent=48439"}],"wp:term":[{"taxonomy":"product_brand","embeddable":true,"href":"https:\/\/ironsky.pl\/sklep\/wp-json\/wp\/v2\/product_brand?post=48439"},{"taxonomy":"product_cat","embeddable":true,"href":"https:\/\/ironsky.pl\/sklep\/wp-json\/wp\/v2\/product_cat?post=48439"},{"taxonomy":"product_tag","embeddable":true,"href":"https:\/\/ironsky.pl\/sklep\/wp-json\/wp\/v2\/product_tag?post=48439"}],"curies":[{"name":"wp","href":"https:\/\/api.w.org\/{rel}","templated":true}]}}