{"id":48429,"date":"2025-08-25T11:22:13","date_gmt":"2025-08-25T09:22:13","guid":{"rendered":"https:\/\/ironsky.pl\/drony-sklep\/?post_type=product&#038;p=48429"},"modified":"2026-03-05T15:42:03","modified_gmt":"2026-03-05T14:42:03","slug":"wisson-orion-ap3-p1-2","status":"publish","type":"product","link":"https:\/\/ironsky.pl\/sklep\/produkt\/wisson-orion-ap3-p1-2\/","title":{"rendered":"System do mycia dronem &#8211; Wisson Orion AP3-P1"},"content":{"rendered":"<h3 data-start=\"201\" data-end=\"276\"><strong data-start=\"201\" data-end=\"274\">Orion AP3-P1 \u2013 powietrzny system precyzyjnego opryskiwania dla dron\u00f3w<\/strong><\/h3>\n<p data-start=\"278\" data-end=\"548\">Orion AP3-P1 to innowacyjny system opryskowy stworzony z my\u015bl\u0105 o lekkich dronach DJI M350\/300 oraz innych modelach o ud\u017awigu do 5 kg. Dzi\u0119ki zaawansowanej konstrukcji i pe\u0142nej kompatybilno\u015bci, urz\u0105dzenie znajduje zastosowanie w energetyce, elektryce oraz budownictwie.<\/p>\n<p data-start=\"278\" data-end=\"548\"><img decoding=\"async\" src=\"https:\/\/b2b.innpro.pl\/data\/include\/cms\/\/EN_OrionAP3-P1_picture1_Wisson_20240604.png\" \/><\/p>\n<h3 data-start=\"555\" data-end=\"614\"><\/h3>\n<h3 data-start=\"555\" data-end=\"614\">Ca\u0142kowite pokrycie powierzchni \u2013 bez martwych punkt\u00f3w<\/h3>\n<p data-start=\"615\" data-end=\"839\">System AP3-P1 umo\u017cliwia dotarcie do trudno dost\u0119pnych miejsc, gwarantuj\u0105c precyzyjne i r\u00f3wnomierne pokrycie ca\u0142ej powierzchni obiektu. To idealne rozwi\u0105zanie wsz\u0119dzie tam, gdzie liczy si\u0119 dok\u0142adno\u015b\u0107 i bezpiecze\u0144stwo pracy.<\/p>\n<p data-start=\"615\" data-end=\"839\"><img decoding=\"async\" src=\"https:\/\/b2b.innpro.pl\/data\/include\/cms\/wisson\/obraz_2024-10-18_110044477.png\" \/><\/p>\n<h3 data-start=\"846\" data-end=\"892\"><\/h3>\n<h3 data-start=\"846\" data-end=\"892\">Precyzyjny oprysk i obs\u0142uga wielu cieczy<\/h3>\n<p data-start=\"893\" data-end=\"1165\">Zbiornik o pojemno\u015bci 2L obs\u0142uguje r\u00f3\u017cne rodzaje cieczy, takie jak woda, oleje, p\u0142yny ch\u0142odz\u0105ce, odrdzewiacze czy farby antykorozyjne. Zintegrowana kamera FPV zapewnia pe\u0142n\u0105 kontrol\u0119 nad opryskiem, minimalizuj\u0105c straty materia\u0142u i chroni\u0105c wra\u017cliwe elementy konstrukcji.<\/p>\n<p data-start=\"893\" data-end=\"1165\"><img decoding=\"async\" src=\"https:\/\/b2b.innpro.pl\/data\/include\/cms\/wisson\/EN_OrionAP3-P1_picture2_Wisson_20240604.png\" \/><\/p>\n","protected":false},"excerpt":{"rendered":"<div class=\"wd-single-short-desc wd-wpb wd-rs-63a31f9e9c3cc vc_custom_1671634853162 text-left\">\n<div class=\"woocommerce-product-details__short-description\">\n<p>Masz pytania?<\/p>\n<p>Dzwo\u0144\u00a0<strong>503 503 517<\/strong>\u00a0i pisz na\u00a0<strong>sklep@ironsky.pl<\/strong><\/p>\n<\/div>\n<\/div>\n<div class=\"vc_row wpb_row vc_inner vc_row-fluid\"><\/div>\n","protected":false},"featured_media":48430,"comment_status":"open","ping_status":"closed","template":"","meta":{"_acf_changed":false},"product_brand":[],"product_cat":[1088,6063,1105],"product_tag":[],"class_list":{"0":"post-48429","1":"product","2":"type-product","3":"status-publish","4":"has-post-thumbnail","6":"product_cat-drony","7":"product_cat-myjace","8":"product_cat-przemyslowe","10":"first","11":"outofstock","12":"taxable","13":"shipping-taxable","14":"purchasable","15":"product-type-simple"},"acf":[],"yoast_head":"<!-- This site is optimized with the Yoast SEO plugin v27.2 - https:\/\/yoast.com\/product\/yoast-seo-wordpress\/ -->\n<title>System do mycia dronem - Wisson Orion AP3-P1 - IRONSKY.PL Sklep z Dronami<\/title>\n<meta name=\"description\" content=\"System do mycia dronem - Wisson Orion AP3-P1 - Orion AP3-P1 to precyzyjny system opryskowy do dron\u00f3w DJI M350\/300. Idealny do mycia i czyszczenia bez martwych punkt\u00f3w.\" \/>\n<meta name=\"robots\" content=\"index, follow, max-snippet:-1, max-image-preview:large, max-video-preview:-1\" \/>\n<link rel=\"canonical\" href=\"https:\/\/ironsky.pl\/sklep\/produkt\/wisson-orion-ap3-p1-2\/\" \/>\n<meta property=\"og:locale\" content=\"pl_PL\" \/>\n<meta property=\"og:type\" content=\"article\" \/>\n<meta property=\"og:title\" content=\"System do mycia dronem - Wisson Orion AP3-P1 - IRONSKY.PL Sklep z Dronami\" \/>\n<meta property=\"og:description\" content=\"System do mycia dronem - Wisson Orion AP3-P1 - Orion AP3-P1 to precyzyjny system opryskowy do dron\u00f3w DJI M350\/300. Idealny do mycia i czyszczenia bez martwych punkt\u00f3w.\" \/>\n<meta property=\"og:url\" content=\"https:\/\/ironsky.pl\/sklep\/produkt\/wisson-orion-ap3-p1-2\/\" \/>\n<meta property=\"og:site_name\" content=\"IRONSKY.PL Sklep z Dronami\" \/>\n<meta property=\"article:modified_time\" content=\"2026-03-05T14:42:03+00:00\" \/>\n<meta property=\"og:image\" content=\"https:\/\/ironsky.pl\/sklep\/wp-content\/uploads\/2025\/08\/pol_pm_Wisson-Orion-AP3-P1-47758_1.jpg\" \/>\n\t<meta property=\"og:image:width\" content=\"450\" \/>\n\t<meta property=\"og:image:height\" content=\"450\" \/>\n\t<meta property=\"og:image:type\" content=\"image\/jpeg\" \/>\n<meta name=\"twitter:card\" content=\"summary_large_image\" \/>\n<meta name=\"twitter:label1\" content=\"Szacowany czas czytania\" \/>\n\t<meta name=\"twitter:data1\" content=\"2 minuty\" \/>\n<script type=\"application\/ld+json\" class=\"yoast-schema-graph\">{\"@context\":\"https:\/\/schema.org\",\"@graph\":[{\"@type\":\"WebPage\",\"@id\":\"https:\/\/ironsky.pl\/sklep\/produkt\/wisson-orion-ap3-p1-2\/\",\"url\":\"https:\/\/ironsky.pl\/sklep\/produkt\/wisson-orion-ap3-p1-2\/\",\"name\":\"System do mycia dronem - Wisson Orion AP3-P1 - IRONSKY.PL Sklep z Dronami\",\"isPartOf\":{\"@id\":\"https:\/\/ironsky.pl\/sklep\/#website\"},\"primaryImageOfPage\":{\"@id\":\"https:\/\/ironsky.pl\/sklep\/produkt\/wisson-orion-ap3-p1-2\/#primaryimage\"},\"image\":{\"@id\":\"https:\/\/ironsky.pl\/sklep\/produkt\/wisson-orion-ap3-p1-2\/#primaryimage\"},\"thumbnailUrl\":\"https:\/\/ironsky.pl\/sklep\/wp-content\/uploads\/2025\/08\/pol_pm_Wisson-Orion-AP3-P1-47758_1.jpg\",\"datePublished\":\"2025-08-25T09:22:13+00:00\",\"dateModified\":\"2026-03-05T14:42:03+00:00\",\"description\":\"System do mycia dronem - Wisson Orion AP3-P1 - Orion AP3-P1 to precyzyjny system opryskowy do dron\u00f3w DJI M350\/300. Idealny do mycia i czyszczenia bez martwych punkt\u00f3w.\",\"breadcrumb\":{\"@id\":\"https:\/\/ironsky.pl\/sklep\/produkt\/wisson-orion-ap3-p1-2\/#breadcrumb\"},\"inLanguage\":\"pl-PL\",\"potentialAction\":[{\"@type\":\"ReadAction\",\"target\":[\"https:\/\/ironsky.pl\/sklep\/produkt\/wisson-orion-ap3-p1-2\/\"]}]},{\"@type\":\"ImageObject\",\"inLanguage\":\"pl-PL\",\"@id\":\"https:\/\/ironsky.pl\/sklep\/produkt\/wisson-orion-ap3-p1-2\/#primaryimage\",\"url\":\"https:\/\/ironsky.pl\/sklep\/wp-content\/uploads\/2025\/08\/pol_pm_Wisson-Orion-AP3-P1-47758_1.jpg\",\"contentUrl\":\"https:\/\/ironsky.pl\/sklep\/wp-content\/uploads\/2025\/08\/pol_pm_Wisson-Orion-AP3-P1-47758_1.jpg\",\"width\":450,\"height\":450},{\"@type\":\"BreadcrumbList\",\"@id\":\"https:\/\/ironsky.pl\/sklep\/produkt\/wisson-orion-ap3-p1-2\/#breadcrumb\",\"itemListElement\":[{\"@type\":\"ListItem\",\"position\":1,\"name\":\"Strona g\u0142\u00f3wna\",\"item\":\"https:\/\/ironsky.pl\/sklep\/\"},{\"@type\":\"ListItem\",\"position\":2,\"name\":\"Wszystkie produkty\",\"item\":\"https:\/\/ironsky.pl\/sklep\/sklep\/\"},{\"@type\":\"ListItem\",\"position\":3,\"name\":\"System do mycia dronem &#8211; Wisson Orion AP3-P1\"}]},{\"@type\":\"WebSite\",\"@id\":\"https:\/\/ironsky.pl\/sklep\/#website\",\"url\":\"https:\/\/ironsky.pl\/sklep\/\",\"name\":\"IRONSKY.PL Sklep z Dronami\",\"description\":\"IRONSKY.PL Sklep z Dronami\",\"potentialAction\":[{\"@type\":\"SearchAction\",\"target\":{\"@type\":\"EntryPoint\",\"urlTemplate\":\"https:\/\/ironsky.pl\/sklep\/?s={search_term_string}\"},\"query-input\":{\"@type\":\"PropertyValueSpecification\",\"valueRequired\":true,\"valueName\":\"search_term_string\"}}],\"inLanguage\":\"pl-PL\"}]}<\/script>\n<!-- \/ Yoast SEO plugin. -->","yoast_head_json":{"title":"System do mycia dronem - Wisson Orion AP3-P1 - IRONSKY.PL Sklep z Dronami","description":"System do mycia dronem - Wisson Orion AP3-P1 - Orion AP3-P1 to precyzyjny system opryskowy do dron\u00f3w DJI M350\/300. Idealny do mycia i czyszczenia bez martwych punkt\u00f3w.","robots":{"index":"index","follow":"follow","max-snippet":"max-snippet:-1","max-image-preview":"max-image-preview:large","max-video-preview":"max-video-preview:-1"},"canonical":"https:\/\/ironsky.pl\/sklep\/produkt\/wisson-orion-ap3-p1-2\/","og_locale":"pl_PL","og_type":"article","og_title":"System do mycia dronem - Wisson Orion AP3-P1 - IRONSKY.PL Sklep z Dronami","og_description":"System do mycia dronem - Wisson Orion AP3-P1 - Orion AP3-P1 to precyzyjny system opryskowy do dron\u00f3w DJI M350\/300. Idealny do mycia i czyszczenia bez martwych punkt\u00f3w.","og_url":"https:\/\/ironsky.pl\/sklep\/produkt\/wisson-orion-ap3-p1-2\/","og_site_name":"IRONSKY.PL Sklep z Dronami","article_modified_time":"2026-03-05T14:42:03+00:00","og_image":[{"width":450,"height":450,"url":"https:\/\/ironsky.pl\/sklep\/wp-content\/uploads\/2025\/08\/pol_pm_Wisson-Orion-AP3-P1-47758_1.jpg","type":"image\/jpeg"}],"twitter_card":"summary_large_image","twitter_misc":{"Szacowany czas czytania":"2 minuty"},"schema":{"@context":"https:\/\/schema.org","@graph":[{"@type":"WebPage","@id":"https:\/\/ironsky.pl\/sklep\/produkt\/wisson-orion-ap3-p1-2\/","url":"https:\/\/ironsky.pl\/sklep\/produkt\/wisson-orion-ap3-p1-2\/","name":"System do mycia dronem - Wisson Orion AP3-P1 - IRONSKY.PL Sklep z Dronami","isPartOf":{"@id":"https:\/\/ironsky.pl\/sklep\/#website"},"primaryImageOfPage":{"@id":"https:\/\/ironsky.pl\/sklep\/produkt\/wisson-orion-ap3-p1-2\/#primaryimage"},"image":{"@id":"https:\/\/ironsky.pl\/sklep\/produkt\/wisson-orion-ap3-p1-2\/#primaryimage"},"thumbnailUrl":"https:\/\/ironsky.pl\/sklep\/wp-content\/uploads\/2025\/08\/pol_pm_Wisson-Orion-AP3-P1-47758_1.jpg","datePublished":"2025-08-25T09:22:13+00:00","dateModified":"2026-03-05T14:42:03+00:00","description":"System do mycia dronem - Wisson Orion AP3-P1 - Orion AP3-P1 to precyzyjny system opryskowy do dron\u00f3w DJI M350\/300. Idealny do mycia i czyszczenia bez martwych punkt\u00f3w.","breadcrumb":{"@id":"https:\/\/ironsky.pl\/sklep\/produkt\/wisson-orion-ap3-p1-2\/#breadcrumb"},"inLanguage":"pl-PL","potentialAction":[{"@type":"ReadAction","target":["https:\/\/ironsky.pl\/sklep\/produkt\/wisson-orion-ap3-p1-2\/"]}]},{"@type":"ImageObject","inLanguage":"pl-PL","@id":"https:\/\/ironsky.pl\/sklep\/produkt\/wisson-orion-ap3-p1-2\/#primaryimage","url":"https:\/\/ironsky.pl\/sklep\/wp-content\/uploads\/2025\/08\/pol_pm_Wisson-Orion-AP3-P1-47758_1.jpg","contentUrl":"https:\/\/ironsky.pl\/sklep\/wp-content\/uploads\/2025\/08\/pol_pm_Wisson-Orion-AP3-P1-47758_1.jpg","width":450,"height":450},{"@type":"BreadcrumbList","@id":"https:\/\/ironsky.pl\/sklep\/produkt\/wisson-orion-ap3-p1-2\/#breadcrumb","itemListElement":[{"@type":"ListItem","position":1,"name":"Strona g\u0142\u00f3wna","item":"https:\/\/ironsky.pl\/sklep\/"},{"@type":"ListItem","position":2,"name":"Wszystkie produkty","item":"https:\/\/ironsky.pl\/sklep\/sklep\/"},{"@type":"ListItem","position":3,"name":"System do mycia dronem &#8211; Wisson Orion AP3-P1"}]},{"@type":"WebSite","@id":"https:\/\/ironsky.pl\/sklep\/#website","url":"https:\/\/ironsky.pl\/sklep\/","name":"IRONSKY.PL Sklep z Dronami","description":"IRONSKY.PL Sklep z Dronami","potentialAction":[{"@type":"SearchAction","target":{"@type":"EntryPoint","urlTemplate":"https:\/\/ironsky.pl\/sklep\/?s={search_term_string}"},"query-input":{"@type":"PropertyValueSpecification","valueRequired":true,"valueName":"search_term_string"}}],"inLanguage":"pl-PL"}]}},"_links":{"self":[{"href":"https:\/\/ironsky.pl\/sklep\/wp-json\/wp\/v2\/product\/48429","targetHints":{"allow":["GET"]}}],"collection":[{"href":"https:\/\/ironsky.pl\/sklep\/wp-json\/wp\/v2\/product"}],"about":[{"href":"https:\/\/ironsky.pl\/sklep\/wp-json\/wp\/v2\/types\/product"}],"replies":[{"embeddable":true,"href":"https:\/\/ironsky.pl\/sklep\/wp-json\/wp\/v2\/comments?post=48429"}],"wp:featuredmedia":[{"embeddable":true,"href":"https:\/\/ironsky.pl\/sklep\/wp-json\/wp\/v2\/media\/48430"}],"wp:attachment":[{"href":"https:\/\/ironsky.pl\/sklep\/wp-json\/wp\/v2\/media?parent=48429"}],"wp:term":[{"taxonomy":"product_brand","embeddable":true,"href":"https:\/\/ironsky.pl\/sklep\/wp-json\/wp\/v2\/product_brand?post=48429"},{"taxonomy":"product_cat","embeddable":true,"href":"https:\/\/ironsky.pl\/sklep\/wp-json\/wp\/v2\/product_cat?post=48429"},{"taxonomy":"product_tag","embeddable":true,"href":"https:\/\/ironsky.pl\/sklep\/wp-json\/wp\/v2\/product_tag?post=48429"}],"curies":[{"name":"wp","href":"https:\/\/api.w.org\/{rel}","templated":true}]}}