{"id":48317,"date":"2025-08-07T12:57:10","date_gmt":"2025-08-07T10:57:10","guid":{"rendered":"https:\/\/ironsky.pl\/drony-sklep\/?post_type=product&#038;p=48317"},"modified":"2026-03-05T15:42:02","modified_gmt":"2026-03-05T14:42:02","slug":"robot-humanoidalny-unitree-g1-edu-u1","status":"publish","type":"product","link":"https:\/\/ironsky.pl\/sklep\/produkt\/robot-humanoidalny-unitree-g1-edu-u1\/","title":{"rendered":"Robot humanoidalny Unitree G1 EDU U1"},"content":{"rendered":"<h2>Unitree G1 EDU-U1: Innowacyjny robot humanoidalny dla badaczy i deweloper\u00f3w<\/h2>\n<p><img decoding=\"async\" class=\"alignnone  wp-image-48263\" src=\"https:\/\/ironsky.pl\/drony-sklep\/wp-content\/uploads\/2025\/08\/videoframe_0-300x169.png\" alt=\"\" width=\"295\" height=\"166\" srcset=\"https:\/\/ironsky.pl\/sklep\/wp-content\/uploads\/2025\/08\/videoframe_0-300x169.png 300w, https:\/\/ironsky.pl\/sklep\/wp-content\/uploads\/2025\/08\/videoframe_0-1024x576.png 1024w, https:\/\/ironsky.pl\/sklep\/wp-content\/uploads\/2025\/08\/videoframe_0-768x432.png 768w, https:\/\/ironsky.pl\/sklep\/wp-content\/uploads\/2025\/08\/videoframe_0-1536x864.png 1536w, https:\/\/ironsky.pl\/sklep\/wp-content\/uploads\/2025\/08\/videoframe_0-600x338.png 600w, https:\/\/ironsky.pl\/sklep\/wp-content\/uploads\/2025\/08\/videoframe_0-150x84.png 150w, https:\/\/ironsky.pl\/sklep\/wp-content\/uploads\/2025\/08\/videoframe_0-64x36.png 64w, https:\/\/ironsky.pl\/sklep\/wp-content\/uploads\/2025\/08\/videoframe_0.png 1920w\" sizes=\"(max-width: 295px) 100vw, 295px\" \/> <img decoding=\"async\" class=\"alignnone  wp-image-48248\" src=\"https:\/\/ironsky.pl\/drony-sklep\/wp-content\/uploads\/2025\/08\/big_robot-humanoidalny-unitree-g1-drony-net-2-300x188.jpg\" alt=\"\" width=\"264\" height=\"165\" srcset=\"https:\/\/ironsky.pl\/sklep\/wp-content\/uploads\/2025\/08\/big_robot-humanoidalny-unitree-g1-drony-net-2-300x188.jpg 300w, https:\/\/ironsky.pl\/sklep\/wp-content\/uploads\/2025\/08\/big_robot-humanoidalny-unitree-g1-drony-net-2-768x482.jpg 768w, https:\/\/ironsky.pl\/sklep\/wp-content\/uploads\/2025\/08\/big_robot-humanoidalny-unitree-g1-drony-net-2-600x376.jpg 600w, https:\/\/ironsky.pl\/sklep\/wp-content\/uploads\/2025\/08\/big_robot-humanoidalny-unitree-g1-drony-net-2-150x94.jpg 150w, https:\/\/ironsky.pl\/sklep\/wp-content\/uploads\/2025\/08\/big_robot-humanoidalny-unitree-g1-drony-net-2-64x40.jpg 64w, https:\/\/ironsky.pl\/sklep\/wp-content\/uploads\/2025\/08\/big_robot-humanoidalny-unitree-g1-drony-net-2.jpg 1000w\" sizes=\"(max-width: 264px) 100vw, 264px\" \/><\/p>\n<p>Szukasz zaawansowanej platformy do bada\u0144 nad robotyk\u0105 i sztuczn\u0105 inteligencj\u0105? Poznaj <b>Unitree G1 EDU-U1<\/b> \u2013 wyj\u0105tkowo zwinnego robota humanoidalnego, stworzonego z my\u015bl\u0105 o naukowcach, deweloperach i entuzjastach. Ten robot to nie tylko narz\u0119dzie, ale otwarte drzwi do tworzenia przysz\u0142o\u015bci robotyki.<\/p>\n<p>&nbsp;<\/p>\n<h3>G1 EDU-U1: Wszechstronno\u015b\u0107 i moc w jednym<\/h3>\n<div style=\"width: 1920px;\" class=\"wp-video\"><video class=\"wp-video-shortcode\" id=\"video-48317-1\" width=\"1920\" height=\"1080\" preload=\"metadata\" controls=\"controls\"><source type=\"video\/mp4\" src=\"https:\/\/ironsky.pl\/drony-sklep\/wp-content\/uploads\/2025\/08\/unitree-g1-opis-drony-net-5.mp4?_=1\" \/><a href=\"https:\/\/ironsky.pl\/drony-sklep\/wp-content\/uploads\/2025\/08\/unitree-g1-opis-drony-net-5.mp4\">https:\/\/ironsky.pl\/drony-sklep\/wp-content\/uploads\/2025\/08\/unitree-g1-opis-drony-net-5.mp4<\/a><\/video><\/div>\n<p>&nbsp;<\/p>\n<p><b>Unitree G1 EDU-U1<\/b> wyr\u00f3\u017cnia si\u0119 niezwyk\u0142\u0105 sprawno\u015bci\u0105 ruchow\u0105 dzi\u0119ki 23 stopniom swobody. Mo\u017ce z \u0142atwo\u015bci\u0105 wykonywa\u0107 z\u0142o\u017cone zadania, takie jak chodzenie po schodach, wstawanie z ziemi, a nawet widowiskowe salto w bok. Dzi\u0119ki otwartej architekturze i pot\u0119\u017cnym parametrom, robot jest doskona\u0142\u0105 baz\u0105 do rozwijania w\u0142asnych algorytm\u00f3w.<\/p>\n<p>&nbsp;<\/p>\n<h3>Otwarta architektura i pot\u0119\u017cne parametry robota humanoidalnego<\/h3>\n<div style=\"width: 1920px;\" class=\"wp-video\"><video class=\"wp-video-shortcode\" id=\"video-48317-2\" width=\"1920\" height=\"1080\" preload=\"metadata\" controls=\"controls\"><source type=\"video\/mp4\" src=\"https:\/\/ironsky.pl\/drony-sklep\/wp-content\/uploads\/2025\/08\/unitree-g1-opis-drony-net-6.mp4?_=2\" \/><a href=\"https:\/\/ironsky.pl\/drony-sklep\/wp-content\/uploads\/2025\/08\/unitree-g1-opis-drony-net-6.mp4\">https:\/\/ironsky.pl\/drony-sklep\/wp-content\/uploads\/2025\/08\/unitree-g1-opis-drony-net-6.mp4<\/a><\/video><\/div>\n<p>&nbsp;<\/p>\n<p>G1 EDU-U1 to idealna platforma do rozwijania w\u0142asnych algorytm\u00f3w. Jest wyposa\u017cony w dodatkowy komputer o mocy obliczeniowej <b>100 TOPS<\/b>, co czyni go gotowym do obs\u0142ugi najbardziej wymagaj\u0105cych algorytm\u00f3w AI. Wersja U1 oferuje r\u00f3wnie\u017c ulepszone parametry fizyczne, kt\u00f3re spe\u0142niaj\u0105 oczekiwania zaawansowanych eksperyment\u00f3w:<\/p>\n<ul>\n<li><b>Maksymalny moment obrotowy stawu kolanowego:<\/b> 120 Nm<\/li>\n<li><b>Maksymalny ud\u017awig ramion:<\/b> 3 kg<\/li>\n<li><b>\u0141\u0105cznie 23 stopnie swobody (DOF):<\/b> Sze\u015bcioosiowe nogi, pi\u0119cioosiowe ramiona oraz jednoosiowa talia<\/li>\n<li><b>Waga i wymiary:<\/b> 35 kg, 127 cm wysoko\u015bci<\/li>\n<li><b>Czas pracy na baterii:<\/b> do 2 godzin<\/li>\n<\/ul>\n<p>&nbsp;<\/p>\n<h3>Stworzony do bada\u0144 i rozwoju<\/h3>\n<p><img decoding=\"async\" class=\"\" src=\"https:\/\/www.drony.net\/uploads\/unitree-g1-opis-drony-net-9_3.png?1743081569950\" width=\"965\" height=\"905\" \/><\/p>\n<p><b>Unitree G1 EDU-U1<\/b> to pot\u0119\u017cne narz\u0119dzie, kt\u00f3re przyspiesza cykl badawczy i pozwala na przekuwanie teoretycznych idei w praktyczne rozwi\u0105zania. Otwarta architektura i wsparcie dla rozwoju na niskim oraz wysokim poziomie daj\u0105 pe\u0142n\u0105 kontrol\u0119 nad zachowaniem robota. Idealnie sprawdza si\u0119 w:<\/p>\n<ul>\n<li>badaniach nad sztuczn\u0105 inteligencj\u0105 i algorytmami sterowania<\/li>\n<li>testowaniu system\u00f3w percepcji i autonomicznej nawigacji<\/li>\n<li>planowaniu ruchu w ciasnych przestrzeniach<\/li>\n<li>pionierskich projektach z zakresu interakcji cz\u0142owiek-robot<\/li>\n<\/ul>\n<p>Dzi\u0119ki kompletnemu pakietowi dokumentacji i wsparciu technicznemu, G1 EDU-U1 jest idealnym narz\u0119dziem dla uniwersytet\u00f3w, laboratori\u00f3w badawczych oraz deweloper\u00f3w, kt\u00f3rzy chc\u0105 aktywnie kszta\u0142towa\u0107 przysz\u0142o\u015b\u0107 robotyki.<\/p>\n<p>Chcesz wiedzie\u0107 wi\u0119cej? Przejd\u017a na naszego bloga, aby dowiedzie\u0107 si\u0119 wi\u0119cej o robotach humanoidalnych -&gt; <a href=\"https:\/\/ironsky.pl\/ranking-top-10-najlepszych-robotow-humanoidalnych-i-kroczacych\/\">BLOG IRONSKY<\/a><\/p>\n","protected":false},"excerpt":{"rendered":"<p>Unitree G1 EDU-U1: Innowacyjny robot humanoidalny dla badaczy i deweloper\u00f3w Szukasz zaawansowanej platformy do bada\u0144 nad robotyk\u0105 i sztuczn\u0105 inteligencj\u0105?<\/p>\n","protected":false},"featured_media":48247,"comment_status":"open","ping_status":"closed","template":"","meta":{"_acf_changed":false},"product_brand":[],"product_cat":[6062],"product_tag":[],"class_list":{"0":"post-48317","1":"product","2":"type-product","3":"status-publish","4":"has-post-thumbnail","6":"product_cat-roboty","8":"first","9":"outofstock","10":"taxable","11":"shipping-taxable","12":"purchasable","13":"product-type-simple"},"acf":[],"yoast_head":"<!-- This site is optimized with the Yoast SEO plugin v27.2 - https:\/\/yoast.com\/product\/yoast-seo-wordpress\/ -->\n<title>Robot humanoidalny Unitree G1 EDU U1 - IRONSKY.PL Sklep z Dronami<\/title>\n<meta name=\"description\" content=\"Robot humanoidalny Unitree G1 EDU U1 - Zwinny robot humanoidalny Unitree G1 EDU-U1 z 23 stopniami swobody. Idealna platforma do bada\u0144 AI i robotyki.\" \/>\n<meta name=\"robots\" content=\"index, follow, max-snippet:-1, max-image-preview:large, max-video-preview:-1\" \/>\n<link rel=\"canonical\" href=\"https:\/\/ironsky.pl\/sklep\/produkt\/robot-humanoidalny-unitree-g1-edu-u1\/\" \/>\n<meta property=\"og:locale\" content=\"pl_PL\" \/>\n<meta property=\"og:type\" content=\"article\" \/>\n<meta property=\"og:title\" content=\"Robot humanoidalny Unitree G1 EDU U1 - IRONSKY.PL Sklep z Dronami\" \/>\n<meta property=\"og:description\" content=\"Robot humanoidalny Unitree G1 EDU U1 - Zwinny robot humanoidalny Unitree G1 EDU-U1 z 23 stopniami swobody. Idealna platforma do bada\u0144 AI i robotyki.\" \/>\n<meta property=\"og:url\" content=\"https:\/\/ironsky.pl\/sklep\/produkt\/robot-humanoidalny-unitree-g1-edu-u1\/\" \/>\n<meta property=\"og:site_name\" content=\"IRONSKY.PL Sklep z Dronami\" \/>\n<meta property=\"article:modified_time\" content=\"2026-03-05T14:42:02+00:00\" \/>\n<meta property=\"og:image\" content=\"https:\/\/ironsky.pl\/sklep\/wp-content\/uploads\/2025\/08\/big_robot-humanoidalny-unitree-g1-drony-net-1.jpg\" \/>\n\t<meta property=\"og:image:width\" content=\"800\" \/>\n\t<meta property=\"og:image:height\" content=\"800\" \/>\n\t<meta property=\"og:image:type\" content=\"image\/jpeg\" \/>\n<meta name=\"twitter:card\" content=\"summary_large_image\" \/>\n<meta name=\"twitter:label1\" content=\"Szacowany czas czytania\" \/>\n\t<meta name=\"twitter:data1\" content=\"3 minuty\" \/>\n<script type=\"application\/ld+json\" class=\"yoast-schema-graph\">{\"@context\":\"https:\/\/schema.org\",\"@graph\":[{\"@type\":\"WebPage\",\"@id\":\"https:\/\/ironsky.pl\/sklep\/produkt\/robot-humanoidalny-unitree-g1-edu-u1\/\",\"url\":\"https:\/\/ironsky.pl\/sklep\/produkt\/robot-humanoidalny-unitree-g1-edu-u1\/\",\"name\":\"Robot humanoidalny Unitree G1 EDU U1 - IRONSKY.PL Sklep z Dronami\",\"isPartOf\":{\"@id\":\"https:\/\/ironsky.pl\/sklep\/#website\"},\"primaryImageOfPage\":{\"@id\":\"https:\/\/ironsky.pl\/sklep\/produkt\/robot-humanoidalny-unitree-g1-edu-u1\/#primaryimage\"},\"image\":{\"@id\":\"https:\/\/ironsky.pl\/sklep\/produkt\/robot-humanoidalny-unitree-g1-edu-u1\/#primaryimage\"},\"thumbnailUrl\":\"https:\/\/ironsky.pl\/sklep\/wp-content\/uploads\/2025\/08\/big_robot-humanoidalny-unitree-g1-drony-net-1.jpg\",\"datePublished\":\"2025-08-07T10:57:10+00:00\",\"dateModified\":\"2026-03-05T14:42:02+00:00\",\"description\":\"Robot humanoidalny Unitree G1 EDU U1 - Zwinny robot humanoidalny Unitree G1 EDU-U1 z 23 stopniami swobody. Idealna platforma do bada\u0144 AI i robotyki.\",\"breadcrumb\":{\"@id\":\"https:\/\/ironsky.pl\/sklep\/produkt\/robot-humanoidalny-unitree-g1-edu-u1\/#breadcrumb\"},\"inLanguage\":\"pl-PL\",\"potentialAction\":[{\"@type\":\"ReadAction\",\"target\":[\"https:\/\/ironsky.pl\/sklep\/produkt\/robot-humanoidalny-unitree-g1-edu-u1\/\"]}]},{\"@type\":\"ImageObject\",\"inLanguage\":\"pl-PL\",\"@id\":\"https:\/\/ironsky.pl\/sklep\/produkt\/robot-humanoidalny-unitree-g1-edu-u1\/#primaryimage\",\"url\":\"https:\/\/ironsky.pl\/sklep\/wp-content\/uploads\/2025\/08\/big_robot-humanoidalny-unitree-g1-drony-net-1.jpg\",\"contentUrl\":\"https:\/\/ironsky.pl\/sklep\/wp-content\/uploads\/2025\/08\/big_robot-humanoidalny-unitree-g1-drony-net-1.jpg\",\"width\":800,\"height\":800},{\"@type\":\"BreadcrumbList\",\"@id\":\"https:\/\/ironsky.pl\/sklep\/produkt\/robot-humanoidalny-unitree-g1-edu-u1\/#breadcrumb\",\"itemListElement\":[{\"@type\":\"ListItem\",\"position\":1,\"name\":\"Strona g\u0142\u00f3wna\",\"item\":\"https:\/\/ironsky.pl\/sklep\/\"},{\"@type\":\"ListItem\",\"position\":2,\"name\":\"Wszystkie produkty\",\"item\":\"https:\/\/ironsky.pl\/sklep\/produkty\/\"},{\"@type\":\"ListItem\",\"position\":3,\"name\":\"Robot humanoidalny Unitree G1 EDU U1\"}]},{\"@type\":\"WebSite\",\"@id\":\"https:\/\/ironsky.pl\/sklep\/#website\",\"url\":\"https:\/\/ironsky.pl\/sklep\/\",\"name\":\"IRONSKY.PL Sklep z Dronami\",\"description\":\"IRONSKY.PL Sklep z Dronami\",\"potentialAction\":[{\"@type\":\"SearchAction\",\"target\":{\"@type\":\"EntryPoint\",\"urlTemplate\":\"https:\/\/ironsky.pl\/sklep\/?s={search_term_string}\"},\"query-input\":{\"@type\":\"PropertyValueSpecification\",\"valueRequired\":true,\"valueName\":\"search_term_string\"}}],\"inLanguage\":\"pl-PL\"}]}<\/script>\n<!-- \/ Yoast SEO plugin. -->","yoast_head_json":{"title":"Robot humanoidalny Unitree G1 EDU U1 - IRONSKY.PL Sklep z Dronami","description":"Robot humanoidalny Unitree G1 EDU U1 - Zwinny robot humanoidalny Unitree G1 EDU-U1 z 23 stopniami swobody. Idealna platforma do bada\u0144 AI i robotyki.","robots":{"index":"index","follow":"follow","max-snippet":"max-snippet:-1","max-image-preview":"max-image-preview:large","max-video-preview":"max-video-preview:-1"},"canonical":"https:\/\/ironsky.pl\/sklep\/produkt\/robot-humanoidalny-unitree-g1-edu-u1\/","og_locale":"pl_PL","og_type":"article","og_title":"Robot humanoidalny Unitree G1 EDU U1 - IRONSKY.PL Sklep z Dronami","og_description":"Robot humanoidalny Unitree G1 EDU U1 - Zwinny robot humanoidalny Unitree G1 EDU-U1 z 23 stopniami swobody. Idealna platforma do bada\u0144 AI i robotyki.","og_url":"https:\/\/ironsky.pl\/sklep\/produkt\/robot-humanoidalny-unitree-g1-edu-u1\/","og_site_name":"IRONSKY.PL Sklep z Dronami","article_modified_time":"2026-03-05T14:42:02+00:00","og_image":[{"width":800,"height":800,"url":"https:\/\/ironsky.pl\/sklep\/wp-content\/uploads\/2025\/08\/big_robot-humanoidalny-unitree-g1-drony-net-1.jpg","type":"image\/jpeg"}],"twitter_card":"summary_large_image","twitter_misc":{"Szacowany czas czytania":"3 minuty"},"schema":{"@context":"https:\/\/schema.org","@graph":[{"@type":"WebPage","@id":"https:\/\/ironsky.pl\/sklep\/produkt\/robot-humanoidalny-unitree-g1-edu-u1\/","url":"https:\/\/ironsky.pl\/sklep\/produkt\/robot-humanoidalny-unitree-g1-edu-u1\/","name":"Robot humanoidalny Unitree G1 EDU U1 - IRONSKY.PL Sklep z Dronami","isPartOf":{"@id":"https:\/\/ironsky.pl\/sklep\/#website"},"primaryImageOfPage":{"@id":"https:\/\/ironsky.pl\/sklep\/produkt\/robot-humanoidalny-unitree-g1-edu-u1\/#primaryimage"},"image":{"@id":"https:\/\/ironsky.pl\/sklep\/produkt\/robot-humanoidalny-unitree-g1-edu-u1\/#primaryimage"},"thumbnailUrl":"https:\/\/ironsky.pl\/sklep\/wp-content\/uploads\/2025\/08\/big_robot-humanoidalny-unitree-g1-drony-net-1.jpg","datePublished":"2025-08-07T10:57:10+00:00","dateModified":"2026-03-05T14:42:02+00:00","description":"Robot humanoidalny Unitree G1 EDU U1 - Zwinny robot humanoidalny Unitree G1 EDU-U1 z 23 stopniami swobody. Idealna platforma do bada\u0144 AI i robotyki.","breadcrumb":{"@id":"https:\/\/ironsky.pl\/sklep\/produkt\/robot-humanoidalny-unitree-g1-edu-u1\/#breadcrumb"},"inLanguage":"pl-PL","potentialAction":[{"@type":"ReadAction","target":["https:\/\/ironsky.pl\/sklep\/produkt\/robot-humanoidalny-unitree-g1-edu-u1\/"]}]},{"@type":"ImageObject","inLanguage":"pl-PL","@id":"https:\/\/ironsky.pl\/sklep\/produkt\/robot-humanoidalny-unitree-g1-edu-u1\/#primaryimage","url":"https:\/\/ironsky.pl\/sklep\/wp-content\/uploads\/2025\/08\/big_robot-humanoidalny-unitree-g1-drony-net-1.jpg","contentUrl":"https:\/\/ironsky.pl\/sklep\/wp-content\/uploads\/2025\/08\/big_robot-humanoidalny-unitree-g1-drony-net-1.jpg","width":800,"height":800},{"@type":"BreadcrumbList","@id":"https:\/\/ironsky.pl\/sklep\/produkt\/robot-humanoidalny-unitree-g1-edu-u1\/#breadcrumb","itemListElement":[{"@type":"ListItem","position":1,"name":"Strona g\u0142\u00f3wna","item":"https:\/\/ironsky.pl\/sklep\/"},{"@type":"ListItem","position":2,"name":"Wszystkie produkty","item":"https:\/\/ironsky.pl\/sklep\/produkty\/"},{"@type":"ListItem","position":3,"name":"Robot humanoidalny Unitree G1 EDU U1"}]},{"@type":"WebSite","@id":"https:\/\/ironsky.pl\/sklep\/#website","url":"https:\/\/ironsky.pl\/sklep\/","name":"IRONSKY.PL Sklep z Dronami","description":"IRONSKY.PL Sklep z Dronami","potentialAction":[{"@type":"SearchAction","target":{"@type":"EntryPoint","urlTemplate":"https:\/\/ironsky.pl\/sklep\/?s={search_term_string}"},"query-input":{"@type":"PropertyValueSpecification","valueRequired":true,"valueName":"search_term_string"}}],"inLanguage":"pl-PL"}]}},"_links":{"self":[{"href":"https:\/\/ironsky.pl\/sklep\/wp-json\/wp\/v2\/product\/48317","targetHints":{"allow":["GET"]}}],"collection":[{"href":"https:\/\/ironsky.pl\/sklep\/wp-json\/wp\/v2\/product"}],"about":[{"href":"https:\/\/ironsky.pl\/sklep\/wp-json\/wp\/v2\/types\/product"}],"replies":[{"embeddable":true,"href":"https:\/\/ironsky.pl\/sklep\/wp-json\/wp\/v2\/comments?post=48317"}],"wp:featuredmedia":[{"embeddable":true,"href":"https:\/\/ironsky.pl\/sklep\/wp-json\/wp\/v2\/media\/48247"}],"wp:attachment":[{"href":"https:\/\/ironsky.pl\/sklep\/wp-json\/wp\/v2\/media?parent=48317"}],"wp:term":[{"taxonomy":"product_brand","embeddable":true,"href":"https:\/\/ironsky.pl\/sklep\/wp-json\/wp\/v2\/product_brand?post=48317"},{"taxonomy":"product_cat","embeddable":true,"href":"https:\/\/ironsky.pl\/sklep\/wp-json\/wp\/v2\/product_cat?post=48317"},{"taxonomy":"product_tag","embeddable":true,"href":"https:\/\/ironsky.pl\/sklep\/wp-json\/wp\/v2\/product_tag?post=48317"}],"curies":[{"name":"wp","href":"https:\/\/api.w.org\/{rel}","templated":true}]}}