{"id":48299,"date":"2025-08-07T11:10:32","date_gmt":"2025-08-07T09:10:32","guid":{"rendered":"https:\/\/ironsky.pl\/drony-sklep\/?post_type=product&#038;p=48299"},"modified":"2026-03-05T15:42:02","modified_gmt":"2026-03-05T14:42:02","slug":"robot-humanoidalny-unitree-g1-edu-u6","status":"publish","type":"product","link":"https:\/\/ironsky.pl\/sklep\/produkt\/robot-humanoidalny-unitree-g1-edu-u6\/","title":{"rendered":"Robot humanoidalny Unitree G1 EDU-U6"},"content":{"rendered":"<h2>Robot Humanoidalny Unitree G1 EDU-U6 &#8211; Najnowsza Platforma do Bada\u0144 i Edukacji AI<\/h2>\n<p>\u00a0 <\/p>\n<p><b>Robot humanoidalny Unitree G1 EDU-U6<\/b> to prze\u0142omowa platforma do bada\u0144 i edukacji, kt\u00f3ra \u0142\u0105czy w sobie niesamowit\u0105 zwinno\u015b\u0107, zaawansowan\u0105 percepcj\u0119 i otwart\u0105 architektur\u0119. Ta zaawansowana wersja humanoida G1, w odr\u00f3\u017cnieniu od wersji podstawowej, zosta\u0142a zaprojektowana z my\u015bl\u0105 o najbardziej wymagaj\u0105cych projektach z zakresu sztucznej inteligencji, robotyki i automatyki. Z 41 stopniami swobody (DoF) i precyzyjnymi d\u0142o\u0144mi z pi\u0119cioma palcami, G1 EDU-U6 otwiera nowe mo\u017cliwo\u015bci w manipulacji obiektami i interakcji ze \u015bwiatem. <\/p>\n<p>\u00a0 <\/p>\n<h3>Innowacje Technologiczne, kt\u00f3re Definiuj\u0105 robota G1 EDU-U6<\/h3>\n<p>\u00a0<\/p>\n<div style=\"width: 1920px;\" class=\"wp-video\"><video class=\"wp-video-shortcode\" id=\"video-48299-1\" width=\"1920\" height=\"1080\" preload=\"metadata\" controls=\"controls\"><source type=\"video\/mp4\" src=\"https:\/\/ironsky.pl\/drony-sklep\/wp-content\/uploads\/2025\/08\/unitree-g1-opis-drony-net-5.mp4?_=1\" \/><a href=\"https:\/\/ironsky.pl\/drony-sklep\/wp-content\/uploads\/2025\/08\/unitree-g1-opis-drony-net-5.mp4\">https:\/\/ironsky.pl\/drony-sklep\/wp-content\/uploads\/2025\/08\/unitree-g1-opis-drony-net-5.mp4<\/a><\/video><\/div>\n<p><b>Robot humanoidalny Unitree G1 EDU-U6<\/b> to prawdziwa pot\u0119ga obliczeniowa i mechaniczna. Jego sercem jest wbudowany komputer o mocy <b>100 TOPS<\/b> (Tera Operations Per Second), co zapewnia ogromn\u0105 wydajno\u015b\u0107 do obs\u0142ugi z\u0142o\u017conych algorytm\u00f3w AI. G\u0142\u00f3wne innowacje w tej wersji to: <\/p>\n<ul>\n<li style=\"list-style-type: none\">\n<ul>\n<li><b>Zwi\u0119kszona Si\u0142a i Zwinno\u015b\u0107:<\/b> Maksymalny moment obrotowy stawu kolanowego zosta\u0142 podniesiony do <b>120 Nm<\/b>, a ramiona mog\u0105 unie\u015b\u0107 ci\u0119\u017car do <b>3 kg<\/b>. Zwi\u0119kszono r\u00f3wnie\u017c liczb\u0119 stopni swobody (DoF) w pasie do 3, a w ka\u017cdym ramieniu do 7 (dzi\u0119ki dodaniu stawu nadgarstkowego).<\/li>\n<\/ul>\n<\/li>\n<\/ul>\n<p>\u00a0<\/p>\n<ul>\n<li style=\"list-style-type: none\">\n<ul>\n<li><b>Precyzyjne D\u0142onie:<\/b> Wersja U6 jest wyposa\u017cona w dwie zaawansowane d\u0142onie <b>RH56DFTP-2<\/b> z pi\u0119cioma palcami i czujnikami nacisku, co umo\u017cliwia precyzyjn\u0105 manipulacj\u0119 obiektami.<\/li>\n<\/ul>\n<\/li>\n<\/ul>\n<p>\u00a0<\/p>\n<ul>\n<li style=\"list-style-type: none\">\n<ul>\n<li><b>Zaawansowane Sensory:<\/b> Robot posiada bogate wyposa\u017cenie, w tym 8-rdzeniowy procesor, modu\u0142y Wi-Fi i Bluetooth, <b>LiDAR 360\u00b0<\/b>, kamer\u0119 g\u0142\u0119bi oraz system audio z g\u0142o\u015bnikiem i mikrofonem.<\/li>\n<\/ul>\n<\/li>\n<\/ul>\n<p>Wszystko to sprawia, \u017ce <b>Unitree G1 EDU-U6<\/b> to idealne narz\u0119dzie do symulacji i testowania, umo\u017cliwiaj\u0105ce robotowi chodzenie po schodach, wstawanie z ziemi, czy nawet wykonywanie skomplikowanych ewolucji. <\/p>\n<p>\u00a0 <\/p>\n<h3>Otwarta Architektura dla Badaczy i Tw\u00f3rc\u00f3w<\/h3>\n<p>\u00a0<\/p>\n<div style=\"width: 1920px;\" class=\"wp-video\"><video class=\"wp-video-shortcode\" id=\"video-48299-2\" width=\"1920\" height=\"1080\" preload=\"metadata\" controls=\"controls\"><source type=\"video\/mp4\" src=\"https:\/\/ironsky.pl\/drony-sklep\/wp-content\/uploads\/2025\/08\/unitree-g1-opis-drony-net-6.mp4?_=2\" \/><a href=\"https:\/\/ironsky.pl\/drony-sklep\/wp-content\/uploads\/2025\/08\/unitree-g1-opis-drony-net-6.mp4\">https:\/\/ironsky.pl\/drony-sklep\/wp-content\/uploads\/2025\/08\/unitree-g1-opis-drony-net-6.mp4<\/a><\/video><\/div>\n<p>To, co czyni seri\u0119 G1 EDU wyj\u0105tkow\u0105, to pe\u0142na otwarto\u015b\u0107 na modyfikacje i programowanie. Dzi\u0119ki wsparciu dla rozwoju wt\u00f3rnego na poziomie niskim i wysokim, ka\u017cdy model oferuje pe\u0142n\u0105 kontrol\u0119 nad zachowaniem robota. Kompletna dokumentacja i wsparcie techniczne producenta (sprawd\u017a oficjaln\u0105 stron\u0119 <b>Unitree Robotics<\/b>), pozwalaj\u0105 na komfortow\u0105 prac\u0119 nawet przy najbardziej z\u0142o\u017conych projektach. To platforma, kt\u00f3ra ro\u015bnie wraz z Twoimi ambicjami, przyspieszaj\u0105c cykl badawczy i umo\u017cliwiaj\u0105c przekucie teoretycznych koncepcji w dzia\u0142aj\u0105ce rozwi\u0105zania. <\/p>\n<p>\u00a0 <\/p>\n<h3>Tw\u00f3rz Przysz\u0142o\u015b\u0107 z Unitree G1 EDU-U6<\/h3>\n<p>\u00a0<\/p>\n<p><img decoding=\"async\" class=\"\" src=\"https:\/\/www.drony.net\/uploads\/unitree-g1-opis-drony-net-9_3.png?1743081569950\" width=\"965\" height=\"905\" \/><\/p>\n<p><b>Robot humanoidalny Unitree G1 EDU-U6<\/b> to idealne \u015brodowisko do testowania prze\u0142omowych koncepcji w robotyce. Umo\u017cliwia uczelniom i laboratoriom badawczym prac\u0119 nad algorytmami sterowania, percepcj\u0105 wizualn\u0105, planowaniem ruchu czy interakcj\u0105 cz\u0142owiek-robot. To pot\u0119\u017cne narz\u0119dzie, kt\u00f3re pomo\u017ce zdefiniowa\u0107 nast\u0119pn\u0105 generacj\u0119 inteligentnych maszyn. <\/p>\n<p><b>Chcesz wiedzie\u0107 wi\u0119cej?<\/b> Przejd\u017a na naszego bloga, aby dowiedzie\u0107 si\u0119 wi\u0119cej o robotach humanoidalnych. -&gt; <a href=\"https:\/\/ironsky.pl\/ranking-top-10-najlepszych-robotow-humanoidalnych-i-kroczacych\/\">BLOG IRONSKY<\/a><\/p>\n","protected":false},"excerpt":{"rendered":"<p>Robot Humanoidalny Unitree G1 EDU-U6 &#8211; Najnowsza Platforma do Bada\u0144 i Edukacji AI \u00a0 Robot humanoidalny Unitree G1 EDU-U6 to<\/p>\n","protected":false},"featured_media":48247,"comment_status":"open","ping_status":"closed","template":"","meta":{"_acf_changed":false},"product_brand":[],"product_cat":[6062],"product_tag":[],"class_list":{"0":"post-48299","1":"product","2":"type-product","3":"status-publish","4":"has-post-thumbnail","6":"product_cat-roboty","8":"first","9":"outofstock","10":"taxable","11":"shipping-taxable","12":"purchasable","13":"product-type-simple"},"acf":[],"yoast_head":"<!-- This site is optimized with the Yoast SEO plugin v27.2 - https:\/\/yoast.com\/product\/yoast-seo-wordpress\/ -->\n<title>Robot humanoidalny Unitree G1 EDU-U6 - IRONSKY.PL Sklep z Dronami<\/title>\n<meta name=\"description\" content=\"Robot humanoidalny Unitree G1 EDU-U6 - Odkryj Unitree G1 EDU U6, zaawansowanego robota humanoidalnego z 41 stopniami swobody i wsparciem AI.\" \/>\n<meta name=\"robots\" content=\"index, follow, max-snippet:-1, max-image-preview:large, max-video-preview:-1\" \/>\n<link rel=\"canonical\" href=\"https:\/\/ironsky.pl\/sklep\/produkt\/robot-humanoidalny-unitree-g1-edu-u6\/\" \/>\n<meta property=\"og:locale\" content=\"pl_PL\" \/>\n<meta property=\"og:type\" content=\"article\" \/>\n<meta property=\"og:title\" content=\"Robot humanoidalny Unitree G1 EDU-U6 - IRONSKY.PL Sklep z Dronami\" \/>\n<meta property=\"og:description\" content=\"Robot humanoidalny Unitree G1 EDU-U6 - Odkryj Unitree G1 EDU U6, zaawansowanego robota humanoidalnego z 41 stopniami swobody i wsparciem AI.\" \/>\n<meta property=\"og:url\" content=\"https:\/\/ironsky.pl\/sklep\/produkt\/robot-humanoidalny-unitree-g1-edu-u6\/\" \/>\n<meta property=\"og:site_name\" content=\"IRONSKY.PL Sklep z Dronami\" \/>\n<meta property=\"article:modified_time\" content=\"2026-03-05T14:42:02+00:00\" \/>\n<meta property=\"og:image\" content=\"https:\/\/ironsky.pl\/sklep\/wp-content\/uploads\/2025\/08\/big_robot-humanoidalny-unitree-g1-drony-net-1.jpg\" \/>\n\t<meta property=\"og:image:width\" content=\"800\" \/>\n\t<meta property=\"og:image:height\" content=\"800\" \/>\n\t<meta property=\"og:image:type\" content=\"image\/jpeg\" \/>\n<meta name=\"twitter:card\" content=\"summary_large_image\" \/>\n<meta name=\"twitter:label1\" content=\"Szacowany czas czytania\" \/>\n\t<meta name=\"twitter:data1\" content=\"3 minuty\" \/>\n<script type=\"application\/ld+json\" class=\"yoast-schema-graph\">{\"@context\":\"https:\/\/schema.org\",\"@graph\":[{\"@type\":\"WebPage\",\"@id\":\"https:\/\/ironsky.pl\/sklep\/produkt\/robot-humanoidalny-unitree-g1-edu-u6\/\",\"url\":\"https:\/\/ironsky.pl\/sklep\/produkt\/robot-humanoidalny-unitree-g1-edu-u6\/\",\"name\":\"Robot humanoidalny Unitree G1 EDU-U6 - IRONSKY.PL Sklep z Dronami\",\"isPartOf\":{\"@id\":\"https:\/\/ironsky.pl\/sklep\/#website\"},\"primaryImageOfPage\":{\"@id\":\"https:\/\/ironsky.pl\/sklep\/produkt\/robot-humanoidalny-unitree-g1-edu-u6\/#primaryimage\"},\"image\":{\"@id\":\"https:\/\/ironsky.pl\/sklep\/produkt\/robot-humanoidalny-unitree-g1-edu-u6\/#primaryimage\"},\"thumbnailUrl\":\"https:\/\/ironsky.pl\/sklep\/wp-content\/uploads\/2025\/08\/big_robot-humanoidalny-unitree-g1-drony-net-1.jpg\",\"datePublished\":\"2025-08-07T09:10:32+00:00\",\"dateModified\":\"2026-03-05T14:42:02+00:00\",\"description\":\"Robot humanoidalny Unitree G1 EDU-U6 - Odkryj Unitree G1 EDU U6, zaawansowanego robota humanoidalnego z 41 stopniami swobody i wsparciem AI.\",\"breadcrumb\":{\"@id\":\"https:\/\/ironsky.pl\/sklep\/produkt\/robot-humanoidalny-unitree-g1-edu-u6\/#breadcrumb\"},\"inLanguage\":\"pl-PL\",\"potentialAction\":[{\"@type\":\"ReadAction\",\"target\":[\"https:\/\/ironsky.pl\/sklep\/produkt\/robot-humanoidalny-unitree-g1-edu-u6\/\"]}]},{\"@type\":\"ImageObject\",\"inLanguage\":\"pl-PL\",\"@id\":\"https:\/\/ironsky.pl\/sklep\/produkt\/robot-humanoidalny-unitree-g1-edu-u6\/#primaryimage\",\"url\":\"https:\/\/ironsky.pl\/sklep\/wp-content\/uploads\/2025\/08\/big_robot-humanoidalny-unitree-g1-drony-net-1.jpg\",\"contentUrl\":\"https:\/\/ironsky.pl\/sklep\/wp-content\/uploads\/2025\/08\/big_robot-humanoidalny-unitree-g1-drony-net-1.jpg\",\"width\":800,\"height\":800},{\"@type\":\"BreadcrumbList\",\"@id\":\"https:\/\/ironsky.pl\/sklep\/produkt\/robot-humanoidalny-unitree-g1-edu-u6\/#breadcrumb\",\"itemListElement\":[{\"@type\":\"ListItem\",\"position\":1,\"name\":\"Strona g\u0142\u00f3wna\",\"item\":\"https:\/\/ironsky.pl\/sklep\/\"},{\"@type\":\"ListItem\",\"position\":2,\"name\":\"Wszystkie produkty\",\"item\":\"https:\/\/ironsky.pl\/sklep\/sklep\/\"},{\"@type\":\"ListItem\",\"position\":3,\"name\":\"Robot humanoidalny Unitree G1 EDU-U6\"}]},{\"@type\":\"WebSite\",\"@id\":\"https:\/\/ironsky.pl\/sklep\/#website\",\"url\":\"https:\/\/ironsky.pl\/sklep\/\",\"name\":\"IRONSKY.PL Sklep z Dronami\",\"description\":\"IRONSKY.PL Sklep z Dronami\",\"potentialAction\":[{\"@type\":\"SearchAction\",\"target\":{\"@type\":\"EntryPoint\",\"urlTemplate\":\"https:\/\/ironsky.pl\/sklep\/?s={search_term_string}\"},\"query-input\":{\"@type\":\"PropertyValueSpecification\",\"valueRequired\":true,\"valueName\":\"search_term_string\"}}],\"inLanguage\":\"pl-PL\"}]}<\/script>\n<!-- \/ Yoast SEO plugin. -->","yoast_head_json":{"title":"Robot humanoidalny Unitree G1 EDU-U6 - IRONSKY.PL Sklep z Dronami","description":"Robot humanoidalny Unitree G1 EDU-U6 - Odkryj Unitree G1 EDU U6, zaawansowanego robota humanoidalnego z 41 stopniami swobody i wsparciem AI.","robots":{"index":"index","follow":"follow","max-snippet":"max-snippet:-1","max-image-preview":"max-image-preview:large","max-video-preview":"max-video-preview:-1"},"canonical":"https:\/\/ironsky.pl\/sklep\/produkt\/robot-humanoidalny-unitree-g1-edu-u6\/","og_locale":"pl_PL","og_type":"article","og_title":"Robot humanoidalny Unitree G1 EDU-U6 - IRONSKY.PL Sklep z Dronami","og_description":"Robot humanoidalny Unitree G1 EDU-U6 - Odkryj Unitree G1 EDU U6, zaawansowanego robota humanoidalnego z 41 stopniami swobody i wsparciem AI.","og_url":"https:\/\/ironsky.pl\/sklep\/produkt\/robot-humanoidalny-unitree-g1-edu-u6\/","og_site_name":"IRONSKY.PL Sklep z Dronami","article_modified_time":"2026-03-05T14:42:02+00:00","og_image":[{"width":800,"height":800,"url":"https:\/\/ironsky.pl\/sklep\/wp-content\/uploads\/2025\/08\/big_robot-humanoidalny-unitree-g1-drony-net-1.jpg","type":"image\/jpeg"}],"twitter_card":"summary_large_image","twitter_misc":{"Szacowany czas czytania":"3 minuty"},"schema":{"@context":"https:\/\/schema.org","@graph":[{"@type":"WebPage","@id":"https:\/\/ironsky.pl\/sklep\/produkt\/robot-humanoidalny-unitree-g1-edu-u6\/","url":"https:\/\/ironsky.pl\/sklep\/produkt\/robot-humanoidalny-unitree-g1-edu-u6\/","name":"Robot humanoidalny Unitree G1 EDU-U6 - IRONSKY.PL Sklep z Dronami","isPartOf":{"@id":"https:\/\/ironsky.pl\/sklep\/#website"},"primaryImageOfPage":{"@id":"https:\/\/ironsky.pl\/sklep\/produkt\/robot-humanoidalny-unitree-g1-edu-u6\/#primaryimage"},"image":{"@id":"https:\/\/ironsky.pl\/sklep\/produkt\/robot-humanoidalny-unitree-g1-edu-u6\/#primaryimage"},"thumbnailUrl":"https:\/\/ironsky.pl\/sklep\/wp-content\/uploads\/2025\/08\/big_robot-humanoidalny-unitree-g1-drony-net-1.jpg","datePublished":"2025-08-07T09:10:32+00:00","dateModified":"2026-03-05T14:42:02+00:00","description":"Robot humanoidalny Unitree G1 EDU-U6 - Odkryj Unitree G1 EDU U6, zaawansowanego robota humanoidalnego z 41 stopniami swobody i wsparciem AI.","breadcrumb":{"@id":"https:\/\/ironsky.pl\/sklep\/produkt\/robot-humanoidalny-unitree-g1-edu-u6\/#breadcrumb"},"inLanguage":"pl-PL","potentialAction":[{"@type":"ReadAction","target":["https:\/\/ironsky.pl\/sklep\/produkt\/robot-humanoidalny-unitree-g1-edu-u6\/"]}]},{"@type":"ImageObject","inLanguage":"pl-PL","@id":"https:\/\/ironsky.pl\/sklep\/produkt\/robot-humanoidalny-unitree-g1-edu-u6\/#primaryimage","url":"https:\/\/ironsky.pl\/sklep\/wp-content\/uploads\/2025\/08\/big_robot-humanoidalny-unitree-g1-drony-net-1.jpg","contentUrl":"https:\/\/ironsky.pl\/sklep\/wp-content\/uploads\/2025\/08\/big_robot-humanoidalny-unitree-g1-drony-net-1.jpg","width":800,"height":800},{"@type":"BreadcrumbList","@id":"https:\/\/ironsky.pl\/sklep\/produkt\/robot-humanoidalny-unitree-g1-edu-u6\/#breadcrumb","itemListElement":[{"@type":"ListItem","position":1,"name":"Strona g\u0142\u00f3wna","item":"https:\/\/ironsky.pl\/sklep\/"},{"@type":"ListItem","position":2,"name":"Wszystkie produkty","item":"https:\/\/ironsky.pl\/sklep\/sklep\/"},{"@type":"ListItem","position":3,"name":"Robot humanoidalny Unitree G1 EDU-U6"}]},{"@type":"WebSite","@id":"https:\/\/ironsky.pl\/sklep\/#website","url":"https:\/\/ironsky.pl\/sklep\/","name":"IRONSKY.PL Sklep z Dronami","description":"IRONSKY.PL Sklep z Dronami","potentialAction":[{"@type":"SearchAction","target":{"@type":"EntryPoint","urlTemplate":"https:\/\/ironsky.pl\/sklep\/?s={search_term_string}"},"query-input":{"@type":"PropertyValueSpecification","valueRequired":true,"valueName":"search_term_string"}}],"inLanguage":"pl-PL"}]}},"_links":{"self":[{"href":"https:\/\/ironsky.pl\/sklep\/wp-json\/wp\/v2\/product\/48299","targetHints":{"allow":["GET"]}}],"collection":[{"href":"https:\/\/ironsky.pl\/sklep\/wp-json\/wp\/v2\/product"}],"about":[{"href":"https:\/\/ironsky.pl\/sklep\/wp-json\/wp\/v2\/types\/product"}],"replies":[{"embeddable":true,"href":"https:\/\/ironsky.pl\/sklep\/wp-json\/wp\/v2\/comments?post=48299"}],"wp:featuredmedia":[{"embeddable":true,"href":"https:\/\/ironsky.pl\/sklep\/wp-json\/wp\/v2\/media\/48247"}],"wp:attachment":[{"href":"https:\/\/ironsky.pl\/sklep\/wp-json\/wp\/v2\/media?parent=48299"}],"wp:term":[{"taxonomy":"product_brand","embeddable":true,"href":"https:\/\/ironsky.pl\/sklep\/wp-json\/wp\/v2\/product_brand?post=48299"},{"taxonomy":"product_cat","embeddable":true,"href":"https:\/\/ironsky.pl\/sklep\/wp-json\/wp\/v2\/product_cat?post=48299"},{"taxonomy":"product_tag","embeddable":true,"href":"https:\/\/ironsky.pl\/sklep\/wp-json\/wp\/v2\/product_tag?post=48299"}],"curies":[{"name":"wp","href":"https:\/\/api.w.org\/{rel}","templated":true}]}}