{"id":48268,"date":"2025-08-07T10:00:38","date_gmt":"2025-08-07T08:00:38","guid":{"rendered":"https:\/\/ironsky.pl\/drony-sklep\/?post_type=product&#038;p=48268"},"modified":"2026-03-05T15:42:01","modified_gmt":"2026-03-05T14:42:01","slug":"bateria-unitree-go2-long-range","status":"publish","type":"product","link":"https:\/\/ironsky.pl\/sklep\/produkt\/bateria-unitree-go2-long-range\/","title":{"rendered":"Bateria Unitree Go2 (Long Range)"},"content":{"rendered":"<h3>Unitree Bateria Go2 (Long Range)<\/h3>\n<p><b>Bateria Unitree Go2 (Long Range)<\/b> to klucz do d\u0142u\u017cszego dzia\u0142ania i wi\u0119kszych mo\u017cliwo\u015bci Twojego robota. Zwi\u0119kszona pojemno\u015b\u0107 <b>15000 mAh (432 Wh)<\/b> znacznie wyd\u0142u\u017ca czas pracy na jednym \u0142adowaniu, idealnie sprawdzaj\u0105c si\u0119 podczas d\u0142ugich sesji i eksploracji. Dzi\u0119ki zaawansowanemu <b>systemowi zarz\u0105dzania bateri\u0105 (BMS)<\/b>, mo\u017cesz by\u0107 spokojny o bezpiecze\u0144stwo i optymaln\u0105 wydajno\u015b\u0107, co pozwala w pe\u0142ni skupi\u0107 si\u0119 na wykonywaniu zada\u0144.<\/p>\n","protected":false},"excerpt":{"rendered":"<p>Unitree Bateria Go2 (Long Range) Bateria Unitree Go2 (Long Range) to klucz do d\u0142u\u017cszego dzia\u0142ania i wi\u0119kszych mo\u017cliwo\u015bci Twojego robota.<\/p>\n","protected":false},"featured_media":48269,"comment_status":"open","ping_status":"closed","template":"","meta":{"_acf_changed":false},"product_brand":[],"product_cat":[6062],"product_tag":[],"class_list":{"0":"post-48268","1":"product","2":"type-product","3":"status-publish","4":"has-post-thumbnail","6":"product_cat-roboty","8":"first","9":"outofstock","10":"taxable","11":"shipping-taxable","12":"purchasable","13":"product-type-simple"},"acf":[],"yoast_head":"<!-- This site is optimized with the Yoast SEO plugin v27.2 - https:\/\/yoast.com\/product\/yoast-seo-wordpress\/ -->\n<title>Bateria Unitree Go2 (Long Range) - IRONSKY.PL Sklep z Dronami<\/title>\n<meta name=\"description\" content=\"Bateria Unitree Go2 (Long Range) - \u2705 sklep z dronami i fachowym doradztwem. \u2705 Tutaj kupisz produkty DJI, Yuneec, Parrot, Syma i wiele innych, a tak\u017ce kursy i licencje na operatora drona.\" \/>\n<meta name=\"robots\" content=\"index, follow, max-snippet:-1, max-image-preview:large, max-video-preview:-1\" \/>\n<link rel=\"canonical\" href=\"https:\/\/ironsky.pl\/sklep\/produkt\/bateria-unitree-go2-long-range\/\" \/>\n<meta property=\"og:locale\" content=\"pl_PL\" \/>\n<meta property=\"og:type\" content=\"article\" \/>\n<meta property=\"og:title\" content=\"Bateria Unitree Go2 (Long Range) - IRONSKY.PL Sklep z Dronami\" \/>\n<meta property=\"og:description\" content=\"Bateria Unitree Go2 (Long Range) - \u2705 sklep z dronami i fachowym doradztwem. \u2705 Tutaj kupisz produkty DJI, Yuneec, Parrot, Syma i wiele innych, a tak\u017ce kursy i licencje na operatora drona.\" \/>\n<meta property=\"og:url\" content=\"https:\/\/ironsky.pl\/sklep\/produkt\/bateria-unitree-go2-long-range\/\" \/>\n<meta property=\"og:site_name\" content=\"IRONSKY.PL Sklep z Dronami\" \/>\n<meta property=\"article:modified_time\" content=\"2026-03-05T14:42:01+00:00\" \/>\n<meta property=\"og:image\" content=\"https:\/\/ironsky.pl\/sklep\/wp-content\/uploads\/2025\/08\/bateria-unitree-go2-Long-Range.png\" \/>\n\t<meta property=\"og:image:width\" content=\"450\" \/>\n\t<meta property=\"og:image:height\" content=\"450\" \/>\n\t<meta property=\"og:image:type\" content=\"image\/png\" \/>\n<meta name=\"twitter:card\" content=\"summary_large_image\" \/>\n<meta name=\"twitter:label1\" content=\"Szacowany czas czytania\" \/>\n\t<meta name=\"twitter:data1\" content=\"1 minuta\" \/>\n<script type=\"application\/ld+json\" class=\"yoast-schema-graph\">{\"@context\":\"https:\/\/schema.org\",\"@graph\":[{\"@type\":\"WebPage\",\"@id\":\"https:\/\/ironsky.pl\/sklep\/produkt\/bateria-unitree-go2-long-range\/\",\"url\":\"https:\/\/ironsky.pl\/sklep\/produkt\/bateria-unitree-go2-long-range\/\",\"name\":\"Bateria Unitree Go2 (Long Range) - IRONSKY.PL Sklep z Dronami\",\"isPartOf\":{\"@id\":\"https:\/\/ironsky.pl\/sklep\/#website\"},\"primaryImageOfPage\":{\"@id\":\"https:\/\/ironsky.pl\/sklep\/produkt\/bateria-unitree-go2-long-range\/#primaryimage\"},\"image\":{\"@id\":\"https:\/\/ironsky.pl\/sklep\/produkt\/bateria-unitree-go2-long-range\/#primaryimage\"},\"thumbnailUrl\":\"https:\/\/ironsky.pl\/sklep\/wp-content\/uploads\/2025\/08\/bateria-unitree-go2-Long-Range.png\",\"datePublished\":\"2025-08-07T08:00:38+00:00\",\"dateModified\":\"2026-03-05T14:42:01+00:00\",\"description\":\"Bateria Unitree Go2 (Long Range) - \u2705 sklep z dronami i fachowym doradztwem. \u2705 Tutaj kupisz produkty DJI, Yuneec, Parrot, Syma i wiele innych, a tak\u017ce kursy i licencje na operatora drona.\",\"breadcrumb\":{\"@id\":\"https:\/\/ironsky.pl\/sklep\/produkt\/bateria-unitree-go2-long-range\/#breadcrumb\"},\"inLanguage\":\"pl-PL\",\"potentialAction\":[{\"@type\":\"ReadAction\",\"target\":[\"https:\/\/ironsky.pl\/sklep\/produkt\/bateria-unitree-go2-long-range\/\"]}]},{\"@type\":\"ImageObject\",\"inLanguage\":\"pl-PL\",\"@id\":\"https:\/\/ironsky.pl\/sklep\/produkt\/bateria-unitree-go2-long-range\/#primaryimage\",\"url\":\"https:\/\/ironsky.pl\/sklep\/wp-content\/uploads\/2025\/08\/bateria-unitree-go2-Long-Range.png\",\"contentUrl\":\"https:\/\/ironsky.pl\/sklep\/wp-content\/uploads\/2025\/08\/bateria-unitree-go2-Long-Range.png\",\"width\":450,\"height\":450},{\"@type\":\"BreadcrumbList\",\"@id\":\"https:\/\/ironsky.pl\/sklep\/produkt\/bateria-unitree-go2-long-range\/#breadcrumb\",\"itemListElement\":[{\"@type\":\"ListItem\",\"position\":1,\"name\":\"Strona g\u0142\u00f3wna\",\"item\":\"https:\/\/ironsky.pl\/sklep\/\"},{\"@type\":\"ListItem\",\"position\":2,\"name\":\"Wszystkie produkty\",\"item\":\"https:\/\/ironsky.pl\/sklep\/produkty\/\"},{\"@type\":\"ListItem\",\"position\":3,\"name\":\"Bateria Unitree Go2 (Long Range)\"}]},{\"@type\":\"WebSite\",\"@id\":\"https:\/\/ironsky.pl\/sklep\/#website\",\"url\":\"https:\/\/ironsky.pl\/sklep\/\",\"name\":\"IRONSKY.PL Sklep z Dronami\",\"description\":\"IRONSKY.PL Sklep z Dronami\",\"potentialAction\":[{\"@type\":\"SearchAction\",\"target\":{\"@type\":\"EntryPoint\",\"urlTemplate\":\"https:\/\/ironsky.pl\/sklep\/?s={search_term_string}\"},\"query-input\":{\"@type\":\"PropertyValueSpecification\",\"valueRequired\":true,\"valueName\":\"search_term_string\"}}],\"inLanguage\":\"pl-PL\"}]}<\/script>\n<!-- \/ Yoast SEO plugin. -->","yoast_head_json":{"title":"Bateria Unitree Go2 (Long Range) - IRONSKY.PL Sklep z Dronami","description":"Bateria Unitree Go2 (Long Range) - \u2705 sklep z dronami i fachowym doradztwem. \u2705 Tutaj kupisz produkty DJI, Yuneec, Parrot, Syma i wiele innych, a tak\u017ce kursy i licencje na operatora drona.","robots":{"index":"index","follow":"follow","max-snippet":"max-snippet:-1","max-image-preview":"max-image-preview:large","max-video-preview":"max-video-preview:-1"},"canonical":"https:\/\/ironsky.pl\/sklep\/produkt\/bateria-unitree-go2-long-range\/","og_locale":"pl_PL","og_type":"article","og_title":"Bateria Unitree Go2 (Long Range) - IRONSKY.PL Sklep z Dronami","og_description":"Bateria Unitree Go2 (Long Range) - \u2705 sklep z dronami i fachowym doradztwem. \u2705 Tutaj kupisz produkty DJI, Yuneec, Parrot, Syma i wiele innych, a tak\u017ce kursy i licencje na operatora drona.","og_url":"https:\/\/ironsky.pl\/sklep\/produkt\/bateria-unitree-go2-long-range\/","og_site_name":"IRONSKY.PL Sklep z Dronami","article_modified_time":"2026-03-05T14:42:01+00:00","og_image":[{"width":450,"height":450,"url":"https:\/\/ironsky.pl\/sklep\/wp-content\/uploads\/2025\/08\/bateria-unitree-go2-Long-Range.png","type":"image\/png"}],"twitter_card":"summary_large_image","twitter_misc":{"Szacowany czas czytania":"1 minuta"},"schema":{"@context":"https:\/\/schema.org","@graph":[{"@type":"WebPage","@id":"https:\/\/ironsky.pl\/sklep\/produkt\/bateria-unitree-go2-long-range\/","url":"https:\/\/ironsky.pl\/sklep\/produkt\/bateria-unitree-go2-long-range\/","name":"Bateria Unitree Go2 (Long Range) - IRONSKY.PL Sklep z Dronami","isPartOf":{"@id":"https:\/\/ironsky.pl\/sklep\/#website"},"primaryImageOfPage":{"@id":"https:\/\/ironsky.pl\/sklep\/produkt\/bateria-unitree-go2-long-range\/#primaryimage"},"image":{"@id":"https:\/\/ironsky.pl\/sklep\/produkt\/bateria-unitree-go2-long-range\/#primaryimage"},"thumbnailUrl":"https:\/\/ironsky.pl\/sklep\/wp-content\/uploads\/2025\/08\/bateria-unitree-go2-Long-Range.png","datePublished":"2025-08-07T08:00:38+00:00","dateModified":"2026-03-05T14:42:01+00:00","description":"Bateria Unitree Go2 (Long Range) - \u2705 sklep z dronami i fachowym doradztwem. \u2705 Tutaj kupisz produkty DJI, Yuneec, Parrot, Syma i wiele innych, a tak\u017ce kursy i licencje na operatora drona.","breadcrumb":{"@id":"https:\/\/ironsky.pl\/sklep\/produkt\/bateria-unitree-go2-long-range\/#breadcrumb"},"inLanguage":"pl-PL","potentialAction":[{"@type":"ReadAction","target":["https:\/\/ironsky.pl\/sklep\/produkt\/bateria-unitree-go2-long-range\/"]}]},{"@type":"ImageObject","inLanguage":"pl-PL","@id":"https:\/\/ironsky.pl\/sklep\/produkt\/bateria-unitree-go2-long-range\/#primaryimage","url":"https:\/\/ironsky.pl\/sklep\/wp-content\/uploads\/2025\/08\/bateria-unitree-go2-Long-Range.png","contentUrl":"https:\/\/ironsky.pl\/sklep\/wp-content\/uploads\/2025\/08\/bateria-unitree-go2-Long-Range.png","width":450,"height":450},{"@type":"BreadcrumbList","@id":"https:\/\/ironsky.pl\/sklep\/produkt\/bateria-unitree-go2-long-range\/#breadcrumb","itemListElement":[{"@type":"ListItem","position":1,"name":"Strona g\u0142\u00f3wna","item":"https:\/\/ironsky.pl\/sklep\/"},{"@type":"ListItem","position":2,"name":"Wszystkie produkty","item":"https:\/\/ironsky.pl\/sklep\/produkty\/"},{"@type":"ListItem","position":3,"name":"Bateria Unitree Go2 (Long Range)"}]},{"@type":"WebSite","@id":"https:\/\/ironsky.pl\/sklep\/#website","url":"https:\/\/ironsky.pl\/sklep\/","name":"IRONSKY.PL Sklep z Dronami","description":"IRONSKY.PL Sklep z Dronami","potentialAction":[{"@type":"SearchAction","target":{"@type":"EntryPoint","urlTemplate":"https:\/\/ironsky.pl\/sklep\/?s={search_term_string}"},"query-input":{"@type":"PropertyValueSpecification","valueRequired":true,"valueName":"search_term_string"}}],"inLanguage":"pl-PL"}]}},"_links":{"self":[{"href":"https:\/\/ironsky.pl\/sklep\/wp-json\/wp\/v2\/product\/48268","targetHints":{"allow":["GET"]}}],"collection":[{"href":"https:\/\/ironsky.pl\/sklep\/wp-json\/wp\/v2\/product"}],"about":[{"href":"https:\/\/ironsky.pl\/sklep\/wp-json\/wp\/v2\/types\/product"}],"replies":[{"embeddable":true,"href":"https:\/\/ironsky.pl\/sklep\/wp-json\/wp\/v2\/comments?post=48268"}],"wp:featuredmedia":[{"embeddable":true,"href":"https:\/\/ironsky.pl\/sklep\/wp-json\/wp\/v2\/media\/48269"}],"wp:attachment":[{"href":"https:\/\/ironsky.pl\/sklep\/wp-json\/wp\/v2\/media?parent=48268"}],"wp:term":[{"taxonomy":"product_brand","embeddable":true,"href":"https:\/\/ironsky.pl\/sklep\/wp-json\/wp\/v2\/product_brand?post=48268"},{"taxonomy":"product_cat","embeddable":true,"href":"https:\/\/ironsky.pl\/sklep\/wp-json\/wp\/v2\/product_cat?post=48268"},{"taxonomy":"product_tag","embeddable":true,"href":"https:\/\/ironsky.pl\/sklep\/wp-json\/wp\/v2\/product_tag?post=48268"}],"curies":[{"name":"wp","href":"https:\/\/api.w.org\/{rel}","templated":true}]}}