{"id":48266,"date":"2025-08-07T09:54:59","date_gmt":"2025-08-07T07:54:59","guid":{"rendered":"https:\/\/ironsky.pl\/drony-sklep\/?post_type=product&#038;p=48266"},"modified":"2026-03-05T15:42:01","modified_gmt":"2026-03-05T14:42:01","slug":"unitree-l2-rm-lidar","status":"publish","type":"product","link":"https:\/\/ironsky.pl\/sklep\/produkt\/unitree-l2-rm-lidar\/","title":{"rendered":"Unitree L2 RM LiDAR"},"content":{"rendered":"<h3>Unitree L2 RM LiDAR<\/h3>\n<p>L2 RM LiDAR to zaawansowany czujnik skanowania laserowego 3D, stworzony z my\u015bl\u0105 o precyzyjnym mapowaniu (RM &#8211; Robotics Mapping) i autonomicznej nawigacji robot\u00f3w, takich jak platformy Unitree. Urz\u0105dzenie to wyr\u00f3\u017cnia si\u0119 szerokim polem widzenia oraz zdolno\u015bci\u0105 do generowania g\u0119stej chmury punkt\u00f3w w czasie rzeczywistym, co umo\u017cliwia robotom dok\u0142adne rozpoznawanie otoczenia, identyfikacj\u0119 przeszk\u00f3d i bezpieczne poruszanie si\u0119 w z\u0142o\u017conych scenariuszach, a dzi\u0119ki wysokiej rozdzielczo\u015bci i zasi\u0119gowi, L2 RM LiDAR dostarcza kluczowych danych percepcyjnych wspieraj\u0105cych zaawansowane algorytmy SLAM (Simultaneous Localization and Mapping) oraz systemy unikania kolizji, znacz\u0105co podnosz\u0105c poziom autonomii i efektywno\u015bci operacyjnej robot\u00f3w.<\/p>\n","protected":false},"excerpt":{"rendered":"<p>Unitree L2 RM LiDAR L2 RM LiDAR to zaawansowany czujnik skanowania laserowego 3D, stworzony z my\u015bl\u0105 o precyzyjnym mapowaniu (RM<\/p>\n","protected":false},"featured_media":48267,"comment_status":"open","ping_status":"closed","template":"","meta":{"_acf_changed":false},"product_brand":[],"product_cat":[6062],"product_tag":[],"class_list":{"0":"post-48266","1":"product","2":"type-product","3":"status-publish","4":"has-post-thumbnail","6":"product_cat-roboty","8":"first","9":"outofstock","10":"taxable","11":"shipping-taxable","12":"purchasable","13":"product-type-simple"},"acf":[],"yoast_head":"<!-- This site is optimized with the Yoast SEO plugin v27.2 - https:\/\/yoast.com\/product\/yoast-seo-wordpress\/ -->\n<title>Unitree L2 RM LiDAR - IRONSKY.PL Sklep z Dronami<\/title>\n<meta name=\"description\" content=\"Unitree L2 RM LiDAR - \u2705 sklep z dronami i fachowym doradztwem. \u2705 Tutaj kupisz produkty DJI, Yuneec, Parrot, Syma i wiele innych, a tak\u017ce kursy i licencje na operatora drona.\" \/>\n<meta name=\"robots\" content=\"index, follow, max-snippet:-1, max-image-preview:large, max-video-preview:-1\" \/>\n<link rel=\"canonical\" href=\"https:\/\/ironsky.pl\/sklep\/produkt\/unitree-l2-rm-lidar\/\" \/>\n<meta property=\"og:locale\" content=\"pl_PL\" \/>\n<meta property=\"og:type\" content=\"article\" \/>\n<meta property=\"og:title\" content=\"Unitree L2 RM LiDAR - IRONSKY.PL Sklep z Dronami\" \/>\n<meta property=\"og:description\" content=\"Unitree L2 RM LiDAR - \u2705 sklep z dronami i fachowym doradztwem. \u2705 Tutaj kupisz produkty DJI, Yuneec, Parrot, Syma i wiele innych, a tak\u017ce kursy i licencje na operatora drona.\" \/>\n<meta property=\"og:url\" content=\"https:\/\/ironsky.pl\/sklep\/produkt\/unitree-l2-rm-lidar\/\" \/>\n<meta property=\"og:site_name\" content=\"IRONSKY.PL Sklep z Dronami\" \/>\n<meta property=\"article:modified_time\" content=\"2026-03-05T14:42:01+00:00\" \/>\n<meta property=\"og:image\" content=\"https:\/\/ironsky.pl\/sklep\/wp-content\/uploads\/2025\/08\/Unitree-L2-RM-LiDAR.png\" \/>\n\t<meta property=\"og:image:width\" content=\"214\" \/>\n\t<meta property=\"og:image:height\" content=\"202\" \/>\n\t<meta property=\"og:image:type\" content=\"image\/png\" \/>\n<meta name=\"twitter:card\" content=\"summary_large_image\" \/>\n<meta name=\"twitter:label1\" content=\"Szacowany czas czytania\" \/>\n\t<meta name=\"twitter:data1\" content=\"1 minuta\" \/>\n<script type=\"application\/ld+json\" class=\"yoast-schema-graph\">{\"@context\":\"https:\/\/schema.org\",\"@graph\":[{\"@type\":\"WebPage\",\"@id\":\"https:\/\/ironsky.pl\/sklep\/produkt\/unitree-l2-rm-lidar\/\",\"url\":\"https:\/\/ironsky.pl\/sklep\/produkt\/unitree-l2-rm-lidar\/\",\"name\":\"Unitree L2 RM LiDAR - IRONSKY.PL Sklep z Dronami\",\"isPartOf\":{\"@id\":\"https:\/\/ironsky.pl\/sklep\/#website\"},\"primaryImageOfPage\":{\"@id\":\"https:\/\/ironsky.pl\/sklep\/produkt\/unitree-l2-rm-lidar\/#primaryimage\"},\"image\":{\"@id\":\"https:\/\/ironsky.pl\/sklep\/produkt\/unitree-l2-rm-lidar\/#primaryimage\"},\"thumbnailUrl\":\"https:\/\/ironsky.pl\/sklep\/wp-content\/uploads\/2025\/08\/Unitree-L2-RM-LiDAR.png\",\"datePublished\":\"2025-08-07T07:54:59+00:00\",\"dateModified\":\"2026-03-05T14:42:01+00:00\",\"description\":\"Unitree L2 RM LiDAR - \u2705 sklep z dronami i fachowym doradztwem. \u2705 Tutaj kupisz produkty DJI, Yuneec, Parrot, Syma i wiele innych, a tak\u017ce kursy i licencje na operatora drona.\",\"breadcrumb\":{\"@id\":\"https:\/\/ironsky.pl\/sklep\/produkt\/unitree-l2-rm-lidar\/#breadcrumb\"},\"inLanguage\":\"pl-PL\",\"potentialAction\":[{\"@type\":\"ReadAction\",\"target\":[\"https:\/\/ironsky.pl\/sklep\/produkt\/unitree-l2-rm-lidar\/\"]}]},{\"@type\":\"ImageObject\",\"inLanguage\":\"pl-PL\",\"@id\":\"https:\/\/ironsky.pl\/sklep\/produkt\/unitree-l2-rm-lidar\/#primaryimage\",\"url\":\"https:\/\/ironsky.pl\/sklep\/wp-content\/uploads\/2025\/08\/Unitree-L2-RM-LiDAR.png\",\"contentUrl\":\"https:\/\/ironsky.pl\/sklep\/wp-content\/uploads\/2025\/08\/Unitree-L2-RM-LiDAR.png\",\"width\":214,\"height\":202},{\"@type\":\"BreadcrumbList\",\"@id\":\"https:\/\/ironsky.pl\/sklep\/produkt\/unitree-l2-rm-lidar\/#breadcrumb\",\"itemListElement\":[{\"@type\":\"ListItem\",\"position\":1,\"name\":\"Strona g\u0142\u00f3wna\",\"item\":\"https:\/\/ironsky.pl\/sklep\/\"},{\"@type\":\"ListItem\",\"position\":2,\"name\":\"Wszystkie produkty\",\"item\":\"https:\/\/ironsky.pl\/sklep\/produkty\/\"},{\"@type\":\"ListItem\",\"position\":3,\"name\":\"Unitree L2 RM LiDAR\"}]},{\"@type\":\"WebSite\",\"@id\":\"https:\/\/ironsky.pl\/sklep\/#website\",\"url\":\"https:\/\/ironsky.pl\/sklep\/\",\"name\":\"IRONSKY.PL Sklep z Dronami\",\"description\":\"IRONSKY.PL Sklep z Dronami\",\"potentialAction\":[{\"@type\":\"SearchAction\",\"target\":{\"@type\":\"EntryPoint\",\"urlTemplate\":\"https:\/\/ironsky.pl\/sklep\/?s={search_term_string}\"},\"query-input\":{\"@type\":\"PropertyValueSpecification\",\"valueRequired\":true,\"valueName\":\"search_term_string\"}}],\"inLanguage\":\"pl-PL\"}]}<\/script>\n<!-- \/ Yoast SEO plugin. -->","yoast_head_json":{"title":"Unitree L2 RM LiDAR - IRONSKY.PL Sklep z Dronami","description":"Unitree L2 RM LiDAR - \u2705 sklep z dronami i fachowym doradztwem. \u2705 Tutaj kupisz produkty DJI, Yuneec, Parrot, Syma i wiele innych, a tak\u017ce kursy i licencje na operatora drona.","robots":{"index":"index","follow":"follow","max-snippet":"max-snippet:-1","max-image-preview":"max-image-preview:large","max-video-preview":"max-video-preview:-1"},"canonical":"https:\/\/ironsky.pl\/sklep\/produkt\/unitree-l2-rm-lidar\/","og_locale":"pl_PL","og_type":"article","og_title":"Unitree L2 RM LiDAR - IRONSKY.PL Sklep z Dronami","og_description":"Unitree L2 RM LiDAR - \u2705 sklep z dronami i fachowym doradztwem. \u2705 Tutaj kupisz produkty DJI, Yuneec, Parrot, Syma i wiele innych, a tak\u017ce kursy i licencje na operatora drona.","og_url":"https:\/\/ironsky.pl\/sklep\/produkt\/unitree-l2-rm-lidar\/","og_site_name":"IRONSKY.PL Sklep z Dronami","article_modified_time":"2026-03-05T14:42:01+00:00","og_image":[{"width":214,"height":202,"url":"https:\/\/ironsky.pl\/sklep\/wp-content\/uploads\/2025\/08\/Unitree-L2-RM-LiDAR.png","type":"image\/png"}],"twitter_card":"summary_large_image","twitter_misc":{"Szacowany czas czytania":"1 minuta"},"schema":{"@context":"https:\/\/schema.org","@graph":[{"@type":"WebPage","@id":"https:\/\/ironsky.pl\/sklep\/produkt\/unitree-l2-rm-lidar\/","url":"https:\/\/ironsky.pl\/sklep\/produkt\/unitree-l2-rm-lidar\/","name":"Unitree L2 RM LiDAR - IRONSKY.PL Sklep z Dronami","isPartOf":{"@id":"https:\/\/ironsky.pl\/sklep\/#website"},"primaryImageOfPage":{"@id":"https:\/\/ironsky.pl\/sklep\/produkt\/unitree-l2-rm-lidar\/#primaryimage"},"image":{"@id":"https:\/\/ironsky.pl\/sklep\/produkt\/unitree-l2-rm-lidar\/#primaryimage"},"thumbnailUrl":"https:\/\/ironsky.pl\/sklep\/wp-content\/uploads\/2025\/08\/Unitree-L2-RM-LiDAR.png","datePublished":"2025-08-07T07:54:59+00:00","dateModified":"2026-03-05T14:42:01+00:00","description":"Unitree L2 RM LiDAR - \u2705 sklep z dronami i fachowym doradztwem. \u2705 Tutaj kupisz produkty DJI, Yuneec, Parrot, Syma i wiele innych, a tak\u017ce kursy i licencje na operatora drona.","breadcrumb":{"@id":"https:\/\/ironsky.pl\/sklep\/produkt\/unitree-l2-rm-lidar\/#breadcrumb"},"inLanguage":"pl-PL","potentialAction":[{"@type":"ReadAction","target":["https:\/\/ironsky.pl\/sklep\/produkt\/unitree-l2-rm-lidar\/"]}]},{"@type":"ImageObject","inLanguage":"pl-PL","@id":"https:\/\/ironsky.pl\/sklep\/produkt\/unitree-l2-rm-lidar\/#primaryimage","url":"https:\/\/ironsky.pl\/sklep\/wp-content\/uploads\/2025\/08\/Unitree-L2-RM-LiDAR.png","contentUrl":"https:\/\/ironsky.pl\/sklep\/wp-content\/uploads\/2025\/08\/Unitree-L2-RM-LiDAR.png","width":214,"height":202},{"@type":"BreadcrumbList","@id":"https:\/\/ironsky.pl\/sklep\/produkt\/unitree-l2-rm-lidar\/#breadcrumb","itemListElement":[{"@type":"ListItem","position":1,"name":"Strona g\u0142\u00f3wna","item":"https:\/\/ironsky.pl\/sklep\/"},{"@type":"ListItem","position":2,"name":"Wszystkie produkty","item":"https:\/\/ironsky.pl\/sklep\/produkty\/"},{"@type":"ListItem","position":3,"name":"Unitree L2 RM LiDAR"}]},{"@type":"WebSite","@id":"https:\/\/ironsky.pl\/sklep\/#website","url":"https:\/\/ironsky.pl\/sklep\/","name":"IRONSKY.PL Sklep z Dronami","description":"IRONSKY.PL Sklep z Dronami","potentialAction":[{"@type":"SearchAction","target":{"@type":"EntryPoint","urlTemplate":"https:\/\/ironsky.pl\/sklep\/?s={search_term_string}"},"query-input":{"@type":"PropertyValueSpecification","valueRequired":true,"valueName":"search_term_string"}}],"inLanguage":"pl-PL"}]}},"_links":{"self":[{"href":"https:\/\/ironsky.pl\/sklep\/wp-json\/wp\/v2\/product\/48266","targetHints":{"allow":["GET"]}}],"collection":[{"href":"https:\/\/ironsky.pl\/sklep\/wp-json\/wp\/v2\/product"}],"about":[{"href":"https:\/\/ironsky.pl\/sklep\/wp-json\/wp\/v2\/types\/product"}],"replies":[{"embeddable":true,"href":"https:\/\/ironsky.pl\/sklep\/wp-json\/wp\/v2\/comments?post=48266"}],"wp:featuredmedia":[{"embeddable":true,"href":"https:\/\/ironsky.pl\/sklep\/wp-json\/wp\/v2\/media\/48267"}],"wp:attachment":[{"href":"https:\/\/ironsky.pl\/sklep\/wp-json\/wp\/v2\/media?parent=48266"}],"wp:term":[{"taxonomy":"product_brand","embeddable":true,"href":"https:\/\/ironsky.pl\/sklep\/wp-json\/wp\/v2\/product_brand?post=48266"},{"taxonomy":"product_cat","embeddable":true,"href":"https:\/\/ironsky.pl\/sklep\/wp-json\/wp\/v2\/product_cat?post=48266"},{"taxonomy":"product_tag","embeddable":true,"href":"https:\/\/ironsky.pl\/sklep\/wp-json\/wp\/v2\/product_tag?post=48266"}],"curies":[{"name":"wp","href":"https:\/\/api.w.org\/{rel}","templated":true}]}}