{"id":48239,"date":"2025-08-07T09:41:21","date_gmt":"2025-08-07T07:41:21","guid":{"rendered":"https:\/\/ironsky.pl\/drony-sklep\/?post_type=product&#038;p=48239"},"modified":"2026-03-05T15:42:00","modified_gmt":"2026-03-05T14:42:00","slug":"robot-humanoidalny-unitree-h1","status":"publish","type":"product","link":"https:\/\/ironsky.pl\/sklep\/produkt\/robot-humanoidalny-unitree-h1\/","title":{"rendered":"Robot humanoidalny Unitree H1"},"content":{"rendered":"<h2><b>Unitree H1: Nowa era robotyki humanoidalnej<\/b><\/h2>\n<p>&nbsp;<\/p>\n<p><b>Unitree H1<\/b> to prze\u0142omowy robot humanoidalny og\u00f3lnego przeznaczenia, kt\u00f3ry wyznacza nowy standard w \u015bwiecie zaawansowanych technologii. Powsta\u0142 jako wszechstronna platforma badawcza i rozwojowa, \u0142\u0105cz\u0105ca innowacyjn\u0105 konstrukcj\u0119 z pot\u0119\u017cnymi mo\u017cliwo\u015bciami obliczeniowymi. H1 zosta\u0142 stworzony, by przesuwa\u0107 granice tego, co mo\u017cliwe, udost\u0119pniaj\u0105c narz\u0119dzia do pionierskich prac w dziedzinie sztucznej inteligencji, autonomicznego poruszania si\u0119 i interakcji cz\u0142owiek-maszyna.<\/p>\n<h3 style=\"font-weight: 600\"><img decoding=\"async\" src=\"https:\/\/b2b.innpro.pl\/data\/include\/cms\/-Unitree\/Unitree_H1__2.jpg\" \/><\/h3>\n<p style=\"font-weight: 400\">\n<p>&nbsp;<\/p>\n<h3 style=\"font-weight: 600\">Zaawansowana Technologia i Percepcja<\/h3>\n<p><img decoding=\"async\" src=\"https:\/\/b2b.innpro.pl\/data\/include\/cms\/-Unitree\/Unitree_H1__1.gif\" \/><\/p>\n<p>&nbsp;<\/p>\n<p><b>Unitree H1<\/b> imponuje nie tylko inteligencj\u0105, ale i parametrami fizycznymi, kt\u00f3re stawiaj\u0105 go w czo\u0142\u00f3wce \u015bwiatowej robotyki. Mierz\u0105cy oko\u0142o 180 cm wysoko\u015bci i wa\u017c\u0105cy 47 kg, robot swoj\u0105 sylwetk\u0105 przypomina doros\u0142ego cz\u0142owieka, co przek\u0142ada si\u0119 na wysok\u0105 dynamik\u0119 i stabilno\u015b\u0107 ruchu. Jego zdolno\u015b\u0107 do zachowania balansu jest niezwyk\u0142a \u2013 potrafi utrzyma\u0107 stabiln\u0105 pozycj\u0119 nawet po silnym uderzeniu, co udowadnia jego zaawansowany system stabilizacji.<\/p>\n<p>Sercem dynamiki robota s\u0105 autorskie si\u0142owniki, kt\u00f3re generuj\u0105 pot\u0119\u017cny moment obrotowy. W kluczowych stawach n\u00f3g osi\u0105ga on a\u017c <b>360 Nm<\/b>, co zapewnia mu niezr\u00f3wnan\u0105 si\u0142\u0119 i precyzj\u0119. Dzi\u0119ki tej zaawansowanej konstrukcji H1 jest w stanie nie tylko stabilnie chodzi\u0107 i biega\u0107, ale r\u00f3wnie\u017c pobi\u0142 \u015bwiatowy rekord pr\u0119dko\u015bci dla robot\u00f3w humanoidalnych, osi\u0105gaj\u0105c <b>3,3 m\/s (ok. 12 km\/h)<\/b>. Zasilany przez pojemn\u0105 bateri\u0119 (ok. 900 Wh), jest gotowy do d\u0142ugotrwa\u0142ej pracy, co czyni go idealnym do zastosowa\u0144 wymagaj\u0105cych ci\u0105g\u0142ej aktywno\u015bci.<\/p>\n<p>Jego percepcja otoczenia opiera si\u0119 na zintegrowanym systemie <b>3D LiDAR<\/b> oraz kamerze g\u0142\u0119bi. Ten zaawansowany zestaw czujnik\u00f3w zapewnia <b>360-stopniowe pole widzenia<\/b> i pozwala na precyzyjn\u0105, autonomiczn\u0105 nawigacj\u0119 nawet w z\u0142o\u017conym terenie. Robot jest w stanie w czasie rzeczywistym skanowa\u0107 i mapowa\u0107 otoczenie, zbieraj\u0105c dane o wysokiej precyzji, co jest kluczowe w dynamicznych i nieprzewidywalnych warunkach.<\/p>\n<p>&nbsp;<\/p>\n<h3 style=\"font-weight: 600\">Wszechstronno\u015b\u0107 i Przysz\u0142o\u015b\u0107 Automatyzacji<\/h3>\n<p><img decoding=\"async\" class=\"alignnone wp-image-48328\" src=\"https:\/\/ironsky.pl\/drony-sklep\/wp-content\/uploads\/2025\/08\/\u573a\u666f-1-300x200.jpg\" alt=\"\" width=\"344\" height=\"229\" srcset=\"https:\/\/ironsky.pl\/sklep\/wp-content\/uploads\/2025\/08\/\u573a\u666f-1-300x200.jpg 300w, https:\/\/ironsky.pl\/sklep\/wp-content\/uploads\/2025\/08\/\u573a\u666f-1-1024x683.jpg 1024w, https:\/\/ironsky.pl\/sklep\/wp-content\/uploads\/2025\/08\/\u573a\u666f-1-768x512.jpg 768w, https:\/\/ironsky.pl\/sklep\/wp-content\/uploads\/2025\/08\/\u573a\u666f-1-1536x1024.jpg 1536w, https:\/\/ironsky.pl\/sklep\/wp-content\/uploads\/2025\/08\/\u573a\u666f-1-2048x1365.jpg 2048w, https:\/\/ironsky.pl\/sklep\/wp-content\/uploads\/2025\/08\/\u573a\u666f-1-600x400.jpg 600w, https:\/\/ironsky.pl\/sklep\/wp-content\/uploads\/2025\/08\/\u573a\u666f-1-150x100.jpg 150w, https:\/\/ironsky.pl\/sklep\/wp-content\/uploads\/2025\/08\/\u573a\u666f-1-64x43.jpg 64w\" sizes=\"(max-width: 344px) 100vw, 344px\" \/><img decoding=\"async\" class=\"alignnone wp-image-48326\" src=\"https:\/\/ironsky.pl\/drony-sklep\/wp-content\/uploads\/2025\/08\/\u52a8\u56fe-2-300x180.gif\" alt=\"\" width=\"380\" height=\"228\" srcset=\"https:\/\/ironsky.pl\/sklep\/wp-content\/uploads\/2025\/08\/\u52a8\u56fe-2-300x180.gif 300w, https:\/\/ironsky.pl\/sklep\/wp-content\/uploads\/2025\/08\/\u52a8\u56fe-2-600x360.gif 600w, https:\/\/ironsky.pl\/sklep\/wp-content\/uploads\/2025\/08\/\u52a8\u56fe-2-150x90.gif 150w, https:\/\/ironsky.pl\/sklep\/wp-content\/uploads\/2025\/08\/\u52a8\u56fe-2-64x38.gif 64w\" sizes=\"(max-width: 380px) 100vw, 380px\" \/><\/p>\n<p>&nbsp;<\/p>\n<p style=\"font-weight: 400\"><b>Unitree H1<\/b> stanowi ogromny prze\u0142om pod wzgl\u0119dem technologicznym. Dzi\u0119ki swojej wszechstronno\u015bci i pot\u0119\u017cnym mo\u017cliwo\u015bciom, robot ten jest idealnym narz\u0119dziem dla badaczy, deweloper\u00f3w oraz firm poszukuj\u0105cych innowacyjnych rozwi\u0105za\u0144 w automatyzacji, albo ciekawych form marketingu. <b>H1<\/b> otwiera drzwi do przysz\u0142o\u015bci, w kt\u00f3rej inteligentne roboty b\u0119d\u0105 wspiera\u0107 ludzi w codziennych zadaniach, rewolucjonizuj\u0105c przemys\u0142, us\u0142ugi oraz marketing.<\/p>\n<p>&nbsp;<\/p>\n<p><b>Chcesz wiedzie\u0107 wi\u0119cej?<\/b> Przejd\u017a na naszego bloga, aby dowiedzie\u0107 si\u0119 wi\u0119cej o robotach humanoidalnych. -&gt; <a href=\"https:\/\/ironsky.pl\/ranking-top-10-najlepszych-robotow-humanoidalnych-i-kroczacych\/\">BLOG IRONSKY<\/a><\/p>\n","protected":false},"excerpt":{"rendered":"<p>Unitree H1: Nowa era robotyki humanoidalnej &nbsp; Unitree H1 to prze\u0142omowy robot humanoidalny og\u00f3lnego przeznaczenia, kt\u00f3ry wyznacza nowy standard w<\/p>\n","protected":false},"featured_media":48241,"comment_status":"open","ping_status":"closed","template":"","meta":{"_acf_changed":false},"product_brand":[],"product_cat":[6062],"product_tag":[],"class_list":{"0":"post-48239","1":"product","2":"type-product","3":"status-publish","4":"has-post-thumbnail","6":"product_cat-roboty","8":"first","9":"outofstock","10":"taxable","11":"shipping-taxable","12":"purchasable","13":"product-type-simple"},"acf":[],"yoast_head":"<!-- This site is optimized with the Yoast SEO plugin v27.2 - https:\/\/yoast.com\/product\/yoast-seo-wordpress\/ -->\n<title>Robot humanoidalny Unitree H1 - IRONSKY.PL Sklep z Dronami<\/title>\n<meta name=\"description\" content=\"Robot humanoidalny Unitree H1 to prze\u0142omowy robot humanoidalny. Odkryj innowacyjn\u0105 platform\u0119 badawcz\u0105 z 360-stopniow\u0105 percepcj\u0105.\" \/>\n<meta name=\"robots\" content=\"index, follow, max-snippet:-1, max-image-preview:large, max-video-preview:-1\" \/>\n<link rel=\"canonical\" href=\"https:\/\/ironsky.pl\/sklep\/produkt\/robot-humanoidalny-unitree-h1\/\" \/>\n<meta property=\"og:locale\" content=\"pl_PL\" \/>\n<meta property=\"og:type\" content=\"article\" \/>\n<meta property=\"og:title\" content=\"Robot humanoidalny Unitree H1 - IRONSKY.PL Sklep z Dronami\" \/>\n<meta property=\"og:description\" content=\"Robot humanoidalny Unitree H1 to prze\u0142omowy robot humanoidalny. Odkryj innowacyjn\u0105 platform\u0119 badawcz\u0105 z 360-stopniow\u0105 percepcj\u0105.\" \/>\n<meta property=\"og:url\" content=\"https:\/\/ironsky.pl\/sklep\/produkt\/robot-humanoidalny-unitree-h1\/\" \/>\n<meta property=\"og:site_name\" content=\"IRONSKY.PL Sklep z Dronami\" \/>\n<meta property=\"article:modified_time\" content=\"2026-03-05T14:42:00+00:00\" \/>\n<meta property=\"og:image\" content=\"https:\/\/ironsky.pl\/sklep\/wp-content\/uploads\/2025\/08\/pol_pm_Unitree-H1-52173_1.png\" \/>\n\t<meta property=\"og:image:width\" content=\"450\" \/>\n\t<meta property=\"og:image:height\" content=\"300\" \/>\n\t<meta property=\"og:image:type\" content=\"image\/png\" \/>\n<meta name=\"twitter:card\" content=\"summary_large_image\" \/>\n<meta name=\"twitter:label1\" content=\"Szacowany czas czytania\" \/>\n\t<meta name=\"twitter:data1\" content=\"3 minuty\" \/>\n<script type=\"application\/ld+json\" class=\"yoast-schema-graph\">{\"@context\":\"https:\/\/schema.org\",\"@graph\":[{\"@type\":\"WebPage\",\"@id\":\"https:\/\/ironsky.pl\/sklep\/produkt\/robot-humanoidalny-unitree-h1\/\",\"url\":\"https:\/\/ironsky.pl\/sklep\/produkt\/robot-humanoidalny-unitree-h1\/\",\"name\":\"Robot humanoidalny Unitree H1 - IRONSKY.PL Sklep z Dronami\",\"isPartOf\":{\"@id\":\"https:\/\/ironsky.pl\/sklep\/#website\"},\"primaryImageOfPage\":{\"@id\":\"https:\/\/ironsky.pl\/sklep\/produkt\/robot-humanoidalny-unitree-h1\/#primaryimage\"},\"image\":{\"@id\":\"https:\/\/ironsky.pl\/sklep\/produkt\/robot-humanoidalny-unitree-h1\/#primaryimage\"},\"thumbnailUrl\":\"https:\/\/ironsky.pl\/sklep\/wp-content\/uploads\/2025\/08\/pol_pm_Unitree-H1-52173_1.png\",\"datePublished\":\"2025-08-07T07:41:21+00:00\",\"dateModified\":\"2026-03-05T14:42:00+00:00\",\"description\":\"Robot humanoidalny Unitree H1 to prze\u0142omowy robot humanoidalny. Odkryj innowacyjn\u0105 platform\u0119 badawcz\u0105 z 360-stopniow\u0105 percepcj\u0105.\",\"breadcrumb\":{\"@id\":\"https:\/\/ironsky.pl\/sklep\/produkt\/robot-humanoidalny-unitree-h1\/#breadcrumb\"},\"inLanguage\":\"pl-PL\",\"potentialAction\":[{\"@type\":\"ReadAction\",\"target\":[\"https:\/\/ironsky.pl\/sklep\/produkt\/robot-humanoidalny-unitree-h1\/\"]}]},{\"@type\":\"ImageObject\",\"inLanguage\":\"pl-PL\",\"@id\":\"https:\/\/ironsky.pl\/sklep\/produkt\/robot-humanoidalny-unitree-h1\/#primaryimage\",\"url\":\"https:\/\/ironsky.pl\/sklep\/wp-content\/uploads\/2025\/08\/pol_pm_Unitree-H1-52173_1.png\",\"contentUrl\":\"https:\/\/ironsky.pl\/sklep\/wp-content\/uploads\/2025\/08\/pol_pm_Unitree-H1-52173_1.png\",\"width\":450,\"height\":300},{\"@type\":\"BreadcrumbList\",\"@id\":\"https:\/\/ironsky.pl\/sklep\/produkt\/robot-humanoidalny-unitree-h1\/#breadcrumb\",\"itemListElement\":[{\"@type\":\"ListItem\",\"position\":1,\"name\":\"Strona g\u0142\u00f3wna\",\"item\":\"https:\/\/ironsky.pl\/sklep\/\"},{\"@type\":\"ListItem\",\"position\":2,\"name\":\"Wszystkie produkty\",\"item\":\"https:\/\/ironsky.pl\/sklep\/produkty\/\"},{\"@type\":\"ListItem\",\"position\":3,\"name\":\"Robot humanoidalny Unitree H1\"}]},{\"@type\":\"WebSite\",\"@id\":\"https:\/\/ironsky.pl\/sklep\/#website\",\"url\":\"https:\/\/ironsky.pl\/sklep\/\",\"name\":\"IRONSKY.PL Sklep z Dronami\",\"description\":\"IRONSKY.PL Sklep z Dronami\",\"potentialAction\":[{\"@type\":\"SearchAction\",\"target\":{\"@type\":\"EntryPoint\",\"urlTemplate\":\"https:\/\/ironsky.pl\/sklep\/?s={search_term_string}\"},\"query-input\":{\"@type\":\"PropertyValueSpecification\",\"valueRequired\":true,\"valueName\":\"search_term_string\"}}],\"inLanguage\":\"pl-PL\"}]}<\/script>\n<!-- \/ Yoast SEO plugin. -->","yoast_head_json":{"title":"Robot humanoidalny Unitree H1 - IRONSKY.PL Sklep z Dronami","description":"Robot humanoidalny Unitree H1 to prze\u0142omowy robot humanoidalny. Odkryj innowacyjn\u0105 platform\u0119 badawcz\u0105 z 360-stopniow\u0105 percepcj\u0105.","robots":{"index":"index","follow":"follow","max-snippet":"max-snippet:-1","max-image-preview":"max-image-preview:large","max-video-preview":"max-video-preview:-1"},"canonical":"https:\/\/ironsky.pl\/sklep\/produkt\/robot-humanoidalny-unitree-h1\/","og_locale":"pl_PL","og_type":"article","og_title":"Robot humanoidalny Unitree H1 - IRONSKY.PL Sklep z Dronami","og_description":"Robot humanoidalny Unitree H1 to prze\u0142omowy robot humanoidalny. Odkryj innowacyjn\u0105 platform\u0119 badawcz\u0105 z 360-stopniow\u0105 percepcj\u0105.","og_url":"https:\/\/ironsky.pl\/sklep\/produkt\/robot-humanoidalny-unitree-h1\/","og_site_name":"IRONSKY.PL Sklep z Dronami","article_modified_time":"2026-03-05T14:42:00+00:00","og_image":[{"width":450,"height":300,"url":"https:\/\/ironsky.pl\/sklep\/wp-content\/uploads\/2025\/08\/pol_pm_Unitree-H1-52173_1.png","type":"image\/png"}],"twitter_card":"summary_large_image","twitter_misc":{"Szacowany czas czytania":"3 minuty"},"schema":{"@context":"https:\/\/schema.org","@graph":[{"@type":"WebPage","@id":"https:\/\/ironsky.pl\/sklep\/produkt\/robot-humanoidalny-unitree-h1\/","url":"https:\/\/ironsky.pl\/sklep\/produkt\/robot-humanoidalny-unitree-h1\/","name":"Robot humanoidalny Unitree H1 - IRONSKY.PL Sklep z Dronami","isPartOf":{"@id":"https:\/\/ironsky.pl\/sklep\/#website"},"primaryImageOfPage":{"@id":"https:\/\/ironsky.pl\/sklep\/produkt\/robot-humanoidalny-unitree-h1\/#primaryimage"},"image":{"@id":"https:\/\/ironsky.pl\/sklep\/produkt\/robot-humanoidalny-unitree-h1\/#primaryimage"},"thumbnailUrl":"https:\/\/ironsky.pl\/sklep\/wp-content\/uploads\/2025\/08\/pol_pm_Unitree-H1-52173_1.png","datePublished":"2025-08-07T07:41:21+00:00","dateModified":"2026-03-05T14:42:00+00:00","description":"Robot humanoidalny Unitree H1 to prze\u0142omowy robot humanoidalny. Odkryj innowacyjn\u0105 platform\u0119 badawcz\u0105 z 360-stopniow\u0105 percepcj\u0105.","breadcrumb":{"@id":"https:\/\/ironsky.pl\/sklep\/produkt\/robot-humanoidalny-unitree-h1\/#breadcrumb"},"inLanguage":"pl-PL","potentialAction":[{"@type":"ReadAction","target":["https:\/\/ironsky.pl\/sklep\/produkt\/robot-humanoidalny-unitree-h1\/"]}]},{"@type":"ImageObject","inLanguage":"pl-PL","@id":"https:\/\/ironsky.pl\/sklep\/produkt\/robot-humanoidalny-unitree-h1\/#primaryimage","url":"https:\/\/ironsky.pl\/sklep\/wp-content\/uploads\/2025\/08\/pol_pm_Unitree-H1-52173_1.png","contentUrl":"https:\/\/ironsky.pl\/sklep\/wp-content\/uploads\/2025\/08\/pol_pm_Unitree-H1-52173_1.png","width":450,"height":300},{"@type":"BreadcrumbList","@id":"https:\/\/ironsky.pl\/sklep\/produkt\/robot-humanoidalny-unitree-h1\/#breadcrumb","itemListElement":[{"@type":"ListItem","position":1,"name":"Strona g\u0142\u00f3wna","item":"https:\/\/ironsky.pl\/sklep\/"},{"@type":"ListItem","position":2,"name":"Wszystkie produkty","item":"https:\/\/ironsky.pl\/sklep\/produkty\/"},{"@type":"ListItem","position":3,"name":"Robot humanoidalny Unitree H1"}]},{"@type":"WebSite","@id":"https:\/\/ironsky.pl\/sklep\/#website","url":"https:\/\/ironsky.pl\/sklep\/","name":"IRONSKY.PL Sklep z Dronami","description":"IRONSKY.PL Sklep z Dronami","potentialAction":[{"@type":"SearchAction","target":{"@type":"EntryPoint","urlTemplate":"https:\/\/ironsky.pl\/sklep\/?s={search_term_string}"},"query-input":{"@type":"PropertyValueSpecification","valueRequired":true,"valueName":"search_term_string"}}],"inLanguage":"pl-PL"}]}},"_links":{"self":[{"href":"https:\/\/ironsky.pl\/sklep\/wp-json\/wp\/v2\/product\/48239","targetHints":{"allow":["GET"]}}],"collection":[{"href":"https:\/\/ironsky.pl\/sklep\/wp-json\/wp\/v2\/product"}],"about":[{"href":"https:\/\/ironsky.pl\/sklep\/wp-json\/wp\/v2\/types\/product"}],"replies":[{"embeddable":true,"href":"https:\/\/ironsky.pl\/sklep\/wp-json\/wp\/v2\/comments?post=48239"}],"wp:featuredmedia":[{"embeddable":true,"href":"https:\/\/ironsky.pl\/sklep\/wp-json\/wp\/v2\/media\/48241"}],"wp:attachment":[{"href":"https:\/\/ironsky.pl\/sklep\/wp-json\/wp\/v2\/media?parent=48239"}],"wp:term":[{"taxonomy":"product_brand","embeddable":true,"href":"https:\/\/ironsky.pl\/sklep\/wp-json\/wp\/v2\/product_brand?post=48239"},{"taxonomy":"product_cat","embeddable":true,"href":"https:\/\/ironsky.pl\/sklep\/wp-json\/wp\/v2\/product_cat?post=48239"},{"taxonomy":"product_tag","embeddable":true,"href":"https:\/\/ironsky.pl\/sklep\/wp-json\/wp\/v2\/product_tag?post=48239"}],"curies":[{"name":"wp","href":"https:\/\/api.w.org\/{rel}","templated":true}]}}