{"id":48092,"date":"2025-07-29T11:38:52","date_gmt":"2025-07-29T09:38:52","guid":{"rendered":"https:\/\/ironsky.pl\/drony-sklep\/?post_type=product&#038;p=48092"},"modified":"2026-03-05T15:41:59","modified_gmt":"2026-03-05T14:41:59","slug":"zestaw-ironsky-dron-dji-matrice-30t-c2","status":"publish","type":"product","link":"https:\/\/ironsky.pl\/sklep\/produkt\/zestaw-ironsky-dron-dji-matrice-30t-c2\/","title":{"rendered":"Zestaw Termowizyjny IRONSKY: Dron DJI Matrice 30T C2 + 2 akumulatory"},"content":{"rendered":"<h2>Dron DJI Matrice 30T<\/h2>\n<h3>Taka Oferta Tylko W IRONSKY!<\/h3>\n<p>Kupuj\u0105c tego drona przez sklep internetowy IRONSKY otrzymujesz dodatkowo , <strong><span style=\"text-decoration: underline\">2 akumulatory TB30<\/span><\/strong>, <span style=\"text-decoration: underline\"><strong>akumulator<\/strong><strong> WB37<\/strong>!<\/span>\u00a0<strong>A przy odbiorze osobistym dostaniesz <span style=\"text-decoration: underline\">EGZAMIN A2<\/span> lub <span style=\"text-decoration: underline\">SZKOLENIE PRODUKTOWE<\/span> ca\u0142kowicie <span style=\"text-decoration: underline\">ZA DARMO!<\/span><\/strong><\/p>\n<h3>W zestawie:<\/h3>\n<ul class=\"list-disc pl-5\">\n<li>1x Dron DJI Matrice 30T z kamer\u0105 termowizyjn\u0105<\/li>\n<li>1x roczna ochrona DJI Care Enterprise<\/li>\n<li>1x aparatura DJI RC Plus<\/li>\n<li>1x stacja \u0142adowania BS30<\/li>\n<li>1x \u015bmig\u0142a CW<\/li>\n<li>1x \u015bmig\u0142a CCW<\/li>\n<li>1x kabel USB-C do USB-C<\/li>\n<li>1x zestaw \u015brubokr\u0119t + \u015brubki<\/li>\n<li>1x walizka transportowa drona<\/li>\n<li><strong>2x Akumulatory TB 30<\/strong><\/li>\n<li><strong>1x Akumulator WB37<\/strong><\/li>\n<\/ul>\n<p>Przy odbiorze: <span style=\"text-decoration: underline\">EGZAMIN A2<\/span> lub <span style=\"text-decoration: underline\">SZKOLENIE PRODUKTOWE<\/span> do wyboru!<\/p>\n<p>Sprawd\u017a te\u017c to \ud83d\udc49 <a href=\"https:\/\/ironsky.pl\/drony-sklep\/produkt\/dji-care-enterprise-plus-matrice-4t-kod-elektroniczny\/\">DJI Care dla Matrice 4T<\/a><\/p>\n<p>&nbsp;<\/p>\n<p>Por\u00f3wnanie dron\u00f3w DJI!<\/p>\n<blockquote class=\"wp-embedded-content\" data-secret=\"d8BQfp7K80\"><p><a href=\"https:\/\/ironsky.pl\/porownanie-dronow-dji-enterprise\/\">Por\u00f3wnanie dron\u00f3w z serii Enterprise 2025r. DJI Matrice 350 RTK, DJI Matrice 30, DJI Mavic 3, DJI Matrice 4<\/a><\/p><\/blockquote>\n<p><iframe class=\"wp-embedded-content\" sandbox=\"allow-scripts\" security=\"restricted\" style=\"position: absolute; visibility: hidden;\" title=\"&#8222;Por\u00f3wnanie dron\u00f3w z serii Enterprise 2025r. DJI Matrice 350 RTK, DJI Matrice 30, DJI Mavic 3, DJI Matrice 4&#8221; &#8212; IRONSKY.PL\" src=\"https:\/\/ironsky.pl\/porownanie-dronow-dji-enterprise\/embed\/#?secret=SwVEOF04o9#?secret=d8BQfp7K80\" data-secret=\"d8BQfp7K80\" width=\"500\" height=\"282\" frameborder=\"0\" marginwidth=\"0\" marginheight=\"0\" scrolling=\"no\"><\/iframe><\/p>\n<h2><strong>SPECYFIKACJA<\/strong><\/h2>\n<h2>DRON DJI Matrice 30T<\/h2>\n<table>\n<tbody>\n<tr>\n<th>Wymiary (po roz\u0142o\u017ceniu, bez \u015bmigie\u0142)<\/th>\n<td>470\u00d7585\u00d7215 mm<\/td>\n<\/tr>\n<tr>\n<th>Wymiary (po z\u0142o\u017ceniu)<\/th>\n<td>365\u00d7215\u00d7195 mm<\/td>\n<\/tr>\n<tr>\n<th>Rozstaw osi po przek\u0105tnej<\/th>\n<td>668 mm<\/td>\n<\/tr>\n<tr>\n<th>Masa (z dwoma akumulatorami)<\/th>\n<td>3770 \u00b1 10 g<\/td>\n<\/tr>\n<tr>\n<th>Maksymalna masa startowa<\/th>\n<td>4000 g<\/td>\n<\/tr>\n<tr>\n<th>Cz\u0119stotliwo\u015b\u0107 pracy<\/th>\n<td>2.4000-2.4835 GHz; 5.725-5.850 GHz<\/td>\n<\/tr>\n<tr>\n<th>Moc nadajnika (EIRP)<\/th>\n<td>2.4 GHz: &lt;33 dBm (FCC); &lt;20 dBm (CE\/SRRC\/MIC); 5.8 GHz: &lt;33 dBm (FCC\/SRRC); &lt;14 dBm (CE)<\/td>\n<\/tr>\n<tr>\n<th>Dok\u0142adno\u015b\u0107 zawisu (bezwietrznie lub delikatny wiatr)<\/th>\n<td>Pionowo: \u00b10,1 m (w\u0142\u0105czony system wizyjny); \u00b10,5 m (tryb N z GPS); \u00b10,1 m (RTK); Poziomo: \u00b10,3 m (w\u0142\u0105czony system wizyjny); \u00b11,5 m (tryb N z GPS); \u00b10,1 m (RTK)<\/td>\n<\/tr>\n<tr>\n<th>Dok\u0142adno\u015b\u0107 pozycjonowania RTK (RTK FIX)<\/th>\n<td>1 cm+1 ppm (poziomo); 1,5 cm+1 ppm (pionowo)<\/td>\n<\/tr>\n<tr>\n<th>Maksymalna pr\u0119dko\u015b\u0107 k\u0105towa<\/th>\n<td>O\u015b Pitch: 150\u00b0\/sek; O\u015b Yaw: 100\u00b0\/sek<\/td>\n<\/tr>\n<tr>\n<th>Maksymalny k\u0105t pochylenia<\/th>\n<td>35\u00b0 (tryb N i w\u0142\u0105czony przedni system wizyjny: 25\u00b0)<\/td>\n<\/tr>\n<tr>\n<th>Maksymalna pr\u0119dko\u015b\u0107 wznoszenia\/opadania<\/th>\n<td>6 m\/s, 5 m\/s<\/td>\n<\/tr>\n<tr>\n<th>Maksymalna pr\u0119dko\u015b\u0107 opadania w przechyle<\/th>\n<td>7 m\/s<\/td>\n<\/tr>\n<tr>\n<th>Maksymalna pr\u0119dko\u015b\u0107 lotu w poziomie<\/th>\n<td>23 m\/s<\/td>\n<\/tr>\n<tr>\n<th>Maksymalny pu\u0142ap roboczy nad poziomem morza (bez innego obci\u0105\u017cenia u\u017cytkowego)<\/th>\n<td>5000 m (z modelem \u015bmigie\u0142 1671); 7000 m (z modelem \u015bmigie\u0142 1676)<\/td>\n<\/tr>\n<tr>\n<th>Maksymalna odporno\u015b\u0107 na wiatr<\/th>\n<td>15 m\/s; 12 m\/s podczas startu i l\u0105dowania<\/td>\n<\/tr>\n<tr>\n<th>Maksymalny czas zawisu<\/th>\n<td>36 min<\/td>\n<\/tr>\n<tr>\n<th>Maksymalny czas lotu<\/th>\n<td>41 min<\/td>\n<\/tr>\n<tr>\n<th>Model silnik\u00f3w<\/th>\n<td>3511<\/td>\n<\/tr>\n<tr>\n<th>Model \u015bmigie\u0142<\/th>\n<td>1671; 1676 do lot\u00f3w na du\u017cej wysoko\u015bci (nie wchodz\u0105 w sk\u0142ad zestawu)<\/td>\n<\/tr>\n<tr>\n<th>Stopie\u0144 ochrony<\/th>\n<td>IP55<\/td>\n<\/tr>\n<tr>\n<th>GNSS<\/th>\n<td>GPS+Galileo+BeiDou+GLONASS (GLONASS jest obs\u0142ugiwany tylko wtedy, gdy w\u0142\u0105czony jest modu\u0142 RTK)<\/td>\n<\/tr>\n<tr>\n<th>Temperatura pracy<\/th>\n<td>-20\u00b0 do 50\u00b0C<\/td>\n<\/tr>\n<\/tbody>\n<\/table>\n<h3>GIMBAL<\/h3>\n<table>\n<tbody>\n<tr>\n<th>Zakres wibracji k\u0105towych<\/th>\n<td>\u00b10.01\u00b0<\/td>\n<\/tr>\n<tr>\n<th>Zakres kontrolowany<\/th>\n<td>O\u015b Pan: \u00b190\u00b0; O\u015b Tilt: -120\u00b0 do +45\u00b0<\/td>\n<\/tr>\n<tr>\n<th>Zakres mechaniczny<\/th>\n<td>O\u015b Pan: \u00b1105\u00b0; O\u015b Tilt: -135\u00b0 do +60\u00b0; O\u015b Roll: \u00b145\u00b0<\/td>\n<\/tr>\n<\/tbody>\n<\/table>\n<h3>KAMERA Z ZOOMEM<\/h3>\n<table>\n<tbody>\n<tr>\n<th>Sensor<\/th>\n<td>1\/2&#8243; CMOS, efektywna liczba pikseli: 48M<\/td>\n<\/tr>\n<tr>\n<th>Obiektyw<\/th>\n<td>Ogniskowa: 21-75 mm (odpowiednik: 113-405 mm); Przys\u0142ona: f\/2,8-f\/4,2; Ostro\u015b\u0107: od 5 m do \u221e<\/td>\n<\/tr>\n<\/tbody>\n<\/table>\n<h3>KAMERA SZEROKOK\u0104TNA<\/h3>\n<table>\n<tbody>\n<tr>\n<th>Sensor<\/th>\n<td>1\/2&#8243; CMOS, efektywna liczba pikseli: 12M<\/td>\n<\/tr>\n<tr>\n<th>Obiektyw<\/th>\n<td>DFOV: 84\u00b0; Ogniskowa: 4,5 mm (odpowiednik: 24 mm); Przys\u0142ona: f\/2,8; Ostro\u015b\u0107: od 1 m do \u221e<\/td>\n<\/tr>\n<\/tbody>\n<\/table>\n<h3>KAMERA TERMOWIZYJNA<\/h3>\n<table>\n<tbody>\n<tr>\n<th>Sensor<\/th>\n<td>Uncooled VOx Microbolometer<\/td>\n<\/tr>\n<tr>\n<th>Obiektyw<\/th>\n<td>DFOV: 64\u00b0; Ogniskowa: 9,1 mm ( ekwiwalent: 40 mm); Przys\u0142ona: f\/1,0; Ostro\u015b\u0107: od 5 m do \u221e<\/td>\n<\/tr>\n<tr>\n<th>Dok\u0142adno\u015b\u0107 pomiaru temperatury w podczerwieni<\/th>\n<td>30 fps<\/td>\n<\/tr>\n<\/tbody>\n<\/table>\n<h3>KAMERA FPV<\/h3>\n<table>\n<tbody>\n<tr>\n<th>Rozdzielczo\u015b\u0107<\/th>\n<td>1920\u00d71080; DFOV 161\u00b0<\/td>\n<\/tr>\n<tr>\n<th>Liczba klatek na sekund\u0119<\/th>\n<td>\u00b12\u00b0C lub \u00b12% (u\u017cywaj\u0105c wi\u0119kszej warto\u015bci)<\/td>\n<\/tr>\n<\/tbody>\n<\/table>\n<h3>DALMIERZ LASEROWY<\/h3>\n<table>\n<tbody>\n<tr>\n<th>D\u0142ugo\u015b\u0107 fali<\/th>\n<td>905 nm<\/td>\n<\/tr>\n<tr>\n<th>Maksymalna moc lasera<\/th>\n<td>3.5 mW<\/td>\n<\/tr>\n<tr>\n<th>Szeroko\u015b\u0107 pojedynczego impulsu<\/th>\n<td>6 ns<\/td>\n<\/tr>\n<tr>\n<th>Dok\u0142adno\u015b\u0107 pomiaru<\/th>\n<td>\u00b1 (0,2 m + D\u00d70,15%) D oznacza odleg\u0142o\u015b\u0107 do powierzchni pionowej<\/td>\n<\/tr>\n<tr>\n<th>Zakres pomiaru<\/th>\n<td>3-1 200 m (powierzchnia pionowa 0,5\u00d712 m z 20% wsp\u00f3\u0142czynnikiem odbicia)<\/td>\n<\/tr>\n<\/tbody>\n<\/table>\n<h3>SYSTEMY WIZYJNE<\/h3>\n<table>\n<tbody>\n<tr>\n<th>Zasi\u0119g wykrywania przeszk\u00f3d<\/th>\n<td>Do przodu: 0,6-38 m; Do g\u00f3ry\/do do\u0142u\/do ty\u0142u\/na boki: 0,5-33 m<\/td>\n<\/tr>\n<tr>\n<th>Pole widzenia (FOV)<\/th>\n<td>65\u00b0 (H), 50\u00b0 (V)<\/td>\n<\/tr>\n<tr>\n<th>\u015arodowisko pracy<\/th>\n<td>Powierzchnie z wyra\u017anymi wzorami i odpowiednim o\u015bwietleniem (&gt; 15 luks\u00f3w)<\/td>\n<\/tr>\n<\/tbody>\n<\/table>\n<h3>SYSTEM CZUJNIK\u00d3W W PODCZERWIENI<\/h3>\n<table>\n<tbody>\n<tr>\n<th>Zasi\u0119g wykrywania przeszk\u00f3d<\/th>\n<td>0.1 to 10 m<\/td>\n<\/tr>\n<tr>\n<th>Pole widzenia (FOV)<\/th>\n<td>30\u00b0<\/td>\n<\/tr>\n<tr>\n<th>\u015arodowisko pracy<\/th>\n<td>Du\u017ce, rozproszone i odbijaj\u0105ce \u015bwiat\u0142o przeszkody (wsp\u00f3\u0142czynnik odbicia &gt;10%)<\/td>\n<\/tr>\n<\/tbody>\n<\/table>\n<h3>INTELIGENTNY AKUMULATOR TB30<\/h3>\n<table>\n<tbody>\n<tr>\n<th>Pojemno\u015b\u0107<\/th>\n<td>5880 mAh<\/td>\n<\/tr>\n<tr>\n<th>Napi\u0119cie<\/th>\n<td>26.1 V<\/td>\n<\/tr>\n<tr>\n<th>Typ ogniwa<\/th>\n<td>LiPo 6S<\/td>\n<\/tr>\n<tr>\n<th>Energia<\/th>\n<td>131.6 Wh<\/td>\n<\/tr>\n<tr>\n<th>Masa netto<\/th>\n<td>ok. 685 g<\/td>\n<\/tr>\n<tr>\n<th>Temperatura pracy<\/th>\n<td>-20\u00b0 do 50\u00b0 C<\/td>\n<\/tr>\n<tr>\n<th>Temperatura przechowywania<\/th>\n<td>20\u00b0 do 30\u00b0 C<\/td>\n<\/tr>\n<tr>\n<th>Temperatura \u0142adowania<\/th>\n<td>-20\u00b0 do 40\u00b0 C Gdy temperatura jest ni\u017csza ni\u017c 10\u00b0 C, automatycznie w\u0142\u0105cza si\u0119 funkcja samonagrzewania. \u0141adowanie w niskiej temperaturze mo\u017ce skr\u00f3ci\u0107 \u017cywotno\u015b\u0107 akumulatora<\/td>\n<\/tr>\n<tr>\n<th>Sk\u0142ad chemiczny ogniwa<\/th>\n<td>LiNiMnCoO2<\/td>\n<\/tr>\n<\/tbody>\n<\/table>\n<h3>O\u015aWIETLENIE POMOCNICZE<\/h3>\n<table>\n<tbody>\n<tr>\n<th>Efektywna odleg\u0142o\u015b\u0107 o\u015bwietlania<\/th>\n<td>5 m<\/td>\n<\/tr>\n<tr>\n<th>Typ o\u015bwietlenia<\/th>\n<td>60 Hz, \u017carzenie ci\u0105g\u0142e<\/td>\n<\/tr>\n<\/tbody>\n<\/table>\n<h3>APARATURA<\/h3>\n<table>\n<tbody>\n<tr>\n<th>Ekran<\/th>\n<td>Ekran dotykowy LCD o przek\u0105tnej 7,02 cala, rozdzielczo\u015bci 1920\u00d71200 pikseli i wysokiej jasno\u015bci 1200 cd\/m2<\/td>\n<\/tr>\n<tr>\n<th>Wbudowany akumulator<\/th>\n<td>Typ: Li-ion (6500 mAh @ 7,2 V); Spos\u00f3b \u0142adowania: za pomoc\u0105 Battery Station BS30 lub \u0142adowarki USB-C o maksymalnej mocy znamionowej 65 W (maks. napi\u0119cie 20 V); Czas \u0142adowania: 2 godziny; Sk\u0142ad chemiczny: LiNiCoAIO2<\/td>\n<\/tr>\n<tr>\n<th>Zewn\u0119trzny akumulator WB37<\/th>\n<td>Pojemno\u015b\u0107: 4920 mAh; Napi\u0119cie: 7,6 V; Typ akumulatora: Li-ion; Energia: 37,39 Wh; Sk\u0142ad chemiczny: LiCoO2<\/td>\n<\/tr>\n<tr>\n<th>Czas pracy<\/th>\n<td>Wbudowany akumulator: Oko\u0142o 3 godz. 18 min; Wbudowany akumulator + zewn\u0119trzny akumulator: Oko\u0142o 6 godzin<\/td>\n<\/tr>\n<tr>\n<th>Stopie\u0144 ochrony<\/th>\n<td>IP54<\/td>\n<\/tr>\n<tr>\n<th>GNSS<\/th>\n<td>GPS+Galileo+BeiDou<\/td>\n<\/tr>\n<tr>\n<th>Temperatura pracy<\/th>\n<td>-20\u00b0 do 50\u00b0 C<\/td>\n<\/tr>\n<\/tbody>\n<\/table>\n<h3>SYSTEM OCUSYNC 3 ENTERPRISE<\/h3>\n<table>\n<tbody>\n<tr>\n<th>Cz\u0119stotliwo\u015b\u0107 pracy<\/th>\n<td>2.4000-2.4835 GHz, 5.725-5.850 GHz<\/td>\n<\/tr>\n<tr>\n<th>Maksymalna odleg\u0142o\u015b\u0107 transmisji (bez przeszk\u00f3d, bez zak\u0142\u00f3ce\u0144)<\/th>\n<td>8 km (CE\/SRRC\/MIC)<\/td>\n<\/tr>\n<tr>\n<th>Maks. odleg\u0142o\u015b\u0107 transmisji (z zak\u0142\u00f3ceniami)<\/th>\n<td>Silne zak\u0142\u00f3cenia (teren miejski, ograniczona widoczno\u015b\u0107, wiele konkuruj\u0105cych sygna\u0142\u00f3w): 1,5-3 km (CE\/SRRC\/MIC); \u015arednie zak\u0142\u00f3cenia (teren podmiejski, czyste pole widzenia, kilka konkuruj\u0105cych sygna\u0142\u00f3w): 3-6 km (CE\/SRRC\/MIC);S\u0142abe zak\u0142\u00f3cenia (otwarty krajobraz, dobra widoczno\u015b\u0107, niewiele konkuruj\u0105cych sygna\u0142\u00f3w): 6-8 km (CE\/SRRC\/MIC)<\/td>\n<\/tr>\n<tr>\n<th>Moc nadajnika (EIRP)<\/th>\n<td>2.4 GHz: &lt;20 dBm (CE\/ SRRC\/MIC); 5.8 GHz: &lt;14 dBm (CE); &lt;23 dBm (SRRC)<\/td>\n<\/tr>\n<\/tbody>\n<\/table>\n<h3>WI-FI<\/h3>\n<table>\n<tbody>\n<tr>\n<th>Protok\u00f3\u0142<\/th>\n<td>Wi-Fi 6<\/td>\n<\/tr>\n<tr>\n<th>Cz\u0119stotliwo\u015b\u0107 pracy<\/th>\n<td>2.4000-2.4835 GHz; 5.150-5.250 GHz; 5.725-5.850 GHz<\/td>\n<\/tr>\n<tr>\n<th>Moc nadajnika (EIRP)<\/th>\n<td>2.4 GHz: &lt;20 dBm (CE\/ SRRC\/MIC); 5.1 GHz: &lt;23 dBm (CE\/ SRRC\/MIC); 5.8 GHz: &lt;26 dBm (SRRC); &lt;14 dBm(CE)<\/td>\n<\/tr>\n<\/tbody>\n<\/table>\n<h3>BLUETOOTH<\/h3>\n<table>\n<tbody>\n<tr>\n<th>Protok\u00f3\u0142<\/th>\n<td>Bluetooth 5.1<\/td>\n<\/tr>\n<tr>\n<th>Cz\u0119stotliwo\u015b\u0107 pracy<\/th>\n<td>2.4000-2.4835 GHz<\/td>\n<\/tr>\n<tr>\n<th>Moc nadajnika (EIRP)<\/th>\n<td>&lt;10 dBm<\/td>\n<\/tr>\n<\/tbody>\n<\/table>\n<h3>STACJA \u0141ADOWANIA BS30<\/h3>\n<table>\n<tbody>\n<tr>\n<th>Wymiary<\/th>\n<td>353\u00d7267\u00d7148 mm<\/td>\n<\/tr>\n<tr>\n<th>Masa netto<\/th>\n<td>3.95 kg<\/td>\n<\/tr>\n<tr>\n<th>Kompatybilne akumulatory<\/th>\n<td>TB30; WB37<\/td>\n<\/tr>\n<tr>\n<th>Wej\u015bcie<\/th>\n<td>100-240 VAC, 50\/60 Hz<\/td>\n<\/tr>\n<tr>\n<th>Wyj\u015bcie<\/th>\n<td>TB30 Port akumulatora: 26,1 V, 8,9 A (obs\u0142uga do dw\u00f3ch wyj\u015b\u0107 jednocze\u015bnie); Inteligentny akumulator WB37: 8,7 V, 6 A<\/td>\n<\/tr>\n<tr>\n<th>Moc wyj\u015bciowa<\/th>\n<td>525 W<\/td>\n<\/tr>\n<tr>\n<th>Port USB-C<\/th>\n<td>Maksymalna moc wyj\u015bciowa 65 W<\/td>\n<\/tr>\n<tr>\n<th>Port USB-A<\/th>\n<td>Maksymalna moc wyj\u015bciowa 10 W (5 V, 2 A)<\/td>\n<\/tr>\n<tr>\n<th>Pob\u00f3r mocy (bez \u0142adowania akumulatora)<\/th>\n<td>&lt; 8 W<\/td>\n<\/tr>\n<tr>\n<th>Moc wyj\u015bciowa (podczas nagrzewania akumulatora)<\/th>\n<td>ok. 30 W<\/td>\n<\/tr>\n<tr>\n<th>Temperatura pracy<\/th>\n<td>-20\u00b0 do 40\u00b0 C<\/td>\n<\/tr>\n<tr>\n<th>Stopie\u0144 ochrony<\/th>\n<td>IP55 (przy prawid\u0142owo zamkni\u0119tej pokrywie)<\/td>\n<\/tr>\n<tr>\n<th>Czas \u0142adowania<\/th>\n<td>Oko\u0142o 30 min (\u0142adowanie dw\u00f3ch akumulator\u00f3w TB30 w zakresie 20%-90%); Oko\u0142o 50 minut (\u0142adowanie dw\u00f3ch akumulator\u00f3w TB30 w zakresie 0%-100%)<\/td>\n<\/tr>\n<tr>\n<th>Funkcje ochronne<\/th>\n<td>Zabezpieczenie przed przep\u0142ywem zwrotnym; Zabezpieczenie przeciwzwarciowe; Zabezpieczenie przepi\u0119ciowe; Zabezpieczenie przed nadmiernym pr\u0105dem; Zabezpieczenie temperaturowe<\/td>\n<\/tr>\n<\/tbody>\n<\/table>\n","protected":false},"excerpt":{"rendered":"<p>Dron DJI Matrice 30T Taka Oferta Tylko W IRONSKY! Kupuj\u0105c tego drona przez sklep internetowy IRONSKY otrzymujesz dodatkowo , 2<\/p>\n","protected":false},"featured_media":48512,"comment_status":"open","ping_status":"closed","template":"","meta":{"_acf_changed":false},"product_brand":[],"product_cat":[6057,6053],"product_tag":[],"class_list":{"0":"post-48092","1":"product","2":"type-product","3":"status-publish","4":"has-post-thumbnail","6":"product_cat-z-dronem-termowizyjnym","7":"product_cat-zestawy","9":"first","10":"instock","11":"taxable","12":"shipping-taxable","13":"purchasable","14":"product-type-simple"},"acf":[],"yoast_head":"<!-- This site is optimized with the Yoast SEO plugin v27.2 - https:\/\/yoast.com\/product\/yoast-seo-wordpress\/ -->\n<title>Dron DJI Matrice 30T: Zestaw IRONSKY<\/title>\n<meta name=\"description\" content=\"Dron DJI Matrice 30T z IRONSKY: w zestawie 2x TB30, 1x WB37. Odbi\u00f3r osobisty: EGZAMIN A2 lub SZKOLENIE PRODUKTOWE za darmo!\" \/>\n<meta name=\"robots\" content=\"index, follow, max-snippet:-1, max-image-preview:large, max-video-preview:-1\" \/>\n<link rel=\"canonical\" href=\"https:\/\/ironsky.pl\/sklep\/produkt\/zestaw-ironsky-dron-dji-matrice-30t-c2\/\" \/>\n<meta property=\"og:locale\" content=\"pl_PL\" \/>\n<meta property=\"og:type\" content=\"article\" \/>\n<meta property=\"og:title\" content=\"Dron DJI Matrice 30T: Zestaw IRONSKY\" \/>\n<meta property=\"og:description\" content=\"Dron DJI Matrice 30T z IRONSKY: w zestawie 2x TB30, 1x WB37. Odbi\u00f3r osobisty: EGZAMIN A2 lub SZKOLENIE PRODUKTOWE za darmo!\" \/>\n<meta property=\"og:url\" content=\"https:\/\/ironsky.pl\/sklep\/produkt\/zestaw-ironsky-dron-dji-matrice-30t-c2\/\" \/>\n<meta property=\"og:site_name\" content=\"IRONSKY.PL Sklep z Dronami\" \/>\n<meta property=\"article:modified_time\" content=\"2026-03-05T14:41:59+00:00\" \/>\n<meta property=\"og:image\" content=\"https:\/\/ironsky.pl\/sklep\/wp-content\/uploads\/2025\/07\/zestaw-matrice-30t-i-2-akusy.jpg\" \/>\n\t<meta property=\"og:image:width\" content=\"1280\" \/>\n\t<meta property=\"og:image:height\" content=\"720\" \/>\n\t<meta property=\"og:image:type\" content=\"image\/jpeg\" \/>\n<meta name=\"twitter:card\" content=\"summary_large_image\" \/>\n<meta name=\"twitter:label1\" content=\"Szacowany czas czytania\" \/>\n\t<meta name=\"twitter:data1\" content=\"6 minut\" \/>\n<script type=\"application\/ld+json\" class=\"yoast-schema-graph\">{\"@context\":\"https:\/\/schema.org\",\"@graph\":[{\"@type\":\"WebPage\",\"@id\":\"https:\/\/ironsky.pl\/sklep\/produkt\/zestaw-ironsky-dron-dji-matrice-30t-c2\/\",\"url\":\"https:\/\/ironsky.pl\/sklep\/produkt\/zestaw-ironsky-dron-dji-matrice-30t-c2\/\",\"name\":\"Dron DJI Matrice 30T: Zestaw IRONSKY\",\"isPartOf\":{\"@id\":\"https:\/\/ironsky.pl\/sklep\/#website\"},\"primaryImageOfPage\":{\"@id\":\"https:\/\/ironsky.pl\/sklep\/produkt\/zestaw-ironsky-dron-dji-matrice-30t-c2\/#primaryimage\"},\"image\":{\"@id\":\"https:\/\/ironsky.pl\/sklep\/produkt\/zestaw-ironsky-dron-dji-matrice-30t-c2\/#primaryimage\"},\"thumbnailUrl\":\"https:\/\/ironsky.pl\/sklep\/wp-content\/uploads\/2025\/07\/zestaw-matrice-30t-i-2-akusy.jpg\",\"datePublished\":\"2025-07-29T09:38:52+00:00\",\"dateModified\":\"2026-03-05T14:41:59+00:00\",\"description\":\"Dron DJI Matrice 30T z IRONSKY: w zestawie 2x TB30, 1x WB37. Odbi\u00f3r osobisty: EGZAMIN A2 lub SZKOLENIE PRODUKTOWE za darmo!\",\"breadcrumb\":{\"@id\":\"https:\/\/ironsky.pl\/sklep\/produkt\/zestaw-ironsky-dron-dji-matrice-30t-c2\/#breadcrumb\"},\"inLanguage\":\"pl-PL\",\"potentialAction\":[{\"@type\":\"ReadAction\",\"target\":[\"https:\/\/ironsky.pl\/sklep\/produkt\/zestaw-ironsky-dron-dji-matrice-30t-c2\/\"]}]},{\"@type\":\"ImageObject\",\"inLanguage\":\"pl-PL\",\"@id\":\"https:\/\/ironsky.pl\/sklep\/produkt\/zestaw-ironsky-dron-dji-matrice-30t-c2\/#primaryimage\",\"url\":\"https:\/\/ironsky.pl\/sklep\/wp-content\/uploads\/2025\/07\/zestaw-matrice-30t-i-2-akusy.jpg\",\"contentUrl\":\"https:\/\/ironsky.pl\/sklep\/wp-content\/uploads\/2025\/07\/zestaw-matrice-30t-i-2-akusy.jpg\",\"width\":1280,\"height\":720,\"caption\":\"Dron DJI Matrice 30T: Zestaw IRONSKY\"},{\"@type\":\"BreadcrumbList\",\"@id\":\"https:\/\/ironsky.pl\/sklep\/produkt\/zestaw-ironsky-dron-dji-matrice-30t-c2\/#breadcrumb\",\"itemListElement\":[{\"@type\":\"ListItem\",\"position\":1,\"name\":\"Strona g\u0142\u00f3wna\",\"item\":\"https:\/\/ironsky.pl\/sklep\/\"},{\"@type\":\"ListItem\",\"position\":2,\"name\":\"Wszystkie produkty\",\"item\":\"https:\/\/ironsky.pl\/sklep\/sklep\/\"},{\"@type\":\"ListItem\",\"position\":3,\"name\":\"Zestaw Termowizyjny IRONSKY: Dron DJI Matrice 30T C2 + 2 akumulatory\"}]},{\"@type\":\"WebSite\",\"@id\":\"https:\/\/ironsky.pl\/sklep\/#website\",\"url\":\"https:\/\/ironsky.pl\/sklep\/\",\"name\":\"IRONSKY.PL Sklep z Dronami\",\"description\":\"IRONSKY.PL Sklep z Dronami\",\"potentialAction\":[{\"@type\":\"SearchAction\",\"target\":{\"@type\":\"EntryPoint\",\"urlTemplate\":\"https:\/\/ironsky.pl\/sklep\/?s={search_term_string}\"},\"query-input\":{\"@type\":\"PropertyValueSpecification\",\"valueRequired\":true,\"valueName\":\"search_term_string\"}}],\"inLanguage\":\"pl-PL\"}]}<\/script>\n<!-- \/ Yoast SEO plugin. -->","yoast_head_json":{"title":"Dron DJI Matrice 30T: Zestaw IRONSKY","description":"Dron DJI Matrice 30T z IRONSKY: w zestawie 2x TB30, 1x WB37. Odbi\u00f3r osobisty: EGZAMIN A2 lub SZKOLENIE PRODUKTOWE za darmo!","robots":{"index":"index","follow":"follow","max-snippet":"max-snippet:-1","max-image-preview":"max-image-preview:large","max-video-preview":"max-video-preview:-1"},"canonical":"https:\/\/ironsky.pl\/sklep\/produkt\/zestaw-ironsky-dron-dji-matrice-30t-c2\/","og_locale":"pl_PL","og_type":"article","og_title":"Dron DJI Matrice 30T: Zestaw IRONSKY","og_description":"Dron DJI Matrice 30T z IRONSKY: w zestawie 2x TB30, 1x WB37. Odbi\u00f3r osobisty: EGZAMIN A2 lub SZKOLENIE PRODUKTOWE za darmo!","og_url":"https:\/\/ironsky.pl\/sklep\/produkt\/zestaw-ironsky-dron-dji-matrice-30t-c2\/","og_site_name":"IRONSKY.PL Sklep z Dronami","article_modified_time":"2026-03-05T14:41:59+00:00","og_image":[{"width":1280,"height":720,"url":"https:\/\/ironsky.pl\/sklep\/wp-content\/uploads\/2025\/07\/zestaw-matrice-30t-i-2-akusy.jpg","type":"image\/jpeg"}],"twitter_card":"summary_large_image","twitter_misc":{"Szacowany czas czytania":"6 minut"},"schema":{"@context":"https:\/\/schema.org","@graph":[{"@type":"WebPage","@id":"https:\/\/ironsky.pl\/sklep\/produkt\/zestaw-ironsky-dron-dji-matrice-30t-c2\/","url":"https:\/\/ironsky.pl\/sklep\/produkt\/zestaw-ironsky-dron-dji-matrice-30t-c2\/","name":"Dron DJI Matrice 30T: Zestaw IRONSKY","isPartOf":{"@id":"https:\/\/ironsky.pl\/sklep\/#website"},"primaryImageOfPage":{"@id":"https:\/\/ironsky.pl\/sklep\/produkt\/zestaw-ironsky-dron-dji-matrice-30t-c2\/#primaryimage"},"image":{"@id":"https:\/\/ironsky.pl\/sklep\/produkt\/zestaw-ironsky-dron-dji-matrice-30t-c2\/#primaryimage"},"thumbnailUrl":"https:\/\/ironsky.pl\/sklep\/wp-content\/uploads\/2025\/07\/zestaw-matrice-30t-i-2-akusy.jpg","datePublished":"2025-07-29T09:38:52+00:00","dateModified":"2026-03-05T14:41:59+00:00","description":"Dron DJI Matrice 30T z IRONSKY: w zestawie 2x TB30, 1x WB37. Odbi\u00f3r osobisty: EGZAMIN A2 lub SZKOLENIE PRODUKTOWE za darmo!","breadcrumb":{"@id":"https:\/\/ironsky.pl\/sklep\/produkt\/zestaw-ironsky-dron-dji-matrice-30t-c2\/#breadcrumb"},"inLanguage":"pl-PL","potentialAction":[{"@type":"ReadAction","target":["https:\/\/ironsky.pl\/sklep\/produkt\/zestaw-ironsky-dron-dji-matrice-30t-c2\/"]}]},{"@type":"ImageObject","inLanguage":"pl-PL","@id":"https:\/\/ironsky.pl\/sklep\/produkt\/zestaw-ironsky-dron-dji-matrice-30t-c2\/#primaryimage","url":"https:\/\/ironsky.pl\/sklep\/wp-content\/uploads\/2025\/07\/zestaw-matrice-30t-i-2-akusy.jpg","contentUrl":"https:\/\/ironsky.pl\/sklep\/wp-content\/uploads\/2025\/07\/zestaw-matrice-30t-i-2-akusy.jpg","width":1280,"height":720,"caption":"Dron DJI Matrice 30T: Zestaw IRONSKY"},{"@type":"BreadcrumbList","@id":"https:\/\/ironsky.pl\/sklep\/produkt\/zestaw-ironsky-dron-dji-matrice-30t-c2\/#breadcrumb","itemListElement":[{"@type":"ListItem","position":1,"name":"Strona g\u0142\u00f3wna","item":"https:\/\/ironsky.pl\/sklep\/"},{"@type":"ListItem","position":2,"name":"Wszystkie produkty","item":"https:\/\/ironsky.pl\/sklep\/sklep\/"},{"@type":"ListItem","position":3,"name":"Zestaw Termowizyjny IRONSKY: Dron DJI Matrice 30T C2 + 2 akumulatory"}]},{"@type":"WebSite","@id":"https:\/\/ironsky.pl\/sklep\/#website","url":"https:\/\/ironsky.pl\/sklep\/","name":"IRONSKY.PL Sklep z Dronami","description":"IRONSKY.PL Sklep z Dronami","potentialAction":[{"@type":"SearchAction","target":{"@type":"EntryPoint","urlTemplate":"https:\/\/ironsky.pl\/sklep\/?s={search_term_string}"},"query-input":{"@type":"PropertyValueSpecification","valueRequired":true,"valueName":"search_term_string"}}],"inLanguage":"pl-PL"}]}},"_links":{"self":[{"href":"https:\/\/ironsky.pl\/sklep\/wp-json\/wp\/v2\/product\/48092","targetHints":{"allow":["GET"]}}],"collection":[{"href":"https:\/\/ironsky.pl\/sklep\/wp-json\/wp\/v2\/product"}],"about":[{"href":"https:\/\/ironsky.pl\/sklep\/wp-json\/wp\/v2\/types\/product"}],"replies":[{"embeddable":true,"href":"https:\/\/ironsky.pl\/sklep\/wp-json\/wp\/v2\/comments?post=48092"}],"wp:featuredmedia":[{"embeddable":true,"href":"https:\/\/ironsky.pl\/sklep\/wp-json\/wp\/v2\/media\/48512"}],"wp:attachment":[{"href":"https:\/\/ironsky.pl\/sklep\/wp-json\/wp\/v2\/media?parent=48092"}],"wp:term":[{"taxonomy":"product_brand","embeddable":true,"href":"https:\/\/ironsky.pl\/sklep\/wp-json\/wp\/v2\/product_brand?post=48092"},{"taxonomy":"product_cat","embeddable":true,"href":"https:\/\/ironsky.pl\/sklep\/wp-json\/wp\/v2\/product_cat?post=48092"},{"taxonomy":"product_tag","embeddable":true,"href":"https:\/\/ironsky.pl\/sklep\/wp-json\/wp\/v2\/product_tag?post=48092"}],"curies":[{"name":"wp","href":"https:\/\/api.w.org\/{rel}","templated":true}]}}