{"id":48051,"date":"2025-07-22T15:13:40","date_gmt":"2025-07-22T13:13:40","guid":{"rendered":"https:\/\/ironsky.pl\/drony-sklep\/?post_type=product&#038;p=48051"},"modified":"2026-03-05T15:41:59","modified_gmt":"2026-03-05T14:41:59","slug":"szkolenie-na-pilota-drona-rolniczego-teoria-praktyka-certyfikat","status":"publish","type":"product","link":"https:\/\/ironsky.pl\/sklep\/produkt\/szkolenie-na-pilota-drona-rolniczego-teoria-praktyka-certyfikat\/","title":{"rendered":"Szkolenie na pilota drona ROLNICZEGO DJI AGRAS (teoria + praktyka + certyfikat)"},"content":{"rendered":"<p>Zacznij zarabia\u0107 wi\u0119cej dzi\u0119ki dronom rolniczym! Rozpocznij pe\u0142ne, 1 dniowe teoretyczne i praktyczne szkolenie pilota drona rolniczego zgodne z odst\u0119pstwem <a href=\"https:\/\/ironsky.pl\/jak-latac-dronem-rolniczym-powyzej-25kg\/\"><strong>LBSP\/SPEC\/O\/2025\u201102<\/strong><\/a><\/p>\n<p>Skontaktuj si\u0119 i zarezerwuj szkolenie<\/p>\n<p>\ud83d\udcde 503 503 517<\/p>\n<p>&nbsp;<\/p>\n<h2><strong>Dla kogo jest to szkolenie?<\/strong><\/h2>\n<ul>\n<li>Rolnicy i przedsi\u0119biorcy rolni chc\u0105cy zrewolucjonizowa\u0107 swoje gospodarstwo.<\/li>\n<li>Firmy us\u0142ugowe wykonuj\u0105ce opryski, monitoring ro\u015blinno\u015bci, inspekcje.<\/li>\n<li>Osoby planuj\u0105ce wykorzystanie dron\u00f3w o masie startowej powy\u017cej 25\u202fkg zgodnie z nowymi regulacjami ULC.<\/li>\n<\/ul>\n<p>&nbsp;<\/p>\n<h2><strong>Drony i sprz\u0119t, kt\u00f3re wykorzystujemy na szkoleniu na pilota drona rolniczego<\/strong><\/h2>\n<p>W IRONSKY uczysz si\u0119 na takim sprz\u0119cie, kt\u00f3ry realnie sprawdza si\u0119 na rynku i jest ju\u017c w u\u017cyciu, a nie w fazach test\u00f3w i wdra\u017cania. Zaufaj ekspertom od dron\u00f3w z ogromnym do\u015bwiadczeniem w bran\u017cy dron\u00f3w zbieranym nieprzerwanie od 2014roku. Na szkoleniu wykorzystane b\u0119d\u0105:<\/p>\n<ul>\n<li>Oprogramowanie DJI Smart Farm + DJI Terra<\/li>\n<li>Dron rolniczy DJI Agras T25 lub DJI Agras T50<\/li>\n<li>Dron pomiarowy DJI Mavic 3 Multispectral (wy\u0142\u0105cznie w szkoleniu rozszerzonym)<\/li>\n<\/ul>\n<p>&nbsp;<\/p>\n<h2><strong>Dlaczego warto u\u017cywa\u0107 drona w rolnictwie? \u2013 konkretne korzy\u015bci <\/strong><strong>\ud83d\ude80<\/strong><\/h2>\n<ol>\n<li>\n<h3><strong>Oszcz\u0119dno\u015b\u0107 zasob\u00f3w i redukcja koszt\u00f3w<\/strong><\/h3>\n<ul>\n<li>Precyzyjne opryski i aplikacje nawoz\u00f3w powoduj\u0105 mniejsze zu\u017cycie \u015brodk\u00f3w, dzi\u0119ki czemu ponosisz ni\u017csze koszty produkcji \u2013 zar\u00f3wno \u015bor, jak i paliwa czy obs\u0142ugi ci\u0119\u017ckiego sprz\u0119tu<\/li>\n<li>Brak potrzeby tworzenia \u015bcie\u017cek technologicznych i niszczenia plon\u00f3w przez ci\u0105gniki \u2013 dzia\u0142asz tam, gdzie tradycyjne maszyny zawodz\u0105<\/li>\n<\/ul>\n<\/li>\n<li>\n<h3><strong>Zwi\u0119kszenie wydajno\u015bci przez precyzj\u0119 i automatyzacj\u0119<\/strong><\/h3>\n<ul>\n<li>Drony s\u0105 w stanie szybko pokry\u0107 du\u017ce powierzchnie i zastosowa\u0107 zmienne dawkowanie (VRA) z pe\u0142n\u0105 precyzj\u0105 \u2013 redukcja nak\u0142adek, optymalne strefy opryskowe dzi\u0119ki GPS i niezale\u017cnym dyszom.<\/li>\n<li>Automatyczne planowanie tras i zdalna obs\u0142uga pozwalaj\u0105 operatorom skupi\u0107 si\u0119 na analizie danych, a nie pilota\u017cu<\/li>\n<\/ul>\n<\/li>\n<li>\n<h3><strong>Monitorowanie stanu upraw \u2013 zdrowotno\u015b\u0107, choroby, niedobory<\/strong><\/h3>\n<ul>\n<li>Kamery multispektralne (NDVI, NDRE, CHI, LAI) pozwalaj\u0105 wykrywa\u0107 choroby, niedobory i stres wodny na wczesnym etapie, co umo\u017cliwia szybk\u0105 reakcj\u0119 i ogranicza straty.<\/li>\n<li>Analiza zmienno\u015bci glebowej i wynikaj\u0105ce z tego mapy precyzyjnego nawo\u017cenia pozwalaj\u0105 dostosowa\u0107 dawki w zale\u017cno\u015bci od potrzeb konkretnego fragmentu pola.<\/li>\n<\/ul>\n<\/li>\n<li>\n<h3><strong>Ekologia i zr\u00f3wnowa\u017cony rozw\u00f3j<\/strong><\/h3>\n<ul>\n<li>Elektryczne nap\u0119dy dron\u00f3w eliminuj\u0105 spaliny i ha\u0142as \u2013 bezpieczne dla p\u00f3l i \u015brodowiska.<\/li>\n<li>Mniej \u015brodk\u00f3w chemicznych trafia do \u015brodowiska \u2013 precyzyjne opryski i wczesna diagnostyka obni\u017caj\u0105 negatywny wp\u0142yw na wod\u0119, gleb\u0119 i lokalne ekosystemy<\/li>\n<\/ul>\n<\/li>\n<li>\n<h3><strong>Uniwersalne zastosowania \u2014 wi\u0119cej ni\u017c opryski<\/strong><\/h3>\n<ul>\n<li><strong>Nawo\u017cenie<\/strong>, nawet granulowane \u2013 bez dodatkowych ogranicze\u0144 prawnych<\/li>\n<li><strong>Siew<\/strong>, np. lasy \u2013 ju\u017c testowane na kilka hektar\u00f3w z du\u017c\u0105 dok\u0142adno\u015bci\u0105<\/li>\n<li><strong>Ochrona przed ptactwem<\/strong> \u2013 autonomiczne systemy odstraszania dronami sterowane AI<\/li>\n<li><strong>Mapowanie<\/strong> pola (ortofotomapy, chmury punkt\u00f3w) z dok\u0142adno\u015bci\u0105 do centymetra dzi\u0119ki technologii RTK, znacz\u0105co przyspieszaj\u0105ce i u\u0142atwiaj\u0105ce inwentaryzacje<\/li>\n<li><strong>Szacowanie szk\u00f3d i monitoring zwierz\u0105t<\/strong> \u2013 sporo zastosowa\u0144 operacyjnych i wsparcie decyzji odszkodowawczych<\/li>\n<li><strong>Zrzut py\u0142ku (zapylanie)<\/strong> \u2013 zwi\u0119kszenie wydajno\u015bci upraw nawet o 25\u201150%<\/li>\n<\/ul>\n<\/li>\n<\/ol>\n<p>&nbsp;<\/p>\n<h2><strong>Co zyskasz po szkoleniu?<\/strong><\/h2>\n<ul>\n<li><strong>certyfikat uprawnie\u0144 pilota drona rolniczego<\/strong> zgodnie z LBSP\/SPEC\/O\/2025\u201102.<\/li>\n<li>Wiedz\u0119 teoretyczn\u0105 dotycz\u0105c\u0105 <strong>zasad opryskiwania, siania, nawo\u017cenia, dawkowania i latania<\/strong>, zarz\u0105dzania dronami rolniczymi w Polsce<\/li>\n<li>Praktyczn\u0105 zdolno\u015b\u0107 do wykonania <strong>operacji VLOS ci\u0119\u017ckich dronami powy\u017cej 25<\/strong><strong>\u202fkg<\/strong><\/li>\n<li><strong>Wsparcie po szkoleniu<\/strong> \u2013 konsultacje, dokumentacja i pomoc przy wnioskach do ULC.<\/li>\n<\/ul>\n<p>&nbsp;<\/p>\n<h2><strong>Dlaczego szkolenie w IRONSKY?<\/strong><\/h2>\n<ul>\n<li>Jeste\u015bmy<strong> pionierami w bran\u017cy dron\u00f3w rolniczych w Polsce<\/strong>, z w\u0142asnej inicjatywy brali\u015bmy udzia\u0142 w konsultacjach z Ministerstwem Rolnictwa, Powiatowymi Inspektoratami Ochrony Ro\u015blin i Nasiennictwa a tak\u017ce Urz\u0119dem Lotnictwa Cywilnego<\/li>\n<li>Mamy wieloletnie do\u015bwiadczenie i <strong>przeszkolili\u015bmy ju\u017c tysi\u0105ce pilot\u00f3w dron\u00f3w w ca\u0142ej Polsce<\/strong> \u2013 od rolnik\u00f3w po specjalist\u00f3w technicznych.<\/li>\n<li>Jako partnerzy DJI Enterprise i DJI Agriculture <strong>oferujemy sprz\u0119t, szkolenia, pomoc przy wdro\u017ceniu i wsparcie techniczne<\/strong><\/li>\n<li>Stworzyli\u015bmy wsp\u00f3lnie z naszym brokerem <strong>pierwsz\u0105 w Polsce polis\u0119 ubezpieczeniow\u0105 przeznaczon\u0105 dla dron\u00f3w rolniczych<\/strong><\/li>\n<li>Jako <strong>pierwsi w Polsce uzyskali\u015bmy zgod\u0119 z ULC<\/strong> na wykonywanie lot\u00f3w dronami rolniczymi DJI Agras T10 i DJI Agras T30<\/li>\n<li><strong>Gwarantujemy wsparcie poszkoleniowe<\/strong> \u2013 dokumentacja, konsultacje, pomoc w procedurach.<\/li>\n<\/ul>\n<p>&nbsp;<\/p>\n<h2><strong>Cena szkolenia na drona rolniczego i zawarto\u015b\u0107<\/strong><\/h2>\n<ul>\n<li><strong>Jeden intensywny dzie\u0144 z ekspertem DJI Agriculture<\/strong>, kt\u00f3ry uzyska\u0142 certyfikacj\u0119 z DJI &#8211; szkolenie w Warszawie lub z dojazdem do klienta + 1,50 z\u0142 \/ km<\/li>\n<li><strong>Teoria do 5h<\/strong> dotycz\u0105ca regulacji prawnych dotycz\u0105cych lot\u00f3w dronami rolniczymi w kwestii oprysk\u00f3w, siewu, nawo\u017cenia, a tak\u017ce przepisy dotycz\u0105ce wykorzystania \u015brodk\u00f3w ochrony ro\u015blin z wykorzystaniem dron\u00f3w, zasady tworzenia i analiza map ze wska\u017anikami NDVI, GNDVI, NDRE, LCI, OSAVI.<\/li>\n<li><strong>Praktyka do 3h<\/strong> w locie dronami DJI Agras, a tak\u017ce zarz\u0105dzanie, analiza i raportowanie w DJI SmartFarm Web\/App oraz planowanie i generowanie tras nalotu dronami.<\/li>\n<li>Cena szkolenia <strong>zawiera zar\u00f3wno szkolenie teoretyczne jak i praktyczne oraz wydanie certyfikatu<\/strong> pozwalaj\u0105cego na wykonywanie lot\u00f3w dronami rolniczymi o masie powy\u017cej 25kg w podkategorii A3 <strong>zgodnie z \u00a0LBSP\/SPEC\/O\/2025-02<\/strong>.<\/li>\n<li><strong>Cena nie zawiera szkole\u0144 STS-01<\/strong> wymaganych do podej\u015bcia do szkolenia na drona rolniczego.<\/li>\n<\/ul>\n<p>&nbsp;<\/p>\n<h2><strong>Opinie uczestnik\u00f3w<\/strong><\/h2>\n<p>\u201eDzi\u0119ki szkoleniu zrozumia\u0142em, jak po\u0142\u0105czy\u0107 prawo lotnicze z praktyk\u0105 na polu \u2013 dokumentacja, procedury i loty BVLOS pozwoli\u0142y mi dzia\u0142a\u0107 legalnie i efektywnie.\u201d<\/p>\n<p>Marek, Inowroc\u0142aw<\/p>\n<p>&nbsp;<\/p>\n<p>\u201eNie spodziewa\u0142em si\u0119, \u017ce dron rolniczy tak zmieni moj\u0105 prac\u0119. Zamiast m\u0119czy\u0107 si\u0119 ci\u0105gnikiem przez kilka dni, teraz ogarniam opryski w jedno popo\u0142udnie. \u015arodka idzie mniej, plony s\u0105 lepsze, a wszystko robi\u0119 precyzyjnie, bez strat.\u201d<\/p>\n<p>Pawe\u0142, Opole<\/p>\n<p>&nbsp;<\/p>\n<p>\u201eZaczyna\u0142am od zera i nie wiedzia\u0142am, czy dam rad\u0119. Szkolenie by\u0142o prowadzone bardzo konkretnie \u2013 praktyka, dokumenty, wszystko pod k\u0105tem pracy z klientem. Teraz mam legalnie dzia\u0142aj\u0105c\u0105 us\u0142ug\u0119 oprysk\u00f3w dronem i coraz wi\u0119cej zlece\u0144 od s\u0105siad\u00f3w.\u201d<\/p>\n<p>Agnieszka, Lublin<\/p>\n<p>&nbsp;<\/p>\n<p>\u201eNajwi\u0119ksz\u0105 barier\u0105 by\u0142y dla mnie przepisy i papierologia \u2013 ba\u0142em si\u0119 tego bardziej ni\u017c latania. Na kursie dosta\u0142em gotowe narz\u0119dzia, instrukcje i pomoc w ogarni\u0119ciu zg\u0142osze\u0144 check in w lotach. Teraz mam spok\u00f3j, bo wiem, \u017ce wszystko robi\u0119 zgodnie z prawem.\u201d<\/p>\n<p>Tomasz, 110-hektarowe gospodarstwo w Wielkopolsce<\/p>\n<p>&nbsp;<\/p>\n<p><strong>Nie czekaj \u2013 sezon trwa!<\/strong><\/p>\n<p>Zapisz si\u0119 dzi\u015b, zyskaj miejsce i rusz z dronem rolniczym jeszcze przed kolejnym opryskiem.<\/p>\n<p>Skontaktuj si\u0119 i zarezerwuj szkolenie<\/p>\n<p>\ud83d\udcde 503 503 517<\/p>\n<p>&nbsp;<\/p>\n<p>&nbsp;<\/p>\n","protected":false},"excerpt":{"rendered":"<ul>\n<li><strong>Teoria + praktyka<\/strong> w locie dronem DJI Agras<\/li>\n<li>Szkolenie pilota drona rolniczego zgodne z odst\u0119pstwem <a href=\"https:\/\/ironsky.pl\/jak-latac-dronem-rolniczym-powyzej-25kg\/\"><strong>LBSP\/SPEC\/O\/2025\u201102<\/strong><\/a><\/li>\n<li><a href=\"https:\/\/www.facebook.com\/ironskypl\/reviews\"><strong>Setki opinii<\/strong><\/a> kursant\u00f3w na\u00a0\u2b50\u2b50\u2b50\u2b50\u2b50\u00a0(4.9 \/ 5.0)<\/li>\n<li>Dostaniesz <strong>rabat na zakup<\/strong> drona rolniczego<\/li>\n<\/ul>\n","protected":false},"featured_media":48053,"comment_status":"open","ping_status":"closed","template":"","meta":{"_acf_changed":false},"product_brand":[],"product_cat":[5571],"product_tag":[],"class_list":{"0":"post-48051","1":"product","2":"type-product","3":"status-publish","4":"has-post-thumbnail","6":"product_cat-na-drony-rolnicze","8":"first","9":"outofstock","10":"sale","11":"taxable","12":"shipping-taxable","13":"purchasable","14":"product-type-simple"},"acf":[],"yoast_head":"<!-- This site is optimized with the Yoast SEO plugin v27.2 - https:\/\/yoast.com\/product\/yoast-seo-wordpress\/ -->\n<title>Szkolenie na pilota drona ROLNICZEGO DJI AGRAS (teoria + praktyka + certyfikat) - IRONSKY.PL Sklep z Dronami<\/title>\n<meta name=\"description\" content=\"Szkolenie na pilota drona ROLNICZEGO DJI AGRAS (teoria + praktyka + certyfikat) - \u2705 sklep z dronami i fachowym doradztwem. \u2705 Tutaj kupisz produkty DJI, Yuneec, Parrot, Syma i wiele innych, a tak\u017ce kursy i licencje na operatora drona.\" \/>\n<meta name=\"robots\" content=\"index, follow, max-snippet:-1, max-image-preview:large, max-video-preview:-1\" \/>\n<link rel=\"canonical\" href=\"https:\/\/ironsky.pl\/sklep\/produkt\/szkolenie-na-pilota-drona-rolniczego-teoria-praktyka-certyfikat\/\" \/>\n<meta property=\"og:locale\" content=\"pl_PL\" \/>\n<meta property=\"og:type\" content=\"article\" \/>\n<meta property=\"og:title\" content=\"Szkolenie na pilota drona ROLNICZEGO DJI AGRAS (teoria + praktyka + certyfikat) - IRONSKY.PL Sklep z Dronami\" \/>\n<meta property=\"og:description\" content=\"Szkolenie na pilota drona ROLNICZEGO DJI AGRAS (teoria + praktyka + certyfikat) - \u2705 sklep z dronami i fachowym doradztwem. \u2705 Tutaj kupisz produkty DJI, Yuneec, Parrot, Syma i wiele innych, a tak\u017ce kursy i licencje na operatora drona.\" \/>\n<meta property=\"og:url\" content=\"https:\/\/ironsky.pl\/sklep\/produkt\/szkolenie-na-pilota-drona-rolniczego-teoria-praktyka-certyfikat\/\" \/>\n<meta property=\"og:site_name\" content=\"IRONSKY.PL Sklep z Dronami\" \/>\n<meta property=\"article:modified_time\" content=\"2026-03-05T14:41:59+00:00\" \/>\n<meta property=\"og:image\" content=\"https:\/\/ironsky.pl\/sklep\/wp-content\/uploads\/2025\/07\/Pilot-drona-ROLNICZEGO-teoria-praktyka-1024x858.png\" \/>\n\t<meta property=\"og:image:width\" content=\"1024\" \/>\n\t<meta property=\"og:image:height\" content=\"858\" \/>\n\t<meta property=\"og:image:type\" content=\"image\/png\" \/>\n<meta name=\"twitter:card\" content=\"summary_large_image\" \/>\n<meta name=\"twitter:label1\" content=\"Szacowany czas czytania\" \/>\n\t<meta name=\"twitter:data1\" content=\"6 minut\" \/>\n<script type=\"application\/ld+json\" class=\"yoast-schema-graph\">{\"@context\":\"https:\/\/schema.org\",\"@graph\":[{\"@type\":\"WebPage\",\"@id\":\"https:\/\/ironsky.pl\/sklep\/produkt\/szkolenie-na-pilota-drona-rolniczego-teoria-praktyka-certyfikat\/\",\"url\":\"https:\/\/ironsky.pl\/sklep\/produkt\/szkolenie-na-pilota-drona-rolniczego-teoria-praktyka-certyfikat\/\",\"name\":\"Szkolenie na pilota drona ROLNICZEGO DJI AGRAS (teoria + praktyka + certyfikat) - IRONSKY.PL Sklep z Dronami\",\"isPartOf\":{\"@id\":\"https:\/\/ironsky.pl\/sklep\/#website\"},\"primaryImageOfPage\":{\"@id\":\"https:\/\/ironsky.pl\/sklep\/produkt\/szkolenie-na-pilota-drona-rolniczego-teoria-praktyka-certyfikat\/#primaryimage\"},\"image\":{\"@id\":\"https:\/\/ironsky.pl\/sklep\/produkt\/szkolenie-na-pilota-drona-rolniczego-teoria-praktyka-certyfikat\/#primaryimage\"},\"thumbnailUrl\":\"https:\/\/ironsky.pl\/sklep\/wp-content\/uploads\/2025\/07\/Pilot-drona-ROLNICZEGO-teoria-praktyka.png\",\"datePublished\":\"2025-07-22T13:13:40+00:00\",\"dateModified\":\"2026-03-05T14:41:59+00:00\",\"description\":\"Szkolenie na pilota drona ROLNICZEGO DJI AGRAS (teoria + praktyka + certyfikat) - \u2705 sklep z dronami i fachowym doradztwem. \u2705 Tutaj kupisz produkty DJI, Yuneec, Parrot, Syma i wiele innych, a tak\u017ce kursy i licencje na operatora drona.\",\"breadcrumb\":{\"@id\":\"https:\/\/ironsky.pl\/sklep\/produkt\/szkolenie-na-pilota-drona-rolniczego-teoria-praktyka-certyfikat\/#breadcrumb\"},\"inLanguage\":\"pl-PL\",\"potentialAction\":[{\"@type\":\"ReadAction\",\"target\":[\"https:\/\/ironsky.pl\/sklep\/produkt\/szkolenie-na-pilota-drona-rolniczego-teoria-praktyka-certyfikat\/\"]}]},{\"@type\":\"ImageObject\",\"inLanguage\":\"pl-PL\",\"@id\":\"https:\/\/ironsky.pl\/sklep\/produkt\/szkolenie-na-pilota-drona-rolniczego-teoria-praktyka-certyfikat\/#primaryimage\",\"url\":\"https:\/\/ironsky.pl\/sklep\/wp-content\/uploads\/2025\/07\/Pilot-drona-ROLNICZEGO-teoria-praktyka.png\",\"contentUrl\":\"https:\/\/ironsky.pl\/sklep\/wp-content\/uploads\/2025\/07\/Pilot-drona-ROLNICZEGO-teoria-praktyka.png\",\"width\":1998,\"height\":1675},{\"@type\":\"BreadcrumbList\",\"@id\":\"https:\/\/ironsky.pl\/sklep\/produkt\/szkolenie-na-pilota-drona-rolniczego-teoria-praktyka-certyfikat\/#breadcrumb\",\"itemListElement\":[{\"@type\":\"ListItem\",\"position\":1,\"name\":\"Strona g\u0142\u00f3wna\",\"item\":\"https:\/\/ironsky.pl\/sklep\/\"},{\"@type\":\"ListItem\",\"position\":2,\"name\":\"Wszystkie produkty\",\"item\":\"https:\/\/ironsky.pl\/sklep\/sklep\/\"},{\"@type\":\"ListItem\",\"position\":3,\"name\":\"Szkolenie na pilota drona ROLNICZEGO DJI AGRAS (teoria + praktyka + certyfikat)\"}]},{\"@type\":\"WebSite\",\"@id\":\"https:\/\/ironsky.pl\/sklep\/#website\",\"url\":\"https:\/\/ironsky.pl\/sklep\/\",\"name\":\"IRONSKY.PL Sklep z Dronami\",\"description\":\"IRONSKY.PL Sklep z Dronami\",\"potentialAction\":[{\"@type\":\"SearchAction\",\"target\":{\"@type\":\"EntryPoint\",\"urlTemplate\":\"https:\/\/ironsky.pl\/sklep\/?s={search_term_string}\"},\"query-input\":{\"@type\":\"PropertyValueSpecification\",\"valueRequired\":true,\"valueName\":\"search_term_string\"}}],\"inLanguage\":\"pl-PL\"}]}<\/script>\n<!-- \/ Yoast SEO plugin. -->","yoast_head_json":{"title":"Szkolenie na pilota drona ROLNICZEGO DJI AGRAS (teoria + praktyka + certyfikat) - IRONSKY.PL Sklep z Dronami","description":"Szkolenie na pilota drona ROLNICZEGO DJI AGRAS (teoria + praktyka + certyfikat) - \u2705 sklep z dronami i fachowym doradztwem. \u2705 Tutaj kupisz produkty DJI, Yuneec, Parrot, Syma i wiele innych, a tak\u017ce kursy i licencje na operatora drona.","robots":{"index":"index","follow":"follow","max-snippet":"max-snippet:-1","max-image-preview":"max-image-preview:large","max-video-preview":"max-video-preview:-1"},"canonical":"https:\/\/ironsky.pl\/sklep\/produkt\/szkolenie-na-pilota-drona-rolniczego-teoria-praktyka-certyfikat\/","og_locale":"pl_PL","og_type":"article","og_title":"Szkolenie na pilota drona ROLNICZEGO DJI AGRAS (teoria + praktyka + certyfikat) - IRONSKY.PL Sklep z Dronami","og_description":"Szkolenie na pilota drona ROLNICZEGO DJI AGRAS (teoria + praktyka + certyfikat) - \u2705 sklep z dronami i fachowym doradztwem. \u2705 Tutaj kupisz produkty DJI, Yuneec, Parrot, Syma i wiele innych, a tak\u017ce kursy i licencje na operatora drona.","og_url":"https:\/\/ironsky.pl\/sklep\/produkt\/szkolenie-na-pilota-drona-rolniczego-teoria-praktyka-certyfikat\/","og_site_name":"IRONSKY.PL Sklep z Dronami","article_modified_time":"2026-03-05T14:41:59+00:00","og_image":[{"width":1024,"height":858,"url":"https:\/\/ironsky.pl\/sklep\/wp-content\/uploads\/2025\/07\/Pilot-drona-ROLNICZEGO-teoria-praktyka-1024x858.png","type":"image\/png"}],"twitter_card":"summary_large_image","twitter_misc":{"Szacowany czas czytania":"6 minut"},"schema":{"@context":"https:\/\/schema.org","@graph":[{"@type":"WebPage","@id":"https:\/\/ironsky.pl\/sklep\/produkt\/szkolenie-na-pilota-drona-rolniczego-teoria-praktyka-certyfikat\/","url":"https:\/\/ironsky.pl\/sklep\/produkt\/szkolenie-na-pilota-drona-rolniczego-teoria-praktyka-certyfikat\/","name":"Szkolenie na pilota drona ROLNICZEGO DJI AGRAS (teoria + praktyka + certyfikat) - IRONSKY.PL Sklep z Dronami","isPartOf":{"@id":"https:\/\/ironsky.pl\/sklep\/#website"},"primaryImageOfPage":{"@id":"https:\/\/ironsky.pl\/sklep\/produkt\/szkolenie-na-pilota-drona-rolniczego-teoria-praktyka-certyfikat\/#primaryimage"},"image":{"@id":"https:\/\/ironsky.pl\/sklep\/produkt\/szkolenie-na-pilota-drona-rolniczego-teoria-praktyka-certyfikat\/#primaryimage"},"thumbnailUrl":"https:\/\/ironsky.pl\/sklep\/wp-content\/uploads\/2025\/07\/Pilot-drona-ROLNICZEGO-teoria-praktyka.png","datePublished":"2025-07-22T13:13:40+00:00","dateModified":"2026-03-05T14:41:59+00:00","description":"Szkolenie na pilota drona ROLNICZEGO DJI AGRAS (teoria + praktyka + certyfikat) - \u2705 sklep z dronami i fachowym doradztwem. \u2705 Tutaj kupisz produkty DJI, Yuneec, Parrot, Syma i wiele innych, a tak\u017ce kursy i licencje na operatora drona.","breadcrumb":{"@id":"https:\/\/ironsky.pl\/sklep\/produkt\/szkolenie-na-pilota-drona-rolniczego-teoria-praktyka-certyfikat\/#breadcrumb"},"inLanguage":"pl-PL","potentialAction":[{"@type":"ReadAction","target":["https:\/\/ironsky.pl\/sklep\/produkt\/szkolenie-na-pilota-drona-rolniczego-teoria-praktyka-certyfikat\/"]}]},{"@type":"ImageObject","inLanguage":"pl-PL","@id":"https:\/\/ironsky.pl\/sklep\/produkt\/szkolenie-na-pilota-drona-rolniczego-teoria-praktyka-certyfikat\/#primaryimage","url":"https:\/\/ironsky.pl\/sklep\/wp-content\/uploads\/2025\/07\/Pilot-drona-ROLNICZEGO-teoria-praktyka.png","contentUrl":"https:\/\/ironsky.pl\/sklep\/wp-content\/uploads\/2025\/07\/Pilot-drona-ROLNICZEGO-teoria-praktyka.png","width":1998,"height":1675},{"@type":"BreadcrumbList","@id":"https:\/\/ironsky.pl\/sklep\/produkt\/szkolenie-na-pilota-drona-rolniczego-teoria-praktyka-certyfikat\/#breadcrumb","itemListElement":[{"@type":"ListItem","position":1,"name":"Strona g\u0142\u00f3wna","item":"https:\/\/ironsky.pl\/sklep\/"},{"@type":"ListItem","position":2,"name":"Wszystkie produkty","item":"https:\/\/ironsky.pl\/sklep\/sklep\/"},{"@type":"ListItem","position":3,"name":"Szkolenie na pilota drona ROLNICZEGO DJI AGRAS (teoria + praktyka + certyfikat)"}]},{"@type":"WebSite","@id":"https:\/\/ironsky.pl\/sklep\/#website","url":"https:\/\/ironsky.pl\/sklep\/","name":"IRONSKY.PL Sklep z Dronami","description":"IRONSKY.PL Sklep z Dronami","potentialAction":[{"@type":"SearchAction","target":{"@type":"EntryPoint","urlTemplate":"https:\/\/ironsky.pl\/sklep\/?s={search_term_string}"},"query-input":{"@type":"PropertyValueSpecification","valueRequired":true,"valueName":"search_term_string"}}],"inLanguage":"pl-PL"}]}},"_links":{"self":[{"href":"https:\/\/ironsky.pl\/sklep\/wp-json\/wp\/v2\/product\/48051","targetHints":{"allow":["GET"]}}],"collection":[{"href":"https:\/\/ironsky.pl\/sklep\/wp-json\/wp\/v2\/product"}],"about":[{"href":"https:\/\/ironsky.pl\/sklep\/wp-json\/wp\/v2\/types\/product"}],"replies":[{"embeddable":true,"href":"https:\/\/ironsky.pl\/sklep\/wp-json\/wp\/v2\/comments?post=48051"}],"wp:featuredmedia":[{"embeddable":true,"href":"https:\/\/ironsky.pl\/sklep\/wp-json\/wp\/v2\/media\/48053"}],"wp:attachment":[{"href":"https:\/\/ironsky.pl\/sklep\/wp-json\/wp\/v2\/media?parent=48051"}],"wp:term":[{"taxonomy":"product_brand","embeddable":true,"href":"https:\/\/ironsky.pl\/sklep\/wp-json\/wp\/v2\/product_brand?post=48051"},{"taxonomy":"product_cat","embeddable":true,"href":"https:\/\/ironsky.pl\/sklep\/wp-json\/wp\/v2\/product_cat?post=48051"},{"taxonomy":"product_tag","embeddable":true,"href":"https:\/\/ironsky.pl\/sklep\/wp-json\/wp\/v2\/product_tag?post=48051"}],"curies":[{"name":"wp","href":"https:\/\/api.w.org\/{rel}","templated":true}]}}