{"id":46234,"date":"2025-06-13T15:23:09","date_gmt":"2025-06-13T13:23:09","guid":{"rendered":"https:\/\/ironsky.pl\/drony-sklep\/produkt\/kamera-insta360-ace-pro-2-z-podwojna-bateria\/"},"modified":"2026-03-19T09:30:29","modified_gmt":"2026-03-19T08:30:29","slug":"kamera-insta360-ace-pro-2-z-podwojna-bateria","status":"publish","type":"product","link":"https:\/\/ironsky.pl\/sklep\/produkt\/kamera-insta360-ace-pro-2-z-podwojna-bateria\/","title":{"rendered":"Kamera Insta360 Ace Pro 2 z podw\u00f3jn\u0105 bateri\u0105"},"content":{"rendered":"<h3>Kamera Insta360 Ace Pro 2 z podw\u00f3jn\u0105 bateri\u0105<\/h3>\n<p>Prowadzisz aktywny tryb \u017cycia? Uprawiasz sporty? A mo\u017ce po prostu szukasz niezawodnego sprz\u0119tu do nagrywania swoich przyg\u00f3d? Kamera Insta360 Ace Pro 2 b\u0119dzie prawdziwym strza\u0142em w dziesi\u0105tk\u0119! Umo\u017cliwia nagrywanie w 8K i zosta\u0142a wyposa\u017cona w dwa chipy AI, kt\u00f3re optymalizuj\u0105 jako\u015b\u0107 obrazu. Oferuje te\u017c niezawodne technologie stabilizacji FlowState i 360\u00b0 Horizon Lock, a jej wygodn\u0105 obs\u0142ug\u0119 umo\u017cliwia odchylany ekran dotykowy 2,5&#8243;. Wyr\u00f3\u017cnia j\u0105 tak\u017ce wodoodporno\u015b\u0107 na g\u0142\u0119boko\u015bci do 12 m.<\/p>\n<p>\n<img decoding=\"async\" src=\"https:\/\/assets.innpro.pl\/10344\/12154\/3.jpg\" border=\"0\" \/>\n<\/p>\n<h3>Jako\u015b\u0107 obrazu na najwy\u017cszym poziomie<\/h3>\n<p>Model Ace Pro 2 to efekt wsp\u00f3\u0142pracy Insta360 ze znanym producentem Leica. Ta wyj\u0105tkowa kamera zosta\u0142a wyposa\u017cona 1,1,3-calow\u0105 matryc\u0119 nowej generacji, kt\u00f3ra wyr\u00f3\u017cnia si\u0119 13,5-stopniowym zakresem dynamiki i pozwala nagrywa\u0107 osza\u0142amiaj\u0105ce uj\u0119cia 8K\/30FPS. Za jej pomoc\u0105 mo\u017cesz te\u017c tworzy\u0107 nasycone szczeg\u00f3\u0142ami filmy 4K\/60FPS i zdj\u0119cia 50 MP. Co wi\u0119cej, profile kolor\u00f3w Leica oraz I-Log gwarantuj\u0105 wyraziste, naturalne barwy, a pole widzenia 157\u00b0 pozwala zmie\u015bci\u0107 w kadrze naprawd\u0119 du\u017co. Mo\u017cesz te\u017c rejestrowa\u0107 spektakularne filmy slow motion w 4K\/120FPS. Podkre\u015bl wag\u0119 ka\u017cdej chwili!<\/p>\n<p>\n<img decoding=\"async\" src=\"https:\/\/assets.innpro.pl\/10344\/12154\/1.jpg\" border=\"0\" \/>\n<\/p>\n<h3>Podw\u00f3jne wsparcie AI<\/h3>\n<p>Insta360 Ace Pro 2 to pierwsza kamera sportowa wyposa\u017cona w dwa chipy AI. Zaawansowany Pro Imaging Chip odpowiada za redukcj\u0119 szum\u00f3w i przetwarzanie obrazu, a chip AI 5 nm dodatkowo poprawia wydajno\u015b\u0107 urz\u0105dzenia. Dzi\u0119ki temu mo\u017cesz osi\u0105ga\u0107 rezultaty lepsze ni\u017c kiedykolwiek wcze\u015bniej! Teraz nawet uj\u0119cia wykonane w s\u0142abym o\u015bwietleniu b\u0119d\u0105 wygl\u0105da\u0107 fantastycznie \u2013 uchwy\u0107 miejskie \u015bwiat\u0142a w nocy na najwy\u017cszej jako\u015bci nagraniach!<\/p>\n<p>\n<img decoding=\"async\" src=\"https:\/\/assets.innpro.pl\/10344\/12154\/5.jpg\" border=\"0\" \/>\n<\/p>\n<h3>Jeszcze wi\u0119cej mo\u017cliwo\u015bci nagrywania<\/h3>\n<p>Przekonaj si\u0119, jak dobrze mog\u0105 wygl\u0105da\u0107 filmy nagrane za pomoc\u0105 kamery sportowej. Insta360 Ace Pro 2 obs\u0142uguje funkcj\u0119 Active HDR, kt\u00f3ra stabilizuje obraz i zapewnia wi\u0119cej szczeg\u00f3\u0142\u00f3w w jego jasnych obszarach i cieniach. Clarity Zoom pozwala na przybli\u017canie bez utraty jako\u015bci, a MegaView FOV eliminuje zniekszta\u0142cenia i umo\u017cliwia uchwycenie wybranej sceny dok\u0142adnie tak, jak j\u0105 widzisz. Dost\u0119pny jest r\u00f3wnie\u017c tryb Underwater, kt\u00f3ry poprawia wygl\u0105d uj\u0119\u0107 nakr\u0119conych pod wod\u0105.<\/p>\n<p>\n<img decoding=\"async\" src=\"https:\/\/assets.innpro.pl\/10344\/12154\/4.jpg\" border=\"0\" \/>\n<\/p>\n<h3>Zapomnij o drganiach kamery<\/h3>\n<p>Nagrywaj nawet najbardziej dynamiczne uj\u0119cia i nie obawiaj si\u0119 niechcianych drga\u0144. Technologia stabilizacji FlowState skutecznie wyeliminuje zb\u0119dne wstrz\u0105sy kamery, dzi\u0119ki czemu Twoje filmy b\u0119d\u0105 idealnie p\u0142ynne! Dost\u0119pna jest r\u00f3wnie\u017c funkcja 360\u00b0 Horizon Lock, kt\u00f3ra odpowiada za niezawodne poziomowanie horyzontu. Poradzi sobie nawet z gwa\u0142townymi obrotami!<\/p>\n<p>\n<img decoding=\"async\" src=\"https:\/\/assets.innpro.pl\/10344\/12154\/10.jpg\" border=\"0\" \/>\n<\/p>\n<h3>D\u017awi\u0119k, kt\u00f3ry Ci\u0119 zachwyci<\/h3>\n<p>Rejestruj wysokiej jako\u015bci d\u017awi\u0119k nawet w niesprzyjaj\u0105cych warunkach. Insta360 Ace Pro 2 jest pierwsz\u0105 kamer\u0105 sportow\u0105, kt\u00f3ra oferuje zintegrowan\u0105 os\u0142on\u0119 przeciwwietrzn\u0105. Dzi\u0119ki temu nie musisz si\u0119 martwi\u0107, \u017ce g\u0142o\u015bny szum zepsuje Twoje nagranie! Mo\u017cesz te\u017c wybiera\u0107 spo\u015br\u00f3d r\u00f3\u017cnych tryb\u00f3w audio, takich jak na przyk\u0142ad Voice Enhancement (podkre\u015blanie g\u0142osu) czy Wind Reduction (redukcja szum\u00f3w wiatru). Co wi\u0119cej, model Ace Pro 2 jest kompatybilny z zewn\u0119trznymi mikrofonami i motocyklowymi s\u0142uchawkami Bluetooth.<\/p>\n<p>\n<img decoding=\"async\" src=\"https:\/\/assets.innpro.pl\/10344\/12154\/8.jpg\" border=\"0\" \/>\n<\/p>\n<h3>Jeszcze wygodniejsza obs\u0142uga<\/h3>\n<p>Kamera Insta360 Ace Pro 2 zosta\u0142a wyposa\u017cona w odchylany ekran dotykowy o przek\u0105tnej 2,5&#8243;, kt\u00f3ry zapewnia jasny, wyra\u017any obraz nawet w jasnym s\u0142o\u0144cu. Za jego pomoc\u0105 mo\u017cesz wygodnie kadrowa\u0107 obraz i sprawdza\u0107 nagrane uj\u0119cia! Istnieje r\u00f3wnie\u017c mo\u017cliwo\u015b\u0107 sterowania urz\u0105dzeniem za pomoc\u0105 prostych gest\u00f3w. Nie masz kamery w zasi\u0119gu r\u0119ki? Rozpocznij nagrywanie r\u00f3b zr\u00f3b zdj\u0119cie przy u\u017cyciu komendy g\u0142osowej! Uwaga: Insta360 Ace Pro 2 obs\u0142uguje komendy g\u0142osowe w j\u0119zyku angielskim, japo\u0144skim i chi\u0144skim.<\/p>\n<p>\n<img decoding=\"async\" src=\"https:\/\/assets.innpro.pl\/10344\/12154\/6.jpg\" border=\"0\" \/>\n<\/p>\n<h3>Mn\u00f3stwo udogodnie\u0144 dla Ciebie<\/h3>\n<p>Uzupe\u0142nij swoje nagrania statystykami sportowymi w czasie rzeczywistym \u2013 mo\u017cesz uzyska\u0107 je ze smartwatcha lub wybranego oprogramowania. Istnieje r\u00f3wnie\u017c mo\u017cliwo\u015b\u0107 nak\u0142adania na filmy danych takich jak pr\u0119dko\u015b\u0107, dystans czy wysoko\u015b\u0107 bezpo\u015brednio z poziomu aplikacji Insta360. Model Ace Pro 2 sprawdzi si\u0119 tak\u017ce w roli wideorejestratora samochodowego. Ponadto funkcja Pre-Recording umo\u017cliwia zapis 120-sekundowego klipu sprzed rozpocz\u0119cia nagrywania, a Timecode pozwala synchronizowa\u0107 uj\u0119cia stworzone za pomoc\u0105 kilku r\u00f3\u017cnych kamer.<\/p>\n<p>\n<img decoding=\"async\" src=\"https:\/\/assets.innpro.pl\/10344\/12154\/2.jpg\" border=\"0\" \/>\n<\/p>\n<h3>Ulepszony akumulator<\/h3>\n<p>Model Ace Pro 2 zosta\u0142 wyposa\u017cony w ulepszony akumulator o pojemno\u015bci 1800 mAh. Dzi\u0119ki temu wyr\u00f3\u017cnia si\u0119 bardzo d\u0142ugim czasem pracy \u2013 nie obawiaj si\u0119, \u017ce zbyt szybko odm\u00f3wi Ci pos\u0142usze\u0144stwa! Dodatkowym atutem kamery jest szybkie \u0142adowanie PD \u2013 wystarczy zaledwie oko\u0142o 18 minut, aby na\u0142adowa\u0107 j\u0105 do 80%, a oko\u0142o 47 minut, aby przywr\u00f3ci\u0107 jej pe\u0142ni\u0119 mocy. Mo\u017cesz wi\u0119c w mgnieniu oka wr\u00f3ci\u0107 do nagrywania!<\/p>\n<p>\n<img decoding=\"async\" src=\"https:\/\/assets.innpro.pl\/10344\/12154\/12.jpg\" border=\"0\" \/>\n<\/p>\n<h3>Niestraszne jej \u017cadne wyzwanie<\/h3>\n<p>Kamera Insta360 Ace Pro 2 sprosta ka\u017cdemu wyzwaniu, jakie przed ni\u0105 postawisz. Dzi\u0119ki wodoszczelnej konstrukcji bez problemu wytrzymuje zanurzenie na g\u0142\u0119boko\u015b\u0107 do 12 m \u2013 i to bez \u017cadnej dodatkowej obudowy. Mo\u017cesz wi\u0119c bez obaw tworzy\u0107 podwodne uj\u0119cia podczas nurkowania! Kamera wyr\u00f3\u017cnia si\u0119 tak\u017ce solidn\u0105, wytrzyma\u0142\u0105 konstrukcj\u0105, kt\u00f3ra zapewnia jej odporno\u015b\u0107 na uszkodzenia. To jednak nie koniec \u2013 Insta360 Ace Pro 2 \u015bwietnie radzi sobie w temperaturach od -20\u00b0C do 45\u00b0C. Sprawdzi si\u0119 zatem zar\u00f3wno na stoku, jak i podczas w\u0119dr\u00f3wki w pe\u0142nym s\u0142o\u0144cu! Co wi\u0119cej, magnetyczny system mocowania pozwala na szybk\u0105 i \u0142atw\u0105 wymian\u0119 akcesori\u00f3w \u2013 bez konieczno\u015bci stosowania dodatkowych narz\u0119dzi.<\/p>\n<p>\n<img decoding=\"async\" src=\"https:\/\/assets.innpro.pl\/10344\/12154\/9.jpg\" border=\"0\" \/>\n<\/p>\n<h3>Tw\u00f3rz jeszcze ciekawsze uj\u0119cia<\/h3>\n<p>Nie masz czasu lub ochoty na edycj\u0119 materia\u0142\u00f3w? Pozw\u00f3l AI zaj\u0105\u0107 si\u0119 tym za Ciebie! Ace Pro 2 automatycznie po\u0142\u0105czy najciekawsze uj\u0119cia \u2013 gotowe filmy znajdziesz w zak\u0142adce Memories w aplikacji Insta360. Mo\u017cesz r\u00f3wnie\u017c skorzysta\u0107 z funkcji FreeFrame Video, aby swobodnie dostosowywa\u0107 proporcje obrazu ju\u017c po zako\u0144czeniu nagrywania. Format 1:1, 9:16 czy 16:9? Teraz z \u0142atwo\u015bci\u0105 dopasujesz ka\u017cde uj\u0119cie do r\u00f3\u017cnych social medi\u00f3w! Wypr\u00f3buj te\u017c dost\u0119pne efekty, takie jak Timelapse, Timeshift, Starlapse, AI Selfie Stick Eraser czy AI Warp. Wystarczy kilka klikni\u0119\u0107, aby uzyska\u0107 niesamowite rezultaty!<\/p>\n<p>\n<img decoding=\"async\" src=\"https:\/\/assets.innpro.pl\/10344\/12154\/11.jpg\" border=\"0\" \/>\n<\/p>\n<h3>Zaopatrz si\u0119 w dodatkowe akcesoria<\/h3>\n<p>W zestawie z kamer\u0105 znajdziesz dwa akumulatory, os\u0142on\u0119 przeciwwietrzn\u0105, nak\u0142adk\u0119 na mikrofon oraz standardowe mocowanie. Mo\u017cesz te\u017c zaopatrzy\u0107 si\u0119 w dost\u0119pne w oddzielnej sprzeda\u017cy akcesoria, kt\u00f3re zapewniaj\u0105 jeszcze wi\u0119cej mo\u017cliwo\u015bci nagrywania! Dla przyk\u0142adu, obudowa wodoodporna pozwala zanurzy\u0107 kamer\u0119 na g\u0142\u0119boko\u015b\u0107 do 60 m, filtry ND u\u0142atwiaj\u0105 filmowanie w zmiennych warunkach o\u015bwietleniowych, a os\u0142ona na obiektyw zapewnia ochron\u0119 przed zarysowaniami i innymi uszkodzeniami. Ciekaw\u0105 opcj\u0105 jest r\u00f3wnie\u017c pilot GPS, kt\u00f3ry umo\u017cliwia zdalne sterowanie urz\u0105dzeniem i dodawanie danych sportowych do uj\u0119\u0107 w postprodukcji.<\/p>\n<p>\n<img decoding=\"async\" src=\"https:\/\/assets.innpro.pl\/10344\/12154\/7.jpg\" border=\"0\" \/>\n<\/p>\n<h3>W zestawie<\/h3>\n<ul class=\"list-disc pl-5\">\n<li>Kamera Insta360 Ace Pro 2<\/li>\n<li>Akumulator x2<\/li>\n<li>Standardowe mocowanie<\/li>\n<li>Os\u0142ona przeciwwietrzna (zamontowana na kamerze)<\/li>\n<li>Nak\u0142adka na mikrofon<\/li>\n<\/ul>\n<div class=\"table-wrapper\">\n<p>\u00a0<\/p>\n<h3><\/h3>\n<table>\n<tbody>\n<tr>\n<th>Producent<\/th>\n<td>Insta360<\/td>\n<\/tr>\n<tr>\n<th>Nazwa<\/th>\n<td>Insta360 Ace Pro 2<\/td>\n<\/tr>\n<tr>\n<th>Model<\/th>\n<td>CINSBBGA<\/td>\n<\/tr>\n<tr>\n<th>Matryca<\/th>\n<td>1\/1,3&#8243;<\/td>\n<\/tr>\n<tr>\n<th>Pole widzenia<\/th>\n<td>157\u00b0<\/td>\n<\/tr>\n<tr>\n<th>Przys\u0142ona<\/th>\n<td>F2.6<\/td>\n<\/tr>\n<tr>\n<th>Ogniskowa r\u00f3wnowa\u017cna 35 mm<\/th>\n<td>13 mm<\/td>\n<\/tr>\n<tr>\n<th>Rozdzielczo\u015b\u0107 zdj\u0119\u0107<\/th>\n<td>50MP (8192&#215;6144), 36MP (8192&#215;4608), 12.5MP (4096&#215;3072), 9MP (4096&#215;2304)<\/td>\n<\/tr>\n<tr>\n<th>Rozdzielczo\u015b\u0107 wideo<\/th>\n<td>Video: 8K (2.35:1): 7680&#215;3272@30\/25\/24FPS; 4K (4:3): 4096&#215;3072@60\/50\/48\/30\/25\/24FPS; 4K (16:9): 3840&#215;2160@120\/100\/60\/50\/48\/30\/25\/24FPS; 4K (2.35:1): 3840&#215;1632@120\/100\/60\/50\/48\/30\/25\/24FPS; 2.7K (4:3): 2688&#215;2016@60\/50\/48\/30\/25\/24FPS; 2.7K (16:9): 2688&#215;1520@120\/100\/60\/50\/48\/30\/25\/24FPS; 1440p (4:3): 1920&#215;1440@60\/50\/48\/30\/25\/24FPS; 1080p (16:9): 1920&#215;1080@240\/200\/120\/100\/60\/50\/48\/30\/25\/24FPS; FreeFrame Video: 4K (4:3): 4096&#215;3072@60\/50\/48\/30\/25\/24FPS; 2.7K (4:3): 2688&#215;2016@60\/50\/48\/30\/25\/24FPS; 1440p (4:3): 1920&#215;1440@60\/50\/48\/30\/25\/24FPS; *Funkcja Active HDR jest dost\u0119pna tylko podczas nagrywania film\u00f3w w rozdzielczo\u015bci do 4K\/60FPS.<\/td>\n<\/tr>\n<tr>\n<th>Zoom<\/th>\n<td>Video: Clarity Zoom do 2x;<\/td>\n<\/tr>\n<tr>\n<th>Stabilizacja<\/th>\n<td>FlowState: Off \/ Standard \/ High; In-Camera Horizon Lock: 360\u00b0 \/ 45\u00b0;<\/td>\n<\/tr>\n<tr>\n<th>Profile kolor\u00f3w<\/th>\n<td>Standard, Vivid, Leica Vivid, Leica Natural, Portrait, Film, Vintage, Urban, Night<\/td>\n<\/tr>\n<tr>\n<th>Tryby kolor\u00f3w Log<\/th>\n<td>I-Log<\/td>\n<\/tr>\n<tr>\n<th>Format obrazu<\/th>\n<td>4:3, 16:9, 2,35:1<\/td>\n<\/tr>\n<tr>\n<th>Wodoodporno\u015b\u0107<\/th>\n<td>Bez obudowy wodoodpornej: do 12 m; Z obudow\u0105 wodoodporn\u0105: do 60 m;<\/td>\n<\/tr>\n<tr>\n<th>Sterowanie g\u0142osem<\/th>\n<td>5 komand (j\u0119zyk angielski, japo\u0144ski lub chi\u0144ski): take a photo (zr\u00f3b zdj\u0119cie), start recording (rozpocznij nagrywanie), stop recording (zako\u0144cz nagrywanie), mark that (oznacz to), shutdown camera (wy\u0142\u0105cz kamer\u0119)<\/td>\n<\/tr>\n<tr>\n<th>Sterowanie gestami<\/th>\n<td>2 gesty: otwarta d\u0142o\u0144 (rozpocznij nagrywanie) i znak peace (V), aby rozpocz\u0105\u0107 \/ zako\u0144czy\u0107 nagrywanie lub zrobi\u0107 zdj\u0119cie<\/td>\n<\/tr>\n<tr>\n<th>Tryby wideo<\/th>\n<td>Video (z Active HDR), FreeFrame Video, PureVideo, Slow Motion, Timelapse, TimeShift, Loop Recording, Dashcam, Pre-Recording<\/td>\n<\/tr>\n<tr>\n<th>Tryby zdj\u0119\u0107<\/th>\n<td>Photo, HDR Photo, Interval Photo, Starlapse, Burst Photo<\/td>\n<\/tr>\n<tr>\n<th>Tryby audio<\/th>\n<td>Wind Reduction, Voice Enhancement, Stereo<\/td>\n<\/tr>\n<tr>\n<th>Pojemno\u015b\u0107 akumulatora<\/th>\n<td>1800 mAh<\/td>\n<\/tr>\n<tr>\n<th>Czas \u0142adowania<\/th>\n<td>Ok. 47 min (z \u0142adowark\u0105 szybkiego \u0142adowania 30 W) lub ok. 75 min (5 V \/ 3 A)<\/td>\n<\/tr>\n<tr>\n<th>Wymiary<\/th>\n<td>71,9 x 52,2 x 30,5 mm<\/td>\n<\/tr>\n<tr>\n<th>Waga<\/th>\n<td>177,7 g<\/td>\n<\/tr>\n<\/tbody>\n<\/table>\n<\/div>\n","protected":false},"excerpt":{"rendered":"<p>Kamera Insta360 Ace Pro 2 z podw\u00f3jn\u0105 bateri\u0105 Prowadzisz aktywny tryb \u017cycia? Uprawiasz sporty? A mo\u017ce po prostu szukasz niezawodnego<\/p>\n","protected":false},"featured_media":46235,"comment_status":"closed","ping_status":"open","template":"","meta":{"_acf_changed":false},"product_brand":[],"product_cat":[5929,5964],"product_tag":[],"class_list":{"0":"post-46234","1":"product","2":"type-product","3":"status-publish","4":"has-post-thumbnail","6":"product_cat-akcesoria-it","7":"product_cat-kamery-internetowe","8":"pa_okres-gwarancji-5757","9":"pa_producent-insta360","11":"first","12":"outofstock","13":"taxable","14":"shipping-taxable","15":"purchasable","16":"product-type-simple"},"acf":[],"yoast_head":"<!-- This site is optimized with the Yoast SEO plugin v27.2 - https:\/\/yoast.com\/product\/yoast-seo-wordpress\/ -->\n<title>Kamera Insta360 Ace Pro 2 z podw\u00f3jn\u0105 bateri\u0105 - IRONSKY.PL Sklep z Dronami<\/title>\n<meta name=\"description\" content=\"Kamera Insta360 Ace Pro 2 z podw\u00f3jn\u0105 bateri\u0105 - \u2705 sklep z dronami i fachowym doradztwem. \u2705 Tutaj kupisz produkty DJI, Yuneec, Parrot, Syma i wiele innych, a tak\u017ce kursy i licencje na operatora drona.\" \/>\n<meta name=\"robots\" content=\"index, follow, max-snippet:-1, max-image-preview:large, max-video-preview:-1\" \/>\n<link rel=\"canonical\" href=\"https:\/\/ironsky.pl\/sklep\/produkt\/kamera-insta360-ace-pro-2-z-podwojna-bateria\/\" \/>\n<meta property=\"og:locale\" content=\"pl_PL\" \/>\n<meta property=\"og:type\" content=\"article\" \/>\n<meta property=\"og:title\" content=\"Kamera Insta360 Ace Pro 2 z podw\u00f3jn\u0105 bateri\u0105 - IRONSKY.PL Sklep z Dronami\" \/>\n<meta property=\"og:description\" content=\"Kamera Insta360 Ace Pro 2 z podw\u00f3jn\u0105 bateri\u0105 - \u2705 sklep z dronami i fachowym doradztwem. \u2705 Tutaj kupisz produkty DJI, Yuneec, Parrot, Syma i wiele innych, a tak\u017ce kursy i licencje na operatora drona.\" \/>\n<meta property=\"og:url\" content=\"https:\/\/ironsky.pl\/sklep\/produkt\/kamera-insta360-ace-pro-2-z-podwojna-bateria\/\" \/>\n<meta property=\"og:site_name\" content=\"IRONSKY.PL Sklep z Dronami\" \/>\n<meta property=\"article:modified_time\" content=\"2026-03-19T08:30:29+00:00\" \/>\n<meta property=\"og:image\" content=\"https:\/\/ironsky.pl\/sklep\/wp-content\/uploads\/2025\/06\/47908_8.jpg\" \/>\n\t<meta property=\"og:image:width\" content=\"800\" \/>\n\t<meta property=\"og:image:height\" content=\"800\" \/>\n\t<meta property=\"og:image:type\" content=\"image\/jpeg\" \/>\n<meta name=\"twitter:card\" content=\"summary_large_image\" \/>\n<meta name=\"twitter:label1\" content=\"Szacowany czas czytania\" \/>\n\t<meta name=\"twitter:data1\" content=\"7 minut\" \/>\n<script type=\"application\/ld+json\" class=\"yoast-schema-graph\">{\"@context\":\"https:\/\/schema.org\",\"@graph\":[{\"@type\":\"WebPage\",\"@id\":\"https:\/\/ironsky.pl\/sklep\/produkt\/kamera-insta360-ace-pro-2-z-podwojna-bateria\/\",\"url\":\"https:\/\/ironsky.pl\/sklep\/produkt\/kamera-insta360-ace-pro-2-z-podwojna-bateria\/\",\"name\":\"Kamera Insta360 Ace Pro 2 z podw\u00f3jn\u0105 bateri\u0105 - IRONSKY.PL Sklep z Dronami\",\"isPartOf\":{\"@id\":\"https:\/\/ironsky.pl\/sklep\/#website\"},\"primaryImageOfPage\":{\"@id\":\"https:\/\/ironsky.pl\/sklep\/produkt\/kamera-insta360-ace-pro-2-z-podwojna-bateria\/#primaryimage\"},\"image\":{\"@id\":\"https:\/\/ironsky.pl\/sklep\/produkt\/kamera-insta360-ace-pro-2-z-podwojna-bateria\/#primaryimage\"},\"thumbnailUrl\":\"https:\/\/ironsky.pl\/sklep\/wp-content\/uploads\/2025\/06\/47908_8.jpg\",\"datePublished\":\"2025-06-13T13:23:09+00:00\",\"dateModified\":\"2026-03-19T08:30:29+00:00\",\"description\":\"Kamera Insta360 Ace Pro 2 z podw\u00f3jn\u0105 bateri\u0105 - \u2705 sklep z dronami i fachowym doradztwem. \u2705 Tutaj kupisz produkty DJI, Yuneec, Parrot, Syma i wiele innych, a tak\u017ce kursy i licencje na operatora drona.\",\"breadcrumb\":{\"@id\":\"https:\/\/ironsky.pl\/sklep\/produkt\/kamera-insta360-ace-pro-2-z-podwojna-bateria\/#breadcrumb\"},\"inLanguage\":\"pl-PL\",\"potentialAction\":[{\"@type\":\"ReadAction\",\"target\":[\"https:\/\/ironsky.pl\/sklep\/produkt\/kamera-insta360-ace-pro-2-z-podwojna-bateria\/\"]}]},{\"@type\":\"ImageObject\",\"inLanguage\":\"pl-PL\",\"@id\":\"https:\/\/ironsky.pl\/sklep\/produkt\/kamera-insta360-ace-pro-2-z-podwojna-bateria\/#primaryimage\",\"url\":\"https:\/\/ironsky.pl\/sklep\/wp-content\/uploads\/2025\/06\/47908_8.jpg\",\"contentUrl\":\"https:\/\/ironsky.pl\/sklep\/wp-content\/uploads\/2025\/06\/47908_8.jpg\",\"width\":800,\"height\":800},{\"@type\":\"BreadcrumbList\",\"@id\":\"https:\/\/ironsky.pl\/sklep\/produkt\/kamera-insta360-ace-pro-2-z-podwojna-bateria\/#breadcrumb\",\"itemListElement\":[{\"@type\":\"ListItem\",\"position\":1,\"name\":\"Strona g\u0142\u00f3wna\",\"item\":\"https:\/\/ironsky.pl\/sklep\/\"},{\"@type\":\"ListItem\",\"position\":2,\"name\":\"Wszystkie produkty\",\"item\":\"https:\/\/ironsky.pl\/sklep\/produkty\/\"},{\"@type\":\"ListItem\",\"position\":3,\"name\":\"Kamera Insta360 Ace Pro 2 z podw\u00f3jn\u0105 bateri\u0105\"}]},{\"@type\":\"WebSite\",\"@id\":\"https:\/\/ironsky.pl\/sklep\/#website\",\"url\":\"https:\/\/ironsky.pl\/sklep\/\",\"name\":\"IRONSKY.PL Sklep z Dronami\",\"description\":\"IRONSKY.PL Sklep z Dronami\",\"potentialAction\":[{\"@type\":\"SearchAction\",\"target\":{\"@type\":\"EntryPoint\",\"urlTemplate\":\"https:\/\/ironsky.pl\/sklep\/?s={search_term_string}\"},\"query-input\":{\"@type\":\"PropertyValueSpecification\",\"valueRequired\":true,\"valueName\":\"search_term_string\"}}],\"inLanguage\":\"pl-PL\"}]}<\/script>\n<!-- \/ Yoast SEO plugin. -->","yoast_head_json":{"title":"Kamera Insta360 Ace Pro 2 z podw\u00f3jn\u0105 bateri\u0105 - IRONSKY.PL Sklep z Dronami","description":"Kamera Insta360 Ace Pro 2 z podw\u00f3jn\u0105 bateri\u0105 - \u2705 sklep z dronami i fachowym doradztwem. \u2705 Tutaj kupisz produkty DJI, Yuneec, Parrot, Syma i wiele innych, a tak\u017ce kursy i licencje na operatora drona.","robots":{"index":"index","follow":"follow","max-snippet":"max-snippet:-1","max-image-preview":"max-image-preview:large","max-video-preview":"max-video-preview:-1"},"canonical":"https:\/\/ironsky.pl\/sklep\/produkt\/kamera-insta360-ace-pro-2-z-podwojna-bateria\/","og_locale":"pl_PL","og_type":"article","og_title":"Kamera Insta360 Ace Pro 2 z podw\u00f3jn\u0105 bateri\u0105 - IRONSKY.PL Sklep z Dronami","og_description":"Kamera Insta360 Ace Pro 2 z podw\u00f3jn\u0105 bateri\u0105 - \u2705 sklep z dronami i fachowym doradztwem. \u2705 Tutaj kupisz produkty DJI, Yuneec, Parrot, Syma i wiele innych, a tak\u017ce kursy i licencje na operatora drona.","og_url":"https:\/\/ironsky.pl\/sklep\/produkt\/kamera-insta360-ace-pro-2-z-podwojna-bateria\/","og_site_name":"IRONSKY.PL Sklep z Dronami","article_modified_time":"2026-03-19T08:30:29+00:00","og_image":[{"width":800,"height":800,"url":"https:\/\/ironsky.pl\/sklep\/wp-content\/uploads\/2025\/06\/47908_8.jpg","type":"image\/jpeg"}],"twitter_card":"summary_large_image","twitter_misc":{"Szacowany czas czytania":"7 minut"},"schema":{"@context":"https:\/\/schema.org","@graph":[{"@type":"WebPage","@id":"https:\/\/ironsky.pl\/sklep\/produkt\/kamera-insta360-ace-pro-2-z-podwojna-bateria\/","url":"https:\/\/ironsky.pl\/sklep\/produkt\/kamera-insta360-ace-pro-2-z-podwojna-bateria\/","name":"Kamera Insta360 Ace Pro 2 z podw\u00f3jn\u0105 bateri\u0105 - IRONSKY.PL Sklep z Dronami","isPartOf":{"@id":"https:\/\/ironsky.pl\/sklep\/#website"},"primaryImageOfPage":{"@id":"https:\/\/ironsky.pl\/sklep\/produkt\/kamera-insta360-ace-pro-2-z-podwojna-bateria\/#primaryimage"},"image":{"@id":"https:\/\/ironsky.pl\/sklep\/produkt\/kamera-insta360-ace-pro-2-z-podwojna-bateria\/#primaryimage"},"thumbnailUrl":"https:\/\/ironsky.pl\/sklep\/wp-content\/uploads\/2025\/06\/47908_8.jpg","datePublished":"2025-06-13T13:23:09+00:00","dateModified":"2026-03-19T08:30:29+00:00","description":"Kamera Insta360 Ace Pro 2 z podw\u00f3jn\u0105 bateri\u0105 - \u2705 sklep z dronami i fachowym doradztwem. \u2705 Tutaj kupisz produkty DJI, Yuneec, Parrot, Syma i wiele innych, a tak\u017ce kursy i licencje na operatora drona.","breadcrumb":{"@id":"https:\/\/ironsky.pl\/sklep\/produkt\/kamera-insta360-ace-pro-2-z-podwojna-bateria\/#breadcrumb"},"inLanguage":"pl-PL","potentialAction":[{"@type":"ReadAction","target":["https:\/\/ironsky.pl\/sklep\/produkt\/kamera-insta360-ace-pro-2-z-podwojna-bateria\/"]}]},{"@type":"ImageObject","inLanguage":"pl-PL","@id":"https:\/\/ironsky.pl\/sklep\/produkt\/kamera-insta360-ace-pro-2-z-podwojna-bateria\/#primaryimage","url":"https:\/\/ironsky.pl\/sklep\/wp-content\/uploads\/2025\/06\/47908_8.jpg","contentUrl":"https:\/\/ironsky.pl\/sklep\/wp-content\/uploads\/2025\/06\/47908_8.jpg","width":800,"height":800},{"@type":"BreadcrumbList","@id":"https:\/\/ironsky.pl\/sklep\/produkt\/kamera-insta360-ace-pro-2-z-podwojna-bateria\/#breadcrumb","itemListElement":[{"@type":"ListItem","position":1,"name":"Strona g\u0142\u00f3wna","item":"https:\/\/ironsky.pl\/sklep\/"},{"@type":"ListItem","position":2,"name":"Wszystkie produkty","item":"https:\/\/ironsky.pl\/sklep\/produkty\/"},{"@type":"ListItem","position":3,"name":"Kamera Insta360 Ace Pro 2 z podw\u00f3jn\u0105 bateri\u0105"}]},{"@type":"WebSite","@id":"https:\/\/ironsky.pl\/sklep\/#website","url":"https:\/\/ironsky.pl\/sklep\/","name":"IRONSKY.PL Sklep z Dronami","description":"IRONSKY.PL Sklep z Dronami","potentialAction":[{"@type":"SearchAction","target":{"@type":"EntryPoint","urlTemplate":"https:\/\/ironsky.pl\/sklep\/?s={search_term_string}"},"query-input":{"@type":"PropertyValueSpecification","valueRequired":true,"valueName":"search_term_string"}}],"inLanguage":"pl-PL"}]}},"_links":{"self":[{"href":"https:\/\/ironsky.pl\/sklep\/wp-json\/wp\/v2\/product\/46234","targetHints":{"allow":["GET"]}}],"collection":[{"href":"https:\/\/ironsky.pl\/sklep\/wp-json\/wp\/v2\/product"}],"about":[{"href":"https:\/\/ironsky.pl\/sklep\/wp-json\/wp\/v2\/types\/product"}],"replies":[{"embeddable":true,"href":"https:\/\/ironsky.pl\/sklep\/wp-json\/wp\/v2\/comments?post=46234"}],"wp:featuredmedia":[{"embeddable":true,"href":"https:\/\/ironsky.pl\/sklep\/wp-json\/wp\/v2\/media\/46235"}],"wp:attachment":[{"href":"https:\/\/ironsky.pl\/sklep\/wp-json\/wp\/v2\/media?parent=46234"}],"wp:term":[{"taxonomy":"product_brand","embeddable":true,"href":"https:\/\/ironsky.pl\/sklep\/wp-json\/wp\/v2\/product_brand?post=46234"},{"taxonomy":"product_cat","embeddable":true,"href":"https:\/\/ironsky.pl\/sklep\/wp-json\/wp\/v2\/product_cat?post=46234"},{"taxonomy":"product_tag","embeddable":true,"href":"https:\/\/ironsky.pl\/sklep\/wp-json\/wp\/v2\/product_tag?post=46234"}],"curies":[{"name":"wp","href":"https:\/\/api.w.org\/{rel}","templated":true}]}}