{"id":46217,"date":"2025-06-13T15:23:09","date_gmt":"2025-06-13T13:23:09","guid":{"rendered":"https:\/\/ironsky.pl\/drony-sklep\/produkt\/kamera-insta360-link-2c\/"},"modified":"2026-03-05T15:58:49","modified_gmt":"2026-03-05T14:58:49","slug":"kamera-insta360-link-2c","status":"publish","type":"product","link":"https:\/\/ironsky.pl\/sklep\/produkt\/kamera-insta360-link-2c\/","title":{"rendered":"Kamera Insta360 Link 2C"},"content":{"rendered":"<h3>Kamera Insta360 Link 2C<\/h3>\n<p>Szukasz kamery internetowej, kt\u00f3ra sprawdzi si\u0119 podczas wideokonferencji, streamowania czy szkole\u0144 online? Postaw na Insta360 Link 2C! Rozdzielczo\u015b\u0107 4K zapewni Ci wyj\u0105tkowe bogactwo szczeg\u00f3\u0142\u00f3w, a redukcja ha\u0142asu AI pozwoli na swobodn\u0105 komunikacj\u0119 nawet w g\u0142o\u015bnym otoczeniu. Kamera u\u0142atwia te\u017c ustawianie ostro\u015bci na wybranych obiektach, a dodatkowo mo\u017ce automatycznie dostosowywa\u0107 zoom, aby wszyscy byli dobrze widoczni w kadrze. Jest przy tym bardzo wygodna w obs\u0142udze \u2013 obs\u0142uguje sterowanie za pomoc\u0105 aplikacji lub prostych gest\u00f3w.<\/p>\n<p>\n<img decoding=\"async\" src=\"https:\/\/assets.innpro.pl\/10336\/12144\/13.jpg\" border=\"0\" \/>\n<\/p>\n<h3>Szczeg\u00f3\u0142owy obraz w ka\u017cdych warunkach o\u015bwietleniowych<\/h3>\n<p>Kamera Insta360 Link 2C zosta\u0142a wyposa\u017cona w 1\/2-calow\u0105 matryc\u0119, kt\u00f3ra zapewnia doskona\u0142\u0105 jako\u015b\u0107 obrazu niezale\u017cnie od warunk\u00f3w o\u015bwietleniowych \u2013 zar\u00f3wno w jasny, s\u0142oneczny dzie\u0144, jak i po zmroku. Wyr\u00f3\u017cnia j\u0105 tak\u017ce rozdzielczo\u015b\u0107 Ultra HD 4K, co przek\u0142ada si\u0119 na niesamowite bogactwo szczeg\u00f3\u0142\u00f3w. Dost\u0119pna jest r\u00f3wnie\u017c technologia HDR, kt\u00f3ra gwarantuje naturaln\u0105, wiernie odwzorowan\u0105 kolorystyk\u0119. Wszystko to sprawia, \u017ce kamera Insta360 Link 2C mo\u017ce zapewni\u0107 jako\u015b\u0107 zbli\u017con\u0105 do aparat\u00f3w DSLR! Za jej pomoc\u0105 bez trudu uzyskasz te\u017c fantastyczny efekt bokeh \u2013 wysokiej klasy AI wykrywa ludzi i automatycznie dostosowuje g\u0142\u0119bi\u0119 ostro\u015bci w czasie rzeczywistym.<\/p>\n<p>\n<img decoding=\"async\" src=\"https:\/\/assets.innpro.pl\/10336\/12144\/7.jpg\" border=\"0\" \/>\n<\/p>\n<h3>Daj si\u0119 zaskoczy\u0107 jako\u015bci\u0105 d\u017awi\u0119ku<\/h3>\n<p>Z Insta360 Link masz pewno\u015b\u0107, \u017ce Twoi odbiorcy bez problemu Ci\u0119 us\u0142ysz\u0105. Kamera korzysta z zaawansowanych algorytm\u00f3w AI, dzi\u0119ki kt\u00f3rym mo\u017ce zapewni\u0107 jedn\u0105 z najlepszych jako\u015bci d\u017awi\u0119ku w swojej klasie. Co wi\u0119cej, inteligentna redukcja ha\u0142asu skutecznie filtruje zb\u0119dne odg\u0142osy z otoczenia, gwarantuj\u0105c czyste i wyraziste brzmienie w niemal ka\u017cdej sytuacji. Do dyspozycji masz tak\u017ce trzy tryby audio. Voice Focus podkre\u015bla Tw\u00f3j g\u0142os, Voice Suppression filtruje d\u017awi\u0119ki w tle, a Music Balance zapewnia idealn\u0105 r\u00f3wnowag\u0119 mi\u0119dzy jednym a drugim.<\/p>\n<p>\n<img decoding=\"async\" src=\"https:\/\/assets.innpro.pl\/10336\/12144\/4.jpg\" border=\"0\" \/>\n<\/p>\n<h3>Automatyczne kadrowanie<\/h3>\n<p>Z Insta360 Link 2C ka\u017cdy b\u0119dzie doskonale widoczny \u2013 niewa\u017cne, czy to jedna osoba, czy grupa. Kamera mo\u017ce automatycznie regulowa\u0107 zoom i dostosowywa\u0107 kadr, dzi\u0119ki czemu nikt nie zostanie pomini\u0119ty! To idealne rozwi\u0105zanie do spotka\u0144 online, streamowania i nie tylko.<\/p>\n<p>\n<img decoding=\"async\" src=\"https:\/\/assets.innpro.pl\/10336\/12144\/9.jpg\" border=\"0\" \/>\n<\/p>\n<h3>Szybsza regulacja ostro\u015bci<\/h3>\n<p>Zapomnij o rozmazanym, nieostrym obrazie. Insta360 Link 2C obs\u0142uguje ulepszon\u0105 technologi\u0119 Phase Detection Auto Focus (PDAF), dzi\u0119ki kt\u00f3rej mo\u017ce w mgnieniu oka ustawi\u0107 ostro\u015b\u0107 na wybranym obiekcie. Takie rozwi\u0105zanie idealnie sprawdzi si\u0119 podczas szkole\u0144, prezentacji produktowych czy nagrywania tutoriali!<\/p>\n<p>\n<img decoding=\"async\" src=\"https:\/\/assets.innpro.pl\/10336\/12144\/11.jpg\" border=\"0\" \/>\n<\/p>\n<h3>Mn\u00f3stwo funkcji do wypr\u00f3bowania<\/h3>\n<p>Nie chcesz, aby Twoi widzowie czy rozm\u00f3wcy widzieli pomieszczenie, w kt\u00f3rym si\u0119 znajdujesz? Insta360 Link 2C umo\u017cliwia szybkie rozmycie t\u0142a lub zast\u0105pienie go wybranym obrazem \u2013 wystarczy kilka klikni\u0119\u0107! Potrzebujesz zaprezentowa\u0107 odbiorcom swoje notatki lub rysunki? R\u0119cznie dostosuj po\u0142o\u017cenie kamery, a nast\u0119pnie zmie\u0144 k\u0105t w oprogramowaniu Link Controller! Dost\u0119pne s\u0105 tak\u017ce r\u00f3\u017cne ustawienia i filtry, kt\u00f3re pomog\u0105 Ci wyrazi\u0107 siebie. To jednak nie wszystko \u2013 funkcja One-Click Makeup nadaje efekt naturalnego makija\u017cu, dzi\u0119ki czemu b\u0119dziesz wygl\u0105da\u0107 jeszcze lepiej. Mo\u017cesz te\u017c dokupi\u0107 sprzedawany oddzielnie statyw, aby rejestrowa\u0107 obraz w trybie portretowym (9:16).<\/p>\n<p>\n<img decoding=\"async\" src=\"https:\/\/assets.innpro.pl\/10336\/12144\/5.jpg\" border=\"0\" \/>\n<\/p>\n<h3>Doskona\u0142a do prezentacji<\/h3>\n<p>Musisz wyg\u0142osi\u0107 prezentacj\u0119 podczas spotkania online lub szkolenia? Insta360 Link 2C oka\u017ce si\u0119 niezast\u0105pionym wsparciem! Po prostu przymocuj do bia\u0142ej tablicy znaczniki Recognition Markers (w zestawie), a kamera automatycznie je wykryje i odpowiednio dostosuje ostro\u015b\u0107, aby podkre\u015bli\u0107 prezentowane tre\u015bci. Na tym jednak mo\u017cliwo\u015bci si\u0119 nie ko\u0144cz\u0105. Skorzystaj z oprogramowania Link Controller, aby AI wykry\u0142o bia\u0142\u0105 tablic\u0119 i uwydatni\u0142o widoczne na niej tre\u015bci bez konieczno\u015bci stosowania dodatkowych znacznik\u00f3w.<\/p>\n<p>\n<img decoding=\"async\" src=\"https:\/\/assets.innpro.pl\/10336\/12144\/6.jpg\" border=\"0\" \/>\n<\/p>\n<h3>Wygodna obs\u0142uga<\/h3>\n<p>Obs\u0142uga Insta360 Link 2C jest niezwykle prosta i wygodna. Teraz wystarczy kilka klikni\u0119\u0107 na smartfonie, aby dostosowa\u0107 ustawienia kamery, wybra\u0107 tryb i wiele wi\u0119cej! Mo\u017cesz te\u017c kontrolowa\u0107 urz\u0105dzenie za pomoc\u0105 gest\u00f3w \u2013 w ten spos\u00f3b przybli\u017cysz lub oddalisz obraz, w\u0142\u0105czysz automatyczne kadrowanie lub aktywujesz wykrywanie bia\u0142ej tablicy. Ju\u017c nie musisz za ka\u017cdym razem przerywa\u0107 prezentacji!<\/p>\n<p>\n<img decoding=\"async\" src=\"https:\/\/assets.innpro.pl\/10336\/12144\/14.jpg\" border=\"0\" \/>\n<\/p>\n<h3>Szeroka kompatybilno\u015b\u0107, prosty monta\u017c<\/h3>\n<p>Monta\u017c kamery zajmie Ci tylko chwil\u0119 \u2013 wystarczy skorzysta\u0107 z do\u0142\u0105czonego do zestawu magnetycznego mocowania. Mo\u017cesz te\u017c zamontowa\u0107 urz\u0105dzenie na statywie (w oddzielnej sprzeda\u017cy). Insta360 Link 2C wyr\u00f3\u017cnia si\u0119 tak\u017ce szerok\u0105 kompatybilno\u015bci\u0105 \u2013 bez problemu wsp\u00f3\u0142pracuje z wi\u0119kszo\u015bci\u0105 popularnych platform, takich jak Zoom, Microsoft Teams czy Twitch. Co wi\u0119cej, kamera pomo\u017ce Ci chroni\u0107 prywatno\u015b\u0107 \u2013 zosta\u0142a wyposa\u017cona w specjaln\u0105 os\u0142on\u0119, kt\u00f3ra blokuje jej widok.<\/p>\n<p>\n<img decoding=\"async\" src=\"https:\/\/assets.innpro.pl\/10336\/12144\/1.jpg\" border=\"0\" \/>\n<\/p>\n<h3>W zestawie<\/h3>\n<ul class=\"list-disc pl-5\">\n<li>Kamera Insta360 Link 2C<\/li>\n<li>Magnetyczne mocowanie<\/li>\n<li>Znaczniki Recognition Markers (4 sztuki)<\/li>\n<li>Kabel USB-C<\/li>\n<li>Adapter USB-C do USB-A<\/li>\n<\/ul>\n<div class=\"table-wrapper\">\n<p>\u00a0<\/p>\n<h3><\/h3>\n<table>\n<tbody>\n<tr>\n<th>Producent<\/th>\n<td>Insta360<\/td>\n<\/tr>\n<tr>\n<th>Nazwa<\/th>\n<td>Insta360 Link 2C<\/td>\n<\/tr>\n<tr>\n<th>Model<\/th>\n<td>CINSABNB<\/td>\n<\/tr>\n<tr>\n<th>Matryca<\/th>\n<td>1\/2&#8243;<\/td>\n<\/tr>\n<tr>\n<th>Rozdzielczo\u015b\u0107 wideo<\/th>\n<td>Landscape: 4K@30\/25\/24FPS; 1080p@60\/50\/30\/25\/24FPS; 720p@60\/50\/30\/25\/24FPS; 360p@30\/25\/24FPS; Portrait: 4K@30\/25\/24FPS; 1080p@60\/50\/30\/25\/24FPS; 720p@60\/50\/30\/25FPS;<\/td>\n<\/tr>\n<tr>\n<th>Kodeki wideo<\/th>\n<td>H.264, MJPEG *Kodek H.264 nie jest obs\u0142ugiwany podczas rejestrowania obrazu w trybie Portrait w rozdzielczo\u015bciach 4K i 1080p\/60FPS.<\/td>\n<\/tr>\n<tr>\n<th>Kompensacja ekspozycji<\/th>\n<td>\u00b13 EV<\/td>\n<\/tr>\n<tr>\n<th>ISO<\/th>\n<td>100-3200<\/td>\n<\/tr>\n<tr>\n<th>Czas otwarcia migawki<\/th>\n<td>1\/8000-1\/30 s<\/td>\n<\/tr>\n<tr>\n<th>Balans bieli<\/th>\n<td>2000-10000K<\/td>\n<\/tr>\n<tr>\n<th>Przys\u0142ona<\/th>\n<td>F1.8<\/td>\n<\/tr>\n<tr>\n<th>Ogniskowa r\u00f3wnowa\u017cna 35 mm<\/th>\n<td>26 mm<\/td>\n<\/tr>\n<tr>\n<th>Pole widzenia<\/th>\n<td>79,5\u00b0 (DFOV), 67\u00b0(HFOV)<\/td>\n<\/tr>\n<tr>\n<th>Zoom cyfrowy<\/th>\n<td>Do 4x<\/td>\n<\/tr>\n<tr>\n<th>Autofocus<\/th>\n<td>Obs\u0142ugiwany z odleg\u0142o\u015bci od 10 cm do \u221e<\/td>\n<\/tr>\n<tr>\n<th>HDR<\/th>\n<td>Obs\u0142ugiwany dla wszystkich rozdzielczo\u015bci i liczby klatek na sekund\u0119<\/td>\n<\/tr>\n<tr>\n<th>Audio<\/th>\n<td>Redukcja ha\u0142asu AI<\/td>\n<\/tr>\n<tr>\n<th>Tryby<\/th>\n<td>Auto Framing, Smart Whiteboard, DeskView<\/td>\n<\/tr>\n<tr>\n<th>Gimbal<\/th>\n<td>Brak<\/td>\n<\/tr>\n<tr>\n<th>Liczba przycisk\u00f3w<\/th>\n<td>1<\/td>\n<\/tr>\n<tr>\n<th>\u0141\u0105czno\u015b\u0107<\/th>\n<td>Kabel USB-C (USB 2.0) lub adapter USB-C do USB-A<\/td>\n<\/tr>\n<tr>\n<th>Zu\u017cycie energii<\/th>\n<td>5 V \/ 1 A<\/td>\n<\/tr>\n<tr>\n<th>Opcje monta\u017cu<\/th>\n<td>Magnetyczne mocowanie z punktem monta\u017cowym 1\/4&#8243; do instalacji dodatkowego statywu<\/td>\n<\/tr>\n<tr>\n<th>Wymiary<\/th>\n<td>62,7 x 30,2 x 26 mm<\/td>\n<\/tr>\n<tr>\n<th>Waga<\/th>\n<td>Bez magnetycznego mocowania: 46,5 g; Z magnetycznym mocowaniem: 11,5 g;<\/td>\n<\/tr>\n<tr>\n<th>Wymagania sprz\u0119towe<\/th>\n<td>CPU: i5-5 lub nowszy (niekt\u00f3re funkcje wymagaj\u0105 generacji i5-10 lub nowszej); System: Windows 10 lub nowszy \/ macOS 10.13 lub nowszy (niekt\u00f3re funkcje wymagaj\u0105 systemu macOS 13.0 lub nowszego); RAM: 8 GB lub wi\u0119cej (niekt\u00f3re funkcje wymagaj\u0105 16 GB lub wi\u0119cej);<\/td>\n<\/tr>\n<tr>\n<th>Temperatura pracy<\/th>\n<td>Od 0\u00b0C do 40\u00b0C<\/td>\n<\/tr>\n<\/tbody>\n<\/table>\n<\/div>\n","protected":false},"excerpt":{"rendered":"<p>Kamera Insta360 Link 2C Szukasz kamery internetowej, kt\u00f3ra sprawdzi si\u0119 podczas wideokonferencji, streamowania czy szkole\u0144 online? Postaw na Insta360 Link<\/p>\n","protected":false},"featured_media":46218,"comment_status":"closed","ping_status":"open","template":"","meta":{"_acf_changed":false},"product_brand":[],"product_cat":[5929,5964],"product_tag":[],"class_list":{"0":"post-46217","1":"product","2":"type-product","3":"status-publish","4":"has-post-thumbnail","6":"product_cat-akcesoria-it","7":"product_cat-kamery-internetowe","8":"pa_okres-gwarancji-5757","9":"pa_producent-insta360","11":"first","12":"outofstock","13":"taxable","14":"shipping-taxable","15":"purchasable","16":"product-type-simple"},"acf":[],"yoast_head":"<!-- This site is optimized with the Yoast SEO plugin v27.2 - https:\/\/yoast.com\/product\/yoast-seo-wordpress\/ -->\n<title>Kamera Insta360 Link 2C - IRONSKY.PL Sklep z Dronami<\/title>\n<meta name=\"description\" content=\"Kamera Insta360 Link 2C - \u2705 sklep z dronami i fachowym doradztwem. \u2705 Tutaj kupisz produkty DJI, Yuneec, Parrot, Syma i wiele innych, a tak\u017ce kursy i licencje na operatora drona.\" \/>\n<meta name=\"robots\" content=\"index, follow, max-snippet:-1, max-image-preview:large, max-video-preview:-1\" \/>\n<link rel=\"canonical\" href=\"https:\/\/ironsky.pl\/sklep\/produkt\/kamera-insta360-link-2c\/\" \/>\n<meta property=\"og:locale\" content=\"pl_PL\" \/>\n<meta property=\"og:type\" content=\"article\" \/>\n<meta property=\"og:title\" content=\"Kamera Insta360 Link 2C - IRONSKY.PL Sklep z Dronami\" \/>\n<meta property=\"og:description\" content=\"Kamera Insta360 Link 2C - \u2705 sklep z dronami i fachowym doradztwem. \u2705 Tutaj kupisz produkty DJI, Yuneec, Parrot, Syma i wiele innych, a tak\u017ce kursy i licencje na operatora drona.\" \/>\n<meta property=\"og:url\" content=\"https:\/\/ironsky.pl\/sklep\/produkt\/kamera-insta360-link-2c\/\" \/>\n<meta property=\"og:site_name\" content=\"IRONSKY.PL Sklep z Dronami\" \/>\n<meta property=\"article:modified_time\" content=\"2026-03-05T14:58:49+00:00\" \/>\n<meta property=\"og:image\" content=\"https:\/\/ironsky.pl\/sklep\/wp-content\/uploads\/2025\/06\/47906_7.jpg\" \/>\n\t<meta property=\"og:image:width\" content=\"800\" \/>\n\t<meta property=\"og:image:height\" content=\"800\" \/>\n\t<meta property=\"og:image:type\" content=\"image\/jpeg\" \/>\n<meta name=\"twitter:card\" content=\"summary_large_image\" \/>\n<meta name=\"twitter:label1\" content=\"Szacowany czas czytania\" \/>\n\t<meta name=\"twitter:data1\" content=\"5 minut\" \/>\n<script type=\"application\/ld+json\" class=\"yoast-schema-graph\">{\"@context\":\"https:\/\/schema.org\",\"@graph\":[{\"@type\":\"WebPage\",\"@id\":\"https:\/\/ironsky.pl\/sklep\/produkt\/kamera-insta360-link-2c\/\",\"url\":\"https:\/\/ironsky.pl\/sklep\/produkt\/kamera-insta360-link-2c\/\",\"name\":\"Kamera Insta360 Link 2C - IRONSKY.PL Sklep z Dronami\",\"isPartOf\":{\"@id\":\"https:\/\/ironsky.pl\/sklep\/#website\"},\"primaryImageOfPage\":{\"@id\":\"https:\/\/ironsky.pl\/sklep\/produkt\/kamera-insta360-link-2c\/#primaryimage\"},\"image\":{\"@id\":\"https:\/\/ironsky.pl\/sklep\/produkt\/kamera-insta360-link-2c\/#primaryimage\"},\"thumbnailUrl\":\"https:\/\/ironsky.pl\/sklep\/wp-content\/uploads\/2025\/06\/47906_7.jpg\",\"datePublished\":\"2025-06-13T13:23:09+00:00\",\"dateModified\":\"2026-03-05T14:58:49+00:00\",\"description\":\"Kamera Insta360 Link 2C - \u2705 sklep z dronami i fachowym doradztwem. \u2705 Tutaj kupisz produkty DJI, Yuneec, Parrot, Syma i wiele innych, a tak\u017ce kursy i licencje na operatora drona.\",\"breadcrumb\":{\"@id\":\"https:\/\/ironsky.pl\/sklep\/produkt\/kamera-insta360-link-2c\/#breadcrumb\"},\"inLanguage\":\"pl-PL\",\"potentialAction\":[{\"@type\":\"ReadAction\",\"target\":[\"https:\/\/ironsky.pl\/sklep\/produkt\/kamera-insta360-link-2c\/\"]}]},{\"@type\":\"ImageObject\",\"inLanguage\":\"pl-PL\",\"@id\":\"https:\/\/ironsky.pl\/sklep\/produkt\/kamera-insta360-link-2c\/#primaryimage\",\"url\":\"https:\/\/ironsky.pl\/sklep\/wp-content\/uploads\/2025\/06\/47906_7.jpg\",\"contentUrl\":\"https:\/\/ironsky.pl\/sklep\/wp-content\/uploads\/2025\/06\/47906_7.jpg\",\"width\":800,\"height\":800},{\"@type\":\"BreadcrumbList\",\"@id\":\"https:\/\/ironsky.pl\/sklep\/produkt\/kamera-insta360-link-2c\/#breadcrumb\",\"itemListElement\":[{\"@type\":\"ListItem\",\"position\":1,\"name\":\"Strona g\u0142\u00f3wna\",\"item\":\"https:\/\/ironsky.pl\/sklep\/\"},{\"@type\":\"ListItem\",\"position\":2,\"name\":\"Wszystkie produkty\",\"item\":\"https:\/\/ironsky.pl\/sklep\/produkty\/\"},{\"@type\":\"ListItem\",\"position\":3,\"name\":\"Kamera Insta360 Link 2C\"}]},{\"@type\":\"WebSite\",\"@id\":\"https:\/\/ironsky.pl\/sklep\/#website\",\"url\":\"https:\/\/ironsky.pl\/sklep\/\",\"name\":\"IRONSKY.PL Sklep z Dronami\",\"description\":\"IRONSKY.PL Sklep z Dronami\",\"potentialAction\":[{\"@type\":\"SearchAction\",\"target\":{\"@type\":\"EntryPoint\",\"urlTemplate\":\"https:\/\/ironsky.pl\/sklep\/?s={search_term_string}\"},\"query-input\":{\"@type\":\"PropertyValueSpecification\",\"valueRequired\":true,\"valueName\":\"search_term_string\"}}],\"inLanguage\":\"pl-PL\"}]}<\/script>\n<!-- \/ Yoast SEO plugin. -->","yoast_head_json":{"title":"Kamera Insta360 Link 2C - IRONSKY.PL Sklep z Dronami","description":"Kamera Insta360 Link 2C - \u2705 sklep z dronami i fachowym doradztwem. \u2705 Tutaj kupisz produkty DJI, Yuneec, Parrot, Syma i wiele innych, a tak\u017ce kursy i licencje na operatora drona.","robots":{"index":"index","follow":"follow","max-snippet":"max-snippet:-1","max-image-preview":"max-image-preview:large","max-video-preview":"max-video-preview:-1"},"canonical":"https:\/\/ironsky.pl\/sklep\/produkt\/kamera-insta360-link-2c\/","og_locale":"pl_PL","og_type":"article","og_title":"Kamera Insta360 Link 2C - IRONSKY.PL Sklep z Dronami","og_description":"Kamera Insta360 Link 2C - \u2705 sklep z dronami i fachowym doradztwem. \u2705 Tutaj kupisz produkty DJI, Yuneec, Parrot, Syma i wiele innych, a tak\u017ce kursy i licencje na operatora drona.","og_url":"https:\/\/ironsky.pl\/sklep\/produkt\/kamera-insta360-link-2c\/","og_site_name":"IRONSKY.PL Sklep z Dronami","article_modified_time":"2026-03-05T14:58:49+00:00","og_image":[{"width":800,"height":800,"url":"https:\/\/ironsky.pl\/sklep\/wp-content\/uploads\/2025\/06\/47906_7.jpg","type":"image\/jpeg"}],"twitter_card":"summary_large_image","twitter_misc":{"Szacowany czas czytania":"5 minut"},"schema":{"@context":"https:\/\/schema.org","@graph":[{"@type":"WebPage","@id":"https:\/\/ironsky.pl\/sklep\/produkt\/kamera-insta360-link-2c\/","url":"https:\/\/ironsky.pl\/sklep\/produkt\/kamera-insta360-link-2c\/","name":"Kamera Insta360 Link 2C - IRONSKY.PL Sklep z Dronami","isPartOf":{"@id":"https:\/\/ironsky.pl\/sklep\/#website"},"primaryImageOfPage":{"@id":"https:\/\/ironsky.pl\/sklep\/produkt\/kamera-insta360-link-2c\/#primaryimage"},"image":{"@id":"https:\/\/ironsky.pl\/sklep\/produkt\/kamera-insta360-link-2c\/#primaryimage"},"thumbnailUrl":"https:\/\/ironsky.pl\/sklep\/wp-content\/uploads\/2025\/06\/47906_7.jpg","datePublished":"2025-06-13T13:23:09+00:00","dateModified":"2026-03-05T14:58:49+00:00","description":"Kamera Insta360 Link 2C - \u2705 sklep z dronami i fachowym doradztwem. \u2705 Tutaj kupisz produkty DJI, Yuneec, Parrot, Syma i wiele innych, a tak\u017ce kursy i licencje na operatora drona.","breadcrumb":{"@id":"https:\/\/ironsky.pl\/sklep\/produkt\/kamera-insta360-link-2c\/#breadcrumb"},"inLanguage":"pl-PL","potentialAction":[{"@type":"ReadAction","target":["https:\/\/ironsky.pl\/sklep\/produkt\/kamera-insta360-link-2c\/"]}]},{"@type":"ImageObject","inLanguage":"pl-PL","@id":"https:\/\/ironsky.pl\/sklep\/produkt\/kamera-insta360-link-2c\/#primaryimage","url":"https:\/\/ironsky.pl\/sklep\/wp-content\/uploads\/2025\/06\/47906_7.jpg","contentUrl":"https:\/\/ironsky.pl\/sklep\/wp-content\/uploads\/2025\/06\/47906_7.jpg","width":800,"height":800},{"@type":"BreadcrumbList","@id":"https:\/\/ironsky.pl\/sklep\/produkt\/kamera-insta360-link-2c\/#breadcrumb","itemListElement":[{"@type":"ListItem","position":1,"name":"Strona g\u0142\u00f3wna","item":"https:\/\/ironsky.pl\/sklep\/"},{"@type":"ListItem","position":2,"name":"Wszystkie produkty","item":"https:\/\/ironsky.pl\/sklep\/produkty\/"},{"@type":"ListItem","position":3,"name":"Kamera Insta360 Link 2C"}]},{"@type":"WebSite","@id":"https:\/\/ironsky.pl\/sklep\/#website","url":"https:\/\/ironsky.pl\/sklep\/","name":"IRONSKY.PL Sklep z Dronami","description":"IRONSKY.PL Sklep z Dronami","potentialAction":[{"@type":"SearchAction","target":{"@type":"EntryPoint","urlTemplate":"https:\/\/ironsky.pl\/sklep\/?s={search_term_string}"},"query-input":{"@type":"PropertyValueSpecification","valueRequired":true,"valueName":"search_term_string"}}],"inLanguage":"pl-PL"}]}},"_links":{"self":[{"href":"https:\/\/ironsky.pl\/sklep\/wp-json\/wp\/v2\/product\/46217","targetHints":{"allow":["GET"]}}],"collection":[{"href":"https:\/\/ironsky.pl\/sklep\/wp-json\/wp\/v2\/product"}],"about":[{"href":"https:\/\/ironsky.pl\/sklep\/wp-json\/wp\/v2\/types\/product"}],"replies":[{"embeddable":true,"href":"https:\/\/ironsky.pl\/sklep\/wp-json\/wp\/v2\/comments?post=46217"}],"wp:featuredmedia":[{"embeddable":true,"href":"https:\/\/ironsky.pl\/sklep\/wp-json\/wp\/v2\/media\/46218"}],"wp:attachment":[{"href":"https:\/\/ironsky.pl\/sklep\/wp-json\/wp\/v2\/media?parent=46217"}],"wp:term":[{"taxonomy":"product_brand","embeddable":true,"href":"https:\/\/ironsky.pl\/sklep\/wp-json\/wp\/v2\/product_brand?post=46217"},{"taxonomy":"product_cat","embeddable":true,"href":"https:\/\/ironsky.pl\/sklep\/wp-json\/wp\/v2\/product_cat?post=46217"},{"taxonomy":"product_tag","embeddable":true,"href":"https:\/\/ironsky.pl\/sklep\/wp-json\/wp\/v2\/product_tag?post=46217"}],"curies":[{"name":"wp","href":"https:\/\/api.w.org\/{rel}","templated":true}]}}