{"id":45859,"date":"2025-06-13T15:19:45","date_gmt":"2025-06-13T13:19:45","guid":{"rendered":"https:\/\/ironsky.pl\/drony-sklep\/produkt\/smartfon-hotwav-note-13-pro-6-6-88-256gb-czarny\/"},"modified":"2026-03-05T15:58:41","modified_gmt":"2026-03-05T14:58:41","slug":"smartfon-hotwav-note-13-pro-6-6-88-256gb-czarny","status":"publish","type":"product","link":"https:\/\/ironsky.pl\/sklep\/produkt\/smartfon-hotwav-note-13-pro-6-6-88-256gb-czarny\/","title":{"rendered":"Smartfon HOTWAV Note 13 Pro &#8211; 6.6&#8221; 8+8\/256GB Czarny"},"content":{"rendered":"<h3>Smartfon HOTWAV Note 13 Pro &#8211; 6.6&#8221; 8+8\/256GB Czarny<\/h3>\n<p>Poznaj HOTWAV Note 13 Pro \u2013 smartfon, kt\u00f3ry \u0142\u0105czy pot\u0119\u017cn\u0105 wydajno\u015b\u0107, imponuj\u0105cy wy\u015bwietlacz i zaawansowane funkcje, oferuj\u0105c wszystko, czego oczekujesz od nowoczesnego urz\u0105dzenia. Wyposa\u017cony w pojemny akumulator, fantastyczne aparaty i najnowsze oprogramowanie, jest idealnym wyborem zar\u00f3wno do pracy, jak i rozrywki. Dzi\u0119ki HOTWAV Note 13 Pro nie musisz wybiera\u0107 pomi\u0119dzy stylem a funkcjonalno\u015bci\u0105 \u2013 masz to wszystko w jednym urz\u0105dzeniu. Przekonaj si\u0119, jak mo\u017ce zmieni\u0107 Twoje codzienne do\u015bwiadczenia.<\/p>\n<p>\n<img decoding=\"async\" src=\"https:\/\/assets.innpro.pl\/9407\/10976\/12.jpg\" border=\"0\" \/>\n<\/p>\n<h3>Imponuj\u0105cy wy\u015bwietlacz o du\u017cej przek\u0105tnej<\/h3>\n<p>HOTWAV Note 13 Pro zosta\u0142 wyposa\u017cony w 6,6-calowy wy\u015bwietlacz HD+ o dynamicznym od\u015bwie\u017caniu 90Hz. To idealne rozwi\u0105zanie dla os\u00f3b, kt\u00f3re ceni\u0105 p\u0142ynno\u015b\u0107 i wyrazisto\u015b\u0107 obrazu podczas ogl\u0105dania film\u00f3w, grania w gry, czy przegl\u0105dania medi\u00f3w spo\u0142eczno\u015bciowych. Wi\u0119ksza powierzchnia ekranu sprawia, \u017ce tre\u015bci s\u0105 bardziej anga\u017cuj\u0105ce, a wysoka cz\u0119stotliwo\u015b\u0107 od\u015bwie\u017cania zapewnia wyj\u0105tkow\u0105 responsywno\u015b\u0107.<\/p>\n<p>\n<img decoding=\"async\" src=\"https:\/\/assets.innpro.pl\/9407\/10976\/2.jpg\" border=\"0\" \/>\n<\/p>\n<h3>Niezawodna wydajno\u015b\u0107 i przestrze\u0144 na Twoje dane<\/h3>\n<p>Smartfon ten oferuje a\u017c 16GB pami\u0119ci RAM (8GB fizycznej RAM + 8GB rozszerzalnej) oraz 256GB pami\u0119ci wewn\u0119trznej ROM, co czyni go prawdziw\u0105 besti\u0105 pod wzgl\u0119dem wydajno\u015bci. Dzi\u0119ki zastosowanemu procesorowi UNISOC T606 Octa-core HOTWAV Note 13 Pro sprawnie radzi sobie z wielozadaniowo\u015bci\u0105, uruchamianiem aplikacji i grami o du\u017cych wymaganiach. Co wi\u0119cej, mo\u017cliwo\u015b\u0107 rozbudowy pami\u0119ci o dodatkowy 1TB za pomoc\u0105 karty TF sprawia, \u017ce nigdy nie zabraknie Ci miejsca na zdj\u0119cia, filmy czy aplikacje.<\/p>\n<p>\n<img decoding=\"async\" src=\"https:\/\/assets.innpro.pl\/9407\/10976\/8.jpg\" border=\"0\" \/>\n<\/p>\n<h3>Wyj\u0105tkowe fotografie\u00a0<\/h3>\n<p>G\u0142\u00f3wna kamera o rozdzielczo\u015bci 50MP sprawia, \u017ce ka\u017cde zdj\u0119cie b\u0119dzie ostre i pe\u0142ne szczeg\u00f3\u0142\u00f3w, niezale\u017cnie od warunk\u00f3w o\u015bwietleniowych. Dodatkowo przednia kamera 16MP pozwala na wykonywanie wysokiej jako\u015bci selfie i prowadzenie wideorozm\u00f3w. Dzi\u0119ki zaawansowanym algorytmom przetwarzania obrazu uchwycisz ka\u017cdy moment w najlepszej jako\u015bci.<\/p>\n<p>\n<img decoding=\"async\" src=\"https:\/\/assets.innpro.pl\/9407\/10976\/10.jpg\" border=\"0\" \/>\n<\/p>\n<h3>D\u0142ugi czas pracy ii szybkie \u0142adowanie<\/h3>\n<p>Z akumulatorem o imponuj\u0105cej pojemno\u015bci 5160mAh, HOTWAV Note 13 Pro z \u0142atwo\u015bci\u0105 sprosta intensywnemu dniu pracy, zapewniaj\u0105c d\u0142ugie godziny u\u017cytkowania bez potrzeby \u0142adowania \u2014 nawet 800 godzin w trybie czuwania, 20 godzin rozm\u00f3w telefonicznych, 27 godzin odtwarzania muzyki i do 8 godzin ogl\u0105dania tre\u015bci wideo. Kiedy nadejdzie pora, technologia szybkiego \u0142adowania 20W pozwala b\u0142yskawicznie uzupe\u0142ni\u0107 energi\u0119, aby\u015b m\u00f3g\u0142 wr\u00f3ci\u0107 do swoich zaj\u0119\u0107 bez zb\u0119dnej przerwy.<\/p>\n<p>\n<img decoding=\"async\" src=\"https:\/\/assets.innpro.pl\/9407\/10976\/9.jpg\" border=\"0\" \/>\n<\/p>\n<h3>Nowoczesne rozwi\u0105zania dla Twojej wygody<\/h3>\n<p>Smartfon zosta\u0142 wyposa\u017cony w funkcj\u0119 odblokowywania twarz\u0105 oraz czytnik linii papilarnych, co zapewnia szybki i bezpieczny dost\u0119p do urz\u0105dzenia. Dodatkowo obs\u0142uga NFC umo\u017cliwia wygodne p\u0142atno\u015bci mobilne oraz bezproblemowe parowanie z innymi urz\u0105dzeniami. Wsp\u00f3\u0142pracuje r\u00f3wnie\u017c z wieloma systemami nawigacji, takimi jak GPS, GLONASS, Beidou czy Galileo, co sprawia, \u017ce zawsze znajdziesz drog\u0119 do celu.<\/p>\n<p>\n<img decoding=\"async\" src=\"https:\/\/assets.innpro.pl\/9407\/10976\/4.jpg\" border=\"0\" \/>\n<\/p>\n<h3>Najnowsze oprogramowanie i przysz\u0142o\u015bciowe technologie<\/h3>\n<p>Dzia\u0142aj\u0105cy na systemie Android 13, HOTWAV Note 13 Pro zapewnia najnowsze funkcje i usprawnienia, oferuj\u0105c intuicyjny interfejs i optymaln\u0105 wydajno\u015b\u0107. Oprogramowanie zosta\u0142o zaprojektowane tak, aby wykorzystywa\u0107 pe\u0142en potencja\u0142 sprz\u0119tu, co gwarantuje p\u0142ynne i responsywne dzia\u0142anie w ka\u017cdej sytuacji.<\/p>\n<p>\n<img decoding=\"async\" src=\"https:\/\/assets.innpro.pl\/9407\/10976\/6.jpg\" border=\"0\" \/>\n<\/p>\n<h3>W zestawie<\/h3>\n<ul class=\"list-disc pl-5\">\n<li>Smartfon<\/li>\n<li>\u0141adowarka sieciowa<\/li>\n<li>Kabel USB-C<\/li>\n<li>Etui ochronne<\/li>\n<li>Szk\u0142o hartowane<\/li>\n<li>Chusteczki z alkoholem<\/li>\n<li>Kluczyk do karty SIM<\/li>\n<li>Instrukcja obs\u0142ugi<\/li>\n<\/ul>\n<div class=\"table-wrapper\">\n<p>\u00a0<\/p>\n<h3><\/h3>\n<table>\n<tbody>\n<tr>\n<th>Producent<\/th>\n<td>HOTWAV<\/td>\n<\/tr>\n<tr>\n<th>Model<\/th>\n<td>Note 13 Pro<\/td>\n<\/tr>\n<tr>\n<th>Wymiary<\/th>\n<td>Wysoko\u015b\u0107: 166,2 mm; Szeroko\u015b\u0107: 76,5 mm; Grubo\u015b\u0107: 8,9 mm<\/td>\n<\/tr>\n<tr>\n<th>Waga: <\/th>\n<td>236 g<\/td>\n<\/tr>\n<tr>\n<th>Kolor: <\/th>\n<td>Czarny<\/td>\n<\/tr>\n<tr>\n<th>Chipset:<\/th>\n<td>UMS9230 (T606)<\/td>\n<\/tr>\n<tr>\n<th>System operacyjny: <\/th>\n<td>Android 13<\/td>\n<\/tr>\n<tr>\n<th>Pami\u0119\u0107 wewn\u0119trzna: <\/th>\n<td>256 GB<\/td>\n<\/tr>\n<tr>\n<th>Mo\u017cliwo\u015b\u0107 rozszerzenia pami\u0119ci: <\/th>\n<td>Do 1TB ROM (z kart\u0105 TF)<\/td>\n<\/tr>\n<tr>\n<th>CPU: <\/th>\n<td>6-rdzeniowy Arm Cortex-A55 + 2-rdzeniowy Arm Cortex-A75<\/td>\n<\/tr>\n<tr>\n<th>RAM: <\/th>\n<td>16 GB (8 GB RAM + 8 GB rozszerzalnej RAM)<\/td>\n<\/tr>\n<tr>\n<th>Akumulator: <\/th>\n<td>5160 mAh<\/td>\n<\/tr>\n<tr>\n<th>Szybkie \u0142adowanie: <\/th>\n<td>20W<\/td>\n<\/tr>\n<tr>\n<th>Procesor: <\/th>\n<td>UNISOC T606 Octa-core<\/td>\n<\/tr>\n<tr>\n<th>Wy\u015bwietlacz<\/th>\n<td>Rozmiar: 6,6 cala HD+; Od\u015bwie\u017canie: 90Hz<\/td>\n<\/tr>\n<tr>\n<th>Aparat<\/th>\n<td>Aparat tylny: 50 MP; Aparat przedni: 16 MP<\/td>\n<\/tr>\n<tr>\n<th>\u0141\u0105czno\u015b\u0107<\/th>\n<td>Pasmo 2G: B2\/B4\/B5\/B8; Pasmo 3G: B1\/B2\/B5\/B8; Pasmo 4G: B1\/B3\/B5\/B7\/B8\/B20\/B28A\/B28B\/B66\/B38\/B39\/B40\/B41<\/td>\n<\/tr>\n<tr>\n<th>Nawigacja: <\/th>\n<td>GPS, GLONASS, Beidou, Galileo<\/td>\n<\/tr>\n<tr>\n<th>Bluetooth: <\/th>\n<td>5.0<\/td>\n<\/tr>\n<tr>\n<th>WiFi: <\/th>\n<td>2.4 GHz + 5 GHz<\/td>\n<\/tr>\n<tr>\n<th>NFC: <\/th>\n<td>Obs\u0142ugiwane<\/td>\n<\/tr>\n<tr>\n<th>Bezpiecze\u0144stwo: <\/th>\n<td>Czytnik linii papilarnych, rozpoznawanie twarzy<\/td>\n<\/tr>\n<\/tbody>\n<\/table>\n<\/div>\n","protected":false},"excerpt":{"rendered":"<p>Smartfon HOTWAV Note 13 Pro &#8211; 6.6&#8221; 8+8\/256GB Czarny Poznaj HOTWAV Note 13 Pro \u2013 smartfon, kt\u00f3ry \u0142\u0105czy pot\u0119\u017cn\u0105 wydajno\u015b\u0107,<\/p>\n","protected":false},"featured_media":45860,"comment_status":"closed","ping_status":"open","template":"","meta":{"_acf_changed":false},"product_brand":[],"product_cat":[5929,6028],"product_tag":[],"class_list":{"0":"post-45859","1":"product","2":"type-product","3":"status-publish","4":"has-post-thumbnail","6":"product_cat-akcesoria-it","7":"product_cat-smartfony","8":"pa_okres-gwarancji-5757","9":"pa_producent-hotwav","11":"first","12":"outofstock","13":"taxable","14":"shipping-taxable","15":"purchasable","16":"product-type-simple"},"acf":[],"yoast_head":"<!-- This site is optimized with the Yoast SEO plugin v27.2 - https:\/\/yoast.com\/product\/yoast-seo-wordpress\/ -->\n<title>Smartfon HOTWAV Note 13 Pro - 6.6&#039;&#039; 8+8\/256GB Czarny - IRONSKY.PL Sklep z Dronami<\/title>\n<meta name=\"description\" content=\"Smartfon HOTWAV Note 13 Pro - 6.6&#039;&#039; 8+8\/256GB Czarny - \u2705 sklep z dronami i fachowym doradztwem. \u2705 Tutaj kupisz produkty DJI, Yuneec, Parrot, Syma i wiele innych, a tak\u017ce kursy i licencje na operatora drona.\" \/>\n<meta name=\"robots\" content=\"index, follow, max-snippet:-1, max-image-preview:large, max-video-preview:-1\" \/>\n<link rel=\"canonical\" href=\"https:\/\/ironsky.pl\/sklep\/produkt\/smartfon-hotwav-note-13-pro-6-6-88-256gb-czarny\/\" \/>\n<meta property=\"og:locale\" content=\"pl_PL\" \/>\n<meta property=\"og:type\" content=\"article\" \/>\n<meta property=\"og:title\" content=\"Smartfon HOTWAV Note 13 Pro - 6.6&#039;&#039; 8+8\/256GB Czarny - IRONSKY.PL Sklep z Dronami\" \/>\n<meta property=\"og:description\" content=\"Smartfon HOTWAV Note 13 Pro - 6.6&#039;&#039; 8+8\/256GB Czarny - \u2705 sklep z dronami i fachowym doradztwem. \u2705 Tutaj kupisz produkty DJI, Yuneec, Parrot, Syma i wiele innych, a tak\u017ce kursy i licencje na operatora drona.\" \/>\n<meta property=\"og:url\" content=\"https:\/\/ironsky.pl\/sklep\/produkt\/smartfon-hotwav-note-13-pro-6-6-88-256gb-czarny\/\" \/>\n<meta property=\"og:site_name\" content=\"IRONSKY.PL Sklep z Dronami\" \/>\n<meta property=\"article:modified_time\" content=\"2026-03-05T14:58:41+00:00\" \/>\n<meta property=\"og:image\" content=\"https:\/\/ironsky.pl\/sklep\/wp-content\/uploads\/2025\/06\/46768_7.jpg\" \/>\n\t<meta property=\"og:image:width\" content=\"800\" \/>\n\t<meta property=\"og:image:height\" content=\"800\" \/>\n\t<meta property=\"og:image:type\" content=\"image\/jpeg\" \/>\n<meta name=\"twitter:card\" content=\"summary_large_image\" \/>\n<meta name=\"twitter:label1\" content=\"Szacowany czas czytania\" \/>\n\t<meta name=\"twitter:data1\" content=\"3 minuty\" \/>\n<script type=\"application\/ld+json\" class=\"yoast-schema-graph\">{\"@context\":\"https:\/\/schema.org\",\"@graph\":[{\"@type\":\"WebPage\",\"@id\":\"https:\/\/ironsky.pl\/sklep\/produkt\/smartfon-hotwav-note-13-pro-6-6-88-256gb-czarny\/\",\"url\":\"https:\/\/ironsky.pl\/sklep\/produkt\/smartfon-hotwav-note-13-pro-6-6-88-256gb-czarny\/\",\"name\":\"Smartfon HOTWAV Note 13 Pro - 6.6'' 8+8\/256GB Czarny - IRONSKY.PL Sklep z Dronami\",\"isPartOf\":{\"@id\":\"https:\/\/ironsky.pl\/sklep\/#website\"},\"primaryImageOfPage\":{\"@id\":\"https:\/\/ironsky.pl\/sklep\/produkt\/smartfon-hotwav-note-13-pro-6-6-88-256gb-czarny\/#primaryimage\"},\"image\":{\"@id\":\"https:\/\/ironsky.pl\/sklep\/produkt\/smartfon-hotwav-note-13-pro-6-6-88-256gb-czarny\/#primaryimage\"},\"thumbnailUrl\":\"https:\/\/ironsky.pl\/sklep\/wp-content\/uploads\/2025\/06\/46768_7.jpg\",\"datePublished\":\"2025-06-13T13:19:45+00:00\",\"dateModified\":\"2026-03-05T14:58:41+00:00\",\"description\":\"Smartfon HOTWAV Note 13 Pro - 6.6'' 8+8\/256GB Czarny - \u2705 sklep z dronami i fachowym doradztwem. \u2705 Tutaj kupisz produkty DJI, Yuneec, Parrot, Syma i wiele innych, a tak\u017ce kursy i licencje na operatora drona.\",\"breadcrumb\":{\"@id\":\"https:\/\/ironsky.pl\/sklep\/produkt\/smartfon-hotwav-note-13-pro-6-6-88-256gb-czarny\/#breadcrumb\"},\"inLanguage\":\"pl-PL\",\"potentialAction\":[{\"@type\":\"ReadAction\",\"target\":[\"https:\/\/ironsky.pl\/sklep\/produkt\/smartfon-hotwav-note-13-pro-6-6-88-256gb-czarny\/\"]}]},{\"@type\":\"ImageObject\",\"inLanguage\":\"pl-PL\",\"@id\":\"https:\/\/ironsky.pl\/sklep\/produkt\/smartfon-hotwav-note-13-pro-6-6-88-256gb-czarny\/#primaryimage\",\"url\":\"https:\/\/ironsky.pl\/sklep\/wp-content\/uploads\/2025\/06\/46768_7.jpg\",\"contentUrl\":\"https:\/\/ironsky.pl\/sklep\/wp-content\/uploads\/2025\/06\/46768_7.jpg\",\"width\":800,\"height\":800},{\"@type\":\"BreadcrumbList\",\"@id\":\"https:\/\/ironsky.pl\/sklep\/produkt\/smartfon-hotwav-note-13-pro-6-6-88-256gb-czarny\/#breadcrumb\",\"itemListElement\":[{\"@type\":\"ListItem\",\"position\":1,\"name\":\"Strona g\u0142\u00f3wna\",\"item\":\"https:\/\/ironsky.pl\/sklep\/\"},{\"@type\":\"ListItem\",\"position\":2,\"name\":\"Wszystkie produkty\",\"item\":\"https:\/\/ironsky.pl\/sklep\/produkty\/\"},{\"@type\":\"ListItem\",\"position\":3,\"name\":\"Smartfon HOTWAV Note 13 Pro &#8211; 6.6&#8221; 8+8\/256GB Czarny\"}]},{\"@type\":\"WebSite\",\"@id\":\"https:\/\/ironsky.pl\/sklep\/#website\",\"url\":\"https:\/\/ironsky.pl\/sklep\/\",\"name\":\"IRONSKY.PL Sklep z Dronami\",\"description\":\"IRONSKY.PL Sklep z Dronami\",\"potentialAction\":[{\"@type\":\"SearchAction\",\"target\":{\"@type\":\"EntryPoint\",\"urlTemplate\":\"https:\/\/ironsky.pl\/sklep\/?s={search_term_string}\"},\"query-input\":{\"@type\":\"PropertyValueSpecification\",\"valueRequired\":true,\"valueName\":\"search_term_string\"}}],\"inLanguage\":\"pl-PL\"}]}<\/script>\n<!-- \/ Yoast SEO plugin. -->","yoast_head_json":{"title":"Smartfon HOTWAV Note 13 Pro - 6.6'' 8+8\/256GB Czarny - IRONSKY.PL Sklep z Dronami","description":"Smartfon HOTWAV Note 13 Pro - 6.6'' 8+8\/256GB Czarny - \u2705 sklep z dronami i fachowym doradztwem. \u2705 Tutaj kupisz produkty DJI, Yuneec, Parrot, Syma i wiele innych, a tak\u017ce kursy i licencje na operatora drona.","robots":{"index":"index","follow":"follow","max-snippet":"max-snippet:-1","max-image-preview":"max-image-preview:large","max-video-preview":"max-video-preview:-1"},"canonical":"https:\/\/ironsky.pl\/sklep\/produkt\/smartfon-hotwav-note-13-pro-6-6-88-256gb-czarny\/","og_locale":"pl_PL","og_type":"article","og_title":"Smartfon HOTWAV Note 13 Pro - 6.6'' 8+8\/256GB Czarny - IRONSKY.PL Sklep z Dronami","og_description":"Smartfon HOTWAV Note 13 Pro - 6.6'' 8+8\/256GB Czarny - \u2705 sklep z dronami i fachowym doradztwem. \u2705 Tutaj kupisz produkty DJI, Yuneec, Parrot, Syma i wiele innych, a tak\u017ce kursy i licencje na operatora drona.","og_url":"https:\/\/ironsky.pl\/sklep\/produkt\/smartfon-hotwav-note-13-pro-6-6-88-256gb-czarny\/","og_site_name":"IRONSKY.PL Sklep z Dronami","article_modified_time":"2026-03-05T14:58:41+00:00","og_image":[{"width":800,"height":800,"url":"https:\/\/ironsky.pl\/sklep\/wp-content\/uploads\/2025\/06\/46768_7.jpg","type":"image\/jpeg"}],"twitter_card":"summary_large_image","twitter_misc":{"Szacowany czas czytania":"3 minuty"},"schema":{"@context":"https:\/\/schema.org","@graph":[{"@type":"WebPage","@id":"https:\/\/ironsky.pl\/sklep\/produkt\/smartfon-hotwav-note-13-pro-6-6-88-256gb-czarny\/","url":"https:\/\/ironsky.pl\/sklep\/produkt\/smartfon-hotwav-note-13-pro-6-6-88-256gb-czarny\/","name":"Smartfon HOTWAV Note 13 Pro - 6.6'' 8+8\/256GB Czarny - IRONSKY.PL Sklep z Dronami","isPartOf":{"@id":"https:\/\/ironsky.pl\/sklep\/#website"},"primaryImageOfPage":{"@id":"https:\/\/ironsky.pl\/sklep\/produkt\/smartfon-hotwav-note-13-pro-6-6-88-256gb-czarny\/#primaryimage"},"image":{"@id":"https:\/\/ironsky.pl\/sklep\/produkt\/smartfon-hotwav-note-13-pro-6-6-88-256gb-czarny\/#primaryimage"},"thumbnailUrl":"https:\/\/ironsky.pl\/sklep\/wp-content\/uploads\/2025\/06\/46768_7.jpg","datePublished":"2025-06-13T13:19:45+00:00","dateModified":"2026-03-05T14:58:41+00:00","description":"Smartfon HOTWAV Note 13 Pro - 6.6'' 8+8\/256GB Czarny - \u2705 sklep z dronami i fachowym doradztwem. \u2705 Tutaj kupisz produkty DJI, Yuneec, Parrot, Syma i wiele innych, a tak\u017ce kursy i licencje na operatora drona.","breadcrumb":{"@id":"https:\/\/ironsky.pl\/sklep\/produkt\/smartfon-hotwav-note-13-pro-6-6-88-256gb-czarny\/#breadcrumb"},"inLanguage":"pl-PL","potentialAction":[{"@type":"ReadAction","target":["https:\/\/ironsky.pl\/sklep\/produkt\/smartfon-hotwav-note-13-pro-6-6-88-256gb-czarny\/"]}]},{"@type":"ImageObject","inLanguage":"pl-PL","@id":"https:\/\/ironsky.pl\/sklep\/produkt\/smartfon-hotwav-note-13-pro-6-6-88-256gb-czarny\/#primaryimage","url":"https:\/\/ironsky.pl\/sklep\/wp-content\/uploads\/2025\/06\/46768_7.jpg","contentUrl":"https:\/\/ironsky.pl\/sklep\/wp-content\/uploads\/2025\/06\/46768_7.jpg","width":800,"height":800},{"@type":"BreadcrumbList","@id":"https:\/\/ironsky.pl\/sklep\/produkt\/smartfon-hotwav-note-13-pro-6-6-88-256gb-czarny\/#breadcrumb","itemListElement":[{"@type":"ListItem","position":1,"name":"Strona g\u0142\u00f3wna","item":"https:\/\/ironsky.pl\/sklep\/"},{"@type":"ListItem","position":2,"name":"Wszystkie produkty","item":"https:\/\/ironsky.pl\/sklep\/produkty\/"},{"@type":"ListItem","position":3,"name":"Smartfon HOTWAV Note 13 Pro &#8211; 6.6&#8221; 8+8\/256GB Czarny"}]},{"@type":"WebSite","@id":"https:\/\/ironsky.pl\/sklep\/#website","url":"https:\/\/ironsky.pl\/sklep\/","name":"IRONSKY.PL Sklep z Dronami","description":"IRONSKY.PL Sklep z Dronami","potentialAction":[{"@type":"SearchAction","target":{"@type":"EntryPoint","urlTemplate":"https:\/\/ironsky.pl\/sklep\/?s={search_term_string}"},"query-input":{"@type":"PropertyValueSpecification","valueRequired":true,"valueName":"search_term_string"}}],"inLanguage":"pl-PL"}]}},"_links":{"self":[{"href":"https:\/\/ironsky.pl\/sklep\/wp-json\/wp\/v2\/product\/45859","targetHints":{"allow":["GET"]}}],"collection":[{"href":"https:\/\/ironsky.pl\/sklep\/wp-json\/wp\/v2\/product"}],"about":[{"href":"https:\/\/ironsky.pl\/sklep\/wp-json\/wp\/v2\/types\/product"}],"replies":[{"embeddable":true,"href":"https:\/\/ironsky.pl\/sklep\/wp-json\/wp\/v2\/comments?post=45859"}],"wp:featuredmedia":[{"embeddable":true,"href":"https:\/\/ironsky.pl\/sklep\/wp-json\/wp\/v2\/media\/45860"}],"wp:attachment":[{"href":"https:\/\/ironsky.pl\/sklep\/wp-json\/wp\/v2\/media?parent=45859"}],"wp:term":[{"taxonomy":"product_brand","embeddable":true,"href":"https:\/\/ironsky.pl\/sklep\/wp-json\/wp\/v2\/product_brand?post=45859"},{"taxonomy":"product_cat","embeddable":true,"href":"https:\/\/ironsky.pl\/sklep\/wp-json\/wp\/v2\/product_cat?post=45859"},{"taxonomy":"product_tag","embeddable":true,"href":"https:\/\/ironsky.pl\/sklep\/wp-json\/wp\/v2\/product_tag?post=45859"}],"curies":[{"name":"wp","href":"https:\/\/api.w.org\/{rel}","templated":true}]}}