{"id":45697,"date":"2025-06-13T15:18:09","date_gmt":"2025-06-13T13:18:09","guid":{"rendered":"https:\/\/ironsky.pl\/drony-sklep\/produkt\/filtr-do-pochlaniacza-dymu-laserpecker-air-purifier\/"},"modified":"2026-04-03T19:22:08","modified_gmt":"2026-04-03T17:22:08","slug":"filtr-do-pochlaniacza-dymu-laserpecker-air-purifier","status":"publish","type":"product","link":"https:\/\/ironsky.pl\/sklep\/produkt\/filtr-do-pochlaniacza-dymu-laserpecker-air-purifier\/","title":{"rendered":"Filtr do poch\u0142aniacza dymu LaserPecker Air Purifier"},"content":{"rendered":"<h3>Filtr do poch\u0142aniacza dymu LaserPecker Air Purifier<\/h3>\n<p>Filtr do poch\u0142aniacza dymu LaserPecker Air Purifier skutecznie usuwa zanieczyszczenia, takie jak dym, py\u0142y i drobne cz\u0105steczki z powietrza. Du\u017ca powierzchnia filtracyjna zapewnia d\u0142ugotrwa\u0142\u0105 i wydajn\u0105 prac\u0119 urz\u0105dzenia. Filtr cechuje si\u0119 \u017cywotno\u015bci\u0105 od 3 do 6 miesi\u0119cy, w zale\u017cno\u015bci od intensywno\u015bci u\u017cytkowania, co sprawia, \u017ce jest idealnym rozwi\u0105zaniem do profesjonalnych zastosowa\u0144, gdzie czyste powietrze jest priorytetem.<\/p>\n<p>\n<img decoding=\"async\" src=\"https:\/\/assets.innpro.pl\/9614\/11216\/2.jpg\" border=\"0\" \/>\n<\/p>\n<div class=\"table-wrapper\">\n<p>\u00a0<\/p>\n<h3><\/h3>\n<table>\n<tbody>\n<tr>\n<th>Producent<\/th>\n<td>LaserPecker<\/td>\n<\/tr>\n<tr>\n<th>Kod producenta<\/th>\n<td>LP-APF<\/td>\n<\/tr>\n<tr>\n<th>Kompatybilno\u015b\u0107<\/th>\n<td>LaserPecker Air Purifier<\/td>\n<\/tr>\n<\/tbody>\n<\/table>\n<\/div>\n","protected":false},"excerpt":{"rendered":"<p>Filtr do poch\u0142aniacza dymu LaserPecker Air Purifier Filtr do poch\u0142aniacza dymu LaserPecker Air Purifier skutecznie usuwa zanieczyszczenia, takie jak dym,<\/p>\n","protected":false},"featured_media":45698,"comment_status":"closed","ping_status":"open","template":"","meta":{"_acf_changed":false},"product_brand":[],"product_cat":[5994,5997,5988],"product_tag":[],"class_list":{"0":"post-45697","1":"product","2":"type-product","3":"status-publish","4":"has-post-thumbnail","6":"product_cat-akcesoria-do-wycinania-laserowego","7":"product_cat-druk-3d","8":"product_cat-wycinarki-laserowe-i-grawerki","9":"pa_producent-laserpecker","11":"first","12":"instock","13":"taxable","14":"shipping-taxable","15":"purchasable","16":"product-type-simple"},"acf":[],"yoast_head":"<!-- This site is optimized with the Yoast SEO plugin v27.2 - https:\/\/yoast.com\/product\/yoast-seo-wordpress\/ -->\n<title>Filtr do poch\u0142aniacza dymu LaserPecker Air Purifier - IRONSKY.PL Sklep z Dronami<\/title>\n<meta name=\"description\" content=\"Filtr do poch\u0142aniacza dymu LaserPecker Air Purifier - \u2705 sklep z dronami i fachowym doradztwem. \u2705 Tutaj kupisz produkty DJI, Yuneec, Parrot, Syma i wiele innych, a tak\u017ce kursy i licencje na operatora drona.\" \/>\n<meta name=\"robots\" content=\"index, follow, max-snippet:-1, max-image-preview:large, max-video-preview:-1\" \/>\n<link rel=\"canonical\" href=\"https:\/\/ironsky.pl\/sklep\/produkt\/filtr-do-pochlaniacza-dymu-laserpecker-air-purifier\/\" \/>\n<meta property=\"og:locale\" content=\"pl_PL\" \/>\n<meta property=\"og:type\" content=\"article\" \/>\n<meta property=\"og:title\" content=\"Filtr do poch\u0142aniacza dymu LaserPecker Air Purifier - IRONSKY.PL Sklep z Dronami\" \/>\n<meta property=\"og:description\" content=\"Filtr do poch\u0142aniacza dymu LaserPecker Air Purifier - \u2705 sklep z dronami i fachowym doradztwem. \u2705 Tutaj kupisz produkty DJI, Yuneec, Parrot, Syma i wiele innych, a tak\u017ce kursy i licencje na operatora drona.\" \/>\n<meta property=\"og:url\" content=\"https:\/\/ironsky.pl\/sklep\/produkt\/filtr-do-pochlaniacza-dymu-laserpecker-air-purifier\/\" \/>\n<meta property=\"og:site_name\" content=\"IRONSKY.PL Sklep z Dronami\" \/>\n<meta property=\"article:modified_time\" content=\"2026-04-03T17:22:08+00:00\" \/>\n<meta property=\"og:image\" content=\"https:\/\/ironsky.pl\/sklep\/wp-content\/uploads\/2025\/06\/45798_1.jpg\" \/>\n\t<meta property=\"og:image:width\" content=\"1200\" \/>\n\t<meta property=\"og:image:height\" content=\"1200\" \/>\n\t<meta property=\"og:image:type\" content=\"image\/jpeg\" \/>\n<meta name=\"twitter:card\" content=\"summary_large_image\" \/>\n<script type=\"application\/ld+json\" class=\"yoast-schema-graph\">{\"@context\":\"https:\/\/schema.org\",\"@graph\":[{\"@type\":\"WebPage\",\"@id\":\"https:\/\/ironsky.pl\/sklep\/produkt\/filtr-do-pochlaniacza-dymu-laserpecker-air-purifier\/\",\"url\":\"https:\/\/ironsky.pl\/sklep\/produkt\/filtr-do-pochlaniacza-dymu-laserpecker-air-purifier\/\",\"name\":\"Filtr do poch\u0142aniacza dymu LaserPecker Air Purifier - IRONSKY.PL Sklep z Dronami\",\"isPartOf\":{\"@id\":\"https:\/\/ironsky.pl\/sklep\/#website\"},\"primaryImageOfPage\":{\"@id\":\"https:\/\/ironsky.pl\/sklep\/produkt\/filtr-do-pochlaniacza-dymu-laserpecker-air-purifier\/#primaryimage\"},\"image\":{\"@id\":\"https:\/\/ironsky.pl\/sklep\/produkt\/filtr-do-pochlaniacza-dymu-laserpecker-air-purifier\/#primaryimage\"},\"thumbnailUrl\":\"https:\/\/ironsky.pl\/sklep\/wp-content\/uploads\/2025\/06\/45798_1.jpg\",\"datePublished\":\"2025-06-13T13:18:09+00:00\",\"dateModified\":\"2026-04-03T17:22:08+00:00\",\"description\":\"Filtr do poch\u0142aniacza dymu LaserPecker Air Purifier - \u2705 sklep z dronami i fachowym doradztwem. \u2705 Tutaj kupisz produkty DJI, Yuneec, Parrot, Syma i wiele innych, a tak\u017ce kursy i licencje na operatora drona.\",\"breadcrumb\":{\"@id\":\"https:\/\/ironsky.pl\/sklep\/produkt\/filtr-do-pochlaniacza-dymu-laserpecker-air-purifier\/#breadcrumb\"},\"inLanguage\":\"pl-PL\",\"potentialAction\":[{\"@type\":\"ReadAction\",\"target\":[\"https:\/\/ironsky.pl\/sklep\/produkt\/filtr-do-pochlaniacza-dymu-laserpecker-air-purifier\/\"]}]},{\"@type\":\"ImageObject\",\"inLanguage\":\"pl-PL\",\"@id\":\"https:\/\/ironsky.pl\/sklep\/produkt\/filtr-do-pochlaniacza-dymu-laserpecker-air-purifier\/#primaryimage\",\"url\":\"https:\/\/ironsky.pl\/sklep\/wp-content\/uploads\/2025\/06\/45798_1.jpg\",\"contentUrl\":\"https:\/\/ironsky.pl\/sklep\/wp-content\/uploads\/2025\/06\/45798_1.jpg\",\"width\":1200,\"height\":1200},{\"@type\":\"BreadcrumbList\",\"@id\":\"https:\/\/ironsky.pl\/sklep\/produkt\/filtr-do-pochlaniacza-dymu-laserpecker-air-purifier\/#breadcrumb\",\"itemListElement\":[{\"@type\":\"ListItem\",\"position\":1,\"name\":\"Strona g\u0142\u00f3wna\",\"item\":\"https:\/\/ironsky.pl\/sklep\/\"},{\"@type\":\"ListItem\",\"position\":2,\"name\":\"Wszystkie produkty\",\"item\":\"https:\/\/ironsky.pl\/sklep\/sklep\/\"},{\"@type\":\"ListItem\",\"position\":3,\"name\":\"Filtr do poch\u0142aniacza dymu LaserPecker Air Purifier\"}]},{\"@type\":\"WebSite\",\"@id\":\"https:\/\/ironsky.pl\/sklep\/#website\",\"url\":\"https:\/\/ironsky.pl\/sklep\/\",\"name\":\"IRONSKY.PL Sklep z Dronami\",\"description\":\"IRONSKY.PL Sklep z Dronami\",\"potentialAction\":[{\"@type\":\"SearchAction\",\"target\":{\"@type\":\"EntryPoint\",\"urlTemplate\":\"https:\/\/ironsky.pl\/sklep\/?s={search_term_string}\"},\"query-input\":{\"@type\":\"PropertyValueSpecification\",\"valueRequired\":true,\"valueName\":\"search_term_string\"}}],\"inLanguage\":\"pl-PL\"}]}<\/script>\n<!-- \/ Yoast SEO plugin. -->","yoast_head_json":{"title":"Filtr do poch\u0142aniacza dymu LaserPecker Air Purifier - IRONSKY.PL Sklep z Dronami","description":"Filtr do poch\u0142aniacza dymu LaserPecker Air Purifier - \u2705 sklep z dronami i fachowym doradztwem. \u2705 Tutaj kupisz produkty DJI, Yuneec, Parrot, Syma i wiele innych, a tak\u017ce kursy i licencje na operatora drona.","robots":{"index":"index","follow":"follow","max-snippet":"max-snippet:-1","max-image-preview":"max-image-preview:large","max-video-preview":"max-video-preview:-1"},"canonical":"https:\/\/ironsky.pl\/sklep\/produkt\/filtr-do-pochlaniacza-dymu-laserpecker-air-purifier\/","og_locale":"pl_PL","og_type":"article","og_title":"Filtr do poch\u0142aniacza dymu LaserPecker Air Purifier - IRONSKY.PL Sklep z Dronami","og_description":"Filtr do poch\u0142aniacza dymu LaserPecker Air Purifier - \u2705 sklep z dronami i fachowym doradztwem. \u2705 Tutaj kupisz produkty DJI, Yuneec, Parrot, Syma i wiele innych, a tak\u017ce kursy i licencje na operatora drona.","og_url":"https:\/\/ironsky.pl\/sklep\/produkt\/filtr-do-pochlaniacza-dymu-laserpecker-air-purifier\/","og_site_name":"IRONSKY.PL Sklep z Dronami","article_modified_time":"2026-04-03T17:22:08+00:00","og_image":[{"width":1200,"height":1200,"url":"https:\/\/ironsky.pl\/sklep\/wp-content\/uploads\/2025\/06\/45798_1.jpg","type":"image\/jpeg"}],"twitter_card":"summary_large_image","schema":{"@context":"https:\/\/schema.org","@graph":[{"@type":"WebPage","@id":"https:\/\/ironsky.pl\/sklep\/produkt\/filtr-do-pochlaniacza-dymu-laserpecker-air-purifier\/","url":"https:\/\/ironsky.pl\/sklep\/produkt\/filtr-do-pochlaniacza-dymu-laserpecker-air-purifier\/","name":"Filtr do poch\u0142aniacza dymu LaserPecker Air Purifier - IRONSKY.PL Sklep z Dronami","isPartOf":{"@id":"https:\/\/ironsky.pl\/sklep\/#website"},"primaryImageOfPage":{"@id":"https:\/\/ironsky.pl\/sklep\/produkt\/filtr-do-pochlaniacza-dymu-laserpecker-air-purifier\/#primaryimage"},"image":{"@id":"https:\/\/ironsky.pl\/sklep\/produkt\/filtr-do-pochlaniacza-dymu-laserpecker-air-purifier\/#primaryimage"},"thumbnailUrl":"https:\/\/ironsky.pl\/sklep\/wp-content\/uploads\/2025\/06\/45798_1.jpg","datePublished":"2025-06-13T13:18:09+00:00","dateModified":"2026-04-03T17:22:08+00:00","description":"Filtr do poch\u0142aniacza dymu LaserPecker Air Purifier - \u2705 sklep z dronami i fachowym doradztwem. \u2705 Tutaj kupisz produkty DJI, Yuneec, Parrot, Syma i wiele innych, a tak\u017ce kursy i licencje na operatora drona.","breadcrumb":{"@id":"https:\/\/ironsky.pl\/sklep\/produkt\/filtr-do-pochlaniacza-dymu-laserpecker-air-purifier\/#breadcrumb"},"inLanguage":"pl-PL","potentialAction":[{"@type":"ReadAction","target":["https:\/\/ironsky.pl\/sklep\/produkt\/filtr-do-pochlaniacza-dymu-laserpecker-air-purifier\/"]}]},{"@type":"ImageObject","inLanguage":"pl-PL","@id":"https:\/\/ironsky.pl\/sklep\/produkt\/filtr-do-pochlaniacza-dymu-laserpecker-air-purifier\/#primaryimage","url":"https:\/\/ironsky.pl\/sklep\/wp-content\/uploads\/2025\/06\/45798_1.jpg","contentUrl":"https:\/\/ironsky.pl\/sklep\/wp-content\/uploads\/2025\/06\/45798_1.jpg","width":1200,"height":1200},{"@type":"BreadcrumbList","@id":"https:\/\/ironsky.pl\/sklep\/produkt\/filtr-do-pochlaniacza-dymu-laserpecker-air-purifier\/#breadcrumb","itemListElement":[{"@type":"ListItem","position":1,"name":"Strona g\u0142\u00f3wna","item":"https:\/\/ironsky.pl\/sklep\/"},{"@type":"ListItem","position":2,"name":"Wszystkie produkty","item":"https:\/\/ironsky.pl\/sklep\/sklep\/"},{"@type":"ListItem","position":3,"name":"Filtr do poch\u0142aniacza dymu LaserPecker Air Purifier"}]},{"@type":"WebSite","@id":"https:\/\/ironsky.pl\/sklep\/#website","url":"https:\/\/ironsky.pl\/sklep\/","name":"IRONSKY.PL Sklep z Dronami","description":"IRONSKY.PL Sklep z Dronami","potentialAction":[{"@type":"SearchAction","target":{"@type":"EntryPoint","urlTemplate":"https:\/\/ironsky.pl\/sklep\/?s={search_term_string}"},"query-input":{"@type":"PropertyValueSpecification","valueRequired":true,"valueName":"search_term_string"}}],"inLanguage":"pl-PL"}]}},"_links":{"self":[{"href":"https:\/\/ironsky.pl\/sklep\/wp-json\/wp\/v2\/product\/45697","targetHints":{"allow":["GET"]}}],"collection":[{"href":"https:\/\/ironsky.pl\/sklep\/wp-json\/wp\/v2\/product"}],"about":[{"href":"https:\/\/ironsky.pl\/sklep\/wp-json\/wp\/v2\/types\/product"}],"replies":[{"embeddable":true,"href":"https:\/\/ironsky.pl\/sklep\/wp-json\/wp\/v2\/comments?post=45697"}],"wp:featuredmedia":[{"embeddable":true,"href":"https:\/\/ironsky.pl\/sklep\/wp-json\/wp\/v2\/media\/45698"}],"wp:attachment":[{"href":"https:\/\/ironsky.pl\/sklep\/wp-json\/wp\/v2\/media?parent=45697"}],"wp:term":[{"taxonomy":"product_brand","embeddable":true,"href":"https:\/\/ironsky.pl\/sklep\/wp-json\/wp\/v2\/product_brand?post=45697"},{"taxonomy":"product_cat","embeddable":true,"href":"https:\/\/ironsky.pl\/sklep\/wp-json\/wp\/v2\/product_cat?post=45697"},{"taxonomy":"product_tag","embeddable":true,"href":"https:\/\/ironsky.pl\/sklep\/wp-json\/wp\/v2\/product_tag?post=45697"}],"curies":[{"name":"wp","href":"https:\/\/api.w.org\/{rel}","templated":true}]}}