{"id":45359,"date":"2025-06-13T15:15:12","date_gmt":"2025-06-13T13:15:12","guid":{"rendered":"https:\/\/ironsky.pl\/drony-sklep\/produkt\/obudowa-dysku-ssd-baseus-flyjoy-szary\/"},"modified":"2026-03-05T15:58:25","modified_gmt":"2026-03-05T14:58:25","slug":"obudowa-dysku-ssd-baseus-flyjoy-szary","status":"publish","type":"product","link":"https:\/\/ironsky.pl\/sklep\/produkt\/obudowa-dysku-ssd-baseus-flyjoy-szary\/","title":{"rendered":"Obudowa dysku SSD Baseus FlyJoy (szary)"},"content":{"rendered":"<h3>Obudowa dysku SSD Baseus FlyJoy (szary)<\/h3>\n<p>Obudowa dysku SSD Baseus FlyJoy Series (M.2 NVMe) to zaawansowane rozwi\u0105zanie, kt\u00f3re \u0142\u0105czy w sobie najwy\u017csz\u0105 wydajno\u015b\u0107 i opatentowan\u0105 technologi\u0119 ochrony danych. Zapewnia szybki, bezpieczny i stabilny transfer plik\u00f3w, co czyni j\u0105 idealnym wyborem dla profesjonalist\u00f3w i entuzjast\u00f3w technologii.<\/p>\n<p>\n<img decoding=\"async\" src=\"https:\/\/assets.innpro.pl\/7830\/9083\/5.jpg\" border=\"0\" \/>\n<\/p>\n<h3>Szybki transfer danych bez op\u00f3\u017anie\u0144<\/h3>\n<p>Dzi\u0119ki wbudowanemu chipowi Realtek i wsparciu dla standardu USB 3.2 Gen2, pr\u0119dko\u015b\u0107 transferu si\u0119ga 10 Gbps. Oznacza to, \u017ce mo\u017cesz przes\u0142a\u0107 1 GB plik\u00f3w w oko\u0142o 1 sekund\u0119. Obs\u0142uga protoko\u0142u transferu danych UASP oraz funkcji TRIM dodatkowo zwi\u0119ksza wydajno\u015b\u0107 i stabilno\u015b\u0107 po\u0142\u0105czenia, minimalizuj\u0105c op\u00f3\u017anienia i zapewniaj\u0105c p\u0142ynny przep\u0142yw danych.<\/p>\n<p>\n<img decoding=\"async\" src=\"https:\/\/assets.innpro.pl\/7830\/9083\/3.jpg\" border=\"0\" \/>\n<\/p>\n<h3>Obs\u0142uga du\u017cych pojemno\u015bci<\/h3>\n<p>Obudowa Baseus FlyJoy obs\u0142uguje dyski SSD o pojemno\u015bci do 8 TB, co pozwala na przechowywanie ogromnej ilo\u015bci danych, w tym do 2,78 milion\u00f3w obraz\u00f3w w rozdzielczo\u015bci HD, 5400 film\u00f3w HD lub 8,4 miliona dokument\u00f3w. Dzi\u0119ki temu nie musisz si\u0119 martwi\u0107, \u017ce zabraknie Ci miejsca na Twoje pliki!<\/p>\n<p>\n<img decoding=\"async\" src=\"https:\/\/assets.innpro.pl\/7830\/9083\/6.jpg\" border=\"0\" \/>\n<\/p>\n<h3>Szeroka kompatybilno\u015b\u0107<\/h3>\n<p>Produkt jest kompatybilny z dyskami w rozmiarach 2280, 2260, 2242 oraz 2230, a tak\u017ce z systemami operacyjnymi Windows, macOS i Linux. Co wi\u0119cej, do\u0142\u0105czony do zestawu kabel USB-C do USB-C pozwala bez problemu pod\u0142\u0105czy\u0107 go do wi\u0119kszo\u015bci popularnych urz\u0105dze\u0144, takich jak laptopy czy smartfony.<\/p>\n<p>\n<img decoding=\"async\" src=\"https:\/\/assets.innpro.pl\/7830\/9083\/4.jpg\" border=\"0\" \/>\n<\/p>\n<h3>Doskona\u0142e ch\u0142odzenie i ochrona<\/h3>\n<p>Technologia BTC, aluminiowa obudowa oraz silikonowa podk\u0142adka ch\u0142odz\u0105ca gwarantuj\u0105 efektywne odprowadzanie ciep\u0142a, co chroni dysk przed przegrzaniem i przed\u0142u\u017ca jego \u017cywotno\u015b\u0107. Co wi\u0119cej, do zestawu do\u0142\u0105czono silikonow\u0105 os\u0142on\u0119, kt\u00f3ra zapewnia dodatkowe zabezpieczenie przed uszkodzeniami mechanicznymi.<\/p>\n<p>\n<img decoding=\"async\" src=\"https:\/\/assets.innpro.pl\/7830\/9083\/1.jpg\" border=\"0\" \/>\n<\/p>\n<h3>Prosta instalacja i wygodne u\u017cytkowanie<\/h3>\n<p>Obudowa Baseus FlyJoy wyr\u00f3\u017cnia si\u0119 prostot\u0105 instalacji, kt\u00f3ra nie wymaga zaawansowanej wiedzy technicznej. Ponadto wygodny przycisk do w\u0142\u0105czania i wy\u0142\u0105czania oraz wbudowany wska\u017anik \u015bwietlny informuj\u0105cy o statusie pracy sprawiaj\u0105, \u017ce produkt jest bardzo intuicyjny w obs\u0142udze. Co wi\u0119cej, po 10 minutach bezczynno\u015bci urz\u0105dzenie automatycznie przechodzi w tryb u\u015bpienia, co pozwala oszcz\u0119dza\u0107 energi\u0119 i przed\u0142u\u017ca \u017cywotno\u015b\u0107 dysku.<\/p>\n<p>\n<img decoding=\"async\" src=\"https:\/\/assets.innpro.pl\/7830\/9083\/2.jpg\" border=\"0\" \/>\n<\/p>\n<h3>W zestawie<\/h3>\n<ul class=\"list-disc pl-5\">\n<li>Obudowa dysku<\/li>\n<li>Silikonowa os\u0142ona<\/li>\n<li>Ch\u0142odz\u0105ca podk\u0142adka silikonowa<\/li>\n<li>Kabel USB-C do USB-C<\/li>\n<\/ul>\n<div class=\"table-wrapper\">\n<p>\u00a0<\/p>\n<h3><\/h3>\n<table>\n<tbody>\n<tr>\n<th>Producent<\/th>\n<td>Baseus<\/td>\n<\/tr>\n<tr>\n<th>Nazwa<\/th>\n<td>FlyJoy Series SSD Enclosure (M.2 NVMe)<\/td>\n<\/tr>\n<tr>\n<th>Model<\/th>\n<td>B00760600811-01<\/td>\n<\/tr>\n<tr>\n<th>Kolor<\/th>\n<td>Szary<\/td>\n<\/tr>\n<tr>\n<th>Materia\u0142<\/th>\n<td>Stop aluminium<\/td>\n<\/tr>\n<tr>\n<th>Waga<\/th>\n<td>Ok. 43 g<\/td>\n<\/tr>\n<tr>\n<th>Kompatybilno\u015b\u0107<\/th>\n<td>M2. NVMe<\/td>\n<\/tr>\n<tr>\n<th>Obs\u0142ugiwane rozmiary dysk\u00f3w SSD<\/th>\n<td>2280, 2260, 2242, 2230<\/td>\n<\/tr>\n<tr>\n<th>Protok\u00f3\u0142 transferu danych<\/th>\n<td>UASP<\/td>\n<\/tr>\n<tr>\n<th>Inne<\/th>\n<td>Obs\u0142uga TRIM<\/td>\n<\/tr>\n<tr>\n<th>Kompatybilne systemy operacyjne<\/th>\n<td>Windows, macOS, Linux<\/td>\n<\/tr>\n<\/tbody>\n<\/table>\n<\/div>\n","protected":false},"excerpt":{"rendered":"<p>Obudowa dysku SSD Baseus FlyJoy (szary) Obudowa dysku SSD Baseus FlyJoy Series (M.2 NVMe) to zaawansowane rozwi\u0105zanie, kt\u00f3re \u0142\u0105czy w<\/p>\n","protected":false},"featured_media":45360,"comment_status":"closed","ping_status":"open","template":"","meta":{"_acf_changed":false},"product_brand":[],"product_cat":[5929,5936],"product_tag":[],"class_list":{"0":"post-45359","1":"product","2":"type-product","3":"status-publish","4":"has-post-thumbnail","6":"product_cat-akcesoria-it","7":"product_cat-obudowy-dyskow","8":"pa_okres-gwarancji-5754","9":"pa_producent-baseus","11":"first","12":"outofstock","13":"taxable","14":"shipping-taxable","15":"purchasable","16":"product-type-simple"},"acf":[],"yoast_head":"<!-- This site is optimized with the Yoast SEO plugin v27.2 - https:\/\/yoast.com\/product\/yoast-seo-wordpress\/ -->\n<title>Obudowa dysku SSD Baseus FlyJoy (szary) - IRONSKY.PL Sklep z Dronami<\/title>\n<meta name=\"description\" content=\"Obudowa dysku SSD Baseus FlyJoy (szary) - \u2705 sklep z dronami i fachowym doradztwem. \u2705 Tutaj kupisz produkty DJI, Yuneec, Parrot, Syma i wiele innych, a tak\u017ce kursy i licencje na operatora drona.\" \/>\n<meta name=\"robots\" content=\"index, follow, max-snippet:-1, max-image-preview:large, max-video-preview:-1\" \/>\n<link rel=\"canonical\" href=\"https:\/\/ironsky.pl\/sklep\/produkt\/obudowa-dysku-ssd-baseus-flyjoy-szary\/\" \/>\n<meta property=\"og:locale\" content=\"pl_PL\" \/>\n<meta property=\"og:type\" content=\"article\" \/>\n<meta property=\"og:title\" content=\"Obudowa dysku SSD Baseus FlyJoy (szary) - IRONSKY.PL Sklep z Dronami\" \/>\n<meta property=\"og:description\" content=\"Obudowa dysku SSD Baseus FlyJoy (szary) - \u2705 sklep z dronami i fachowym doradztwem. \u2705 Tutaj kupisz produkty DJI, Yuneec, Parrot, Syma i wiele innych, a tak\u017ce kursy i licencje na operatora drona.\" \/>\n<meta property=\"og:url\" content=\"https:\/\/ironsky.pl\/sklep\/produkt\/obudowa-dysku-ssd-baseus-flyjoy-szary\/\" \/>\n<meta property=\"og:site_name\" content=\"IRONSKY.PL Sklep z Dronami\" \/>\n<meta property=\"article:modified_time\" content=\"2026-03-05T14:58:25+00:00\" \/>\n<meta property=\"og:image\" content=\"https:\/\/ironsky.pl\/sklep\/wp-content\/uploads\/2025\/06\/44548_8.jpg\" \/>\n\t<meta property=\"og:image:width\" content=\"800\" \/>\n\t<meta property=\"og:image:height\" content=\"800\" \/>\n\t<meta property=\"og:image:type\" content=\"image\/jpeg\" \/>\n<meta name=\"twitter:card\" content=\"summary_large_image\" \/>\n<meta name=\"twitter:label1\" content=\"Szacowany czas czytania\" \/>\n\t<meta name=\"twitter:data1\" content=\"2 minuty\" \/>\n<script type=\"application\/ld+json\" class=\"yoast-schema-graph\">{\"@context\":\"https:\/\/schema.org\",\"@graph\":[{\"@type\":\"WebPage\",\"@id\":\"https:\/\/ironsky.pl\/sklep\/produkt\/obudowa-dysku-ssd-baseus-flyjoy-szary\/\",\"url\":\"https:\/\/ironsky.pl\/sklep\/produkt\/obudowa-dysku-ssd-baseus-flyjoy-szary\/\",\"name\":\"Obudowa dysku SSD Baseus FlyJoy (szary) - IRONSKY.PL Sklep z Dronami\",\"isPartOf\":{\"@id\":\"https:\/\/ironsky.pl\/sklep\/#website\"},\"primaryImageOfPage\":{\"@id\":\"https:\/\/ironsky.pl\/sklep\/produkt\/obudowa-dysku-ssd-baseus-flyjoy-szary\/#primaryimage\"},\"image\":{\"@id\":\"https:\/\/ironsky.pl\/sklep\/produkt\/obudowa-dysku-ssd-baseus-flyjoy-szary\/#primaryimage\"},\"thumbnailUrl\":\"https:\/\/ironsky.pl\/sklep\/wp-content\/uploads\/2025\/06\/44548_8.jpg\",\"datePublished\":\"2025-06-13T13:15:12+00:00\",\"dateModified\":\"2026-03-05T14:58:25+00:00\",\"description\":\"Obudowa dysku SSD Baseus FlyJoy (szary) - \u2705 sklep z dronami i fachowym doradztwem. \u2705 Tutaj kupisz produkty DJI, Yuneec, Parrot, Syma i wiele innych, a tak\u017ce kursy i licencje na operatora drona.\",\"breadcrumb\":{\"@id\":\"https:\/\/ironsky.pl\/sklep\/produkt\/obudowa-dysku-ssd-baseus-flyjoy-szary\/#breadcrumb\"},\"inLanguage\":\"pl-PL\",\"potentialAction\":[{\"@type\":\"ReadAction\",\"target\":[\"https:\/\/ironsky.pl\/sklep\/produkt\/obudowa-dysku-ssd-baseus-flyjoy-szary\/\"]}]},{\"@type\":\"ImageObject\",\"inLanguage\":\"pl-PL\",\"@id\":\"https:\/\/ironsky.pl\/sklep\/produkt\/obudowa-dysku-ssd-baseus-flyjoy-szary\/#primaryimage\",\"url\":\"https:\/\/ironsky.pl\/sklep\/wp-content\/uploads\/2025\/06\/44548_8.jpg\",\"contentUrl\":\"https:\/\/ironsky.pl\/sklep\/wp-content\/uploads\/2025\/06\/44548_8.jpg\",\"width\":800,\"height\":800},{\"@type\":\"BreadcrumbList\",\"@id\":\"https:\/\/ironsky.pl\/sklep\/produkt\/obudowa-dysku-ssd-baseus-flyjoy-szary\/#breadcrumb\",\"itemListElement\":[{\"@type\":\"ListItem\",\"position\":1,\"name\":\"Strona g\u0142\u00f3wna\",\"item\":\"https:\/\/ironsky.pl\/sklep\/\"},{\"@type\":\"ListItem\",\"position\":2,\"name\":\"Wszystkie produkty\",\"item\":\"https:\/\/ironsky.pl\/sklep\/produkty\/\"},{\"@type\":\"ListItem\",\"position\":3,\"name\":\"Obudowa dysku SSD Baseus FlyJoy (szary)\"}]},{\"@type\":\"WebSite\",\"@id\":\"https:\/\/ironsky.pl\/sklep\/#website\",\"url\":\"https:\/\/ironsky.pl\/sklep\/\",\"name\":\"IRONSKY.PL Sklep z Dronami\",\"description\":\"IRONSKY.PL Sklep z Dronami\",\"potentialAction\":[{\"@type\":\"SearchAction\",\"target\":{\"@type\":\"EntryPoint\",\"urlTemplate\":\"https:\/\/ironsky.pl\/sklep\/?s={search_term_string}\"},\"query-input\":{\"@type\":\"PropertyValueSpecification\",\"valueRequired\":true,\"valueName\":\"search_term_string\"}}],\"inLanguage\":\"pl-PL\"}]}<\/script>\n<!-- \/ Yoast SEO plugin. -->","yoast_head_json":{"title":"Obudowa dysku SSD Baseus FlyJoy (szary) - IRONSKY.PL Sklep z Dronami","description":"Obudowa dysku SSD Baseus FlyJoy (szary) - \u2705 sklep z dronami i fachowym doradztwem. \u2705 Tutaj kupisz produkty DJI, Yuneec, Parrot, Syma i wiele innych, a tak\u017ce kursy i licencje na operatora drona.","robots":{"index":"index","follow":"follow","max-snippet":"max-snippet:-1","max-image-preview":"max-image-preview:large","max-video-preview":"max-video-preview:-1"},"canonical":"https:\/\/ironsky.pl\/sklep\/produkt\/obudowa-dysku-ssd-baseus-flyjoy-szary\/","og_locale":"pl_PL","og_type":"article","og_title":"Obudowa dysku SSD Baseus FlyJoy (szary) - IRONSKY.PL Sklep z Dronami","og_description":"Obudowa dysku SSD Baseus FlyJoy (szary) - \u2705 sklep z dronami i fachowym doradztwem. \u2705 Tutaj kupisz produkty DJI, Yuneec, Parrot, Syma i wiele innych, a tak\u017ce kursy i licencje na operatora drona.","og_url":"https:\/\/ironsky.pl\/sklep\/produkt\/obudowa-dysku-ssd-baseus-flyjoy-szary\/","og_site_name":"IRONSKY.PL Sklep z Dronami","article_modified_time":"2026-03-05T14:58:25+00:00","og_image":[{"width":800,"height":800,"url":"https:\/\/ironsky.pl\/sklep\/wp-content\/uploads\/2025\/06\/44548_8.jpg","type":"image\/jpeg"}],"twitter_card":"summary_large_image","twitter_misc":{"Szacowany czas czytania":"2 minuty"},"schema":{"@context":"https:\/\/schema.org","@graph":[{"@type":"WebPage","@id":"https:\/\/ironsky.pl\/sklep\/produkt\/obudowa-dysku-ssd-baseus-flyjoy-szary\/","url":"https:\/\/ironsky.pl\/sklep\/produkt\/obudowa-dysku-ssd-baseus-flyjoy-szary\/","name":"Obudowa dysku SSD Baseus FlyJoy (szary) - IRONSKY.PL Sklep z Dronami","isPartOf":{"@id":"https:\/\/ironsky.pl\/sklep\/#website"},"primaryImageOfPage":{"@id":"https:\/\/ironsky.pl\/sklep\/produkt\/obudowa-dysku-ssd-baseus-flyjoy-szary\/#primaryimage"},"image":{"@id":"https:\/\/ironsky.pl\/sklep\/produkt\/obudowa-dysku-ssd-baseus-flyjoy-szary\/#primaryimage"},"thumbnailUrl":"https:\/\/ironsky.pl\/sklep\/wp-content\/uploads\/2025\/06\/44548_8.jpg","datePublished":"2025-06-13T13:15:12+00:00","dateModified":"2026-03-05T14:58:25+00:00","description":"Obudowa dysku SSD Baseus FlyJoy (szary) - \u2705 sklep z dronami i fachowym doradztwem. \u2705 Tutaj kupisz produkty DJI, Yuneec, Parrot, Syma i wiele innych, a tak\u017ce kursy i licencje na operatora drona.","breadcrumb":{"@id":"https:\/\/ironsky.pl\/sklep\/produkt\/obudowa-dysku-ssd-baseus-flyjoy-szary\/#breadcrumb"},"inLanguage":"pl-PL","potentialAction":[{"@type":"ReadAction","target":["https:\/\/ironsky.pl\/sklep\/produkt\/obudowa-dysku-ssd-baseus-flyjoy-szary\/"]}]},{"@type":"ImageObject","inLanguage":"pl-PL","@id":"https:\/\/ironsky.pl\/sklep\/produkt\/obudowa-dysku-ssd-baseus-flyjoy-szary\/#primaryimage","url":"https:\/\/ironsky.pl\/sklep\/wp-content\/uploads\/2025\/06\/44548_8.jpg","contentUrl":"https:\/\/ironsky.pl\/sklep\/wp-content\/uploads\/2025\/06\/44548_8.jpg","width":800,"height":800},{"@type":"BreadcrumbList","@id":"https:\/\/ironsky.pl\/sklep\/produkt\/obudowa-dysku-ssd-baseus-flyjoy-szary\/#breadcrumb","itemListElement":[{"@type":"ListItem","position":1,"name":"Strona g\u0142\u00f3wna","item":"https:\/\/ironsky.pl\/sklep\/"},{"@type":"ListItem","position":2,"name":"Wszystkie produkty","item":"https:\/\/ironsky.pl\/sklep\/produkty\/"},{"@type":"ListItem","position":3,"name":"Obudowa dysku SSD Baseus FlyJoy (szary)"}]},{"@type":"WebSite","@id":"https:\/\/ironsky.pl\/sklep\/#website","url":"https:\/\/ironsky.pl\/sklep\/","name":"IRONSKY.PL Sklep z Dronami","description":"IRONSKY.PL Sklep z Dronami","potentialAction":[{"@type":"SearchAction","target":{"@type":"EntryPoint","urlTemplate":"https:\/\/ironsky.pl\/sklep\/?s={search_term_string}"},"query-input":{"@type":"PropertyValueSpecification","valueRequired":true,"valueName":"search_term_string"}}],"inLanguage":"pl-PL"}]}},"_links":{"self":[{"href":"https:\/\/ironsky.pl\/sklep\/wp-json\/wp\/v2\/product\/45359","targetHints":{"allow":["GET"]}}],"collection":[{"href":"https:\/\/ironsky.pl\/sklep\/wp-json\/wp\/v2\/product"}],"about":[{"href":"https:\/\/ironsky.pl\/sklep\/wp-json\/wp\/v2\/types\/product"}],"replies":[{"embeddable":true,"href":"https:\/\/ironsky.pl\/sklep\/wp-json\/wp\/v2\/comments?post=45359"}],"wp:featuredmedia":[{"embeddable":true,"href":"https:\/\/ironsky.pl\/sklep\/wp-json\/wp\/v2\/media\/45360"}],"wp:attachment":[{"href":"https:\/\/ironsky.pl\/sklep\/wp-json\/wp\/v2\/media?parent=45359"}],"wp:term":[{"taxonomy":"product_brand","embeddable":true,"href":"https:\/\/ironsky.pl\/sklep\/wp-json\/wp\/v2\/product_brand?post=45359"},{"taxonomy":"product_cat","embeddable":true,"href":"https:\/\/ironsky.pl\/sklep\/wp-json\/wp\/v2\/product_cat?post=45359"},{"taxonomy":"product_tag","embeddable":true,"href":"https:\/\/ironsky.pl\/sklep\/wp-json\/wp\/v2\/product_tag?post=45359"}],"curies":[{"name":"wp","href":"https:\/\/api.w.org\/{rel}","templated":true}]}}