{"id":45329,"date":"2025-06-13T15:15:12","date_gmt":"2025-06-13T13:15:12","guid":{"rendered":"https:\/\/ironsky.pl\/drony-sklep\/produkt\/zestaw-skladana-klawiatura-bezprzewodowa-delux-kf10-i-mysz-mf10pr\/"},"modified":"2026-03-05T15:58:25","modified_gmt":"2026-03-05T14:58:25","slug":"zestaw-skladana-klawiatura-bezprzewodowa-delux-kf10-i-mysz-mf10pr","status":"publish","type":"product","link":"https:\/\/ironsky.pl\/sklep\/produkt\/zestaw-skladana-klawiatura-bezprzewodowa-delux-kf10-i-mysz-mf10pr\/","title":{"rendered":"Zestaw sk\u0142adana klawiatura bezprzewodowa Delux KF10 i mysz MF10PR"},"content":{"rendered":"<h3>Zestaw sk\u0142adana klawiatura bezprzewodowa Delux KF10 i mysz MF10PR<\/h3>\n<p>KF10+MF10PRO to doskona\u0142y zestaw do pracy. W opakowaniu znajdziesz kompaktow\u0105, sk\u0142adan\u0105 klawiatur\u0119 i ergonomiczn\u0105 mysz. Dodatkowo etui na klawiatur\u0119 pe\u0142ni funkcj\u0119 podp\u00f3rki pod tablet i smartfon. Oba urz\u0105dzenia pracuj\u0105 bezprzewodowo i \u0142\u0105cz\u0105 si\u0119 z kompatybilnym urz\u0105dzeniem na 3 sposoby. Ponadto zestaw cechuje si\u0119 minimalistycznym i eleganckim designem.<\/p>\n<p>\n<img decoding=\"async\" src=\"https:\/\/assets.innpro.pl\/7118\/8289\/2.jpg\" border=\"0\" \/>\n<\/p>\n<h3>Ergonomiczna mysz<\/h3>\n<p>Mysz Delux \u015bwietnie sprawdzi si\u0119 na co dzie\u0144. Dzi\u0119ki przemy\u015blanej konstrukcji mo\u017cesz z niej korzysta\u0107 przez d\u0142ugi czas bez uczucia dyskomfortu. Jest lekka i kompaktowa, wi\u0119c z \u0142atwo\u015bci\u0105 j\u0105 przechowasz. Posiada r\u00f3wnie\u017c panel dotykowy, dla jeszcze wi\u0119kszej wygody u\u017cytkowania. To nie wszystko! Pos\u0142u\u017cy te\u017c jako wska\u017anik laserowy, kt\u00f3ry wykorzystasz podczas prezentacji.<\/p>\n<p>\n<img decoding=\"async\" src=\"https:\/\/assets.innpro.pl\/7118\/8289\/5.jpg\" border=\"0\" \/>\n<\/p>\n<h3>Sk\u0142adana klawiatura<\/h3>\n<p>W zestawie znajdziesz r\u00f3wnie\u017c lekk\u0105 i kompaktow\u0105 klawiatur\u0119 \u2013 jej grubo\u015b\u0107 nie przekracza 6.6 mm. Dzi\u0119ki sk\u0142adanej magnetycznej konstrukcji nie zajmie wiele miejsca. Co wi\u0119cej, produkt wyr\u00f3\u017cnia si\u0119 cich\u0105 prac\u0105, dzi\u0119ki czemu mo\u017cesz z niej korzysta\u0107 w bibliotece czy kawiarni.<\/p>\n<p>\n<img decoding=\"async\" src=\"https:\/\/assets.innpro.pl\/7118\/8289\/4.jpg\" border=\"0\" \/>\n<\/p>\n<h3>Bezprzewodowa praca<\/h3>\n<p>Dla wi\u0119kszej wygody u\u017cytkowania, oba urz\u0105dzenia pracuj\u0105 bezprzewodowo. Klawiatura \u0142\u0105czy si\u0119 z kompatybilnym sprz\u0119tem poprzez Bluetooth. Co wi\u0119cej, mo\u017cesz j\u0105 sparowa\u0107 maksymalnie z 3 urz\u0105dzeniami jednocze\u015bnie i swobodnie prze\u0142\u0105cza\u0107 mi\u0119dzy nimi \u2013 wystarczy, \u017ce naci\u015bniesz odpowiedni klawisz.<\/p>\n<p>\n<img decoding=\"async\" src=\"https:\/\/assets.innpro.pl\/7118\/8289\/1.jpg\" border=\"0\" \/>\n<\/p>\n<h3>Etui w zestawie<\/h3>\n<p>Podr\u00f3\u017c s\u0142u\u017cbowa, wakacje \u2013 miej KF10+MF10PRO zawsze przy sobie. Do zestawu do\u0142\u0105czono r\u00f3wnie\u017c etui, w kt\u00f3rym przechowasz klawiatur\u0119. Dzi\u0119ki por\u0119cznej konstrukcji nie zajmie wiele miejsca. Dodatkowo pos\u0142u\u017cy jako podp\u00f3rka pod tablet i smartfon dla wygodnej pracy.<\/p>\n<p>\n<img decoding=\"async\" src=\"https:\/\/assets.innpro.pl\/7118\/8289\/3.jpg\" border=\"0\" \/>\n<\/p>\n<h3>W zestawie:<\/h3>\n<ul class=\"list-disc pl-5\">\n<li>klawiatura<\/li>\n<li>mysz<\/li>\n<li>kabel USB-A do USB-C<\/li>\n<li>etui\/podp\u00f3rka 2w1<\/li>\n<li>instrukcja obs\u0142ugi<\/li>\n<\/ul>\n<div class=\"table-wrapper\">\n<p>\u00a0<\/p>\n<h3><\/h3>\n<table>\n<tbody>\n<tr>\n<th>Producent <\/th>\n<td>Delux<\/td>\n<\/tr>\n<tr>\n<th>Model <\/th>\n<td>KF10 + MF10PR<\/td>\n<\/tr>\n<tr>\n<th>Kolor <\/th>\n<td>Fioletowy<\/td>\n<\/tr>\n<tr>\n<th>Kompatybilno\u015b\u0107 <\/th>\n<td>Windows 7 (lub nowszy), MacOS 10.8 (lub nowszy), Android 8.0 (lub nowszy), iOS 8.0 (lub nowszy)<\/td>\n<\/tr>\n<tr>\n<th>Maksymalna ilo\u015b\u0107 pod\u0142\u0105czonych urz\u0105dze\u0144 <\/th>\n<td>3<\/td>\n<\/tr>\n<tr>\n<th>Port \u0142adowania <\/th>\n<td>USB-C<\/td>\n<\/tr>\n<\/tbody>\n<\/table>\n<\/div>\n","protected":false},"excerpt":{"rendered":"<p>Zestaw sk\u0142adana klawiatura bezprzewodowa Delux KF10 i mysz MF10PR KF10+MF10PRO to doskona\u0142y zestaw do pracy. W opakowaniu znajdziesz kompaktow\u0105, sk\u0142adan\u0105<\/p>\n","protected":false},"featured_media":45330,"comment_status":"closed","ping_status":"open","template":"","meta":{"_acf_changed":false},"product_brand":[],"product_cat":[5929,6157],"product_tag":[],"class_list":{"0":"post-45329","1":"product","2":"type-product","3":"status-publish","4":"has-post-thumbnail","6":"product_cat-akcesoria-it","7":"product_cat-myszki-komputerowe","8":"pa_okres-gwarancji-5754","9":"pa_producent-delux","11":"first","12":"outofstock","13":"taxable","14":"shipping-taxable","15":"purchasable","16":"product-type-simple"},"acf":[],"yoast_head":"<!-- This site is optimized with the Yoast SEO plugin v27.2 - https:\/\/yoast.com\/product\/yoast-seo-wordpress\/ -->\n<title>Zestaw sk\u0142adana klawiatura bezprzewodowa Delux KF10 i mysz MF10PR - IRONSKY.PL Sklep z Dronami<\/title>\n<meta name=\"description\" content=\"Zestaw sk\u0142adana klawiatura bezprzewodowa Delux KF10 i mysz MF10PR - \u2705 sklep z dronami i fachowym doradztwem. \u2705 Tutaj kupisz produkty DJI, Yuneec, Parrot, Syma i wiele innych, a tak\u017ce kursy i licencje na operatora drona.\" \/>\n<meta name=\"robots\" content=\"index, follow, max-snippet:-1, max-image-preview:large, max-video-preview:-1\" \/>\n<link rel=\"canonical\" href=\"https:\/\/ironsky.pl\/sklep\/produkt\/zestaw-skladana-klawiatura-bezprzewodowa-delux-kf10-i-mysz-mf10pr\/\" \/>\n<meta property=\"og:locale\" content=\"pl_PL\" \/>\n<meta property=\"og:type\" content=\"article\" \/>\n<meta property=\"og:title\" content=\"Zestaw sk\u0142adana klawiatura bezprzewodowa Delux KF10 i mysz MF10PR - IRONSKY.PL Sklep z Dronami\" \/>\n<meta property=\"og:description\" content=\"Zestaw sk\u0142adana klawiatura bezprzewodowa Delux KF10 i mysz MF10PR - \u2705 sklep z dronami i fachowym doradztwem. \u2705 Tutaj kupisz produkty DJI, Yuneec, Parrot, Syma i wiele innych, a tak\u017ce kursy i licencje na operatora drona.\" \/>\n<meta property=\"og:url\" content=\"https:\/\/ironsky.pl\/sklep\/produkt\/zestaw-skladana-klawiatura-bezprzewodowa-delux-kf10-i-mysz-mf10pr\/\" \/>\n<meta property=\"og:site_name\" content=\"IRONSKY.PL Sklep z Dronami\" \/>\n<meta property=\"article:modified_time\" content=\"2026-03-05T14:58:25+00:00\" \/>\n<meta property=\"og:image\" content=\"https:\/\/ironsky.pl\/sklep\/wp-content\/uploads\/2025\/06\/44535_5.jpg\" \/>\n\t<meta property=\"og:image:width\" content=\"800\" \/>\n\t<meta property=\"og:image:height\" content=\"800\" \/>\n\t<meta property=\"og:image:type\" content=\"image\/jpeg\" \/>\n<meta name=\"twitter:card\" content=\"summary_large_image\" \/>\n<meta name=\"twitter:label1\" content=\"Szacowany czas czytania\" \/>\n\t<meta name=\"twitter:data1\" content=\"2 minuty\" \/>\n<script type=\"application\/ld+json\" class=\"yoast-schema-graph\">{\"@context\":\"https:\/\/schema.org\",\"@graph\":[{\"@type\":\"WebPage\",\"@id\":\"https:\/\/ironsky.pl\/sklep\/produkt\/zestaw-skladana-klawiatura-bezprzewodowa-delux-kf10-i-mysz-mf10pr\/\",\"url\":\"https:\/\/ironsky.pl\/sklep\/produkt\/zestaw-skladana-klawiatura-bezprzewodowa-delux-kf10-i-mysz-mf10pr\/\",\"name\":\"Zestaw sk\u0142adana klawiatura bezprzewodowa Delux KF10 i mysz MF10PR - IRONSKY.PL Sklep z Dronami\",\"isPartOf\":{\"@id\":\"https:\/\/ironsky.pl\/sklep\/#website\"},\"primaryImageOfPage\":{\"@id\":\"https:\/\/ironsky.pl\/sklep\/produkt\/zestaw-skladana-klawiatura-bezprzewodowa-delux-kf10-i-mysz-mf10pr\/#primaryimage\"},\"image\":{\"@id\":\"https:\/\/ironsky.pl\/sklep\/produkt\/zestaw-skladana-klawiatura-bezprzewodowa-delux-kf10-i-mysz-mf10pr\/#primaryimage\"},\"thumbnailUrl\":\"https:\/\/ironsky.pl\/sklep\/wp-content\/uploads\/2025\/06\/44535_5.jpg\",\"datePublished\":\"2025-06-13T13:15:12+00:00\",\"dateModified\":\"2026-03-05T14:58:25+00:00\",\"description\":\"Zestaw sk\u0142adana klawiatura bezprzewodowa Delux KF10 i mysz MF10PR - \u2705 sklep z dronami i fachowym doradztwem. \u2705 Tutaj kupisz produkty DJI, Yuneec, Parrot, Syma i wiele innych, a tak\u017ce kursy i licencje na operatora drona.\",\"breadcrumb\":{\"@id\":\"https:\/\/ironsky.pl\/sklep\/produkt\/zestaw-skladana-klawiatura-bezprzewodowa-delux-kf10-i-mysz-mf10pr\/#breadcrumb\"},\"inLanguage\":\"pl-PL\",\"potentialAction\":[{\"@type\":\"ReadAction\",\"target\":[\"https:\/\/ironsky.pl\/sklep\/produkt\/zestaw-skladana-klawiatura-bezprzewodowa-delux-kf10-i-mysz-mf10pr\/\"]}]},{\"@type\":\"ImageObject\",\"inLanguage\":\"pl-PL\",\"@id\":\"https:\/\/ironsky.pl\/sklep\/produkt\/zestaw-skladana-klawiatura-bezprzewodowa-delux-kf10-i-mysz-mf10pr\/#primaryimage\",\"url\":\"https:\/\/ironsky.pl\/sklep\/wp-content\/uploads\/2025\/06\/44535_5.jpg\",\"contentUrl\":\"https:\/\/ironsky.pl\/sklep\/wp-content\/uploads\/2025\/06\/44535_5.jpg\",\"width\":800,\"height\":800},{\"@type\":\"BreadcrumbList\",\"@id\":\"https:\/\/ironsky.pl\/sklep\/produkt\/zestaw-skladana-klawiatura-bezprzewodowa-delux-kf10-i-mysz-mf10pr\/#breadcrumb\",\"itemListElement\":[{\"@type\":\"ListItem\",\"position\":1,\"name\":\"Strona g\u0142\u00f3wna\",\"item\":\"https:\/\/ironsky.pl\/sklep\/\"},{\"@type\":\"ListItem\",\"position\":2,\"name\":\"Wszystkie produkty\",\"item\":\"https:\/\/ironsky.pl\/sklep\/produkty\/\"},{\"@type\":\"ListItem\",\"position\":3,\"name\":\"Zestaw sk\u0142adana klawiatura bezprzewodowa Delux KF10 i mysz MF10PR\"}]},{\"@type\":\"WebSite\",\"@id\":\"https:\/\/ironsky.pl\/sklep\/#website\",\"url\":\"https:\/\/ironsky.pl\/sklep\/\",\"name\":\"IRONSKY.PL Sklep z Dronami\",\"description\":\"IRONSKY.PL Sklep z Dronami\",\"potentialAction\":[{\"@type\":\"SearchAction\",\"target\":{\"@type\":\"EntryPoint\",\"urlTemplate\":\"https:\/\/ironsky.pl\/sklep\/?s={search_term_string}\"},\"query-input\":{\"@type\":\"PropertyValueSpecification\",\"valueRequired\":true,\"valueName\":\"search_term_string\"}}],\"inLanguage\":\"pl-PL\"}]}<\/script>\n<!-- \/ Yoast SEO plugin. -->","yoast_head_json":{"title":"Zestaw sk\u0142adana klawiatura bezprzewodowa Delux KF10 i mysz MF10PR - IRONSKY.PL Sklep z Dronami","description":"Zestaw sk\u0142adana klawiatura bezprzewodowa Delux KF10 i mysz MF10PR - \u2705 sklep z dronami i fachowym doradztwem. \u2705 Tutaj kupisz produkty DJI, Yuneec, Parrot, Syma i wiele innych, a tak\u017ce kursy i licencje na operatora drona.","robots":{"index":"index","follow":"follow","max-snippet":"max-snippet:-1","max-image-preview":"max-image-preview:large","max-video-preview":"max-video-preview:-1"},"canonical":"https:\/\/ironsky.pl\/sklep\/produkt\/zestaw-skladana-klawiatura-bezprzewodowa-delux-kf10-i-mysz-mf10pr\/","og_locale":"pl_PL","og_type":"article","og_title":"Zestaw sk\u0142adana klawiatura bezprzewodowa Delux KF10 i mysz MF10PR - IRONSKY.PL Sklep z Dronami","og_description":"Zestaw sk\u0142adana klawiatura bezprzewodowa Delux KF10 i mysz MF10PR - \u2705 sklep z dronami i fachowym doradztwem. \u2705 Tutaj kupisz produkty DJI, Yuneec, Parrot, Syma i wiele innych, a tak\u017ce kursy i licencje na operatora drona.","og_url":"https:\/\/ironsky.pl\/sklep\/produkt\/zestaw-skladana-klawiatura-bezprzewodowa-delux-kf10-i-mysz-mf10pr\/","og_site_name":"IRONSKY.PL Sklep z Dronami","article_modified_time":"2026-03-05T14:58:25+00:00","og_image":[{"width":800,"height":800,"url":"https:\/\/ironsky.pl\/sklep\/wp-content\/uploads\/2025\/06\/44535_5.jpg","type":"image\/jpeg"}],"twitter_card":"summary_large_image","twitter_misc":{"Szacowany czas czytania":"2 minuty"},"schema":{"@context":"https:\/\/schema.org","@graph":[{"@type":"WebPage","@id":"https:\/\/ironsky.pl\/sklep\/produkt\/zestaw-skladana-klawiatura-bezprzewodowa-delux-kf10-i-mysz-mf10pr\/","url":"https:\/\/ironsky.pl\/sklep\/produkt\/zestaw-skladana-klawiatura-bezprzewodowa-delux-kf10-i-mysz-mf10pr\/","name":"Zestaw sk\u0142adana klawiatura bezprzewodowa Delux KF10 i mysz MF10PR - IRONSKY.PL Sklep z Dronami","isPartOf":{"@id":"https:\/\/ironsky.pl\/sklep\/#website"},"primaryImageOfPage":{"@id":"https:\/\/ironsky.pl\/sklep\/produkt\/zestaw-skladana-klawiatura-bezprzewodowa-delux-kf10-i-mysz-mf10pr\/#primaryimage"},"image":{"@id":"https:\/\/ironsky.pl\/sklep\/produkt\/zestaw-skladana-klawiatura-bezprzewodowa-delux-kf10-i-mysz-mf10pr\/#primaryimage"},"thumbnailUrl":"https:\/\/ironsky.pl\/sklep\/wp-content\/uploads\/2025\/06\/44535_5.jpg","datePublished":"2025-06-13T13:15:12+00:00","dateModified":"2026-03-05T14:58:25+00:00","description":"Zestaw sk\u0142adana klawiatura bezprzewodowa Delux KF10 i mysz MF10PR - \u2705 sklep z dronami i fachowym doradztwem. \u2705 Tutaj kupisz produkty DJI, Yuneec, Parrot, Syma i wiele innych, a tak\u017ce kursy i licencje na operatora drona.","breadcrumb":{"@id":"https:\/\/ironsky.pl\/sklep\/produkt\/zestaw-skladana-klawiatura-bezprzewodowa-delux-kf10-i-mysz-mf10pr\/#breadcrumb"},"inLanguage":"pl-PL","potentialAction":[{"@type":"ReadAction","target":["https:\/\/ironsky.pl\/sklep\/produkt\/zestaw-skladana-klawiatura-bezprzewodowa-delux-kf10-i-mysz-mf10pr\/"]}]},{"@type":"ImageObject","inLanguage":"pl-PL","@id":"https:\/\/ironsky.pl\/sklep\/produkt\/zestaw-skladana-klawiatura-bezprzewodowa-delux-kf10-i-mysz-mf10pr\/#primaryimage","url":"https:\/\/ironsky.pl\/sklep\/wp-content\/uploads\/2025\/06\/44535_5.jpg","contentUrl":"https:\/\/ironsky.pl\/sklep\/wp-content\/uploads\/2025\/06\/44535_5.jpg","width":800,"height":800},{"@type":"BreadcrumbList","@id":"https:\/\/ironsky.pl\/sklep\/produkt\/zestaw-skladana-klawiatura-bezprzewodowa-delux-kf10-i-mysz-mf10pr\/#breadcrumb","itemListElement":[{"@type":"ListItem","position":1,"name":"Strona g\u0142\u00f3wna","item":"https:\/\/ironsky.pl\/sklep\/"},{"@type":"ListItem","position":2,"name":"Wszystkie produkty","item":"https:\/\/ironsky.pl\/sklep\/produkty\/"},{"@type":"ListItem","position":3,"name":"Zestaw sk\u0142adana klawiatura bezprzewodowa Delux KF10 i mysz MF10PR"}]},{"@type":"WebSite","@id":"https:\/\/ironsky.pl\/sklep\/#website","url":"https:\/\/ironsky.pl\/sklep\/","name":"IRONSKY.PL Sklep z Dronami","description":"IRONSKY.PL Sklep z Dronami","potentialAction":[{"@type":"SearchAction","target":{"@type":"EntryPoint","urlTemplate":"https:\/\/ironsky.pl\/sklep\/?s={search_term_string}"},"query-input":{"@type":"PropertyValueSpecification","valueRequired":true,"valueName":"search_term_string"}}],"inLanguage":"pl-PL"}]}},"_links":{"self":[{"href":"https:\/\/ironsky.pl\/sklep\/wp-json\/wp\/v2\/product\/45329","targetHints":{"allow":["GET"]}}],"collection":[{"href":"https:\/\/ironsky.pl\/sklep\/wp-json\/wp\/v2\/product"}],"about":[{"href":"https:\/\/ironsky.pl\/sklep\/wp-json\/wp\/v2\/types\/product"}],"replies":[{"embeddable":true,"href":"https:\/\/ironsky.pl\/sklep\/wp-json\/wp\/v2\/comments?post=45329"}],"wp:featuredmedia":[{"embeddable":true,"href":"https:\/\/ironsky.pl\/sklep\/wp-json\/wp\/v2\/media\/45330"}],"wp:attachment":[{"href":"https:\/\/ironsky.pl\/sklep\/wp-json\/wp\/v2\/media?parent=45329"}],"wp:term":[{"taxonomy":"product_brand","embeddable":true,"href":"https:\/\/ironsky.pl\/sklep\/wp-json\/wp\/v2\/product_brand?post=45329"},{"taxonomy":"product_cat","embeddable":true,"href":"https:\/\/ironsky.pl\/sklep\/wp-json\/wp\/v2\/product_cat?post=45329"},{"taxonomy":"product_tag","embeddable":true,"href":"https:\/\/ironsky.pl\/sklep\/wp-json\/wp\/v2\/product_tag?post=45329"}],"curies":[{"name":"wp","href":"https:\/\/api.w.org\/{rel}","templated":true}]}}