{"id":45243,"date":"2025-06-13T15:14:26","date_gmt":"2025-06-13T13:14:26","guid":{"rendered":"https:\/\/ironsky.pl\/drony-sklep\/produkt\/lampka-bezprzewodowa-et-head-glocusent-z-klipsem-usb-c-650mah-timer-czarna\/"},"modified":"2026-03-05T15:58:21","modified_gmt":"2026-03-05T14:58:21","slug":"lampka-bezprzewodowa-et-head-glocusent-z-klipsem-usb-c-650mah-timer-czarna","status":"publish","type":"product","link":"https:\/\/ironsky.pl\/sklep\/produkt\/lampka-bezprzewodowa-et-head-glocusent-z-klipsem-usb-c-650mah-timer-czarna\/","title":{"rendered":"Lampka bezprzewodowa ET-Head Glocusent z klipsem, USB-C 650mAh timer (czarna)"},"content":{"rendered":"<h3>Lampka bezprzewodowa Glocusent z klipsem, USB-C 650mAh timer (czarna)<\/h3>\n<p>Marzysz o idealnym o\u015bwietleniu do wieczornego czytania, kt\u00f3re nie tylko jest funkcjonalne, ale tak\u017ce dba o twoje oczy? Lampka bezprzewodowa Glocusent z klipsem, wyposa\u017cona w akumulator 650mAh i port USB-C, to rozwi\u0105zanie stworzone z my\u015bl\u0105 o mi\u0142o\u015bnikach ksi\u0105\u017cek. Dzi\u0119ki unikalnemu, poziomemu designowi o\u015bwietla szeroki obszar strony r\u00f3wnomiernie i bez ostrych kraw\u0119dzi, zapewniaj\u0105c idealne warunki do czytania bez zak\u0142\u00f3cania snu innych os\u00f3b.<\/p>\n<p>\n<img decoding=\"async\" src=\"https:\/\/assets.innpro.pl\/7441\/8653\/8.jpg\" border=\"0\" \/>\n<\/p>\n<h3>Komfortowe i bezpieczne o\u015bwietlenie<\/h3>\n<p>Wyj\u0105tkowy tryb bursztynowy o temperaturze barwowej 1800K zosta\u0142 stworzony z my\u015bl\u0105 o osobach, kt\u00f3re lubi\u0105 czyta\u0107 przed snem. Blokuje 99.99% niebieskiego \u015bwiat\u0142a, chroni\u0105c Twoje oczy przed zm\u0119czeniem i wspomagaj\u0105c produkcj\u0119 melatoniny, co u\u0142atwia zasypianie. Brak migotania, ostrego \u015bwiat\u0142a i o\u015blepiaj\u0105cych efekt\u00f3w sprawia, \u017ce czytanie staje si\u0119 czyst\u0105 przyjemno\u015bci\u0105.<\/p>\n<p>\n<img decoding=\"async\" src=\"https:\/\/assets.innpro.pl\/7441\/8653\/6.jpg\" border=\"0\" \/>\n<\/p>\n<h3>Regulowane tryby i jasno\u015b\u0107<\/h3>\n<p>Lampka Glocusent, poza trybem bursztynowym oferuje 2 dodatkowe tryby o\u015bwietlenia mi\u0119kki (3400K) i naturalny (6000K). Ka\u017cdy z nich zosta\u0142 zaprojektowany, aby spe\u0142nia\u0107 r\u00f3\u017cne potrzeby czytelnik\u00f3w. Tryb mi\u0119kki oferuje ch\u0142odne, bia\u0142e \u015bwiat\u0142o doskona\u0142e do czytania w wolnym czasie, natomiast tryb naturalny imituje jasne, dzienne \u015bwiat\u0142o, wspomagaj\u0105c koncentracj\u0119 i efektywno\u015b\u0107. Dodatkowo lampka pozwala na regulacj\u0119 poziom\u00f3w jasno\u015bci, dostosowuj\u0105c si\u0119 do Twoich indywidualnych preferencji.<\/p>\n<p>\n<img decoding=\"async\" src=\"https:\/\/assets.innpro.pl\/7441\/8653\/2.jpg\" border=\"0\" \/>\n<\/p>\n<h3>D\u0142ugi czas pracy i szybkie \u0142adowanie<\/h3>\n<p>Wyposa\u017cona w port USB-C, lampka Glocusent jest \u0142atwa do \u0142adowania i niezwykle wydajna. Po pe\u0142nym na\u0142adowaniu, kt\u00f3re trwa zaledwie kilka godzin, lampka mo\u017ce dzia\u0142a\u0107 od 8 do 80 godzin, w zale\u017cno\u015bci od ustawie\u0144 jasno\u015bci. Certyfikat bezpiecze\u0144stwa MSDS zapewnia wysok\u0105 jako\u015b\u0107 baterii i bezpieczne u\u017cytkowanie.<\/p>\n<p>\n<img decoding=\"async\" src=\"https:\/\/assets.innpro.pl\/7441\/8653\/3.jpg\" border=\"0\" \/>\n<\/p>\n<h3>Lekka i przeno\u015bna<\/h3>\n<p>Najl\u017cejsza w swojej kategorii, lampka Glocusent wa\u017cy tylko 51 gram\u00f3w, co czyni j\u0105 l\u017cejsz\u0105 od wi\u0119kszo\u015bci telefon\u00f3w kom\u00f3rkowych. Jej kompaktowy i przeno\u015bny design sprawia, \u017ce jest idealna do zabrania w podr\u00f3\u017c lub korzystania w r\u00f3\u017cnych miejscach, nie obci\u0105\u017caj\u0105c ksi\u0105\u017cki ani nie powoduj\u0105c jej uszkodze\u0144.<\/p>\n<p>\n<img decoding=\"async\" src=\"https:\/\/assets.innpro.pl\/7441\/8653\/9.jpg\" border=\"0\" \/>\n<\/p>\n<h3>W zestawie<\/h3>\n<p>Lampka Glocusent ET Book Light<\/p>\n<p>Kabel USB-C<\/p>\n<p>Instrukcja obs\u0142ugi<\/p>\n<p>Zak\u0142adka do ksi\u0105\u017cki<\/p>\n<div class=\"table-wrapper\">\n<p>\u00a0<\/p>\n<h3><\/h3>\n<table>\n<tbody>\n<tr>\n<th>Producent<\/th>\n<td>Glocusent <\/td>\n<\/tr>\n<tr>\n<th>Model<\/th>\n<td>GLCSNTA1801<\/td>\n<\/tr>\n<tr>\n<th>Typ wyko\u0144czenia <\/th>\n<td>Matowe<\/td>\n<\/tr>\n<tr>\n<th>Kolor<\/th>\n<td>Czarny<\/td>\n<\/tr>\n<tr>\n<th>Podstawa \u017car\u00f3wki <\/th>\n<td>E27<\/td>\n<\/tr>\n<tr>\n<th>Wymiary produktu <\/th>\n<td>6.6 cm x 3.3 cm x 3.8 cm<\/td>\n<\/tr>\n<tr>\n<th>D\u0142ugo\u015b\u0107 kabla <\/th>\n<td>18 cm<\/td>\n<\/tr>\n<tr>\n<th>Waga <\/th>\n<td>51 gram\u00f3w<\/td>\n<\/tr>\n<tr>\n<th>Typ lampy <\/th>\n<td>LED<\/td>\n<\/tr>\n<tr>\n<th>Kolor<\/th>\n<td>Szary<\/td>\n<\/tr>\n<tr>\n<th>Materia\u0142 <\/th>\n<td>Plastik<\/td>\n<\/tr>\n<tr>\n<th>Typ w\u0142\u0105cznika <\/th>\n<td>Przycisk<\/td>\n<\/tr>\n<tr>\n<th>Liczba \u017ar\u00f3de\u0142 \u015bwiat\u0142a<\/th>\n<td>9<\/td>\n<\/tr>\n<tr>\n<th>Technologia \u0142\u0105czno\u015bci <\/th>\n<td>USB<\/td>\n<\/tr>\n<tr>\n<th>Napi\u0119cie <\/th>\n<td>5V (DC)<\/td>\n<\/tr>\n<tr>\n<th>Jasno\u015b\u0107 <\/th>\n<td>25 lumen\u00f3w<\/td>\n<\/tr>\n<tr>\n<th>CRI <\/th>\n<td>95<\/td>\n<\/tr>\n<\/tbody>\n<\/table>\n<\/div>\n","protected":false},"excerpt":{"rendered":"<p>Lampka bezprzewodowa Glocusent z klipsem, USB-C 650mAh timer (czarna) Marzysz o idealnym o\u015bwietleniu do wieczornego czytania, kt\u00f3re nie tylko jest<\/p>\n","protected":false},"featured_media":45244,"comment_status":"closed","ping_status":"open","template":"","meta":{"_acf_changed":false},"product_brand":[],"product_cat":[5946,5937,6015],"product_tag":[],"class_list":{"0":"post-45243","1":"product","2":"type-product","3":"status-publish","4":"has-post-thumbnail","6":"product_cat-oswietlenie","7":"product_cat-outdoor","8":"product_cat-pozostale-lampy","9":"pa_okres-gwarancji-5775","10":"pa_producent-glocusent","12":"first","13":"outofstock","14":"taxable","15":"shipping-taxable","16":"purchasable","17":"product-type-simple"},"acf":[],"yoast_head":"<!-- This site is optimized with the Yoast SEO plugin v27.2 - https:\/\/yoast.com\/product\/yoast-seo-wordpress\/ -->\n<title>Lampka bezprzewodowa ET-Head Glocusent z klipsem, USB-C 650mAh timer (czarna) - IRONSKY.PL Sklep z Dronami<\/title>\n<meta name=\"description\" content=\"Lampka bezprzewodowa ET-Head Glocusent z klipsem, USB-C 650mAh timer (czarna) - \u2705 sklep z dronami i fachowym doradztwem. \u2705 Tutaj kupisz produkty DJI, Yuneec, Parrot, Syma i wiele innych, a tak\u017ce kursy i licencje na operatora drona.\" \/>\n<meta name=\"robots\" content=\"index, follow, max-snippet:-1, max-image-preview:large, max-video-preview:-1\" \/>\n<link rel=\"canonical\" href=\"https:\/\/ironsky.pl\/sklep\/produkt\/lampka-bezprzewodowa-et-head-glocusent-z-klipsem-usb-c-650mah-timer-czarna\/\" \/>\n<meta property=\"og:locale\" content=\"pl_PL\" \/>\n<meta property=\"og:type\" content=\"article\" \/>\n<meta property=\"og:title\" content=\"Lampka bezprzewodowa ET-Head Glocusent z klipsem, USB-C 650mAh timer (czarna) - IRONSKY.PL Sklep z Dronami\" \/>\n<meta property=\"og:description\" content=\"Lampka bezprzewodowa ET-Head Glocusent z klipsem, USB-C 650mAh timer (czarna) - \u2705 sklep z dronami i fachowym doradztwem. \u2705 Tutaj kupisz produkty DJI, Yuneec, Parrot, Syma i wiele innych, a tak\u017ce kursy i licencje na operatora drona.\" \/>\n<meta property=\"og:url\" content=\"https:\/\/ironsky.pl\/sklep\/produkt\/lampka-bezprzewodowa-et-head-glocusent-z-klipsem-usb-c-650mah-timer-czarna\/\" \/>\n<meta property=\"og:site_name\" content=\"IRONSKY.PL Sklep z Dronami\" \/>\n<meta property=\"article:modified_time\" content=\"2026-03-05T14:58:21+00:00\" \/>\n<meta property=\"og:image\" content=\"https:\/\/ironsky.pl\/sklep\/wp-content\/uploads\/2025\/06\/44300_1.jpg\" \/>\n\t<meta property=\"og:image:width\" content=\"800\" \/>\n\t<meta property=\"og:image:height\" content=\"800\" \/>\n\t<meta property=\"og:image:type\" content=\"image\/jpeg\" \/>\n<meta name=\"twitter:card\" content=\"summary_large_image\" \/>\n<meta name=\"twitter:label1\" content=\"Szacowany czas czytania\" \/>\n\t<meta name=\"twitter:data1\" content=\"2 minuty\" \/>\n<script type=\"application\/ld+json\" class=\"yoast-schema-graph\">{\"@context\":\"https:\/\/schema.org\",\"@graph\":[{\"@type\":\"WebPage\",\"@id\":\"https:\/\/ironsky.pl\/sklep\/produkt\/lampka-bezprzewodowa-et-head-glocusent-z-klipsem-usb-c-650mah-timer-czarna\/\",\"url\":\"https:\/\/ironsky.pl\/sklep\/produkt\/lampka-bezprzewodowa-et-head-glocusent-z-klipsem-usb-c-650mah-timer-czarna\/\",\"name\":\"Lampka bezprzewodowa ET-Head Glocusent z klipsem, USB-C 650mAh timer (czarna) - IRONSKY.PL Sklep z Dronami\",\"isPartOf\":{\"@id\":\"https:\/\/ironsky.pl\/sklep\/#website\"},\"primaryImageOfPage\":{\"@id\":\"https:\/\/ironsky.pl\/sklep\/produkt\/lampka-bezprzewodowa-et-head-glocusent-z-klipsem-usb-c-650mah-timer-czarna\/#primaryimage\"},\"image\":{\"@id\":\"https:\/\/ironsky.pl\/sklep\/produkt\/lampka-bezprzewodowa-et-head-glocusent-z-klipsem-usb-c-650mah-timer-czarna\/#primaryimage\"},\"thumbnailUrl\":\"https:\/\/ironsky.pl\/sklep\/wp-content\/uploads\/2025\/06\/44300_1.jpg\",\"datePublished\":\"2025-06-13T13:14:26+00:00\",\"dateModified\":\"2026-03-05T14:58:21+00:00\",\"description\":\"Lampka bezprzewodowa ET-Head Glocusent z klipsem, USB-C 650mAh timer (czarna) - \u2705 sklep z dronami i fachowym doradztwem. \u2705 Tutaj kupisz produkty DJI, Yuneec, Parrot, Syma i wiele innych, a tak\u017ce kursy i licencje na operatora drona.\",\"breadcrumb\":{\"@id\":\"https:\/\/ironsky.pl\/sklep\/produkt\/lampka-bezprzewodowa-et-head-glocusent-z-klipsem-usb-c-650mah-timer-czarna\/#breadcrumb\"},\"inLanguage\":\"pl-PL\",\"potentialAction\":[{\"@type\":\"ReadAction\",\"target\":[\"https:\/\/ironsky.pl\/sklep\/produkt\/lampka-bezprzewodowa-et-head-glocusent-z-klipsem-usb-c-650mah-timer-czarna\/\"]}]},{\"@type\":\"ImageObject\",\"inLanguage\":\"pl-PL\",\"@id\":\"https:\/\/ironsky.pl\/sklep\/produkt\/lampka-bezprzewodowa-et-head-glocusent-z-klipsem-usb-c-650mah-timer-czarna\/#primaryimage\",\"url\":\"https:\/\/ironsky.pl\/sklep\/wp-content\/uploads\/2025\/06\/44300_1.jpg\",\"contentUrl\":\"https:\/\/ironsky.pl\/sklep\/wp-content\/uploads\/2025\/06\/44300_1.jpg\",\"width\":800,\"height\":800},{\"@type\":\"BreadcrumbList\",\"@id\":\"https:\/\/ironsky.pl\/sklep\/produkt\/lampka-bezprzewodowa-et-head-glocusent-z-klipsem-usb-c-650mah-timer-czarna\/#breadcrumb\",\"itemListElement\":[{\"@type\":\"ListItem\",\"position\":1,\"name\":\"Strona g\u0142\u00f3wna\",\"item\":\"https:\/\/ironsky.pl\/sklep\/\"},{\"@type\":\"ListItem\",\"position\":2,\"name\":\"Wszystkie produkty\",\"item\":\"https:\/\/ironsky.pl\/sklep\/sklep\/\"},{\"@type\":\"ListItem\",\"position\":3,\"name\":\"Lampka bezprzewodowa ET-Head Glocusent z klipsem, USB-C 650mAh timer (czarna)\"}]},{\"@type\":\"WebSite\",\"@id\":\"https:\/\/ironsky.pl\/sklep\/#website\",\"url\":\"https:\/\/ironsky.pl\/sklep\/\",\"name\":\"IRONSKY.PL Sklep z Dronami\",\"description\":\"IRONSKY.PL Sklep z Dronami\",\"potentialAction\":[{\"@type\":\"SearchAction\",\"target\":{\"@type\":\"EntryPoint\",\"urlTemplate\":\"https:\/\/ironsky.pl\/sklep\/?s={search_term_string}\"},\"query-input\":{\"@type\":\"PropertyValueSpecification\",\"valueRequired\":true,\"valueName\":\"search_term_string\"}}],\"inLanguage\":\"pl-PL\"}]}<\/script>\n<!-- \/ Yoast SEO plugin. -->","yoast_head_json":{"title":"Lampka bezprzewodowa ET-Head Glocusent z klipsem, USB-C 650mAh timer (czarna) - IRONSKY.PL Sklep z Dronami","description":"Lampka bezprzewodowa ET-Head Glocusent z klipsem, USB-C 650mAh timer (czarna) - \u2705 sklep z dronami i fachowym doradztwem. \u2705 Tutaj kupisz produkty DJI, Yuneec, Parrot, Syma i wiele innych, a tak\u017ce kursy i licencje na operatora drona.","robots":{"index":"index","follow":"follow","max-snippet":"max-snippet:-1","max-image-preview":"max-image-preview:large","max-video-preview":"max-video-preview:-1"},"canonical":"https:\/\/ironsky.pl\/sklep\/produkt\/lampka-bezprzewodowa-et-head-glocusent-z-klipsem-usb-c-650mah-timer-czarna\/","og_locale":"pl_PL","og_type":"article","og_title":"Lampka bezprzewodowa ET-Head Glocusent z klipsem, USB-C 650mAh timer (czarna) - IRONSKY.PL Sklep z Dronami","og_description":"Lampka bezprzewodowa ET-Head Glocusent z klipsem, USB-C 650mAh timer (czarna) - \u2705 sklep z dronami i fachowym doradztwem. \u2705 Tutaj kupisz produkty DJI, Yuneec, Parrot, Syma i wiele innych, a tak\u017ce kursy i licencje na operatora drona.","og_url":"https:\/\/ironsky.pl\/sklep\/produkt\/lampka-bezprzewodowa-et-head-glocusent-z-klipsem-usb-c-650mah-timer-czarna\/","og_site_name":"IRONSKY.PL Sklep z Dronami","article_modified_time":"2026-03-05T14:58:21+00:00","og_image":[{"width":800,"height":800,"url":"https:\/\/ironsky.pl\/sklep\/wp-content\/uploads\/2025\/06\/44300_1.jpg","type":"image\/jpeg"}],"twitter_card":"summary_large_image","twitter_misc":{"Szacowany czas czytania":"2 minuty"},"schema":{"@context":"https:\/\/schema.org","@graph":[{"@type":"WebPage","@id":"https:\/\/ironsky.pl\/sklep\/produkt\/lampka-bezprzewodowa-et-head-glocusent-z-klipsem-usb-c-650mah-timer-czarna\/","url":"https:\/\/ironsky.pl\/sklep\/produkt\/lampka-bezprzewodowa-et-head-glocusent-z-klipsem-usb-c-650mah-timer-czarna\/","name":"Lampka bezprzewodowa ET-Head Glocusent z klipsem, USB-C 650mAh timer (czarna) - IRONSKY.PL Sklep z Dronami","isPartOf":{"@id":"https:\/\/ironsky.pl\/sklep\/#website"},"primaryImageOfPage":{"@id":"https:\/\/ironsky.pl\/sklep\/produkt\/lampka-bezprzewodowa-et-head-glocusent-z-klipsem-usb-c-650mah-timer-czarna\/#primaryimage"},"image":{"@id":"https:\/\/ironsky.pl\/sklep\/produkt\/lampka-bezprzewodowa-et-head-glocusent-z-klipsem-usb-c-650mah-timer-czarna\/#primaryimage"},"thumbnailUrl":"https:\/\/ironsky.pl\/sklep\/wp-content\/uploads\/2025\/06\/44300_1.jpg","datePublished":"2025-06-13T13:14:26+00:00","dateModified":"2026-03-05T14:58:21+00:00","description":"Lampka bezprzewodowa ET-Head Glocusent z klipsem, USB-C 650mAh timer (czarna) - \u2705 sklep z dronami i fachowym doradztwem. \u2705 Tutaj kupisz produkty DJI, Yuneec, Parrot, Syma i wiele innych, a tak\u017ce kursy i licencje na operatora drona.","breadcrumb":{"@id":"https:\/\/ironsky.pl\/sklep\/produkt\/lampka-bezprzewodowa-et-head-glocusent-z-klipsem-usb-c-650mah-timer-czarna\/#breadcrumb"},"inLanguage":"pl-PL","potentialAction":[{"@type":"ReadAction","target":["https:\/\/ironsky.pl\/sklep\/produkt\/lampka-bezprzewodowa-et-head-glocusent-z-klipsem-usb-c-650mah-timer-czarna\/"]}]},{"@type":"ImageObject","inLanguage":"pl-PL","@id":"https:\/\/ironsky.pl\/sklep\/produkt\/lampka-bezprzewodowa-et-head-glocusent-z-klipsem-usb-c-650mah-timer-czarna\/#primaryimage","url":"https:\/\/ironsky.pl\/sklep\/wp-content\/uploads\/2025\/06\/44300_1.jpg","contentUrl":"https:\/\/ironsky.pl\/sklep\/wp-content\/uploads\/2025\/06\/44300_1.jpg","width":800,"height":800},{"@type":"BreadcrumbList","@id":"https:\/\/ironsky.pl\/sklep\/produkt\/lampka-bezprzewodowa-et-head-glocusent-z-klipsem-usb-c-650mah-timer-czarna\/#breadcrumb","itemListElement":[{"@type":"ListItem","position":1,"name":"Strona g\u0142\u00f3wna","item":"https:\/\/ironsky.pl\/sklep\/"},{"@type":"ListItem","position":2,"name":"Wszystkie produkty","item":"https:\/\/ironsky.pl\/sklep\/sklep\/"},{"@type":"ListItem","position":3,"name":"Lampka bezprzewodowa ET-Head Glocusent z klipsem, USB-C 650mAh timer (czarna)"}]},{"@type":"WebSite","@id":"https:\/\/ironsky.pl\/sklep\/#website","url":"https:\/\/ironsky.pl\/sklep\/","name":"IRONSKY.PL Sklep z Dronami","description":"IRONSKY.PL Sklep z Dronami","potentialAction":[{"@type":"SearchAction","target":{"@type":"EntryPoint","urlTemplate":"https:\/\/ironsky.pl\/sklep\/?s={search_term_string}"},"query-input":{"@type":"PropertyValueSpecification","valueRequired":true,"valueName":"search_term_string"}}],"inLanguage":"pl-PL"}]}},"_links":{"self":[{"href":"https:\/\/ironsky.pl\/sklep\/wp-json\/wp\/v2\/product\/45243","targetHints":{"allow":["GET"]}}],"collection":[{"href":"https:\/\/ironsky.pl\/sklep\/wp-json\/wp\/v2\/product"}],"about":[{"href":"https:\/\/ironsky.pl\/sklep\/wp-json\/wp\/v2\/types\/product"}],"replies":[{"embeddable":true,"href":"https:\/\/ironsky.pl\/sklep\/wp-json\/wp\/v2\/comments?post=45243"}],"wp:featuredmedia":[{"embeddable":true,"href":"https:\/\/ironsky.pl\/sklep\/wp-json\/wp\/v2\/media\/45244"}],"wp:attachment":[{"href":"https:\/\/ironsky.pl\/sklep\/wp-json\/wp\/v2\/media?parent=45243"}],"wp:term":[{"taxonomy":"product_brand","embeddable":true,"href":"https:\/\/ironsky.pl\/sklep\/wp-json\/wp\/v2\/product_brand?post=45243"},{"taxonomy":"product_cat","embeddable":true,"href":"https:\/\/ironsky.pl\/sklep\/wp-json\/wp\/v2\/product_cat?post=45243"},{"taxonomy":"product_tag","embeddable":true,"href":"https:\/\/ironsky.pl\/sklep\/wp-json\/wp\/v2\/product_tag?post=45243"}],"curies":[{"name":"wp","href":"https:\/\/api.w.org\/{rel}","templated":true}]}}