{"id":45030,"date":"2025-06-13T15:12:37","date_gmt":"2025-06-13T13:12:37","guid":{"rendered":"https:\/\/ironsky.pl\/drony-sklep\/produkt\/multitool-nextool-silver-blade-14w1-ne20182\/"},"modified":"2026-03-05T15:58:15","modified_gmt":"2026-03-05T14:58:15","slug":"multitool-nextool-silver-blade-14w1-ne20182","status":"publish","type":"product","link":"https:\/\/ironsky.pl\/sklep\/produkt\/multitool-nextool-silver-blade-14w1-ne20182\/","title":{"rendered":"Multitool Nextool Silver Blade 14w1 NE20182"},"content":{"rendered":"<h3>Multitool Nextool 14w1 NE20182<\/h3>\n<p>Narz\u0119dzie wielofunkcyjne 14 w 1 EDC to kompaktowe, ale wszechstronne urz\u0105dzenie, kt\u00f3re \u0142\u0105czy w sobie r\u00f3\u017cnorodne funkcje, czyni\u0105c je idealnym towarzyszem w codziennym \u017cyciu, na kempingu, wycieczkach rowerowych, czy przy drobnych naprawach. Ergonomiczna konstrukcja i zastosowanie wysokiej klasy materia\u0142\u00f3w sprawia, \u017ce narz\u0119dzie to zapewnia komfort oraz niezawodno\u015b\u0107 w ka\u017cdej sytuacji.<\/p>\n<p>\n<img decoding=\"async\" src=\"https:\/\/assets.innpro.pl\/6484\/7577\/1.jpg\" border=\"0\" \/>\n<\/p>\n<h3>Wysoka funkcjonalno\u015b\u0107 i kompaktowy design<\/h3>\n<p>Narz\u0119dzie EDC o wymiarach 85mm \u00d7 52mm \u00d7 7mm i wadze zaledwie 91g, wykonane z wysokiej jako\u015bci stali 420J2, jest \u0142atwe do przenoszenia i nie obci\u0105\u017ca, a przy tym jest odporne na korozj\u0119 i zniszczenia. Pomimo swoich niewielkich rozmiar\u00f3w, zawiera a\u017c 14 r\u00f3\u017cnych funkcji, takich jak no\u017ce, klucze nasadowe, \u015brubokr\u0119ty, co sprawia, \u017ce jest niezwykle praktyczne w wielu sytuacjach.<\/p>\n<p>\n<img decoding=\"async\" src=\"https:\/\/assets.innpro.pl\/6484\/7577\/4.jpg\" border=\"0\" \/>\n<\/p>\n<h3>Ergonomia i wygoda u\u017cycia<\/h3>\n<p>Ergonomiczna budowa narz\u0119dzia gwarantuje wygod\u0119 u\u017cytkowania. Ostrze no\u017ca pozwala \u0142atwo ci\u0105\u0107 liny namiotowe czy drewno, co jest szczeg\u00f3lnie przydatne w warunkach outdoorowych. Narz\u0119dzie jest r\u00f3wnie\u017c komfortowe w trzymaniu, co jest kluczowe podczas wykonywania precyzyjnych prac.<\/p>\n<p>\n<img decoding=\"async\" src=\"https:\/\/assets.innpro.pl\/6484\/7577\/3.jpg\" border=\"0\" \/>\n<\/p>\n<h3>Rozwi\u0105zania na ka\u017cd\u0105 sytuacj\u0119<\/h3>\n<p>Zintegrowane funkcje narz\u0119dzia EDC obejmuj\u0105 klucz sze\u015bciok\u0105tny 3mm, 4mm, 5.5mm, 6mm, 7mm, 8mm, skrobak, otwieracz do karton\u00f3w, \u015bci\u0105gacz izolacji, miarka, otwieracz do butelek, klucz do szprych, p\u0142aski \u015brubokr\u0119t, przecinak do drutu, szczypce uniwersalne, szczypce do grubego drutu, n\u00f3\u017c, krzy\u017cakowy \u015brubokr\u0119t, otw\u00f3r do zawieszania, szczypce ig\u0142owe. Ka\u017cda z funkcji zosta\u0142a zaprojektowana tak, aby sprosta\u0107 r\u00f3\u017cnym wyzwaniom, z jakimi mo\u017cesz si\u0119 spotka\u0107 na co dzie\u0144 lub w czasie przyg\u00f3d poza domem.<\/p>\n<p>\n<img decoding=\"async\" src=\"https:\/\/assets.innpro.pl\/6484\/7577\/2.jpg\" border=\"0\" \/>\n<\/p>\n<div class=\"table-wrapper\">\n<p>\u00a0<\/p>\n<h3><\/h3>\n<table>\n<tbody>\n<tr>\n<th>Producent<\/th>\n<td>NexTool<\/td>\n<\/tr>\n<tr>\n<th>Model<\/th>\n<td>NE20182<\/td>\n<\/tr>\n<tr>\n<th>Wymiary<\/th>\n<td>85 mm \u00d7 52 mm \u00d7 7 mm (zamkni\u0119ty)<\/td>\n<\/tr>\n<tr>\n<th>G\u0142\u00f3wny materia\u0142<\/th>\n<td>420J2<\/td>\n<\/tr>\n<tr>\n<th>Waga<\/th>\n<td>91g \u00b1 5g<\/td>\n<\/tr>\n<\/tbody>\n<\/table>\n<\/div>\n","protected":false},"excerpt":{"rendered":"<p>Multitool Nextool 14w1 NE20182 Narz\u0119dzie wielofunkcyjne 14 w 1 EDC to kompaktowe, ale wszechstronne urz\u0105dzenie, kt\u00f3re \u0142\u0105czy w sobie r\u00f3\u017cnorodne<\/p>\n","protected":false},"featured_media":45031,"comment_status":"closed","ping_status":"open","template":"","meta":{"_acf_changed":false},"product_brand":[],"product_cat":[5959,5937],"product_tag":[],"class_list":{"0":"post-45030","1":"product","2":"type-product","3":"status-publish","4":"has-post-thumbnail","6":"product_cat-multitoole","7":"product_cat-outdoor","8":"pa_producent-marka-niezdefiniowana","10":"first","11":"outofstock","12":"taxable","13":"shipping-taxable","14":"purchasable","15":"product-type-simple"},"acf":[],"yoast_head":"<!-- This site is optimized with the Yoast SEO plugin v27.2 - https:\/\/yoast.com\/product\/yoast-seo-wordpress\/ -->\n<title>Multitool Nextool Silver Blade 14w1 NE20182 - IRONSKY.PL Sklep z Dronami<\/title>\n<meta name=\"description\" content=\"Multitool Nextool Silver Blade 14w1 NE20182 - \u2705 sklep z dronami i fachowym doradztwem. \u2705 Tutaj kupisz produkty DJI, Yuneec, Parrot, Syma i wiele innych, a tak\u017ce kursy i licencje na operatora drona.\" \/>\n<meta name=\"robots\" content=\"index, follow, max-snippet:-1, max-image-preview:large, max-video-preview:-1\" \/>\n<link rel=\"canonical\" href=\"https:\/\/ironsky.pl\/sklep\/produkt\/multitool-nextool-silver-blade-14w1-ne20182\/\" \/>\n<meta property=\"og:locale\" content=\"pl_PL\" \/>\n<meta property=\"og:type\" content=\"article\" \/>\n<meta property=\"og:title\" content=\"Multitool Nextool Silver Blade 14w1 NE20182 - IRONSKY.PL Sklep z Dronami\" \/>\n<meta property=\"og:description\" content=\"Multitool Nextool Silver Blade 14w1 NE20182 - \u2705 sklep z dronami i fachowym doradztwem. \u2705 Tutaj kupisz produkty DJI, Yuneec, Parrot, Syma i wiele innych, a tak\u017ce kursy i licencje na operatora drona.\" \/>\n<meta property=\"og:url\" content=\"https:\/\/ironsky.pl\/sklep\/produkt\/multitool-nextool-silver-blade-14w1-ne20182\/\" \/>\n<meta property=\"og:site_name\" content=\"IRONSKY.PL Sklep z Dronami\" \/>\n<meta property=\"article:modified_time\" content=\"2026-03-05T14:58:15+00:00\" \/>\n<meta property=\"og:image\" content=\"https:\/\/ironsky.pl\/sklep\/wp-content\/uploads\/2025\/06\/43534_1.jpg\" \/>\n\t<meta property=\"og:image:width\" content=\"800\" \/>\n\t<meta property=\"og:image:height\" content=\"800\" \/>\n\t<meta property=\"og:image:type\" content=\"image\/jpeg\" \/>\n<meta name=\"twitter:card\" content=\"summary_large_image\" \/>\n<meta name=\"twitter:label1\" content=\"Szacowany czas czytania\" \/>\n\t<meta name=\"twitter:data1\" content=\"1 minuta\" \/>\n<script type=\"application\/ld+json\" class=\"yoast-schema-graph\">{\"@context\":\"https:\/\/schema.org\",\"@graph\":[{\"@type\":\"WebPage\",\"@id\":\"https:\/\/ironsky.pl\/sklep\/produkt\/multitool-nextool-silver-blade-14w1-ne20182\/\",\"url\":\"https:\/\/ironsky.pl\/sklep\/produkt\/multitool-nextool-silver-blade-14w1-ne20182\/\",\"name\":\"Multitool Nextool Silver Blade 14w1 NE20182 - IRONSKY.PL Sklep z Dronami\",\"isPartOf\":{\"@id\":\"https:\/\/ironsky.pl\/sklep\/#website\"},\"primaryImageOfPage\":{\"@id\":\"https:\/\/ironsky.pl\/sklep\/produkt\/multitool-nextool-silver-blade-14w1-ne20182\/#primaryimage\"},\"image\":{\"@id\":\"https:\/\/ironsky.pl\/sklep\/produkt\/multitool-nextool-silver-blade-14w1-ne20182\/#primaryimage\"},\"thumbnailUrl\":\"https:\/\/ironsky.pl\/sklep\/wp-content\/uploads\/2025\/06\/43534_1.jpg\",\"datePublished\":\"2025-06-13T13:12:37+00:00\",\"dateModified\":\"2026-03-05T14:58:15+00:00\",\"description\":\"Multitool Nextool Silver Blade 14w1 NE20182 - \u2705 sklep z dronami i fachowym doradztwem. \u2705 Tutaj kupisz produkty DJI, Yuneec, Parrot, Syma i wiele innych, a tak\u017ce kursy i licencje na operatora drona.\",\"breadcrumb\":{\"@id\":\"https:\/\/ironsky.pl\/sklep\/produkt\/multitool-nextool-silver-blade-14w1-ne20182\/#breadcrumb\"},\"inLanguage\":\"pl-PL\",\"potentialAction\":[{\"@type\":\"ReadAction\",\"target\":[\"https:\/\/ironsky.pl\/sklep\/produkt\/multitool-nextool-silver-blade-14w1-ne20182\/\"]}]},{\"@type\":\"ImageObject\",\"inLanguage\":\"pl-PL\",\"@id\":\"https:\/\/ironsky.pl\/sklep\/produkt\/multitool-nextool-silver-blade-14w1-ne20182\/#primaryimage\",\"url\":\"https:\/\/ironsky.pl\/sklep\/wp-content\/uploads\/2025\/06\/43534_1.jpg\",\"contentUrl\":\"https:\/\/ironsky.pl\/sklep\/wp-content\/uploads\/2025\/06\/43534_1.jpg\",\"width\":800,\"height\":800},{\"@type\":\"BreadcrumbList\",\"@id\":\"https:\/\/ironsky.pl\/sklep\/produkt\/multitool-nextool-silver-blade-14w1-ne20182\/#breadcrumb\",\"itemListElement\":[{\"@type\":\"ListItem\",\"position\":1,\"name\":\"Strona g\u0142\u00f3wna\",\"item\":\"https:\/\/ironsky.pl\/sklep\/\"},{\"@type\":\"ListItem\",\"position\":2,\"name\":\"Wszystkie produkty\",\"item\":\"https:\/\/ironsky.pl\/sklep\/produkty\/\"},{\"@type\":\"ListItem\",\"position\":3,\"name\":\"Multitool Nextool Silver Blade 14w1 NE20182\"}]},{\"@type\":\"WebSite\",\"@id\":\"https:\/\/ironsky.pl\/sklep\/#website\",\"url\":\"https:\/\/ironsky.pl\/sklep\/\",\"name\":\"IRONSKY.PL Sklep z Dronami\",\"description\":\"IRONSKY.PL Sklep z Dronami\",\"potentialAction\":[{\"@type\":\"SearchAction\",\"target\":{\"@type\":\"EntryPoint\",\"urlTemplate\":\"https:\/\/ironsky.pl\/sklep\/?s={search_term_string}\"},\"query-input\":{\"@type\":\"PropertyValueSpecification\",\"valueRequired\":true,\"valueName\":\"search_term_string\"}}],\"inLanguage\":\"pl-PL\"}]}<\/script>\n<!-- \/ Yoast SEO plugin. -->","yoast_head_json":{"title":"Multitool Nextool Silver Blade 14w1 NE20182 - IRONSKY.PL Sklep z Dronami","description":"Multitool Nextool Silver Blade 14w1 NE20182 - \u2705 sklep z dronami i fachowym doradztwem. \u2705 Tutaj kupisz produkty DJI, Yuneec, Parrot, Syma i wiele innych, a tak\u017ce kursy i licencje na operatora drona.","robots":{"index":"index","follow":"follow","max-snippet":"max-snippet:-1","max-image-preview":"max-image-preview:large","max-video-preview":"max-video-preview:-1"},"canonical":"https:\/\/ironsky.pl\/sklep\/produkt\/multitool-nextool-silver-blade-14w1-ne20182\/","og_locale":"pl_PL","og_type":"article","og_title":"Multitool Nextool Silver Blade 14w1 NE20182 - IRONSKY.PL Sklep z Dronami","og_description":"Multitool Nextool Silver Blade 14w1 NE20182 - \u2705 sklep z dronami i fachowym doradztwem. \u2705 Tutaj kupisz produkty DJI, Yuneec, Parrot, Syma i wiele innych, a tak\u017ce kursy i licencje na operatora drona.","og_url":"https:\/\/ironsky.pl\/sklep\/produkt\/multitool-nextool-silver-blade-14w1-ne20182\/","og_site_name":"IRONSKY.PL Sklep z Dronami","article_modified_time":"2026-03-05T14:58:15+00:00","og_image":[{"width":800,"height":800,"url":"https:\/\/ironsky.pl\/sklep\/wp-content\/uploads\/2025\/06\/43534_1.jpg","type":"image\/jpeg"}],"twitter_card":"summary_large_image","twitter_misc":{"Szacowany czas czytania":"1 minuta"},"schema":{"@context":"https:\/\/schema.org","@graph":[{"@type":"WebPage","@id":"https:\/\/ironsky.pl\/sklep\/produkt\/multitool-nextool-silver-blade-14w1-ne20182\/","url":"https:\/\/ironsky.pl\/sklep\/produkt\/multitool-nextool-silver-blade-14w1-ne20182\/","name":"Multitool Nextool Silver Blade 14w1 NE20182 - IRONSKY.PL Sklep z Dronami","isPartOf":{"@id":"https:\/\/ironsky.pl\/sklep\/#website"},"primaryImageOfPage":{"@id":"https:\/\/ironsky.pl\/sklep\/produkt\/multitool-nextool-silver-blade-14w1-ne20182\/#primaryimage"},"image":{"@id":"https:\/\/ironsky.pl\/sklep\/produkt\/multitool-nextool-silver-blade-14w1-ne20182\/#primaryimage"},"thumbnailUrl":"https:\/\/ironsky.pl\/sklep\/wp-content\/uploads\/2025\/06\/43534_1.jpg","datePublished":"2025-06-13T13:12:37+00:00","dateModified":"2026-03-05T14:58:15+00:00","description":"Multitool Nextool Silver Blade 14w1 NE20182 - \u2705 sklep z dronami i fachowym doradztwem. \u2705 Tutaj kupisz produkty DJI, Yuneec, Parrot, Syma i wiele innych, a tak\u017ce kursy i licencje na operatora drona.","breadcrumb":{"@id":"https:\/\/ironsky.pl\/sklep\/produkt\/multitool-nextool-silver-blade-14w1-ne20182\/#breadcrumb"},"inLanguage":"pl-PL","potentialAction":[{"@type":"ReadAction","target":["https:\/\/ironsky.pl\/sklep\/produkt\/multitool-nextool-silver-blade-14w1-ne20182\/"]}]},{"@type":"ImageObject","inLanguage":"pl-PL","@id":"https:\/\/ironsky.pl\/sklep\/produkt\/multitool-nextool-silver-blade-14w1-ne20182\/#primaryimage","url":"https:\/\/ironsky.pl\/sklep\/wp-content\/uploads\/2025\/06\/43534_1.jpg","contentUrl":"https:\/\/ironsky.pl\/sklep\/wp-content\/uploads\/2025\/06\/43534_1.jpg","width":800,"height":800},{"@type":"BreadcrumbList","@id":"https:\/\/ironsky.pl\/sklep\/produkt\/multitool-nextool-silver-blade-14w1-ne20182\/#breadcrumb","itemListElement":[{"@type":"ListItem","position":1,"name":"Strona g\u0142\u00f3wna","item":"https:\/\/ironsky.pl\/sklep\/"},{"@type":"ListItem","position":2,"name":"Wszystkie produkty","item":"https:\/\/ironsky.pl\/sklep\/produkty\/"},{"@type":"ListItem","position":3,"name":"Multitool Nextool Silver Blade 14w1 NE20182"}]},{"@type":"WebSite","@id":"https:\/\/ironsky.pl\/sklep\/#website","url":"https:\/\/ironsky.pl\/sklep\/","name":"IRONSKY.PL Sklep z Dronami","description":"IRONSKY.PL Sklep z Dronami","potentialAction":[{"@type":"SearchAction","target":{"@type":"EntryPoint","urlTemplate":"https:\/\/ironsky.pl\/sklep\/?s={search_term_string}"},"query-input":{"@type":"PropertyValueSpecification","valueRequired":true,"valueName":"search_term_string"}}],"inLanguage":"pl-PL"}]}},"_links":{"self":[{"href":"https:\/\/ironsky.pl\/sklep\/wp-json\/wp\/v2\/product\/45030","targetHints":{"allow":["GET"]}}],"collection":[{"href":"https:\/\/ironsky.pl\/sklep\/wp-json\/wp\/v2\/product"}],"about":[{"href":"https:\/\/ironsky.pl\/sklep\/wp-json\/wp\/v2\/types\/product"}],"replies":[{"embeddable":true,"href":"https:\/\/ironsky.pl\/sklep\/wp-json\/wp\/v2\/comments?post=45030"}],"wp:featuredmedia":[{"embeddable":true,"href":"https:\/\/ironsky.pl\/sklep\/wp-json\/wp\/v2\/media\/45031"}],"wp:attachment":[{"href":"https:\/\/ironsky.pl\/sklep\/wp-json\/wp\/v2\/media?parent=45030"}],"wp:term":[{"taxonomy":"product_brand","embeddable":true,"href":"https:\/\/ironsky.pl\/sklep\/wp-json\/wp\/v2\/product_brand?post=45030"},{"taxonomy":"product_cat","embeddable":true,"href":"https:\/\/ironsky.pl\/sklep\/wp-json\/wp\/v2\/product_cat?post=45030"},{"taxonomy":"product_tag","embeddable":true,"href":"https:\/\/ironsky.pl\/sklep\/wp-json\/wp\/v2\/product_tag?post=45030"}],"curies":[{"name":"wp","href":"https:\/\/api.w.org\/{rel}","templated":true}]}}