{"id":44985,"date":"2025-06-13T15:12:12","date_gmt":"2025-06-13T13:12:12","guid":{"rendered":"https:\/\/ironsky.pl\/drony-sklep\/produkt\/onikuma-cw905-rozowa-bezprzewodowa-mysz-do-gier-2-4g\/"},"modified":"2026-04-03T19:19:47","modified_gmt":"2026-04-03T17:19:47","slug":"onikuma-cw905-rozowa-bezprzewodowa-mysz-do-gier-2-4g","status":"publish","type":"product","link":"https:\/\/ironsky.pl\/sklep\/produkt\/onikuma-cw905-rozowa-bezprzewodowa-mysz-do-gier-2-4g\/","title":{"rendered":"ONIKUMA CW905 R\u00f3\u017cowa Bezprzewodowa mysz do gier 2.4G"},"content":{"rendered":"<h3>Bezprzewodowa mysz gamingowa 2.4G ONIKUMA CW905 (r\u00f3\u017cowa)<\/h3>\n<p>Zyskaj przewag\u0119 nad przeciwnikami i zdob\u0105d\u017a kolejne zwyci\u0119stwo z Onikuma CW905! Bezprzewodowa mysz pozwala na 5-poziomow\u0105 regulacj\u0119 DPI, a kolorowe pod\u015bwietlenie z 5 efektami zapewni niepowtarzaln\u0105 atmosfer\u0119 podczas rozgrywki. Po\u0142\u0105czenie 2.4G zapewni wymarzon\u0105 swobod\u0119 ruchu, a dzi\u0119ki d\u0142ugiemu czasowi pracy mo\u017cesz gra\u0107 w ulubione gry tak d\u0142ugo, jak tylko chcesz.\u00a0<\/p>\n<p>\n<img decoding=\"async\" src=\"https:\/\/assets.innpro.pl\/9115\/10644\/6.jpg\" border=\"0\" \/>\n<\/p>\n<h3>Precyzyjna kontrola<\/h3>\n<p>Mysz Onikuma umo\u017cliwia regulacj\u0119 rozdzielczo\u015bci na 5 poziomach \u2013 600\/1000\/1600\/2400\/3600. Wystarczy, \u017ce wci\u015bniesz dedykowany przycisk! Niezale\u017cnie od tego, czy potrzebujesz precyzyjnego celowania podczas strzelanek, czy te\u017c szybkiego poruszania si\u0119 podczas dynamicznych akcji, mo\u017cesz dostosowa\u0107 DPI myszy do swoich w\u0142asnych preferencji i wymaga\u0144.\u00a0<\/p>\n<p>\n<img decoding=\"async\" src=\"https:\/\/assets.innpro.pl\/9115\/10644\/4.jpg\" border=\"0\" \/>\n<\/p>\n<h3>Nieprzerwana rozgrywka \u2013 do 48 godzin pracy<\/h3>\n<p>Zapomnij o przerywaniu gry z powodu wyczerpanej baterii! Z czasem pracy do 23 godzin z w\u0142\u0105czonym pod\u015bwietleniem lub a\u017c do 48 godzin bez niego, mysz pozwoli Ci skupi\u0107 si\u0119 na grze bez niepotrzebnych przerw na \u0142adowanie. Dzi\u0119ki akumulatorowi o pojemno\u015bci 700 mAh nie musisz martwi\u0107 si\u0119 o to, \u017ce Twoja mysz roz\u0142aduje si\u0119 w najmniej odpowiednim momencie. Co wi\u0119cej, po minucie bezczynno\u015bci przechodzi w stan u\u015bpienia, aby zaoszcz\u0119dzi\u0107 energi\u0119!\u00a0<\/p>\n<p>\n<img decoding=\"async\" src=\"https:\/\/assets.innpro.pl\/9115\/10644\/2.jpg\" border=\"0\" \/>\n<\/p>\n<h3>Bezprzewodowa swoboda<\/h3>\n<p>Ciesz si\u0119 pe\u0142n\u0105 swobod\u0105 ruchu! Mysz wykorzystuje \u0142\u0105cze 2.4G, kt\u00f3re zapewnia szybkie i niezawodne po\u0142\u0105czenie z wybranym urz\u0105dzeniem o zasi\u0119gu 10 metr\u00f3w. Dzi\u0119ki temu nie musisz martwi\u0107 si\u0119 o utrat\u0119 sygna\u0142u lub op\u00f3\u017anie\u0144 \u2013 ju\u017c nic nie przeszkodzi Ci w osi\u0105gni\u0119ciu zwyci\u0119stwa.<\/p>\n<p>\n<img decoding=\"async\" src=\"https:\/\/assets.innpro.pl\/9115\/10644\/1.jpg\" border=\"0\" \/>\n<\/p>\n<h3>W zestawie:<\/h3>\n<ul class=\"list-disc pl-5\">\n<li>Mysz<\/li>\n<li>Adapter USB<\/li>\n<\/ul>\n<div class=\"table-wrapper\">\n<p>\u00a0<\/p>\n<h3><\/h3>\n<table>\n<tbody>\n<tr>\n<th>Producent <\/th>\n<td>Onikuma<\/td>\n<\/tr>\n<tr>\n<th>Model <\/th>\n<td>CW905<\/td>\n<\/tr>\n<tr>\n<th>Kolor <\/th>\n<td>R\u00f3\u017cowy<\/td>\n<\/tr>\n<tr>\n<th>Po\u0142\u0105czenie <\/th>\n<td>Bezprzewodowe, 2,4G<\/td>\n<\/tr>\n<tr>\n<th>Zasi\u0119g transmisji <\/th>\n<td>10 metr\u00f3w<\/td>\n<\/tr>\n<tr>\n<th>DPI <\/th>\n<td>600\/1000\/1600\/2400\/3600<\/td>\n<\/tr>\n<tr>\n<th>Ilo\u015b\u0107 przycisk\u00f3w <\/th>\n<td>7<\/td>\n<\/tr>\n<tr>\n<th>Pod\u015bwietlenie <\/th>\n<td>Tak, RGB<\/td>\n<\/tr>\n<tr>\n<th>Czas pracy <\/th>\n<td>23 godzin (z pod\u015bwietleniem), 48 godzin (bez pod\u015bwietlenia)<\/td>\n<\/tr>\n<tr>\n<th>Pojemno\u015b\u0107 akumulatora <\/th>\n<td>700 mAh<\/td>\n<\/tr>\n<tr>\n<th>Waga <\/th>\n<td>170 g<\/td>\n<\/tr>\n<tr>\n<th>Wymiary <\/th>\n<td>127 x 71 x 40 mm<\/td>\n<\/tr>\n<tr>\n<th>Kompatybilne systemy operacyjne <\/th>\n<td>Win98 \/ 2000 \/ ME \/ NT \/ XP \/ Win7 \/ Win8 \/ Win10<\/td>\n<\/tr>\n<\/tbody>\n<\/table>\n<\/div>\n","protected":false},"excerpt":{"rendered":"<p>Bezprzewodowa mysz gamingowa 2.4G ONIKUMA CW905 (r\u00f3\u017cowa) Zyskaj przewag\u0119 nad przeciwnikami i zdob\u0105d\u017a kolejne zwyci\u0119stwo z Onikuma CW905! Bezprzewodowa mysz<\/p>\n","protected":false},"featured_media":44986,"comment_status":"closed","ping_status":"open","template":"","meta":{"_acf_changed":false},"product_brand":[],"product_cat":[5929,6157],"product_tag":[],"class_list":{"0":"post-44985","1":"product","2":"type-product","3":"status-publish","4":"has-post-thumbnail","6":"product_cat-akcesoria-it","7":"product_cat-myszki-komputerowe","8":"pa_okres-gwarancji-5754","9":"pa_producent-onikuma","11":"first","12":"outofstock","13":"taxable","14":"shipping-taxable","15":"purchasable","16":"product-type-simple"},"acf":[],"yoast_head":"<!-- This site is optimized with the Yoast SEO plugin v27.2 - https:\/\/yoast.com\/product\/yoast-seo-wordpress\/ -->\n<title>ONIKUMA CW905 R\u00f3\u017cowa Bezprzewodowa mysz do gier 2.4G - IRONSKY.PL Sklep z Dronami<\/title>\n<meta name=\"description\" content=\"ONIKUMA CW905 R\u00f3\u017cowa Bezprzewodowa mysz do gier 2.4G - \u2705 sklep z dronami i fachowym doradztwem. \u2705 Tutaj kupisz produkty DJI, Yuneec, Parrot, Syma i wiele innych, a tak\u017ce kursy i licencje na operatora drona.\" \/>\n<meta name=\"robots\" content=\"index, follow, max-snippet:-1, max-image-preview:large, max-video-preview:-1\" \/>\n<link rel=\"canonical\" href=\"https:\/\/ironsky.pl\/sklep\/produkt\/onikuma-cw905-rozowa-bezprzewodowa-mysz-do-gier-2-4g\/\" \/>\n<meta property=\"og:locale\" content=\"pl_PL\" \/>\n<meta property=\"og:type\" content=\"article\" \/>\n<meta property=\"og:title\" content=\"ONIKUMA CW905 R\u00f3\u017cowa Bezprzewodowa mysz do gier 2.4G - IRONSKY.PL Sklep z Dronami\" \/>\n<meta property=\"og:description\" content=\"ONIKUMA CW905 R\u00f3\u017cowa Bezprzewodowa mysz do gier 2.4G - \u2705 sklep z dronami i fachowym doradztwem. \u2705 Tutaj kupisz produkty DJI, Yuneec, Parrot, Syma i wiele innych, a tak\u017ce kursy i licencje na operatora drona.\" \/>\n<meta property=\"og:url\" content=\"https:\/\/ironsky.pl\/sklep\/produkt\/onikuma-cw905-rozowa-bezprzewodowa-mysz-do-gier-2-4g\/\" \/>\n<meta property=\"og:site_name\" content=\"IRONSKY.PL Sklep z Dronami\" \/>\n<meta property=\"article:modified_time\" content=\"2026-04-03T17:19:47+00:00\" \/>\n<meta property=\"og:image\" content=\"https:\/\/ironsky.pl\/sklep\/wp-content\/uploads\/2025\/06\/43252_1.jpg\" \/>\n\t<meta property=\"og:image:width\" content=\"800\" \/>\n\t<meta property=\"og:image:height\" content=\"800\" \/>\n\t<meta property=\"og:image:type\" content=\"image\/jpeg\" \/>\n<meta name=\"twitter:card\" content=\"summary_large_image\" \/>\n<meta name=\"twitter:label1\" content=\"Szacowany czas czytania\" \/>\n\t<meta name=\"twitter:data1\" content=\"1 minuta\" \/>\n<script type=\"application\/ld+json\" class=\"yoast-schema-graph\">{\"@context\":\"https:\/\/schema.org\",\"@graph\":[{\"@type\":\"WebPage\",\"@id\":\"https:\/\/ironsky.pl\/sklep\/produkt\/onikuma-cw905-rozowa-bezprzewodowa-mysz-do-gier-2-4g\/\",\"url\":\"https:\/\/ironsky.pl\/sklep\/produkt\/onikuma-cw905-rozowa-bezprzewodowa-mysz-do-gier-2-4g\/\",\"name\":\"ONIKUMA CW905 R\u00f3\u017cowa Bezprzewodowa mysz do gier 2.4G - IRONSKY.PL Sklep z Dronami\",\"isPartOf\":{\"@id\":\"https:\/\/ironsky.pl\/sklep\/#website\"},\"primaryImageOfPage\":{\"@id\":\"https:\/\/ironsky.pl\/sklep\/produkt\/onikuma-cw905-rozowa-bezprzewodowa-mysz-do-gier-2-4g\/#primaryimage\"},\"image\":{\"@id\":\"https:\/\/ironsky.pl\/sklep\/produkt\/onikuma-cw905-rozowa-bezprzewodowa-mysz-do-gier-2-4g\/#primaryimage\"},\"thumbnailUrl\":\"https:\/\/ironsky.pl\/sklep\/wp-content\/uploads\/2025\/06\/43252_1.jpg\",\"datePublished\":\"2025-06-13T13:12:12+00:00\",\"dateModified\":\"2026-04-03T17:19:47+00:00\",\"description\":\"ONIKUMA CW905 R\u00f3\u017cowa Bezprzewodowa mysz do gier 2.4G - \u2705 sklep z dronami i fachowym doradztwem. \u2705 Tutaj kupisz produkty DJI, Yuneec, Parrot, Syma i wiele innych, a tak\u017ce kursy i licencje na operatora drona.\",\"breadcrumb\":{\"@id\":\"https:\/\/ironsky.pl\/sklep\/produkt\/onikuma-cw905-rozowa-bezprzewodowa-mysz-do-gier-2-4g\/#breadcrumb\"},\"inLanguage\":\"pl-PL\",\"potentialAction\":[{\"@type\":\"ReadAction\",\"target\":[\"https:\/\/ironsky.pl\/sklep\/produkt\/onikuma-cw905-rozowa-bezprzewodowa-mysz-do-gier-2-4g\/\"]}]},{\"@type\":\"ImageObject\",\"inLanguage\":\"pl-PL\",\"@id\":\"https:\/\/ironsky.pl\/sklep\/produkt\/onikuma-cw905-rozowa-bezprzewodowa-mysz-do-gier-2-4g\/#primaryimage\",\"url\":\"https:\/\/ironsky.pl\/sklep\/wp-content\/uploads\/2025\/06\/43252_1.jpg\",\"contentUrl\":\"https:\/\/ironsky.pl\/sklep\/wp-content\/uploads\/2025\/06\/43252_1.jpg\",\"width\":800,\"height\":800},{\"@type\":\"BreadcrumbList\",\"@id\":\"https:\/\/ironsky.pl\/sklep\/produkt\/onikuma-cw905-rozowa-bezprzewodowa-mysz-do-gier-2-4g\/#breadcrumb\",\"itemListElement\":[{\"@type\":\"ListItem\",\"position\":1,\"name\":\"Strona g\u0142\u00f3wna\",\"item\":\"https:\/\/ironsky.pl\/sklep\/\"},{\"@type\":\"ListItem\",\"position\":2,\"name\":\"Wszystkie produkty\",\"item\":\"https:\/\/ironsky.pl\/sklep\/sklep\/\"},{\"@type\":\"ListItem\",\"position\":3,\"name\":\"ONIKUMA CW905 R\u00f3\u017cowa Bezprzewodowa mysz do gier 2.4G\"}]},{\"@type\":\"WebSite\",\"@id\":\"https:\/\/ironsky.pl\/sklep\/#website\",\"url\":\"https:\/\/ironsky.pl\/sklep\/\",\"name\":\"IRONSKY.PL Sklep z Dronami\",\"description\":\"IRONSKY.PL Sklep z Dronami\",\"potentialAction\":[{\"@type\":\"SearchAction\",\"target\":{\"@type\":\"EntryPoint\",\"urlTemplate\":\"https:\/\/ironsky.pl\/sklep\/?s={search_term_string}\"},\"query-input\":{\"@type\":\"PropertyValueSpecification\",\"valueRequired\":true,\"valueName\":\"search_term_string\"}}],\"inLanguage\":\"pl-PL\"}]}<\/script>\n<!-- \/ Yoast SEO plugin. -->","yoast_head_json":{"title":"ONIKUMA CW905 R\u00f3\u017cowa Bezprzewodowa mysz do gier 2.4G - IRONSKY.PL Sklep z Dronami","description":"ONIKUMA CW905 R\u00f3\u017cowa Bezprzewodowa mysz do gier 2.4G - \u2705 sklep z dronami i fachowym doradztwem. \u2705 Tutaj kupisz produkty DJI, Yuneec, Parrot, Syma i wiele innych, a tak\u017ce kursy i licencje na operatora drona.","robots":{"index":"index","follow":"follow","max-snippet":"max-snippet:-1","max-image-preview":"max-image-preview:large","max-video-preview":"max-video-preview:-1"},"canonical":"https:\/\/ironsky.pl\/sklep\/produkt\/onikuma-cw905-rozowa-bezprzewodowa-mysz-do-gier-2-4g\/","og_locale":"pl_PL","og_type":"article","og_title":"ONIKUMA CW905 R\u00f3\u017cowa Bezprzewodowa mysz do gier 2.4G - IRONSKY.PL Sklep z Dronami","og_description":"ONIKUMA CW905 R\u00f3\u017cowa Bezprzewodowa mysz do gier 2.4G - \u2705 sklep z dronami i fachowym doradztwem. \u2705 Tutaj kupisz produkty DJI, Yuneec, Parrot, Syma i wiele innych, a tak\u017ce kursy i licencje na operatora drona.","og_url":"https:\/\/ironsky.pl\/sklep\/produkt\/onikuma-cw905-rozowa-bezprzewodowa-mysz-do-gier-2-4g\/","og_site_name":"IRONSKY.PL Sklep z Dronami","article_modified_time":"2026-04-03T17:19:47+00:00","og_image":[{"width":800,"height":800,"url":"https:\/\/ironsky.pl\/sklep\/wp-content\/uploads\/2025\/06\/43252_1.jpg","type":"image\/jpeg"}],"twitter_card":"summary_large_image","twitter_misc":{"Szacowany czas czytania":"1 minuta"},"schema":{"@context":"https:\/\/schema.org","@graph":[{"@type":"WebPage","@id":"https:\/\/ironsky.pl\/sklep\/produkt\/onikuma-cw905-rozowa-bezprzewodowa-mysz-do-gier-2-4g\/","url":"https:\/\/ironsky.pl\/sklep\/produkt\/onikuma-cw905-rozowa-bezprzewodowa-mysz-do-gier-2-4g\/","name":"ONIKUMA CW905 R\u00f3\u017cowa Bezprzewodowa mysz do gier 2.4G - IRONSKY.PL Sklep z Dronami","isPartOf":{"@id":"https:\/\/ironsky.pl\/sklep\/#website"},"primaryImageOfPage":{"@id":"https:\/\/ironsky.pl\/sklep\/produkt\/onikuma-cw905-rozowa-bezprzewodowa-mysz-do-gier-2-4g\/#primaryimage"},"image":{"@id":"https:\/\/ironsky.pl\/sklep\/produkt\/onikuma-cw905-rozowa-bezprzewodowa-mysz-do-gier-2-4g\/#primaryimage"},"thumbnailUrl":"https:\/\/ironsky.pl\/sklep\/wp-content\/uploads\/2025\/06\/43252_1.jpg","datePublished":"2025-06-13T13:12:12+00:00","dateModified":"2026-04-03T17:19:47+00:00","description":"ONIKUMA CW905 R\u00f3\u017cowa Bezprzewodowa mysz do gier 2.4G - \u2705 sklep z dronami i fachowym doradztwem. \u2705 Tutaj kupisz produkty DJI, Yuneec, Parrot, Syma i wiele innych, a tak\u017ce kursy i licencje na operatora drona.","breadcrumb":{"@id":"https:\/\/ironsky.pl\/sklep\/produkt\/onikuma-cw905-rozowa-bezprzewodowa-mysz-do-gier-2-4g\/#breadcrumb"},"inLanguage":"pl-PL","potentialAction":[{"@type":"ReadAction","target":["https:\/\/ironsky.pl\/sklep\/produkt\/onikuma-cw905-rozowa-bezprzewodowa-mysz-do-gier-2-4g\/"]}]},{"@type":"ImageObject","inLanguage":"pl-PL","@id":"https:\/\/ironsky.pl\/sklep\/produkt\/onikuma-cw905-rozowa-bezprzewodowa-mysz-do-gier-2-4g\/#primaryimage","url":"https:\/\/ironsky.pl\/sklep\/wp-content\/uploads\/2025\/06\/43252_1.jpg","contentUrl":"https:\/\/ironsky.pl\/sklep\/wp-content\/uploads\/2025\/06\/43252_1.jpg","width":800,"height":800},{"@type":"BreadcrumbList","@id":"https:\/\/ironsky.pl\/sklep\/produkt\/onikuma-cw905-rozowa-bezprzewodowa-mysz-do-gier-2-4g\/#breadcrumb","itemListElement":[{"@type":"ListItem","position":1,"name":"Strona g\u0142\u00f3wna","item":"https:\/\/ironsky.pl\/sklep\/"},{"@type":"ListItem","position":2,"name":"Wszystkie produkty","item":"https:\/\/ironsky.pl\/sklep\/sklep\/"},{"@type":"ListItem","position":3,"name":"ONIKUMA CW905 R\u00f3\u017cowa Bezprzewodowa mysz do gier 2.4G"}]},{"@type":"WebSite","@id":"https:\/\/ironsky.pl\/sklep\/#website","url":"https:\/\/ironsky.pl\/sklep\/","name":"IRONSKY.PL Sklep z Dronami","description":"IRONSKY.PL Sklep z Dronami","potentialAction":[{"@type":"SearchAction","target":{"@type":"EntryPoint","urlTemplate":"https:\/\/ironsky.pl\/sklep\/?s={search_term_string}"},"query-input":{"@type":"PropertyValueSpecification","valueRequired":true,"valueName":"search_term_string"}}],"inLanguage":"pl-PL"}]}},"_links":{"self":[{"href":"https:\/\/ironsky.pl\/sklep\/wp-json\/wp\/v2\/product\/44985","targetHints":{"allow":["GET"]}}],"collection":[{"href":"https:\/\/ironsky.pl\/sklep\/wp-json\/wp\/v2\/product"}],"about":[{"href":"https:\/\/ironsky.pl\/sklep\/wp-json\/wp\/v2\/types\/product"}],"replies":[{"embeddable":true,"href":"https:\/\/ironsky.pl\/sklep\/wp-json\/wp\/v2\/comments?post=44985"}],"wp:featuredmedia":[{"embeddable":true,"href":"https:\/\/ironsky.pl\/sklep\/wp-json\/wp\/v2\/media\/44986"}],"wp:attachment":[{"href":"https:\/\/ironsky.pl\/sklep\/wp-json\/wp\/v2\/media?parent=44985"}],"wp:term":[{"taxonomy":"product_brand","embeddable":true,"href":"https:\/\/ironsky.pl\/sklep\/wp-json\/wp\/v2\/product_brand?post=44985"},{"taxonomy":"product_cat","embeddable":true,"href":"https:\/\/ironsky.pl\/sklep\/wp-json\/wp\/v2\/product_cat?post=44985"},{"taxonomy":"product_tag","embeddable":true,"href":"https:\/\/ironsky.pl\/sklep\/wp-json\/wp\/v2\/product_tag?post=44985"}],"curies":[{"name":"wp","href":"https:\/\/api.w.org\/{rel}","templated":true}]}}