{"id":44530,"date":"2025-06-13T15:08:22","date_gmt":"2025-06-13T13:08:22","guid":{"rendered":"https:\/\/ironsky.pl\/drony-sklep\/produkt\/multitool-nextool-flagship-pro-wymienne-ostrze\/"},"modified":"2026-03-05T15:58:02","modified_gmt":"2026-03-05T14:58:02","slug":"multitool-nextool-flagship-pro-wymienne-ostrze","status":"publish","type":"product","link":"https:\/\/ironsky.pl\/sklep\/produkt\/multitool-nextool-flagship-pro-wymienne-ostrze\/","title":{"rendered":"Multitool Nextool Flagship Pro (wymienne ostrze)"},"content":{"rendered":"<h3>Multitool Nextool Flagship Pro (wymienne ostrze)<\/h3>\n<\/p>\n<p>Cz\u0119sto wyje\u017cd\u017casz pod namioty? Potrzebujesz wtedy jednego, niezawodnego narz\u0119dzia? W\u0142a\u015bnie je znalaz\u0142e\u015b! Multitool od Nextool to uniwersalne narz\u0119dzie, kt\u00f3re b\u0119dzie pomocne jednakowo w domu, ogrodzie, jak i podczas survivali. Wykorzysta\u0107 mo\u017cesz go na ponad 19 sposob\u00f3w, a materia\u0142, z kt\u00f3rego zosta\u0142 wykonany, gwarantuje wytrzyma\u0142o\u015b\u0107 i niezawodno\u015b\u0107. Do zestawu do\u0142\u0105czono r\u00f3wnie\u017c nylonowy woreczek do przechowywania oraz 2 wymienne ostrza.<\/p>\n<\/p>\n<p>\n<img decoding=\"async\" src=\"https:\/\/assets.innpro.pl\/5174\/6073\/11.jpg\" border=\"0\" \/>\n<\/p>\n<h3>Mocniejsze i bardziej wytrzyma\u0142e<\/h3>\n<\/p>\n<p>Multitool Nextool Flagship Pro to narz\u0119dzie uniwersalne, kt\u00f3re sprawdzi si\u0119 w naprawach w domu, ogrodzie, a tak\u017ce podczas survivalu. Zosta\u0142o ono wykonane ze stali 30Cr13, dzi\u0119ki czemu jest jeszcze mocniejsze i bardziej wytrzyma\u0142e. Ponadto jest por\u0119czny i \u0142atwy w obs\u0142udze, dzi\u0119ki czemu b\u0119dzie komfortowy w u\u017cytkowaniu i bez najmniejszego problemu otworzysz paczki, pokroisz owoce czy dotniesz papier.<\/p>\n<\/p>\n<p>\n<img decoding=\"async\" src=\"https:\/\/assets.innpro.pl\/5174\/6073\/2.jpg\" border=\"0\" \/>\n<\/p>\n<h3>Wygodne w u\u017cyciu<\/h3>\n<\/p>\n<p>Narz\u0119dzie Nextool jest nie tylko bardzo wytrzyma\u0142e i pomocne w codziennych czynno\u015bciach, ale jest tak\u017ce bardzo komfortowe w u\u017cytkowaniu. Jego korpus jest wi\u0119kszy, dzi\u0119ki czemu wygodniej le\u017cy w d\u0142oni, a jego funkcje s\u0105 bardziej wszechstronne, co sprawia, \u017ce nadaje si\u0119 on tak\u017ce na survivale. Ponadto mo\u017cesz go wygodnie otwiera\u0107 i zamyka\u0107 za pomoc\u0105 jednej r\u0119ki, czy jednego machni\u0119cia. Nie musisz martwi\u0107 si\u0119, \u017ce tw\u00f3j n\u00f3\u017c si\u0119 st\u0119pi, poniewa\u017c ma on mo\u017cliwo\u015b\u0107 wymiany ostrza.<\/p>\n<\/p>\n<p>\n<img decoding=\"async\" src=\"https:\/\/assets.innpro.pl\/5174\/6073\/12.jpg\" border=\"0\" \/>\n<\/p>\n<h3>Jeszcze wi\u0119cej mo\u017cliwo\u015bci<\/h3>\n<\/p>\n<p>Multitool Nextool Flagship Pro sk\u0142ada si\u0119 z 4 g\u0142\u00f3wnych cz\u0119\u015bci \u2014 no\u017ca, pi\u0142y, no\u017cyczek i pilnika, jednak mo\u017cesz u\u017cywa\u0107 go na ponad 19 sposob\u00f3w, dzi\u0119ki czemu narz\u0119dzie to nie zawiedzie ci\u0119 w \u017cadnej sytuacji. Ponadto zosta\u0142 wyposa\u017cony tak\u017ce w szczypce spr\u0119\u017cynowe z automatycznym odbiciem, kt\u00f3re wp\u0142ywaj\u0105 na jeszcze wygodniejsz\u0105 prac\u0119 narz\u0119dziem.<\/p>\n<\/p>\n<p>\n<img decoding=\"async\" src=\"https:\/\/assets.innpro.pl\/5174\/6073\/10.jpg\" border=\"0\" \/>\n<\/p>\n<h3>Bezpiecze\u0144stwo<\/h3>\n<\/p>\n<p>Nextool to nie tylko wiele mo\u017cliwo\u015bci, ale tak\u017ce gwarancja bezpiecze\u0144stwa. Zosta\u0142 precyzyjnie wykonany z doskona\u0142ej jako\u015bci stali, co sprawia, \u017ce narz\u0119dzie jest mocniejsze i trwalsze. Ponadto 4 g\u0142\u00f3wne narz\u0119dzia, wyposa\u017cone s\u0105 w blokad\u0119 bezpiecze\u0144stwa, dzi\u0119ki czemu zyskujesz gwarancj\u0119, \u017ce scyzoryk nie otworzy si\u0119 w najmniej odpowiednim momencie, a ty unikniesz skaleczenia.<\/p>\n<\/p>\n<p>\n<img decoding=\"async\" src=\"https:\/\/assets.innpro.pl\/5174\/6073\/14.jpg\" border=\"0\" \/>\n<\/p>\n<h3>W zestawie<\/h3>\n<ul class=\"list-disc pl-5\">\n<li>multitool<\/li>\n<li>nylonowy woreczek<\/li>\n<li>2 wymienne ostrza<\/li>\n<\/ul>\n<div class=\"table-wrapper\">\n<p>\u00a0<\/p>\n<h3><\/h3>\n<table>\n<tbody>\n<tr>\n<th>Producent <\/th>\n<td>Nextool<\/td>\n<\/tr>\n<tr>\n<th>Model <\/th>\n<td>NE20232<\/td>\n<\/tr>\n<tr>\n<th>Materia\u0142 <\/th>\n<td>30Cr13 stal<\/td>\n<\/tr>\n<tr>\n<th>Waga <\/th>\n<td>245\u00b15g<\/td>\n<\/tr>\n<tr>\n<th>Wymiary po z\u0142o\u017ceniu <\/th>\n<td>110 \u00d7 40 \u00d7 21,5 mm<\/td>\n<\/tr>\n<tr>\n<th>Ilo\u015b\u0107 funkcji <\/th>\n<td>+19<\/td>\n<\/tr>\n<\/tbody>\n<\/table>\n<\/div>\n","protected":false},"excerpt":{"rendered":"<p>Multitool Nextool Flagship Pro (wymienne ostrze) Cz\u0119sto wyje\u017cd\u017casz pod namioty? Potrzebujesz wtedy jednego, niezawodnego narz\u0119dzia? W\u0142a\u015bnie je znalaz\u0142e\u015b! Multitool od<\/p>\n","protected":false},"featured_media":44531,"comment_status":"closed","ping_status":"open","template":"","meta":{"_acf_changed":false},"product_brand":[],"product_cat":[5959,5937],"product_tag":[],"class_list":{"0":"post-44530","1":"product","2":"type-product","3":"status-publish","4":"has-post-thumbnail","6":"product_cat-multitoole","7":"product_cat-outdoor","8":"pa_okres-gwarancji-5754","9":"pa_producent-nextool","11":"first","12":"outofstock","13":"taxable","14":"shipping-taxable","15":"purchasable","16":"product-type-simple"},"acf":[],"yoast_head":"<!-- This site is optimized with the Yoast SEO plugin v27.2 - https:\/\/yoast.com\/product\/yoast-seo-wordpress\/ -->\n<title>Multitool Nextool Flagship Pro (wymienne ostrze) - IRONSKY.PL Sklep z Dronami<\/title>\n<meta name=\"description\" content=\"Multitool Nextool Flagship Pro (wymienne ostrze) - \u2705 sklep z dronami i fachowym doradztwem. \u2705 Tutaj kupisz produkty DJI, Yuneec, Parrot, Syma i wiele innych, a tak\u017ce kursy i licencje na operatora drona.\" \/>\n<meta name=\"robots\" content=\"index, follow, max-snippet:-1, max-image-preview:large, max-video-preview:-1\" \/>\n<link rel=\"canonical\" href=\"https:\/\/ironsky.pl\/sklep\/produkt\/multitool-nextool-flagship-pro-wymienne-ostrze\/\" \/>\n<meta property=\"og:locale\" content=\"pl_PL\" \/>\n<meta property=\"og:type\" content=\"article\" \/>\n<meta property=\"og:title\" content=\"Multitool Nextool Flagship Pro (wymienne ostrze) - IRONSKY.PL Sklep z Dronami\" \/>\n<meta property=\"og:description\" content=\"Multitool Nextool Flagship Pro (wymienne ostrze) - \u2705 sklep z dronami i fachowym doradztwem. \u2705 Tutaj kupisz produkty DJI, Yuneec, Parrot, Syma i wiele innych, a tak\u017ce kursy i licencje na operatora drona.\" \/>\n<meta property=\"og:url\" content=\"https:\/\/ironsky.pl\/sklep\/produkt\/multitool-nextool-flagship-pro-wymienne-ostrze\/\" \/>\n<meta property=\"og:site_name\" content=\"IRONSKY.PL Sklep z Dronami\" \/>\n<meta property=\"article:modified_time\" content=\"2026-03-05T14:58:02+00:00\" \/>\n<meta property=\"og:image\" content=\"https:\/\/ironsky.pl\/sklep\/wp-content\/uploads\/2025\/06\/41619_4.jpg\" \/>\n\t<meta property=\"og:image:width\" content=\"800\" \/>\n\t<meta property=\"og:image:height\" content=\"799\" \/>\n\t<meta property=\"og:image:type\" content=\"image\/jpeg\" \/>\n<meta name=\"twitter:card\" content=\"summary_large_image\" \/>\n<meta name=\"twitter:label1\" content=\"Szacowany czas czytania\" \/>\n\t<meta name=\"twitter:data1\" content=\"2 minuty\" \/>\n<script type=\"application\/ld+json\" class=\"yoast-schema-graph\">{\"@context\":\"https:\/\/schema.org\",\"@graph\":[{\"@type\":\"WebPage\",\"@id\":\"https:\/\/ironsky.pl\/sklep\/produkt\/multitool-nextool-flagship-pro-wymienne-ostrze\/\",\"url\":\"https:\/\/ironsky.pl\/sklep\/produkt\/multitool-nextool-flagship-pro-wymienne-ostrze\/\",\"name\":\"Multitool Nextool Flagship Pro (wymienne ostrze) - IRONSKY.PL Sklep z Dronami\",\"isPartOf\":{\"@id\":\"https:\/\/ironsky.pl\/sklep\/#website\"},\"primaryImageOfPage\":{\"@id\":\"https:\/\/ironsky.pl\/sklep\/produkt\/multitool-nextool-flagship-pro-wymienne-ostrze\/#primaryimage\"},\"image\":{\"@id\":\"https:\/\/ironsky.pl\/sklep\/produkt\/multitool-nextool-flagship-pro-wymienne-ostrze\/#primaryimage\"},\"thumbnailUrl\":\"https:\/\/ironsky.pl\/sklep\/wp-content\/uploads\/2025\/06\/41619_4.jpg\",\"datePublished\":\"2025-06-13T13:08:22+00:00\",\"dateModified\":\"2026-03-05T14:58:02+00:00\",\"description\":\"Multitool Nextool Flagship Pro (wymienne ostrze) - \u2705 sklep z dronami i fachowym doradztwem. \u2705 Tutaj kupisz produkty DJI, Yuneec, Parrot, Syma i wiele innych, a tak\u017ce kursy i licencje na operatora drona.\",\"breadcrumb\":{\"@id\":\"https:\/\/ironsky.pl\/sklep\/produkt\/multitool-nextool-flagship-pro-wymienne-ostrze\/#breadcrumb\"},\"inLanguage\":\"pl-PL\",\"potentialAction\":[{\"@type\":\"ReadAction\",\"target\":[\"https:\/\/ironsky.pl\/sklep\/produkt\/multitool-nextool-flagship-pro-wymienne-ostrze\/\"]}]},{\"@type\":\"ImageObject\",\"inLanguage\":\"pl-PL\",\"@id\":\"https:\/\/ironsky.pl\/sklep\/produkt\/multitool-nextool-flagship-pro-wymienne-ostrze\/#primaryimage\",\"url\":\"https:\/\/ironsky.pl\/sklep\/wp-content\/uploads\/2025\/06\/41619_4.jpg\",\"contentUrl\":\"https:\/\/ironsky.pl\/sklep\/wp-content\/uploads\/2025\/06\/41619_4.jpg\",\"width\":800,\"height\":799},{\"@type\":\"BreadcrumbList\",\"@id\":\"https:\/\/ironsky.pl\/sklep\/produkt\/multitool-nextool-flagship-pro-wymienne-ostrze\/#breadcrumb\",\"itemListElement\":[{\"@type\":\"ListItem\",\"position\":1,\"name\":\"Strona g\u0142\u00f3wna\",\"item\":\"https:\/\/ironsky.pl\/sklep\/\"},{\"@type\":\"ListItem\",\"position\":2,\"name\":\"Wszystkie produkty\",\"item\":\"https:\/\/ironsky.pl\/sklep\/produkty\/\"},{\"@type\":\"ListItem\",\"position\":3,\"name\":\"Multitool Nextool Flagship Pro (wymienne ostrze)\"}]},{\"@type\":\"WebSite\",\"@id\":\"https:\/\/ironsky.pl\/sklep\/#website\",\"url\":\"https:\/\/ironsky.pl\/sklep\/\",\"name\":\"IRONSKY.PL Sklep z Dronami\",\"description\":\"IRONSKY.PL Sklep z Dronami\",\"potentialAction\":[{\"@type\":\"SearchAction\",\"target\":{\"@type\":\"EntryPoint\",\"urlTemplate\":\"https:\/\/ironsky.pl\/sklep\/?s={search_term_string}\"},\"query-input\":{\"@type\":\"PropertyValueSpecification\",\"valueRequired\":true,\"valueName\":\"search_term_string\"}}],\"inLanguage\":\"pl-PL\"}]}<\/script>\n<!-- \/ Yoast SEO plugin. -->","yoast_head_json":{"title":"Multitool Nextool Flagship Pro (wymienne ostrze) - IRONSKY.PL Sklep z Dronami","description":"Multitool Nextool Flagship Pro (wymienne ostrze) - \u2705 sklep z dronami i fachowym doradztwem. \u2705 Tutaj kupisz produkty DJI, Yuneec, Parrot, Syma i wiele innych, a tak\u017ce kursy i licencje na operatora drona.","robots":{"index":"index","follow":"follow","max-snippet":"max-snippet:-1","max-image-preview":"max-image-preview:large","max-video-preview":"max-video-preview:-1"},"canonical":"https:\/\/ironsky.pl\/sklep\/produkt\/multitool-nextool-flagship-pro-wymienne-ostrze\/","og_locale":"pl_PL","og_type":"article","og_title":"Multitool Nextool Flagship Pro (wymienne ostrze) - IRONSKY.PL Sklep z Dronami","og_description":"Multitool Nextool Flagship Pro (wymienne ostrze) - \u2705 sklep z dronami i fachowym doradztwem. \u2705 Tutaj kupisz produkty DJI, Yuneec, Parrot, Syma i wiele innych, a tak\u017ce kursy i licencje na operatora drona.","og_url":"https:\/\/ironsky.pl\/sklep\/produkt\/multitool-nextool-flagship-pro-wymienne-ostrze\/","og_site_name":"IRONSKY.PL Sklep z Dronami","article_modified_time":"2026-03-05T14:58:02+00:00","og_image":[{"width":800,"height":799,"url":"https:\/\/ironsky.pl\/sklep\/wp-content\/uploads\/2025\/06\/41619_4.jpg","type":"image\/jpeg"}],"twitter_card":"summary_large_image","twitter_misc":{"Szacowany czas czytania":"2 minuty"},"schema":{"@context":"https:\/\/schema.org","@graph":[{"@type":"WebPage","@id":"https:\/\/ironsky.pl\/sklep\/produkt\/multitool-nextool-flagship-pro-wymienne-ostrze\/","url":"https:\/\/ironsky.pl\/sklep\/produkt\/multitool-nextool-flagship-pro-wymienne-ostrze\/","name":"Multitool Nextool Flagship Pro (wymienne ostrze) - IRONSKY.PL Sklep z Dronami","isPartOf":{"@id":"https:\/\/ironsky.pl\/sklep\/#website"},"primaryImageOfPage":{"@id":"https:\/\/ironsky.pl\/sklep\/produkt\/multitool-nextool-flagship-pro-wymienne-ostrze\/#primaryimage"},"image":{"@id":"https:\/\/ironsky.pl\/sklep\/produkt\/multitool-nextool-flagship-pro-wymienne-ostrze\/#primaryimage"},"thumbnailUrl":"https:\/\/ironsky.pl\/sklep\/wp-content\/uploads\/2025\/06\/41619_4.jpg","datePublished":"2025-06-13T13:08:22+00:00","dateModified":"2026-03-05T14:58:02+00:00","description":"Multitool Nextool Flagship Pro (wymienne ostrze) - \u2705 sklep z dronami i fachowym doradztwem. \u2705 Tutaj kupisz produkty DJI, Yuneec, Parrot, Syma i wiele innych, a tak\u017ce kursy i licencje na operatora drona.","breadcrumb":{"@id":"https:\/\/ironsky.pl\/sklep\/produkt\/multitool-nextool-flagship-pro-wymienne-ostrze\/#breadcrumb"},"inLanguage":"pl-PL","potentialAction":[{"@type":"ReadAction","target":["https:\/\/ironsky.pl\/sklep\/produkt\/multitool-nextool-flagship-pro-wymienne-ostrze\/"]}]},{"@type":"ImageObject","inLanguage":"pl-PL","@id":"https:\/\/ironsky.pl\/sklep\/produkt\/multitool-nextool-flagship-pro-wymienne-ostrze\/#primaryimage","url":"https:\/\/ironsky.pl\/sklep\/wp-content\/uploads\/2025\/06\/41619_4.jpg","contentUrl":"https:\/\/ironsky.pl\/sklep\/wp-content\/uploads\/2025\/06\/41619_4.jpg","width":800,"height":799},{"@type":"BreadcrumbList","@id":"https:\/\/ironsky.pl\/sklep\/produkt\/multitool-nextool-flagship-pro-wymienne-ostrze\/#breadcrumb","itemListElement":[{"@type":"ListItem","position":1,"name":"Strona g\u0142\u00f3wna","item":"https:\/\/ironsky.pl\/sklep\/"},{"@type":"ListItem","position":2,"name":"Wszystkie produkty","item":"https:\/\/ironsky.pl\/sklep\/produkty\/"},{"@type":"ListItem","position":3,"name":"Multitool Nextool Flagship Pro (wymienne ostrze)"}]},{"@type":"WebSite","@id":"https:\/\/ironsky.pl\/sklep\/#website","url":"https:\/\/ironsky.pl\/sklep\/","name":"IRONSKY.PL Sklep z Dronami","description":"IRONSKY.PL Sklep z Dronami","potentialAction":[{"@type":"SearchAction","target":{"@type":"EntryPoint","urlTemplate":"https:\/\/ironsky.pl\/sklep\/?s={search_term_string}"},"query-input":{"@type":"PropertyValueSpecification","valueRequired":true,"valueName":"search_term_string"}}],"inLanguage":"pl-PL"}]}},"_links":{"self":[{"href":"https:\/\/ironsky.pl\/sklep\/wp-json\/wp\/v2\/product\/44530","targetHints":{"allow":["GET"]}}],"collection":[{"href":"https:\/\/ironsky.pl\/sklep\/wp-json\/wp\/v2\/product"}],"about":[{"href":"https:\/\/ironsky.pl\/sklep\/wp-json\/wp\/v2\/types\/product"}],"replies":[{"embeddable":true,"href":"https:\/\/ironsky.pl\/sklep\/wp-json\/wp\/v2\/comments?post=44530"}],"wp:featuredmedia":[{"embeddable":true,"href":"https:\/\/ironsky.pl\/sklep\/wp-json\/wp\/v2\/media\/44531"}],"wp:attachment":[{"href":"https:\/\/ironsky.pl\/sklep\/wp-json\/wp\/v2\/media?parent=44530"}],"wp:term":[{"taxonomy":"product_brand","embeddable":true,"href":"https:\/\/ironsky.pl\/sklep\/wp-json\/wp\/v2\/product_brand?post=44530"},{"taxonomy":"product_cat","embeddable":true,"href":"https:\/\/ironsky.pl\/sklep\/wp-json\/wp\/v2\/product_cat?post=44530"},{"taxonomy":"product_tag","embeddable":true,"href":"https:\/\/ironsky.pl\/sklep\/wp-json\/wp\/v2\/product_tag?post=44530"}],"curies":[{"name":"wp","href":"https:\/\/api.w.org\/{rel}","templated":true}]}}