{"id":43840,"date":"2025-06-13T15:02:08","date_gmt":"2025-06-13T13:02:08","guid":{"rendered":"https:\/\/ironsky.pl\/drony-sklep\/produkt\/ultra-cienki-kabel-hdmi-vention-alehf-1m-4k-60hz-szary\/"},"modified":"2026-03-05T15:57:47","modified_gmt":"2026-03-05T14:57:47","slug":"ultra-cienki-kabel-hdmi-vention-alehf-1m-4k-60hz-szary","status":"publish","type":"product","link":"https:\/\/ironsky.pl\/sklep\/produkt\/ultra-cienki-kabel-hdmi-vention-alehf-1m-4k-60hz-szary\/","title":{"rendered":"Ultra cienki kabel HDMI Vention ALEHF 1m 4K 60Hz (Szary)"},"content":{"rendered":"<h3>Kabel HDMI Vention ALEHF 1m<\/h3>\n<p><p>Kabel HDMI Vention ALEHF wyr\u00f3\u017cnia si\u0119 smuk\u0142\u0105 konstrukcj\u0105 i szerok\u0105 kompatybilno\u015bci\u0105. Za jego pomoc\u0105 bez problemu pod\u0142\u0105czysz na przyk\u0142ad TV box do telewizora lub laptopa do projektora. Dost\u0119pne s\u0105 tak\u017ce r\u00f3\u017cne tryby wy\u015bwietlania, w tym powielenie lub rozszerzenie ekranu. Kabel obs\u0142uguje rozdzielczo\u015b\u0107 4K i cz\u0119stotliwo\u015b\u0107 od\u015bwie\u017cania 60 Hz, a jego dodatkowym atutem jest pasmo przenoszenia 18 Gbps i wsparcie dla technologii HDR. Wszystko to przek\u0142ada si\u0119 na wyra\u017any, nasycony szczeg\u00f3\u0142ami obraz i \u017cyw\u0105, pi\u0119kn\u0105 kolorystyk\u0119. Mo\u017cliwa jest r\u00f3wnie\u017c jednoczesna transmisja wideo i audio \u2013 nie musisz kupowa\u0107 dodatkowych przewod\u00f3w.<\/p>\n<\/p>\n<p><img decoding=\"async\" src=\"https:\/\/assets.innpro.pl\/1413\/1510\/1.jpg\" border=\"0\" alt=\"\"><\/p>\n<h3>Ulepszona konstrukcja<\/h3>\n<p><p>W odr\u00f3\u017cnieniu od wi\u0119kszo\u015bci kabli HDMI, model ALEHF jest wyj\u0105tkowo cienki, dzi\u0119ki czemu zajmuje mniej miejsca i jest wygodniejszy w transporcie. Cechuje go tak\u017ce imponuj\u0105ca wytrzyma\u0142o\u015b\u0107 \u2013 nie obawiaj si\u0119, \u017ce zbyt szybko si\u0119 zu\u017cyje. Pow\u0142oka z trwa\u0142ego tworzywa PVC chroni go przed uszkodzeniami, a elementy ze stopu aluminium gwarantuj\u0105 dodatkowe zabezpieczenie. Ten praktyczny kabel b\u0119dzie \u015bwietnie Ci s\u0142u\u017cy\u0107 przez d\u0142ugie lata!<\/p>\n<\/p>\n<p><img decoding=\"async\" src=\"https:\/\/assets.innpro.pl\/1413\/1510\/4.jpg\" border=\"0\" alt=\"\"><\/p>\n<div class=\"table-wrapper\">\n<p>&nbsp;<\/p>\n<h3><\/h3>\n<table>\n<tbody>\n<tr>\n<th>Producent<\/th>\n<td>Vention<\/td>\n<\/tr>\n<tr>\n<th>Model<\/th>\n<td>ALEHF<\/td>\n<\/tr>\n<tr>\n<th>Typ<\/th>\n<td>HDMI do HDMI<\/td>\n<\/tr>\n<tr>\n<th>Maks. rozdzielczo\u015b\u0107<\/th>\n<td>4K@60Hz<\/td>\n<\/tr>\n<tr>\n<th>Materia\u0142<\/th>\n<td>Stop aluminium + PVC<\/td>\n<\/tr>\n<tr>\n<th>D\u0142ugo\u015b\u0107 kabla <\/th>\n<td>1 m<\/td>\n<\/tr>\n<\/tbody>\n<\/table>\n<\/div>\n","protected":false},"excerpt":{"rendered":"<p>Kabel HDMI Vention ALEHF 1m Kabel HDMI Vention ALEHF wyr\u00f3\u017cnia si\u0119 smuk\u0142\u0105 konstrukcj\u0105 i szerok\u0105 kompatybilno\u015bci\u0105. Za jego pomoc\u0105 bez<\/p>\n","protected":false},"featured_media":43841,"comment_status":"closed","ping_status":"open","template":"","meta":{"_acf_changed":false},"product_brand":[],"product_cat":[5929,5931,5933],"product_tag":[],"class_list":{"0":"post-43840","1":"product","2":"type-product","3":"status-publish","4":"has-post-thumbnail","6":"product_cat-akcesoria-it","7":"product_cat-kable","8":"product_cat-wideo","9":"pa_okres-gwarancji-5754","10":"pa_producent-vention","12":"first","13":"outofstock","14":"taxable","15":"shipping-taxable","16":"purchasable","17":"product-type-simple"},"acf":[],"yoast_head":"<!-- This site is optimized with the Yoast SEO plugin v27.2 - https:\/\/yoast.com\/product\/yoast-seo-wordpress\/ -->\n<title>Ultra cienki kabel HDMI Vention ALEHF 1m 4K 60Hz (Szary) - IRONSKY.PL Sklep z Dronami<\/title>\n<meta name=\"description\" content=\"Ultra cienki kabel HDMI Vention ALEHF 1m 4K 60Hz (Szary) - \u2705 sklep z dronami i fachowym doradztwem. \u2705 Tutaj kupisz produkty DJI, Yuneec, Parrot, Syma i wiele innych, a tak\u017ce kursy i licencje na operatora drona.\" \/>\n<meta name=\"robots\" content=\"index, follow, max-snippet:-1, max-image-preview:large, max-video-preview:-1\" \/>\n<link rel=\"canonical\" href=\"https:\/\/ironsky.pl\/sklep\/produkt\/ultra-cienki-kabel-hdmi-vention-alehf-1m-4k-60hz-szary\/\" \/>\n<meta property=\"og:locale\" content=\"pl_PL\" \/>\n<meta property=\"og:type\" content=\"article\" \/>\n<meta property=\"og:title\" content=\"Ultra cienki kabel HDMI Vention ALEHF 1m 4K 60Hz (Szary) - IRONSKY.PL Sklep z Dronami\" \/>\n<meta property=\"og:description\" content=\"Ultra cienki kabel HDMI Vention ALEHF 1m 4K 60Hz (Szary) - \u2705 sklep z dronami i fachowym doradztwem. \u2705 Tutaj kupisz produkty DJI, Yuneec, Parrot, Syma i wiele innych, a tak\u017ce kursy i licencje na operatora drona.\" \/>\n<meta property=\"og:url\" content=\"https:\/\/ironsky.pl\/sklep\/produkt\/ultra-cienki-kabel-hdmi-vention-alehf-1m-4k-60hz-szary\/\" \/>\n<meta property=\"og:site_name\" content=\"IRONSKY.PL Sklep z Dronami\" \/>\n<meta property=\"article:modified_time\" content=\"2026-03-05T14:57:47+00:00\" \/>\n<meta property=\"og:image\" content=\"https:\/\/ironsky.pl\/sklep\/wp-content\/uploads\/2025\/06\/35104_1.jpg\" \/>\n\t<meta property=\"og:image:width\" content=\"800\" \/>\n\t<meta property=\"og:image:height\" content=\"800\" \/>\n\t<meta property=\"og:image:type\" content=\"image\/jpeg\" \/>\n<meta name=\"twitter:card\" content=\"summary_large_image\" \/>\n<meta name=\"twitter:label1\" content=\"Szacowany czas czytania\" \/>\n\t<meta name=\"twitter:data1\" content=\"1 minuta\" \/>\n<script type=\"application\/ld+json\" class=\"yoast-schema-graph\">{\"@context\":\"https:\/\/schema.org\",\"@graph\":[{\"@type\":\"WebPage\",\"@id\":\"https:\/\/ironsky.pl\/sklep\/produkt\/ultra-cienki-kabel-hdmi-vention-alehf-1m-4k-60hz-szary\/\",\"url\":\"https:\/\/ironsky.pl\/sklep\/produkt\/ultra-cienki-kabel-hdmi-vention-alehf-1m-4k-60hz-szary\/\",\"name\":\"Ultra cienki kabel HDMI Vention ALEHF 1m 4K 60Hz (Szary) - IRONSKY.PL Sklep z Dronami\",\"isPartOf\":{\"@id\":\"https:\/\/ironsky.pl\/sklep\/#website\"},\"primaryImageOfPage\":{\"@id\":\"https:\/\/ironsky.pl\/sklep\/produkt\/ultra-cienki-kabel-hdmi-vention-alehf-1m-4k-60hz-szary\/#primaryimage\"},\"image\":{\"@id\":\"https:\/\/ironsky.pl\/sklep\/produkt\/ultra-cienki-kabel-hdmi-vention-alehf-1m-4k-60hz-szary\/#primaryimage\"},\"thumbnailUrl\":\"https:\/\/ironsky.pl\/sklep\/wp-content\/uploads\/2025\/06\/35104_1.jpg\",\"datePublished\":\"2025-06-13T13:02:08+00:00\",\"dateModified\":\"2026-03-05T14:57:47+00:00\",\"description\":\"Ultra cienki kabel HDMI Vention ALEHF 1m 4K 60Hz (Szary) - \u2705 sklep z dronami i fachowym doradztwem. \u2705 Tutaj kupisz produkty DJI, Yuneec, Parrot, Syma i wiele innych, a tak\u017ce kursy i licencje na operatora drona.\",\"breadcrumb\":{\"@id\":\"https:\/\/ironsky.pl\/sklep\/produkt\/ultra-cienki-kabel-hdmi-vention-alehf-1m-4k-60hz-szary\/#breadcrumb\"},\"inLanguage\":\"pl-PL\",\"potentialAction\":[{\"@type\":\"ReadAction\",\"target\":[\"https:\/\/ironsky.pl\/sklep\/produkt\/ultra-cienki-kabel-hdmi-vention-alehf-1m-4k-60hz-szary\/\"]}]},{\"@type\":\"ImageObject\",\"inLanguage\":\"pl-PL\",\"@id\":\"https:\/\/ironsky.pl\/sklep\/produkt\/ultra-cienki-kabel-hdmi-vention-alehf-1m-4k-60hz-szary\/#primaryimage\",\"url\":\"https:\/\/ironsky.pl\/sklep\/wp-content\/uploads\/2025\/06\/35104_1.jpg\",\"contentUrl\":\"https:\/\/ironsky.pl\/sklep\/wp-content\/uploads\/2025\/06\/35104_1.jpg\",\"width\":800,\"height\":800},{\"@type\":\"BreadcrumbList\",\"@id\":\"https:\/\/ironsky.pl\/sklep\/produkt\/ultra-cienki-kabel-hdmi-vention-alehf-1m-4k-60hz-szary\/#breadcrumb\",\"itemListElement\":[{\"@type\":\"ListItem\",\"position\":1,\"name\":\"Strona g\u0142\u00f3wna\",\"item\":\"https:\/\/ironsky.pl\/sklep\/\"},{\"@type\":\"ListItem\",\"position\":2,\"name\":\"Wszystkie produkty\",\"item\":\"https:\/\/ironsky.pl\/sklep\/produkty\/\"},{\"@type\":\"ListItem\",\"position\":3,\"name\":\"Ultra cienki kabel HDMI Vention ALEHF 1m 4K 60Hz (Szary)\"}]},{\"@type\":\"WebSite\",\"@id\":\"https:\/\/ironsky.pl\/sklep\/#website\",\"url\":\"https:\/\/ironsky.pl\/sklep\/\",\"name\":\"IRONSKY.PL Sklep z Dronami\",\"description\":\"IRONSKY.PL Sklep z Dronami\",\"potentialAction\":[{\"@type\":\"SearchAction\",\"target\":{\"@type\":\"EntryPoint\",\"urlTemplate\":\"https:\/\/ironsky.pl\/sklep\/?s={search_term_string}\"},\"query-input\":{\"@type\":\"PropertyValueSpecification\",\"valueRequired\":true,\"valueName\":\"search_term_string\"}}],\"inLanguage\":\"pl-PL\"}]}<\/script>\n<!-- \/ Yoast SEO plugin. -->","yoast_head_json":{"title":"Ultra cienki kabel HDMI Vention ALEHF 1m 4K 60Hz (Szary) - IRONSKY.PL Sklep z Dronami","description":"Ultra cienki kabel HDMI Vention ALEHF 1m 4K 60Hz (Szary) - \u2705 sklep z dronami i fachowym doradztwem. \u2705 Tutaj kupisz produkty DJI, Yuneec, Parrot, Syma i wiele innych, a tak\u017ce kursy i licencje na operatora drona.","robots":{"index":"index","follow":"follow","max-snippet":"max-snippet:-1","max-image-preview":"max-image-preview:large","max-video-preview":"max-video-preview:-1"},"canonical":"https:\/\/ironsky.pl\/sklep\/produkt\/ultra-cienki-kabel-hdmi-vention-alehf-1m-4k-60hz-szary\/","og_locale":"pl_PL","og_type":"article","og_title":"Ultra cienki kabel HDMI Vention ALEHF 1m 4K 60Hz (Szary) - IRONSKY.PL Sklep z Dronami","og_description":"Ultra cienki kabel HDMI Vention ALEHF 1m 4K 60Hz (Szary) - \u2705 sklep z dronami i fachowym doradztwem. \u2705 Tutaj kupisz produkty DJI, Yuneec, Parrot, Syma i wiele innych, a tak\u017ce kursy i licencje na operatora drona.","og_url":"https:\/\/ironsky.pl\/sklep\/produkt\/ultra-cienki-kabel-hdmi-vention-alehf-1m-4k-60hz-szary\/","og_site_name":"IRONSKY.PL Sklep z Dronami","article_modified_time":"2026-03-05T14:57:47+00:00","og_image":[{"width":800,"height":800,"url":"https:\/\/ironsky.pl\/sklep\/wp-content\/uploads\/2025\/06\/35104_1.jpg","type":"image\/jpeg"}],"twitter_card":"summary_large_image","twitter_misc":{"Szacowany czas czytania":"1 minuta"},"schema":{"@context":"https:\/\/schema.org","@graph":[{"@type":"WebPage","@id":"https:\/\/ironsky.pl\/sklep\/produkt\/ultra-cienki-kabel-hdmi-vention-alehf-1m-4k-60hz-szary\/","url":"https:\/\/ironsky.pl\/sklep\/produkt\/ultra-cienki-kabel-hdmi-vention-alehf-1m-4k-60hz-szary\/","name":"Ultra cienki kabel HDMI Vention ALEHF 1m 4K 60Hz (Szary) - IRONSKY.PL Sklep z Dronami","isPartOf":{"@id":"https:\/\/ironsky.pl\/sklep\/#website"},"primaryImageOfPage":{"@id":"https:\/\/ironsky.pl\/sklep\/produkt\/ultra-cienki-kabel-hdmi-vention-alehf-1m-4k-60hz-szary\/#primaryimage"},"image":{"@id":"https:\/\/ironsky.pl\/sklep\/produkt\/ultra-cienki-kabel-hdmi-vention-alehf-1m-4k-60hz-szary\/#primaryimage"},"thumbnailUrl":"https:\/\/ironsky.pl\/sklep\/wp-content\/uploads\/2025\/06\/35104_1.jpg","datePublished":"2025-06-13T13:02:08+00:00","dateModified":"2026-03-05T14:57:47+00:00","description":"Ultra cienki kabel HDMI Vention ALEHF 1m 4K 60Hz (Szary) - \u2705 sklep z dronami i fachowym doradztwem. \u2705 Tutaj kupisz produkty DJI, Yuneec, Parrot, Syma i wiele innych, a tak\u017ce kursy i licencje na operatora drona.","breadcrumb":{"@id":"https:\/\/ironsky.pl\/sklep\/produkt\/ultra-cienki-kabel-hdmi-vention-alehf-1m-4k-60hz-szary\/#breadcrumb"},"inLanguage":"pl-PL","potentialAction":[{"@type":"ReadAction","target":["https:\/\/ironsky.pl\/sklep\/produkt\/ultra-cienki-kabel-hdmi-vention-alehf-1m-4k-60hz-szary\/"]}]},{"@type":"ImageObject","inLanguage":"pl-PL","@id":"https:\/\/ironsky.pl\/sklep\/produkt\/ultra-cienki-kabel-hdmi-vention-alehf-1m-4k-60hz-szary\/#primaryimage","url":"https:\/\/ironsky.pl\/sklep\/wp-content\/uploads\/2025\/06\/35104_1.jpg","contentUrl":"https:\/\/ironsky.pl\/sklep\/wp-content\/uploads\/2025\/06\/35104_1.jpg","width":800,"height":800},{"@type":"BreadcrumbList","@id":"https:\/\/ironsky.pl\/sklep\/produkt\/ultra-cienki-kabel-hdmi-vention-alehf-1m-4k-60hz-szary\/#breadcrumb","itemListElement":[{"@type":"ListItem","position":1,"name":"Strona g\u0142\u00f3wna","item":"https:\/\/ironsky.pl\/sklep\/"},{"@type":"ListItem","position":2,"name":"Wszystkie produkty","item":"https:\/\/ironsky.pl\/sklep\/produkty\/"},{"@type":"ListItem","position":3,"name":"Ultra cienki kabel HDMI Vention ALEHF 1m 4K 60Hz (Szary)"}]},{"@type":"WebSite","@id":"https:\/\/ironsky.pl\/sklep\/#website","url":"https:\/\/ironsky.pl\/sklep\/","name":"IRONSKY.PL Sklep z Dronami","description":"IRONSKY.PL Sklep z Dronami","potentialAction":[{"@type":"SearchAction","target":{"@type":"EntryPoint","urlTemplate":"https:\/\/ironsky.pl\/sklep\/?s={search_term_string}"},"query-input":{"@type":"PropertyValueSpecification","valueRequired":true,"valueName":"search_term_string"}}],"inLanguage":"pl-PL"}]}},"_links":{"self":[{"href":"https:\/\/ironsky.pl\/sklep\/wp-json\/wp\/v2\/product\/43840","targetHints":{"allow":["GET"]}}],"collection":[{"href":"https:\/\/ironsky.pl\/sklep\/wp-json\/wp\/v2\/product"}],"about":[{"href":"https:\/\/ironsky.pl\/sklep\/wp-json\/wp\/v2\/types\/product"}],"replies":[{"embeddable":true,"href":"https:\/\/ironsky.pl\/sklep\/wp-json\/wp\/v2\/comments?post=43840"}],"wp:featuredmedia":[{"embeddable":true,"href":"https:\/\/ironsky.pl\/sklep\/wp-json\/wp\/v2\/media\/43841"}],"wp:attachment":[{"href":"https:\/\/ironsky.pl\/sklep\/wp-json\/wp\/v2\/media?parent=43840"}],"wp:term":[{"taxonomy":"product_brand","embeddable":true,"href":"https:\/\/ironsky.pl\/sklep\/wp-json\/wp\/v2\/product_brand?post=43840"},{"taxonomy":"product_cat","embeddable":true,"href":"https:\/\/ironsky.pl\/sklep\/wp-json\/wp\/v2\/product_cat?post=43840"},{"taxonomy":"product_tag","embeddable":true,"href":"https:\/\/ironsky.pl\/sklep\/wp-json\/wp\/v2\/product_tag?post=43840"}],"curies":[{"name":"wp","href":"https:\/\/api.w.org\/{rel}","templated":true}]}}