{"id":43104,"date":"2025-06-13T14:56:25","date_gmt":"2025-06-13T12:56:25","guid":{"rendered":"https:\/\/ironsky.pl\/drony-sklep\/produkt\/obudowa-dysku-ssd-baseus-flyjoy-szara\/"},"modified":"2026-03-05T15:57:32","modified_gmt":"2026-03-05T14:57:32","slug":"obudowa-dysku-ssd-baseus-flyjoy-szara","status":"publish","type":"product","link":"https:\/\/ironsky.pl\/sklep\/produkt\/obudowa-dysku-ssd-baseus-flyjoy-szara\/","title":{"rendered":"Obudowa dysku SSD Baseus FlyJoy (szara)"},"content":{"rendered":"<h3>Obudowa dysku SSD Baseus FlyJoy (szara)<\/h3>\n<p>Obudowa na dyski SSD Baseus BS-OH155 stanowi wyj\u0105tkowe rozwi\u0105zanie dla u\u017cytkownik\u00f3w poszukuj\u0105cych wytrzyma\u0142ego i stylowego sposobu na przechowywanie i przesy\u0142anie danych. Wykonana ze stopu aluminium i cechuj\u0105ca si\u0119 minimalistycznym designie, obudowa ta mo\u017ce obs\u0142u\u017cy\u0107 dyski o pojemno\u015bci nawet do 4TB. Kompatybilny z dyskami twardymi 2280\/2260\/2242\/2230, obs\u0142uguje protoko\u0142y M.2 NVME i SATA i ultra szybki przesy\u0142 danych 10Gbps. Aby oszcz\u0119dza\u0107 bateri\u0119, dysk zosta\u0142 wyposa\u017cony w wy\u0142\u0105cznik oraz samoistnie przechodzi w tryb standby po 10 minutach nieaktywno\u015bci. <\/p>\n<p><img decoding=\"async\" src=\"https:\/\/b2b.innpro.pl\/data\/include\/cms\/-Baseus\/B00760600811-00\/2.jpg\" alt=\"-Baseus\/B00760600811-00\/2\"><\/p>\n<h3>Pr\u0119dko\u015b\u0107 i efektywno\u015b\u0107<\/h3>\n<p>Obudowa Baseus BS-OH155 jest wyposa\u017cona w z\u0142\u0105cze USB 3.2 Gen2, gwarantuj\u0105ce imponuj\u0105c\u0105 pr\u0119dko\u015b\u0107 przesy\u0142u danych na poziomie 10 Gbps. To oznacza, \u017ce nawet najwi\u0119ksze pliki przetransferujesz w zaledwie 1 sekund\u0119. Dodatkowo, wsparcie dla protoko\u0142u przyspieszonego przesy\u0142ania plik\u00f3w (UASP) przyczynia si\u0119 do jeszcze bardziej p\u0142ynnego i efektywnego przesy\u0142ania danych.<\/p>\n<p><img decoding=\"async\" src=\"https:\/\/b2b.innpro.pl\/data\/include\/cms\/-Baseus\/B00760600811-00\/5.jpg\" alt=\"-Baseus\/B00760600811-00\/5\"><\/p>\n<h3>Innowacyjna ochrona i wydajno\u015b\u0107 termiczna<\/h3>\n<p>Obudowa dysku SSD Baseus BS-OH155 nie tylko chroni Twoje dane, ale tak\u017ce dba o stabilno\u015b\u0107 i trwa\u0142o\u015b\u0107 dysku. Wyposa\u017cona w procesor Realtek oraz technologi\u0119 Baseus BCT, kontroluje temperatur\u0119, utrzymuj\u0105c j\u0105 w optymalnym zakresie 35-50 stopni Celsjusza. Wspierana aluminiow\u0105 pow\u0142ok\u0105 i silikonow\u0105 podk\u0142adk\u0105 termoprzewodz\u0105c\u0105, obudowa efektywnie rozprasza ciep\u0142o, co przek\u0142ada si\u0119 na stabilny przesy\u0142 danych i wyd\u0142u\u017cone \u017cycie dysku.<\/p>\n<p><img decoding=\"async\" src=\"https:\/\/b2b.innpro.pl\/data\/include\/cms\/-Baseus\/B00760600811-00\/3.jpg\" alt=\"-Baseus\/B00760600811-00\/3\"><\/p>\n<h3>Inteligentne zarz\u0105dzanie energi\u0105<\/h3>\n<p>Obudowa BS-OH155 zosta\u0142a wyposa\u017cona w wy\u0142\u0105cznik, kt\u00f3ry umo\u017cliwia oszcz\u0119dzanie energii poprzez wy\u0142\u0105czenie urz\u0105dzenia w momencie, gdy nie jest w u\u017cyciu. Ponadto, po 10 minutach bezczynno\u015bci, dysk przechodzi w stan czuwania, pobieraj\u0105c jedynie 0.02W, co przek\u0142ada si\u0119 na minimalny wp\u0142yw na zu\u017cycie energii.<\/p>\n<p><img decoding=\"async\" src=\"https:\/\/b2b.innpro.pl\/data\/include\/cms\/-Baseus\/B00760600811-00\/9.jpg\" alt=\"-Baseus\/B00760600811-00\/9\"><\/p>\n<h3>Elegancja i funkcjonalno\u015b\u0107<\/h3>\n<p>Wbudowane \u015bwiate\u0142ko nadaje obudowie dysku Baseus BS-OH155 unikalnego charakteru, jednocze\u015bnie pe\u0142ni\u0105c funkcj\u0119 wska\u017anika pracy. Dodatkowo, w zestawie znajdziesz silikonowy ochraniacz, kt\u00f3ry dodatkowo zabezpiecza Tw\u00f3j dysk przed uszkodzeniami mechanicznymi.<\/p>\n<p><img decoding=\"async\" src=\"https:\/\/b2b.innpro.pl\/data\/include\/cms\/-Baseus\/B00760600811-00\/7.jpg\" alt=\"-Baseus\/B00760600811-00\/7\"><\/p>\n<h3>Zawarto\u015b\u0107 zestawu i specyfikacja<\/h3>\n<p>W zestawie obudowa dysku SSD Baseus BS-OH155 znajduje si\u0119 nie tylko sam produkt, lecz tak\u017ce dodatki zwi\u0119kszaj\u0105ce funkcjonalno\u015b\u0107 i wygod\u0119 u\u017cytkowania. Silikonowy ochraniacz na dysk, kable USB-C oraz USB-A z USB-C, a tak\u017ce \u015brubokr\u0119t i silikonowa podk\u0142adka termoprzewodz\u0105ca pozwalaj\u0105 na pe\u0142ne dostosowanie urz\u0105dzenia do Twoich potrzeb. Marka Baseus gwarantuje wysok\u0105 jako\u015b\u0107 produktu, a specyfikacje, takie jak maksymalna pojemno\u015b\u0107 4TB czy wspierane systemy operacyjne (Windows, Apple OS, Linux), potwierdzaj\u0105 jego wszechstronno\u015b\u0107.<\/p>\n<p><img decoding=\"async\" src=\"https:\/\/b2b.innpro.pl\/data\/include\/cms\/-Baseus\/B00760600811-00\/11.jpg\" alt=\"-Baseus\/B00760600811-00\/11\"><\/p>\n<h3>W zestawie <\/h3>\n<ul>\n<li>Obudowa dysku <\/li>\n<li>Silikonowy ochraniacz na dysk <\/li>\n<li>Kabel z dwoma ko\u0144c\u00f3wkami USB-C<\/li>\n<li>Kabel z ko\u0144c\u00f3wkami USB-A i USB-C <\/li>\n<li>\u015arubokr\u0119t <\/li>\n<li>Silikonowa podk\u0142adka termoprzewodz\u0105ca <\/li>\n<\/ul>\n<div class=\"table-wrapper\">\n<table>\n<tbody>\n<tr>\n<th>Marka <\/th>\n<td>Baseus<\/td>\n<\/tr>\n<tr>\n<th>Model <\/th>\n<td>BS-OH155<\/td>\n<\/tr>\n<tr>\n<th>Kolor <\/th>\n<td>Szary <\/td>\n<\/tr>\n<tr>\n<th>Waga <\/th>\n<td>ok. 52g<\/td>\n<\/tr>\n<tr>\n<th>Wymiary <\/th>\n<td>120 x 36 x 13mm<\/td>\n<\/tr>\n<tr>\n<th>Szybko\u015b\u0107 przesy\u0142u <\/th>\n<td>10Gbps<\/td>\n<\/tr>\n<tr>\n<th>Materia\u0142 <\/th>\n<td>Stop aluminium<\/td>\n<\/tr>\n<tr>\n<th>Maksymalna wspierana pojemno\u015b\u0107 <\/th>\n<td>4TB <\/td>\n<\/tr>\n<tr>\n<th>Wspierane rozmiary dysk\u00f3w <\/th>\n<td>2280, 2260, 2242, 2230<\/td>\n<\/tr>\n<tr>\n<th>Protok\u00f3\u0142 przyspieszonego przesy\u0142ania plik\u00f3w<\/th>\n<td>UASP<\/td>\n<\/tr>\n<tr>\n<th>Inne funkcje<\/th>\n<td>Wspiera komendy TRIM<\/td>\n<\/tr>\n<tr>\n<th>Wspierane systemy operacyjne <\/th>\n<td>Windows, Apple OS, Linux <\/td>\n<\/tr>\n<tr>\n<th><\/th>\n<td><\/td>\n<\/tr>\n<tr>\n<th><\/th>\n<\/tbody>\n<\/table>\n<\/div>\n","protected":false},"excerpt":{"rendered":"<p>Obudowa dysku SSD Baseus FlyJoy (szara) Obudowa na dyski SSD Baseus BS-OH155 stanowi wyj\u0105tkowe rozwi\u0105zanie dla u\u017cytkownik\u00f3w poszukuj\u0105cych wytrzyma\u0142ego i<\/p>\n","protected":false},"featured_media":43105,"comment_status":"closed","ping_status":"open","template":"","meta":{"_acf_changed":false},"product_brand":[],"product_cat":[5929,5936],"product_tag":[],"class_list":{"0":"post-43104","1":"product","2":"type-product","3":"status-publish","4":"has-post-thumbnail","6":"product_cat-akcesoria-it","7":"product_cat-obudowy-dyskow","8":"pa_okres-gwarancji-5754","9":"pa_producent-baseus","11":"first","12":"outofstock","13":"taxable","14":"shipping-taxable","15":"purchasable","16":"product-type-simple"},"acf":[],"yoast_head":"<!-- This site is optimized with the Yoast SEO plugin v27.2 - https:\/\/yoast.com\/product\/yoast-seo-wordpress\/ -->\n<title>Obudowa dysku SSD Baseus FlyJoy (szara) - IRONSKY.PL Sklep z Dronami<\/title>\n<meta name=\"description\" content=\"Obudowa dysku SSD Baseus FlyJoy (szara) - \u2705 sklep z dronami i fachowym doradztwem. \u2705 Tutaj kupisz produkty DJI, Yuneec, Parrot, Syma i wiele innych, a tak\u017ce kursy i licencje na operatora drona.\" \/>\n<meta name=\"robots\" content=\"index, follow, max-snippet:-1, max-image-preview:large, max-video-preview:-1\" \/>\n<link rel=\"canonical\" href=\"https:\/\/ironsky.pl\/sklep\/produkt\/obudowa-dysku-ssd-baseus-flyjoy-szara\/\" \/>\n<meta property=\"og:locale\" content=\"pl_PL\" \/>\n<meta property=\"og:type\" content=\"article\" \/>\n<meta property=\"og:title\" content=\"Obudowa dysku SSD Baseus FlyJoy (szara) - IRONSKY.PL Sklep z Dronami\" \/>\n<meta property=\"og:description\" content=\"Obudowa dysku SSD Baseus FlyJoy (szara) - \u2705 sklep z dronami i fachowym doradztwem. \u2705 Tutaj kupisz produkty DJI, Yuneec, Parrot, Syma i wiele innych, a tak\u017ce kursy i licencje na operatora drona.\" \/>\n<meta property=\"og:url\" content=\"https:\/\/ironsky.pl\/sklep\/produkt\/obudowa-dysku-ssd-baseus-flyjoy-szara\/\" \/>\n<meta property=\"og:site_name\" content=\"IRONSKY.PL Sklep z Dronami\" \/>\n<meta property=\"article:modified_time\" content=\"2026-03-05T14:57:32+00:00\" \/>\n<meta property=\"og:image\" content=\"https:\/\/ironsky.pl\/sklep\/wp-content\/uploads\/2025\/06\/33399_1.jpg\" \/>\n\t<meta property=\"og:image:width\" content=\"800\" \/>\n\t<meta property=\"og:image:height\" content=\"800\" \/>\n\t<meta property=\"og:image:type\" content=\"image\/jpeg\" \/>\n<meta name=\"twitter:card\" content=\"summary_large_image\" \/>\n<meta name=\"twitter:label1\" content=\"Szacowany czas czytania\" \/>\n\t<meta name=\"twitter:data1\" content=\"2 minuty\" \/>\n<script type=\"application\/ld+json\" class=\"yoast-schema-graph\">{\"@context\":\"https:\/\/schema.org\",\"@graph\":[{\"@type\":\"WebPage\",\"@id\":\"https:\/\/ironsky.pl\/sklep\/produkt\/obudowa-dysku-ssd-baseus-flyjoy-szara\/\",\"url\":\"https:\/\/ironsky.pl\/sklep\/produkt\/obudowa-dysku-ssd-baseus-flyjoy-szara\/\",\"name\":\"Obudowa dysku SSD Baseus FlyJoy (szara) - IRONSKY.PL Sklep z Dronami\",\"isPartOf\":{\"@id\":\"https:\/\/ironsky.pl\/sklep\/#website\"},\"primaryImageOfPage\":{\"@id\":\"https:\/\/ironsky.pl\/sklep\/produkt\/obudowa-dysku-ssd-baseus-flyjoy-szara\/#primaryimage\"},\"image\":{\"@id\":\"https:\/\/ironsky.pl\/sklep\/produkt\/obudowa-dysku-ssd-baseus-flyjoy-szara\/#primaryimage\"},\"thumbnailUrl\":\"https:\/\/ironsky.pl\/sklep\/wp-content\/uploads\/2025\/06\/33399_1.jpg\",\"datePublished\":\"2025-06-13T12:56:25+00:00\",\"dateModified\":\"2026-03-05T14:57:32+00:00\",\"description\":\"Obudowa dysku SSD Baseus FlyJoy (szara) - \u2705 sklep z dronami i fachowym doradztwem. \u2705 Tutaj kupisz produkty DJI, Yuneec, Parrot, Syma i wiele innych, a tak\u017ce kursy i licencje na operatora drona.\",\"breadcrumb\":{\"@id\":\"https:\/\/ironsky.pl\/sklep\/produkt\/obudowa-dysku-ssd-baseus-flyjoy-szara\/#breadcrumb\"},\"inLanguage\":\"pl-PL\",\"potentialAction\":[{\"@type\":\"ReadAction\",\"target\":[\"https:\/\/ironsky.pl\/sklep\/produkt\/obudowa-dysku-ssd-baseus-flyjoy-szara\/\"]}]},{\"@type\":\"ImageObject\",\"inLanguage\":\"pl-PL\",\"@id\":\"https:\/\/ironsky.pl\/sklep\/produkt\/obudowa-dysku-ssd-baseus-flyjoy-szara\/#primaryimage\",\"url\":\"https:\/\/ironsky.pl\/sklep\/wp-content\/uploads\/2025\/06\/33399_1.jpg\",\"contentUrl\":\"https:\/\/ironsky.pl\/sklep\/wp-content\/uploads\/2025\/06\/33399_1.jpg\",\"width\":800,\"height\":800},{\"@type\":\"BreadcrumbList\",\"@id\":\"https:\/\/ironsky.pl\/sklep\/produkt\/obudowa-dysku-ssd-baseus-flyjoy-szara\/#breadcrumb\",\"itemListElement\":[{\"@type\":\"ListItem\",\"position\":1,\"name\":\"Strona g\u0142\u00f3wna\",\"item\":\"https:\/\/ironsky.pl\/sklep\/\"},{\"@type\":\"ListItem\",\"position\":2,\"name\":\"Wszystkie produkty\",\"item\":\"https:\/\/ironsky.pl\/sklep\/produkty\/\"},{\"@type\":\"ListItem\",\"position\":3,\"name\":\"Obudowa dysku SSD Baseus FlyJoy (szara)\"}]},{\"@type\":\"WebSite\",\"@id\":\"https:\/\/ironsky.pl\/sklep\/#website\",\"url\":\"https:\/\/ironsky.pl\/sklep\/\",\"name\":\"IRONSKY.PL Sklep z Dronami\",\"description\":\"IRONSKY.PL Sklep z Dronami\",\"potentialAction\":[{\"@type\":\"SearchAction\",\"target\":{\"@type\":\"EntryPoint\",\"urlTemplate\":\"https:\/\/ironsky.pl\/sklep\/?s={search_term_string}\"},\"query-input\":{\"@type\":\"PropertyValueSpecification\",\"valueRequired\":true,\"valueName\":\"search_term_string\"}}],\"inLanguage\":\"pl-PL\"}]}<\/script>\n<!-- \/ Yoast SEO plugin. -->","yoast_head_json":{"title":"Obudowa dysku SSD Baseus FlyJoy (szara) - IRONSKY.PL Sklep z Dronami","description":"Obudowa dysku SSD Baseus FlyJoy (szara) - \u2705 sklep z dronami i fachowym doradztwem. \u2705 Tutaj kupisz produkty DJI, Yuneec, Parrot, Syma i wiele innych, a tak\u017ce kursy i licencje na operatora drona.","robots":{"index":"index","follow":"follow","max-snippet":"max-snippet:-1","max-image-preview":"max-image-preview:large","max-video-preview":"max-video-preview:-1"},"canonical":"https:\/\/ironsky.pl\/sklep\/produkt\/obudowa-dysku-ssd-baseus-flyjoy-szara\/","og_locale":"pl_PL","og_type":"article","og_title":"Obudowa dysku SSD Baseus FlyJoy (szara) - IRONSKY.PL Sklep z Dronami","og_description":"Obudowa dysku SSD Baseus FlyJoy (szara) - \u2705 sklep z dronami i fachowym doradztwem. \u2705 Tutaj kupisz produkty DJI, Yuneec, Parrot, Syma i wiele innych, a tak\u017ce kursy i licencje na operatora drona.","og_url":"https:\/\/ironsky.pl\/sklep\/produkt\/obudowa-dysku-ssd-baseus-flyjoy-szara\/","og_site_name":"IRONSKY.PL Sklep z Dronami","article_modified_time":"2026-03-05T14:57:32+00:00","og_image":[{"width":800,"height":800,"url":"https:\/\/ironsky.pl\/sklep\/wp-content\/uploads\/2025\/06\/33399_1.jpg","type":"image\/jpeg"}],"twitter_card":"summary_large_image","twitter_misc":{"Szacowany czas czytania":"2 minuty"},"schema":{"@context":"https:\/\/schema.org","@graph":[{"@type":"WebPage","@id":"https:\/\/ironsky.pl\/sklep\/produkt\/obudowa-dysku-ssd-baseus-flyjoy-szara\/","url":"https:\/\/ironsky.pl\/sklep\/produkt\/obudowa-dysku-ssd-baseus-flyjoy-szara\/","name":"Obudowa dysku SSD Baseus FlyJoy (szara) - IRONSKY.PL Sklep z Dronami","isPartOf":{"@id":"https:\/\/ironsky.pl\/sklep\/#website"},"primaryImageOfPage":{"@id":"https:\/\/ironsky.pl\/sklep\/produkt\/obudowa-dysku-ssd-baseus-flyjoy-szara\/#primaryimage"},"image":{"@id":"https:\/\/ironsky.pl\/sklep\/produkt\/obudowa-dysku-ssd-baseus-flyjoy-szara\/#primaryimage"},"thumbnailUrl":"https:\/\/ironsky.pl\/sklep\/wp-content\/uploads\/2025\/06\/33399_1.jpg","datePublished":"2025-06-13T12:56:25+00:00","dateModified":"2026-03-05T14:57:32+00:00","description":"Obudowa dysku SSD Baseus FlyJoy (szara) - \u2705 sklep z dronami i fachowym doradztwem. \u2705 Tutaj kupisz produkty DJI, Yuneec, Parrot, Syma i wiele innych, a tak\u017ce kursy i licencje na operatora drona.","breadcrumb":{"@id":"https:\/\/ironsky.pl\/sklep\/produkt\/obudowa-dysku-ssd-baseus-flyjoy-szara\/#breadcrumb"},"inLanguage":"pl-PL","potentialAction":[{"@type":"ReadAction","target":["https:\/\/ironsky.pl\/sklep\/produkt\/obudowa-dysku-ssd-baseus-flyjoy-szara\/"]}]},{"@type":"ImageObject","inLanguage":"pl-PL","@id":"https:\/\/ironsky.pl\/sklep\/produkt\/obudowa-dysku-ssd-baseus-flyjoy-szara\/#primaryimage","url":"https:\/\/ironsky.pl\/sklep\/wp-content\/uploads\/2025\/06\/33399_1.jpg","contentUrl":"https:\/\/ironsky.pl\/sklep\/wp-content\/uploads\/2025\/06\/33399_1.jpg","width":800,"height":800},{"@type":"BreadcrumbList","@id":"https:\/\/ironsky.pl\/sklep\/produkt\/obudowa-dysku-ssd-baseus-flyjoy-szara\/#breadcrumb","itemListElement":[{"@type":"ListItem","position":1,"name":"Strona g\u0142\u00f3wna","item":"https:\/\/ironsky.pl\/sklep\/"},{"@type":"ListItem","position":2,"name":"Wszystkie produkty","item":"https:\/\/ironsky.pl\/sklep\/produkty\/"},{"@type":"ListItem","position":3,"name":"Obudowa dysku SSD Baseus FlyJoy (szara)"}]},{"@type":"WebSite","@id":"https:\/\/ironsky.pl\/sklep\/#website","url":"https:\/\/ironsky.pl\/sklep\/","name":"IRONSKY.PL Sklep z Dronami","description":"IRONSKY.PL Sklep z Dronami","potentialAction":[{"@type":"SearchAction","target":{"@type":"EntryPoint","urlTemplate":"https:\/\/ironsky.pl\/sklep\/?s={search_term_string}"},"query-input":{"@type":"PropertyValueSpecification","valueRequired":true,"valueName":"search_term_string"}}],"inLanguage":"pl-PL"}]}},"_links":{"self":[{"href":"https:\/\/ironsky.pl\/sklep\/wp-json\/wp\/v2\/product\/43104","targetHints":{"allow":["GET"]}}],"collection":[{"href":"https:\/\/ironsky.pl\/sklep\/wp-json\/wp\/v2\/product"}],"about":[{"href":"https:\/\/ironsky.pl\/sklep\/wp-json\/wp\/v2\/types\/product"}],"replies":[{"embeddable":true,"href":"https:\/\/ironsky.pl\/sklep\/wp-json\/wp\/v2\/comments?post=43104"}],"wp:featuredmedia":[{"embeddable":true,"href":"https:\/\/ironsky.pl\/sklep\/wp-json\/wp\/v2\/media\/43105"}],"wp:attachment":[{"href":"https:\/\/ironsky.pl\/sklep\/wp-json\/wp\/v2\/media?parent=43104"}],"wp:term":[{"taxonomy":"product_brand","embeddable":true,"href":"https:\/\/ironsky.pl\/sklep\/wp-json\/wp\/v2\/product_brand?post=43104"},{"taxonomy":"product_cat","embeddable":true,"href":"https:\/\/ironsky.pl\/sklep\/wp-json\/wp\/v2\/product_cat?post=43104"},{"taxonomy":"product_tag","embeddable":true,"href":"https:\/\/ironsky.pl\/sklep\/wp-json\/wp\/v2\/product_tag?post=43104"}],"curies":[{"name":"wp","href":"https:\/\/api.w.org\/{rel}","templated":true}]}}