{"id":42521,"date":"2025-06-13T14:51:35","date_gmt":"2025-06-13T12:51:35","guid":{"rendered":"https:\/\/ironsky.pl\/drony-sklep\/produkt\/multitool-minisailor-nextool-ne20156\/"},"modified":"2026-03-05T15:57:21","modified_gmt":"2026-03-05T14:57:21","slug":"multitool-minisailor-nextool-ne20156","status":"publish","type":"product","link":"https:\/\/ironsky.pl\/sklep\/produkt\/multitool-minisailor-nextool-ne20156\/","title":{"rendered":"Multitool MiniSailor Nextool NE20156"},"content":{"rendered":"<h3>Multitool MiniSailor Nextool NE20156<\/h3>\n<p>Chcesz mie\u0107 zawsze niezb\u0119dne narz\u0119dzia przy sobie? Multitool MiniSailor Nextool jest dla ciebie. Mo\u017cesz wykorzysta\u0107 go na a\u017c 10 sposob\u00f3w, dzi\u0119ki czemu przyda si\u0119 podczas wi\u0119kszo\u015bci codziennych czynno\u015bci. Ponadto mo\u017cesz przyczepi\u0107 multitool do swoich kluczy, co sprawi, \u017ce zawsze b\u0119dziesz mie\u0107 go przy sobie. <\/p>\n<p><img decoding=\"async\" src=\"https:\/\/b2b.innpro.pl\/data\/include\/cms\/Nextool\/NE20156\/9.jpg\"><\/p>\n<h3>Wielofunkcyjne urz\u0105dzenie<\/h3>\n<p>Multitool MiniSailor Nextool zosta\u0142 wyposa\u017cony w 10 narz\u0119dzi, dzi\u0119ki czemu sprawdzi si\u0119 podczas wi\u0119kszo\u015bci domowych czynno\u015bci oraz drobnych napraw. Przyda si\u0119 mi\u0119dzy innymi do wyjmowania kart SIM z telefonu, przecinania drut\u00f3w czy otwierania butelek. Ponadto, dzi\u0119ki niewielkim rozmiarom mo\u017cesz przyczepi\u0107 go do swoich kluczy i mie\u0107 zawsze pod r\u0119k\u0105.<\/p>\n<p><img decoding=\"async\" src=\"https:\/\/b2b.innpro.pl\/data\/include\/cms\/Nextool\/NE20156\/8.jpg\"><\/p>\n<h3>Doskona\u0142a jako\u015b\u0107<\/h3>\n<p>Multitool Nextool zosta\u0142 wykonany z wysokiej jako\u015bci stali nierdzewnej 420J2, dzi\u0119ki czemu wykazuje du\u017c\u0105 odporno\u015b\u0107 i wytrzyma\u0142o\u015b\u0107. Ponadto n\u00f3\u017c w nim zawarty to twarde ostrze >HRC50, co sprawia, \u017ce bez problemu poradzi sobie ze struganiem drewna. Narz\u0119dzie to nada si\u0119 jednakowo do domu, jak i podczas wypad\u00f3w pod namiot. <\/p>\n<p><img decoding=\"async\" src=\"https:\/\/b2b.innpro.pl\/data\/include\/cms\/Nextool\/NE20156\/1.jpg\"><\/p>\n<div class=\"table-wrapper\">\n<table>\n<tbody>\n<tr>\n<th>Producent <\/th>\n<td>Nextool<\/td>\n<\/tr>\n<tr>\n<th>Model <\/th>\n<td>NE20156<\/td>\n<\/tr>\n<tr>\n<th>Rozmiar po roz\u0142o\u017ceniu <\/th>\n<td>105 \u00d7 62 mm<\/td>\n<\/tr>\n<tr>\n<th>Rozmiar po z\u0142o\u017ceniu <\/th>\n<td>67,2 \u00d7 25,3 \u00d7 15,5 mm<\/td>\n<\/tr>\n<tr>\n<th>Waga<\/th>\n<td>84\u00b12g<\/td>\n<\/tr>\n<tr>\n<th>Materia\u0142<\/th>\n<td>Stal nierdzewna 420J2<\/td>\n<\/tr>\n<tr>\n<th>Funkcje <\/th>\n<td>Szczypce ig\u0142owe \/  Standardowe szczypce \/ Szczypce do ci\u0119cia cienkiego drutu \/ Pinezka do kart SIM \/ \u015arubokr\u0119t p\u0142aski \/ \u015arubokr\u0119t krzy\u017cakowy \/ No\u017cyczki \/ Otwieracz do butelek \/ Otwieracz do puszek \/ N\u00f3\u017c<\/td>\n<\/tr>\n<\/tbody>\n<\/table>\n<\/div>\n","protected":false},"excerpt":{"rendered":"<p>Multitool MiniSailor Nextool NE20156 Chcesz mie\u0107 zawsze niezb\u0119dne narz\u0119dzia przy sobie? Multitool MiniSailor Nextool jest dla ciebie. Mo\u017cesz wykorzysta\u0107 go<\/p>\n","protected":false},"featured_media":42522,"comment_status":"closed","ping_status":"open","template":"","meta":{"_acf_changed":false},"product_brand":[],"product_cat":[5959,5937],"product_tag":[],"class_list":{"0":"post-42521","1":"product","2":"type-product","3":"status-publish","4":"has-post-thumbnail","6":"product_cat-multitoole","7":"product_cat-outdoor","8":"pa_okres-gwarancji-5754","9":"pa_producent-nextool","11":"first","12":"outofstock","13":"taxable","14":"shipping-taxable","15":"purchasable","16":"product-type-simple"},"acf":[],"yoast_head":"<!-- This site is optimized with the Yoast SEO plugin v27.2 - https:\/\/yoast.com\/product\/yoast-seo-wordpress\/ -->\n<title>Multitool MiniSailor Nextool NE20156 - IRONSKY.PL Sklep z Dronami<\/title>\n<meta name=\"description\" content=\"Multitool MiniSailor Nextool NE20156 - \u2705 sklep z dronami i fachowym doradztwem. \u2705 Tutaj kupisz produkty DJI, Yuneec, Parrot, Syma i wiele innych, a tak\u017ce kursy i licencje na operatora drona.\" \/>\n<meta name=\"robots\" content=\"index, follow, max-snippet:-1, max-image-preview:large, max-video-preview:-1\" \/>\n<link rel=\"canonical\" href=\"https:\/\/ironsky.pl\/sklep\/produkt\/multitool-minisailor-nextool-ne20156\/\" \/>\n<meta property=\"og:locale\" content=\"pl_PL\" \/>\n<meta property=\"og:type\" content=\"article\" \/>\n<meta property=\"og:title\" content=\"Multitool MiniSailor Nextool NE20156 - IRONSKY.PL Sklep z Dronami\" \/>\n<meta property=\"og:description\" content=\"Multitool MiniSailor Nextool NE20156 - \u2705 sklep z dronami i fachowym doradztwem. \u2705 Tutaj kupisz produkty DJI, Yuneec, Parrot, Syma i wiele innych, a tak\u017ce kursy i licencje na operatora drona.\" \/>\n<meta property=\"og:url\" content=\"https:\/\/ironsky.pl\/sklep\/produkt\/multitool-minisailor-nextool-ne20156\/\" \/>\n<meta property=\"og:site_name\" content=\"IRONSKY.PL Sklep z Dronami\" \/>\n<meta property=\"article:modified_time\" content=\"2026-03-05T14:57:21+00:00\" \/>\n<meta property=\"og:image\" content=\"https:\/\/ironsky.pl\/sklep\/wp-content\/uploads\/2025\/06\/29159_3.jpg\" \/>\n\t<meta property=\"og:image:width\" content=\"800\" \/>\n\t<meta property=\"og:image:height\" content=\"800\" \/>\n\t<meta property=\"og:image:type\" content=\"image\/jpeg\" \/>\n<meta name=\"twitter:card\" content=\"summary_large_image\" \/>\n<meta name=\"twitter:label1\" content=\"Szacowany czas czytania\" \/>\n\t<meta name=\"twitter:data1\" content=\"1 minuta\" \/>\n<script type=\"application\/ld+json\" class=\"yoast-schema-graph\">{\"@context\":\"https:\/\/schema.org\",\"@graph\":[{\"@type\":\"WebPage\",\"@id\":\"https:\/\/ironsky.pl\/sklep\/produkt\/multitool-minisailor-nextool-ne20156\/\",\"url\":\"https:\/\/ironsky.pl\/sklep\/produkt\/multitool-minisailor-nextool-ne20156\/\",\"name\":\"Multitool MiniSailor Nextool NE20156 - IRONSKY.PL Sklep z Dronami\",\"isPartOf\":{\"@id\":\"https:\/\/ironsky.pl\/sklep\/#website\"},\"primaryImageOfPage\":{\"@id\":\"https:\/\/ironsky.pl\/sklep\/produkt\/multitool-minisailor-nextool-ne20156\/#primaryimage\"},\"image\":{\"@id\":\"https:\/\/ironsky.pl\/sklep\/produkt\/multitool-minisailor-nextool-ne20156\/#primaryimage\"},\"thumbnailUrl\":\"https:\/\/ironsky.pl\/sklep\/wp-content\/uploads\/2025\/06\/29159_3.jpg\",\"datePublished\":\"2025-06-13T12:51:35+00:00\",\"dateModified\":\"2026-03-05T14:57:21+00:00\",\"description\":\"Multitool MiniSailor Nextool NE20156 - \u2705 sklep z dronami i fachowym doradztwem. \u2705 Tutaj kupisz produkty DJI, Yuneec, Parrot, Syma i wiele innych, a tak\u017ce kursy i licencje na operatora drona.\",\"breadcrumb\":{\"@id\":\"https:\/\/ironsky.pl\/sklep\/produkt\/multitool-minisailor-nextool-ne20156\/#breadcrumb\"},\"inLanguage\":\"pl-PL\",\"potentialAction\":[{\"@type\":\"ReadAction\",\"target\":[\"https:\/\/ironsky.pl\/sklep\/produkt\/multitool-minisailor-nextool-ne20156\/\"]}]},{\"@type\":\"ImageObject\",\"inLanguage\":\"pl-PL\",\"@id\":\"https:\/\/ironsky.pl\/sklep\/produkt\/multitool-minisailor-nextool-ne20156\/#primaryimage\",\"url\":\"https:\/\/ironsky.pl\/sklep\/wp-content\/uploads\/2025\/06\/29159_3.jpg\",\"contentUrl\":\"https:\/\/ironsky.pl\/sklep\/wp-content\/uploads\/2025\/06\/29159_3.jpg\",\"width\":800,\"height\":800},{\"@type\":\"BreadcrumbList\",\"@id\":\"https:\/\/ironsky.pl\/sklep\/produkt\/multitool-minisailor-nextool-ne20156\/#breadcrumb\",\"itemListElement\":[{\"@type\":\"ListItem\",\"position\":1,\"name\":\"Strona g\u0142\u00f3wna\",\"item\":\"https:\/\/ironsky.pl\/sklep\/\"},{\"@type\":\"ListItem\",\"position\":2,\"name\":\"Wszystkie produkty\",\"item\":\"https:\/\/ironsky.pl\/sklep\/produkty\/\"},{\"@type\":\"ListItem\",\"position\":3,\"name\":\"Multitool MiniSailor Nextool NE20156\"}]},{\"@type\":\"WebSite\",\"@id\":\"https:\/\/ironsky.pl\/sklep\/#website\",\"url\":\"https:\/\/ironsky.pl\/sklep\/\",\"name\":\"IRONSKY.PL Sklep z Dronami\",\"description\":\"IRONSKY.PL Sklep z Dronami\",\"potentialAction\":[{\"@type\":\"SearchAction\",\"target\":{\"@type\":\"EntryPoint\",\"urlTemplate\":\"https:\/\/ironsky.pl\/sklep\/?s={search_term_string}\"},\"query-input\":{\"@type\":\"PropertyValueSpecification\",\"valueRequired\":true,\"valueName\":\"search_term_string\"}}],\"inLanguage\":\"pl-PL\"}]}<\/script>\n<!-- \/ Yoast SEO plugin. -->","yoast_head_json":{"title":"Multitool MiniSailor Nextool NE20156 - IRONSKY.PL Sklep z Dronami","description":"Multitool MiniSailor Nextool NE20156 - \u2705 sklep z dronami i fachowym doradztwem. \u2705 Tutaj kupisz produkty DJI, Yuneec, Parrot, Syma i wiele innych, a tak\u017ce kursy i licencje na operatora drona.","robots":{"index":"index","follow":"follow","max-snippet":"max-snippet:-1","max-image-preview":"max-image-preview:large","max-video-preview":"max-video-preview:-1"},"canonical":"https:\/\/ironsky.pl\/sklep\/produkt\/multitool-minisailor-nextool-ne20156\/","og_locale":"pl_PL","og_type":"article","og_title":"Multitool MiniSailor Nextool NE20156 - IRONSKY.PL Sklep z Dronami","og_description":"Multitool MiniSailor Nextool NE20156 - \u2705 sklep z dronami i fachowym doradztwem. \u2705 Tutaj kupisz produkty DJI, Yuneec, Parrot, Syma i wiele innych, a tak\u017ce kursy i licencje na operatora drona.","og_url":"https:\/\/ironsky.pl\/sklep\/produkt\/multitool-minisailor-nextool-ne20156\/","og_site_name":"IRONSKY.PL Sklep z Dronami","article_modified_time":"2026-03-05T14:57:21+00:00","og_image":[{"width":800,"height":800,"url":"https:\/\/ironsky.pl\/sklep\/wp-content\/uploads\/2025\/06\/29159_3.jpg","type":"image\/jpeg"}],"twitter_card":"summary_large_image","twitter_misc":{"Szacowany czas czytania":"1 minuta"},"schema":{"@context":"https:\/\/schema.org","@graph":[{"@type":"WebPage","@id":"https:\/\/ironsky.pl\/sklep\/produkt\/multitool-minisailor-nextool-ne20156\/","url":"https:\/\/ironsky.pl\/sklep\/produkt\/multitool-minisailor-nextool-ne20156\/","name":"Multitool MiniSailor Nextool NE20156 - IRONSKY.PL Sklep z Dronami","isPartOf":{"@id":"https:\/\/ironsky.pl\/sklep\/#website"},"primaryImageOfPage":{"@id":"https:\/\/ironsky.pl\/sklep\/produkt\/multitool-minisailor-nextool-ne20156\/#primaryimage"},"image":{"@id":"https:\/\/ironsky.pl\/sklep\/produkt\/multitool-minisailor-nextool-ne20156\/#primaryimage"},"thumbnailUrl":"https:\/\/ironsky.pl\/sklep\/wp-content\/uploads\/2025\/06\/29159_3.jpg","datePublished":"2025-06-13T12:51:35+00:00","dateModified":"2026-03-05T14:57:21+00:00","description":"Multitool MiniSailor Nextool NE20156 - \u2705 sklep z dronami i fachowym doradztwem. \u2705 Tutaj kupisz produkty DJI, Yuneec, Parrot, Syma i wiele innych, a tak\u017ce kursy i licencje na operatora drona.","breadcrumb":{"@id":"https:\/\/ironsky.pl\/sklep\/produkt\/multitool-minisailor-nextool-ne20156\/#breadcrumb"},"inLanguage":"pl-PL","potentialAction":[{"@type":"ReadAction","target":["https:\/\/ironsky.pl\/sklep\/produkt\/multitool-minisailor-nextool-ne20156\/"]}]},{"@type":"ImageObject","inLanguage":"pl-PL","@id":"https:\/\/ironsky.pl\/sklep\/produkt\/multitool-minisailor-nextool-ne20156\/#primaryimage","url":"https:\/\/ironsky.pl\/sklep\/wp-content\/uploads\/2025\/06\/29159_3.jpg","contentUrl":"https:\/\/ironsky.pl\/sklep\/wp-content\/uploads\/2025\/06\/29159_3.jpg","width":800,"height":800},{"@type":"BreadcrumbList","@id":"https:\/\/ironsky.pl\/sklep\/produkt\/multitool-minisailor-nextool-ne20156\/#breadcrumb","itemListElement":[{"@type":"ListItem","position":1,"name":"Strona g\u0142\u00f3wna","item":"https:\/\/ironsky.pl\/sklep\/"},{"@type":"ListItem","position":2,"name":"Wszystkie produkty","item":"https:\/\/ironsky.pl\/sklep\/produkty\/"},{"@type":"ListItem","position":3,"name":"Multitool MiniSailor Nextool NE20156"}]},{"@type":"WebSite","@id":"https:\/\/ironsky.pl\/sklep\/#website","url":"https:\/\/ironsky.pl\/sklep\/","name":"IRONSKY.PL Sklep z Dronami","description":"IRONSKY.PL Sklep z Dronami","potentialAction":[{"@type":"SearchAction","target":{"@type":"EntryPoint","urlTemplate":"https:\/\/ironsky.pl\/sklep\/?s={search_term_string}"},"query-input":{"@type":"PropertyValueSpecification","valueRequired":true,"valueName":"search_term_string"}}],"inLanguage":"pl-PL"}]}},"_links":{"self":[{"href":"https:\/\/ironsky.pl\/sklep\/wp-json\/wp\/v2\/product\/42521","targetHints":{"allow":["GET"]}}],"collection":[{"href":"https:\/\/ironsky.pl\/sklep\/wp-json\/wp\/v2\/product"}],"about":[{"href":"https:\/\/ironsky.pl\/sklep\/wp-json\/wp\/v2\/types\/product"}],"replies":[{"embeddable":true,"href":"https:\/\/ironsky.pl\/sklep\/wp-json\/wp\/v2\/comments?post=42521"}],"wp:featuredmedia":[{"embeddable":true,"href":"https:\/\/ironsky.pl\/sklep\/wp-json\/wp\/v2\/media\/42522"}],"wp:attachment":[{"href":"https:\/\/ironsky.pl\/sklep\/wp-json\/wp\/v2\/media?parent=42521"}],"wp:term":[{"taxonomy":"product_brand","embeddable":true,"href":"https:\/\/ironsky.pl\/sklep\/wp-json\/wp\/v2\/product_brand?post=42521"},{"taxonomy":"product_cat","embeddable":true,"href":"https:\/\/ironsky.pl\/sklep\/wp-json\/wp\/v2\/product_cat?post=42521"},{"taxonomy":"product_tag","embeddable":true,"href":"https:\/\/ironsky.pl\/sklep\/wp-json\/wp\/v2\/product_tag?post=42521"}],"curies":[{"name":"wp","href":"https:\/\/api.w.org\/{rel}","templated":true}]}}