{"id":42487,"date":"2025-06-13T14:51:20","date_gmt":"2025-06-13T12:51:20","guid":{"rendered":"https:\/\/ironsky.pl\/drony-sklep\/produkt\/hub-usb-3-0-z-4-portami-i-zasilaniem-vention-chlbd-05m-czarny\/"},"modified":"2026-03-05T15:57:20","modified_gmt":"2026-03-05T14:57:20","slug":"hub-usb-3-0-z-4-portami-i-zasilaniem-vention-chlbd-05m-czarny","status":"publish","type":"product","link":"https:\/\/ironsky.pl\/sklep\/produkt\/hub-usb-3-0-z-4-portami-i-zasilaniem-vention-chlbd-05m-czarny\/","title":{"rendered":"Hub USB 3.0 z 4 portami i zasilaniem Vention CHLBD 0,5m czarny"},"content":{"rendered":"<h3>Hub USB 3.0 z 4 portami i zasilaniem Vention CHLBD 0,5 m czarny<\/h3>\n<p><p>Przedstawiamy hub marki Vention, model CHLBD, kt\u00f3ry zapewni Ci niezr\u00f3wnan\u0105 wygod\u0119 i wszechstronno\u015b\u0107. Jego elegancki kolor sprawia, \u017ce pasuje do ka\u017cdego zestawienia. Ale to nie wszystko, co ma do zaoferowania!<\/p>\n<\/p>\n<p><img decoding=\"async\" src=\"https:\/\/assets.innpro.pl\/1277\/1380\/1.jpg\" border=\"0\" alt=\"\"><\/p>\n<h3>Szybka Transmisja Danych<\/h3>\n<p><p>Hub CHLBD dzia\u0142a z pr\u0119dko\u015bci\u0105 5 Gbps, co oznacza, \u017ce przesy\u0142anie danych jest b\u0142yskawiczne. Nie tracisz cennego czasu na czekanie \u2014 zyskujesz czas na to, co naprawd\u0119 wa\u017cne. Co wi\u0119cej, ten hub nie tylko przesy\u0142a dane, ale tak\u017ce dostarcza moc o napi\u0119ciu 5V i nat\u0119\u017ceniu 2A. To doskona\u0142e wsparcie dla Twoich urz\u0105dze\u0144, zapewniaj\u0105ce im niezb\u0119dn\u0105 energi\u0119.<\/p>\n<\/p>\n<p><img decoding=\"async\" src=\"https:\/\/assets.innpro.pl\/1277\/1380\/5.jpg\" border=\"0\" alt=\"\"><\/p>\n<h3>Wielofunkcyjno\u015b\u0107<\/h3>\n<p><p>Hub CHLBD nie jest ograniczony w swoich mo\u017cliwo\u015bciach. Kompatybilno\u015b\u0107 z klawiaturami, myszkami, drukarkami, przeno\u015bnymi dyskami zewn\u0119trznymi, padami gamingowymi, a nawet telefonami \u2014 to tylko niekt\u00f3re z urz\u0105dze\u0144, kt\u00f3re obs\u0142u\u017cy. Ponadto mo\u017cesz do niego pod\u0142\u0105czy\u0107, a\u017c 4 sprz\u0119ty jednocze\u015bnie! Jego wszechstronno\u015b\u0107 sprawi, \u017ce Twoje \u017cycie stanie si\u0119 prostsze.&nbsp;<\/p>\n<\/p>\n<p><img decoding=\"async\" src=\"https:\/\/assets.innpro.pl\/1277\/1380\/6.jpg\" border=\"0\" alt=\"\"><\/p>\n<h3>Przemy\u015blana konstrukcja<\/h3>\n<p><p>D\u0142ugo\u015b\u0107 kabla huba wynosi 0,5 metra, co sprawia, \u017ce jest idealny do u\u017cycia w r\u00f3\u017cnych sytuacjach. Nie za kr\u00f3tki, by Ci\u0119 ogranicza\u0107, ale tak\u017ce nie za d\u0142ugi, by pl\u0105ta\u0107 si\u0119 wok\u00f3\u0142. Dodatkowo dzi\u0119ki obs\u0142udze dysk\u00f3w o pojemno\u015bci do 1 TB ten hub da Ci mo\u017cliwo\u015b\u0107 przechowywania i przesy\u0142ania wielu danych. Niech Twoje kreatywne projekty i wa\u017cne dokumenty zyskaj\u0105 przestrze\u0144, jakiej potrzebuj\u0105.<\/p>\n<\/p>\n<p><img decoding=\"async\" src=\"https:\/\/assets.innpro.pl\/1277\/1380\/3.jpg\" border=\"0\" alt=\"\"><\/p>\n<div class=\"table-wrapper\">\n<p>&nbsp;<\/p>\n<h3><\/h3>\n<table>\n<tbody>\n<tr>\n<th>Producent <\/th>\n<td>Vention<\/td>\n<\/tr>\n<tr>\n<th>Model <\/th>\n<td>CHLBD<\/td>\n<\/tr>\n<tr>\n<th>Kolor <\/th>\n<td>Czarny <\/td>\n<\/tr>\n<tr>\n<th>Interfejsy<\/th>\n<td>USB 3.0 m\u0119ski, USB 3.0 \u017ce\u0144ski, Micro-USB \u017ce\u0144ski<\/td>\n<\/tr>\n<tr>\n<th>Transmisja danych <\/th>\n<td>5 Gbps<\/td>\n<\/tr>\n<tr>\n<th>Moc <\/th>\n<td>5V=2A<\/td>\n<\/tr>\n<tr>\n<th>D\u0142ugo\u015b\u0107<\/th>\n<td>0,5 m<\/td>\n<\/tr>\n<tr>\n<th>Obs\u0142ugiwane dyski <\/th>\n<td>do 1 TB<\/td>\n<\/tr>\n<tr>\n<th>Kompatybilno\u015b\u0107<\/th>\n<td>Klawiatury, myszki, drukarki, przeno\u015bne dyski zewn\u0119trzne, pady gamingowe, telefony itp.<\/td>\n<\/tr>\n<\/tbody>\n<\/table>\n<\/div>\n","protected":false},"excerpt":{"rendered":"<p>Hub USB 3.0 z 4 portami i zasilaniem Vention CHLBD 0,5 m czarny Przedstawiamy hub marki Vention, model CHLBD, kt\u00f3ry<\/p>\n","protected":false},"featured_media":42488,"comment_status":"closed","ping_status":"open","template":"","meta":{"_acf_changed":false},"product_brand":[],"product_cat":[5929,5934],"product_tag":[],"class_list":{"0":"post-42487","1":"product","2":"type-product","3":"status-publish","4":"has-post-thumbnail","6":"product_cat-akcesoria-it","7":"product_cat-huby","8":"pa_okres-gwarancji-5754","9":"pa_producent-vention","11":"first","12":"outofstock","13":"taxable","14":"shipping-taxable","15":"purchasable","16":"product-type-simple"},"acf":[],"yoast_head":"<!-- This site is optimized with the Yoast SEO plugin v27.2 - https:\/\/yoast.com\/product\/yoast-seo-wordpress\/ -->\n<title>Hub USB 3.0 z 4 portami i zasilaniem Vention CHLBD 0,5m czarny - IRONSKY.PL Sklep z Dronami<\/title>\n<meta name=\"description\" content=\"Hub USB 3.0 z 4 portami i zasilaniem Vention CHLBD 0,5m czarny - \u2705 sklep z dronami i fachowym doradztwem. \u2705 Tutaj kupisz produkty DJI, Yuneec, Parrot, Syma i wiele innych, a tak\u017ce kursy i licencje na operatora drona.\" \/>\n<meta name=\"robots\" content=\"index, follow, max-snippet:-1, max-image-preview:large, max-video-preview:-1\" \/>\n<link rel=\"canonical\" href=\"https:\/\/ironsky.pl\/sklep\/produkt\/hub-usb-3-0-z-4-portami-i-zasilaniem-vention-chlbd-05m-czarny\/\" \/>\n<meta property=\"og:locale\" content=\"pl_PL\" \/>\n<meta property=\"og:type\" content=\"article\" \/>\n<meta property=\"og:title\" content=\"Hub USB 3.0 z 4 portami i zasilaniem Vention CHLBD 0,5m czarny - IRONSKY.PL Sklep z Dronami\" \/>\n<meta property=\"og:description\" content=\"Hub USB 3.0 z 4 portami i zasilaniem Vention CHLBD 0,5m czarny - \u2705 sklep z dronami i fachowym doradztwem. \u2705 Tutaj kupisz produkty DJI, Yuneec, Parrot, Syma i wiele innych, a tak\u017ce kursy i licencje na operatora drona.\" \/>\n<meta property=\"og:url\" content=\"https:\/\/ironsky.pl\/sklep\/produkt\/hub-usb-3-0-z-4-portami-i-zasilaniem-vention-chlbd-05m-czarny\/\" \/>\n<meta property=\"og:site_name\" content=\"IRONSKY.PL Sklep z Dronami\" \/>\n<meta property=\"article:modified_time\" content=\"2026-03-05T14:57:20+00:00\" \/>\n<meta property=\"og:image\" content=\"https:\/\/ironsky.pl\/sklep\/wp-content\/uploads\/2025\/06\/28957_1.jpg\" \/>\n\t<meta property=\"og:image:width\" content=\"800\" \/>\n\t<meta property=\"og:image:height\" content=\"800\" \/>\n\t<meta property=\"og:image:type\" content=\"image\/jpeg\" \/>\n<meta name=\"twitter:card\" content=\"summary_large_image\" \/>\n<meta name=\"twitter:label1\" content=\"Szacowany czas czytania\" \/>\n\t<meta name=\"twitter:data1\" content=\"1 minuta\" \/>\n<script type=\"application\/ld+json\" class=\"yoast-schema-graph\">{\"@context\":\"https:\/\/schema.org\",\"@graph\":[{\"@type\":\"WebPage\",\"@id\":\"https:\/\/ironsky.pl\/sklep\/produkt\/hub-usb-3-0-z-4-portami-i-zasilaniem-vention-chlbd-05m-czarny\/\",\"url\":\"https:\/\/ironsky.pl\/sklep\/produkt\/hub-usb-3-0-z-4-portami-i-zasilaniem-vention-chlbd-05m-czarny\/\",\"name\":\"Hub USB 3.0 z 4 portami i zasilaniem Vention CHLBD 0,5m czarny - IRONSKY.PL Sklep z Dronami\",\"isPartOf\":{\"@id\":\"https:\/\/ironsky.pl\/sklep\/#website\"},\"primaryImageOfPage\":{\"@id\":\"https:\/\/ironsky.pl\/sklep\/produkt\/hub-usb-3-0-z-4-portami-i-zasilaniem-vention-chlbd-05m-czarny\/#primaryimage\"},\"image\":{\"@id\":\"https:\/\/ironsky.pl\/sklep\/produkt\/hub-usb-3-0-z-4-portami-i-zasilaniem-vention-chlbd-05m-czarny\/#primaryimage\"},\"thumbnailUrl\":\"https:\/\/ironsky.pl\/sklep\/wp-content\/uploads\/2025\/06\/28957_1.jpg\",\"datePublished\":\"2025-06-13T12:51:20+00:00\",\"dateModified\":\"2026-03-05T14:57:20+00:00\",\"description\":\"Hub USB 3.0 z 4 portami i zasilaniem Vention CHLBD 0,5m czarny - \u2705 sklep z dronami i fachowym doradztwem. \u2705 Tutaj kupisz produkty DJI, Yuneec, Parrot, Syma i wiele innych, a tak\u017ce kursy i licencje na operatora drona.\",\"breadcrumb\":{\"@id\":\"https:\/\/ironsky.pl\/sklep\/produkt\/hub-usb-3-0-z-4-portami-i-zasilaniem-vention-chlbd-05m-czarny\/#breadcrumb\"},\"inLanguage\":\"pl-PL\",\"potentialAction\":[{\"@type\":\"ReadAction\",\"target\":[\"https:\/\/ironsky.pl\/sklep\/produkt\/hub-usb-3-0-z-4-portami-i-zasilaniem-vention-chlbd-05m-czarny\/\"]}]},{\"@type\":\"ImageObject\",\"inLanguage\":\"pl-PL\",\"@id\":\"https:\/\/ironsky.pl\/sklep\/produkt\/hub-usb-3-0-z-4-portami-i-zasilaniem-vention-chlbd-05m-czarny\/#primaryimage\",\"url\":\"https:\/\/ironsky.pl\/sklep\/wp-content\/uploads\/2025\/06\/28957_1.jpg\",\"contentUrl\":\"https:\/\/ironsky.pl\/sklep\/wp-content\/uploads\/2025\/06\/28957_1.jpg\",\"width\":800,\"height\":800},{\"@type\":\"BreadcrumbList\",\"@id\":\"https:\/\/ironsky.pl\/sklep\/produkt\/hub-usb-3-0-z-4-portami-i-zasilaniem-vention-chlbd-05m-czarny\/#breadcrumb\",\"itemListElement\":[{\"@type\":\"ListItem\",\"position\":1,\"name\":\"Strona g\u0142\u00f3wna\",\"item\":\"https:\/\/ironsky.pl\/sklep\/\"},{\"@type\":\"ListItem\",\"position\":2,\"name\":\"Wszystkie produkty\",\"item\":\"https:\/\/ironsky.pl\/sklep\/produkty\/\"},{\"@type\":\"ListItem\",\"position\":3,\"name\":\"Hub USB 3.0 z 4 portami i zasilaniem Vention CHLBD 0,5m czarny\"}]},{\"@type\":\"WebSite\",\"@id\":\"https:\/\/ironsky.pl\/sklep\/#website\",\"url\":\"https:\/\/ironsky.pl\/sklep\/\",\"name\":\"IRONSKY.PL Sklep z Dronami\",\"description\":\"IRONSKY.PL Sklep z Dronami\",\"potentialAction\":[{\"@type\":\"SearchAction\",\"target\":{\"@type\":\"EntryPoint\",\"urlTemplate\":\"https:\/\/ironsky.pl\/sklep\/?s={search_term_string}\"},\"query-input\":{\"@type\":\"PropertyValueSpecification\",\"valueRequired\":true,\"valueName\":\"search_term_string\"}}],\"inLanguage\":\"pl-PL\"}]}<\/script>\n<!-- \/ Yoast SEO plugin. -->","yoast_head_json":{"title":"Hub USB 3.0 z 4 portami i zasilaniem Vention CHLBD 0,5m czarny - IRONSKY.PL Sklep z Dronami","description":"Hub USB 3.0 z 4 portami i zasilaniem Vention CHLBD 0,5m czarny - \u2705 sklep z dronami i fachowym doradztwem. \u2705 Tutaj kupisz produkty DJI, Yuneec, Parrot, Syma i wiele innych, a tak\u017ce kursy i licencje na operatora drona.","robots":{"index":"index","follow":"follow","max-snippet":"max-snippet:-1","max-image-preview":"max-image-preview:large","max-video-preview":"max-video-preview:-1"},"canonical":"https:\/\/ironsky.pl\/sklep\/produkt\/hub-usb-3-0-z-4-portami-i-zasilaniem-vention-chlbd-05m-czarny\/","og_locale":"pl_PL","og_type":"article","og_title":"Hub USB 3.0 z 4 portami i zasilaniem Vention CHLBD 0,5m czarny - IRONSKY.PL Sklep z Dronami","og_description":"Hub USB 3.0 z 4 portami i zasilaniem Vention CHLBD 0,5m czarny - \u2705 sklep z dronami i fachowym doradztwem. \u2705 Tutaj kupisz produkty DJI, Yuneec, Parrot, Syma i wiele innych, a tak\u017ce kursy i licencje na operatora drona.","og_url":"https:\/\/ironsky.pl\/sklep\/produkt\/hub-usb-3-0-z-4-portami-i-zasilaniem-vention-chlbd-05m-czarny\/","og_site_name":"IRONSKY.PL Sklep z Dronami","article_modified_time":"2026-03-05T14:57:20+00:00","og_image":[{"width":800,"height":800,"url":"https:\/\/ironsky.pl\/sklep\/wp-content\/uploads\/2025\/06\/28957_1.jpg","type":"image\/jpeg"}],"twitter_card":"summary_large_image","twitter_misc":{"Szacowany czas czytania":"1 minuta"},"schema":{"@context":"https:\/\/schema.org","@graph":[{"@type":"WebPage","@id":"https:\/\/ironsky.pl\/sklep\/produkt\/hub-usb-3-0-z-4-portami-i-zasilaniem-vention-chlbd-05m-czarny\/","url":"https:\/\/ironsky.pl\/sklep\/produkt\/hub-usb-3-0-z-4-portami-i-zasilaniem-vention-chlbd-05m-czarny\/","name":"Hub USB 3.0 z 4 portami i zasilaniem Vention CHLBD 0,5m czarny - IRONSKY.PL Sklep z Dronami","isPartOf":{"@id":"https:\/\/ironsky.pl\/sklep\/#website"},"primaryImageOfPage":{"@id":"https:\/\/ironsky.pl\/sklep\/produkt\/hub-usb-3-0-z-4-portami-i-zasilaniem-vention-chlbd-05m-czarny\/#primaryimage"},"image":{"@id":"https:\/\/ironsky.pl\/sklep\/produkt\/hub-usb-3-0-z-4-portami-i-zasilaniem-vention-chlbd-05m-czarny\/#primaryimage"},"thumbnailUrl":"https:\/\/ironsky.pl\/sklep\/wp-content\/uploads\/2025\/06\/28957_1.jpg","datePublished":"2025-06-13T12:51:20+00:00","dateModified":"2026-03-05T14:57:20+00:00","description":"Hub USB 3.0 z 4 portami i zasilaniem Vention CHLBD 0,5m czarny - \u2705 sklep z dronami i fachowym doradztwem. \u2705 Tutaj kupisz produkty DJI, Yuneec, Parrot, Syma i wiele innych, a tak\u017ce kursy i licencje na operatora drona.","breadcrumb":{"@id":"https:\/\/ironsky.pl\/sklep\/produkt\/hub-usb-3-0-z-4-portami-i-zasilaniem-vention-chlbd-05m-czarny\/#breadcrumb"},"inLanguage":"pl-PL","potentialAction":[{"@type":"ReadAction","target":["https:\/\/ironsky.pl\/sklep\/produkt\/hub-usb-3-0-z-4-portami-i-zasilaniem-vention-chlbd-05m-czarny\/"]}]},{"@type":"ImageObject","inLanguage":"pl-PL","@id":"https:\/\/ironsky.pl\/sklep\/produkt\/hub-usb-3-0-z-4-portami-i-zasilaniem-vention-chlbd-05m-czarny\/#primaryimage","url":"https:\/\/ironsky.pl\/sklep\/wp-content\/uploads\/2025\/06\/28957_1.jpg","contentUrl":"https:\/\/ironsky.pl\/sklep\/wp-content\/uploads\/2025\/06\/28957_1.jpg","width":800,"height":800},{"@type":"BreadcrumbList","@id":"https:\/\/ironsky.pl\/sklep\/produkt\/hub-usb-3-0-z-4-portami-i-zasilaniem-vention-chlbd-05m-czarny\/#breadcrumb","itemListElement":[{"@type":"ListItem","position":1,"name":"Strona g\u0142\u00f3wna","item":"https:\/\/ironsky.pl\/sklep\/"},{"@type":"ListItem","position":2,"name":"Wszystkie produkty","item":"https:\/\/ironsky.pl\/sklep\/produkty\/"},{"@type":"ListItem","position":3,"name":"Hub USB 3.0 z 4 portami i zasilaniem Vention CHLBD 0,5m czarny"}]},{"@type":"WebSite","@id":"https:\/\/ironsky.pl\/sklep\/#website","url":"https:\/\/ironsky.pl\/sklep\/","name":"IRONSKY.PL Sklep z Dronami","description":"IRONSKY.PL Sklep z Dronami","potentialAction":[{"@type":"SearchAction","target":{"@type":"EntryPoint","urlTemplate":"https:\/\/ironsky.pl\/sklep\/?s={search_term_string}"},"query-input":{"@type":"PropertyValueSpecification","valueRequired":true,"valueName":"search_term_string"}}],"inLanguage":"pl-PL"}]}},"_links":{"self":[{"href":"https:\/\/ironsky.pl\/sklep\/wp-json\/wp\/v2\/product\/42487","targetHints":{"allow":["GET"]}}],"collection":[{"href":"https:\/\/ironsky.pl\/sklep\/wp-json\/wp\/v2\/product"}],"about":[{"href":"https:\/\/ironsky.pl\/sklep\/wp-json\/wp\/v2\/types\/product"}],"replies":[{"embeddable":true,"href":"https:\/\/ironsky.pl\/sklep\/wp-json\/wp\/v2\/comments?post=42487"}],"wp:featuredmedia":[{"embeddable":true,"href":"https:\/\/ironsky.pl\/sklep\/wp-json\/wp\/v2\/media\/42488"}],"wp:attachment":[{"href":"https:\/\/ironsky.pl\/sklep\/wp-json\/wp\/v2\/media?parent=42487"}],"wp:term":[{"taxonomy":"product_brand","embeddable":true,"href":"https:\/\/ironsky.pl\/sklep\/wp-json\/wp\/v2\/product_brand?post=42487"},{"taxonomy":"product_cat","embeddable":true,"href":"https:\/\/ironsky.pl\/sklep\/wp-json\/wp\/v2\/product_cat?post=42487"},{"taxonomy":"product_tag","embeddable":true,"href":"https:\/\/ironsky.pl\/sklep\/wp-json\/wp\/v2\/product_tag?post=42487"}],"curies":[{"name":"wp","href":"https:\/\/api.w.org\/{rel}","templated":true}]}}