{"id":42392,"date":"2025-06-13T14:50:33","date_gmt":"2025-06-13T12:50:33","guid":{"rendered":"https:\/\/ironsky.pl\/drony-sklep\/produkt\/lampa-kempingowa-superfire-t56-220lm\/"},"modified":"2026-03-05T15:57:17","modified_gmt":"2026-03-05T14:57:17","slug":"lampa-kempingowa-superfire-t56-220lm","status":"publish","type":"product","link":"https:\/\/ironsky.pl\/sklep\/produkt\/lampa-kempingowa-superfire-t56-220lm\/","title":{"rendered":"Lampa kempingowa Superfire T56, 220lm"},"content":{"rendered":"<h3>Lampa kempingowa Superfire T56<\/h3>\n<p>Lampa kempingowa Superfire T56 doskonale sprawdzi si\u0119 w r\u00f3\u017cnych sytuacjach. Urz\u0105dzenie \u015bwieci z jasno\u015bci\u0105 220 LM, a jej maksymalny zasi\u0119g wynosi 210 m. Do Twojej dyspozycji s\u0105 4 tryby \u015bwiecenia, a ponadto mo\u017cesz regulowa\u0107 jej poziom jasno\u015bci. Wyposa\u017cono j\u0105 w mocne magnesy oraz uchwyt, kt\u00f3ry pozwoli na przymocowanie i przenoszenie lampy. Jest zasilania na 3 baterie AA (brak w zestawie), a jej czas pracy wynosi 2 godziny.<\/p>\n<p><img decoding=\"async\" src=\"https:\/\/b2b.innpro.pl\/data\/include\/cms\/01Superfire\/T56\/1.jpg\"><\/p>\n<h3>R\u00f3\u017cne tryby \u015bwiecenia<\/h3>\n<p>Dopasuj dzia\u0142anie urz\u0105dzenia do swoich potrzeb. Lampa Superfire oferuje 4 r\u00f3\u017cne tryby \u015bwiecenia, dzi\u0119ki czemu mo\u017cesz dobra\u0107 o\u015bwietlenie do niemal ka\u017cdej sytuacji. Dost\u0119pny jest tryb latarni, czerwonego \u015bwiat\u0142a migaj\u0105cego, latarki i czerwonego \u015bwiat\u0142a SOS.\u00a0Ponadto mo\u017cesz dostosowywa\u0107 poziom jasno\u015bci \u015bwiat\u0142a poprzez regulacj\u0119 wysoko\u015bci lampy.<\/p>\n<p><img decoding=\"async\" src=\"https:\/\/b2b.innpro.pl\/data\/include\/cms\/01Superfire\/T56\/3.jpg\"><\/p>\n<h3>Przemy\u015blany design<\/h3>\n<p>Urz\u0105dzenie wyposa\u017cono w praktyczny uchwyt, kt\u00f3ry pozwala na wygodne przenoszenie, a tak\u017ce zawieszenie jej na przyk\u0142ad na ga\u0142\u0119zi. Posiada tak\u017ce wbudowane magnesy, kt\u00f3re umo\u017cliwiaj\u0105 przymocowanie lampy np. do karoserii samochodu. Do jej wykonania zastosowano wytrzyma\u0142y materia\u0142 ABS, kt\u00f3ry charakteryzuje si\u0119 wyj\u0105tkow\u0105 odporno\u015bci\u0105 na zu\u017cycie czy uszkodzenia.<\/p>\n<p><img decoding=\"async\" src=\"https:\/\/b2b.innpro.pl\/data\/include\/cms\/01Superfire\/T56\/4.jpg\"><\/p>\n<h3>Korzystaj tak, jak chcesz<\/h3>\n<p>Model T56 zosta\u0142 stworzony z my\u015bl\u0105 o r\u00f3\u017cnych scenariuszach u\u017cytkowania. Lampa \u015bwietnie sprawdzi si\u0119 podczas naprawiania samochodu, kempingu, majsterkowania czy wieczornego spaceru. Wykorzystasz j\u0105 jako awaryjne \u017ar\u00f3d\u0142o o\u015bwietlenia podczas niespodziewanej awarii pr\u0105du. Twoje mo\u017cliwo\u015bci s\u0105 niemal nieograniczone.<\/p>\n<p><img decoding=\"async\" src=\"https:\/\/b2b.innpro.pl\/data\/include\/cms\/01Superfire\/T56\/5.jpg\"><\/p>\n<div class=\"table-wrapper\">\n<table>\n<tbody>\n<tr>\n<th>Producent<\/th>\n<td>Superfire<\/td>\n<\/tr>\n<tr>\n<th>Model<\/th>\n<td>T56<\/td>\n<\/tr>\n<tr>\n<th>Stopie\u0144 ochrony<\/th>\n<td>IP43<\/td>\n<\/tr>\n<tr>\n<th>Materia\u0142<\/th>\n<td>ABS<\/td>\n<\/tr>\n<tr>\n<th>Waga<\/th>\n<td>258.1 g<\/td>\n<\/tr>\n<tr>\n<th>Moc<\/th>\n<td>5W (max)<\/td>\n<\/tr>\n<tr>\n<th>Poziom jasno\u015bci<\/th>\n<td>220 LM<\/td>\n<\/tr>\n<tr>\n<th>\u017bywotno\u015b\u0107 baterii<\/th>\n<td>oko\u0142o 2 godziny (3x AA)<\/td>\n<\/tr>\n<tr>\n<th>Zasi\u0119g<\/th>\n<td>210 m<\/td>\n<\/tr>\n<tr>\n<th>Tryby \u015bwiecenia<\/th>\n<td>Latarnia, latarka, czerwone \u015bwiat\u0142o migaj\u0105ce, czerwone \u015bwiat\u0142o SOS<\/td>\n<\/tr>\n<tr>\n<th>Wymiary<\/th>\n<td>138.6 x 86.5 x 90 mm (z\u0142o\u017cona) 200 x 86.5 x 90 mm (roz\u0142o\u017cona)<\/td>\n<\/tr>\n<\/tbody>\n<\/table>\n<\/div>\n","protected":false},"excerpt":{"rendered":"<p>Lampa kempingowa Superfire T56 Lampa kempingowa Superfire T56 doskonale sprawdzi si\u0119 w r\u00f3\u017cnych sytuacjach. Urz\u0105dzenie \u015bwieci z jasno\u015bci\u0105 220 LM,<\/p>\n","protected":false},"featured_media":42393,"comment_status":"closed","ping_status":"open","template":"","meta":{"_acf_changed":false},"product_brand":[],"product_cat":[5947,5946,5937],"product_tag":[],"class_list":{"0":"post-42392","1":"product","2":"type-product","3":"status-publish","4":"has-post-thumbnail","6":"product_cat-lampy-kempingowe","7":"product_cat-oswietlenie","8":"product_cat-outdoor","9":"pa_okres-gwarancji-5754","10":"pa_producent-superfire","12":"first","13":"outofstock","14":"taxable","15":"shipping-taxable","16":"purchasable","17":"product-type-simple"},"acf":[],"yoast_head":"<!-- This site is optimized with the Yoast SEO plugin v27.2 - https:\/\/yoast.com\/product\/yoast-seo-wordpress\/ -->\n<title>Lampa kempingowa Superfire T56, 220lm - IRONSKY.PL Sklep z Dronami<\/title>\n<meta name=\"description\" content=\"Lampa kempingowa Superfire T56, 220lm - \u2705 sklep z dronami i fachowym doradztwem. \u2705 Tutaj kupisz produkty DJI, Yuneec, Parrot, Syma i wiele innych, a tak\u017ce kursy i licencje na operatora drona.\" \/>\n<meta name=\"robots\" content=\"index, follow, max-snippet:-1, max-image-preview:large, max-video-preview:-1\" \/>\n<link rel=\"canonical\" href=\"https:\/\/ironsky.pl\/sklep\/produkt\/lampa-kempingowa-superfire-t56-220lm\/\" \/>\n<meta property=\"og:locale\" content=\"pl_PL\" \/>\n<meta property=\"og:type\" content=\"article\" \/>\n<meta property=\"og:title\" content=\"Lampa kempingowa Superfire T56, 220lm - IRONSKY.PL Sklep z Dronami\" \/>\n<meta property=\"og:description\" content=\"Lampa kempingowa Superfire T56, 220lm - \u2705 sklep z dronami i fachowym doradztwem. \u2705 Tutaj kupisz produkty DJI, Yuneec, Parrot, Syma i wiele innych, a tak\u017ce kursy i licencje na operatora drona.\" \/>\n<meta property=\"og:url\" content=\"https:\/\/ironsky.pl\/sklep\/produkt\/lampa-kempingowa-superfire-t56-220lm\/\" \/>\n<meta property=\"og:site_name\" content=\"IRONSKY.PL Sklep z Dronami\" \/>\n<meta property=\"article:modified_time\" content=\"2026-03-05T14:57:17+00:00\" \/>\n<meta property=\"og:image\" content=\"https:\/\/ironsky.pl\/sklep\/wp-content\/uploads\/2025\/06\/28041_3.jpg\" \/>\n\t<meta property=\"og:image:width\" content=\"800\" \/>\n\t<meta property=\"og:image:height\" content=\"800\" \/>\n\t<meta property=\"og:image:type\" content=\"image\/jpeg\" \/>\n<meta name=\"twitter:card\" content=\"summary_large_image\" \/>\n<meta name=\"twitter:label1\" content=\"Szacowany czas czytania\" \/>\n\t<meta name=\"twitter:data1\" content=\"2 minuty\" \/>\n<script type=\"application\/ld+json\" class=\"yoast-schema-graph\">{\"@context\":\"https:\/\/schema.org\",\"@graph\":[{\"@type\":\"WebPage\",\"@id\":\"https:\/\/ironsky.pl\/sklep\/produkt\/lampa-kempingowa-superfire-t56-220lm\/\",\"url\":\"https:\/\/ironsky.pl\/sklep\/produkt\/lampa-kempingowa-superfire-t56-220lm\/\",\"name\":\"Lampa kempingowa Superfire T56, 220lm - IRONSKY.PL Sklep z Dronami\",\"isPartOf\":{\"@id\":\"https:\/\/ironsky.pl\/sklep\/#website\"},\"primaryImageOfPage\":{\"@id\":\"https:\/\/ironsky.pl\/sklep\/produkt\/lampa-kempingowa-superfire-t56-220lm\/#primaryimage\"},\"image\":{\"@id\":\"https:\/\/ironsky.pl\/sklep\/produkt\/lampa-kempingowa-superfire-t56-220lm\/#primaryimage\"},\"thumbnailUrl\":\"https:\/\/ironsky.pl\/sklep\/wp-content\/uploads\/2025\/06\/28041_3.jpg\",\"datePublished\":\"2025-06-13T12:50:33+00:00\",\"dateModified\":\"2026-03-05T14:57:17+00:00\",\"description\":\"Lampa kempingowa Superfire T56, 220lm - \u2705 sklep z dronami i fachowym doradztwem. \u2705 Tutaj kupisz produkty DJI, Yuneec, Parrot, Syma i wiele innych, a tak\u017ce kursy i licencje na operatora drona.\",\"breadcrumb\":{\"@id\":\"https:\/\/ironsky.pl\/sklep\/produkt\/lampa-kempingowa-superfire-t56-220lm\/#breadcrumb\"},\"inLanguage\":\"pl-PL\",\"potentialAction\":[{\"@type\":\"ReadAction\",\"target\":[\"https:\/\/ironsky.pl\/sklep\/produkt\/lampa-kempingowa-superfire-t56-220lm\/\"]}]},{\"@type\":\"ImageObject\",\"inLanguage\":\"pl-PL\",\"@id\":\"https:\/\/ironsky.pl\/sklep\/produkt\/lampa-kempingowa-superfire-t56-220lm\/#primaryimage\",\"url\":\"https:\/\/ironsky.pl\/sklep\/wp-content\/uploads\/2025\/06\/28041_3.jpg\",\"contentUrl\":\"https:\/\/ironsky.pl\/sklep\/wp-content\/uploads\/2025\/06\/28041_3.jpg\",\"width\":800,\"height\":800},{\"@type\":\"BreadcrumbList\",\"@id\":\"https:\/\/ironsky.pl\/sklep\/produkt\/lampa-kempingowa-superfire-t56-220lm\/#breadcrumb\",\"itemListElement\":[{\"@type\":\"ListItem\",\"position\":1,\"name\":\"Strona g\u0142\u00f3wna\",\"item\":\"https:\/\/ironsky.pl\/sklep\/\"},{\"@type\":\"ListItem\",\"position\":2,\"name\":\"Wszystkie produkty\",\"item\":\"https:\/\/ironsky.pl\/sklep\/produkty\/\"},{\"@type\":\"ListItem\",\"position\":3,\"name\":\"Lampa kempingowa Superfire T56, 220lm\"}]},{\"@type\":\"WebSite\",\"@id\":\"https:\/\/ironsky.pl\/sklep\/#website\",\"url\":\"https:\/\/ironsky.pl\/sklep\/\",\"name\":\"IRONSKY.PL Sklep z Dronami\",\"description\":\"IRONSKY.PL Sklep z Dronami\",\"potentialAction\":[{\"@type\":\"SearchAction\",\"target\":{\"@type\":\"EntryPoint\",\"urlTemplate\":\"https:\/\/ironsky.pl\/sklep\/?s={search_term_string}\"},\"query-input\":{\"@type\":\"PropertyValueSpecification\",\"valueRequired\":true,\"valueName\":\"search_term_string\"}}],\"inLanguage\":\"pl-PL\"}]}<\/script>\n<!-- \/ Yoast SEO plugin. -->","yoast_head_json":{"title":"Lampa kempingowa Superfire T56, 220lm - IRONSKY.PL Sklep z Dronami","description":"Lampa kempingowa Superfire T56, 220lm - \u2705 sklep z dronami i fachowym doradztwem. \u2705 Tutaj kupisz produkty DJI, Yuneec, Parrot, Syma i wiele innych, a tak\u017ce kursy i licencje na operatora drona.","robots":{"index":"index","follow":"follow","max-snippet":"max-snippet:-1","max-image-preview":"max-image-preview:large","max-video-preview":"max-video-preview:-1"},"canonical":"https:\/\/ironsky.pl\/sklep\/produkt\/lampa-kempingowa-superfire-t56-220lm\/","og_locale":"pl_PL","og_type":"article","og_title":"Lampa kempingowa Superfire T56, 220lm - IRONSKY.PL Sklep z Dronami","og_description":"Lampa kempingowa Superfire T56, 220lm - \u2705 sklep z dronami i fachowym doradztwem. \u2705 Tutaj kupisz produkty DJI, Yuneec, Parrot, Syma i wiele innych, a tak\u017ce kursy i licencje na operatora drona.","og_url":"https:\/\/ironsky.pl\/sklep\/produkt\/lampa-kempingowa-superfire-t56-220lm\/","og_site_name":"IRONSKY.PL Sklep z Dronami","article_modified_time":"2026-03-05T14:57:17+00:00","og_image":[{"width":800,"height":800,"url":"https:\/\/ironsky.pl\/sklep\/wp-content\/uploads\/2025\/06\/28041_3.jpg","type":"image\/jpeg"}],"twitter_card":"summary_large_image","twitter_misc":{"Szacowany czas czytania":"2 minuty"},"schema":{"@context":"https:\/\/schema.org","@graph":[{"@type":"WebPage","@id":"https:\/\/ironsky.pl\/sklep\/produkt\/lampa-kempingowa-superfire-t56-220lm\/","url":"https:\/\/ironsky.pl\/sklep\/produkt\/lampa-kempingowa-superfire-t56-220lm\/","name":"Lampa kempingowa Superfire T56, 220lm - IRONSKY.PL Sklep z Dronami","isPartOf":{"@id":"https:\/\/ironsky.pl\/sklep\/#website"},"primaryImageOfPage":{"@id":"https:\/\/ironsky.pl\/sklep\/produkt\/lampa-kempingowa-superfire-t56-220lm\/#primaryimage"},"image":{"@id":"https:\/\/ironsky.pl\/sklep\/produkt\/lampa-kempingowa-superfire-t56-220lm\/#primaryimage"},"thumbnailUrl":"https:\/\/ironsky.pl\/sklep\/wp-content\/uploads\/2025\/06\/28041_3.jpg","datePublished":"2025-06-13T12:50:33+00:00","dateModified":"2026-03-05T14:57:17+00:00","description":"Lampa kempingowa Superfire T56, 220lm - \u2705 sklep z dronami i fachowym doradztwem. \u2705 Tutaj kupisz produkty DJI, Yuneec, Parrot, Syma i wiele innych, a tak\u017ce kursy i licencje na operatora drona.","breadcrumb":{"@id":"https:\/\/ironsky.pl\/sklep\/produkt\/lampa-kempingowa-superfire-t56-220lm\/#breadcrumb"},"inLanguage":"pl-PL","potentialAction":[{"@type":"ReadAction","target":["https:\/\/ironsky.pl\/sklep\/produkt\/lampa-kempingowa-superfire-t56-220lm\/"]}]},{"@type":"ImageObject","inLanguage":"pl-PL","@id":"https:\/\/ironsky.pl\/sklep\/produkt\/lampa-kempingowa-superfire-t56-220lm\/#primaryimage","url":"https:\/\/ironsky.pl\/sklep\/wp-content\/uploads\/2025\/06\/28041_3.jpg","contentUrl":"https:\/\/ironsky.pl\/sklep\/wp-content\/uploads\/2025\/06\/28041_3.jpg","width":800,"height":800},{"@type":"BreadcrumbList","@id":"https:\/\/ironsky.pl\/sklep\/produkt\/lampa-kempingowa-superfire-t56-220lm\/#breadcrumb","itemListElement":[{"@type":"ListItem","position":1,"name":"Strona g\u0142\u00f3wna","item":"https:\/\/ironsky.pl\/sklep\/"},{"@type":"ListItem","position":2,"name":"Wszystkie produkty","item":"https:\/\/ironsky.pl\/sklep\/produkty\/"},{"@type":"ListItem","position":3,"name":"Lampa kempingowa Superfire T56, 220lm"}]},{"@type":"WebSite","@id":"https:\/\/ironsky.pl\/sklep\/#website","url":"https:\/\/ironsky.pl\/sklep\/","name":"IRONSKY.PL Sklep z Dronami","description":"IRONSKY.PL Sklep z Dronami","potentialAction":[{"@type":"SearchAction","target":{"@type":"EntryPoint","urlTemplate":"https:\/\/ironsky.pl\/sklep\/?s={search_term_string}"},"query-input":{"@type":"PropertyValueSpecification","valueRequired":true,"valueName":"search_term_string"}}],"inLanguage":"pl-PL"}]}},"_links":{"self":[{"href":"https:\/\/ironsky.pl\/sklep\/wp-json\/wp\/v2\/product\/42392","targetHints":{"allow":["GET"]}}],"collection":[{"href":"https:\/\/ironsky.pl\/sklep\/wp-json\/wp\/v2\/product"}],"about":[{"href":"https:\/\/ironsky.pl\/sklep\/wp-json\/wp\/v2\/types\/product"}],"replies":[{"embeddable":true,"href":"https:\/\/ironsky.pl\/sklep\/wp-json\/wp\/v2\/comments?post=42392"}],"wp:featuredmedia":[{"embeddable":true,"href":"https:\/\/ironsky.pl\/sklep\/wp-json\/wp\/v2\/media\/42393"}],"wp:attachment":[{"href":"https:\/\/ironsky.pl\/sklep\/wp-json\/wp\/v2\/media?parent=42392"}],"wp:term":[{"taxonomy":"product_brand","embeddable":true,"href":"https:\/\/ironsky.pl\/sklep\/wp-json\/wp\/v2\/product_brand?post=42392"},{"taxonomy":"product_cat","embeddable":true,"href":"https:\/\/ironsky.pl\/sklep\/wp-json\/wp\/v2\/product_cat?post=42392"},{"taxonomy":"product_tag","embeddable":true,"href":"https:\/\/ironsky.pl\/sklep\/wp-json\/wp\/v2\/product_tag?post=42392"}],"curies":[{"name":"wp","href":"https:\/\/api.w.org\/{rel}","templated":true}]}}