{"id":42272,"date":"2025-06-13T14:49:35","date_gmt":"2025-06-13T12:49:35","guid":{"rendered":"https:\/\/ironsky.pl\/drony-sklep\/produkt\/torba-baseus-easyjourney-szara\/"},"modified":"2026-03-05T15:57:14","modified_gmt":"2026-03-05T14:57:14","slug":"torba-baseus-easyjourney-szara","status":"publish","type":"product","link":"https:\/\/ironsky.pl\/sklep\/produkt\/torba-baseus-easyjourney-szara\/","title":{"rendered":"Torba Baseus EasyJourney (szara)"},"content":{"rendered":"<h3>Torba Baseus EasyJourney (szara)<\/h3>\n<p>U\u0142atw sobie transport i przechowywanie drobnych urz\u0105dze\u0144, kabli czy kart pami\u0119ci. Torba Baseus EasyJourney wyr\u00f3\u017cnia si\u0119 du\u017c\u0105 pojemno\u015bci\u0105, a jednocze\u015bnie jest wyj\u0105tkowo lekka i \u0142atwa w przenoszeniu. Zosta\u0142a wykonana z wytrzyma\u0142ych, przyjemnych w dotyku materia\u0142\u00f3w, kt\u00f3re s\u0105 odporne na wod\u0119 i t\u0142uszcz. Dzi\u0119ki temu zapewni niezawodn\u0105 ochron\u0119 umieszczonym wewn\u0105trz przedmiotom!<\/p>\n<p><img decoding=\"async\" src=\"https:\/\/b2b.innpro.pl\/data\/include\/cms\/-Baseus\/LBJX010013\/7.jpg\"><\/p>\n<h3>Du\u017ca pojemno\u015b\u0107<\/h3>\n<p>Mimo niewielkich rozmiar\u00f3w torba zaskakuje spor\u0105 pojemno\u015bci\u0105. Bez problemu zmie\u015bcisz w niej na przyk\u0142ad kabel do \u0142adowania, powerbank, s\u0142uchawki TWS, mysz bezprzewodow\u0105, dysk USB i nie tylko! Teraz wszystko, czego potrzebujesz, mo\u017cesz mie\u0107 zawsze pod r\u0119k\u0105. Torba Baseus EasyJourney to idealne rozwi\u0105zanie na czas podr\u00f3\u017cy!<\/p>\n<p><img decoding=\"async\" src=\"https:\/\/b2b.innpro.pl\/data\/include\/cms\/-Baseus\/LBJX010013\/5.jpg\"><\/p>\n<h3>Lekka i por\u0119czna<\/h3>\n<p>Nie lubisz podr\u00f3\u017cowa\u0107 ze zbyt du\u017cym baga\u017cem? Torba Baseus EasyJourney b\u0119dzie dla Ciebie idealna! Produkt jest wyj\u0105tkowo lekki i kompaktowy \u2013 jego wymiary to zaledwie 17,5 x 6,5 x 11,5 cm. Co wi\u0119cej, jego przenoszenie u\u0142atwia praktyczny uchwyt. Z Baseus Twoje podr\u00f3\u017ce stan\u0105 si\u0119 jeszcze przyjemniejsze!<\/p>\n<p><img decoding=\"async\" src=\"https:\/\/b2b.innpro.pl\/data\/include\/cms\/-Baseus\/LBJX010013\/2.jpg\"><\/p>\n<h3>Najwy\u017csza jako\u015b\u0107 wykonania<\/h3>\n<p>Do wykonania torby zastosowano wysokiej jako\u015bci sk\u00f3r\u0119 PU, kt\u00f3ra wyr\u00f3\u017cnia si\u0119 odporno\u015bci\u0105 na wod\u0119 i t\u0142uszcz. Dzi\u0119ki temu masz pewno\u015b\u0107, \u017ce umieszczone w niej urz\u0105dzenia s\u0105 bezpieczne! Zachowanie jej w czysto\u015bci r\u00f3wnie\u017c nie sprawi Ci problemu. Co wi\u0119cej, torba zosta\u0142a bardzo dok\u0142adnie zszyta \u2013 bez lu\u017anych nitek. Wszystko to sprawia, \u017ce b\u0119dzie \u015bwietnie Ci s\u0142u\u017cy\u0107 przez d\u0142ugi czas!<\/p>\n<p><img decoding=\"async\" src=\"https:\/\/b2b.innpro.pl\/data\/include\/cms\/-Baseus\/LBJX010013\/3.jpg\"><\/p>\n<h3>Komfort u\u017cytkowania<\/h3>\n<p>Materia\u0142y, z kt\u00f3rych wykonano torb\u0119, s\u0105 nie tylko wyj\u0105tkowo wytrzyma\u0142e, ale te\u017c przyjemne w dotyku. Dzi\u0119ki temu korzystanie z niej staje si\u0119 jeszcze bardziej komfortowe! Produkt zosta\u0142 te\u017c wyposa\u017cony w wysokiej klasy zamek b\u0142yskawiczny, kt\u00f3ry umo\u017cliwia jego p\u0142ynne, szybkie otwieranie oraz zamykanie \u2013 nie obawiaj si\u0119, \u017ce b\u0119dzie si\u0119 zacina\u0107!<\/p>\n<p><img decoding=\"async\" src=\"https:\/\/b2b.innpro.pl\/data\/include\/cms\/-Baseus\/LBJX010013\/6.jpg\"><\/p>\n<div class=\"table-wrapper\">\n<table>\n<tbody>\n<tr>\n<th>Producent<\/th>\n<td>Baseus<\/td>\n<\/tr>\n<tr>\n<th>Nazwa<\/th>\n<td>EasyJourney Series Storage Bag<\/td>\n<\/tr>\n<tr>\n<th>Model<\/th>\n<td>LBJX010013<\/td>\n<\/tr>\n<tr>\n<th>Kolor<\/th>\n<td>Szary<\/td>\n<\/tr>\n<tr>\n<th>Materia\u0142<\/th>\n<td>Sk\u00f3ra PU<\/td>\n<\/tr>\n<tr>\n<th>Wymiary<\/th>\n<td>17,5 x 6,5 x 11,5 cm<\/td>\n<\/tr>\n<\/tbody>\n<\/table>\n<\/div>\n","protected":false},"excerpt":{"rendered":"<p>Torba Baseus EasyJourney (szara) U\u0142atw sobie transport i przechowywanie drobnych urz\u0105dze\u0144, kabli czy kart pami\u0119ci. Torba Baseus EasyJourney wyr\u00f3\u017cnia si\u0119<\/p>\n","protected":false},"featured_media":42273,"comment_status":"closed","ping_status":"open","template":"","meta":{"_acf_changed":false},"product_brand":[],"product_cat":[5929,5955],"product_tag":[],"class_list":{"0":"post-42272","1":"product","2":"type-product","3":"status-publish","4":"has-post-thumbnail","6":"product_cat-akcesoria-it","7":"product_cat-przenoszenie","8":"pa_okres-gwarancji-5777","9":"pa_producent-baseus","11":"first","12":"outofstock","13":"taxable","14":"shipping-taxable","15":"purchasable","16":"product-type-simple"},"acf":[],"yoast_head":"<!-- This site is optimized with the Yoast SEO plugin v27.2 - https:\/\/yoast.com\/product\/yoast-seo-wordpress\/ -->\n<title>Torba Baseus EasyJourney (szara) - IRONSKY.PL Sklep z Dronami<\/title>\n<meta name=\"description\" content=\"Torba Baseus EasyJourney (szara) - \u2705 sklep z dronami i fachowym doradztwem. \u2705 Tutaj kupisz produkty DJI, Yuneec, Parrot, Syma i wiele innych, a tak\u017ce kursy i licencje na operatora drona.\" \/>\n<meta name=\"robots\" content=\"index, follow, max-snippet:-1, max-image-preview:large, max-video-preview:-1\" \/>\n<link rel=\"canonical\" href=\"https:\/\/ironsky.pl\/sklep\/produkt\/torba-baseus-easyjourney-szara\/\" \/>\n<meta property=\"og:locale\" content=\"pl_PL\" \/>\n<meta property=\"og:type\" content=\"article\" \/>\n<meta property=\"og:title\" content=\"Torba Baseus EasyJourney (szara) - IRONSKY.PL Sklep z Dronami\" \/>\n<meta property=\"og:description\" content=\"Torba Baseus EasyJourney (szara) - \u2705 sklep z dronami i fachowym doradztwem. \u2705 Tutaj kupisz produkty DJI, Yuneec, Parrot, Syma i wiele innych, a tak\u017ce kursy i licencje na operatora drona.\" \/>\n<meta property=\"og:url\" content=\"https:\/\/ironsky.pl\/sklep\/produkt\/torba-baseus-easyjourney-szara\/\" \/>\n<meta property=\"og:site_name\" content=\"IRONSKY.PL Sklep z Dronami\" \/>\n<meta property=\"article:modified_time\" content=\"2026-03-05T14:57:14+00:00\" \/>\n<meta property=\"og:image\" content=\"https:\/\/ironsky.pl\/sklep\/wp-content\/uploads\/2025\/06\/27330_3.jpg\" \/>\n\t<meta property=\"og:image:width\" content=\"800\" \/>\n\t<meta property=\"og:image:height\" content=\"800\" \/>\n\t<meta property=\"og:image:type\" content=\"image\/jpeg\" \/>\n<meta name=\"twitter:card\" content=\"summary_large_image\" \/>\n<meta name=\"twitter:label1\" content=\"Szacowany czas czytania\" \/>\n\t<meta name=\"twitter:data1\" content=\"2 minuty\" \/>\n<script type=\"application\/ld+json\" class=\"yoast-schema-graph\">{\"@context\":\"https:\/\/schema.org\",\"@graph\":[{\"@type\":\"WebPage\",\"@id\":\"https:\/\/ironsky.pl\/sklep\/produkt\/torba-baseus-easyjourney-szara\/\",\"url\":\"https:\/\/ironsky.pl\/sklep\/produkt\/torba-baseus-easyjourney-szara\/\",\"name\":\"Torba Baseus EasyJourney (szara) - IRONSKY.PL Sklep z Dronami\",\"isPartOf\":{\"@id\":\"https:\/\/ironsky.pl\/sklep\/#website\"},\"primaryImageOfPage\":{\"@id\":\"https:\/\/ironsky.pl\/sklep\/produkt\/torba-baseus-easyjourney-szara\/#primaryimage\"},\"image\":{\"@id\":\"https:\/\/ironsky.pl\/sklep\/produkt\/torba-baseus-easyjourney-szara\/#primaryimage\"},\"thumbnailUrl\":\"https:\/\/ironsky.pl\/sklep\/wp-content\/uploads\/2025\/06\/27330_3.jpg\",\"datePublished\":\"2025-06-13T12:49:35+00:00\",\"dateModified\":\"2026-03-05T14:57:14+00:00\",\"description\":\"Torba Baseus EasyJourney (szara) - \u2705 sklep z dronami i fachowym doradztwem. \u2705 Tutaj kupisz produkty DJI, Yuneec, Parrot, Syma i wiele innych, a tak\u017ce kursy i licencje na operatora drona.\",\"breadcrumb\":{\"@id\":\"https:\/\/ironsky.pl\/sklep\/produkt\/torba-baseus-easyjourney-szara\/#breadcrumb\"},\"inLanguage\":\"pl-PL\",\"potentialAction\":[{\"@type\":\"ReadAction\",\"target\":[\"https:\/\/ironsky.pl\/sklep\/produkt\/torba-baseus-easyjourney-szara\/\"]}]},{\"@type\":\"ImageObject\",\"inLanguage\":\"pl-PL\",\"@id\":\"https:\/\/ironsky.pl\/sklep\/produkt\/torba-baseus-easyjourney-szara\/#primaryimage\",\"url\":\"https:\/\/ironsky.pl\/sklep\/wp-content\/uploads\/2025\/06\/27330_3.jpg\",\"contentUrl\":\"https:\/\/ironsky.pl\/sklep\/wp-content\/uploads\/2025\/06\/27330_3.jpg\",\"width\":800,\"height\":800},{\"@type\":\"BreadcrumbList\",\"@id\":\"https:\/\/ironsky.pl\/sklep\/produkt\/torba-baseus-easyjourney-szara\/#breadcrumb\",\"itemListElement\":[{\"@type\":\"ListItem\",\"position\":1,\"name\":\"Strona g\u0142\u00f3wna\",\"item\":\"https:\/\/ironsky.pl\/sklep\/\"},{\"@type\":\"ListItem\",\"position\":2,\"name\":\"Wszystkie produkty\",\"item\":\"https:\/\/ironsky.pl\/sklep\/produkty\/\"},{\"@type\":\"ListItem\",\"position\":3,\"name\":\"Torba Baseus EasyJourney (szara)\"}]},{\"@type\":\"WebSite\",\"@id\":\"https:\/\/ironsky.pl\/sklep\/#website\",\"url\":\"https:\/\/ironsky.pl\/sklep\/\",\"name\":\"IRONSKY.PL Sklep z Dronami\",\"description\":\"IRONSKY.PL Sklep z Dronami\",\"potentialAction\":[{\"@type\":\"SearchAction\",\"target\":{\"@type\":\"EntryPoint\",\"urlTemplate\":\"https:\/\/ironsky.pl\/sklep\/?s={search_term_string}\"},\"query-input\":{\"@type\":\"PropertyValueSpecification\",\"valueRequired\":true,\"valueName\":\"search_term_string\"}}],\"inLanguage\":\"pl-PL\"}]}<\/script>\n<!-- \/ Yoast SEO plugin. -->","yoast_head_json":{"title":"Torba Baseus EasyJourney (szara) - IRONSKY.PL Sklep z Dronami","description":"Torba Baseus EasyJourney (szara) - \u2705 sklep z dronami i fachowym doradztwem. \u2705 Tutaj kupisz produkty DJI, Yuneec, Parrot, Syma i wiele innych, a tak\u017ce kursy i licencje na operatora drona.","robots":{"index":"index","follow":"follow","max-snippet":"max-snippet:-1","max-image-preview":"max-image-preview:large","max-video-preview":"max-video-preview:-1"},"canonical":"https:\/\/ironsky.pl\/sklep\/produkt\/torba-baseus-easyjourney-szara\/","og_locale":"pl_PL","og_type":"article","og_title":"Torba Baseus EasyJourney (szara) - IRONSKY.PL Sklep z Dronami","og_description":"Torba Baseus EasyJourney (szara) - \u2705 sklep z dronami i fachowym doradztwem. \u2705 Tutaj kupisz produkty DJI, Yuneec, Parrot, Syma i wiele innych, a tak\u017ce kursy i licencje na operatora drona.","og_url":"https:\/\/ironsky.pl\/sklep\/produkt\/torba-baseus-easyjourney-szara\/","og_site_name":"IRONSKY.PL Sklep z Dronami","article_modified_time":"2026-03-05T14:57:14+00:00","og_image":[{"width":800,"height":800,"url":"https:\/\/ironsky.pl\/sklep\/wp-content\/uploads\/2025\/06\/27330_3.jpg","type":"image\/jpeg"}],"twitter_card":"summary_large_image","twitter_misc":{"Szacowany czas czytania":"2 minuty"},"schema":{"@context":"https:\/\/schema.org","@graph":[{"@type":"WebPage","@id":"https:\/\/ironsky.pl\/sklep\/produkt\/torba-baseus-easyjourney-szara\/","url":"https:\/\/ironsky.pl\/sklep\/produkt\/torba-baseus-easyjourney-szara\/","name":"Torba Baseus EasyJourney (szara) - IRONSKY.PL Sklep z Dronami","isPartOf":{"@id":"https:\/\/ironsky.pl\/sklep\/#website"},"primaryImageOfPage":{"@id":"https:\/\/ironsky.pl\/sklep\/produkt\/torba-baseus-easyjourney-szara\/#primaryimage"},"image":{"@id":"https:\/\/ironsky.pl\/sklep\/produkt\/torba-baseus-easyjourney-szara\/#primaryimage"},"thumbnailUrl":"https:\/\/ironsky.pl\/sklep\/wp-content\/uploads\/2025\/06\/27330_3.jpg","datePublished":"2025-06-13T12:49:35+00:00","dateModified":"2026-03-05T14:57:14+00:00","description":"Torba Baseus EasyJourney (szara) - \u2705 sklep z dronami i fachowym doradztwem. \u2705 Tutaj kupisz produkty DJI, Yuneec, Parrot, Syma i wiele innych, a tak\u017ce kursy i licencje na operatora drona.","breadcrumb":{"@id":"https:\/\/ironsky.pl\/sklep\/produkt\/torba-baseus-easyjourney-szara\/#breadcrumb"},"inLanguage":"pl-PL","potentialAction":[{"@type":"ReadAction","target":["https:\/\/ironsky.pl\/sklep\/produkt\/torba-baseus-easyjourney-szara\/"]}]},{"@type":"ImageObject","inLanguage":"pl-PL","@id":"https:\/\/ironsky.pl\/sklep\/produkt\/torba-baseus-easyjourney-szara\/#primaryimage","url":"https:\/\/ironsky.pl\/sklep\/wp-content\/uploads\/2025\/06\/27330_3.jpg","contentUrl":"https:\/\/ironsky.pl\/sklep\/wp-content\/uploads\/2025\/06\/27330_3.jpg","width":800,"height":800},{"@type":"BreadcrumbList","@id":"https:\/\/ironsky.pl\/sklep\/produkt\/torba-baseus-easyjourney-szara\/#breadcrumb","itemListElement":[{"@type":"ListItem","position":1,"name":"Strona g\u0142\u00f3wna","item":"https:\/\/ironsky.pl\/sklep\/"},{"@type":"ListItem","position":2,"name":"Wszystkie produkty","item":"https:\/\/ironsky.pl\/sklep\/produkty\/"},{"@type":"ListItem","position":3,"name":"Torba Baseus EasyJourney (szara)"}]},{"@type":"WebSite","@id":"https:\/\/ironsky.pl\/sklep\/#website","url":"https:\/\/ironsky.pl\/sklep\/","name":"IRONSKY.PL Sklep z Dronami","description":"IRONSKY.PL Sklep z Dronami","potentialAction":[{"@type":"SearchAction","target":{"@type":"EntryPoint","urlTemplate":"https:\/\/ironsky.pl\/sklep\/?s={search_term_string}"},"query-input":{"@type":"PropertyValueSpecification","valueRequired":true,"valueName":"search_term_string"}}],"inLanguage":"pl-PL"}]}},"_links":{"self":[{"href":"https:\/\/ironsky.pl\/sklep\/wp-json\/wp\/v2\/product\/42272","targetHints":{"allow":["GET"]}}],"collection":[{"href":"https:\/\/ironsky.pl\/sklep\/wp-json\/wp\/v2\/product"}],"about":[{"href":"https:\/\/ironsky.pl\/sklep\/wp-json\/wp\/v2\/types\/product"}],"replies":[{"embeddable":true,"href":"https:\/\/ironsky.pl\/sklep\/wp-json\/wp\/v2\/comments?post=42272"}],"wp:featuredmedia":[{"embeddable":true,"href":"https:\/\/ironsky.pl\/sklep\/wp-json\/wp\/v2\/media\/42273"}],"wp:attachment":[{"href":"https:\/\/ironsky.pl\/sklep\/wp-json\/wp\/v2\/media?parent=42272"}],"wp:term":[{"taxonomy":"product_brand","embeddable":true,"href":"https:\/\/ironsky.pl\/sklep\/wp-json\/wp\/v2\/product_brand?post=42272"},{"taxonomy":"product_cat","embeddable":true,"href":"https:\/\/ironsky.pl\/sklep\/wp-json\/wp\/v2\/product_cat?post=42272"},{"taxonomy":"product_tag","embeddable":true,"href":"https:\/\/ironsky.pl\/sklep\/wp-json\/wp\/v2\/product_tag?post=42272"}],"curies":[{"name":"wp","href":"https:\/\/api.w.org\/{rel}","templated":true}]}}